{"id":5150,"date":"2024-04-07T19:01:28","date_gmt":"2024-04-07T19:01:28","guid":{"rendered":"https:\/\/audiosupport.omsystem.com\/?post_type=product&#038;p=5150"},"modified":"2026-03-16T17:00:59","modified_gmt":"2026-03-16T17:00:59","slug":"odms-r8","status":"publish","type":"product","link":"https:\/\/audiosupport.omsystem.com\/fr\/product\/odms-r8\/","title":{"rendered":"ODMS R8"},"content":{"rendered":"<div class=\"ghostkit-grid ghostkit-grid-gap-md\"><div class=\"ghostkit-grid-inner\">\n<div class=\"ghostkit-col ghostkit-col-md-12 ghostkit-col-lg-6 ghostkit-col-3\"><div class=\"ghostkit-col-content is-layout-flow wp-block-ghostkit-grid-column-is-layout-flow\">\n<h3 class=\"wp-block-heading\" id=\"cpu\"><strong>Syst\u00e8mes d&#039;exploitation et configuration requise<\/strong><\/h3>\n\n\n\n<p><strong>Syst\u00e8me d&#039;exploitation client<\/strong><\/p>\n\n\n\n<ul class=\"wp-block-list\">\n<li>Windows 10\/11<\/li>\n<\/ul>\n\n\n\n<p><strong>Syst\u00e8me d&#039;exploitation du serveur<\/strong><\/p>\n\n\n\n<ul class=\"wp-block-list\">\n<li>Serveur Windows 2016\/2019\/2022<\/li>\n<\/ul>\n\n\n\n<h3 class=\"wp-block-heading\" id=\"cpu\"><strong>CPU<\/strong><\/h3>\n\n\n\n<p><strong>Syst\u00e8me d&#039;exploitation client<\/strong><\/p>\n\n\n\n<ul class=\"wp-block-list\">\n<li>2\u00a0GHz ou plus<br><sub>* C\u00e9libataire<br>processeur principal non pris en charge.<\/sub><\/li>\n<\/ul>\n\n\n\n<p><strong>Syst\u00e8me d&#039;exploitation du serveur<\/strong><\/p>\n\n\n\n<ul class=\"wp-block-list\">\n<li>2\u00a0GHz ou plus<\/li>\n<\/ul>\n\n\n\n<h3 class=\"wp-block-heading\" id=\"memory\"><strong>M\u00e9moire<\/strong><\/h3>\n\n\n\n<p><strong>Syst\u00e8me d&#039;exploitation client<\/strong><\/p>\n\n\n\n<ul class=\"wp-block-list\">\n<li>2 Go ou plus (Windows 10)<\/li>\n\n\n\n<li>4 Go ou plus (Windows 11)<\/li>\n<\/ul>\n\n\n\n<p><strong>Syst\u00e8me d&#039;exploitation du serveur<\/strong><\/p>\n\n\n\n<ul class=\"wp-block-list\">\n<li>2 Go ou plus (serveur Windows 2016\/2019\/2022)<br><sub>(La capacit\u00e9 doit \u00eatre<br>augment\u00e9 en fonction du nombre d&#039;utilisateurs qui utilisent en m\u00eame temps)<\/sub><\/li>\n<\/ul>\n\n\n\n<h3 class=\"wp-block-heading\" id=\"memory\"><strong>Espace disque dur<\/strong><\/h3>\n\n\n\n<ul class=\"wp-block-list\">\n<li>2 Go ou plus <br><sub>(L&#039;espace suppl\u00e9mentaire est<br>requis si .NET Framework 4.8 n&#039;est pas encore install\u00e9.)<\/sub><\/li>\n<\/ul>\n<\/div><\/div>\n\n\n\n<div class=\"ghostkit-col ghostkit-col-md-12 ghostkit-col-lg-6 ghostkit-col-3\"><div class=\"ghostkit-col-content is-layout-flow wp-block-ghostkit-grid-column-is-layout-flow\">\n<h3 class=\"wp-block-heading\" id=\"memory\"><strong>R\u00e9seau<\/strong><\/h3>\n\n\n\n<ul class=\"wp-block-list\">\n<li>Taux de transfert de 100\u00a0Mbit\/s ou plus, protocole r\u00e9seau TCP\/IP<\/li>\n<\/ul>\n\n\n\n<h3 class=\"wp-block-heading\" id=\"memory\"><strong>.NET Framework<\/strong><\/h3>\n\n\n\n<ul class=\"wp-block-list\">\n<li>.NET Framework 4.8 ou version ult\u00e9rieure<\/li>\n<\/ul>\n\n\n\n<h3 class=\"wp-block-heading\" id=\"display\"><strong>Affichage<\/strong><\/h3>\n\n\n\n<ul class=\"wp-block-list\">\n<li>R\u00e9solution de 1 024 x 768 pixels ou sup\u00e9rieure<\/li>\n\n\n\n<li>65\u00a0536 couleurs ou plus (16,77 millions de couleurs ou plus recommand\u00e9es)<\/li>\n<\/ul>\n\n\n\n<h3 class=\"wp-block-heading\" id=\"display\"><strong>Graphique<\/strong><\/h3>\n\n\n\n<ul class=\"wp-block-list\">\n<li>P\u00e9riph\u00e9rique graphique compatible DirectX 9 avec pilote WDDM 1.0 ou sup\u00e9rieur<\/li>\n<\/ul>\n\n\n\n<h3 class=\"wp-block-heading\" id=\"display\"><strong>USB<\/strong><\/h3>\n\n\n\n<ul class=\"wp-block-list\">\n<li>Avec le module de dict\u00e9e et le module de transcription : Un ou plusieurs ports USB disponibles<\/li>\n<\/ul>\n\n\n\n<h3 class=\"wp-block-heading\" id=\"display\"><strong>Son<\/strong><\/h3>\n\n\n\n<ul class=\"wp-block-list\">\n<li>Avec le module de dict\u00e9e et le module de transcription\u00a0: un p\u00e9riph\u00e9rique audio conforme Microsoft WDM ou MME et compatible Windows<\/li>\n<\/ul>\n\n\n\n<h3 class=\"wp-block-heading\" id=\"display\"><strong>Microsoft Office<\/strong><\/h3>\n\n\n\n<ul class=\"wp-block-list\">\n<li>Bureau 2016 \/ 2019 \/ 2021<\/li>\n\n\n\n<li>Bureau 365<\/li>\n<\/ul>\n\n\n\n<h3 class=\"wp-block-heading\" id=\"display\"><strong>Courriel Web<\/strong><\/h3>\n\n\n\n<ul class=\"wp-block-list\">\n<li>Outlook.com<\/li>\n\n\n\n<li>Google Mail<\/li>\n\n\n\n<li>Yahoo! Courrier<\/li>\n<\/ul>\n<\/div><\/div>\n\n\n\n<div class=\"ghostkit-col ghostkit-col-md-12 ghostkit-col-lg-6 ghostkit-col-3\"><div class=\"ghostkit-col-content is-layout-flow wp-block-ghostkit-grid-column-is-layout-flow\">\n<h3 class=\"wp-block-heading\" id=\"operating-systems-requirements\"><strong>Reconnaissance vocale (Dragon\u00ae)<\/strong><\/h3>\n\n\n\n<ul class=\"wp-block-list\">\n<li>Dragon Professionnel Individuel\/Groupe, v14<\/li>\n\n\n\n<li>Dragon Legal Individu\/Groupe, v14<\/li>\n\n\n\n<li>Dragon Professionnel Individuel\/Groupe, v15<\/li>\n\n\n\n<li>Dragon Legal Individu\/Groupe, v15<\/li>\n\n\n\n<li>Dragon Professionnel v16<\/li>\n\n\n\n<li>Dragon L\u00e9gal v16<\/li>\n<\/ul>\n\n\n\n<p><strong>Noter:<\/strong><\/p>\n\n\n\n<ul class=\"wp-block-list is-style-styled\">\n<li>ODMS ne prend officiellement en charge aucune autre version\/\u00e9dition que celle r\u00e9pertori\u00e9e ci-dessus.<\/li>\n\n\n\n<li>ODMS prend en charge toutes les langues prises en charge par le logiciel de reconnaissance vocale Dragon. Pour correspondre \u00e0 la langue de Dragon et \u00e0 la langue Windows, un param\u00e8tre de langue est requis<\/li>\n\n\n\n<li>Les fonctions de reconnaissance vocale sont prises en charge lorsque ODMS est utilis\u00e9 dans un environnement virtuel. Pour plus de d\u00e9tails, veuillez contacter l&#039;assistance Nuance.<\/li>\n<\/ul>\n\n\n\n<h3 class=\"wp-block-heading\" id=\"operating-systems-requirements\"><strong>Langues prises en charge<\/strong><\/h3>\n\n\n\n<ul class=\"wp-block-list\">\n<li>Anglais, fran\u00e7ais, allemand, espagnol, russe, su\u00e9dois, tch\u00e8que<\/li>\n<\/ul>\n<\/div><\/div>\n\n\n\n<div class=\"ghostkit-col ghostkit-col-md-12 ghostkit-col-lg-6 ghostkit-col-3\"><div class=\"ghostkit-col-content is-layout-flow wp-block-ghostkit-grid-column-is-layout-flow\">\n<h3 class=\"wp-block-heading\" id=\"supported-virtual-environment-platforms\"><strong>Environnements virtuels (logiciel ODMS fonctionnant sur le syst\u00e8me d&#039;exploitation du serveur)<\/strong><\/h3>\n\n\n\n<p><strong>Virtualisation<br>Logiciel\u00a0: (pris en charge sur le syst\u00e8me d&#039;exploitation du serveur)<\/strong><\/p>\n\n\n\n<ul class=\"wp-block-list\">\n<li>Service de bureau \u00e0 distance (service de terminal Windows), application \u00e0 distance<\/li>\n\n\n\n<li>Citrix XenApp 7 \u2013 7.2402<\/li>\n\n\n\n<li>Citrix XenDesktop 7 \u2013 7.2402<\/li>\n\n\n\n<li>VMware Horizon 7 \u2013 8.2312<\/li>\n\n\n\n<li>Bureau virtuel Azure<\/li>\n<\/ul>\n\n\n\n<p><strong>Syst\u00e8me d&#039;exploitation de bureau virtuel\u00a0:<\/strong><\/p>\n\n\n\n<ul class=\"wp-block-list\">\n<li>Windows 10\/11<\/li>\n\n\n\n<li>Serveur Windows 2016\/2019\/2022<\/li>\n<\/ul>\n\n\n\n<p><strong>Client<br>Syst\u00e8me op\u00e9rateur:<\/strong><\/p>\n\n\n\n<ul class=\"wp-block-list\">\n<li>Windows 10 \/ 11<\/li>\n<\/ul>\n\n\n\n<p><strong>Noter:<\/strong><\/p>\n\n\n\n<ul class=\"wp-block-list is-style-styled\">\n<li>L\u2019utilisation des environnements virtuels Citrix n\u00e9cessite une licence utilisateur Citrix distincte.<\/li>\n\n\n\n<li>L\u2019utilisation du service Bureau \u00e0 distance ou de l\u2019application \u00e0 distance n\u00e9cessite une licence CAL RDS distincte.<\/li>\n\n\n\n<li>Les connexions \u00e0 distance via les applications du Microsoft Store ne sont pas prises en charge.<\/li>\n\n\n\n<li>L&#039;utilisation de VMware View n\u00e9cessite une licence utilisateur VMware View distincte<\/li>\n<\/ul>\n<\/div><\/div>\n<\/div><\/div>","protected":false},"featured_media":5159,"template":"","meta":{"ghostkit_customizer_options":"","ghostkit_custom_css":"","ghostkit_custom_js_head":"","ghostkit_custom_js_foot":"","ghostkit_typography":""},"product_category":[38],"class_list":["post-5150","product","type-product","status-publish","has-post-thumbnail","hentry","product_category-software"],"yoast_head":"<!-- This site is optimized with the Yoast SEO plugin v27.4 - https:\/\/yoast.com\/product\/yoast-seo-wordpress\/ -->\n<title>ODMS R8 - Professional Audio Support<\/title>\n<meta name=\"robots\" content=\"index, follow, max-snippet:-1, max-image-preview:large, max-video-preview:-1\" \/>\n<link rel=\"canonical\" href=\"https:\/\/audiosupport.omsystem.com\/fr\/product\/odms-r8\/\" \/>\n<meta property=\"og:locale\" content=\"fr_FR\" \/>\n<meta property=\"og:type\" content=\"article\" \/>\n<meta property=\"og:title\" content=\"ODMS R8 - Professional Audio Support\" \/>\n<meta property=\"og:url\" content=\"https:\/\/audiosupport.omsystem.com\/fr\/product\/odms-r8\/\" \/>\n<meta property=\"og:site_name\" content=\"Professional Audio Support\" \/>\n<meta property=\"article:modified_time\" content=\"2026-03-16T17:00:59+00:00\" \/>\n<meta property=\"og:image\" content=\"https:\/\/audiosupport.omsystem.com\/wp-content\/uploads\/2024\/04\/R8-white.jpg\" \/>\n\t<meta property=\"og:image:width\" content=\"1906\" \/>\n\t<meta property=\"og:image:height\" content=\"1920\" \/>\n\t<meta property=\"og:image:type\" content=\"image\/jpeg\" \/>\n<meta name=\"twitter:card\" content=\"summary_large_image\" \/>\n<meta name=\"twitter:label1\" content=\"Dur\u00e9e de lecture estim\u00e9e\" \/>\n\t<meta name=\"twitter:data1\" content=\"2 minutes\" \/>\n<script type=\"application\/ld+json\" class=\"yoast-schema-graph\">{\"@context\":\"https:\\\/\\\/schema.org\",\"@graph\":[{\"@type\":\"WebPage\",\"@id\":\"https:\\\/\\\/audiosupport.omsystem.com\\\/product\\\/odms-r8\\\/\",\"url\":\"https:\\\/\\\/audiosupport.omsystem.com\\\/product\\\/odms-r8\\\/\",\"name\":\"ODMS R8 - Professional Audio Support\",\"isPartOf\":{\"@id\":\"https:\\\/\\\/audiosupport.omsystem.com\\\/en\\\/#website\"},\"primaryImageOfPage\":{\"@id\":\"https:\\\/\\\/audiosupport.omsystem.com\\\/product\\\/odms-r8\\\/#primaryimage\"},\"image\":{\"@id\":\"https:\\\/\\\/audiosupport.omsystem.com\\\/product\\\/odms-r8\\\/#primaryimage\"},\"thumbnailUrl\":\"https:\\\/\\\/audiosupport.omsystem.com\\\/wp-content\\\/uploads\\\/2024\\\/04\\\/R8-white.jpg\",\"datePublished\":\"2024-04-07T19:01:28+00:00\",\"dateModified\":\"2026-03-16T17:00:59+00:00\",\"breadcrumb\":{\"@id\":\"https:\\\/\\\/audiosupport.omsystem.com\\\/product\\\/odms-r8\\\/#breadcrumb\"},\"inLanguage\":\"fr-FR\",\"potentialAction\":[{\"@type\":\"ReadAction\",\"target\":[\"https:\\\/\\\/audiosupport.omsystem.com\\\/product\\\/odms-r8\\\/\"]}]},{\"@type\":\"ImageObject\",\"inLanguage\":\"fr-FR\",\"@id\":\"https:\\\/\\\/audiosupport.omsystem.com\\\/product\\\/odms-r8\\\/#primaryimage\",\"url\":\"https:\\\/\\\/audiosupport.omsystem.com\\\/wp-content\\\/uploads\\\/2024\\\/04\\\/R8-white.jpg\",\"contentUrl\":\"https:\\\/\\\/audiosupport.omsystem.com\\\/wp-content\\\/uploads\\\/2024\\\/04\\\/R8-white.jpg\",\"width\":1906,\"height\":1920},{\"@type\":\"BreadcrumbList\",\"@id\":\"https:\\\/\\\/audiosupport.omsystem.com\\\/product\\\/odms-r8\\\/#breadcrumb\",\"itemListElement\":[{\"@type\":\"ListItem\",\"position\":1,\"name\":\"Home\",\"item\":\"https:\\\/\\\/audiosupport.omsystem.com\\\/\"},{\"@type\":\"ListItem\",\"position\":2,\"name\":\"ODMS R8\"}]},{\"@type\":\"WebSite\",\"@id\":\"https:\\\/\\\/audiosupport.omsystem.com\\\/en\\\/#website\",\"url\":\"https:\\\/\\\/audiosupport.omsystem.com\\\/en\\\/\",\"name\":\"Professional Audio Support\",\"description\":\"OM Digital Solutions\",\"potentialAction\":[{\"@type\":\"SearchAction\",\"target\":{\"@type\":\"EntryPoint\",\"urlTemplate\":\"https:\\\/\\\/audiosupport.omsystem.com\\\/en\\\/?s={search_term_string}\"},\"query-input\":{\"@type\":\"PropertyValueSpecification\",\"valueRequired\":true,\"valueName\":\"search_term_string\"}}],\"inLanguage\":\"fr-FR\"}]}<\/script>\n<!-- \/ Yoast SEO plugin. -->","yoast_head_json":{"title":"ODMS R8 - Support audio professionnel","robots":{"index":"index","follow":"follow","max-snippet":"max-snippet:-1","max-image-preview":"max-image-preview:large","max-video-preview":"max-video-preview:-1"},"canonical":"https:\/\/audiosupport.omsystem.com\/fr\/product\/odms-r8\/","og_locale":"fr_FR","og_type":"article","og_title":"ODMS R8 - Professional Audio Support","og_url":"https:\/\/audiosupport.omsystem.com\/fr\/product\/odms-r8\/","og_site_name":"Professional Audio Support","article_modified_time":"2026-03-16T17:00:59+00:00","og_image":[{"width":1906,"height":1920,"url":"https:\/\/audiosupport.omsystem.com\/wp-content\/uploads\/2024\/04\/R8-white.jpg","type":"image\/jpeg"}],"twitter_card":"summary_large_image","twitter_misc":{"Dur\u00e9e de lecture estim\u00e9e":"2 minutes"},"schema":{"@context":"https:\/\/schema.org","@graph":[{"@type":"WebPage","@id":"https:\/\/audiosupport.omsystem.com\/product\/odms-r8\/","url":"https:\/\/audiosupport.omsystem.com\/product\/odms-r8\/","name":"ODMS R8 - Support audio professionnel","isPartOf":{"@id":"https:\/\/audiosupport.omsystem.com\/en\/#website"},"primaryImageOfPage":{"@id":"https:\/\/audiosupport.omsystem.com\/product\/odms-r8\/#primaryimage"},"image":{"@id":"https:\/\/audiosupport.omsystem.com\/product\/odms-r8\/#primaryimage"},"thumbnailUrl":"https:\/\/audiosupport.omsystem.com\/wp-content\/uploads\/2024\/04\/R8-white.jpg","datePublished":"2024-04-07T19:01:28+00:00","dateModified":"2026-03-16T17:00:59+00:00","breadcrumb":{"@id":"https:\/\/audiosupport.omsystem.com\/product\/odms-r8\/#breadcrumb"},"inLanguage":"fr-FR","potentialAction":[{"@type":"ReadAction","target":["https:\/\/audiosupport.omsystem.com\/product\/odms-r8\/"]}]},{"@type":"ImageObject","inLanguage":"fr-FR","@id":"https:\/\/audiosupport.omsystem.com\/product\/odms-r8\/#primaryimage","url":"https:\/\/audiosupport.omsystem.com\/wp-content\/uploads\/2024\/04\/R8-white.jpg","contentUrl":"https:\/\/audiosupport.omsystem.com\/wp-content\/uploads\/2024\/04\/R8-white.jpg","width":1906,"height":1920},{"@type":"BreadcrumbList","@id":"https:\/\/audiosupport.omsystem.com\/product\/odms-r8\/#breadcrumb","itemListElement":[{"@type":"ListItem","position":1,"name":"Home","item":"https:\/\/audiosupport.omsystem.com\/"},{"@type":"ListItem","position":2,"name":"ODMS R8"}]},{"@type":"WebSite","@id":"https:\/\/audiosupport.omsystem.com\/en\/#website","url":"https:\/\/audiosupport.omsystem.com\/en\/","name":"Assistance audio professionnelle","description":"Solutions num\u00e9riques OM","potentialAction":[{"@type":"SearchAction","target":{"@type":"EntryPoint","urlTemplate":"https:\/\/audiosupport.omsystem.com\/en\/?s={search_term_string}"},"query-input":{"@type":"PropertyValueSpecification","valueRequired":true,"valueName":"search_term_string"}}],"inLanguage":"fr-FR"}]}},"_links":{"self":[{"href":"https:\/\/audiosupport.omsystem.com\/fr\/wp-json\/wp\/v2\/product\/5150","targetHints":{"allow":["GET"]}}],"collection":[{"href":"https:\/\/audiosupport.omsystem.com\/fr\/wp-json\/wp\/v2\/product"}],"about":[{"href":"https:\/\/audiosupport.omsystem.com\/fr\/wp-json\/wp\/v2\/types\/product"}],"wp:featuredmedia":[{"embeddable":true,"href":"https:\/\/audiosupport.omsystem.com\/fr\/wp-json\/wp\/v2\/media\/5159"}],"wp:attachment":[{"href":"https:\/\/audiosupport.omsystem.com\/fr\/wp-json\/wp\/v2\/media?parent=5150"}],"wp:term":[{"taxonomy":"product_category","embeddable":true,"href":"https:\/\/audiosupport.omsystem.com\/fr\/wp-json\/wp\/v2\/product_category?post=5150"}],"curies":[{"name":"wp","href":"https:\/\/api.w.org\/{rel}","templated":true}]}}