{"id":192,"date":"2021-11-30T23:19:30","date_gmt":"2021-11-30T23:19:30","guid":{"rendered":"https:\/\/olympus2.gliffen.com\/~opdsupport\/?post_type=product&#038;p=192"},"modified":"2022-01-17T16:24:34","modified_gmt":"2022-01-17T16:24:34","slug":"as-2400","status":"publish","type":"product","link":"https:\/\/audiosupport.omsystem.com\/fr\/product\/as-2400\/","title":{"rendered":"Trousse de transcription AS-2400"},"content":{"rendered":"<div class=\"ghostkit-grid ghostkit-grid-gap-md\"><div class=\"ghostkit-grid-inner\">\n<div class=\"ghostkit-col ghostkit-col-md-12 ghostkit-col-lg-6 ghostkit-col-3\"><div class=\"ghostkit-col-content is-layout-flow wp-block-ghostkit-grid-column-is-layout-flow\">\n<h3 class=\"wp-block-heading\">Domaine d&#039;application recommand\u00e9<\/h3>\n\n\n\n<p><strong>Application<\/strong><\/p>\n\n\n\n<ul class=\"wp-block-list\"><li>Transcription<\/li><\/ul>\n<\/div><\/div>\n\n\n\n<div class=\"ghostkit-col ghostkit-col-md-12 ghostkit-col-lg-6 ghostkit-col-3\"><div class=\"ghostkit-col-content is-layout-flow wp-block-ghostkit-grid-column-is-layout-flow\">\n<h3 class=\"wp-block-heading\">Manette<\/h3>\n\n\n\n<p><strong>Mod\u00e8le<\/strong><\/p>\n\n\n\n<ul class=\"wp-block-list\"><li>P\u00e9dale \u00e0 3 boutons<\/li><\/ul>\n\n\n\n<p><strong>Nombre de contr\u00f4les<\/strong><\/p>\n\n\n\n<ul class=\"wp-block-list\"><li>3 p\u00e9dales<\/li><\/ul>\n\n\n\n<p><strong>Commandes configurables<\/strong><\/p>\n\n\n\n<ul class=\"wp-block-list\"><li>Disponible<\/li><\/ul>\n\n\n\n<p><strong>P\u00e9dales verrouillables<\/strong><\/p>\n\n\n\n<ul class=\"wp-block-list\"><li>Non<\/li><\/ul>\n\n\n\n<p><strong>Tapis antid\u00e9rapant<\/strong><\/p>\n\n\n\n<ul class=\"wp-block-list\"><li>Disponible<\/li><\/ul>\n\n\n\n<p><strong>Connectivit\u00e9<\/strong><\/p>\n\n\n\n<ul class=\"wp-block-list\"><li>Prise USB<\/li><\/ul>\n\n\n\n<p><strong>Longueur de c\u00e2ble<\/strong><\/p>\n\n\n\n<ul class=\"wp-block-list\"><li>1,8 m<\/li><\/ul>\n<\/div><\/div>\n\n\n\n<div class=\"ghostkit-col ghostkit-col-md-12 ghostkit-col-lg-6 ghostkit-col-3\"><div class=\"ghostkit-col-content is-layout-flow wp-block-ghostkit-grid-column-is-layout-flow\">\n<h3 class=\"wp-block-heading\">casque de musique<\/h3>\n\n\n\n<p><strong>Mod\u00e8le<\/strong><\/p>\n\n\n\n<ul class=\"wp-block-list\"><li>E103 (Consultez le site Web du produit pour plus de d\u00e9tails)<\/li><\/ul>\n\n\n\n<p><strong>Style de port<\/strong><\/p>\n\n\n\n<ul class=\"wp-block-list\"><li>Sous le menton<\/li><\/ul>\n\n\n\n<p><strong>Longueur de c\u00e2ble<\/strong><\/p>\n\n\n\n<ul class=\"wp-block-list\"><li>3m<\/li><\/ul>\n\n\n\n<p><strong>Mono \/ St\u00e9r\u00e9o<\/strong><\/p>\n\n\n\n<ul class=\"wp-block-list\"><li>St\u00e9r\u00e9o<\/li><\/ul>\n\n\n\n<p><strong>Connecteur<\/strong><\/p>\n\n\n\n<ul class=\"wp-block-list\"><li>3,5\u00a0mm, st\u00e9r\u00e9o, \u00e0 angle droit<\/li><\/ul>\n\n\n\n<p><strong>Finition du connecteur<\/strong><\/p>\n\n\n\n<ul class=\"wp-block-list\"><li>Nickelage<\/li><\/ul>\n\n\n\n<p><strong>Poids<\/strong><\/p>\n\n\n\n<ul class=\"wp-block-list\"><li>25g<\/li><\/ul>\n\n\n\n<p><strong>Imp\u00e9dance<\/strong><\/p>\n\n\n\n<ul class=\"wp-block-list\"><li>21\u03a9<\/li><\/ul>\n\n\n\n<p><strong>Max. sortie de travail<\/strong><\/p>\n\n\n\n<ul class=\"wp-block-list\"><li>20mW<\/li><\/ul>\n\n\n\n<p><strong>Sensibilit\u00e9<\/strong><\/p>\n\n\n\n<ul class=\"wp-block-list\"><li>108dB<\/li><\/ul>\n\n\n\n<p><strong>Fr\u00e9quence de r\u00e9ponse<\/strong><\/p>\n\n\n\n<ul class=\"wp-block-list\"><li>100 \u2013 10000 Hz<\/li><\/ul>\n<\/div><\/div>\n\n\n\n<div class=\"ghostkit-col ghostkit-col-md-12 ghostkit-col-lg-6 ghostkit-col-3\"><div class=\"ghostkit-col-content is-layout-flow wp-block-ghostkit-grid-column-is-layout-flow\">\n<h3 class=\"wp-block-heading\">Logiciel de transcription<\/h3>\n\n\n\n<p><strong>Lecteur audio professionnel<\/strong><\/p>\n\n\n\n<ul class=\"wp-block-list\"><li>Disponible<\/li><\/ul>\n\n\n\n<p><strong>Configuration individuelle de la p\u00e9dale<\/strong><\/p>\n\n\n\n<ul class=\"wp-block-list\"><li>Disponible<\/li><\/ul>\n\n\n\n<p><strong>Vitesse de lecture variable<\/strong><\/p>\n\n\n\n<ul class=\"wp-block-list\"><li>0,5 \u2013 2 \u00d7<\/li><\/ul>\n\n\n\n<p><strong>Annulation du bruit<\/strong><\/p>\n\n\n\n<ul class=\"wp-block-list\"><li>Disponible<\/li><\/ul>\n\n\n\n<p><strong>Contr\u00f4le de tonalit\u00e9<\/strong><\/p>\n\n\n\n<ul class=\"wp-block-list\"><li>Disponible<\/li><\/ul>\n\n\n\n<p><strong>Contr\u00f4le de l&#039;indicateur de niveau<\/strong><\/p>\n\n\n\n<ul class=\"wp-block-list\"><li>Disponible<\/li><\/ul>\n\n\n\n<p><strong>Vitesse d&#039;enregistrement variable<\/strong><\/p>\n\n\n\n<ul class=\"wp-block-list\"><li>1- 50x (en 4 \u00e9tapes)<\/li><\/ul>\n\n\n\n<p><strong>Retour arri\u00e8re automatique<\/strong><\/p>\n\n\n\n<ul class=\"wp-block-list\"><li>0- 5s<\/li><\/ul>\n\n\n\n<p><strong>Barre de transcription<\/strong><\/p>\n\n\n\n<ul class=\"wp-block-list\"><li>Mini \/ Standard<\/li><\/ul>\n\n\n\n<p><strong>Codecs audio<\/strong><\/p>\n\n\n\n<ul class=\"wp-block-list\"><li>DSS Pro \/ DSS \/ WAV \/ WMA \/ MP3<\/li><\/ul>\n\n\n\n<p><strong>Lecture de fichiers DSS Pro crypt\u00e9s<\/strong><\/p>\n\n\n\n<ul class=\"wp-block-list\"><li>Non<\/li><\/ul>\n\n\n\n<p><strong>Flux de travail de dict\u00e9e via<\/strong><\/p>\n\n\n\n<ul class=\"wp-block-list\"><li>Dossier partag\u00e9 en LAN<\/li><li>Glisser-d\u00e9poser depuis un e-mail<\/li><\/ul>\n\n\n\n<p><strong>Param\u00e8tres de messagerie<\/strong><\/p>\n\n\n\n<p>Non<\/p>\n\n\n\n<p><strong>Fonctions de tri dans l&#039;affichage de la liste des dict\u00e9es<\/strong><\/p>\n\n\n\n<ul class=\"wp-block-list\"><li>Couleurs individuelles pour diff\u00e9rents statuts<\/li><li>Trier (croissant\/ d\u00e9croissant)<\/li><\/ul>\n\n\n\n<p><strong>Dossiers de t\u00e9l\u00e9chargement de dict\u00e9e<\/strong><\/p>\n\n\n\n<ul class=\"wp-block-list\"><li>1 \u2013 7<\/li><\/ul>\n\n\n\n<p><strong>Acheminement des dict\u00e9es \/ r\u00e8gles de workflow<\/strong><\/p>\n\n\n\n<ul class=\"wp-block-list\"><li>Non<\/li><\/ul>\n\n\n\n<p><strong>Fonction d&#039;enregistrement<\/strong><\/p>\n\n\n\n<ul class=\"wp-block-list\"><li>Non<\/li><\/ul>\n\n\n\n<p><strong>Dict\u00e9e fractionn\u00e9e<\/strong><\/p>\n\n\n\n<ul class=\"wp-block-list\"><li>Disponible<\/li><\/ul>\n\n\n\n<p><strong>Assistant d&#039;installation<\/strong><\/p>\n\n\n\n<ul class=\"wp-block-list\"><li>Non<\/li><\/ul>\n<\/div><\/div>\n<\/div><\/div>\n\n\n\n<h3 class=\"wp-block-heading\">Contenu de la bo\u00eete<\/h3>\n\n\n\n<ul class=\"wp-block-list\"><li>&nbsp;P\u00e9dale USB RS28H avec 3 p\u00e9dales<\/li><li>&nbsp;E103 Casque sous le menton<\/li><li>&nbsp;Licence standard DSS Player (Mac et PC) \u2013 Module de transcription<\/li><li>&nbsp;Logiciel \u00e0 t\u00e9l\u00e9charger sur le site Olympus<\/li><li>&nbsp;Adaptateur USB KP13<\/li><li>&nbsp;Manuel d&#039;instructions<\/li><\/ul>","protected":false},"featured_media":193,"template":"","meta":{"ghostkit_customizer_options":"","ghostkit_custom_css":"","ghostkit_custom_js_head":"","ghostkit_custom_js_foot":"","ghostkit_typography":""},"product_category":[39],"class_list":["post-192","product","type-product","status-publish","has-post-thumbnail","hentry","product_category-transcription"],"yoast_head":"<!-- This site is optimized with the Yoast SEO plugin v27.3 - https:\/\/yoast.com\/product\/yoast-seo-wordpress\/ -->\n<title>AS-2400 Transcription Kit - Professional Audio Support<\/title>\n<meta name=\"robots\" content=\"index, follow, max-snippet:-1, max-image-preview:large, max-video-preview:-1\" \/>\n<link rel=\"canonical\" href=\"https:\/\/audiosupport.omsystem.com\/fr\/product\/as-2400\/\" \/>\n<meta property=\"og:locale\" content=\"fr_FR\" \/>\n<meta property=\"og:type\" content=\"article\" \/>\n<meta property=\"og:title\" content=\"AS-2400 Transcription Kit - Professional Audio Support\" \/>\n<meta property=\"og:description\" content=\"Box Contents &nbsp;RS28H USB Foot Pedal with 3 pedals &nbsp;E103 Under-the-chin head phone &nbsp;DSS Player Standard License (Mac &amp; PC) &#8211; Transcription Module &nbsp;Software to be downloaded from Olympus website &nbsp;KP13 USB Adapter &nbsp;Instruction Manual\" \/>\n<meta property=\"og:url\" content=\"https:\/\/audiosupport.omsystem.com\/fr\/product\/as-2400\/\" \/>\n<meta property=\"og:site_name\" content=\"Professional Audio Support\" \/>\n<meta property=\"article:modified_time\" content=\"2022-01-17T16:24:34+00:00\" \/>\n<meta property=\"og:image\" content=\"https:\/\/audiosupport.omsystem.com\/wp-content\/uploads\/2021\/11\/as2400.jpgFORWEB.jpg\" \/>\n\t<meta property=\"og:image:width\" content=\"500\" \/>\n\t<meta property=\"og:image:height\" content=\"342\" \/>\n\t<meta property=\"og:image:type\" content=\"image\/jpeg\" \/>\n<meta name=\"twitter:card\" content=\"summary_large_image\" \/>\n<meta name=\"twitter:label1\" content=\"Dur\u00e9e de lecture estim\u00e9e\" \/>\n\t<meta name=\"twitter:data1\" content=\"1 minute\" \/>\n<script type=\"application\/ld+json\" class=\"yoast-schema-graph\">{\"@context\":\"https:\\\/\\\/schema.org\",\"@graph\":[{\"@type\":\"WebPage\",\"@id\":\"https:\\\/\\\/audiosupport.omsystem.com\\\/product\\\/as-2400\\\/\",\"url\":\"https:\\\/\\\/audiosupport.omsystem.com\\\/product\\\/as-2400\\\/\",\"name\":\"AS-2400 Transcription Kit - Professional Audio Support\",\"isPartOf\":{\"@id\":\"https:\\\/\\\/audiosupport.omsystem.com\\\/en\\\/#website\"},\"primaryImageOfPage\":{\"@id\":\"https:\\\/\\\/audiosupport.omsystem.com\\\/product\\\/as-2400\\\/#primaryimage\"},\"image\":{\"@id\":\"https:\\\/\\\/audiosupport.omsystem.com\\\/product\\\/as-2400\\\/#primaryimage\"},\"thumbnailUrl\":\"https:\\\/\\\/audiosupport.omsystem.com\\\/wp-content\\\/uploads\\\/2021\\\/11\\\/as2400.jpgFORWEB.jpg\",\"datePublished\":\"2021-11-30T23:19:30+00:00\",\"dateModified\":\"2022-01-17T16:24:34+00:00\",\"breadcrumb\":{\"@id\":\"https:\\\/\\\/audiosupport.omsystem.com\\\/product\\\/as-2400\\\/#breadcrumb\"},\"inLanguage\":\"fr-FR\",\"potentialAction\":[{\"@type\":\"ReadAction\",\"target\":[\"https:\\\/\\\/audiosupport.omsystem.com\\\/product\\\/as-2400\\\/\"]}]},{\"@type\":\"ImageObject\",\"inLanguage\":\"fr-FR\",\"@id\":\"https:\\\/\\\/audiosupport.omsystem.com\\\/product\\\/as-2400\\\/#primaryimage\",\"url\":\"https:\\\/\\\/audiosupport.omsystem.com\\\/wp-content\\\/uploads\\\/2021\\\/11\\\/as2400.jpgFORWEB.jpg\",\"contentUrl\":\"https:\\\/\\\/audiosupport.omsystem.com\\\/wp-content\\\/uploads\\\/2021\\\/11\\\/as2400.jpgFORWEB.jpg\",\"width\":500,\"height\":342},{\"@type\":\"BreadcrumbList\",\"@id\":\"https:\\\/\\\/audiosupport.omsystem.com\\\/product\\\/as-2400\\\/#breadcrumb\",\"itemListElement\":[{\"@type\":\"ListItem\",\"position\":1,\"name\":\"Home\",\"item\":\"https:\\\/\\\/audiosupport.omsystem.com\\\/\"},{\"@type\":\"ListItem\",\"position\":2,\"name\":\"AS-2400 Transcription Kit\"}]},{\"@type\":\"WebSite\",\"@id\":\"https:\\\/\\\/audiosupport.omsystem.com\\\/en\\\/#website\",\"url\":\"https:\\\/\\\/audiosupport.omsystem.com\\\/en\\\/\",\"name\":\"Professional Audio Support\",\"description\":\"OM Digital Solutions\",\"potentialAction\":[{\"@type\":\"SearchAction\",\"target\":{\"@type\":\"EntryPoint\",\"urlTemplate\":\"https:\\\/\\\/audiosupport.omsystem.com\\\/en\\\/?s={search_term_string}\"},\"query-input\":{\"@type\":\"PropertyValueSpecification\",\"valueRequired\":true,\"valueName\":\"search_term_string\"}}],\"inLanguage\":\"fr-FR\"}]}<\/script>\n<!-- \/ Yoast SEO plugin. -->","yoast_head_json":{"title":"Kit de transcription AS-2400 - Support audio professionnel","robots":{"index":"index","follow":"follow","max-snippet":"max-snippet:-1","max-image-preview":"max-image-preview:large","max-video-preview":"max-video-preview:-1"},"canonical":"https:\/\/audiosupport.omsystem.com\/fr\/product\/as-2400\/","og_locale":"fr_FR","og_type":"article","og_title":"AS-2400 Transcription Kit - Professional Audio Support","og_description":"Box Contents &nbsp;RS28H USB Foot Pedal with 3 pedals &nbsp;E103 Under-the-chin head phone &nbsp;DSS Player Standard License (Mac &amp; PC) &#8211; Transcription Module &nbsp;Software to be downloaded from Olympus website &nbsp;KP13 USB Adapter &nbsp;Instruction Manual","og_url":"https:\/\/audiosupport.omsystem.com\/fr\/product\/as-2400\/","og_site_name":"Professional Audio Support","article_modified_time":"2022-01-17T16:24:34+00:00","og_image":[{"width":500,"height":342,"url":"https:\/\/audiosupport.omsystem.com\/wp-content\/uploads\/2021\/11\/as2400.jpgFORWEB.jpg","type":"image\/jpeg"}],"twitter_card":"summary_large_image","twitter_misc":{"Dur\u00e9e de lecture estim\u00e9e":"1 minute"},"schema":{"@context":"https:\/\/schema.org","@graph":[{"@type":"WebPage","@id":"https:\/\/audiosupport.omsystem.com\/product\/as-2400\/","url":"https:\/\/audiosupport.omsystem.com\/product\/as-2400\/","name":"Kit de transcription AS-2400 - Support audio professionnel","isPartOf":{"@id":"https:\/\/audiosupport.omsystem.com\/en\/#website"},"primaryImageOfPage":{"@id":"https:\/\/audiosupport.omsystem.com\/product\/as-2400\/#primaryimage"},"image":{"@id":"https:\/\/audiosupport.omsystem.com\/product\/as-2400\/#primaryimage"},"thumbnailUrl":"https:\/\/audiosupport.omsystem.com\/wp-content\/uploads\/2021\/11\/as2400.jpgFORWEB.jpg","datePublished":"2021-11-30T23:19:30+00:00","dateModified":"2022-01-17T16:24:34+00:00","breadcrumb":{"@id":"https:\/\/audiosupport.omsystem.com\/product\/as-2400\/#breadcrumb"},"inLanguage":"fr-FR","potentialAction":[{"@type":"ReadAction","target":["https:\/\/audiosupport.omsystem.com\/product\/as-2400\/"]}]},{"@type":"ImageObject","inLanguage":"fr-FR","@id":"https:\/\/audiosupport.omsystem.com\/product\/as-2400\/#primaryimage","url":"https:\/\/audiosupport.omsystem.com\/wp-content\/uploads\/2021\/11\/as2400.jpgFORWEB.jpg","contentUrl":"https:\/\/audiosupport.omsystem.com\/wp-content\/uploads\/2021\/11\/as2400.jpgFORWEB.jpg","width":500,"height":342},{"@type":"BreadcrumbList","@id":"https:\/\/audiosupport.omsystem.com\/product\/as-2400\/#breadcrumb","itemListElement":[{"@type":"ListItem","position":1,"name":"Home","item":"https:\/\/audiosupport.omsystem.com\/"},{"@type":"ListItem","position":2,"name":"AS-2400 Transcription Kit"}]},{"@type":"WebSite","@id":"https:\/\/audiosupport.omsystem.com\/en\/#website","url":"https:\/\/audiosupport.omsystem.com\/en\/","name":"Assistance audio professionnelle","description":"Solutions num\u00e9riques OM","potentialAction":[{"@type":"SearchAction","target":{"@type":"EntryPoint","urlTemplate":"https:\/\/audiosupport.omsystem.com\/en\/?s={search_term_string}"},"query-input":{"@type":"PropertyValueSpecification","valueRequired":true,"valueName":"search_term_string"}}],"inLanguage":"fr-FR"}]}},"_links":{"self":[{"href":"https:\/\/audiosupport.omsystem.com\/fr\/wp-json\/wp\/v2\/product\/192","targetHints":{"allow":["GET"]}}],"collection":[{"href":"https:\/\/audiosupport.omsystem.com\/fr\/wp-json\/wp\/v2\/product"}],"about":[{"href":"https:\/\/audiosupport.omsystem.com\/fr\/wp-json\/wp\/v2\/types\/product"}],"wp:featuredmedia":[{"embeddable":true,"href":"https:\/\/audiosupport.omsystem.com\/fr\/wp-json\/wp\/v2\/media\/193"}],"wp:attachment":[{"href":"https:\/\/audiosupport.omsystem.com\/fr\/wp-json\/wp\/v2\/media?parent=192"}],"wp:term":[{"taxonomy":"product_category","embeddable":true,"href":"https:\/\/audiosupport.omsystem.com\/fr\/wp-json\/wp\/v2\/product_category?post=192"}],"curies":[{"name":"wp","href":"https:\/\/api.w.org\/{rel}","templated":true}]}}