{"id":189,"date":"2021-11-30T22:54:28","date_gmt":"2021-11-30T22:54:28","guid":{"rendered":"https:\/\/olympus2.gliffen.com\/~opdsupport\/?post_type=product&#038;p=189"},"modified":"2023-05-25T10:01:08","modified_gmt":"2023-05-25T10:01:08","slug":"dss-player-standard","status":"publish","type":"product","link":"https:\/\/audiosupport.omsystem.com\/fr\/product\/dss-player-standard\/","title":{"rendered":"Norme de lecteur DSS"},"content":{"rendered":"<div class=\"ghostkit-grid ghostkit-grid-gap-md\"><div class=\"ghostkit-grid-inner\">\n<div class=\"ghostkit-col ghostkit-col-md-12 ghostkit-col-6\"><div class=\"ghostkit-col-content is-layout-flow wp-block-ghostkit-grid-column-is-layout-flow\">\n<h3 class=\"wp-block-heading\" id=\"licensing\">Licence<\/h3>\n\n\n\n<ul class=\"wp-block-list\">\n<li><strong>M\u00e9thode:<\/strong> Concurrent<\/li>\n\n\n\n<li><strong>Dur\u00e9e:<\/strong> Permanent<\/li>\n\n\n\n<li><strong>Module:<\/strong> Dict\u00e9e (DM) ou Transcription (TM)<\/li>\n<\/ul>\n\n\n\n<h3 class=\"wp-block-heading\" id=\"installation\">Installation<\/h3>\n\n\n\n<ul class=\"wp-block-list\">\n<li><strong>Configuration mat\u00e9rielle: <\/strong>Enregistreurs en DM \/ Commandes au pied en TM<\/li>\n\n\n\n<li><strong>Autonome\u00a0:<\/strong> Oui<\/li>\n\n\n\n<li><strong>Autonome\u00a0:<\/strong> Oui<\/li>\n<\/ul>\n\n\n\n<h3 class=\"wp-block-heading\" id=\"professional-audio-recording\">Enregistrement audio professionnel<\/h3>\n\n\n\n<ul class=\"wp-block-list\">\n<li><strong>Modifier l&#039;enregistrement\u00a0:<\/strong> Oui<\/li>\n\n\n\n<li><strong>Enregistrement direct\u00a0:<\/strong> Oui<\/li>\n\n\n\n<li><strong>D\u00e9finissez des marques d&#039;index\u00a0:<\/strong> Oui<\/li>\n<\/ul>\n\n\n\n<h3 class=\"wp-block-heading\" id=\"manual-transcription-playback\">Transcription manuelle \/ Lecture<\/h3>\n\n\n\n<ul class=\"wp-block-list\">\n<li><strong>Vitesse de lecture variable\u00a0:<\/strong> Oui<\/li>\n\n\n\n<li><strong>Barre de transcription personnalisable\u00a0:<\/strong> TM uniquement<\/li>\n\n\n\n<li><strong>Interface graphique personnalisable\u00a0:<\/strong> Oui<\/li>\n<\/ul>\n\n\n\n<h3 class=\"wp-block-heading\" id=\"workflow\">Flux de travail<\/h3>\n\n\n\n<ul class=\"wp-block-list\">\n<li><strong>Conversion de fichier\u00a0: <\/strong>DS2\/DSS\/WAV\/WMA<\/li>\n\n\n\n<li><strong>Dossiers r\u00e9seau partag\u00e9s\u00a0:<\/strong> Oui<\/li>\n\n\n\n<li><strong>T\u00e9l\u00e9charger via USB\u00a0:<\/strong> Oui<\/li>\n\n\n\n<li><strong>Priorit\u00e9:<\/strong> Oui<\/li>\n<\/ul>\n<\/div><\/div>\n\n\n\n<div class=\"ghostkit-col ghostkit-col-md-12 ghostkit-col-6\"><div class=\"ghostkit-col-content is-layout-flow wp-block-ghostkit-grid-column-is-layout-flow\">\n<h3 class=\"wp-block-heading\" id=\"professional-dictation-features\">Fonctionnalit\u00e9s de dict\u00e9e professionnelle<\/h3>\n\n\n\n<ul class=\"wp-block-list\">\n<li><strong>Raccourcis clavier\u00a0:<\/strong> Oui<\/li>\n\n\n\n<li><strong>Modifier les propri\u00e9t\u00e9s du fichier\u00a0:<\/strong> Oui<\/li>\n\n\n\n<li><strong>Rejoindre\/Diviser les dict\u00e9es\u00a0:<\/strong> Oui<\/li>\n\n\n\n<li><strong>D\u00e9cryptage\u00a0:<\/strong> Lecture uniquement<\/li>\n<\/ul>\n\n\n\n<h3 class=\"wp-block-heading\" id=\"speech-recognition-requires-dragon\">Reconnaissance vocale (n\u00e9cessite Dragon)<\/h3>\n\n\n\n<ul class=\"wp-block-list\">\n<li><strong>Reconnaissance vocale en arri\u00e8re-plan\u00a0: <\/strong>Lance le logiciel Dragon<\/li>\n<\/ul>\n\n\n\n<h3 class=\"wp-block-heading\" id=\"audio-codecs\">Codecs audio<\/h3>\n\n\n\n<ul class=\"wp-block-list\">\n<li><strong>WMA :<\/strong> Oui<\/li>\n\n\n\n<li><strong>MP3\u00a0:<\/strong> Oui<\/li>\n\n\n\n<li><strong>PCM (WAV):<\/strong> Oui<\/li>\n\n\n\n<li><strong>DSS classique\u00a0:<\/strong> Oui<\/li>\n\n\n\n<li><strong>DSS\u00a0Pro (DS2)\u00a0:<\/strong> Oui<\/li>\n<\/ul>\n\n\n\n<h3 class=\"wp-block-heading\" id=\"languages\">Langues<\/h3>\n\n\n\n<ul class=\"wp-block-list\">\n<li><strong>RU\u00a0:<\/strong> Oui<\/li>\n\n\n\n<li><strong>SV\u00a0: <\/strong>Oui<\/li>\n\n\n\n<li><strong>FR\u00a0: <\/strong>Oui<\/li>\n\n\n\n<li><strong>ES\u00a0: <\/strong>Oui<\/li>\n\n\n\n<li><strong>FR: <\/strong>Oui<\/li>\n\n\n\n<li><strong>DE\u00a0:<\/strong> Oui<\/li>\n\n\n\n<li><strong>CS\u00a0: <\/strong>Oui<\/li>\n<\/ul>\n\n\n\n<h3 class=\"wp-block-heading\" id=\"environment\">Environnement<\/h3>\n\n\n\n<ul class=\"wp-block-list\">\n<li><strong>Syst\u00e8me d&#039;exploitation client Windows\u00a0: <\/strong>Windows 8 \/ 8.1 \/ 10 Famille, Pro et Entreprise \/ 11<\/li>\n\n\n\n<li><strong>.NET Framework\u00a0:<\/strong> 4.6 ou version ult\u00e9rieure<\/li>\n\n\n\n<li><strong>Disque dur\u00a0:<\/strong> 2 Go d&#039;espace libre<\/li>\n\n\n\n<li><strong>RAM:<\/strong> 2 Go ou plus<\/li>\n\n\n\n<li><strong>CPU:<\/strong> 1 Ghz ou sup\u00e9rieur<\/li>\n<\/ul>\n<\/div><\/div>\n<\/div><\/div>\n\n\n\n<h3 class=\"wp-block-heading\" id=\"box-contents\">Contenu de la bo\u00eete<\/h3>\n\n\n\n<p><strong>Transcription de base DSS Pro<\/strong><\/p>\n\n\n\n<ul class=\"wp-block-list\">\n<li>Licence standard DSS Player (Mac et PC) \u2013 Module de transcription<\/li>\n\n\n\n<li>&nbsp;Aucun CD\/DVD inclus ! Obtenez le logiciel \u00e0 partir de la page de t\u00e9l\u00e9chargement du produit\u00a0:<\/li>\n\n\n\n<li>&nbsp;(WIN) https:\/\/dl\u2011support.olympus\u2011imaging.com\/odms_download\/dss_player_standard_r2\/en\/<\/li>\n\n\n\n<li>&nbsp;(MAC) https:\/\/dl\u2011support.olympus\u2011imaging.com\/odms_download\/dss_player_v7\/en\/<\/li>\n<\/ul>\n\n\n\n<p><strong>Dict\u00e9e DSS Pro de base<\/strong><\/p>\n\n\n\n<ul class=\"wp-block-list\">\n<li>Licence standard DSS Player (Mac et PC) \u2013 Module de dict\u00e9e<\/li>\n\n\n\n<li>&nbsp;Aucun CD\/DVD inclus ! Obtenez le logiciel \u00e0 partir de la page de t\u00e9l\u00e9chargement du produit\u00a0:<\/li>\n\n\n\n<li>&nbsp;(WIN) https:\/\/dl\u2011support.olympus\u2011imaging.com\/odms_download\/dss_player_standard_r2\/en\/<\/li>\n\n\n\n<li>&nbsp;(MAC) https:\/\/dl\u2011support.olympus\u2011imaging.com\/odms_download\/dss_player_v7\/en\/<\/li>\n<\/ul>","protected":false},"featured_media":238,"template":"","meta":{"ghostkit_customizer_options":"","ghostkit_custom_css":"","ghostkit_custom_js_head":"","ghostkit_custom_js_foot":"","ghostkit_typography":""},"product_category":[38],"class_list":["post-189","product","type-product","status-publish","has-post-thumbnail","hentry","product_category-software"],"yoast_head":"<!-- This site is optimized with the Yoast SEO plugin v27.4 - https:\/\/yoast.com\/product\/yoast-seo-wordpress\/ -->\n<title>DSS Player Standard - Professional Audio Support<\/title>\n<meta name=\"robots\" content=\"index, follow, max-snippet:-1, max-image-preview:large, max-video-preview:-1\" \/>\n<link rel=\"canonical\" href=\"https:\/\/audiosupport.omsystem.com\/fr\/product\/dss-player-standard\/\" \/>\n<meta property=\"og:locale\" content=\"fr_FR\" \/>\n<meta property=\"og:type\" content=\"article\" \/>\n<meta property=\"og:title\" content=\"DSS Player Standard - Professional Audio Support\" \/>\n<meta property=\"og:description\" content=\"Box Contents Basic DSS Pro Transcription Basic DSS Pro Dictation\" \/>\n<meta property=\"og:url\" content=\"https:\/\/audiosupport.omsystem.com\/fr\/product\/dss-player-standard\/\" \/>\n<meta property=\"og:site_name\" content=\"Professional Audio Support\" \/>\n<meta property=\"article:modified_time\" content=\"2023-05-25T10:01:08+00:00\" \/>\n<meta property=\"og:image\" content=\"https:\/\/audiosupport.omsystem.com\/wp-content\/uploads\/2021\/11\/DSSPlayerStandard-300x300-230x230-1.png\" \/>\n\t<meta property=\"og:image:width\" content=\"230\" \/>\n\t<meta property=\"og:image:height\" content=\"230\" \/>\n\t<meta property=\"og:image:type\" content=\"image\/png\" \/>\n<meta name=\"twitter:card\" content=\"summary_large_image\" \/>\n<meta name=\"twitter:label1\" content=\"Dur\u00e9e de lecture estim\u00e9e\" \/>\n\t<meta name=\"twitter:data1\" content=\"1 minute\" \/>\n<script type=\"application\/ld+json\" class=\"yoast-schema-graph\">{\"@context\":\"https:\\\/\\\/schema.org\",\"@graph\":[{\"@type\":\"WebPage\",\"@id\":\"https:\\\/\\\/audiosupport.omsystem.com\\\/product\\\/dss-player-standard\\\/\",\"url\":\"https:\\\/\\\/audiosupport.omsystem.com\\\/product\\\/dss-player-standard\\\/\",\"name\":\"DSS Player Standard - Professional Audio Support\",\"isPartOf\":{\"@id\":\"https:\\\/\\\/audiosupport.omsystem.com\\\/en\\\/#website\"},\"primaryImageOfPage\":{\"@id\":\"https:\\\/\\\/audiosupport.omsystem.com\\\/product\\\/dss-player-standard\\\/#primaryimage\"},\"image\":{\"@id\":\"https:\\\/\\\/audiosupport.omsystem.com\\\/product\\\/dss-player-standard\\\/#primaryimage\"},\"thumbnailUrl\":\"https:\\\/\\\/audiosupport.omsystem.com\\\/wp-content\\\/uploads\\\/2021\\\/11\\\/DSSPlayerStandard-300x300-230x230-1.png\",\"datePublished\":\"2021-11-30T22:54:28+00:00\",\"dateModified\":\"2023-05-25T10:01:08+00:00\",\"breadcrumb\":{\"@id\":\"https:\\\/\\\/audiosupport.omsystem.com\\\/product\\\/dss-player-standard\\\/#breadcrumb\"},\"inLanguage\":\"fr-FR\",\"potentialAction\":[{\"@type\":\"ReadAction\",\"target\":[\"https:\\\/\\\/audiosupport.omsystem.com\\\/product\\\/dss-player-standard\\\/\"]}]},{\"@type\":\"ImageObject\",\"inLanguage\":\"fr-FR\",\"@id\":\"https:\\\/\\\/audiosupport.omsystem.com\\\/product\\\/dss-player-standard\\\/#primaryimage\",\"url\":\"https:\\\/\\\/audiosupport.omsystem.com\\\/wp-content\\\/uploads\\\/2021\\\/11\\\/DSSPlayerStandard-300x300-230x230-1.png\",\"contentUrl\":\"https:\\\/\\\/audiosupport.omsystem.com\\\/wp-content\\\/uploads\\\/2021\\\/11\\\/DSSPlayerStandard-300x300-230x230-1.png\",\"width\":230,\"height\":230},{\"@type\":\"BreadcrumbList\",\"@id\":\"https:\\\/\\\/audiosupport.omsystem.com\\\/product\\\/dss-player-standard\\\/#breadcrumb\",\"itemListElement\":[{\"@type\":\"ListItem\",\"position\":1,\"name\":\"Home\",\"item\":\"https:\\\/\\\/audiosupport.omsystem.com\\\/\"},{\"@type\":\"ListItem\",\"position\":2,\"name\":\"DSS Player Standard\"}]},{\"@type\":\"WebSite\",\"@id\":\"https:\\\/\\\/audiosupport.omsystem.com\\\/en\\\/#website\",\"url\":\"https:\\\/\\\/audiosupport.omsystem.com\\\/en\\\/\",\"name\":\"Professional Audio Support\",\"description\":\"OM Digital Solutions\",\"potentialAction\":[{\"@type\":\"SearchAction\",\"target\":{\"@type\":\"EntryPoint\",\"urlTemplate\":\"https:\\\/\\\/audiosupport.omsystem.com\\\/en\\\/?s={search_term_string}\"},\"query-input\":{\"@type\":\"PropertyValueSpecification\",\"valueRequired\":true,\"valueName\":\"search_term_string\"}}],\"inLanguage\":\"fr-FR\"}]}<\/script>\n<!-- \/ Yoast SEO plugin. -->","yoast_head_json":{"title":"DSS Player Standard - Prise en charge audio professionnelle","robots":{"index":"index","follow":"follow","max-snippet":"max-snippet:-1","max-image-preview":"max-image-preview:large","max-video-preview":"max-video-preview:-1"},"canonical":"https:\/\/audiosupport.omsystem.com\/fr\/product\/dss-player-standard\/","og_locale":"fr_FR","og_type":"article","og_title":"DSS Player Standard - Professional Audio Support","og_description":"Box Contents Basic DSS Pro Transcription Basic DSS Pro Dictation","og_url":"https:\/\/audiosupport.omsystem.com\/fr\/product\/dss-player-standard\/","og_site_name":"Professional Audio Support","article_modified_time":"2023-05-25T10:01:08+00:00","og_image":[{"width":230,"height":230,"url":"https:\/\/audiosupport.omsystem.com\/wp-content\/uploads\/2021\/11\/DSSPlayerStandard-300x300-230x230-1.png","type":"image\/png"}],"twitter_card":"summary_large_image","twitter_misc":{"Dur\u00e9e de lecture estim\u00e9e":"1 minute"},"schema":{"@context":"https:\/\/schema.org","@graph":[{"@type":"WebPage","@id":"https:\/\/audiosupport.omsystem.com\/product\/dss-player-standard\/","url":"https:\/\/audiosupport.omsystem.com\/product\/dss-player-standard\/","name":"DSS Player Standard - Prise en charge audio professionnelle","isPartOf":{"@id":"https:\/\/audiosupport.omsystem.com\/en\/#website"},"primaryImageOfPage":{"@id":"https:\/\/audiosupport.omsystem.com\/product\/dss-player-standard\/#primaryimage"},"image":{"@id":"https:\/\/audiosupport.omsystem.com\/product\/dss-player-standard\/#primaryimage"},"thumbnailUrl":"https:\/\/audiosupport.omsystem.com\/wp-content\/uploads\/2021\/11\/DSSPlayerStandard-300x300-230x230-1.png","datePublished":"2021-11-30T22:54:28+00:00","dateModified":"2023-05-25T10:01:08+00:00","breadcrumb":{"@id":"https:\/\/audiosupport.omsystem.com\/product\/dss-player-standard\/#breadcrumb"},"inLanguage":"fr-FR","potentialAction":[{"@type":"ReadAction","target":["https:\/\/audiosupport.omsystem.com\/product\/dss-player-standard\/"]}]},{"@type":"ImageObject","inLanguage":"fr-FR","@id":"https:\/\/audiosupport.omsystem.com\/product\/dss-player-standard\/#primaryimage","url":"https:\/\/audiosupport.omsystem.com\/wp-content\/uploads\/2021\/11\/DSSPlayerStandard-300x300-230x230-1.png","contentUrl":"https:\/\/audiosupport.omsystem.com\/wp-content\/uploads\/2021\/11\/DSSPlayerStandard-300x300-230x230-1.png","width":230,"height":230},{"@type":"BreadcrumbList","@id":"https:\/\/audiosupport.omsystem.com\/product\/dss-player-standard\/#breadcrumb","itemListElement":[{"@type":"ListItem","position":1,"name":"Home","item":"https:\/\/audiosupport.omsystem.com\/"},{"@type":"ListItem","position":2,"name":"DSS Player Standard"}]},{"@type":"WebSite","@id":"https:\/\/audiosupport.omsystem.com\/en\/#website","url":"https:\/\/audiosupport.omsystem.com\/en\/","name":"Assistance audio professionnelle","description":"Solutions num\u00e9riques OM","potentialAction":[{"@type":"SearchAction","target":{"@type":"EntryPoint","urlTemplate":"https:\/\/audiosupport.omsystem.com\/en\/?s={search_term_string}"},"query-input":{"@type":"PropertyValueSpecification","valueRequired":true,"valueName":"search_term_string"}}],"inLanguage":"fr-FR"}]}},"_links":{"self":[{"href":"https:\/\/audiosupport.omsystem.com\/fr\/wp-json\/wp\/v2\/product\/189","targetHints":{"allow":["GET"]}}],"collection":[{"href":"https:\/\/audiosupport.omsystem.com\/fr\/wp-json\/wp\/v2\/product"}],"about":[{"href":"https:\/\/audiosupport.omsystem.com\/fr\/wp-json\/wp\/v2\/types\/product"}],"wp:featuredmedia":[{"embeddable":true,"href":"https:\/\/audiosupport.omsystem.com\/fr\/wp-json\/wp\/v2\/media\/238"}],"wp:attachment":[{"href":"https:\/\/audiosupport.omsystem.com\/fr\/wp-json\/wp\/v2\/media?parent=189"}],"wp:term":[{"taxonomy":"product_category","embeddable":true,"href":"https:\/\/audiosupport.omsystem.com\/fr\/wp-json\/wp\/v2\/product_category?post=189"}],"curies":[{"name":"wp","href":"https:\/\/api.w.org\/{rel}","templated":true}]}}