{"id":152,"date":"2021-11-30T21:23:10","date_gmt":"2021-11-30T21:23:10","guid":{"rendered":"https:\/\/olympus2.gliffen.com\/~opdsupport\/?post_type=product&#038;p=152"},"modified":"2024-10-15T14:49:42","modified_gmt":"2024-10-15T14:49:42","slug":"rm-4110s","status":"publish","type":"product","link":"https:\/\/audiosupport.omsystem.com\/fr\/product\/rm-4110s\/","title":{"rendered":"RecMic II RM-4110S"},"content":{"rendered":"<div class=\"ghostkit-grid ghostkit-grid-gap-md\"><div class=\"ghostkit-grid-inner\">\n<div class=\"ghostkit-col ghostkit-col-md-12 ghostkit-col-lg-6 ghostkit-col-3\"><div class=\"ghostkit-col-content is-layout-flow wp-block-ghostkit-grid-column-is-layout-flow\">\n<h3 class=\"wp-block-heading\" id=\"available-models\">Mod\u00e8les disponibles<\/h3>\n\n\n\n<p><strong>Des mod\u00e8les<\/strong><\/p>\n\n\n\n<ul class=\"wp-block-list\">\n<li>RM\u20114010P \/ RM\u20114015P<\/li>\n\n\n\n<li>RM\u20114100S<\/li>\n\n\n\n<li>RM\u20114110S<\/li>\n<\/ul>\n<\/div><\/div>\n\n\n\n<div class=\"ghostkit-col ghostkit-col-md-12 ghostkit-col-lg-6 ghostkit-col-3\"><div class=\"ghostkit-col-content is-layout-flow wp-block-ghostkit-grid-column-is-layout-flow\">\n<h3 class=\"wp-block-heading\" id=\"usb-functionality\">Fonctionnalit\u00e9 USB<\/h3>\n\n\n\n<p><strong>Vitesse USB<\/strong><\/p>\n\n\n\n<ul class=\"wp-block-list\">\n<li>USB 2.0 haute vitesse<\/li>\n<\/ul>\n\n\n\n<p><strong>Cours USB<\/strong><\/p>\n\n\n\n<ul class=\"wp-block-list\">\n<li>Classe audio USB<\/li>\n\n\n\n<li>Souris HID<\/li>\n\n\n\n<li>Fournisseur HID (par d\u00e9faut) \/ clavier<\/li>\n<\/ul>\n<\/div><\/div>\n\n\n\n<div class=\"ghostkit-col ghostkit-col-md-12 ghostkit-col-lg-6 ghostkit-col-3\"><div class=\"ghostkit-col-content is-layout-flow wp-block-ghostkit-grid-column-is-layout-flow\">\n<h3 class=\"wp-block-heading\" id=\"device-operation\">Fonctionnement de l&#039;appareil<\/h3>\n\n\n\n<p><strong>Interrupteur principal<\/strong><\/p>\n\n\n\n<ul class=\"wp-block-list\">\n<li>Commutateur \u00e0 glissi\u00e8re (RM\u20114100S, RM\u20114110S)<\/li>\n\n\n\n<li>Poussez (RM\u20114010P, RM\u20114015P)<\/li>\n<\/ul>\n\n\n\n<p><strong>Bouton programmable<\/strong><\/p>\n\n\n\n<ul class=\"wp-block-list\">\n<li>14 boutons \u00e0 faible bruit<\/li>\n<\/ul>\n\n\n\n<p><strong>Trackball optique<\/strong><\/p>\n\n\n\n<ul class=\"wp-block-list\">\n<li>Oui, incl. fonction clic gauche de la souris (RM\u20114010P, RM4015P, RM\u20114110S)<\/li>\n<\/ul>\n\n\n\n<p><strong>Cliquez sur la fonction de verrouillage pour le glisser-d\u00e9poser<\/strong><\/p>\n\n\n\n<ul class=\"wp-block-list\">\n<li>Oui (uniquement pour les mod\u00e8les avec trackball)<\/li>\n<\/ul>\n\n\n\n<p><strong>Boutons de fonction<\/strong><\/p>\n\n\n\n<ul class=\"wp-block-list\">\n<li>4 (RM\u20114100S\u00a0: 3\u00a0boutons F suppl\u00e9mentaires)<\/li>\n<\/ul>\n\n\n\n<p><strong>Capteur d&#039;acc\u00e9l\u00e9ration<\/strong><\/p>\n\n\n\n<ul class=\"wp-block-list\">\n<li>Disponible<\/li>\n<\/ul>\n<\/div><\/div>\n\n\n\n<div class=\"ghostkit-col ghostkit-col-md-12 ghostkit-col-lg-6 ghostkit-col-3\"><div class=\"ghostkit-col-content is-layout-flow wp-block-ghostkit-grid-column-is-layout-flow\">\n<h3 class=\"wp-block-heading\" id=\"recording-modes\">Modes d&#039;enregistrement<\/h3>\n\n\n\n<p><strong>Format d&#039;enregistrement<\/strong><\/p>\n\n\n\n<ul class=\"wp-block-list\">\n<li>PCM (mono, 16 bits, \u00e9chantillonnage 44,1 kHz)<\/li>\n<\/ul>\n<\/div><\/div>\n<\/div><\/div>\n\n\n\n<div class=\"ghostkit-grid ghostkit-grid-gap-md\"><div class=\"ghostkit-grid-inner\">\n<div class=\"ghostkit-col ghostkit-col-md-12 ghostkit-col-lg-6 ghostkit-col-3\"><div class=\"ghostkit-col-content is-layout-flow wp-block-ghostkit-grid-column-is-layout-flow\">\n<h3 class=\"wp-block-heading\" id=\"record-function\">Fonction d&#039;enregistrement<\/h3>\n\n\n\n<p><strong>Suppression du bruit<\/strong><\/p>\n\n\n\n<ul class=\"wp-block-list\">\n<li>Variable<\/li>\n<\/ul>\n\n\n\n<p><strong>Directionnalit\u00e9 active<\/strong><\/p>\n\n\n\n<ul class=\"wp-block-list\">\n<li>Variable<\/li>\n<\/ul>\n\n\n\n<p><strong>Analyseur de bruit<\/strong><\/p>\n\n\n\n<ul class=\"wp-block-list\">\n<li>Disponible<\/li>\n<\/ul>\n\n\n\n<p><strong>Filtre anti-pop<\/strong><\/p>\n\n\n\n<ul class=\"wp-block-list\">\n<li>3 couches<\/li>\n<\/ul>\n\n\n\n<h3 class=\"wp-block-heading\" id=\"operation-modes\">Modes de fonctionnement<\/h3>\n\n\n\n<p><strong>Mode Olympe<\/strong><\/p>\n\n\n\n<ul class=\"wp-block-list\">\n<li>Disponible (par d\u00e9faut)<\/li>\n<\/ul>\n\n\n\n<p><strong>Modes de clavier HID<\/strong><\/p>\n\n\n\n<ul class=\"wp-block-list\">\n<li>Mode personnalis\u00e9 (param\u00e8tre de bouton personnalisable pour contr\u00f4ler n&#039;importe quelle application tierce (via le logiciel RCT \u2011 RecMic Configuration Tool)<\/li>\n\n\n\n<li>Mode Dragon (param\u00e8tre pr\u00e9d\u00e9fini pour la reconnaissance vocale Dragon)<\/li>\n\n\n\n<li>Mode de reconnaissance vocale Windows (param\u00e8tre pr\u00e9d\u00e9fini pour la reconnaissance vocale Windows)<\/li>\n<\/ul>\n\n\n\n<p><strong>Enregistrement de sc\u00e8nes<\/strong><\/p>\n\n\n\n<ul class=\"wp-block-list\">\n<li>Environnement calme<\/li>\n\n\n\n<li>Environnement bruyant pour la reconnaissance vocale<\/li>\n\n\n\n<li>Environnement bruyant pour la dict\u00e9e classique<\/li>\n<\/ul>\n<\/div><\/div>\n\n\n\n<div class=\"ghostkit-col ghostkit-col-md-12 ghostkit-col-lg-6 ghostkit-col-3\"><div class=\"ghostkit-col-content is-layout-flow wp-block-ghostkit-grid-column-is-layout-flow\">\n<h3 class=\"wp-block-heading\" id=\"other-features\">Autres caract\u00e9ristiques<\/h3>\n\n\n\n<p><strong>D\u00e9tection automatique des supports<\/strong><\/p>\n\n\n\n<ul class=\"wp-block-list\">\n<li>Disponible<\/li>\n<\/ul>\n\n\n\n<p><strong>D\u00e9sactivation automatique du microphone<\/strong><\/p>\n\n\n\n<ul class=\"wp-block-list\">\n<li>Oui, lorsqu&#039;il est plac\u00e9 sur le bureau<\/li>\n<\/ul>\n<\/div><\/div>\n\n\n\n<div class=\"ghostkit-col ghostkit-col-md-12 ghostkit-col-lg-6 ghostkit-col-3\"><div class=\"ghostkit-col-content is-layout-flow wp-block-ghostkit-grid-column-is-layout-flow\">\n<h3 class=\"wp-block-heading\" id=\"storage-media\">Supports de stockage<\/h3>\n\n\n\n<p><strong>M\u00e9moire interne<\/strong><\/p>\n\n\n\n<ul class=\"wp-block-list\">\n<li>Non<\/li>\n\n\n\n<li>8\u00a0Go (RM\u20114015P)<\/li>\n<\/ul>\n<\/div><\/div>\n\n\n\n<div class=\"ghostkit-col ghostkit-col-md-12 ghostkit-col-lg-6 ghostkit-col-3\"><div class=\"ghostkit-col-content is-layout-flow wp-block-ghostkit-grid-column-is-layout-flow\">\n<h3 class=\"wp-block-heading\" id=\"specialized-features-for-medical-environment\">Fonctionnalit\u00e9s sp\u00e9cialis\u00e9es pour l&#039;environnement m\u00e9dical<\/h3>\n\n\n\n<p><strong>R\u00e9sistance chimique<\/strong><\/p>\n\n\n\n<ul class=\"wp-block-list\">\n<li>\u00c9thanol Isopropanol<\/li>\n<\/ul>\n\n\n\n<p><strong>Bo\u00eetier antimicrobien<\/strong><\/p>\n\n\n\n<ul class=\"wp-block-list\">\n<li>Polygi\u00e8ne\u00ae<\/li>\n<\/ul>\n<\/div><\/div>\n<\/div><\/div>\n\n\n\n<div class=\"ghostkit-grid ghostkit-grid-gap-md\"><div class=\"ghostkit-grid-inner\">\n<div class=\"ghostkit-col ghostkit-col-md-12 ghostkit-col-lg-6 ghostkit-col-3\"><div class=\"ghostkit-col-content is-layout-flow wp-block-ghostkit-grid-column-is-layout-flow\">\n<h3 class=\"wp-block-heading\" id=\"compatible-software\">Logiciels compatibles<\/h3>\n\n\n\n<p><strong>Outil de configuration Olympus RecMic (RCT)<\/strong><\/p>\n\n\n\n<ul class=\"wp-block-list\">\n<li>Version : 1.0 ou sup\u00e9rieure<\/li>\n<\/ul>\n\n\n\n<p><strong>Logiciel tiers<\/strong><\/p>\n\n\n\n<ul class=\"wp-block-list\">\n<li>Tout logiciel pouvant \u00eatre contr\u00f4l\u00e9 via des raccourcis clavier (par exemple Ctrl + H)<\/li>\n<\/ul>\n<\/div><\/div>\n\n\n\n<div class=\"ghostkit-col ghostkit-col-md-12 ghostkit-col-lg-6 ghostkit-col-3\"><div class=\"ghostkit-col-content is-layout-flow wp-block-ghostkit-grid-column-is-layout-flow\">\n<h3 class=\"wp-block-heading\" id=\"interfaces-input\">Interface d&#039;entr\u00e9e<\/h3>\n\n\n\n<p><strong>Type de micro<\/strong><\/p>\n\n\n\n<ul class=\"wp-block-list\">\n<li>Syst\u00e8me intelligent \u00e0 2 microphones<\/li>\n<\/ul>\n\n\n\n<p><strong>Fr\u00e9quence de r\u00e9ponse<\/strong><\/p>\n\n\n\n<ul class=\"wp-block-list\">\n<li>200 \u2013 9000Hz<\/li>\n<\/ul>\n\n\n\n<p><strong>Sensibilit\u00e9\/gain du microphone<\/strong><\/p>\n\n\n\n<ul class=\"wp-block-list\">\n<li>- 39dBv<\/li>\n<\/ul>\n\n\n\n<p><strong>Niveau d&#039;entr\u00e9e<\/strong><\/p>\n\n\n\n<ul class=\"wp-block-list\">\n<li>- 48dBv \/ + 86dB SPL<\/li>\n<\/ul>\n\n\n\n<p><strong>Rapport signal sur bruit<\/strong><\/p>\n\n\n\n<ul class=\"wp-block-list\">\n<li>59dBA<\/li>\n<\/ul>\n\n\n\n<p><strong>Caract\u00e9ristiques du microphone<\/strong><\/p>\n\n\n\n<ul class=\"wp-block-list\">\n<li>Omnidirectionnel<\/li>\n<\/ul>\n<\/div><\/div>\n\n\n\n<div class=\"ghostkit-col ghostkit-col-md-12 ghostkit-col-lg-6 ghostkit-col-3\"><div class=\"ghostkit-col-content is-layout-flow wp-block-ghostkit-grid-column-is-layout-flow\">\n<h3 class=\"wp-block-heading\" id=\"interfaces-output\">Sortie des interfaces<\/h3>\n\n\n\n<p><strong>Conf\u00e9rencier<\/strong><\/p>\n\n\n\n<ul class=\"wp-block-list\">\n<li>Haut-parleur avant int\u00e9gr\u00e9 de 28\u00a0mm<\/li>\n<\/ul>\n\n\n\n<p><strong>Max. sortie de travail<\/strong><\/p>\n\n\n\n<ul class=\"wp-block-list\">\n<li>350mW<\/li>\n<\/ul>\n<\/div><\/div>\n\n\n\n<div class=\"ghostkit-col ghostkit-col-md-12 ghostkit-col-lg-6 ghostkit-col-3\"><div class=\"ghostkit-col-content is-layout-flow wp-block-ghostkit-grid-column-is-layout-flow\">\n<h3 class=\"wp-block-heading\" id=\"power-supply\">Source de courant<\/h3>\n\n\n\n<p><strong>Mode USB standard<\/strong><\/p>\n\n\n\n<ul class=\"wp-block-list\">\n<li>278mA ou moins<\/li>\n<\/ul>\n\n\n\n<p><strong>Mode USB basse consommation<\/strong><\/p>\n\n\n\n<ul class=\"wp-block-list\">\n<li>80mA ou moins<\/li>\n<\/ul>\n<\/div><\/div>\n<\/div><\/div>\n\n\n\n<div class=\"ghostkit-grid ghostkit-grid-gap-md\"><div class=\"ghostkit-grid-inner\">\n<div class=\"ghostkit-col ghostkit-col-md-12 ghostkit-col-lg-6 ghostkit-col-3\"><div class=\"ghostkit-col-content is-layout-flow wp-block-ghostkit-grid-column-is-layout-flow\">\n<h3 class=\"wp-block-heading\" id=\"dimensions\">Dimensions<\/h3>\n\n\n\n<p><strong>Longueur de c\u00e2ble<\/strong><\/p>\n\n\n\n<ul class=\"wp-block-list\">\n<li>2.5m<\/li>\n<\/ul>\n\n\n\n<p><strong>Hauteur<\/strong><\/p>\n\n\n\n<ul class=\"wp-block-list\">\n<li>171mm<\/li>\n<\/ul>\n\n\n\n<p><strong>Largeur<\/strong><\/p>\n\n\n\n<ul class=\"wp-block-list\">\n<li>32mm<\/li>\n<\/ul>\n\n\n\n<p><strong>Profondeur<\/strong><\/p>\n\n\n\n<ul class=\"wp-block-list\">\n<li>43,2 mm<\/li>\n<\/ul>\n\n\n\n<p><strong>Poids<\/strong><\/p>\n\n\n\n<ul class=\"wp-block-list\">\n<li>185g c\u00e2ble compris<\/li>\n\n\n\n<li>170\u00a0g (RM\u20114100S)<\/li>\n\n\n\n<li>116g sans c\u00e2ble (RM\u20114010P\/RM\u20114015P\/RM\u20114110S)<\/li>\n<\/ul>\n<\/div><\/div>\n\n\n\n<div class=\"ghostkit-col ghostkit-col-md-12 ghostkit-col-lg-6 ghostkit-col-3\"><div class=\"ghostkit-col-content is-layout-flow wp-block-ghostkit-grid-column-is-layout-flow\">\n<h3 class=\"wp-block-heading\" id=\"exterior\">Ext\u00e9rieur<\/h3>\n\n\n\n<p><strong>Couleur du bo\u00eetier<\/strong><\/p>\n\n\n\n<ul class=\"wp-block-list\">\n<li>Noir<\/li>\n<\/ul>\n\n\n\n<p><strong>Logement sym\u00e9trique<\/strong><\/p>\n\n\n\n<ul class=\"wp-block-list\">\n<li>Convient aux gauchers comme aux droitiers<\/li>\n<\/ul>\n\n\n\n<p><strong>Haptique<\/strong><\/p>\n\n\n\n<ul class=\"wp-block-list\">\n<li>Rev\u00eatement de surface lisse pour un minimum de bruits tactiles (rev\u00eatement UV)<\/li>\n<\/ul>\n\n\n\n<p><strong>LED<\/strong><\/p>\n\n\n\n<ul class=\"wp-block-list\">\n<li>7<\/li>\n<\/ul>\n<\/div><\/div>\n\n\n\n<div class=\"ghostkit-col ghostkit-col-md-12 ghostkit-col-lg-6 ghostkit-col-3\"><div class=\"ghostkit-col-content is-layout-flow wp-block-ghostkit-grid-column-is-layout-flow\">\n<h3 class=\"wp-block-heading\" id=\"operating-systems-requirements\">Syst\u00e8mes d&#039;exploitation et configuration requise<\/h3>\n\n\n\n<p><strong>les fen\u00eatres<\/strong><\/p>\n\n\n\n<ul class=\"wp-block-list\">\n<li>Windows 7\/8.1\/10<\/li>\n<\/ul>\n\n\n\n<p><strong>Configuration syst\u00e8me requise pour l&#039;outil de configuration Olympus RecMic (RCT)<\/strong><\/p>\n\n\n\n<p><strong>Syst\u00e8me op\u00e9rateur:<\/strong><\/p>\n\n\n\n<ul class=\"wp-block-list\">\n<li>Microsoft\u00ae Windows\u00ae 7 \u2022 \u00c9dition Int\u00e9grale\/Entreprise\/Professionnel SP1 (x86\/x64)<\/li>\n\n\n\n<li>Microsoft\u00ae Windows\u00ae 8.1\/10 \u2022 Entreprise\/Pro (x86\/x64)<\/li>\n<\/ul>\n\n\n\n<p><strong>CPU:<\/strong><\/p>\n\n\n\n<ul class=\"wp-block-list\">\n<li>1 GHz ou sup\u00e9rieur<\/li>\n<\/ul>\n\n\n\n<p><strong>M\u00e9moire:<\/strong><\/p>\n\n\n\n<ul class=\"wp-block-list\">\n<li>1 Go ou plus (x86)\/2 Go ou plus (x64) (Microsoft\u00ae Windows\u00ae 7\/8.1)<\/li>\n\n\n\n<li>2 Go ou plus (Microsoft\u00ae Windows\u00ae 10)<\/li>\n<\/ul>\n\n\n\n<p><strong>Espace disque dur\u00a0:<\/strong><\/p>\n\n\n\n<ul class=\"wp-block-list\">\n<li>30 Mo ou plus (Un espace s\u00e9par\u00e9 est requis pour installer .NET Framework.)<\/li>\n<\/ul>\n\n\n\n<p><strong>.NET Framework<\/strong><\/p>\n\n\n\n<ul class=\"wp-block-list\">\n<li>Version : 4.6<\/li>\n<\/ul>\n\n\n\n<p><strong>Logiciel de reconnaissance vocale Dragon<\/strong><\/p>\n\n\n\n<ul class=\"wp-block-list\">\n<li>Dragon Professionnel\/L\u00e9gal v14 \u2011 15<\/li>\n\n\n\n<li>Dragon Medical Practice Edition 2 \u2011 3<\/li>\n<\/ul>\n<\/div><\/div>\n\n\n\n<div class=\"ghostkit-col ghostkit-col-md-12 ghostkit-col-lg-6 ghostkit-col-3\"><div class=\"ghostkit-col-content is-layout-flow wp-block-ghostkit-grid-column-is-layout-flow\">\n<h3 class=\"wp-block-heading\" id=\"box-contents\">Contenu de la bo\u00eete<\/h3>\n\n\n\n<p><strong>Dict\u00e9e avec interrupteur \u00e0 glissi\u00e8re et boule de commande<\/strong><\/p>\n\n\n\n<ul class=\"wp-block-list\">\n<li>\u00a0RM\u20114110S<\/li>\n\n\n\n<li>\u00a0Pied de micro<\/li>\n\n\n\n<li>\u00a0Guide d&#039;utilisation rapide (EN\/CZ\/DK\/DE\/ES\/FI\/FR\/IT\/LIT\/NL\/PL\/RUSV)<\/li>\n\n\n\n<li>\u00a0Olympus RecMic Configuration Tool (RCT) (\u00e0 t\u00e9l\u00e9charger sur le site Web)<\/li>\n<\/ul>\n\n\n\n<p><strong>Kit Premium Dict\u00e9e avec interrupteur \u00e0 glissi\u00e8re et boule de commande<\/strong><\/p>\n\n\n\n<ul class=\"wp-block-list\">\n<li>\u00a0RM\u20114110S<\/li>\n\n\n\n<li>\u00a0Licence unique ODMS R7 DM<\/li>\n\n\n\n<li>\u00a0DSS Player pour MAC (logiciel pour Macintosh)<\/li>\n\n\n\n<li>\u00a0Pied de micro<\/li>\n\n\n\n<li>\u00a0Guide d&#039;utilisation rapide (EN\/CZ\/DK\/DE\/ES\/FI\/FR\/IT\/LIT\/NL\/PL\/RUSV)<\/li>\n\n\n\n<li>\u00a0Olympus RecMic Configuration Tool (RCT) (\u00e0 t\u00e9l\u00e9charger sur le site Web)<\/li>\n<\/ul>\n<\/div><\/div>\n<\/div><\/div>\n\n\n\n<p><a href=\"https:\/\/www.olympus-europa.com\/site\/en\/a\/audio_systems\/professional_dictation\/desktop_dictation\/rec_mic_ii_series\/rec_mic_ii_series_kits___boxcontent.html#\"><\/a><\/p>","protected":false},"featured_media":153,"template":"","meta":{"ghostkit_customizer_options":"","ghostkit_custom_css":"","ghostkit_custom_js_head":"","ghostkit_custom_js_foot":"","ghostkit_typography":""},"product_category":[37],"class_list":["post-152","product","type-product","status-publish","has-post-thumbnail","hentry","product_category-desktop-dictation"],"yoast_head":"<!-- This site is optimized with the Yoast SEO plugin v27.4 - https:\/\/yoast.com\/product\/yoast-seo-wordpress\/ -->\n<title>RecMic II RM-4110S - Professional Audio Support<\/title>\n<meta name=\"robots\" content=\"index, follow, max-snippet:-1, max-image-preview:large, max-video-preview:-1\" \/>\n<link rel=\"canonical\" href=\"https:\/\/audiosupport.omsystem.com\/fr\/product\/rm-4110s\/\" \/>\n<meta property=\"og:locale\" content=\"fr_FR\" \/>\n<meta property=\"og:type\" content=\"article\" \/>\n<meta property=\"og:title\" content=\"RecMic II RM-4110S - Professional Audio Support\" \/>\n<meta property=\"og:url\" content=\"https:\/\/audiosupport.omsystem.com\/fr\/product\/rm-4110s\/\" \/>\n<meta property=\"og:site_name\" content=\"Professional Audio Support\" \/>\n<meta property=\"article:modified_time\" content=\"2024-10-15T14:49:42+00:00\" \/>\n<meta property=\"og:image\" content=\"https:\/\/audiosupport.omsystem.com\/wp-content\/uploads\/2021\/11\/RecMicII4110s.png\" \/>\n\t<meta property=\"og:image:width\" content=\"150\" \/>\n\t<meta property=\"og:image:height\" content=\"465\" \/>\n\t<meta property=\"og:image:type\" content=\"image\/png\" \/>\n<meta name=\"twitter:card\" content=\"summary_large_image\" \/>\n<meta name=\"twitter:label1\" content=\"Dur\u00e9e de lecture estim\u00e9e\" \/>\n\t<meta name=\"twitter:data1\" content=\"3 minutes\" \/>\n<script type=\"application\/ld+json\" class=\"yoast-schema-graph\">{\"@context\":\"https:\\\/\\\/schema.org\",\"@graph\":[{\"@type\":\"WebPage\",\"@id\":\"https:\\\/\\\/audiosupport.omsystem.com\\\/product\\\/rm-4110s\\\/\",\"url\":\"https:\\\/\\\/audiosupport.omsystem.com\\\/product\\\/rm-4110s\\\/\",\"name\":\"RecMic II RM-4110S - Professional Audio Support\",\"isPartOf\":{\"@id\":\"https:\\\/\\\/audiosupport.omsystem.com\\\/en\\\/#website\"},\"primaryImageOfPage\":{\"@id\":\"https:\\\/\\\/audiosupport.omsystem.com\\\/product\\\/rm-4110s\\\/#primaryimage\"},\"image\":{\"@id\":\"https:\\\/\\\/audiosupport.omsystem.com\\\/product\\\/rm-4110s\\\/#primaryimage\"},\"thumbnailUrl\":\"https:\\\/\\\/audiosupport.omsystem.com\\\/wp-content\\\/uploads\\\/2021\\\/11\\\/RecMicII4110s.png\",\"datePublished\":\"2021-11-30T21:23:10+00:00\",\"dateModified\":\"2024-10-15T14:49:42+00:00\",\"breadcrumb\":{\"@id\":\"https:\\\/\\\/audiosupport.omsystem.com\\\/product\\\/rm-4110s\\\/#breadcrumb\"},\"inLanguage\":\"fr-FR\",\"potentialAction\":[{\"@type\":\"ReadAction\",\"target\":[\"https:\\\/\\\/audiosupport.omsystem.com\\\/product\\\/rm-4110s\\\/\"]}]},{\"@type\":\"ImageObject\",\"inLanguage\":\"fr-FR\",\"@id\":\"https:\\\/\\\/audiosupport.omsystem.com\\\/product\\\/rm-4110s\\\/#primaryimage\",\"url\":\"https:\\\/\\\/audiosupport.omsystem.com\\\/wp-content\\\/uploads\\\/2021\\\/11\\\/RecMicII4110s.png\",\"contentUrl\":\"https:\\\/\\\/audiosupport.omsystem.com\\\/wp-content\\\/uploads\\\/2021\\\/11\\\/RecMicII4110s.png\",\"width\":150,\"height\":465},{\"@type\":\"BreadcrumbList\",\"@id\":\"https:\\\/\\\/audiosupport.omsystem.com\\\/product\\\/rm-4110s\\\/#breadcrumb\",\"itemListElement\":[{\"@type\":\"ListItem\",\"position\":1,\"name\":\"Home\",\"item\":\"https:\\\/\\\/audiosupport.omsystem.com\\\/\"},{\"@type\":\"ListItem\",\"position\":2,\"name\":\"RecMic II RM-4110S\"}]},{\"@type\":\"WebSite\",\"@id\":\"https:\\\/\\\/audiosupport.omsystem.com\\\/en\\\/#website\",\"url\":\"https:\\\/\\\/audiosupport.omsystem.com\\\/en\\\/\",\"name\":\"Professional Audio Support\",\"description\":\"OM Digital Solutions\",\"potentialAction\":[{\"@type\":\"SearchAction\",\"target\":{\"@type\":\"EntryPoint\",\"urlTemplate\":\"https:\\\/\\\/audiosupport.omsystem.com\\\/en\\\/?s={search_term_string}\"},\"query-input\":{\"@type\":\"PropertyValueSpecification\",\"valueRequired\":true,\"valueName\":\"search_term_string\"}}],\"inLanguage\":\"fr-FR\"}]}<\/script>\n<!-- \/ Yoast SEO plugin. -->","yoast_head_json":{"title":"RecMic II RM-4110S - Support audio professionnel","robots":{"index":"index","follow":"follow","max-snippet":"max-snippet:-1","max-image-preview":"max-image-preview:large","max-video-preview":"max-video-preview:-1"},"canonical":"https:\/\/audiosupport.omsystem.com\/fr\/product\/rm-4110s\/","og_locale":"fr_FR","og_type":"article","og_title":"RecMic II RM-4110S - Professional Audio Support","og_url":"https:\/\/audiosupport.omsystem.com\/fr\/product\/rm-4110s\/","og_site_name":"Professional Audio Support","article_modified_time":"2024-10-15T14:49:42+00:00","og_image":[{"width":150,"height":465,"url":"https:\/\/audiosupport.omsystem.com\/wp-content\/uploads\/2021\/11\/RecMicII4110s.png","type":"image\/png"}],"twitter_card":"summary_large_image","twitter_misc":{"Dur\u00e9e de lecture estim\u00e9e":"3 minutes"},"schema":{"@context":"https:\/\/schema.org","@graph":[{"@type":"WebPage","@id":"https:\/\/audiosupport.omsystem.com\/product\/rm-4110s\/","url":"https:\/\/audiosupport.omsystem.com\/product\/rm-4110s\/","name":"RecMic II RM-4110S - Support audio professionnel","isPartOf":{"@id":"https:\/\/audiosupport.omsystem.com\/en\/#website"},"primaryImageOfPage":{"@id":"https:\/\/audiosupport.omsystem.com\/product\/rm-4110s\/#primaryimage"},"image":{"@id":"https:\/\/audiosupport.omsystem.com\/product\/rm-4110s\/#primaryimage"},"thumbnailUrl":"https:\/\/audiosupport.omsystem.com\/wp-content\/uploads\/2021\/11\/RecMicII4110s.png","datePublished":"2021-11-30T21:23:10+00:00","dateModified":"2024-10-15T14:49:42+00:00","breadcrumb":{"@id":"https:\/\/audiosupport.omsystem.com\/product\/rm-4110s\/#breadcrumb"},"inLanguage":"fr-FR","potentialAction":[{"@type":"ReadAction","target":["https:\/\/audiosupport.omsystem.com\/product\/rm-4110s\/"]}]},{"@type":"ImageObject","inLanguage":"fr-FR","@id":"https:\/\/audiosupport.omsystem.com\/product\/rm-4110s\/#primaryimage","url":"https:\/\/audiosupport.omsystem.com\/wp-content\/uploads\/2021\/11\/RecMicII4110s.png","contentUrl":"https:\/\/audiosupport.omsystem.com\/wp-content\/uploads\/2021\/11\/RecMicII4110s.png","width":150,"height":465},{"@type":"BreadcrumbList","@id":"https:\/\/audiosupport.omsystem.com\/product\/rm-4110s\/#breadcrumb","itemListElement":[{"@type":"ListItem","position":1,"name":"Home","item":"https:\/\/audiosupport.omsystem.com\/"},{"@type":"ListItem","position":2,"name":"RecMic II RM-4110S"}]},{"@type":"WebSite","@id":"https:\/\/audiosupport.omsystem.com\/en\/#website","url":"https:\/\/audiosupport.omsystem.com\/en\/","name":"Assistance audio professionnelle","description":"Solutions num\u00e9riques OM","potentialAction":[{"@type":"SearchAction","target":{"@type":"EntryPoint","urlTemplate":"https:\/\/audiosupport.omsystem.com\/en\/?s={search_term_string}"},"query-input":{"@type":"PropertyValueSpecification","valueRequired":true,"valueName":"search_term_string"}}],"inLanguage":"fr-FR"}]}},"_links":{"self":[{"href":"https:\/\/audiosupport.omsystem.com\/fr\/wp-json\/wp\/v2\/product\/152","targetHints":{"allow":["GET"]}}],"collection":[{"href":"https:\/\/audiosupport.omsystem.com\/fr\/wp-json\/wp\/v2\/product"}],"about":[{"href":"https:\/\/audiosupport.omsystem.com\/fr\/wp-json\/wp\/v2\/types\/product"}],"wp:featuredmedia":[{"embeddable":true,"href":"https:\/\/audiosupport.omsystem.com\/fr\/wp-json\/wp\/v2\/media\/153"}],"wp:attachment":[{"href":"https:\/\/audiosupport.omsystem.com\/fr\/wp-json\/wp\/v2\/media?parent=152"}],"wp:term":[{"taxonomy":"product_category","embeddable":true,"href":"https:\/\/audiosupport.omsystem.com\/fr\/wp-json\/wp\/v2\/product_category?post=152"}],"curies":[{"name":"wp","href":"https:\/\/api.w.org\/{rel}","templated":true}]}}