{"id":1111,"date":"2021-12-09T16:20:53","date_gmt":"2021-12-09T16:20:53","guid":{"rendered":"https:\/\/olympus2.gliffen.com\/~opdsupport\/?post_type=product&#038;p=1111"},"modified":"2022-04-20T14:11:33","modified_gmt":"2022-04-20T14:11:33","slug":"rs28h-usb-foot-switch-with-3-pedals","status":"publish","type":"product","link":"https:\/\/audiosupport.omsystem.com\/fr\/product\/rs28h-usb-foot-switch-with-3-pedals\/","title":{"rendered":"Interrupteur au pied RS28H-USB avec 3 p\u00e9dales"},"content":{"rendered":"<div class=\"ghostkit-grid ghostkit-grid-gap-md\"><div class=\"ghostkit-grid-inner\">\n<div class=\"ghostkit-col ghostkit-col-lg-12 ghostkit-col-4\"><div class=\"ghostkit-col-content is-layout-flow wp-block-ghostkit-grid-column-is-layout-flow\">\n<h3 class=\"wp-block-heading\">Domaine d&#039;application recommand\u00e9<\/h3>\n\n\n\n<p><strong>Application<\/strong><\/p>\n\n\n\n<ul class=\"wp-block-list\"><li>Transcription<\/li><\/ul>\n<\/div><\/div>\n\n\n\n<div class=\"ghostkit-col ghostkit-col-lg-12 ghostkit-col-4\"><div class=\"ghostkit-col-content is-layout-flow wp-block-ghostkit-grid-column-is-layout-flow\">\n<h3 class=\"wp-block-heading\">Boutons de contr\u00f4le<\/h3>\n\n\n\n<p><strong>Nombre de boutons\u00a0:<\/strong><\/p>\n\n\n\n<ul class=\"wp-block-list\"><li>3<\/li><\/ul>\n\n\n\n<p><strong>Bouton(s) verrouillable(s)\u00a0:<\/strong><\/p>\n\n\n\n<ul class=\"wp-block-list\"><li>Non<\/li><\/ul>\n\n\n\n<p><strong>Boutons configurables par logiciel<\/strong><\/p>\n\n\n\n<ul class=\"wp-block-list\"><li>Appliqu\u00e9<\/li><\/ul>\n\n\n\n<p><strong>Tapis antid\u00e9rapant:<\/strong><\/p>\n\n\n\n<ul class=\"wp-block-list\"><li>\u00c9quip\u00e9<\/li><\/ul>\n<\/div><\/div>\n\n\n\n<div class=\"ghostkit-col ghostkit-col-lg-12 ghostkit-col-4\"><div class=\"ghostkit-col-content is-layout-flow wp-block-ghostkit-grid-column-is-layout-flow\">\n<h3 class=\"wp-block-heading\">Modes de fonctionnement<\/h3>\n\n\n\n<p><strong>Mode Olympe<\/strong><\/p>\n\n\n\n<ul class=\"wp-block-list\"><li>Disponible (par d\u00e9faut)<\/li><\/ul>\n\n\n\n<p><strong>Mode clavier HID<\/strong><\/p>\n\n\n\n<ul class=\"wp-block-list\"><li>Disponible (facultatif)<\/li><\/ul>\n\n\n\n<p><strong>Comportement possible de la p\u00e9dale en mode clavier HID<\/strong><\/p>\n\n\n\n<p><strong>Seul<\/strong><\/p>\n\n\n\n<ul class=\"wp-block-list\"><li>D\u00e9clenche une fois la commande clavier d\u00e9finie en un seul clic.<\/li><\/ul>\n\n\n\n<p><strong>Double<\/strong><\/p>\n\n\n\n<ul class=\"wp-block-list\"><li>D\u00e9clenche une fois la commande clavier d\u00e9finie \u00e0 la fois en appuyant et en rel\u00e2chant. Parfait pour les fonctions de basculement comme Lecture\/Pause.<\/li><\/ul>\n\n\n\n<p><strong>Long<\/strong><\/p>\n\n\n\n<ul class=\"wp-block-list\"><li>D\u00e9clenche la commande clavier d\u00e9finie en continu jusqu&#039;\u00e0 ce que la p\u00e9dale soit rel\u00e2ch\u00e9e. (comme un clavier normal)<\/li><\/ul>\n<\/div><\/div>\n<\/div><\/div>\n\n\n\n<div class=\"ghostkit-grid ghostkit-grid-gap-md\"><div class=\"ghostkit-grid-inner\">\n<div class=\"ghostkit-col ghostkit-col-lg-12 ghostkit-col-4\"><div class=\"ghostkit-col-content is-layout-flow wp-block-ghostkit-grid-column-is-layout-flow\">\n<h3 class=\"wp-block-heading\">Dimensions \/ Poids<\/h3>\n\n\n\n<p><strong>Longueur de c\u00e2ble<\/strong><\/p>\n\n\n\n<ul class=\"wp-block-list\"><li>1,8 m<\/li><\/ul>\n\n\n\n<p><strong>Poids<\/strong><\/p>\n\n\n\n<ul class=\"wp-block-list\"><li>550g<\/li><\/ul>\n\n\n\n<p><strong>Hauteur<\/strong><\/p>\n\n\n\n<ul class=\"wp-block-list\"><li>33,5 mm<\/li><\/ul>\n\n\n\n<p><strong>Largeur<\/strong><\/p>\n\n\n\n<ul class=\"wp-block-list\"><li>190mm<\/li><\/ul>\n\n\n\n<p><strong>Profondeur<\/strong><\/p>\n\n\n\n<ul class=\"wp-block-list\"><li>120mm<\/li><\/ul>\n<\/div><\/div>\n\n\n\n<div class=\"ghostkit-col ghostkit-col-lg-12 ghostkit-col-4\"><div class=\"ghostkit-col-content is-layout-flow wp-block-ghostkit-grid-column-is-layout-flow\">\n<h3 class=\"wp-block-heading\">Ext\u00e9rieur<\/h3>\n\n\n\n<p><strong>Couleurs disponibles<\/strong><\/p>\n\n\n\n<ul class=\"wp-block-list\"><li>Gris fonc\u00e9<\/li><\/ul>\n<\/div><\/div>\n\n\n\n<div class=\"ghostkit-col ghostkit-col-lg-12 ghostkit-col-4\"><div class=\"ghostkit-col-content is-layout-flow wp-block-ghostkit-grid-column-is-layout-flow\">\n<h3 class=\"wp-block-heading\">Connexions<\/h3>\n\n\n\n<p><strong>port USB<\/strong><\/p>\n\n\n\n<ul class=\"wp-block-list\"><li>1.0\/ 1.1\/ 2.0\/ 3.0\/ 3.1 (type A)<\/li><\/ul>\n\n\n\n<p><strong>Prise 8 broches<\/strong><\/p>\n\n\n\n<ul class=\"wp-block-list\"><li>\u00c9quip\u00e9 (mini DIN)<\/li><\/ul>\n<\/div><\/div>\n<\/div><\/div>\n\n\n\n<div class=\"ghostkit-grid ghostkit-grid-gap-md\"><div class=\"ghostkit-grid-inner\">\n<div class=\"ghostkit-col ghostkit-col-lg-12 ghostkit-col-4\"><div class=\"ghostkit-col-content is-layout-flow wp-block-ghostkit-grid-column-is-layout-flow\">\n<h3 class=\"wp-block-heading\">Environnement<\/h3>\n\n\n\n<p><strong>Temp\u00e9rature<\/strong><\/p>\n\n\n\n<ul class=\"wp-block-list\"><li>0 \u2011 42\u00b0C (fonctionnement)<\/li><\/ul>\n<\/div><\/div>\n\n\n\n<div class=\"ghostkit-col ghostkit-col-lg-12 ghostkit-col-4\"><div class=\"ghostkit-col-content is-layout-flow wp-block-ghostkit-grid-column-is-layout-flow\">\n<h3 class=\"wp-block-heading\">Logiciels compatibles<\/h3>\n\n\n\n<p><strong>ODMS<\/strong><\/p>\n\n\n\n<ul class=\"wp-block-list\"><li>Version 6 (ou sup\u00e9rieure)<\/li><\/ul>\n\n\n\n<p><strong>Lecteur DSS Pro<\/strong><\/p>\n\n\n\n<ul class=\"wp-block-list\"><li>Version 5.0 (ou sup\u00e9rieure)<\/li><\/ul>\n\n\n\n<p><strong>Lecteur DSS pour Mac<\/strong><\/p>\n\n\n\n<ul class=\"wp-block-list\"><li>Version 7 (ou sup\u00e9rieure)<\/li><\/ul>\n\n\n\n<p><strong>Sonorit\u00e9 Olympe<\/strong><\/p>\n\n\n\n<ul class=\"wp-block-list\"><li>Version 1.0.1 (ou sup\u00e9rieure)<\/li><\/ul>\n\n\n\n<p><strong>Outil de configuration de la p\u00e9dale<\/strong><\/p>\n\n\n\n<ul class=\"wp-block-list\"><li>Appliqu\u00e9<\/li><\/ul>\n\n\n\n<p><strong>Logiciel tiers<\/strong><\/p>\n\n\n\n<ul class=\"wp-block-list\"><li>Doit prendre en charge le contr\u00f4le via les commandes du clavier.<\/li><\/ul>\n<\/div><\/div>\n\n\n\n<div class=\"ghostkit-col ghostkit-col-lg-12 ghostkit-col-4\"><div class=\"ghostkit-col-content is-layout-flow wp-block-ghostkit-grid-column-is-layout-flow\">\n<h3 class=\"wp-block-heading\">Outil de configuration de commutateur au pied - Caract\u00e9ristiques de base<\/h3>\n\n\n\n<p><strong>Configuration des commandes \/ raccourcis clavier HID<\/strong><\/p>\n\n\n\n<ul class=\"wp-block-list\"><li>Appliqu\u00e9<\/li><\/ul>\n\n\n\n<p><strong>Touches multim\u00e9dia prises en charge (Windows)<\/strong><\/p>\n\n\n\n<ul class=\"wp-block-list\"><li>Analyser la piste suivante<\/li><li>Analyser la piste pr\u00e9c\u00e9dente<\/li><li>Arr\u00eater<\/li><li>Jouer pause<\/li><li>Muet<\/li><li>Augmenter le volume<\/li><li>Diminuer le volume<\/li><li>Lancer le lecteur multim\u00e9dia<\/li><li>Lancer le client de messagerie standard<\/li><li>Lancer la calculatrice<\/li><li>Lancer un navigateur Internet standard<\/li><li>Chercher<\/li><li>Navigateur Internet domestique<\/li><li>Retour<\/li><li>Effront\u00e9<\/li><li>Rafra\u00eechir<\/li><li>Favoris<\/li><\/ul>\n\n\n\n<p><strong>Touches multim\u00e9dia prises en charge (Mac OS)<\/strong><\/p>\n\n\n\n<ul class=\"wp-block-list\"><li>Analyser la piste suivante<\/li><li>Analyser la piste pr\u00e9c\u00e9dente<\/li><li>\u00c9jecter<\/li><li>Muet<\/li><li>Augmenter le volume<\/li><\/ul>\n\n\n\n<p><strong>Basculer entre le mode Olympus et le mode clavier HID<\/strong><\/p>\n\n\n\n<ul class=\"wp-block-list\"><li>Disponible<\/li><\/ul>\n\n\n\n<p><strong>Mod\u00e8les pour les param\u00e8tres de commutateur au pied<\/strong><\/p>\n\n\n\n<ul class=\"wp-block-list\"><li>Sauvegarder charger<\/li><\/ul>\n\n\n\n<p><strong>Mode d&#039;\u00e9criture administrateur<\/strong><\/p>\n\n\n\n<p>Appliqu\u00e9<\/p>\n<\/div><\/div>\n<\/div><\/div>\n\n\n\n<div class=\"ghostkit-grid ghostkit-grid-gap-md\"><div class=\"ghostkit-grid-inner\">\n<div class=\"ghostkit-col ghostkit-col-lg-12 ghostkit-col-4\"><div class=\"ghostkit-col-content is-layout-flow wp-block-ghostkit-grid-column-is-layout-flow\">\n<h3 class=\"wp-block-heading\">Syst\u00e8mes d&#039;exploitation et configuration requise<\/h3>\n\n\n\n<p><strong>les fen\u00eatres<\/strong><\/p>\n\n\n\n<ul class=\"wp-block-list\"><li>Syst\u00e8me d&#039;exploitation : Windows Vista\/7\/8\/8.1\/10<\/li><\/ul>\n\n\n\n<p><strong>Macintosh<\/strong><\/p>\n\n\n\n<ul class=\"wp-block-list\"><li>Syst\u00e8me d&#039;exploitation : Mac OS X 10.9 \u2011 10.15<\/li><\/ul>\n<\/div><\/div>\n\n\n\n<div class=\"ghostkit-col ghostkit-col-lg-12 ghostkit-col-4\"><div class=\"ghostkit-col-content is-layout-flow wp-block-ghostkit-grid-column-is-layout-flow\">\n<h3 class=\"wp-block-heading\">Mat\u00e9riel Olympus compatible<\/h3>\n\n\n\n<p><strong>Noter<\/strong><\/p>\n\n\n\n<p>Remarque : L&#039;enregistreur vocal doit \u00eatre plac\u00e9 dans sa station d&#039;accueil pour \u00eatre t\u00e9l\u00e9command\u00e9 avec une p\u00e9dale ou une t\u00e9l\u00e9commande. Retrouvez ci-dessous les combinaisons n\u00e9cessaires.<\/p>\n\n\n\n<p><strong>CR20<\/strong><\/p>\n\n\n\n<ul class=\"wp-block-list\"><li>DS-F1 (VoiSquare)<\/li><\/ul>\n\n\n\n<p><strong>CR15<\/strong><\/p>\n\n\n\n<ul class=\"wp-block-list\"><li>DS-7000<\/li><li>DS-3500<\/li><\/ul>\n\n\n\n<p><strong>CR10<\/strong><\/p>\n\n\n\n<ul class=\"wp-block-list\"><li>DS-5500<\/li><li>DS-5000 \/ 5000ID<\/li><li>DS-3400<\/li><\/ul>\n\n\n\n<p><strong>CR3A<\/strong><\/p>\n\n\n\n<ul class=\"wp-block-list\"><li>DS-4000<\/li><li>DS-3300<\/li><\/ul>\n<\/div><\/div>\n\n\n\n<div class=\"ghostkit-col ghostkit-col-lg-12 ghostkit-col-4 is-layout-flow wp-block-ghostkit-grid-column-is-layout-flow\"><div class=\"ghostkit-col-content\"><\/div><\/div>\n<\/div><\/div>\n\n\n\n<p><\/p>","protected":false},"featured_media":1113,"template":"","meta":{"ghostkit_customizer_options":"","ghostkit_custom_css":"","ghostkit_custom_js_head":"","ghostkit_custom_js_foot":"","ghostkit_typography":""},"product_category":[54],"class_list":["post-1111","product","type-product","status-publish","has-post-thumbnail","hentry","product_category-accessories"],"yoast_head":"<!-- This site is optimized with the Yoast SEO plugin v27.3 - https:\/\/yoast.com\/product\/yoast-seo-wordpress\/ -->\n<title>RS28H-USB Foot Switch with 3 pedals - Professional Audio Support<\/title>\n<meta name=\"robots\" content=\"index, follow, max-snippet:-1, max-image-preview:large, max-video-preview:-1\" \/>\n<link rel=\"canonical\" href=\"https:\/\/audiosupport.omsystem.com\/fr\/product\/rs28h-usb-foot-switch-with-3-pedals\/\" \/>\n<meta property=\"og:locale\" content=\"fr_FR\" \/>\n<meta property=\"og:type\" content=\"article\" \/>\n<meta property=\"og:title\" content=\"RS28H-USB Foot Switch with 3 pedals - Professional Audio Support\" \/>\n<meta property=\"og:url\" content=\"https:\/\/audiosupport.omsystem.com\/fr\/product\/rs28h-usb-foot-switch-with-3-pedals\/\" \/>\n<meta property=\"og:site_name\" content=\"Professional Audio Support\" \/>\n<meta property=\"article:modified_time\" content=\"2022-04-20T14:11:33+00:00\" \/>\n<meta property=\"og:image\" content=\"https:\/\/audiosupport.omsystem.com\/wp-content\/uploads\/2021\/12\/AUDIO_RS28H__Product_351.jpg\" \/>\n\t<meta property=\"og:image:width\" content=\"1920\" \/>\n\t<meta property=\"og:image:height\" content=\"1440\" \/>\n\t<meta property=\"og:image:type\" content=\"image\/jpeg\" \/>\n<meta name=\"twitter:card\" content=\"summary_large_image\" \/>\n<meta name=\"twitter:label1\" content=\"Dur\u00e9e de lecture estim\u00e9e\" \/>\n\t<meta name=\"twitter:data1\" content=\"2 minutes\" \/>\n<script type=\"application\/ld+json\" class=\"yoast-schema-graph\">{\"@context\":\"https:\\\/\\\/schema.org\",\"@graph\":[{\"@type\":\"WebPage\",\"@id\":\"https:\\\/\\\/audiosupport.omsystem.com\\\/product\\\/rs28h-usb-foot-switch-with-3-pedals\\\/\",\"url\":\"https:\\\/\\\/audiosupport.omsystem.com\\\/product\\\/rs28h-usb-foot-switch-with-3-pedals\\\/\",\"name\":\"RS28H-USB Foot Switch with 3 pedals - Professional Audio Support\",\"isPartOf\":{\"@id\":\"https:\\\/\\\/audiosupport.omsystem.com\\\/en\\\/#website\"},\"primaryImageOfPage\":{\"@id\":\"https:\\\/\\\/audiosupport.omsystem.com\\\/product\\\/rs28h-usb-foot-switch-with-3-pedals\\\/#primaryimage\"},\"image\":{\"@id\":\"https:\\\/\\\/audiosupport.omsystem.com\\\/product\\\/rs28h-usb-foot-switch-with-3-pedals\\\/#primaryimage\"},\"thumbnailUrl\":\"https:\\\/\\\/audiosupport.omsystem.com\\\/wp-content\\\/uploads\\\/2021\\\/12\\\/AUDIO_RS28H__Product_351.jpg\",\"datePublished\":\"2021-12-09T16:20:53+00:00\",\"dateModified\":\"2022-04-20T14:11:33+00:00\",\"breadcrumb\":{\"@id\":\"https:\\\/\\\/audiosupport.omsystem.com\\\/product\\\/rs28h-usb-foot-switch-with-3-pedals\\\/#breadcrumb\"},\"inLanguage\":\"fr-FR\",\"potentialAction\":[{\"@type\":\"ReadAction\",\"target\":[\"https:\\\/\\\/audiosupport.omsystem.com\\\/product\\\/rs28h-usb-foot-switch-with-3-pedals\\\/\"]}]},{\"@type\":\"ImageObject\",\"inLanguage\":\"fr-FR\",\"@id\":\"https:\\\/\\\/audiosupport.omsystem.com\\\/product\\\/rs28h-usb-foot-switch-with-3-pedals\\\/#primaryimage\",\"url\":\"https:\\\/\\\/audiosupport.omsystem.com\\\/wp-content\\\/uploads\\\/2021\\\/12\\\/AUDIO_RS28H__Product_351.jpg\",\"contentUrl\":\"https:\\\/\\\/audiosupport.omsystem.com\\\/wp-content\\\/uploads\\\/2021\\\/12\\\/AUDIO_RS28H__Product_351.jpg\",\"width\":1920,\"height\":1440},{\"@type\":\"BreadcrumbList\",\"@id\":\"https:\\\/\\\/audiosupport.omsystem.com\\\/product\\\/rs28h-usb-foot-switch-with-3-pedals\\\/#breadcrumb\",\"itemListElement\":[{\"@type\":\"ListItem\",\"position\":1,\"name\":\"Home\",\"item\":\"https:\\\/\\\/audiosupport.omsystem.com\\\/\"},{\"@type\":\"ListItem\",\"position\":2,\"name\":\"RS28H-USB Foot Switch with 3 pedals\"}]},{\"@type\":\"WebSite\",\"@id\":\"https:\\\/\\\/audiosupport.omsystem.com\\\/en\\\/#website\",\"url\":\"https:\\\/\\\/audiosupport.omsystem.com\\\/en\\\/\",\"name\":\"Professional Audio Support\",\"description\":\"OM Digital Solutions\",\"potentialAction\":[{\"@type\":\"SearchAction\",\"target\":{\"@type\":\"EntryPoint\",\"urlTemplate\":\"https:\\\/\\\/audiosupport.omsystem.com\\\/en\\\/?s={search_term_string}\"},\"query-input\":{\"@type\":\"PropertyValueSpecification\",\"valueRequired\":true,\"valueName\":\"search_term_string\"}}],\"inLanguage\":\"fr-FR\"}]}<\/script>\n<!-- \/ Yoast SEO plugin. -->","yoast_head_json":{"title":"P\u00e9dale RS28H-USB avec 3 p\u00e9dales - Support audio professionnel","robots":{"index":"index","follow":"follow","max-snippet":"max-snippet:-1","max-image-preview":"max-image-preview:large","max-video-preview":"max-video-preview:-1"},"canonical":"https:\/\/audiosupport.omsystem.com\/fr\/product\/rs28h-usb-foot-switch-with-3-pedals\/","og_locale":"fr_FR","og_type":"article","og_title":"RS28H-USB Foot Switch with 3 pedals - Professional Audio Support","og_url":"https:\/\/audiosupport.omsystem.com\/fr\/product\/rs28h-usb-foot-switch-with-3-pedals\/","og_site_name":"Professional Audio Support","article_modified_time":"2022-04-20T14:11:33+00:00","og_image":[{"width":1920,"height":1440,"url":"https:\/\/audiosupport.omsystem.com\/wp-content\/uploads\/2021\/12\/AUDIO_RS28H__Product_351.jpg","type":"image\/jpeg"}],"twitter_card":"summary_large_image","twitter_misc":{"Dur\u00e9e de lecture estim\u00e9e":"2 minutes"},"schema":{"@context":"https:\/\/schema.org","@graph":[{"@type":"WebPage","@id":"https:\/\/audiosupport.omsystem.com\/product\/rs28h-usb-foot-switch-with-3-pedals\/","url":"https:\/\/audiosupport.omsystem.com\/product\/rs28h-usb-foot-switch-with-3-pedals\/","name":"P\u00e9dale RS28H-USB avec 3 p\u00e9dales - Support audio professionnel","isPartOf":{"@id":"https:\/\/audiosupport.omsystem.com\/en\/#website"},"primaryImageOfPage":{"@id":"https:\/\/audiosupport.omsystem.com\/product\/rs28h-usb-foot-switch-with-3-pedals\/#primaryimage"},"image":{"@id":"https:\/\/audiosupport.omsystem.com\/product\/rs28h-usb-foot-switch-with-3-pedals\/#primaryimage"},"thumbnailUrl":"https:\/\/audiosupport.omsystem.com\/wp-content\/uploads\/2021\/12\/AUDIO_RS28H__Product_351.jpg","datePublished":"2021-12-09T16:20:53+00:00","dateModified":"2022-04-20T14:11:33+00:00","breadcrumb":{"@id":"https:\/\/audiosupport.omsystem.com\/product\/rs28h-usb-foot-switch-with-3-pedals\/#breadcrumb"},"inLanguage":"fr-FR","potentialAction":[{"@type":"ReadAction","target":["https:\/\/audiosupport.omsystem.com\/product\/rs28h-usb-foot-switch-with-3-pedals\/"]}]},{"@type":"ImageObject","inLanguage":"fr-FR","@id":"https:\/\/audiosupport.omsystem.com\/product\/rs28h-usb-foot-switch-with-3-pedals\/#primaryimage","url":"https:\/\/audiosupport.omsystem.com\/wp-content\/uploads\/2021\/12\/AUDIO_RS28H__Product_351.jpg","contentUrl":"https:\/\/audiosupport.omsystem.com\/wp-content\/uploads\/2021\/12\/AUDIO_RS28H__Product_351.jpg","width":1920,"height":1440},{"@type":"BreadcrumbList","@id":"https:\/\/audiosupport.omsystem.com\/product\/rs28h-usb-foot-switch-with-3-pedals\/#breadcrumb","itemListElement":[{"@type":"ListItem","position":1,"name":"Home","item":"https:\/\/audiosupport.omsystem.com\/"},{"@type":"ListItem","position":2,"name":"RS28H-USB Foot Switch with 3 pedals"}]},{"@type":"WebSite","@id":"https:\/\/audiosupport.omsystem.com\/en\/#website","url":"https:\/\/audiosupport.omsystem.com\/en\/","name":"Assistance audio professionnelle","description":"Solutions num\u00e9riques OM","potentialAction":[{"@type":"SearchAction","target":{"@type":"EntryPoint","urlTemplate":"https:\/\/audiosupport.omsystem.com\/en\/?s={search_term_string}"},"query-input":{"@type":"PropertyValueSpecification","valueRequired":true,"valueName":"search_term_string"}}],"inLanguage":"fr-FR"}]}},"_links":{"self":[{"href":"https:\/\/audiosupport.omsystem.com\/fr\/wp-json\/wp\/v2\/product\/1111","targetHints":{"allow":["GET"]}}],"collection":[{"href":"https:\/\/audiosupport.omsystem.com\/fr\/wp-json\/wp\/v2\/product"}],"about":[{"href":"https:\/\/audiosupport.omsystem.com\/fr\/wp-json\/wp\/v2\/types\/product"}],"wp:featuredmedia":[{"embeddable":true,"href":"https:\/\/audiosupport.omsystem.com\/fr\/wp-json\/wp\/v2\/media\/1113"}],"wp:attachment":[{"href":"https:\/\/audiosupport.omsystem.com\/fr\/wp-json\/wp\/v2\/media?parent=1111"}],"wp:term":[{"taxonomy":"product_category","embeddable":true,"href":"https:\/\/audiosupport.omsystem.com\/fr\/wp-json\/wp\/v2\/product_category?post=1111"}],"curies":[{"name":"wp","href":"https:\/\/api.w.org\/{rel}","templated":true}]}}