{"id":1050,"date":"2021-12-07T20:46:17","date_gmt":"2021-12-07T20:46:17","guid":{"rendered":"https:\/\/olympus2.gliffen.com\/~opdsupport\/?post_type=product&#038;p=1050"},"modified":"2024-11-28T16:23:12","modified_gmt":"2024-11-28T16:23:12","slug":"rs31h-usb-foot-switch-with-4-pedals","status":"publish","type":"product","link":"https:\/\/audiosupport.omsystem.com\/fr\/product\/rs31h-usb-foot-switch-with-4-pedals\/","title":{"rendered":"RS31H- Interrupteur au pied USB avec 4 p\u00e9dales"},"content":{"rendered":"<div class=\"ghostkit-grid ghostkit-grid-gap-md\"><div class=\"ghostkit-grid-inner\">\n<div class=\"ghostkit-col ghostkit-col-lg-12 ghostkit-col-4\"><div class=\"ghostkit-col-content is-layout-flow wp-block-ghostkit-grid-column-is-layout-flow\">\n<h3 class=\"wp-block-heading\" id=\"recommended-application-area\">Domaine d&#039;application recommand\u00e9<\/h3>\n\n\n\n<p><strong>Application<\/strong><\/p>\n\n\n\n<ul class=\"wp-block-list\">\n<li>Transcription<\/li>\n<\/ul>\n<\/div><\/div>\n\n\n\n<div class=\"ghostkit-col ghostkit-col-lg-12 ghostkit-col-4\"><div class=\"ghostkit-col-content is-layout-flow wp-block-ghostkit-grid-column-is-layout-flow\">\n<h3 class=\"wp-block-heading\" id=\"control-buttons\">Boutons de contr\u00f4le<\/h3>\n\n\n\n<p><strong>Nombre de boutons\u00a0:<\/strong><\/p>\n\n\n\n<ul class=\"wp-block-list\">\n<li>4<\/li>\n<\/ul>\n\n\n\n<p><strong>Bouton(s) verrouillable(s)\u00a0:<\/strong><\/p>\n\n\n\n<ul class=\"wp-block-list\">\n<li>P\u00e9dale sup\u00e9rieure ou centrale<\/li>\n<\/ul>\n\n\n\n<p><strong>Boutons configurables par logiciel<\/strong><\/p>\n\n\n\n<ul class=\"wp-block-list\">\n<li>Appliqu\u00e9<\/li>\n<\/ul>\n\n\n\n<p><strong>Tapis antid\u00e9rapant:<\/strong><\/p>\n\n\n\n<ul class=\"wp-block-list\">\n<li>\u00c9quip\u00e9<\/li>\n<\/ul>\n<\/div><\/div>\n\n\n\n<div class=\"ghostkit-col ghostkit-col-lg-12 ghostkit-col-4\"><div class=\"ghostkit-col-content is-layout-flow wp-block-ghostkit-grid-column-is-layout-flow\">\n<h3 class=\"wp-block-heading\" id=\"operation-modes\">Modes de fonctionnement<\/h3>\n\n\n\n<p><strong>Mode Olympe<\/strong><\/p>\n\n\n\n<ul class=\"wp-block-list\">\n<li>Disponible (par d\u00e9faut)<\/li>\n<\/ul>\n\n\n\n<p><strong>Mode clavier HID<\/strong><\/p>\n\n\n\n<ul class=\"wp-block-list\">\n<li>Disponible (facultatif)<\/li>\n<\/ul>\n\n\n\n<p><strong>Comportement possible de la p\u00e9dale en mode clavier HID<\/strong><\/p>\n\n\n\n<p><strong>Seul<\/strong><\/p>\n\n\n\n<ul class=\"wp-block-list\">\n<li>D\u00e9clenche une fois la commande clavier d\u00e9finie en un seul clic.<\/li>\n<\/ul>\n\n\n\n<p><strong>Double<\/strong><\/p>\n\n\n\n<ul class=\"wp-block-list\">\n<li>D\u00e9clenche une fois la commande clavier d\u00e9finie \u00e0 la fois en appuyant et en rel\u00e2chant. Parfait pour les fonctions de basculement comme Lecture\/Pause.<\/li>\n<\/ul>\n\n\n\n<p><strong>Long<\/strong><\/p>\n\n\n\n<ul class=\"wp-block-list\">\n<li>D\u00e9clenche la commande clavier d\u00e9finie en continu jusqu&#039;\u00e0 ce que la p\u00e9dale soit rel\u00e2ch\u00e9e. (comme un clavier normal)<\/li>\n<\/ul>\n<\/div><\/div>\n<\/div><\/div>\n\n\n\n<div class=\"ghostkit-grid ghostkit-grid-gap-md\"><div class=\"ghostkit-grid-inner\">\n<div class=\"ghostkit-col ghostkit-col-lg-12 ghostkit-col-4\"><div class=\"ghostkit-col-content is-layout-flow wp-block-ghostkit-grid-column-is-layout-flow\">\n<h3 class=\"wp-block-heading\" id=\"dimensions-weight\">Dimensions \/ Poids<\/h3>\n\n\n\n<p><strong>Longueur de c\u00e2ble<\/strong><\/p>\n\n\n\n<ul class=\"wp-block-list\">\n<li>2.5m<\/li>\n<\/ul>\n\n\n\n<p><strong>Poids<\/strong><\/p>\n\n\n\n<ul class=\"wp-block-list\">\n<li>773g<\/li>\n<\/ul>\n\n\n\n<p><strong>Hauteur<\/strong><\/p>\n\n\n\n<ul class=\"wp-block-list\">\n<li>40,5 mm<\/li>\n<\/ul>\n\n\n\n<p><strong>Largeur<\/strong><\/p>\n\n\n\n<ul class=\"wp-block-list\">\n<li>214mm<\/li>\n<\/ul>\n\n\n\n<p><strong>Profondeur<\/strong><\/p>\n\n\n\n<ul class=\"wp-block-list\">\n<li>144mm<\/li>\n<\/ul>\n<\/div><\/div>\n\n\n\n<div class=\"ghostkit-col ghostkit-col-lg-12 ghostkit-col-4\"><div class=\"ghostkit-col-content is-layout-flow wp-block-ghostkit-grid-column-is-layout-flow\">\n<h3 class=\"wp-block-heading\" id=\"exterior\">Ext\u00e9rieur<\/h3>\n\n\n\n<p><strong>Couleurs disponibles<\/strong><\/p>\n\n\n\n<ul class=\"wp-block-list\">\n<li>Gris fonc\u00e9<\/li>\n<\/ul>\n<\/div><\/div>\n\n\n\n<div class=\"ghostkit-col ghostkit-col-lg-12 ghostkit-col-4\"><div class=\"ghostkit-col-content is-layout-flow wp-block-ghostkit-grid-column-is-layout-flow\">\n<h3 class=\"wp-block-heading\" id=\"connections\">Connexions<\/h3>\n\n\n\n<p><strong>port USB<\/strong><\/p>\n\n\n\n<ul class=\"wp-block-list\">\n<li>1.0\/ 1.1\/ 2.0\/ 3.0\/ 3.1 (type A)<\/li>\n<\/ul>\n\n\n\n<p><strong>Prise 8 broches<\/strong><\/p>\n\n\n\n<ul class=\"wp-block-list\">\n<li>\u00c9quip\u00e9 (mini DIN)<\/li>\n<\/ul>\n<\/div><\/div>\n<\/div><\/div>\n\n\n\n<div class=\"ghostkit-grid ghostkit-grid-gap-md\"><div class=\"ghostkit-grid-inner\">\n<div class=\"ghostkit-col ghostkit-col-lg-12 ghostkit-col-4\"><div class=\"ghostkit-col-content is-layout-flow wp-block-ghostkit-grid-column-is-layout-flow\">\n<h3 class=\"wp-block-heading\" id=\"environment\">Environnement<\/h3>\n\n\n\n<p><strong>Temp\u00e9rature<\/strong><\/p>\n\n\n\n<ul class=\"wp-block-list\">\n<li>0 \u2011 42\u00b0C (fonctionnement)<\/li>\n<\/ul>\n<\/div><\/div>\n\n\n\n<div class=\"ghostkit-col ghostkit-col-lg-12 ghostkit-col-4\"><div class=\"ghostkit-col-content is-layout-flow wp-block-ghostkit-grid-column-is-layout-flow\">\n<h3 class=\"wp-block-heading\" id=\"compatible-software\">Logiciels compatibles<\/h3>\n\n\n\n<p><strong>ODMS<\/strong><\/p>\n\n\n\n<ul class=\"wp-block-list\">\n<li>Version 6 (ou sup\u00e9rieure)<\/li>\n<\/ul>\n\n\n\n<p><strong>Norme de lecteur DSS<\/strong><\/p>\n\n\n\n<ul class=\"wp-block-list\">\n<li>Version 2<\/li>\n<\/ul>\n\n\n\n<p><strong>Lecteur DSS pour Mac<\/strong><\/p>\n\n\n\n<ul class=\"wp-block-list\">\n<li>Version 7.3.0 (ou sup\u00e9rieure)<\/li>\n<\/ul>\n\n\n\n<p><sub>Remarque : la configuration des boutons ne peut pas \u00eatre personnalis\u00e9e sur l&#039;application.<\/sub><\/p>\n\n\n\n<p><strong>Sonorit\u00e9 Olympe<\/strong><\/p>\n\n\n\n<ul class=\"wp-block-list\">\n<li>Version 1.0.1 (ou sup\u00e9rieure)<\/li>\n<\/ul>\n\n\n\n<p><strong>Lecteur DSS Pro<\/strong><\/p>\n\n\n\n<ul class=\"wp-block-list\">\n<li>Version 5.0 (ou sup\u00e9rieure)<\/li>\n<\/ul>\n\n\n\n<p><strong>Outil de configuration de la p\u00e9dale<\/strong><\/p>\n\n\n\n<ul class=\"wp-block-list\">\n<li>Appliqu\u00e9<\/li>\n<\/ul>\n\n\n\n<p><strong>Logiciel tiers<\/strong><\/p>\n\n\n\n<ul class=\"wp-block-list\">\n<li>Doit prendre en charge le contr\u00f4le via les commandes du clavier.<\/li>\n<\/ul>\n<\/div><\/div>\n\n\n\n<div class=\"ghostkit-col ghostkit-col-lg-12 ghostkit-col-4\"><div class=\"ghostkit-col-content is-layout-flow wp-block-ghostkit-grid-column-is-layout-flow\">\n<h3 class=\"wp-block-heading\" id=\"foot-switch-configuration-tool-basic-features\">Outil de configuration de commutateur au pied - Caract\u00e9ristiques de base<\/h3>\n\n\n\n<p><strong>Configuration des commandes \/ raccourcis clavier HID<\/strong><\/p>\n\n\n\n<ul class=\"wp-block-list\">\n<li>Appliqu\u00e9<\/li>\n<\/ul>\n\n\n\n<p><strong>Touches multim\u00e9dia prises en charge (Windows)<\/strong><\/p>\n\n\n\n<ul class=\"wp-block-list\">\n<li>Analyser la piste suivante<\/li>\n\n\n\n<li>Analyser la piste pr\u00e9c\u00e9dente<\/li>\n\n\n\n<li>Arr\u00eater<\/li>\n\n\n\n<li>Jouer pause<\/li>\n\n\n\n<li>Muet<\/li>\n\n\n\n<li>Augmenter le volume<\/li>\n\n\n\n<li>Diminuer le volume<\/li>\n\n\n\n<li>Lancer le lecteur multim\u00e9dia<\/li>\n\n\n\n<li>Lancer le client de messagerie standard<\/li>\n\n\n\n<li>Lancer la calculatrice<\/li>\n\n\n\n<li>Lancer un navigateur Internet standard<\/li>\n\n\n\n<li>Chercher<\/li>\n\n\n\n<li>Navigateur Internet domestique<\/li>\n\n\n\n<li>Retour<\/li>\n\n\n\n<li>Effront\u00e9<\/li>\n\n\n\n<li>Rafra\u00eechir<\/li>\n\n\n\n<li>Favoris<\/li>\n<\/ul>\n\n\n\n<p><strong>Touches multim\u00e9dia prises en charge (Mac OS)<\/strong><\/p>\n\n\n\n<ul class=\"wp-block-list\">\n<li>Analyser la piste suivante<\/li>\n\n\n\n<li>Analyser la piste pr\u00e9c\u00e9dente<\/li>\n\n\n\n<li>\u00c9jecter<\/li>\n\n\n\n<li>Muet<\/li>\n\n\n\n<li>Augmenter le volume<\/li>\n<\/ul>\n\n\n\n<p><strong>Basculer entre le mode Olympus et le mode clavier HID<\/strong><\/p>\n\n\n\n<ul class=\"wp-block-list\">\n<li>Disponible<\/li>\n<\/ul>\n\n\n\n<p><strong>Mod\u00e8les pour les param\u00e8tres de commutateur au pied<\/strong><\/p>\n\n\n\n<ul class=\"wp-block-list\">\n<li>Sauvegarder charger<\/li>\n<\/ul>\n\n\n\n<p><strong>Mode d&#039;\u00e9criture administrateur<\/strong><\/p>\n\n\n\n<ul class=\"wp-block-list\">\n<li>Appliqu\u00e9<\/li>\n<\/ul>\n<\/div><\/div>\n<\/div><\/div>\n\n\n\n<div class=\"ghostkit-grid ghostkit-grid-gap-md\"><div class=\"ghostkit-grid-inner\">\n<div class=\"ghostkit-col ghostkit-col-lg-12 ghostkit-col-4\"><div class=\"ghostkit-col-content is-layout-flow wp-block-ghostkit-grid-column-is-layout-flow\">\n<h3 class=\"wp-block-heading\" id=\"operating-systems-requirements\">Syst\u00e8mes d&#039;exploitation et configuration requise<\/h3>\n\n\n\n<p><strong>les fen\u00eatres<\/strong><\/p>\n\n\n\n<ul class=\"wp-block-list\">\n<li>Syst\u00e8me d&#039;exploitation : Windows Vista\/7\/8\/8.1\/10<\/li>\n<\/ul>\n\n\n\n<p><strong>Macintosh<\/strong><\/p>\n\n\n\n<ul class=\"wp-block-list\">\n<li>Syst\u00e8me d&#039;exploitation : Mac OS X 10.9 \u2011 10.15<\/li>\n<\/ul>\n<\/div><\/div>\n\n\n\n<div class=\"ghostkit-col ghostkit-col-lg-12 ghostkit-col-4\"><div class=\"ghostkit-col-content is-layout-flow wp-block-ghostkit-grid-column-is-layout-flow\">\n<h3 class=\"wp-block-heading\" id=\"compatible-olympus-hardware\">Mat\u00e9riel Olympus compatible<\/h3>\n\n\n\n<p><strong>Noter<\/strong><\/p>\n\n\n\n<p>Pour faire fonctionner l&#039;enregistreur vocal, il doit \u00eatre plac\u00e9 dans son socle. Trouvez ci-dessous la combinaison n\u00e9cessaire.<\/p>\n\n\n\n<p><strong>CR20<\/strong><\/p>\n\n\n\n<ul class=\"wp-block-list\">\n<li>DS-F1 (VoiSquare)<\/li>\n<\/ul>\n\n\n\n<p><strong>CR15<\/strong><\/p>\n\n\n\n<ul class=\"wp-block-list\">\n<li>DS-7000<\/li>\n\n\n\n<li>DS-3500<\/li>\n<\/ul>\n\n\n\n<p><strong>CR10<\/strong><\/p>\n\n\n\n<ul class=\"wp-block-list\">\n<li>DS-5500<\/li>\n\n\n\n<li>DS-5000 \/ 5000ID<\/li>\n\n\n\n<li>DS-3400<\/li>\n<\/ul>\n\n\n\n<p><strong>CR3A<\/strong><\/p>\n\n\n\n<ul class=\"wp-block-list\">\n<li>DS-4000<\/li>\n\n\n\n<li>DS-3300<\/li>\n<\/ul>\n<\/div><\/div>\n\n\n\n<div class=\"ghostkit-col ghostkit-col-lg-12 ghostkit-col-4 is-layout-flow wp-block-ghostkit-grid-column-is-layout-flow\"><div class=\"ghostkit-col-content\"><\/div><\/div>\n<\/div><\/div>","protected":false},"featured_media":1051,"template":"","meta":{"ghostkit_customizer_options":"","ghostkit_custom_css":"","ghostkit_custom_js_head":"","ghostkit_custom_js_foot":"","ghostkit_typography":""},"product_category":[54],"class_list":["post-1050","product","type-product","status-publish","has-post-thumbnail","hentry","product_category-accessories"],"yoast_head":"<!-- This site is optimized with the Yoast SEO plugin v27.4 - https:\/\/yoast.com\/product\/yoast-seo-wordpress\/ -->\n<title>RS31H- USB Foot Switch with 4 pedals - Professional Audio Support<\/title>\n<meta name=\"robots\" content=\"index, follow, max-snippet:-1, max-image-preview:large, max-video-preview:-1\" \/>\n<link rel=\"canonical\" href=\"https:\/\/audiosupport.omsystem.com\/fr\/product\/rs31h-usb-foot-switch-with-4-pedals\/\" \/>\n<meta property=\"og:locale\" content=\"fr_FR\" \/>\n<meta property=\"og:type\" content=\"article\" \/>\n<meta property=\"og:title\" content=\"RS31H- USB Foot Switch with 4 pedals - Professional Audio Support\" \/>\n<meta property=\"og:url\" content=\"https:\/\/audiosupport.omsystem.com\/fr\/product\/rs31h-usb-foot-switch-with-4-pedals\/\" \/>\n<meta property=\"og:site_name\" content=\"Professional Audio Support\" \/>\n<meta property=\"article:modified_time\" content=\"2024-11-28T16:23:12+00:00\" \/>\n<meta property=\"og:image\" content=\"https:\/\/audiosupport.omsystem.com\/wp-content\/uploads\/2021\/12\/RS-31.jpg\" \/>\n\t<meta property=\"og:image:width\" content=\"350\" \/>\n\t<meta property=\"og:image:height\" content=\"300\" \/>\n\t<meta property=\"og:image:type\" content=\"image\/jpeg\" \/>\n<meta name=\"twitter:card\" content=\"summary_large_image\" \/>\n<meta name=\"twitter:label1\" content=\"Dur\u00e9e de lecture estim\u00e9e\" \/>\n\t<meta name=\"twitter:data1\" content=\"2 minutes\" \/>\n<script type=\"application\/ld+json\" class=\"yoast-schema-graph\">{\"@context\":\"https:\\\/\\\/schema.org\",\"@graph\":[{\"@type\":\"WebPage\",\"@id\":\"https:\\\/\\\/audiosupport.omsystem.com\\\/product\\\/rs31h-usb-foot-switch-with-4-pedals\\\/\",\"url\":\"https:\\\/\\\/audiosupport.omsystem.com\\\/product\\\/rs31h-usb-foot-switch-with-4-pedals\\\/\",\"name\":\"RS31H- USB Foot Switch with 4 pedals - Professional Audio Support\",\"isPartOf\":{\"@id\":\"https:\\\/\\\/audiosupport.omsystem.com\\\/en\\\/#website\"},\"primaryImageOfPage\":{\"@id\":\"https:\\\/\\\/audiosupport.omsystem.com\\\/product\\\/rs31h-usb-foot-switch-with-4-pedals\\\/#primaryimage\"},\"image\":{\"@id\":\"https:\\\/\\\/audiosupport.omsystem.com\\\/product\\\/rs31h-usb-foot-switch-with-4-pedals\\\/#primaryimage\"},\"thumbnailUrl\":\"https:\\\/\\\/audiosupport.omsystem.com\\\/wp-content\\\/uploads\\\/2021\\\/12\\\/RS-31.jpg\",\"datePublished\":\"2021-12-07T20:46:17+00:00\",\"dateModified\":\"2024-11-28T16:23:12+00:00\",\"breadcrumb\":{\"@id\":\"https:\\\/\\\/audiosupport.omsystem.com\\\/product\\\/rs31h-usb-foot-switch-with-4-pedals\\\/#breadcrumb\"},\"inLanguage\":\"fr-FR\",\"potentialAction\":[{\"@type\":\"ReadAction\",\"target\":[\"https:\\\/\\\/audiosupport.omsystem.com\\\/product\\\/rs31h-usb-foot-switch-with-4-pedals\\\/\"]}]},{\"@type\":\"ImageObject\",\"inLanguage\":\"fr-FR\",\"@id\":\"https:\\\/\\\/audiosupport.omsystem.com\\\/product\\\/rs31h-usb-foot-switch-with-4-pedals\\\/#primaryimage\",\"url\":\"https:\\\/\\\/audiosupport.omsystem.com\\\/wp-content\\\/uploads\\\/2021\\\/12\\\/RS-31.jpg\",\"contentUrl\":\"https:\\\/\\\/audiosupport.omsystem.com\\\/wp-content\\\/uploads\\\/2021\\\/12\\\/RS-31.jpg\",\"width\":350,\"height\":300,\"caption\":\"RS31\"},{\"@type\":\"BreadcrumbList\",\"@id\":\"https:\\\/\\\/audiosupport.omsystem.com\\\/product\\\/rs31h-usb-foot-switch-with-4-pedals\\\/#breadcrumb\",\"itemListElement\":[{\"@type\":\"ListItem\",\"position\":1,\"name\":\"Home\",\"item\":\"https:\\\/\\\/audiosupport.omsystem.com\\\/\"},{\"@type\":\"ListItem\",\"position\":2,\"name\":\"RS31H- USB Foot Switch with 4 pedals\"}]},{\"@type\":\"WebSite\",\"@id\":\"https:\\\/\\\/audiosupport.omsystem.com\\\/en\\\/#website\",\"url\":\"https:\\\/\\\/audiosupport.omsystem.com\\\/en\\\/\",\"name\":\"Professional Audio Support\",\"description\":\"OM Digital Solutions\",\"potentialAction\":[{\"@type\":\"SearchAction\",\"target\":{\"@type\":\"EntryPoint\",\"urlTemplate\":\"https:\\\/\\\/audiosupport.omsystem.com\\\/en\\\/?s={search_term_string}\"},\"query-input\":{\"@type\":\"PropertyValueSpecification\",\"valueRequired\":true,\"valueName\":\"search_term_string\"}}],\"inLanguage\":\"fr-FR\"}]}<\/script>\n<!-- \/ Yoast SEO plugin. -->","yoast_head_json":{"title":"RS31H - P\u00e9dale USB avec 4 p\u00e9dales - Support audio professionnel","robots":{"index":"index","follow":"follow","max-snippet":"max-snippet:-1","max-image-preview":"max-image-preview:large","max-video-preview":"max-video-preview:-1"},"canonical":"https:\/\/audiosupport.omsystem.com\/fr\/product\/rs31h-usb-foot-switch-with-4-pedals\/","og_locale":"fr_FR","og_type":"article","og_title":"RS31H- USB Foot Switch with 4 pedals - Professional Audio Support","og_url":"https:\/\/audiosupport.omsystem.com\/fr\/product\/rs31h-usb-foot-switch-with-4-pedals\/","og_site_name":"Professional Audio Support","article_modified_time":"2024-11-28T16:23:12+00:00","og_image":[{"width":350,"height":300,"url":"https:\/\/audiosupport.omsystem.com\/wp-content\/uploads\/2021\/12\/RS-31.jpg","type":"image\/jpeg"}],"twitter_card":"summary_large_image","twitter_misc":{"Dur\u00e9e de lecture estim\u00e9e":"2 minutes"},"schema":{"@context":"https:\/\/schema.org","@graph":[{"@type":"WebPage","@id":"https:\/\/audiosupport.omsystem.com\/product\/rs31h-usb-foot-switch-with-4-pedals\/","url":"https:\/\/audiosupport.omsystem.com\/product\/rs31h-usb-foot-switch-with-4-pedals\/","name":"RS31H - P\u00e9dale USB avec 4 p\u00e9dales - Support audio professionnel","isPartOf":{"@id":"https:\/\/audiosupport.omsystem.com\/en\/#website"},"primaryImageOfPage":{"@id":"https:\/\/audiosupport.omsystem.com\/product\/rs31h-usb-foot-switch-with-4-pedals\/#primaryimage"},"image":{"@id":"https:\/\/audiosupport.omsystem.com\/product\/rs31h-usb-foot-switch-with-4-pedals\/#primaryimage"},"thumbnailUrl":"https:\/\/audiosupport.omsystem.com\/wp-content\/uploads\/2021\/12\/RS-31.jpg","datePublished":"2021-12-07T20:46:17+00:00","dateModified":"2024-11-28T16:23:12+00:00","breadcrumb":{"@id":"https:\/\/audiosupport.omsystem.com\/product\/rs31h-usb-foot-switch-with-4-pedals\/#breadcrumb"},"inLanguage":"fr-FR","potentialAction":[{"@type":"ReadAction","target":["https:\/\/audiosupport.omsystem.com\/product\/rs31h-usb-foot-switch-with-4-pedals\/"]}]},{"@type":"ImageObject","inLanguage":"fr-FR","@id":"https:\/\/audiosupport.omsystem.com\/product\/rs31h-usb-foot-switch-with-4-pedals\/#primaryimage","url":"https:\/\/audiosupport.omsystem.com\/wp-content\/uploads\/2021\/12\/RS-31.jpg","contentUrl":"https:\/\/audiosupport.omsystem.com\/wp-content\/uploads\/2021\/12\/RS-31.jpg","width":350,"height":300,"caption":"RS31"},{"@type":"BreadcrumbList","@id":"https:\/\/audiosupport.omsystem.com\/product\/rs31h-usb-foot-switch-with-4-pedals\/#breadcrumb","itemListElement":[{"@type":"ListItem","position":1,"name":"Home","item":"https:\/\/audiosupport.omsystem.com\/"},{"@type":"ListItem","position":2,"name":"RS31H- USB Foot Switch with 4 pedals"}]},{"@type":"WebSite","@id":"https:\/\/audiosupport.omsystem.com\/en\/#website","url":"https:\/\/audiosupport.omsystem.com\/en\/","name":"Assistance audio professionnelle","description":"Solutions num\u00e9riques OM","potentialAction":[{"@type":"SearchAction","target":{"@type":"EntryPoint","urlTemplate":"https:\/\/audiosupport.omsystem.com\/en\/?s={search_term_string}"},"query-input":{"@type":"PropertyValueSpecification","valueRequired":true,"valueName":"search_term_string"}}],"inLanguage":"fr-FR"}]}},"_links":{"self":[{"href":"https:\/\/audiosupport.omsystem.com\/fr\/wp-json\/wp\/v2\/product\/1050","targetHints":{"allow":["GET"]}}],"collection":[{"href":"https:\/\/audiosupport.omsystem.com\/fr\/wp-json\/wp\/v2\/product"}],"about":[{"href":"https:\/\/audiosupport.omsystem.com\/fr\/wp-json\/wp\/v2\/types\/product"}],"wp:featuredmedia":[{"embeddable":true,"href":"https:\/\/audiosupport.omsystem.com\/fr\/wp-json\/wp\/v2\/media\/1051"}],"wp:attachment":[{"href":"https:\/\/audiosupport.omsystem.com\/fr\/wp-json\/wp\/v2\/media?parent=1050"}],"wp:term":[{"taxonomy":"product_category","embeddable":true,"href":"https:\/\/audiosupport.omsystem.com\/fr\/wp-json\/wp\/v2\/product_category?post=1050"}],"curies":[{"name":"wp","href":"https:\/\/api.w.org\/{rel}","templated":true}]}}