{"id":5811,"date":"2024-07-17T16:27:37","date_gmt":"2024-07-17T16:27:37","guid":{"rendered":"https:\/\/audiosupport.omsystem.com\/?page_id=5811"},"modified":"2024-07-19T15:05:54","modified_gmt":"2024-07-19T15:05:54","slug":"odms-cloud-knowledge-base","status":"publish","type":"page","link":"https:\/\/audiosupport.omsystem.com\/fr\/knowledge-base\/odms-cloud-knowledge-base\/","title":{"rendered":"Base de connaissances ODMS Cloud"},"content":{"rendered":"<h1 class=\"wp-block-heading has-text-align-center ghostkit-custom-ZhYPEd\" id=\"odms-cloud-knowledge-base\">Base de connaissances ODMS Cloud<\/h1>\n\n\n\n<form action=\"https:\/\/audiosupport.omsystem.com\/fr\/\" method=\"get\" class=\"row\" data-trp-original-action=\"https:\/\/audiosupport.omsystem.com\/en\/\">\n    <input type=\"hidden\" name=\"cat\" value=\"246\">\n    <div class=\"col-md-10\">\n    \t<label for=\"search\" class=\"d-none\">Chercher<\/label>\n\t<input type=\"text\" name=\"s\" id=\"search\" value=\"\" placeholder=\"Rechercher dans cette cat\u00e9gorie\" class=\"form-control\">\n    <\/div>\n    <div class=\"col-md-2\">\n\t<input type=\"submit\" value=\"Chercher\" class=\"btn btn-dark form-control\">\n    <\/div>\n<input type=\"hidden\" name=\"trp-form-language\" value=\"fr\"\/><\/form>\n\n\n\n<div style=\"height:40px\" aria-hidden=\"true\" class=\"wp-block-spacer\"><\/div>\n\n\n\n<p><strong>Contenu<\/strong><\/p>\n\n\n\n<ul class=\"wp-block-list is-style-none\">\n<li>1) <a href=\"https:\/\/audiosupport.omsystem.com\/fr\/odms-cloud\/odms-cloud-what-is-odms-cloud\/\">Qu&#039;est-ce qu&#039;ODMS Cloud<\/a><\/li>\n\n\n\n<li>2) <a href=\"https:\/\/audiosupport.omsystem.com\/fr\/odms-cloud\/odms-cloud-licences-and-roles\/\">Licences et r\u00f4les<\/a><\/li>\n\n\n\n<li>3) <a href=\"https:\/\/audiosupport.omsystem.com\/fr\/odms-cloud\/odms-cloud-supported-devices-files-formats-and-browsers\/\">Appareils, formats de fichiers et navigateurs pris en charge<\/a><\/li>\n\n\n\n<li>4) <a href=\"https:\/\/audiosupport.omsystem.com\/fr\/odms-cloud\/odms-cloud-screen-configuration-overview\/\">Aper\u00e7u de la configuration de l&#039;\u00e9cran<\/a><\/li>\n\n\n\n<li>5) <a href=\"https:\/\/audiosupport.omsystem.com\/fr\/odms-cloud\/odms-cloud-account-registration-and-settings-for-end-users\/\">Enregistrement et param\u00e8tres du compte (utilisateur final)<\/a><\/li>\n\n\n\n<li>6) <a href=\"https:\/\/audiosupport.omsystem.com\/fr\/odms-cloud\/odms-cloud-user-registration\/\">Enregistrement de l&#039;utilisateur<\/a><\/li>\n\n\n\n<li>7) <a href=\"https:\/\/audiosupport.omsystem.com\/fr\/odms-cloud\/odms-cloud-how-to-register-or-edit-administrator\/\">Enregistrer ou modifier l&#039;administrateur<\/a><\/li>\n\n\n\n<li>8) <a href=\"https:\/\/audiosupport.omsystem.com\/fr\/odms-cloud\/odms-cloud-how-to-order-licenses\/\">Commander des licences<\/a><\/li>\n\n\n\n<li>9) <a href=\"https:\/\/audiosupport.omsystem.com\/fr\/odms-cloud\/odms-cloud-how-to-activate-license-key-from-the-license-card\/\">Activer la cl\u00e9 de licence \u00e0 partir de la carte de licence<\/a><\/li>\n\n\n\n<li>10) <a href=\"https:\/\/audiosupport.omsystem.com\/fr\/odms-cloud\/odms-cloud-how-to-assign-licenses\/\">Attribuer des licences<\/a><\/li>\n\n\n\n<li>11) <a href=\"https:\/\/audiosupport.omsystem.com\/fr\/odms-cloud\/odms-cloud-how-to-configure-workflows\/\">Configurer le flux de travail<\/a><\/li>\n\n\n\n<li>13) <a href=\"https:\/\/audiosupport.omsystem.com\/fr\/odms-cloud\/odms-cloud-how-to-change-dictation-device-settings\/\">Param\u00e8tres du p\u00e9riph\u00e9rique de dict\u00e9e<\/a><\/li>\n\n\n\n<li>14) <a href=\"https:\/\/audiosupport.omsystem.com\/fr\/odms-cloud\/odms-cloud-how-to-backup-and-automatic-deletion-of-transcription-finished-files\/\">Sauvegarde et suppression automatique des fichiers de transcription termin\u00e9s<\/a><\/li>\n\n\n\n<li>15) <a href=\"https:\/\/audiosupport.omsystem.com\/fr\/odms-cloud\/odms-cloud-dictation-workflow-overview\/\">Flux de travail de dict\u00e9e<\/a>\n<ul class=\"wp-block-list\">\n<li>15.1) <a href=\"https:\/\/audiosupport.omsystem.com\/fr\/kb\/odms-cloud-dictation-workflow-3-1-dictation-information-display-screen\/\">\u00c9cran d&#039;informations sur le flux de travail de la dict\u00e9e<\/a><\/li>\n\n\n\n<li>15.2) <a href=\"https:\/\/audiosupport.omsystem.com\/fr\/odms-cloud\/odms-cloud-dictation-workflow-client-application-for-authors-and-transcriptionists\/\">Application client de flux de travail de dict\u00e9e pour auteurs et transcripteurs<\/a><\/li>\n\n\n\n<li>15.3) <a href=\"https:\/\/audiosupport.omsystem.com\/fr\/odms-cloud\/odms-cloud-dictation-workflow-how-to-configure-routing-and-automatic-routing-rules\/\">Flux de travail de dict\u00e9e Configurer le routage et les r\u00e8gles de routage automatique<\/a><\/li>\n\n\n\n<li>15.4) <a href=\"https:\/\/audiosupport.omsystem.com\/fr\/odms-cloud\/odms-cloud-dictation-workflow-how-to-upload-a-dictation-file\/\">Flux de travail de dict\u00e9e T\u00e9l\u00e9charger un fichier de dict\u00e9e<\/a><\/li>\n\n\n\n<li>15.5) <a href=\"https:\/\/audiosupport.omsystem.com\/fr\/odms-cloud\/odms-cloud-dictation-workflow-new-task-notifications\/\">Notification de nouvelle t\u00e2che du flux de travail de dict\u00e9e<\/a><\/li>\n\n\n\n<li>15.6) <a href=\"https:\/\/audiosupport.omsystem.com\/fr\/odms-cloud\/odms-cloud-dictation-workflow-how-to-select-dictation-files-for-playback-checkout-dictation-file\/\">Flux de travail de dict\u00e9e R\u00e9cup\u00e9rer le fichier de dict\u00e9e<\/a><\/li>\n\n\n\n<li>15.7) <a href=\"https:\/\/audiosupport.omsystem.com\/fr\/kb\/odms-cloud-dictation-workflow-dictation-status\/\">Statut de la dict\u00e9e du flux de travail de dict\u00e9e<\/a><\/li>\n\n\n\n<li>15.8) <a href=\"https:\/\/audiosupport.omsystem.com\/fr\/odms-cloud\/odms-cloud-dictation-workflow-how-to-configure-manual-routing\/\">Routage manuel du flux de travail de dict\u00e9e<\/a><\/li>\n\n\n\n<li>15.9) <a href=\"https:\/\/audiosupport.omsystem.com\/fr\/odms-cloud\/odms-cloud-dictation-workflow-finish-transcription-and-notification\/\">Workflow de dict\u00e9e Terminer la transcription et la notification<\/a><\/li>\n\n\n\n<li>15.10) <a href=\"https:\/\/audiosupport.omsystem.com\/fr\/odms-cloud\/odms-cloud-dictation-workflow-how-to-add-index-marks-to-a-file\/\">Modifier la priorit\u00e9 du flux de travail de dict\u00e9e et ajouter une marque d&#039;index<\/a><\/li>\n\n\n\n<li>15.11) <a href=\"https:\/\/audiosupport.omsystem.com\/fr\/odms-cloud\/odms-cloud-dictation-workflow-dictation-file-with-author-id-as-device-name\/\">Fichier de dict\u00e9e du flux de travail de dict\u00e9e avec ID d&#039;auteur comme nom de p\u00e9riph\u00e9rique<\/a><\/li>\n<\/ul>\n<\/li>\n\n\n\n<li>16) <a href=\"https:\/\/audiosupport.omsystem.com\/fr\/odms-cloud\/odms-cloud-license-management-license-types\/\">Gestion des licences - Types de licences<\/a>\n<ul class=\"wp-block-list\">\n<li>16.1) <a href=\"https:\/\/audiosupport.omsystem.com\/fr\/odms-cloud\/odms-cloud-license-management-license-information-display-screen\/\">Gestion des licences - \u00c9cran d&#039;affichage des informations sur les licences<\/a><\/li>\n\n\n\n<li>16.2) <a href=\"https:\/\/audiosupport.omsystem.com\/fr\/odms-cloud\/odms-cloud-license-management-license-management-per-user\/\">Gestion des licences \u2013 Gestion par utilisateur<\/a><\/li>\n<\/ul>\n<\/li>\n\n\n\n<li>17) <a href=\"https:\/\/audiosupport.omsystem.com\/fr\/odms-cloud\/odms-cloud-how-to-manage-users\/\">Gestion des utilisateurs<\/a>\n<ul class=\"wp-block-list\">\n<li>17.1) <a href=\"https:\/\/audiosupport.omsystem.com\/fr\/odms-cloud\/odms-cloud-how-to-manage-users-user-management-via-csv-file\/\">Gestionnaire d&#039;utilisateurs - Enregistrement des utilisateurs via un fichier CSV<\/a><\/li>\n<\/ul>\n<\/li>\n\n\n\n<li>18) <a href=\"https:\/\/audiosupport.omsystem.com\/fr\/odms-cloud\/odms-cloud-supported-devices-files-formats-and-browsers\/\">Configuration requise pour l&#039;installation et le syst\u00e8me d&#039;exploitation de l&#039;application de bureau ODMS Cloud<\/a>\n<ul class=\"wp-block-list\">\n<li>18.1) <a href=\"https:\/\/audiosupport.omsystem.com\/fr\/odms-cloud\/odms-cloud-the-desktop-interface-explained\/\">Interface d&#039;\u00e9cran de l&#039;application de bureau ODMS Cloud<\/a><\/li>\n\n\n\n<li>18.2) <a href=\"https:\/\/audiosupport.omsystem.com\/fr\/odms-cloud\/odms-cloud-desktop-app-start-up-shutdown-and-sign-in-explained\/\">Application de bureau ODMS Cloud D\u00e9marrage, arr\u00eat et connexion<\/a><\/li>\n\n\n\n<li>18.3) <a href=\"https:\/\/audiosupport.omsystem.com\/fr\/kb\/odms-cloud-the-desktop-app-ho-to-upload-a-dictation-file\/\">Application de bureau ODMS Cloud T\u00e9l\u00e9charger un fichier de dict\u00e9e<\/a><\/li>\n<\/ul>\n<\/li>\n\n\n\n<li>19) <a href=\"https:\/\/audiosupport.omsystem.com\/fr\/odms-cloud\/odms-cloud-how-to-start-and-finish-transcription\/\">Transcription de d\u00e9but et de fin du cloud ODMS<\/a><\/li>\n\n\n\n<li>20) <a href=\"https:\/\/audiosupport.omsystem.com\/fr\/odms-cloud\/odms-cloud-the-smartphone-app-how-to-download\/\">T\u00e9l\u00e9chargement de l&#039;application ODMS Cloud pour smartphone<\/a>\n<ul class=\"wp-block-list\">\n<li>20.1) <a href=\"https:\/\/audiosupport.omsystem.com\/fr\/odms-cloud\/odms-cloud-the-smartphone-app-launch-and-sign-in\/\">Lancement et connexion de l&#039;application ODMS Cloud pour smartphone<\/a><\/li>\n\n\n\n<li>20.2) <a href=\"https:\/\/audiosupport.omsystem.com\/fr\/odms-cloud\/odms-cloud-smartphone-app-the-screen-interface\/\">Application ODMS Cloud pour smartphone \u2013 Configuration de l&#039;\u00e9cran<\/a><\/li>\n\n\n\n<li>20.3) <a href=\"https:\/\/audiosupport.omsystem.com\/fr\/odms-cloud\/odms-cloud-smartphone-app-how-to-dictate-using-the-mobile-app\/\">Application ODMS Cloud pour smartphone \u2013 Dicter \u00e0 l&#039;aide de l&#039;application mobile<\/a><\/li>\n\n\n\n<li>20.4) <a href=\"https:\/\/audiosupport.omsystem.com\/fr\/odms-cloud\/odms-cloud-the-smartphone-app-how-to-delete-an-audio-recording\/\">Application ODMS Cloud pour smartphone Comment supprimer un fichier<\/a><\/li>\n\n\n\n<li>20.5) <a href=\"https:\/\/audiosupport.omsystem.com\/fr\/odms-cloud\/odms-cloud-the-smartphone-app-how-to-upload-your-audio-files-to-the-cloud\/\">T\u00e9l\u00e9chargement de fichiers d&#039;application ODMS Cloud pour smartphone<\/a><\/li>\n\n\n\n<li>20.6) <a href=\"https:\/\/audiosupport.omsystem.com\/fr\/odms-cloud\/odms-cloud-the-smartphone-app-how-to-view-your-audio-files-on-the-cloud-server\/\">Vue dans le cloud de l&#039;application ODMS Cloud pour smartphone<\/a><\/li>\n\n\n\n<li>20.7) <a href=\"https:\/\/audiosupport.omsystem.com\/fr\/odms-cloud\/odms-cloud-the-smartphone-app-how-to-sign-in-to-odms-cloud-via-your-web-browser-change-transcriptionist\/\">ODMS Cloud Smartphone App Cloud, connexion via un navigateur<\/a><\/li>\n<\/ul>\n<\/li>\n\n\n\n<li>21) <a href=\"https:\/\/audiosupport.omsystem.com\/fr\/odms-cloud\/odms-cloud-email-notifications-explained\/\">Notifications par courrier \u00e9lectronique dans le cloud ODMS<\/a>\n<ul class=\"wp-block-list\">\n<li>21.1) <a href=\"https:\/\/audiosupport.omsystem.com\/fr\/odms-cloud\/odms-cloud-timing-of-e-mail-notifications-being-sent\/\">Synchronisation ODMS Cloud des notifications par courrier \u00e9lectronique envoy\u00e9es<\/a><\/li>\n\n\n\n<li>21.2) <a href=\"https:\/\/audiosupport.omsystem.com\/fr\/odms-cloud\/odms-cloud-details-of-e-mail-notifications\/\">D\u00e9tails ODMS Cloud des notifications par e-mail<\/a><\/li>\n<\/ul>\n<\/li>\n\n\n\n<li>22) <a href=\"https:\/\/audiosupport.omsystem.com\/fr\/odms-cloud\/odms-cloud-how-to-receive-dictation-files-from-an-author-using-ds-9500-built-in-email-function\/\">Comment recevoir des fichiers de dict\u00e9e d&#039;un auteur \u00e0 l&#039;aide de la fonction de messagerie int\u00e9gr\u00e9e du DS-9500<\/a><\/li>\n<\/ul>","protected":false},"excerpt":{"rendered":"<p>Recherche dans la base de connaissances ODMS Cloud Contenu<\/p>","protected":false},"author":1,"featured_media":0,"parent":4290,"menu_order":0,"comment_status":"closed","ping_status":"closed","template":"","meta":{"ghostkit_customizer_options":"","ghostkit_custom_css":"","ghostkit_custom_js_head":"","ghostkit_custom_js_foot":"","ghostkit_typography":"","footnotes":""},"class_list":["post-5811","page","type-page","status-publish","hentry"],"yoast_head":"<!-- This site is optimized with the Yoast SEO plugin v27.3 - https:\/\/yoast.com\/product\/yoast-seo-wordpress\/ -->\n<title>ODMS Cloud Knowledge Base - Professional Audio Support<\/title>\n<meta name=\"robots\" content=\"index, follow, max-snippet:-1, max-image-preview:large, max-video-preview:-1\" \/>\n<link rel=\"canonical\" href=\"https:\/\/audiosupport.omsystem.com\/fr\/knowledge-base\/odms-cloud-knowledge-base\/\" \/>\n<meta property=\"og:locale\" content=\"fr_FR\" \/>\n<meta property=\"og:type\" content=\"article\" \/>\n<meta property=\"og:title\" content=\"ODMS Cloud Knowledge Base - Professional Audio Support\" \/>\n<meta property=\"og:description\" content=\"ODMS Cloud Knowledge Base Search Contents\" \/>\n<meta property=\"og:url\" content=\"https:\/\/audiosupport.omsystem.com\/fr\/knowledge-base\/odms-cloud-knowledge-base\/\" \/>\n<meta property=\"og:site_name\" content=\"Professional Audio Support\" \/>\n<meta property=\"article:modified_time\" content=\"2024-07-19T15:05:54+00:00\" \/>\n<meta name=\"twitter:card\" content=\"summary_large_image\" \/>\n<meta name=\"twitter:label1\" content=\"Dur\u00e9e de lecture estim\u00e9e\" \/>\n\t<meta name=\"twitter:data1\" content=\"1 minute\" \/>\n<script type=\"application\/ld+json\" class=\"yoast-schema-graph\">{\"@context\":\"https:\\\/\\\/schema.org\",\"@graph\":[{\"@type\":\"WebPage\",\"@id\":\"https:\\\/\\\/audiosupport.omsystem.com\\\/knowledge-base\\\/odms-cloud-knowledge-base\\\/\",\"url\":\"https:\\\/\\\/audiosupport.omsystem.com\\\/knowledge-base\\\/odms-cloud-knowledge-base\\\/\",\"name\":\"ODMS Cloud Knowledge Base - Professional Audio Support\",\"isPartOf\":{\"@id\":\"https:\\\/\\\/audiosupport.omsystem.com\\\/en\\\/#website\"},\"datePublished\":\"2024-07-17T16:27:37+00:00\",\"dateModified\":\"2024-07-19T15:05:54+00:00\",\"breadcrumb\":{\"@id\":\"https:\\\/\\\/audiosupport.omsystem.com\\\/knowledge-base\\\/odms-cloud-knowledge-base\\\/#breadcrumb\"},\"inLanguage\":\"fr-FR\",\"potentialAction\":[{\"@type\":\"ReadAction\",\"target\":[\"https:\\\/\\\/audiosupport.omsystem.com\\\/knowledge-base\\\/odms-cloud-knowledge-base\\\/\"]}]},{\"@type\":\"BreadcrumbList\",\"@id\":\"https:\\\/\\\/audiosupport.omsystem.com\\\/knowledge-base\\\/odms-cloud-knowledge-base\\\/#breadcrumb\",\"itemListElement\":[{\"@type\":\"ListItem\",\"position\":1,\"name\":\"Home\",\"item\":\"https:\\\/\\\/audiosupport.omsystem.com\\\/\"},{\"@type\":\"ListItem\",\"position\":2,\"name\":\"Knowledge Base\",\"item\":\"https:\\\/\\\/audiosupport.omsystem.com\\\/knowledge-base\\\/\"},{\"@type\":\"ListItem\",\"position\":3,\"name\":\"ODMS Cloud Knowledge Base\"}]},{\"@type\":\"WebSite\",\"@id\":\"https:\\\/\\\/audiosupport.omsystem.com\\\/en\\\/#website\",\"url\":\"https:\\\/\\\/audiosupport.omsystem.com\\\/en\\\/\",\"name\":\"Professional Audio Support\",\"description\":\"OM Digital Solutions\",\"potentialAction\":[{\"@type\":\"SearchAction\",\"target\":{\"@type\":\"EntryPoint\",\"urlTemplate\":\"https:\\\/\\\/audiosupport.omsystem.com\\\/en\\\/?s={search_term_string}\"},\"query-input\":{\"@type\":\"PropertyValueSpecification\",\"valueRequired\":true,\"valueName\":\"search_term_string\"}}],\"inLanguage\":\"fr-FR\"}]}<\/script>\n<!-- \/ Yoast SEO plugin. -->","yoast_head_json":{"title":"Base de connaissances ODMS Cloud - Assistance audio professionnelle","robots":{"index":"index","follow":"follow","max-snippet":"max-snippet:-1","max-image-preview":"max-image-preview:large","max-video-preview":"max-video-preview:-1"},"canonical":"https:\/\/audiosupport.omsystem.com\/fr\/knowledge-base\/odms-cloud-knowledge-base\/","og_locale":"fr_FR","og_type":"article","og_title":"ODMS Cloud Knowledge Base - Professional Audio Support","og_description":"ODMS Cloud Knowledge Base Search Contents","og_url":"https:\/\/audiosupport.omsystem.com\/fr\/knowledge-base\/odms-cloud-knowledge-base\/","og_site_name":"Professional Audio Support","article_modified_time":"2024-07-19T15:05:54+00:00","twitter_card":"summary_large_image","twitter_misc":{"Dur\u00e9e de lecture estim\u00e9e":"1 minute"},"schema":{"@context":"https:\/\/schema.org","@graph":[{"@type":"WebPage","@id":"https:\/\/audiosupport.omsystem.com\/knowledge-base\/odms-cloud-knowledge-base\/","url":"https:\/\/audiosupport.omsystem.com\/knowledge-base\/odms-cloud-knowledge-base\/","name":"Base de connaissances ODMS Cloud - Assistance audio professionnelle","isPartOf":{"@id":"https:\/\/audiosupport.omsystem.com\/en\/#website"},"datePublished":"2024-07-17T16:27:37+00:00","dateModified":"2024-07-19T15:05:54+00:00","breadcrumb":{"@id":"https:\/\/audiosupport.omsystem.com\/knowledge-base\/odms-cloud-knowledge-base\/#breadcrumb"},"inLanguage":"fr-FR","potentialAction":[{"@type":"ReadAction","target":["https:\/\/audiosupport.omsystem.com\/knowledge-base\/odms-cloud-knowledge-base\/"]}]},{"@type":"BreadcrumbList","@id":"https:\/\/audiosupport.omsystem.com\/knowledge-base\/odms-cloud-knowledge-base\/#breadcrumb","itemListElement":[{"@type":"ListItem","position":1,"name":"Home","item":"https:\/\/audiosupport.omsystem.com\/"},{"@type":"ListItem","position":2,"name":"Knowledge Base","item":"https:\/\/audiosupport.omsystem.com\/knowledge-base\/"},{"@type":"ListItem","position":3,"name":"ODMS Cloud Knowledge Base"}]},{"@type":"WebSite","@id":"https:\/\/audiosupport.omsystem.com\/en\/#website","url":"https:\/\/audiosupport.omsystem.com\/en\/","name":"Assistance audio professionnelle","description":"Solutions num\u00e9riques OM","potentialAction":[{"@type":"SearchAction","target":{"@type":"EntryPoint","urlTemplate":"https:\/\/audiosupport.omsystem.com\/en\/?s={search_term_string}"},"query-input":{"@type":"PropertyValueSpecification","valueRequired":true,"valueName":"search_term_string"}}],"inLanguage":"fr-FR"}]}},"_links":{"self":[{"href":"https:\/\/audiosupport.omsystem.com\/fr\/wp-json\/wp\/v2\/pages\/5811","targetHints":{"allow":["GET"]}}],"collection":[{"href":"https:\/\/audiosupport.omsystem.com\/fr\/wp-json\/wp\/v2\/pages"}],"about":[{"href":"https:\/\/audiosupport.omsystem.com\/fr\/wp-json\/wp\/v2\/types\/page"}],"author":[{"embeddable":true,"href":"https:\/\/audiosupport.omsystem.com\/fr\/wp-json\/wp\/v2\/users\/1"}],"replies":[{"embeddable":true,"href":"https:\/\/audiosupport.omsystem.com\/fr\/wp-json\/wp\/v2\/comments?post=5811"}],"version-history":[{"count":15,"href":"https:\/\/audiosupport.omsystem.com\/fr\/wp-json\/wp\/v2\/pages\/5811\/revisions"}],"predecessor-version":[{"id":5861,"href":"https:\/\/audiosupport.omsystem.com\/fr\/wp-json\/wp\/v2\/pages\/5811\/revisions\/5861"}],"up":[{"embeddable":true,"href":"https:\/\/audiosupport.omsystem.com\/fr\/wp-json\/wp\/v2\/pages\/4290"}],"wp:attachment":[{"href":"https:\/\/audiosupport.omsystem.com\/fr\/wp-json\/wp\/v2\/media?parent=5811"}],"curies":[{"name":"wp","href":"https:\/\/api.w.org\/{rel}","templated":true}]}}