{"id":5674,"date":"2024-06-17T11:11:13","date_gmt":"2024-06-17T11:11:13","guid":{"rendered":"https:\/\/audiosupport.omsystem.com\/?page_id=5674"},"modified":"2025-06-04T11:25:54","modified_gmt":"2025-06-04T11:25:54","slug":"odms-cloud-change-log","status":"publish","type":"page","link":"https:\/\/audiosupport.omsystem.com\/fr\/knowledge-base\/change-logs-software\/odms-cloud-change-log\/","title":{"rendered":"Journal des modifications du cloud ODMS"},"content":{"rendered":"<p>21 avril 2025<br \/>\n<strong>Application de bureau cloud ODMS pour Mac<\/strong><\/p>\n<ul>\n<li style=\"list-style-type: none;\">\n<ul>\n<li>Correction d&#039;un bug\n<ul>\n<li style=\"list-style-type: none;\">\n<ul>\n<li>Correction d&#039;un probl\u00e8me qui entra\u00eenait la fermeture de l&#039;application de bureau Mac en raison d&#039;une erreur de serveur<\/li>\n<\/ul>\n<\/li>\n<\/ul>\n<\/li>\n<\/ul>\n<\/li>\n<\/ul>\n<p>18 mars 2025<br \/>\n<strong>Application de bureau cloud ODMS<\/strong><\/p>\n<ul>\n<li style=\"list-style-type: none;\">\n<ul>\n<li>Correction d&#039;un bug\n<ul>\n<li style=\"list-style-type: none;\">\n<ul>\n<li>Correction d&#039;un probl\u00e8me sp\u00e9cifique au march\u00e9 am\u00e9ricain, li\u00e9 aux p\u00e9dales RS-27H et RS-27<\/li>\n<\/ul>\n<\/li>\n<\/ul>\n<\/li>\n<\/ul>\n<\/li>\n<\/ul>\n<ul>\n<li style=\"list-style-type: none;\"><\/li>\n<\/ul>\n<p>27 janvier 2025<br \/>\n<strong>Nuage ODMS<\/strong><\/p>\n<ul>\n<li style=\"list-style-type: none;\">\n<ul>\n<li>Changement de sp\u00e9cification\n<ul>\n<li style=\"list-style-type: none;\">\n<ul>\n<li>Ajout d&#039;une fonction pour afficher l&#039;historique des commandes<\/li>\n<\/ul>\n<\/li>\n<\/ul>\n<ul>\n<li style=\"list-style-type: none;\">\n<ul>\n<li>Fonction de recherche ajout\u00e9e pour les fichiers de dict\u00e9e<\/li>\n<\/ul>\n<\/li>\n<\/ul>\n<ul>\n<li style=\"list-style-type: none;\">\n<ul>\n<li>Fonction de recherche ajout\u00e9e pour les comptes<\/li>\n<\/ul>\n<\/li>\n<\/ul>\n<ul>\n<li style=\"list-style-type: none;\">\n<ul>\n<li>Fonction de recherche ajout\u00e9e pour les utilisateurs<\/li>\n<li>Les informations de filtre seront d\u00e9sormais enregistr\u00e9es dans la vue Liste de dict\u00e9es<\/li>\n<\/ul>\n<\/li>\n<\/ul>\n<ul>\n<li style=\"list-style-type: none;\">\n<ul>\n<li>Ajout de la possibilit\u00e9 pour les administrateurs de forcer la v\u00e9rification des utilisateurs<\/li>\n<li>Ajout des informations sur le nombre de licences attribu\u00e9es \u00e0 la vue de liste dans l&#039;onglet Abonnement<\/li>\n<\/ul>\n<\/li>\n<\/ul>\n<ul>\n<li style=\"list-style-type: none;\">\n<ul>\n<li>Ajout d&#039;une fonction permettant d&#039;\u00e9mettre des licences d&#039;essai suppl\u00e9mentaires<\/li>\n<\/ul>\n<\/li>\n<\/ul>\n<\/li>\n<\/ul>\n<\/li>\n<\/ul>\n<ul>\n<li style=\"list-style-type: none;\"><\/li>\n<\/ul>\n<ul>\n<li style=\"list-style-type: none;\">\n<ul>\n<li style=\"list-style-type: none;\">\n<ul>\n<li style=\"list-style-type: none;\"><\/li>\n<\/ul>\n<\/li>\n<\/ul>\n<\/li>\n<\/ul>\n<p>2 d\u00e9cembre 2024<br \/>\n<strong>Nuage ODMS<\/strong><\/p>\n<ul>\n<li style=\"list-style-type: none;\">\n<ul>\n<li>Changement de sp\u00e9cification\n<ul>\n<li style=\"list-style-type: none;\">\n<ul>\n<li>Ajout d&#039;options pour d\u00e9sactiver ou fermer automatiquement la notification pour les transcripteurs<\/li>\n<\/ul>\n<\/li>\n<\/ul>\n<ul>\n<li style=\"list-style-type: none;\">\n<ul>\n<li>Ajout de l&#039;option permettant de modifier les donn\u00e9es de travail lors du t\u00e9l\u00e9chargement du fichier vers le Cloud<\/li>\n<\/ul>\n<\/li>\n<\/ul>\n<ul>\n<li style=\"list-style-type: none;\">\n<ul>\n<li>Ajout d&#039;un outil d&#039;extraction de fichiers de sauvegarde<\/li>\n<\/ul>\n<\/li>\n<\/ul>\n<ul>\n<li style=\"list-style-type: none;\">\n<ul>\n<li>Afficher le nom du mod\u00e8le de la p\u00e9dale connect\u00e9e \u00e0 l&#039;application de bureau<\/li>\n<\/ul>\n<\/li>\n<\/ul>\n<ul>\n<li style=\"list-style-type: none;\">\n<ul>\n<li>Ajout d&#039;une ic\u00f4ne dans la barre de lecture pour afficher l&#039;\u00e9tat de la p\u00e9dale connect\u00e9e<\/li>\n<\/ul>\n<\/li>\n<\/ul>\n<ul>\n<li style=\"list-style-type: none;\">\n<ul>\n<li>Ajout de l&#039;affichage du nom d&#039;utilisateur de connexion dans le menu de liste<\/li>\n<\/ul>\n<\/li>\n<\/ul>\n<\/li>\n<\/ul>\n<\/li>\n<\/ul>\n<ul>\n<li style=\"list-style-type: none;\">\n<ul>\n<li>Correction d&#039;un bug\n<ul>\n<li style=\"list-style-type: none;\">\n<ul>\n<li>Correction du probl\u00e8me selon lequel la position de lecture n&#039;a pas \u00e9t\u00e9 enregistr\u00e9e lorsque le fichier \u00e9tait d\u00e9fini comme en attente<\/li>\n<\/ul>\n<\/li>\n<\/ul>\n<ul>\n<li style=\"list-style-type: none;\">\n<ul>\n<li>Correction du probl\u00e8me avec le contr\u00f4le des canaux audio (Windows uniquement)<\/li>\n<\/ul>\n<\/li>\n<\/ul>\n<\/li>\n<\/ul>\n<\/li>\n<\/ul>\n<ul>\n<li style=\"list-style-type: none;\">\n<ul>\n<li>Les autres\n<ul>\n<li style=\"list-style-type: none;\">\n<ul>\n<li>Ajoutez la prise en charge de l&#039;environnement virtuel pour Terminal Service et Citrix XenApp (Windows uniquement)<\/li>\n<\/ul>\n<\/li>\n<\/ul>\n<\/li>\n<\/ul>\n<\/li>\n<\/ul>\n<p>12 novembre 2024<br \/>\n<strong>Nuage ODMS<\/strong><\/p>\n<ul>\n<li style=\"list-style-type: none;\">\n<ul>\n<li>Changement de sp\u00e9cification\n<ul>\n<li style=\"list-style-type: none;\">\n<ul>\n<li>Ajoutez une fonctionnalit\u00e9 pour r\u00e9tablir le statut de dict\u00e9e termin\u00e9e \u00e0 En attente<\/li>\n<\/ul>\n<\/li>\n<\/ul>\n<\/li>\n<\/ul>\n<\/li>\n<\/ul>\n<p>28 juin 2024<br \/>\n<strong>Application de bureau cloud ODMS<\/strong><\/p>\n<ul>\n<li style=\"list-style-type: none;\">\n<ul>\n<li>Changement de sp\u00e9cification\n<ul>\n<li style=\"list-style-type: none;\">\n<ul>\n<li>Prise en charge de la r\u00e9ception d&#039;e-mails du DS-9500 (pour transcripteur uniquement)<\/li>\n<\/ul>\n<\/li>\n<\/ul>\n<ul>\n<li style=\"list-style-type: none;\">\n<ul>\n<li>L&#039;\u00e9diteur de texte ne s&#039;ouvrira plus lorsque les transcripteurs liront un fichier de dict\u00e9e si aucun mod\u00e8le n&#039;est sp\u00e9cifi\u00e9 dans le flux de travail.<\/li>\n<\/ul>\n<\/li>\n<\/ul>\n<ul>\n<li style=\"list-style-type: none;\">\n<ul>\n<li>Les fichiers de dict\u00e9e avec le statut En attente sur l&#039;enregistreur ne seront plus t\u00e9l\u00e9charg\u00e9s.<\/li>\n<\/ul>\n<\/li>\n<\/ul>\n<\/li>\n<\/ul>\n<\/li>\n<\/ul>\n<p>17 juin 2024<br \/>\n<strong>Nuage ODMS<\/strong><\/p>\n<ul>\n<li style=\"list-style-type: none;\">\n<ul>\n<li>Changement de sp\u00e9cification\n<ul>\n<li style=\"list-style-type: none;\">\n<ul>\n<li>Fonction d&#039;enregistrement d&#039;utilisateurs en masse<\/li>\n<\/ul>\n<\/li>\n<\/ul>\n<ul>\n<li style=\"list-style-type: none;\">\n<ul>\n<li>Modifier le nom du fichier de dict\u00e9e<\/li>\n<\/ul>\n<\/li>\n<\/ul>\n<ul>\n<li style=\"list-style-type: none;\">\n<ul>\n<li>Supprimer le fichier de dict\u00e9e<\/li>\n<\/ul>\n<\/li>\n<\/ul>\n<ul>\n<li style=\"list-style-type: none;\">\n<ul>\n<li>Supprimer des utilisateurs<\/li>\n<\/ul>\n<\/li>\n<\/ul>\n<ul>\n<li style=\"list-style-type: none;\">\n<ul>\n<li>Supprimer le groupe de dactylographes<\/li>\n<\/ul>\n<\/li>\n<\/ul>\n<ul>\n<li style=\"list-style-type: none;\">\n<ul>\n<li>Supprimer le fichier mod\u00e8le<\/li>\n<\/ul>\n<\/li>\n<\/ul>\n<ul>\n<li style=\"list-style-type: none;\">\n<ul>\n<li>Modifier les informations du partenaire<\/li>\n<\/ul>\n<\/li>\n<\/ul>\n<ul>\n<li style=\"list-style-type: none;\">\n<ul>\n<li>Supprimer des partenaires<\/li>\n<\/ul>\n<\/li>\n<\/ul>\n<ul>\n<li style=\"list-style-type: none;\">\n<ul>\n<li>Suppression automatique du fichier de statut Termin\u00e9<\/li>\n<\/ul>\n<\/li>\n<\/ul>\n<ul>\n<li style=\"list-style-type: none;\">\n<ul>\n<li>Fonction d&#039;affichage de la capacit\u00e9 de stockage disponible et de la capacit\u00e9 de stockage utilis\u00e9e<\/li>\n<\/ul>\n<\/li>\n<\/ul>\n<ul>\n<li style=\"list-style-type: none;\">\n<ul>\n<li>Fonction d&#039;avertissement en cas de d\u00e9passement de la capacit\u00e9 de stockage<\/li>\n<\/ul>\n<\/li>\n<\/ul>\n<\/li>\n<\/ul>\n<\/li>\n<\/ul>","protected":false},"excerpt":{"rendered":"<p>April 21, 2025 ODMS Cloud Desktop App for Mac Bug Fix Fixed an issue that caused the Mac Desktop App to shut down due to a server error March 18, 2025 ODMS Cloud Desktop App Bug Fix Fixed an issue specific to the US market, related to RS-27H and RS-27 foot pedals January 27, 2025 [&hellip;]<\/p>\n","protected":false},"author":4,"featured_media":0,"parent":4353,"menu_order":0,"comment_status":"closed","ping_status":"closed","template":"","meta":{"ghostkit_customizer_options":"","ghostkit_custom_css":"","ghostkit_custom_js_head":"","ghostkit_custom_js_foot":"","ghostkit_typography":"","footnotes":""},"class_list":["post-5674","page","type-page","status-publish","hentry"],"yoast_head":"<!-- This site is optimized with the Yoast SEO plugin v27.4 - https:\/\/yoast.com\/product\/yoast-seo-wordpress\/ -->\n<title>ODMS Cloud Change Log - Professional Audio Support<\/title>\n<meta name=\"robots\" content=\"index, follow, max-snippet:-1, max-image-preview:large, max-video-preview:-1\" \/>\n<link rel=\"canonical\" href=\"https:\/\/audiosupport.omsystem.com\/fr\/knowledge-base\/change-logs-software\/odms-cloud-change-log\/\" \/>\n<meta property=\"og:locale\" content=\"fr_FR\" \/>\n<meta property=\"og:type\" content=\"article\" \/>\n<meta property=\"og:title\" content=\"ODMS Cloud Change Log - Professional Audio Support\" \/>\n<meta property=\"og:description\" content=\"April 21, 2025 ODMS Cloud Desktop App for Mac Bug Fix Fixed an issue that caused the Mac Desktop App to shut down due to a server error March 18, 2025 ODMS Cloud Desktop App Bug Fix Fixed an issue specific to the US market, related to RS-27H and RS-27 foot pedals January 27, 2025 [&hellip;]\" \/>\n<meta property=\"og:url\" content=\"https:\/\/audiosupport.omsystem.com\/fr\/knowledge-base\/change-logs-software\/odms-cloud-change-log\/\" \/>\n<meta property=\"og:site_name\" content=\"Professional Audio Support\" \/>\n<meta property=\"article:modified_time\" content=\"2025-06-04T11:25:54+00:00\" \/>\n<meta name=\"twitter:card\" content=\"summary_large_image\" \/>\n<meta name=\"twitter:label1\" content=\"Dur\u00e9e de lecture estim\u00e9e\" \/>\n\t<meta name=\"twitter:data1\" content=\"2 minutes\" \/>\n<script type=\"application\/ld+json\" class=\"yoast-schema-graph\">{\"@context\":\"https:\\\/\\\/schema.org\",\"@graph\":[{\"@type\":\"WebPage\",\"@id\":\"https:\\\/\\\/audiosupport.omsystem.com\\\/knowledge-base\\\/change-logs-software\\\/odms-cloud-change-log\\\/\",\"url\":\"https:\\\/\\\/audiosupport.omsystem.com\\\/knowledge-base\\\/change-logs-software\\\/odms-cloud-change-log\\\/\",\"name\":\"ODMS Cloud Change Log - Professional Audio Support\",\"isPartOf\":{\"@id\":\"https:\\\/\\\/audiosupport.omsystem.com\\\/en\\\/#website\"},\"datePublished\":\"2024-06-17T11:11:13+00:00\",\"dateModified\":\"2025-06-04T11:25:54+00:00\",\"breadcrumb\":{\"@id\":\"https:\\\/\\\/audiosupport.omsystem.com\\\/knowledge-base\\\/change-logs-software\\\/odms-cloud-change-log\\\/#breadcrumb\"},\"inLanguage\":\"fr-FR\",\"potentialAction\":[{\"@type\":\"ReadAction\",\"target\":[\"https:\\\/\\\/audiosupport.omsystem.com\\\/knowledge-base\\\/change-logs-software\\\/odms-cloud-change-log\\\/\"]}]},{\"@type\":\"BreadcrumbList\",\"@id\":\"https:\\\/\\\/audiosupport.omsystem.com\\\/knowledge-base\\\/change-logs-software\\\/odms-cloud-change-log\\\/#breadcrumb\",\"itemListElement\":[{\"@type\":\"ListItem\",\"position\":1,\"name\":\"Home\",\"item\":\"https:\\\/\\\/audiosupport.omsystem.com\\\/\"},{\"@type\":\"ListItem\",\"position\":2,\"name\":\"Knowledge Base\",\"item\":\"https:\\\/\\\/audiosupport.omsystem.com\\\/knowledge-base\\\/\"},{\"@type\":\"ListItem\",\"position\":3,\"name\":\"Change Logs: Software\",\"item\":\"https:\\\/\\\/audiosupport.omsystem.com\\\/knowledge-base\\\/change-logs-software\\\/\"},{\"@type\":\"ListItem\",\"position\":4,\"name\":\"ODMS Cloud Change Log\"}]},{\"@type\":\"WebSite\",\"@id\":\"https:\\\/\\\/audiosupport.omsystem.com\\\/en\\\/#website\",\"url\":\"https:\\\/\\\/audiosupport.omsystem.com\\\/en\\\/\",\"name\":\"Professional Audio Support\",\"description\":\"OM Digital Solutions\",\"potentialAction\":[{\"@type\":\"SearchAction\",\"target\":{\"@type\":\"EntryPoint\",\"urlTemplate\":\"https:\\\/\\\/audiosupport.omsystem.com\\\/en\\\/?s={search_term_string}\"},\"query-input\":{\"@type\":\"PropertyValueSpecification\",\"valueRequired\":true,\"valueName\":\"search_term_string\"}}],\"inLanguage\":\"fr-FR\"}]}<\/script>\n<!-- \/ Yoast SEO plugin. -->","yoast_head_json":{"title":"Journal des modifications ODMS Cloud \u2013 Assistance audio professionnelle","robots":{"index":"index","follow":"follow","max-snippet":"max-snippet:-1","max-image-preview":"max-image-preview:large","max-video-preview":"max-video-preview:-1"},"canonical":"https:\/\/audiosupport.omsystem.com\/fr\/knowledge-base\/change-logs-software\/odms-cloud-change-log\/","og_locale":"fr_FR","og_type":"article","og_title":"ODMS Cloud Change Log - Professional Audio Support","og_description":"April 21, 2025 ODMS Cloud Desktop App for Mac Bug Fix Fixed an issue that caused the Mac Desktop App to shut down due to a server error March 18, 2025 ODMS Cloud Desktop App Bug Fix Fixed an issue specific to the US market, related to RS-27H and RS-27 foot pedals January 27, 2025 [&hellip;]","og_url":"https:\/\/audiosupport.omsystem.com\/fr\/knowledge-base\/change-logs-software\/odms-cloud-change-log\/","og_site_name":"Professional Audio Support","article_modified_time":"2025-06-04T11:25:54+00:00","twitter_card":"summary_large_image","twitter_misc":{"Dur\u00e9e de lecture estim\u00e9e":"2 minutes"},"schema":{"@context":"https:\/\/schema.org","@graph":[{"@type":"WebPage","@id":"https:\/\/audiosupport.omsystem.com\/knowledge-base\/change-logs-software\/odms-cloud-change-log\/","url":"https:\/\/audiosupport.omsystem.com\/knowledge-base\/change-logs-software\/odms-cloud-change-log\/","name":"Journal des modifications ODMS Cloud \u2013 Assistance audio professionnelle","isPartOf":{"@id":"https:\/\/audiosupport.omsystem.com\/en\/#website"},"datePublished":"2024-06-17T11:11:13+00:00","dateModified":"2025-06-04T11:25:54+00:00","breadcrumb":{"@id":"https:\/\/audiosupport.omsystem.com\/knowledge-base\/change-logs-software\/odms-cloud-change-log\/#breadcrumb"},"inLanguage":"fr-FR","potentialAction":[{"@type":"ReadAction","target":["https:\/\/audiosupport.omsystem.com\/knowledge-base\/change-logs-software\/odms-cloud-change-log\/"]}]},{"@type":"BreadcrumbList","@id":"https:\/\/audiosupport.omsystem.com\/knowledge-base\/change-logs-software\/odms-cloud-change-log\/#breadcrumb","itemListElement":[{"@type":"ListItem","position":1,"name":"Home","item":"https:\/\/audiosupport.omsystem.com\/"},{"@type":"ListItem","position":2,"name":"Knowledge Base","item":"https:\/\/audiosupport.omsystem.com\/knowledge-base\/"},{"@type":"ListItem","position":3,"name":"Change Logs: Software","item":"https:\/\/audiosupport.omsystem.com\/knowledge-base\/change-logs-software\/"},{"@type":"ListItem","position":4,"name":"ODMS Cloud Change Log"}]},{"@type":"WebSite","@id":"https:\/\/audiosupport.omsystem.com\/en\/#website","url":"https:\/\/audiosupport.omsystem.com\/en\/","name":"Assistance audio professionnelle","description":"Solutions num\u00e9riques OM","potentialAction":[{"@type":"SearchAction","target":{"@type":"EntryPoint","urlTemplate":"https:\/\/audiosupport.omsystem.com\/en\/?s={search_term_string}"},"query-input":{"@type":"PropertyValueSpecification","valueRequired":true,"valueName":"search_term_string"}}],"inLanguage":"fr-FR"}]}},"_links":{"self":[{"href":"https:\/\/audiosupport.omsystem.com\/fr\/wp-json\/wp\/v2\/pages\/5674","targetHints":{"allow":["GET"]}}],"collection":[{"href":"https:\/\/audiosupport.omsystem.com\/fr\/wp-json\/wp\/v2\/pages"}],"about":[{"href":"https:\/\/audiosupport.omsystem.com\/fr\/wp-json\/wp\/v2\/types\/page"}],"author":[{"embeddable":true,"href":"https:\/\/audiosupport.omsystem.com\/fr\/wp-json\/wp\/v2\/users\/4"}],"replies":[{"embeddable":true,"href":"https:\/\/audiosupport.omsystem.com\/fr\/wp-json\/wp\/v2\/comments?post=5674"}],"version-history":[{"count":16,"href":"https:\/\/audiosupport.omsystem.com\/fr\/wp-json\/wp\/v2\/pages\/5674\/revisions"}],"predecessor-version":[{"id":6328,"href":"https:\/\/audiosupport.omsystem.com\/fr\/wp-json\/wp\/v2\/pages\/5674\/revisions\/6328"}],"up":[{"embeddable":true,"href":"https:\/\/audiosupport.omsystem.com\/fr\/wp-json\/wp\/v2\/pages\/4353"}],"wp:attachment":[{"href":"https:\/\/audiosupport.omsystem.com\/fr\/wp-json\/wp\/v2\/media?parent=5674"}],"curies":[{"name":"wp","href":"https:\/\/api.w.org\/{rel}","templated":true}]}}