{"id":4398,"date":"2022-03-23T21:14:40","date_gmt":"2022-03-23T21:14:40","guid":{"rendered":"https:\/\/audiosupport.omsystem.com\/?page_id=4398"},"modified":"2022-03-23T21:22:54","modified_gmt":"2022-03-23T21:22:54","slug":"odds-change-log","status":"publish","type":"page","link":"https:\/\/audiosupport.omsystem.com\/fr\/knowledge-base\/change-logs-software\/odds-change-log\/","title":{"rendered":"Journal des modifications ODDS"},"content":{"rendered":"<p>19 ao\u00fbt 2021<br><strong>Application de dict\u00e9e Olympus 2.1.1<\/strong><\/p>\n\n\n\n<ul class=\"wp-block-list\"><li>Correction du probl\u00e8me d&#039;OD qui ne d\u00e9marrait pas sur l&#039;iPod Touch ex\u00e9cutant iOS9.<\/li><\/ul>\n\n\n\n<p>14 juillet 2021<br><strong>Portail de dict\u00e9e Olympus \u2013 juillet<\/strong><\/p>\n\n\n\n<ul class=\"wp-block-list\"><li>La capacit\u00e9 de traitement sur le serveur ODP a \u00e9t\u00e9 renforc\u00e9e.<\/li><li>La fonction de notification a \u00e9t\u00e9 am\u00e9lior\u00e9e<\/li><li>Un mode de maintenance a \u00e9t\u00e9 ajout\u00e9 \u00e0 ODP pour la transparence de tous les probl\u00e8mes et leur temps de r\u00e9solution.<\/li><li>Am\u00e9lioration de notre fonction de surveillance interne du bilan de sant\u00e9 pour les notifications et les avertissements avanc\u00e9s.<\/li><li>La p\u00e9riode d&#039;essai est pass\u00e9e de 60 jours \u00e0 30 jours.<\/li><li>Le message C-102 (erreur de transmission) ne sera plus envoy\u00e9 aux revendeurs.<\/li><\/ul>\n\n\n\n<p>14 juillet 2021<br><strong>Application de dict\u00e9e Olympus 2.1.0<\/strong><\/p>\n\n\n\n<ul class=\"wp-block-list\"><li>Ajout de fonctions de notification pour informer automatiquement les utilisateurs des retards d&#039;envoi et des fen\u00eatres de maintenance.<\/li><li>Suppression de la limitation du nombre de caract\u00e8res dans le domaine lors de la saisie manuelle de l&#039;adresse e-mail dans OD.<\/li><li>Ajout de la prise en charge d&#039;Android 11.0.<\/li><\/ul>\n\n\n\n<p>14 juillet 2021<br><strong>Application de dict\u00e9e Olympus 2.1.0<\/strong><\/p>\n\n\n\n<ul class=\"wp-block-list\"><li>Ajout de fonctions de notification pour informer automatiquement les utilisateurs des retards d&#039;envoi et des fen\u00eatres de maintenance.<\/li><li>Suppression de la limitation du nombre de caract\u00e8res dans le domaine lors de la saisie manuelle de l&#039;adresse e-mail dans OD.<\/li><li>Correction d&#039;un probl\u00e8me selon lequel l&#039;heure de d\u00e9but de l&#039;enregistrement \u00e9tait lorsqu&#039;un nouveau fichier \u00e9tait cr\u00e9\u00e9 au lieu du d\u00e9but r\u00e9el de l&#039;enregistrement.<\/li><\/ul>\n\n\n\n<p>14 septembre 2020<br><strong>Mise \u00e0 jour de septembre du portail de dict\u00e9e Olympus<\/strong><\/p>\n\n\n\n<ul class=\"wp-block-list\"><li>Cette mise \u00e0 jour r\u00e9sout un probl\u00e8me emp\u00eachant l&#039;envoi de fichiers depuis ODP vers un serveur explicite FTPS.<\/li><\/ul>\n\n\n\n<p>30 juillet 2020<br><strong>Application de dict\u00e9e Olympus 2.0.1<\/strong><\/p>\n\n\n\n<ul class=\"wp-block-list\"><li>Modification de l&#039;affichage du param\u00e8tre d&#039;options lors de l&#039;ajout de destinataires suppl\u00e9mentaires.<\/li><\/ul>\n\n\n\n<p>27 juillet 2020<br><strong>Application de dict\u00e9e Olympus 2.0.1<\/strong><\/p>\n\n\n\n<ul class=\"wp-block-list\"><li>Modification de l&#039;affichage du param\u00e8tre d&#039;options lors de l&#039;ajout de destinataires suppl\u00e9mentaires.<\/li><\/ul>\n\n\n\n<p>14 novembre 2019<br><strong>Application de dict\u00e9e Olympus 2.0.0<\/strong><\/p>\n\n\n\n<ul class=\"wp-block-list\"><li>Ajout de la possibilit\u00e9 de cr\u00e9er un compte et de configurer un essai via l&#039;application<\/li><\/ul>\n\n\n\n<p>7 novembre 2019<br><strong>Portail de dict\u00e9e Olympus R2.3<\/strong><\/p>\n\n\n\n<ul class=\"wp-block-list\"><li>Processus d&#039;enregistrement de compte am\u00e9lior\u00e9.<\/li><li>Essai gratuit de 60 jours<\/li><li>Ajout de la possibilit\u00e9 de s\u00e9lectionner dans une liste de revendeurs, une fois l&#039;essai termin\u00e9.<\/li><li>Les licences expir\u00e9es restent archiv\u00e9es pendant 90 jours, donc si le client n&#039;a pas activ\u00e9 le renouvellement, il peut simplement migrer ses param\u00e8tres de licence archiv\u00e9e vers sa nouvelle licence.<\/li><\/ul>\n\n\n\n<p>7 novembre 2019<br><strong>Application de dict\u00e9e Olympus 2.0.0<\/strong><\/p>\n\n\n\n<ul class=\"wp-block-list\"><li>Ajout de la possibilit\u00e9 de cr\u00e9er un compte et de configurer un essai via l&#039;application<\/li><\/ul>\n\n\n\n<p>23 avril 2019<br><strong>Application de dict\u00e9e Olympus 1.3.1<\/strong><\/p>\n\n\n\n<ul class=\"wp-block-list\"><li>Politique de confidentialit\u00e9 r\u00e9vis\u00e9e.<\/li><\/ul>\n\n\n\n<p>6 f\u00e9vrier 2019<br><strong>Application de dict\u00e9e Olympus 1.3.1<\/strong><\/p>\n\n\n\n<ul class=\"wp-block-list\"><li>Correction du probl\u00e8me selon lequel, sur Android 7, OD supprime les fichiers vocaux existants du smartphone lorsque l&#039;application est mise \u00e0 jour de l&#039;ancienne version d&#039;OD vers la version 1.3.0.<\/li><li>Correction d&#039;un probl\u00e8me qui met longtemps \u00e0 d\u00e9marrer l&#039;application.<\/li><li>Correction du probl\u00e8me selon lequel l&#039;application ne fonctionnait pas correctement apr\u00e8s la reprise du mode veille.<\/li><li>Correction du probl\u00e8me de lecture incorrecte de l&#039;application apr\u00e8s l&#039;\u00e9crasement de l&#039;enregistrement.<\/li><\/ul>\n\n\n\n<p>11 janvier 2019<br><strong>Application de dict\u00e9e Olympus 1.3.0<\/strong><\/p>\n\n\n\n<ul class=\"wp-block-list\"><li>Plusieurs correctifs<\/li><li>Correction du probl\u00e8me selon lequel OD ne reconnaissait pas certaines cartes FlashAir.<\/li><li>Correction du probl\u00e8me emp\u00eachant certains smartphones de se connecter \u00e0 la carte FlashAir.<\/li><li>Correction du probl\u00e8me d&#039;augmentation de la sonnerie de 2 niveaux lorsque vous arr\u00eatez l&#039;enregistrement.<\/li><li>Correction du probl\u00e8me de blocage de l&#039;application lors de la conversion d&#039;un fichier au format .AMR pour le transfert de courrier.<\/li><li>OD Ver1.3.0 prend d\u00e9sormais en charge Android 8 et 9.<\/li><li>Fin du support pour Android 4.4 ou ant\u00e9rieur<\/li><li>Lorsque OD Ver1.3.0 sera publi\u00e9, les utilisateurs utilisant Android 4.4 ou des versions ant\u00e9rieures ne pourront plus t\u00e9l\u00e9charger OD depuis Google Play Store.<\/li><li>Les utilisateurs qui ont Android Ver4.4 ou une version ant\u00e9rieure peuvent continuer \u00e0 utiliser l&#039;ancienne version d&#039;OD s&#039;ils l&#039;ont d\u00e9j\u00e0 install\u00e9e.<\/li><li>Nous recommandons aux utilisateurs de mettre \u00e0 niveau leur appareil vers Android 5 ou version ult\u00e9rieure.<\/li><li>La prise en charge de TLS1.0 prendra fin le 31 mai 2019.<\/li><li>En raison de la direction d&#039;Olympus Corporate, nous devrons mettre fin \u00e0 la prise en charge de TLS 1.0<\/li><li>(Transport Layer Security) selon la derni\u00e8re politique de s\u00e9curit\u00e9.<\/li><li>Les utilisateurs qui continuent \u00e0 utiliser OD sur Android version 4.4 ou ant\u00e9rieure ne pourront plus envoyer de dict\u00e9e apr\u00e8s juin 2019. \u00c0 ce stade, les utilisateurs doivent mettre \u00e0 niveau leur appareil vers Android 5 ou version ult\u00e9rieure afin d&#039;utiliser le service.<\/li><\/ul>\n\n\n\n<p>20 d\u00e9cembre 2018<br><strong>Application de dict\u00e9e Olympus 1.3.0<\/strong><\/p>\n\n\n\n<ul class=\"wp-block-list\"><li>Prise en charge compl\u00e8te d&#039;iOS 12.1<\/li><li>R\u00e9sout le probl\u00e8me avec les droits d&#039;autorisation.<\/li><li>Acc\u00e8s \u00e0 la fonction microphone.<\/li><li>Acc\u00e8s \u00e0 la fonction cam\u00e9ra.<\/li><li>Acc\u00e8s aux images enregistr\u00e9es.<\/li><li>Prise en charge de Super Retina Display, qui a \u00e9t\u00e9 introduit avec l&#039;iPhoneX.<\/li><\/ul>\n\n\n\n<p>2 septembre 2016<br><strong>Application de dict\u00e9e Olympus 1.2.3<\/strong><\/p>\n\n\n\n<ul class=\"wp-block-list\"><li>Prise en charge de la derni\u00e8re carte FlashAir ajout\u00e9e<\/li><\/ul>\n\n\n\n<p>2 septembre 2016<br><strong>Application de dict\u00e9e Olympus 1.2.1<\/strong><\/p>\n\n\n\n<ul class=\"wp-block-list\"><li>Prise en charge de la derni\u00e8re carte FlashAir ajout\u00e9e<\/li><\/ul>\n\n\n\n<p>12 ao\u00fbt 2016<br><strong>Application de dict\u00e9e Olympus 1.2.2<\/strong><\/p>\n\n\n\n<ul class=\"wp-block-list\"><li>Stabilisation de la connectivit\u00e9 entre FlashAir et Android 6.0<\/li><\/ul>\n\n\n\n<p>23 mars 2016<br><strong>Application de dict\u00e9e Olympus 1.2.1<\/strong><\/p>\n\n\n\n<ul class=\"wp-block-list\"><li>S\u00e9curit\u00e9 renforc\u00e9e sur la validation des certificats SSL<\/li><\/ul>\n\n\n\n<p>9 juillet 2015<br><strong>Application de dict\u00e9e Olympus 1.2.0<\/strong><\/p>\n\n\n\n<p>2 d\u00e9cembre 2014<br><strong>Application de dict\u00e9e Olympus 1.1.2<\/strong><\/p>\n\n\n\n<ul class=\"wp-block-list\"><li>Correction d&#039;un probl\u00e8me o\u00f9 la fonction VCVA faisait planter l&#039;application.<\/li><li>Correction du retard d&#039;enregistrement<\/li><\/ul>\n\n\n\n<p>27 mai 2014<br><strong>Application de dict\u00e9e Olympus 1.0.3<\/strong><\/p>\n\n\n\n<ul class=\"wp-block-list\"><li>Prise en charge de FlashAir 10 ajout\u00e9e.<\/li><\/ul>\n\n\n\n<p>27 mai 2014<br><strong>Application de dict\u00e9e Olympus 1.1.1<\/strong><\/p>\n\n\n\n<ul class=\"wp-block-list\"><li>Prise en charge de FlashAir 10 ajout\u00e9e.<\/li><\/ul>\n\n\n\n<p>9 avril 2014<br><strong>Application de dict\u00e9e Olympus 1.0.2<\/strong><\/p>\n\n\n\n<ul class=\"wp-block-list\"><li>Correction du probl\u00e8me rencontr\u00e9 lors de l&#039;insertion dans un enregistrement<\/li><\/ul>\n\n\n\n<p>10 mars 2014<br><strong>Portail de dict\u00e9e Olympus R2.2<\/strong><\/p>\n\n\n\n<ul class=\"wp-block-list\"><li>Le lien &quot;Conditions d&#039;utilisation&quot; lors du processus d&#039;inscription appara\u00eet d\u00e9sormais sous forme de lien lorsque le curseur se trouve sur le texte. Auparavant, il n&#039;\u00e9tait pas clair que le texte \u00e9tait un lien.<\/li><li>Dans Outlook 2010, l&#039;e-mail de mot de passe temporaire ne s&#039;affiche pas correctement. Cela a maintenant \u00e9t\u00e9 r\u00e9solu.<\/li><\/ul>\n\n\n\n<p>27 f\u00e9vrier 2014<br><strong>Portail de dict\u00e9e Olympus R2.1<\/strong><\/p>\n\n\n\n<ul class=\"wp-block-list\"><li>Les fichiers CSV peuvent maintenant \u00eatre import\u00e9s dans diff\u00e9rentes langues. Dans les versions pr\u00e9c\u00e9dentes, cela ne fonctionnait qu&#039;en anglais car le portail ne pouvait pas g\u00e9rer le param\u00e8tre de cryptage dans d&#039;autres langues<\/li><li>Auparavant, dans la fen\u00eatre Param\u00e8tres de messagerie<\/li><\/ul>\n\n\n\n<p>2 janvier 2014<br><strong>Application de dict\u00e9e Olympus 1.1.0<\/strong><\/p>\n\n\n\n<ul class=\"wp-block-list\"><li>Prise en charge d&#039;iOS7<\/li><li>Modification du message d&#039;alerte lors de l&#039;envoi de dict\u00e9es pour dire &quot;La transmission du fichier peut \u00eatre suspendue si le bouton Accueil\/Veille est enfonc\u00e9. Une notification appara\u00eet dans un tel \u00e9v\u00e9nement. Appuyez sur la notification pour reprendre.\u00a0\u00bb<\/li><li>Lorsqu&#039;un utilisateur appuie sur le bouton Home\/Sleep pendant l&#039;envoi d&#039;un fichier, l&#039;application entre dans le<\/li><li>arri\u00e8re-plan et continuera \u00e0 envoyer pendant une p\u00e9riode de temps limit\u00e9e. Si la transmission du fichier n&#039;est pas termin\u00e9e dans ce d\u00e9lai, l&#039;utilisateur recevra une notification l&#039;invitant \u00e0 terminer la transmission du fichier.<\/li><li>Les fichiers de plus de 200 Mo ne peuvent pas \u00eatre envoy\u00e9s \u00e0 l&#039;ODP, lors de la s\u00e9lection de fichiers \u00e0 partir d&#039;une carte FlashAir plus grande<\/li><li>sup\u00e9rieure \u00e0 cette taille, un message d&#039;erreur s&#039;affiche.<\/li><\/ul>\n\n\n\n<p>16 d\u00e9cembre 2013<br><strong>Portail de dict\u00e9e Olympus R2<\/strong><\/p>\n\n\n\n<ul class=\"wp-block-list\"><li>Les concessionnaires peuvent d\u00e9sormais \u00e9mettre jusqu&#039;\u00e0 100 licences d&#039;essai, au lieu de 3.<\/li><li>Les clients devaient accepter le CLUF lorsqu&#039;ils commandaient une licence standard pour la premi\u00e8re fois. Les clients devaient \u00e9galement accepter l&#039;EURA lors de la cr\u00e9ation de leur compte ODP.<\/li><li>Avec la nouvelle version, les clients ne doivent accepter l&#039;EURA qu&#039;une seule fois lorsqu&#039;ils ouvrent leur compte ODP.<\/li><li>Le client re\u00e7oit d\u00e9sormais un e-mail de \u00ab\u00a0Bienvenue\u00a0\u00bb apr\u00e8s avoir effectu\u00e9 la configuration initiale, sur le<\/li><li>L&#039;\u00e9cran &quot;Modifier le mot de passe du smartphone&quot; leur dit de se r\u00e9f\u00e9rer \u00e0 cet e-mail.<\/li><li>Une directive relative au mot de passe s&#039;affiche dans toutes les fen\u00eatres o\u00f9 un nouveau mot de passe est saisi.<\/li><li>Les restrictions sur la d\u00e9sactivation des comptes ont \u00e9t\u00e9 supprim\u00e9es, les comptes peuvent d\u00e9sormais \u00eatre d\u00e9sactiv\u00e9s \u00e0 tout moment.<\/li><li>Un num\u00e9ro de bon de commande peut d\u00e9sormais \u00eatre inclus lors de l&#039;\u00e9mission d&#039;une licence standard.<\/li><li>Le processus de notification de renouvellement a chang\u00e9.<\/li><li>Le champ Cci pour les comptes est d\u00e9sormais disponible pour les notifications de probl\u00e8me de licence.<\/li><li>Les utilisateurs re\u00e7oivent d\u00e9sormais un message d&#039;avertissement lorsqu&#039;ils quittent une fen\u00eatre, pour confirmer qu&#039;ils souhaitent quitter sans enregistrer les modifications.<\/li><li>Les distributeurs, les pays et les BC peuvent d\u00e9sormais \u00e9galement r\u00e9cup\u00e9rer les licences qu&#039;ils ont \u00e9mises sur un compte en dessous d&#039;eux<\/li><li>La prise en charge de l&#039;Autriche, de la Suisse, de l&#039;Afrique du Sud, des Pays-Bas, de la Belgique, du Danemark et de la Finlande est ajout\u00e9e.<\/li><\/ul>\n\n\n\n<p>2 d\u00e9cembre 2013<br><strong>Application de dict\u00e9e Olympus 1.0.1<\/strong><\/p>\n\n\n\n<ul class=\"wp-block-list\"><li>Ajout de la prise en charge du Galaxy Note II<\/li><li>Am\u00e9liore le court d\u00e9lai qui se produit lorsqu&#039;un enregistrement d\u00e9marre<\/li><\/ul>\n\n\n\n<p>1er octobre 2013<br><strong>Portail de dict\u00e9e Olympus R1<\/strong><\/p>\n\n\n\n<ul class=\"wp-block-list\"><li>Premi\u00e8re sortie<\/li><\/ul>\n\n\n\n<p>1er octobre 2013<br><strong>Application de dict\u00e9e Olympus 1.0.0<\/strong><\/p>\n\n\n\n<ul class=\"wp-block-list\"><li>Premi\u00e8re sortie<\/li><\/ul>\n\n\n\n<p>11 janvier 2013<br><strong>Application de dict\u00e9e Olympus 1.0.0<\/strong><\/p>\n\n\n\n<ul class=\"wp-block-list\"><li>Premi\u00e8re sortie<\/li><\/ul>","protected":false},"excerpt":{"rendered":"<p>August 19, 2021Olympus Dictation App 2.1.1 Fixed the issue that OD did not start on iPod Touch running iOS9. July 14, 2021Olympus Dictation Portal &#8211; July Processing capacity on the ODP server has been strengthened. Notification function has been enhanced A maintenance mode has been added to ODP for transparency of any issues and their [&hellip;]<\/p>\n","protected":false},"author":1,"featured_media":0,"parent":4353,"menu_order":0,"comment_status":"closed","ping_status":"closed","template":"","meta":{"ghostkit_customizer_options":"","ghostkit_custom_css":"","ghostkit_custom_js_head":"","ghostkit_custom_js_foot":"","ghostkit_typography":"","footnotes":""},"class_list":["post-4398","page","type-page","status-publish","hentry"],"yoast_head":"<!-- This site is optimized with the Yoast SEO plugin v27.4 - https:\/\/yoast.com\/product\/yoast-seo-wordpress\/ -->\n<title>ODDS Change Log - Professional Audio Support<\/title>\n<meta name=\"robots\" content=\"index, follow, max-snippet:-1, max-image-preview:large, max-video-preview:-1\" \/>\n<link rel=\"canonical\" href=\"https:\/\/audiosupport.omsystem.com\/fr\/knowledge-base\/change-logs-software\/odds-change-log\/\" \/>\n<meta property=\"og:locale\" content=\"fr_FR\" \/>\n<meta property=\"og:type\" content=\"article\" \/>\n<meta property=\"og:title\" content=\"ODDS Change Log - Professional Audio Support\" \/>\n<meta property=\"og:description\" content=\"August 19, 2021Olympus Dictation App 2.1.1 Fixed the issue that OD did not start on iPod Touch running iOS9. July 14, 2021Olympus Dictation Portal &#8211; July Processing capacity on the ODP server has been strengthened. Notification function has been enhanced A maintenance mode has been added to ODP for transparency of any issues and their [&hellip;]\" \/>\n<meta property=\"og:url\" content=\"https:\/\/audiosupport.omsystem.com\/fr\/knowledge-base\/change-logs-software\/odds-change-log\/\" \/>\n<meta property=\"og:site_name\" content=\"Professional Audio Support\" \/>\n<meta property=\"article:modified_time\" content=\"2022-03-23T21:22:54+00:00\" \/>\n<meta name=\"twitter:card\" content=\"summary_large_image\" \/>\n<meta name=\"twitter:label1\" content=\"Dur\u00e9e de lecture estim\u00e9e\" \/>\n\t<meta name=\"twitter:data1\" content=\"6 minutes\" \/>\n<script type=\"application\/ld+json\" class=\"yoast-schema-graph\">{\"@context\":\"https:\\\/\\\/schema.org\",\"@graph\":[{\"@type\":\"WebPage\",\"@id\":\"https:\\\/\\\/audiosupport.omsystem.com\\\/knowledge-base\\\/change-logs-software\\\/odds-change-log\\\/\",\"url\":\"https:\\\/\\\/audiosupport.omsystem.com\\\/knowledge-base\\\/change-logs-software\\\/odds-change-log\\\/\",\"name\":\"ODDS Change Log - Professional Audio Support\",\"isPartOf\":{\"@id\":\"https:\\\/\\\/audiosupport.omsystem.com\\\/en\\\/#website\"},\"datePublished\":\"2022-03-23T21:14:40+00:00\",\"dateModified\":\"2022-03-23T21:22:54+00:00\",\"breadcrumb\":{\"@id\":\"https:\\\/\\\/audiosupport.omsystem.com\\\/knowledge-base\\\/change-logs-software\\\/odds-change-log\\\/#breadcrumb\"},\"inLanguage\":\"fr-FR\",\"potentialAction\":[{\"@type\":\"ReadAction\",\"target\":[\"https:\\\/\\\/audiosupport.omsystem.com\\\/knowledge-base\\\/change-logs-software\\\/odds-change-log\\\/\"]}]},{\"@type\":\"BreadcrumbList\",\"@id\":\"https:\\\/\\\/audiosupport.omsystem.com\\\/knowledge-base\\\/change-logs-software\\\/odds-change-log\\\/#breadcrumb\",\"itemListElement\":[{\"@type\":\"ListItem\",\"position\":1,\"name\":\"Home\",\"item\":\"https:\\\/\\\/audiosupport.omsystem.com\\\/\"},{\"@type\":\"ListItem\",\"position\":2,\"name\":\"Knowledge Base\",\"item\":\"https:\\\/\\\/audiosupport.omsystem.com\\\/knowledge-base\\\/\"},{\"@type\":\"ListItem\",\"position\":3,\"name\":\"Change Logs: Software\",\"item\":\"https:\\\/\\\/audiosupport.omsystem.com\\\/knowledge-base\\\/change-logs-software\\\/\"},{\"@type\":\"ListItem\",\"position\":4,\"name\":\"ODDS Change Log\"}]},{\"@type\":\"WebSite\",\"@id\":\"https:\\\/\\\/audiosupport.omsystem.com\\\/en\\\/#website\",\"url\":\"https:\\\/\\\/audiosupport.omsystem.com\\\/en\\\/\",\"name\":\"Professional Audio Support\",\"description\":\"OM Digital Solutions\",\"potentialAction\":[{\"@type\":\"SearchAction\",\"target\":{\"@type\":\"EntryPoint\",\"urlTemplate\":\"https:\\\/\\\/audiosupport.omsystem.com\\\/en\\\/?s={search_term_string}\"},\"query-input\":{\"@type\":\"PropertyValueSpecification\",\"valueRequired\":true,\"valueName\":\"search_term_string\"}}],\"inLanguage\":\"fr-FR\"}]}<\/script>\n<!-- \/ Yoast SEO plugin. -->","yoast_head_json":{"title":"Journal des modifications ODDS - Assistance audio professionnelle","robots":{"index":"index","follow":"follow","max-snippet":"max-snippet:-1","max-image-preview":"max-image-preview:large","max-video-preview":"max-video-preview:-1"},"canonical":"https:\/\/audiosupport.omsystem.com\/fr\/knowledge-base\/change-logs-software\/odds-change-log\/","og_locale":"fr_FR","og_type":"article","og_title":"ODDS Change Log - Professional Audio Support","og_description":"August 19, 2021Olympus Dictation App 2.1.1 Fixed the issue that OD did not start on iPod Touch running iOS9. July 14, 2021Olympus Dictation Portal &#8211; July Processing capacity on the ODP server has been strengthened. Notification function has been enhanced A maintenance mode has been added to ODP for transparency of any issues and their [&hellip;]","og_url":"https:\/\/audiosupport.omsystem.com\/fr\/knowledge-base\/change-logs-software\/odds-change-log\/","og_site_name":"Professional Audio Support","article_modified_time":"2022-03-23T21:22:54+00:00","twitter_card":"summary_large_image","twitter_misc":{"Dur\u00e9e de lecture estim\u00e9e":"6 minutes"},"schema":{"@context":"https:\/\/schema.org","@graph":[{"@type":"WebPage","@id":"https:\/\/audiosupport.omsystem.com\/knowledge-base\/change-logs-software\/odds-change-log\/","url":"https:\/\/audiosupport.omsystem.com\/knowledge-base\/change-logs-software\/odds-change-log\/","name":"Journal des modifications ODDS - Assistance audio professionnelle","isPartOf":{"@id":"https:\/\/audiosupport.omsystem.com\/en\/#website"},"datePublished":"2022-03-23T21:14:40+00:00","dateModified":"2022-03-23T21:22:54+00:00","breadcrumb":{"@id":"https:\/\/audiosupport.omsystem.com\/knowledge-base\/change-logs-software\/odds-change-log\/#breadcrumb"},"inLanguage":"fr-FR","potentialAction":[{"@type":"ReadAction","target":["https:\/\/audiosupport.omsystem.com\/knowledge-base\/change-logs-software\/odds-change-log\/"]}]},{"@type":"BreadcrumbList","@id":"https:\/\/audiosupport.omsystem.com\/knowledge-base\/change-logs-software\/odds-change-log\/#breadcrumb","itemListElement":[{"@type":"ListItem","position":1,"name":"Home","item":"https:\/\/audiosupport.omsystem.com\/"},{"@type":"ListItem","position":2,"name":"Knowledge Base","item":"https:\/\/audiosupport.omsystem.com\/knowledge-base\/"},{"@type":"ListItem","position":3,"name":"Change Logs: Software","item":"https:\/\/audiosupport.omsystem.com\/knowledge-base\/change-logs-software\/"},{"@type":"ListItem","position":4,"name":"ODDS Change Log"}]},{"@type":"WebSite","@id":"https:\/\/audiosupport.omsystem.com\/en\/#website","url":"https:\/\/audiosupport.omsystem.com\/en\/","name":"Assistance audio professionnelle","description":"Solutions num\u00e9riques OM","potentialAction":[{"@type":"SearchAction","target":{"@type":"EntryPoint","urlTemplate":"https:\/\/audiosupport.omsystem.com\/en\/?s={search_term_string}"},"query-input":{"@type":"PropertyValueSpecification","valueRequired":true,"valueName":"search_term_string"}}],"inLanguage":"fr-FR"}]}},"_links":{"self":[{"href":"https:\/\/audiosupport.omsystem.com\/fr\/wp-json\/wp\/v2\/pages\/4398","targetHints":{"allow":["GET"]}}],"collection":[{"href":"https:\/\/audiosupport.omsystem.com\/fr\/wp-json\/wp\/v2\/pages"}],"about":[{"href":"https:\/\/audiosupport.omsystem.com\/fr\/wp-json\/wp\/v2\/types\/page"}],"author":[{"embeddable":true,"href":"https:\/\/audiosupport.omsystem.com\/fr\/wp-json\/wp\/v2\/users\/1"}],"replies":[{"embeddable":true,"href":"https:\/\/audiosupport.omsystem.com\/fr\/wp-json\/wp\/v2\/comments?post=4398"}],"version-history":[{"count":4,"href":"https:\/\/audiosupport.omsystem.com\/fr\/wp-json\/wp\/v2\/pages\/4398\/revisions"}],"predecessor-version":[{"id":4404,"href":"https:\/\/audiosupport.omsystem.com\/fr\/wp-json\/wp\/v2\/pages\/4398\/revisions\/4404"}],"up":[{"embeddable":true,"href":"https:\/\/audiosupport.omsystem.com\/fr\/wp-json\/wp\/v2\/pages\/4353"}],"wp:attachment":[{"href":"https:\/\/audiosupport.omsystem.com\/fr\/wp-json\/wp\/v2\/media?parent=4398"}],"curies":[{"name":"wp","href":"https:\/\/api.w.org\/{rel}","templated":true}]}}