{"id":4381,"date":"2022-03-23T20:03:21","date_gmt":"2022-03-23T20:03:21","guid":{"rendered":"https:\/\/audiosupport.omsystem.com\/?page_id=4381"},"modified":"2022-03-23T20:03:23","modified_gmt":"2022-03-23T20:03:23","slug":"dr-series-change-log","status":"publish","type":"page","link":"https:\/\/audiosupport.omsystem.com\/fr\/knowledge-base\/change-logs-desktop-dictation\/dr-series-change-log\/","title":{"rendered":"Journal des modifications de la s\u00e9rie DR"},"content":{"rendered":"<p>15 f\u00e9vrier 2015<br><strong>Micrologiciel 1.20<\/strong><\/p>\n\n\n\n<ul class=\"wp-block-list\"><li>Cette version am\u00e9liore encore la fonction de suppression des clics sur les boutons, qui emp\u00eache l&#039;enregistrement des bruits de mouvement ind\u00e9sirables des boutons et des curseurs. Les utilisateurs de la reconnaissance vocale b\u00e9n\u00e9ficieront particuli\u00e8rement de cette mise \u00e0 jour, par une am\u00e9lioration de la pr\u00e9cision et des performances de la reconnaissance vocale.<\/li><li>Active les mises \u00e0 jour du micrologiciel par programmation \u00e0 partir du SDK audio.<\/li><\/ul>\n\n\n\n<p>16 juillet 2014<br><strong>Micrologiciel 1.10<\/strong><\/p>\n\n\n\n<ul class=\"wp-block-list\"><li>Ajoute la fonction Click-Lock<\/li><\/ul>\n\n\n\n<p>11 juillet 2012<br><strong>Micrologiciel 1.03<\/strong><\/p>\n\n\n\n<ul class=\"wp-block-list\"><li>La version 1.03 est le micrologiciel permettant d&#039;optimiser les caract\u00e9ristiques du microphone pour Nuance Dragon NaturallySpeaking, logiciel de reconnaissance vocale.<\/li><\/ul>\n\n\n\n<p>13 d\u00e9cembre 2011<br><strong>Micrologiciel 1.02<\/strong><\/p>\n\n\n\n<ul class=\"wp-block-list\"><li>Retards lors de l&#039;utilisation des commandes vocales avec Dragon Naturally Speaking et Windows 7.<\/li><\/ul>\n\n\n\n<p>13 juillet 2011<br><strong>Micrologiciel 1.00<\/strong><\/p>\n\n\n\n<ul class=\"wp-block-list\"><li>Micrologiciel d&#039;origine<\/li><\/ul>","protected":false},"excerpt":{"rendered":"<p>February 15, 2015Firmware 1.20 This version further improves upon the Button Click Suppression feature, that prevents unwanted button and slider movement noises being recorded. Users of Voice Recognition will especially benefit from this update, by improved accuracy and voice recognition performance. Enables programmatic firmware updates from the Audio SDK. July 16, 2014Firmware 1.10 Adds Click-Lock [&hellip;]<\/p>\n","protected":false},"author":1,"featured_media":0,"parent":4349,"menu_order":0,"comment_status":"closed","ping_status":"closed","template":"","meta":{"ghostkit_customizer_options":"","ghostkit_custom_css":"","ghostkit_custom_js_head":"","ghostkit_custom_js_foot":"","ghostkit_typography":"","footnotes":""},"class_list":["post-4381","page","type-page","status-publish","hentry"],"yoast_head":"<!-- This site is optimized with the Yoast SEO plugin v27.4 - https:\/\/yoast.com\/product\/yoast-seo-wordpress\/ -->\n<title>DR Series Change Log - Professional Audio Support<\/title>\n<meta name=\"robots\" content=\"index, follow, max-snippet:-1, max-image-preview:large, max-video-preview:-1\" \/>\n<link rel=\"canonical\" href=\"https:\/\/audiosupport.omsystem.com\/fr\/knowledge-base\/change-logs-desktop-dictation\/dr-series-change-log\/\" \/>\n<meta property=\"og:locale\" content=\"fr_FR\" \/>\n<meta property=\"og:type\" content=\"article\" \/>\n<meta property=\"og:title\" content=\"DR Series Change Log - Professional Audio Support\" \/>\n<meta property=\"og:description\" content=\"February 15, 2015Firmware 1.20 This version further improves upon the Button Click Suppression feature, that prevents unwanted button and slider movement noises being recorded. Users of Voice Recognition will especially benefit from this update, by improved accuracy and voice recognition performance. Enables programmatic firmware updates from the Audio SDK. July 16, 2014Firmware 1.10 Adds Click-Lock [&hellip;]\" \/>\n<meta property=\"og:url\" content=\"https:\/\/audiosupport.omsystem.com\/fr\/knowledge-base\/change-logs-desktop-dictation\/dr-series-change-log\/\" \/>\n<meta property=\"og:site_name\" content=\"Professional Audio Support\" \/>\n<meta property=\"article:modified_time\" content=\"2022-03-23T20:03:23+00:00\" \/>\n<meta name=\"twitter:card\" content=\"summary_large_image\" \/>\n<meta name=\"twitter:label1\" content=\"Dur\u00e9e de lecture estim\u00e9e\" \/>\n\t<meta name=\"twitter:data1\" content=\"1 minute\" \/>\n<script type=\"application\/ld+json\" class=\"yoast-schema-graph\">{\"@context\":\"https:\\\/\\\/schema.org\",\"@graph\":[{\"@type\":\"WebPage\",\"@id\":\"https:\\\/\\\/audiosupport.omsystem.com\\\/knowledge-base\\\/change-logs-desktop-dictation\\\/dr-series-change-log\\\/\",\"url\":\"https:\\\/\\\/audiosupport.omsystem.com\\\/knowledge-base\\\/change-logs-desktop-dictation\\\/dr-series-change-log\\\/\",\"name\":\"DR Series Change Log - Professional Audio Support\",\"isPartOf\":{\"@id\":\"https:\\\/\\\/audiosupport.omsystem.com\\\/en\\\/#website\"},\"datePublished\":\"2022-03-23T20:03:21+00:00\",\"dateModified\":\"2022-03-23T20:03:23+00:00\",\"breadcrumb\":{\"@id\":\"https:\\\/\\\/audiosupport.omsystem.com\\\/knowledge-base\\\/change-logs-desktop-dictation\\\/dr-series-change-log\\\/#breadcrumb\"},\"inLanguage\":\"fr-FR\",\"potentialAction\":[{\"@type\":\"ReadAction\",\"target\":[\"https:\\\/\\\/audiosupport.omsystem.com\\\/knowledge-base\\\/change-logs-desktop-dictation\\\/dr-series-change-log\\\/\"]}]},{\"@type\":\"BreadcrumbList\",\"@id\":\"https:\\\/\\\/audiosupport.omsystem.com\\\/knowledge-base\\\/change-logs-desktop-dictation\\\/dr-series-change-log\\\/#breadcrumb\",\"itemListElement\":[{\"@type\":\"ListItem\",\"position\":1,\"name\":\"Home\",\"item\":\"https:\\\/\\\/audiosupport.omsystem.com\\\/\"},{\"@type\":\"ListItem\",\"position\":2,\"name\":\"Knowledge Base\",\"item\":\"https:\\\/\\\/audiosupport.omsystem.com\\\/knowledge-base\\\/\"},{\"@type\":\"ListItem\",\"position\":3,\"name\":\"Change Logs: Desktop Dictation\",\"item\":\"https:\\\/\\\/audiosupport.omsystem.com\\\/knowledge-base\\\/change-logs-desktop-dictation\\\/\"},{\"@type\":\"ListItem\",\"position\":4,\"name\":\"DR Series Change Log\"}]},{\"@type\":\"WebSite\",\"@id\":\"https:\\\/\\\/audiosupport.omsystem.com\\\/en\\\/#website\",\"url\":\"https:\\\/\\\/audiosupport.omsystem.com\\\/en\\\/\",\"name\":\"Professional Audio Support\",\"description\":\"OM Digital Solutions\",\"potentialAction\":[{\"@type\":\"SearchAction\",\"target\":{\"@type\":\"EntryPoint\",\"urlTemplate\":\"https:\\\/\\\/audiosupport.omsystem.com\\\/en\\\/?s={search_term_string}\"},\"query-input\":{\"@type\":\"PropertyValueSpecification\",\"valueRequired\":true,\"valueName\":\"search_term_string\"}}],\"inLanguage\":\"fr-FR\"}]}<\/script>\n<!-- \/ Yoast SEO plugin. -->","yoast_head_json":{"title":"Journal des modifications de la s\u00e9rie DR - Assistance audio professionnelle","robots":{"index":"index","follow":"follow","max-snippet":"max-snippet:-1","max-image-preview":"max-image-preview:large","max-video-preview":"max-video-preview:-1"},"canonical":"https:\/\/audiosupport.omsystem.com\/fr\/knowledge-base\/change-logs-desktop-dictation\/dr-series-change-log\/","og_locale":"fr_FR","og_type":"article","og_title":"DR Series Change Log - Professional Audio Support","og_description":"February 15, 2015Firmware 1.20 This version further improves upon the Button Click Suppression feature, that prevents unwanted button and slider movement noises being recorded. Users of Voice Recognition will especially benefit from this update, by improved accuracy and voice recognition performance. Enables programmatic firmware updates from the Audio SDK. July 16, 2014Firmware 1.10 Adds Click-Lock [&hellip;]","og_url":"https:\/\/audiosupport.omsystem.com\/fr\/knowledge-base\/change-logs-desktop-dictation\/dr-series-change-log\/","og_site_name":"Professional Audio Support","article_modified_time":"2022-03-23T20:03:23+00:00","twitter_card":"summary_large_image","twitter_misc":{"Dur\u00e9e de lecture estim\u00e9e":"1 minute"},"schema":{"@context":"https:\/\/schema.org","@graph":[{"@type":"WebPage","@id":"https:\/\/audiosupport.omsystem.com\/knowledge-base\/change-logs-desktop-dictation\/dr-series-change-log\/","url":"https:\/\/audiosupport.omsystem.com\/knowledge-base\/change-logs-desktop-dictation\/dr-series-change-log\/","name":"Journal des modifications de la s\u00e9rie DR - Assistance audio professionnelle","isPartOf":{"@id":"https:\/\/audiosupport.omsystem.com\/en\/#website"},"datePublished":"2022-03-23T20:03:21+00:00","dateModified":"2022-03-23T20:03:23+00:00","breadcrumb":{"@id":"https:\/\/audiosupport.omsystem.com\/knowledge-base\/change-logs-desktop-dictation\/dr-series-change-log\/#breadcrumb"},"inLanguage":"fr-FR","potentialAction":[{"@type":"ReadAction","target":["https:\/\/audiosupport.omsystem.com\/knowledge-base\/change-logs-desktop-dictation\/dr-series-change-log\/"]}]},{"@type":"BreadcrumbList","@id":"https:\/\/audiosupport.omsystem.com\/knowledge-base\/change-logs-desktop-dictation\/dr-series-change-log\/#breadcrumb","itemListElement":[{"@type":"ListItem","position":1,"name":"Home","item":"https:\/\/audiosupport.omsystem.com\/"},{"@type":"ListItem","position":2,"name":"Knowledge Base","item":"https:\/\/audiosupport.omsystem.com\/knowledge-base\/"},{"@type":"ListItem","position":3,"name":"Change Logs: Desktop Dictation","item":"https:\/\/audiosupport.omsystem.com\/knowledge-base\/change-logs-desktop-dictation\/"},{"@type":"ListItem","position":4,"name":"DR Series Change Log"}]},{"@type":"WebSite","@id":"https:\/\/audiosupport.omsystem.com\/en\/#website","url":"https:\/\/audiosupport.omsystem.com\/en\/","name":"Assistance audio professionnelle","description":"Solutions num\u00e9riques OM","potentialAction":[{"@type":"SearchAction","target":{"@type":"EntryPoint","urlTemplate":"https:\/\/audiosupport.omsystem.com\/en\/?s={search_term_string}"},"query-input":{"@type":"PropertyValueSpecification","valueRequired":true,"valueName":"search_term_string"}}],"inLanguage":"fr-FR"}]}},"_links":{"self":[{"href":"https:\/\/audiosupport.omsystem.com\/fr\/wp-json\/wp\/v2\/pages\/4381","targetHints":{"allow":["GET"]}}],"collection":[{"href":"https:\/\/audiosupport.omsystem.com\/fr\/wp-json\/wp\/v2\/pages"}],"about":[{"href":"https:\/\/audiosupport.omsystem.com\/fr\/wp-json\/wp\/v2\/types\/page"}],"author":[{"embeddable":true,"href":"https:\/\/audiosupport.omsystem.com\/fr\/wp-json\/wp\/v2\/users\/1"}],"replies":[{"embeddable":true,"href":"https:\/\/audiosupport.omsystem.com\/fr\/wp-json\/wp\/v2\/comments?post=4381"}],"version-history":[{"count":1,"href":"https:\/\/audiosupport.omsystem.com\/fr\/wp-json\/wp\/v2\/pages\/4381\/revisions"}],"predecessor-version":[{"id":4382,"href":"https:\/\/audiosupport.omsystem.com\/fr\/wp-json\/wp\/v2\/pages\/4381\/revisions\/4382"}],"up":[{"embeddable":true,"href":"https:\/\/audiosupport.omsystem.com\/fr\/wp-json\/wp\/v2\/pages\/4349"}],"wp:attachment":[{"href":"https:\/\/audiosupport.omsystem.com\/fr\/wp-json\/wp\/v2\/media?parent=4381"}],"curies":[{"name":"wp","href":"https:\/\/api.w.org\/{rel}","templated":true}]}}