{"id":4372,"date":"2022-03-23T17:43:05","date_gmt":"2022-03-23T17:43:05","guid":{"rendered":"https:\/\/audiosupport.omsystem.com\/?page_id=4372"},"modified":"2022-03-23T17:43:07","modified_gmt":"2022-03-23T17:43:07","slug":"ds-2600-change-log","status":"publish","type":"page","link":"https:\/\/audiosupport.omsystem.com\/fr\/knowledge-base\/change-logs-portable-dictation\/ds-2600-change-log\/","title":{"rendered":"Journal des modifications DS-2600"},"content":{"rendered":"<p>30 mars 2020<br><strong>Micrologiciel 1.07<\/strong><\/p>\n\n\n\n<ul class=\"wp-block-list\"><li>R\u00e9sout un probl\u00e8me o\u00f9 la lecture ne d\u00e9marrait pas \u00e0 partir de la position \u00e0 laquelle elle s&#039;\u00e9tait arr\u00eat\u00e9e.<\/li><\/ul>\n\n\n\n<p>13 d\u00e9cembre 2019<br><strong>Micrologiciel 1.06<\/strong><\/p>\n\n\n\n<ul class=\"wp-block-list\"><li>Am\u00e9liorer la vitesse pour Rev\/Que<\/li><li>Afficher le nombre de fichiers. (Fichier actuel\/Nombre total de fichiers)<\/li><li>Changer le fonctionnement en fonction de la position de l&#039;interrupteur \u00e0 glissi\u00e8re lorsqu&#039;il est sorti du mode veille<\/li><li>Am\u00e9liorer le temps de d\u00e9marrage. (avec et sans carte SD)<\/li><li>R\u00e9cup\u00e9rer du sommeil avec le capteur de mouvement pendant le r\u00e9glage de la luminosit\u00e9<\/li><li>Avertir les utilisateurs que le niveau de la batterie doit \u00eatre sup\u00e9rieur \u00e0 50% lors de la mise \u00e0 jour du micrologiciel<\/li><li>Correction d&#039;un probl\u00e8me o\u00f9, sous certaines conditions, de nouveaux fichiers \u00e9taient cr\u00e9\u00e9s au cours d&#039;un seul enregistrement<\/li><\/ul>\n\n\n\n<p>19 septembre 2019<br><strong>Micrologiciel 1.04<\/strong><\/p>\n\n\n\n<ul class=\"wp-block-list\"><li>Am\u00e9lioration des sp\u00e9cifications de charge de l&#039;appareil.<\/li><li>Activ\u00e9 pour charger via USB m\u00eame lorsque l&#039;appareil est verrouill\u00e9 par code PIN.<\/li><li>Prend en charge la recharge de la batterie faible via USB AC.<\/li><li>Suppression de l&#039;\u00e9cran de confirmation pour &quot;Charger la batterie\u00a0?&quot; lors de la charge via USB AC.<\/li><li>Correction du probl\u00e8me selon lequel la carte SD peut ne pas \u00eatre visible en tant que lecteur lorsqu&#039;elle est connect\u00e9e \u00e0 un Mac.<\/li><li>Correction du probl\u00e8me selon lequel le haut-parleur et le microphone pouvaient ne pas fonctionner lorsqu&#039;ils \u00e9taient connect\u00e9s \u00e0 Windows 10.<\/li><li>Correction du probl\u00e8me selon lequel le REW ne fonctionnait pas \u00e0 la fin du fichier.<\/li><li>Modification de l&#039;ordre des fichiers pour qu&#039;il soit toujours dans l&#039;ordre des num\u00e9ros de travail.<\/li><li>Prend en charge l&#039;enregistrement d&#039;ajout au format MP3. L&#039;enregistrement par insertion et l&#039;enregistrement par \u00e9crasement ne sont pas pris en charge.<\/li><li>Rev to Stop ne d\u00e9passera plus la position d&#039;arr\u00eat.<\/li><li>Prend en charge un saut au d\u00e9but ou \u00e0 la fin du fichier lorsque vous double-cliquez sur REW ou FF.<\/li><li>Am\u00e9lior\u00e9 afin que le bruit du commutateur \u00e0 glissi\u00e8re soit minimis\u00e9 lorsque vous ajoutez un enregistrement.<\/li><\/ul>\n\n\n\n<p>20 juin 2019<br><strong>Micrologiciel 1.03<\/strong><\/p>\n\n\n\n<ul class=\"wp-block-list\"><li>Correction du probl\u00e8me de lecture incorrecte des fichiers en raison d&#039;un bruit pouvant survenir au milieu du fichier.<\/li><\/ul>\n\n\n\n<p>2 avril 2019<br><strong>Micrologiciel 1.02<\/strong><\/p>\n\n\n\n<ul class=\"wp-block-list\"><li>R\u00e9sout un probl\u00e8me o\u00f9 un fichier peut ne pas \u00eatre lu correctement lorsqu&#039;il est enregistr\u00e9 en mode VCVA.<\/li><\/ul>\n\n\n\n<p>1 ao\u00fbt 2018<br><strong>Micrologiciel 1.00<\/strong><\/p>\n\n\n\n<ul class=\"wp-block-list\"><li>Micrologiciel d&#039;origine<\/li><\/ul>","protected":false},"excerpt":{"rendered":"<p>March 30, 2020Firmware 1.07 Resolves an issue whereby playback did not start from the position it stopped. December 13, 2019Firmware 1.06 Improve speed for Rev\/Que Display number of files. (Current file\/ Total number of files) Change operation according to the position of the slide switch when recovered from sleep Improve startup time. (with &amp; w\/o [&hellip;]<\/p>\n","protected":false},"author":1,"featured_media":0,"parent":4338,"menu_order":0,"comment_status":"closed","ping_status":"closed","template":"","meta":{"ghostkit_customizer_options":"","ghostkit_custom_css":"","ghostkit_custom_js_head":"","ghostkit_custom_js_foot":"","ghostkit_typography":"","footnotes":""},"class_list":["post-4372","page","type-page","status-publish","hentry"],"yoast_head":"<!-- This site is optimized with the Yoast SEO plugin v27.4 - https:\/\/yoast.com\/product\/yoast-seo-wordpress\/ -->\n<title>DS-2600 Change Log - Professional Audio Support<\/title>\n<meta name=\"robots\" content=\"index, follow, max-snippet:-1, max-image-preview:large, max-video-preview:-1\" \/>\n<link rel=\"canonical\" href=\"https:\/\/audiosupport.omsystem.com\/fr\/knowledge-base\/change-logs-portable-dictation\/ds-2600-change-log\/\" \/>\n<meta property=\"og:locale\" content=\"fr_FR\" \/>\n<meta property=\"og:type\" content=\"article\" \/>\n<meta property=\"og:title\" content=\"DS-2600 Change Log - Professional Audio Support\" \/>\n<meta property=\"og:description\" content=\"March 30, 2020Firmware 1.07 Resolves an issue whereby playback did not start from the position it stopped. December 13, 2019Firmware 1.06 Improve speed for Rev\/Que Display number of files. (Current file\/ Total number of files) Change operation according to the position of the slide switch when recovered from sleep Improve startup time. (with &amp; w\/o [&hellip;]\" \/>\n<meta property=\"og:url\" content=\"https:\/\/audiosupport.omsystem.com\/fr\/knowledge-base\/change-logs-portable-dictation\/ds-2600-change-log\/\" \/>\n<meta property=\"og:site_name\" content=\"Professional Audio Support\" \/>\n<meta property=\"article:modified_time\" content=\"2022-03-23T17:43:07+00:00\" \/>\n<meta name=\"twitter:card\" content=\"summary_large_image\" \/>\n<meta name=\"twitter:label1\" content=\"Dur\u00e9e de lecture estim\u00e9e\" \/>\n\t<meta name=\"twitter:data1\" content=\"2 minutes\" \/>\n<script type=\"application\/ld+json\" class=\"yoast-schema-graph\">{\"@context\":\"https:\\\/\\\/schema.org\",\"@graph\":[{\"@type\":\"WebPage\",\"@id\":\"https:\\\/\\\/audiosupport.omsystem.com\\\/knowledge-base\\\/change-logs-portable-dictation\\\/ds-2600-change-log\\\/\",\"url\":\"https:\\\/\\\/audiosupport.omsystem.com\\\/knowledge-base\\\/change-logs-portable-dictation\\\/ds-2600-change-log\\\/\",\"name\":\"DS-2600 Change Log - Professional Audio Support\",\"isPartOf\":{\"@id\":\"https:\\\/\\\/audiosupport.omsystem.com\\\/en\\\/#website\"},\"datePublished\":\"2022-03-23T17:43:05+00:00\",\"dateModified\":\"2022-03-23T17:43:07+00:00\",\"breadcrumb\":{\"@id\":\"https:\\\/\\\/audiosupport.omsystem.com\\\/knowledge-base\\\/change-logs-portable-dictation\\\/ds-2600-change-log\\\/#breadcrumb\"},\"inLanguage\":\"fr-FR\",\"potentialAction\":[{\"@type\":\"ReadAction\",\"target\":[\"https:\\\/\\\/audiosupport.omsystem.com\\\/knowledge-base\\\/change-logs-portable-dictation\\\/ds-2600-change-log\\\/\"]}]},{\"@type\":\"BreadcrumbList\",\"@id\":\"https:\\\/\\\/audiosupport.omsystem.com\\\/knowledge-base\\\/change-logs-portable-dictation\\\/ds-2600-change-log\\\/#breadcrumb\",\"itemListElement\":[{\"@type\":\"ListItem\",\"position\":1,\"name\":\"Home\",\"item\":\"https:\\\/\\\/audiosupport.omsystem.com\\\/\"},{\"@type\":\"ListItem\",\"position\":2,\"name\":\"Knowledge Base\",\"item\":\"https:\\\/\\\/audiosupport.omsystem.com\\\/knowledge-base\\\/\"},{\"@type\":\"ListItem\",\"position\":3,\"name\":\"Change Logs: Portable Dictation\",\"item\":\"https:\\\/\\\/audiosupport.omsystem.com\\\/knowledge-base\\\/change-logs-portable-dictation\\\/\"},{\"@type\":\"ListItem\",\"position\":4,\"name\":\"DS-2600 Change Log\"}]},{\"@type\":\"WebSite\",\"@id\":\"https:\\\/\\\/audiosupport.omsystem.com\\\/en\\\/#website\",\"url\":\"https:\\\/\\\/audiosupport.omsystem.com\\\/en\\\/\",\"name\":\"Professional Audio Support\",\"description\":\"OM Digital Solutions\",\"potentialAction\":[{\"@type\":\"SearchAction\",\"target\":{\"@type\":\"EntryPoint\",\"urlTemplate\":\"https:\\\/\\\/audiosupport.omsystem.com\\\/en\\\/?s={search_term_string}\"},\"query-input\":{\"@type\":\"PropertyValueSpecification\",\"valueRequired\":true,\"valueName\":\"search_term_string\"}}],\"inLanguage\":\"fr-FR\"}]}<\/script>\n<!-- \/ Yoast SEO plugin. -->","yoast_head_json":{"title":"Journal des modifications du DS-2600 \u2013 Assistance audio professionnelle","robots":{"index":"index","follow":"follow","max-snippet":"max-snippet:-1","max-image-preview":"max-image-preview:large","max-video-preview":"max-video-preview:-1"},"canonical":"https:\/\/audiosupport.omsystem.com\/fr\/knowledge-base\/change-logs-portable-dictation\/ds-2600-change-log\/","og_locale":"fr_FR","og_type":"article","og_title":"DS-2600 Change Log - Professional Audio Support","og_description":"March 30, 2020Firmware 1.07 Resolves an issue whereby playback did not start from the position it stopped. December 13, 2019Firmware 1.06 Improve speed for Rev\/Que Display number of files. (Current file\/ Total number of files) Change operation according to the position of the slide switch when recovered from sleep Improve startup time. (with &amp; w\/o [&hellip;]","og_url":"https:\/\/audiosupport.omsystem.com\/fr\/knowledge-base\/change-logs-portable-dictation\/ds-2600-change-log\/","og_site_name":"Professional Audio Support","article_modified_time":"2022-03-23T17:43:07+00:00","twitter_card":"summary_large_image","twitter_misc":{"Dur\u00e9e de lecture estim\u00e9e":"2 minutes"},"schema":{"@context":"https:\/\/schema.org","@graph":[{"@type":"WebPage","@id":"https:\/\/audiosupport.omsystem.com\/knowledge-base\/change-logs-portable-dictation\/ds-2600-change-log\/","url":"https:\/\/audiosupport.omsystem.com\/knowledge-base\/change-logs-portable-dictation\/ds-2600-change-log\/","name":"Journal des modifications du DS-2600 \u2013 Assistance audio professionnelle","isPartOf":{"@id":"https:\/\/audiosupport.omsystem.com\/en\/#website"},"datePublished":"2022-03-23T17:43:05+00:00","dateModified":"2022-03-23T17:43:07+00:00","breadcrumb":{"@id":"https:\/\/audiosupport.omsystem.com\/knowledge-base\/change-logs-portable-dictation\/ds-2600-change-log\/#breadcrumb"},"inLanguage":"fr-FR","potentialAction":[{"@type":"ReadAction","target":["https:\/\/audiosupport.omsystem.com\/knowledge-base\/change-logs-portable-dictation\/ds-2600-change-log\/"]}]},{"@type":"BreadcrumbList","@id":"https:\/\/audiosupport.omsystem.com\/knowledge-base\/change-logs-portable-dictation\/ds-2600-change-log\/#breadcrumb","itemListElement":[{"@type":"ListItem","position":1,"name":"Home","item":"https:\/\/audiosupport.omsystem.com\/"},{"@type":"ListItem","position":2,"name":"Knowledge Base","item":"https:\/\/audiosupport.omsystem.com\/knowledge-base\/"},{"@type":"ListItem","position":3,"name":"Change Logs: Portable Dictation","item":"https:\/\/audiosupport.omsystem.com\/knowledge-base\/change-logs-portable-dictation\/"},{"@type":"ListItem","position":4,"name":"DS-2600 Change Log"}]},{"@type":"WebSite","@id":"https:\/\/audiosupport.omsystem.com\/en\/#website","url":"https:\/\/audiosupport.omsystem.com\/en\/","name":"Assistance audio professionnelle","description":"Solutions num\u00e9riques OM","potentialAction":[{"@type":"SearchAction","target":{"@type":"EntryPoint","urlTemplate":"https:\/\/audiosupport.omsystem.com\/en\/?s={search_term_string}"},"query-input":{"@type":"PropertyValueSpecification","valueRequired":true,"valueName":"search_term_string"}}],"inLanguage":"fr-FR"}]}},"_links":{"self":[{"href":"https:\/\/audiosupport.omsystem.com\/fr\/wp-json\/wp\/v2\/pages\/4372","targetHints":{"allow":["GET"]}}],"collection":[{"href":"https:\/\/audiosupport.omsystem.com\/fr\/wp-json\/wp\/v2\/pages"}],"about":[{"href":"https:\/\/audiosupport.omsystem.com\/fr\/wp-json\/wp\/v2\/types\/page"}],"author":[{"embeddable":true,"href":"https:\/\/audiosupport.omsystem.com\/fr\/wp-json\/wp\/v2\/users\/1"}],"replies":[{"embeddable":true,"href":"https:\/\/audiosupport.omsystem.com\/fr\/wp-json\/wp\/v2\/comments?post=4372"}],"version-history":[{"count":1,"href":"https:\/\/audiosupport.omsystem.com\/fr\/wp-json\/wp\/v2\/pages\/4372\/revisions"}],"predecessor-version":[{"id":4373,"href":"https:\/\/audiosupport.omsystem.com\/fr\/wp-json\/wp\/v2\/pages\/4372\/revisions\/4373"}],"up":[{"embeddable":true,"href":"https:\/\/audiosupport.omsystem.com\/fr\/wp-json\/wp\/v2\/pages\/4338"}],"wp:attachment":[{"href":"https:\/\/audiosupport.omsystem.com\/fr\/wp-json\/wp\/v2\/media?parent=4372"}],"curies":[{"name":"wp","href":"https:\/\/api.w.org\/{rel}","templated":true}]}}