{"id":4370,"date":"2022-03-23T17:40:58","date_gmt":"2022-03-23T17:40:58","guid":{"rendered":"https:\/\/audiosupport.omsystem.com\/?page_id=4370"},"modified":"2022-03-23T17:40:59","modified_gmt":"2022-03-23T17:40:59","slug":"ds-5000-change-log","status":"publish","type":"page","link":"https:\/\/audiosupport.omsystem.com\/fr\/knowledge-base\/change-logs-portable-dictation\/ds-5000-change-log\/","title":{"rendered":"Journal des modifications DS-5000"},"content":{"rendered":"<p>27 novembre 2012<br><strong>Micrologiciel 1.08<\/strong><\/p>\n\n\n\n<ul class=\"wp-block-list\"><li>Lorsque les informations syst\u00e8me sont affich\u00e9es et qu&#039;un enregistrement est en cours de lecture, l&#039;enregistreur se fige \u2013 fixe.<\/li><\/ul>\n\n\n\n<p>26 septembre 2012<br><strong>Micrologiciel 1.07<\/strong><\/p>\n\n\n\n<ul class=\"wp-block-list\"><li>Prise en charge du cryptage 256 bits<\/li><\/ul>\n\n\n\n<p>26 ao\u00fbt 2012<br><strong>Micrologiciel 1.06<\/strong><\/p>\n\n\n\n<ul class=\"wp-block-list\"><li>Param\u00e8tres Cue\/Rev ajout\u00e9s au menu Device<\/li><li>&quot;Cue\/Rev sound&quot; la valeur par d\u00e9faut pour cela est maintenant d\u00e9sactiv\u00e9e.<\/li><li>Am\u00e9lioration des performances d&#039;effacement partiel.<\/li><li>Index\/Vitesse de recherche verbale am\u00e9lior\u00e9e.<\/li><li>Option ajout\u00e9e pour d\u00e9sactiver l&#039;emplacement SD.<\/li><li>La fonction de message personnalis\u00e9 a \u00e9t\u00e9 modifi\u00e9e pour s&#039;afficher telle qu&#039;elle a \u00e9t\u00e9 saisie dans les param\u00e8tres.<\/li><\/ul>\n\n\n\n<p>23 f\u00e9vrier 2009<br><strong>Micrologiciel 1.05<\/strong><\/p>\n\n\n\n<ul class=\"wp-block-list\"><li>L&#039;appareil peut \u00eatre pr\u00eat \u00e0 l&#039;emploi plus rapidement lorsqu&#039;il est allum\u00e9 ou repris \u00e0 partir du mode d&#039;\u00e9conomie d&#039;\u00e9nergie.<\/li><li>La vitesse des fonctions Cue et Rev a \u00e9t\u00e9 ralentie pour am\u00e9liorer la convivialit\u00e9.<\/li><li>Une nouvelle op\u00e9ration pour arr\u00eater les fonctions FF ou REW en appuyant sur le bouton OK ou MENU a \u00e9t\u00e9 ajout\u00e9e.<\/li><\/ul>\n\n\n\n<p>25 ao\u00fbt 2008<br><strong>Micrologiciel 1.04<\/strong><\/p>\n\n\n\n<ul class=\"wp-block-list\"><li>L&#039;appareil prend d\u00e9sormais en charge l&#039;utilisation du lecteur de codes-barres SC1.<\/li><li>Un nouvel \u00e9l\u00e9ment de menu &quot;Cue\/Rev Sound&quot; a \u00e9t\u00e9 ajout\u00e9.<\/li><li>Les \u00e9l\u00e9ments du menu sont affich\u00e9s en fonction de la fr\u00e9quence de leur utilisation.<\/li><li>Les donn\u00e9es d&#039;enregistrement d&#039;empreintes digitales sont d\u00e9sormais \u00e9galement supprim\u00e9es lorsque les param\u00e8tres sont r\u00e9initialis\u00e9s via le menu.<\/li><li>Lorsque l&#039;appareil est compl\u00e8tement charg\u00e9, &quot;Charging Complete!&quot; est affich\u00e9.<\/li><li>Le probl\u00e8me qui affecte le niveau de volume du microphone lors de l&#039;enregistrement de &quot;Dragon NaturallySpeaking&quot; - corrig\u00e9.<\/li><li>Les fonctionnalit\u00e9s mains libres de la p\u00e9dale de commande RS27\/RS28 ont \u00e9t\u00e9 modifi\u00e9es pour correspondre \u00e0 celles du DS-4000.<\/li><li>Les noms de dossier ne s&#039;affichent pas correctement lors de la connexion \u00e0 DSS Player Pro dans le syst\u00e8me d&#039;exploitation russe - corrig\u00e9<\/li><\/ul>\n\n\n\n<p>14 avril 2008<br><strong>Micrologiciel 1.02<\/strong><\/p>\n\n\n\n<ul class=\"wp-block-list\"><li>Modification de l&#039;interface graphique pour l&#039;entr\u00e9e d&#039;\u00e9l\u00e9ment d&#039;option<\/li><li>L&#039;\u00e9cran d&#039;accueil de bienvenue s&#039;affiche en premier, m\u00eame si les identifiants d&#039;auteur et les identifiants de type de travail ont \u00e9t\u00e9 activ\u00e9s.<\/li><li>Lorsqu&#039;un utilisateur entrait en mode Insertion, l&#039;appareil restait en mode Insertion m\u00eame si l&#039;interrupteur \u00e0 glissi\u00e8re avait \u00e9t\u00e9 d\u00e9plac\u00e9 vers la position Stop - corrig\u00e9<\/li><li>L&#039;appareil ne d\u00e9marre pas toujours imm\u00e9diatement - corrig\u00e9.<\/li><\/ul>\n\n\n\n<p>11 avril 2008<br><strong>Micrologiciel 1.00<\/strong><\/p>\n\n\n\n<ul class=\"wp-block-list\"><li>Micrologiciel d&#039;origine<\/li><\/ul>","protected":false},"excerpt":{"rendered":"<p>November 27, 2012Firmware 1.08 When the system information is being displayed and a recording is playing back, the recorder freezes \u2013fixed. September 26, 2012Firmware 1.07 256-bit encryption support August 26, 2012Firmware 1.06 Cue\/Rev settings added to Device menu \u201cCue\/Rev sound\u201d the default value for this is now set to off. Partial erase performance improved. Index\/Verbal [&hellip;]<\/p>\n","protected":false},"author":1,"featured_media":0,"parent":4338,"menu_order":0,"comment_status":"closed","ping_status":"closed","template":"","meta":{"ghostkit_customizer_options":"","ghostkit_custom_css":"","ghostkit_custom_js_head":"","ghostkit_custom_js_foot":"","ghostkit_typography":"","footnotes":""},"class_list":["post-4370","page","type-page","status-publish","hentry"],"yoast_head":"<!-- This site is optimized with the Yoast SEO plugin v27.4 - https:\/\/yoast.com\/product\/yoast-seo-wordpress\/ -->\n<title>DS-5000 Change Log - Professional Audio Support<\/title>\n<meta name=\"robots\" content=\"index, follow, max-snippet:-1, max-image-preview:large, max-video-preview:-1\" \/>\n<link rel=\"canonical\" href=\"https:\/\/audiosupport.omsystem.com\/fr\/knowledge-base\/change-logs-portable-dictation\/ds-5000-change-log\/\" \/>\n<meta property=\"og:locale\" content=\"fr_FR\" \/>\n<meta property=\"og:type\" content=\"article\" \/>\n<meta property=\"og:title\" content=\"DS-5000 Change Log - Professional Audio Support\" \/>\n<meta property=\"og:description\" content=\"November 27, 2012Firmware 1.08 When the system information is being displayed and a recording is playing back, the recorder freezes \u2013fixed. September 26, 2012Firmware 1.07 256-bit encryption support August 26, 2012Firmware 1.06 Cue\/Rev settings added to Device menu \u201cCue\/Rev sound\u201d the default value for this is now set to off. Partial erase performance improved. Index\/Verbal [&hellip;]\" \/>\n<meta property=\"og:url\" content=\"https:\/\/audiosupport.omsystem.com\/fr\/knowledge-base\/change-logs-portable-dictation\/ds-5000-change-log\/\" \/>\n<meta property=\"og:site_name\" content=\"Professional Audio Support\" \/>\n<meta property=\"article:modified_time\" content=\"2022-03-23T17:40:59+00:00\" \/>\n<meta name=\"twitter:card\" content=\"summary_large_image\" \/>\n<meta name=\"twitter:label1\" content=\"Dur\u00e9e de lecture estim\u00e9e\" \/>\n\t<meta name=\"twitter:data1\" content=\"2 minutes\" \/>\n<script type=\"application\/ld+json\" class=\"yoast-schema-graph\">{\"@context\":\"https:\\\/\\\/schema.org\",\"@graph\":[{\"@type\":\"WebPage\",\"@id\":\"https:\\\/\\\/audiosupport.omsystem.com\\\/knowledge-base\\\/change-logs-portable-dictation\\\/ds-5000-change-log\\\/\",\"url\":\"https:\\\/\\\/audiosupport.omsystem.com\\\/knowledge-base\\\/change-logs-portable-dictation\\\/ds-5000-change-log\\\/\",\"name\":\"DS-5000 Change Log - Professional Audio Support\",\"isPartOf\":{\"@id\":\"https:\\\/\\\/audiosupport.omsystem.com\\\/en\\\/#website\"},\"datePublished\":\"2022-03-23T17:40:58+00:00\",\"dateModified\":\"2022-03-23T17:40:59+00:00\",\"breadcrumb\":{\"@id\":\"https:\\\/\\\/audiosupport.omsystem.com\\\/knowledge-base\\\/change-logs-portable-dictation\\\/ds-5000-change-log\\\/#breadcrumb\"},\"inLanguage\":\"fr-FR\",\"potentialAction\":[{\"@type\":\"ReadAction\",\"target\":[\"https:\\\/\\\/audiosupport.omsystem.com\\\/knowledge-base\\\/change-logs-portable-dictation\\\/ds-5000-change-log\\\/\"]}]},{\"@type\":\"BreadcrumbList\",\"@id\":\"https:\\\/\\\/audiosupport.omsystem.com\\\/knowledge-base\\\/change-logs-portable-dictation\\\/ds-5000-change-log\\\/#breadcrumb\",\"itemListElement\":[{\"@type\":\"ListItem\",\"position\":1,\"name\":\"Home\",\"item\":\"https:\\\/\\\/audiosupport.omsystem.com\\\/\"},{\"@type\":\"ListItem\",\"position\":2,\"name\":\"Knowledge Base\",\"item\":\"https:\\\/\\\/audiosupport.omsystem.com\\\/knowledge-base\\\/\"},{\"@type\":\"ListItem\",\"position\":3,\"name\":\"Change Logs: Portable Dictation\",\"item\":\"https:\\\/\\\/audiosupport.omsystem.com\\\/knowledge-base\\\/change-logs-portable-dictation\\\/\"},{\"@type\":\"ListItem\",\"position\":4,\"name\":\"DS-5000 Change Log\"}]},{\"@type\":\"WebSite\",\"@id\":\"https:\\\/\\\/audiosupport.omsystem.com\\\/en\\\/#website\",\"url\":\"https:\\\/\\\/audiosupport.omsystem.com\\\/en\\\/\",\"name\":\"Professional Audio Support\",\"description\":\"OM Digital Solutions\",\"potentialAction\":[{\"@type\":\"SearchAction\",\"target\":{\"@type\":\"EntryPoint\",\"urlTemplate\":\"https:\\\/\\\/audiosupport.omsystem.com\\\/en\\\/?s={search_term_string}\"},\"query-input\":{\"@type\":\"PropertyValueSpecification\",\"valueRequired\":true,\"valueName\":\"search_term_string\"}}],\"inLanguage\":\"fr-FR\"}]}<\/script>\n<!-- \/ Yoast SEO plugin. -->","yoast_head_json":{"title":"Journal des modifications du DS-5000\u00a0\u2013 Assistance audio professionnelle","robots":{"index":"index","follow":"follow","max-snippet":"max-snippet:-1","max-image-preview":"max-image-preview:large","max-video-preview":"max-video-preview:-1"},"canonical":"https:\/\/audiosupport.omsystem.com\/fr\/knowledge-base\/change-logs-portable-dictation\/ds-5000-change-log\/","og_locale":"fr_FR","og_type":"article","og_title":"DS-5000 Change Log - Professional Audio Support","og_description":"November 27, 2012Firmware 1.08 When the system information is being displayed and a recording is playing back, the recorder freezes \u2013fixed. September 26, 2012Firmware 1.07 256-bit encryption support August 26, 2012Firmware 1.06 Cue\/Rev settings added to Device menu \u201cCue\/Rev sound\u201d the default value for this is now set to off. Partial erase performance improved. Index\/Verbal [&hellip;]","og_url":"https:\/\/audiosupport.omsystem.com\/fr\/knowledge-base\/change-logs-portable-dictation\/ds-5000-change-log\/","og_site_name":"Professional Audio Support","article_modified_time":"2022-03-23T17:40:59+00:00","twitter_card":"summary_large_image","twitter_misc":{"Dur\u00e9e de lecture estim\u00e9e":"2 minutes"},"schema":{"@context":"https:\/\/schema.org","@graph":[{"@type":"WebPage","@id":"https:\/\/audiosupport.omsystem.com\/knowledge-base\/change-logs-portable-dictation\/ds-5000-change-log\/","url":"https:\/\/audiosupport.omsystem.com\/knowledge-base\/change-logs-portable-dictation\/ds-5000-change-log\/","name":"Journal des modifications du DS-5000\u00a0\u2013 Assistance audio professionnelle","isPartOf":{"@id":"https:\/\/audiosupport.omsystem.com\/en\/#website"},"datePublished":"2022-03-23T17:40:58+00:00","dateModified":"2022-03-23T17:40:59+00:00","breadcrumb":{"@id":"https:\/\/audiosupport.omsystem.com\/knowledge-base\/change-logs-portable-dictation\/ds-5000-change-log\/#breadcrumb"},"inLanguage":"fr-FR","potentialAction":[{"@type":"ReadAction","target":["https:\/\/audiosupport.omsystem.com\/knowledge-base\/change-logs-portable-dictation\/ds-5000-change-log\/"]}]},{"@type":"BreadcrumbList","@id":"https:\/\/audiosupport.omsystem.com\/knowledge-base\/change-logs-portable-dictation\/ds-5000-change-log\/#breadcrumb","itemListElement":[{"@type":"ListItem","position":1,"name":"Home","item":"https:\/\/audiosupport.omsystem.com\/"},{"@type":"ListItem","position":2,"name":"Knowledge Base","item":"https:\/\/audiosupport.omsystem.com\/knowledge-base\/"},{"@type":"ListItem","position":3,"name":"Change Logs: Portable Dictation","item":"https:\/\/audiosupport.omsystem.com\/knowledge-base\/change-logs-portable-dictation\/"},{"@type":"ListItem","position":4,"name":"DS-5000 Change Log"}]},{"@type":"WebSite","@id":"https:\/\/audiosupport.omsystem.com\/en\/#website","url":"https:\/\/audiosupport.omsystem.com\/en\/","name":"Assistance audio professionnelle","description":"Solutions num\u00e9riques OM","potentialAction":[{"@type":"SearchAction","target":{"@type":"EntryPoint","urlTemplate":"https:\/\/audiosupport.omsystem.com\/en\/?s={search_term_string}"},"query-input":{"@type":"PropertyValueSpecification","valueRequired":true,"valueName":"search_term_string"}}],"inLanguage":"fr-FR"}]}},"_links":{"self":[{"href":"https:\/\/audiosupport.omsystem.com\/fr\/wp-json\/wp\/v2\/pages\/4370","targetHints":{"allow":["GET"]}}],"collection":[{"href":"https:\/\/audiosupport.omsystem.com\/fr\/wp-json\/wp\/v2\/pages"}],"about":[{"href":"https:\/\/audiosupport.omsystem.com\/fr\/wp-json\/wp\/v2\/types\/page"}],"author":[{"embeddable":true,"href":"https:\/\/audiosupport.omsystem.com\/fr\/wp-json\/wp\/v2\/users\/1"}],"replies":[{"embeddable":true,"href":"https:\/\/audiosupport.omsystem.com\/fr\/wp-json\/wp\/v2\/comments?post=4370"}],"version-history":[{"count":1,"href":"https:\/\/audiosupport.omsystem.com\/fr\/wp-json\/wp\/v2\/pages\/4370\/revisions"}],"predecessor-version":[{"id":4371,"href":"https:\/\/audiosupport.omsystem.com\/fr\/wp-json\/wp\/v2\/pages\/4370\/revisions\/4371"}],"up":[{"embeddable":true,"href":"https:\/\/audiosupport.omsystem.com\/fr\/wp-json\/wp\/v2\/pages\/4338"}],"wp:attachment":[{"href":"https:\/\/audiosupport.omsystem.com\/fr\/wp-json\/wp\/v2\/media?parent=4370"}],"curies":[{"name":"wp","href":"https:\/\/api.w.org\/{rel}","templated":true}]}}