{"id":4366,"date":"2022-03-23T17:31:51","date_gmt":"2022-03-23T17:31:51","guid":{"rendered":"https:\/\/audiosupport.omsystem.com\/?page_id=4366"},"modified":"2022-03-23T17:31:53","modified_gmt":"2022-03-23T17:31:53","slug":"ds-3500-change-log","status":"publish","type":"page","link":"https:\/\/audiosupport.omsystem.com\/fr\/knowledge-base\/change-logs-portable-dictation\/ds-3500-change-log\/","title":{"rendered":"Journal des modifications DS-3500"},"content":{"rendered":"<p>23 octobre 2015<br><strong>Micrologiciel 2.01<\/strong><\/p>\n\n\n\n<ul class=\"wp-block-list\"><li>R\u00e9sout le probl\u00e8me selon lequel l&#039;appareil se fige lorsqu&#039;un utilisateur efface partiellement un fichier crypt\u00e9 256 bits en mode QP.<\/li><\/ul>\n\n\n\n<p>27 f\u00e9vrier 2015<br><strong>Micrologiciel 2.00<\/strong><\/p>\n\n\n\n<ul class=\"wp-block-list\"><li>La mise \u00e0 jour du firmware est disponible via le nouveau SDK.<\/li><li>Fonction de retour arri\u00e8re automatique introduite. La position de lecture recule de 3 secondes en d\u00e9pla\u00e7ant bri\u00e8vement le commutateur \u00e0 glissi\u00e8re sur la position REV pendant le mode d&#039;arr\u00eat\/lecture.<\/li><\/ul>\n\n\n\n<p>16 octobre 2014<br><strong>Micrologiciel 1.23<\/strong><\/p>\n\n\n\n<ul class=\"wp-block-list\"><li>Fonctionnalit\u00e9 DLP ajout\u00e9e. (ODMS 6.3.0 ou version ult\u00e9rieure)<\/li><\/ul>\n\n\n\n<p>3 septembre 2013<br><strong>Micrologiciel 1.20<\/strong><\/p>\n\n\n\n<ul class=\"wp-block-list\"><li>Prend en charge la carte Toshiba FlashAir. Le bouton F3 deviendra le bouton WLAN une fois qu&#039;une carte FlashAir sera ins\u00e9r\u00e9e. La carte commencera \u00e0 envoyer un signal WLAN lorsque vous appuierez sur le bouton F3 et les fichiers deviendront accessibles depuis un PC ou un smartphone.<\/li><li>Corrige le bogue que l&#039;enregistreur n&#039;enregistre parfois pas m\u00eame lorsque le commutateur \u00e0 glissi\u00e8re est positionn\u00e9 sur REC si le commutateur \u00e0 glissi\u00e8re a \u00e9t\u00e9 rapidement gliss\u00e9 entre REC et REV plusieurs fois.<\/li><\/ul>\n\n\n\n<p>28 mars 2013<br><strong>Micrologiciel 1.10<\/strong><\/p>\n\n\n\n<ul class=\"wp-block-list\"><li>Active la prise en charge de la fonction d&#039;importation de m\u00e9tadonn\u00e9es (MIF). Cela permet aux utilisateurs d&#039;associer des m\u00e9tadonn\u00e9es aux dict\u00e9es. Dans le cas d&#039;une dict\u00e9e m\u00e9dicale, les m\u00e9tadonn\u00e9es seraient des informations telles que le nom du patient, le num\u00e9ro de dossier m\u00e9dical, etc.<\/li><li>Ajoute la possibilit\u00e9 de r\u00e9gler le temps de r\u00e9tro\u00e9clairage sur 2 et 5 minutes.<\/li><\/ul>\n\n\n\n<p>19 octobre 2012<br><strong>Micrologiciel 1.02<\/strong><\/p>\n\n\n\n<ul class=\"wp-block-list\"><li>Permet \u00e0 l&#039;utilisateur de s\u00e9lectionner le type de travail lorsque l&#039;appareil a \u00e9t\u00e9 allum\u00e9, ainsi que lorsque l&#039;utilisateur cr\u00e9e une nouvelle dict\u00e9e.<\/li><li>La quantit\u00e9 de bruit a \u00e9t\u00e9 r\u00e9duite lorsque l&#039;appareil est utilis\u00e9 avec un Mac en classe audio.<\/li><\/ul>\n\n\n\n<p>30 ao\u00fbt 2012<br><strong>Micrologiciel 1.01<\/strong><\/p>\n\n\n\n<ul class=\"wp-block-list\"><li>Prend en charge le t\u00e9l\u00e9chargement du num\u00e9ro de s\u00e9rie<\/li><li>Correction du bogue de l&#039;identifiant de l&#039;auteur - L&#039;identifiant de l&#039;auteur ne s&#039;affichait pas toujours lorsqu&#039;il avait \u00e9t\u00e9 t\u00e9l\u00e9charg\u00e9 par ODMS.<\/li><\/ul>\n\n\n\n<p>17 avril 2012<br><strong>Micrologiciel 1.00<\/strong><\/p>\n\n\n\n<ul class=\"wp-block-list\"><li>Micrologiciel d&#039;origine<\/li><\/ul>","protected":false},"excerpt":{"rendered":"<p>October 23, 2015Firmware 2.01 Fixes the issue whereby the device will freeze when a user partially erases 256-bit encrypted file in QP mode. February 27, 2015Firmware 2.00 Firmware update is available via the new SDK. Auto backspace feature introduced. Playback position jumps back 3 seconds by moving the slide switch briefly to the REV position [&hellip;]<\/p>\n","protected":false},"author":1,"featured_media":0,"parent":4338,"menu_order":0,"comment_status":"closed","ping_status":"closed","template":"","meta":{"ghostkit_customizer_options":"","ghostkit_custom_css":"","ghostkit_custom_js_head":"","ghostkit_custom_js_foot":"","ghostkit_typography":"","footnotes":""},"class_list":["post-4366","page","type-page","status-publish","hentry"],"yoast_head":"<!-- This site is optimized with the Yoast SEO plugin v27.4 - https:\/\/yoast.com\/product\/yoast-seo-wordpress\/ -->\n<title>DS-3500 Change Log - Professional Audio Support<\/title>\n<meta name=\"robots\" content=\"index, follow, max-snippet:-1, max-image-preview:large, max-video-preview:-1\" \/>\n<link rel=\"canonical\" href=\"https:\/\/audiosupport.omsystem.com\/fr\/knowledge-base\/change-logs-portable-dictation\/ds-3500-change-log\/\" \/>\n<meta property=\"og:locale\" content=\"fr_FR\" \/>\n<meta property=\"og:type\" content=\"article\" \/>\n<meta property=\"og:title\" content=\"DS-3500 Change Log - Professional Audio Support\" \/>\n<meta property=\"og:description\" content=\"October 23, 2015Firmware 2.01 Fixes the issue whereby the device will freeze when a user partially erases 256-bit encrypted file in QP mode. February 27, 2015Firmware 2.00 Firmware update is available via the new SDK. Auto backspace feature introduced. Playback position jumps back 3 seconds by moving the slide switch briefly to the REV position [&hellip;]\" \/>\n<meta property=\"og:url\" content=\"https:\/\/audiosupport.omsystem.com\/fr\/knowledge-base\/change-logs-portable-dictation\/ds-3500-change-log\/\" \/>\n<meta property=\"og:site_name\" content=\"Professional Audio Support\" \/>\n<meta property=\"article:modified_time\" content=\"2022-03-23T17:31:53+00:00\" \/>\n<meta name=\"twitter:card\" content=\"summary_large_image\" \/>\n<meta name=\"twitter:label1\" content=\"Dur\u00e9e de lecture estim\u00e9e\" \/>\n\t<meta name=\"twitter:data1\" content=\"2 minutes\" \/>\n<script type=\"application\/ld+json\" class=\"yoast-schema-graph\">{\"@context\":\"https:\\\/\\\/schema.org\",\"@graph\":[{\"@type\":\"WebPage\",\"@id\":\"https:\\\/\\\/audiosupport.omsystem.com\\\/knowledge-base\\\/change-logs-portable-dictation\\\/ds-3500-change-log\\\/\",\"url\":\"https:\\\/\\\/audiosupport.omsystem.com\\\/knowledge-base\\\/change-logs-portable-dictation\\\/ds-3500-change-log\\\/\",\"name\":\"DS-3500 Change Log - Professional Audio Support\",\"isPartOf\":{\"@id\":\"https:\\\/\\\/audiosupport.omsystem.com\\\/en\\\/#website\"},\"datePublished\":\"2022-03-23T17:31:51+00:00\",\"dateModified\":\"2022-03-23T17:31:53+00:00\",\"breadcrumb\":{\"@id\":\"https:\\\/\\\/audiosupport.omsystem.com\\\/knowledge-base\\\/change-logs-portable-dictation\\\/ds-3500-change-log\\\/#breadcrumb\"},\"inLanguage\":\"fr-FR\",\"potentialAction\":[{\"@type\":\"ReadAction\",\"target\":[\"https:\\\/\\\/audiosupport.omsystem.com\\\/knowledge-base\\\/change-logs-portable-dictation\\\/ds-3500-change-log\\\/\"]}]},{\"@type\":\"BreadcrumbList\",\"@id\":\"https:\\\/\\\/audiosupport.omsystem.com\\\/knowledge-base\\\/change-logs-portable-dictation\\\/ds-3500-change-log\\\/#breadcrumb\",\"itemListElement\":[{\"@type\":\"ListItem\",\"position\":1,\"name\":\"Home\",\"item\":\"https:\\\/\\\/audiosupport.omsystem.com\\\/\"},{\"@type\":\"ListItem\",\"position\":2,\"name\":\"Knowledge Base\",\"item\":\"https:\\\/\\\/audiosupport.omsystem.com\\\/knowledge-base\\\/\"},{\"@type\":\"ListItem\",\"position\":3,\"name\":\"Change Logs: Portable Dictation\",\"item\":\"https:\\\/\\\/audiosupport.omsystem.com\\\/knowledge-base\\\/change-logs-portable-dictation\\\/\"},{\"@type\":\"ListItem\",\"position\":4,\"name\":\"DS-3500 Change Log\"}]},{\"@type\":\"WebSite\",\"@id\":\"https:\\\/\\\/audiosupport.omsystem.com\\\/en\\\/#website\",\"url\":\"https:\\\/\\\/audiosupport.omsystem.com\\\/en\\\/\",\"name\":\"Professional Audio Support\",\"description\":\"OM Digital Solutions\",\"potentialAction\":[{\"@type\":\"SearchAction\",\"target\":{\"@type\":\"EntryPoint\",\"urlTemplate\":\"https:\\\/\\\/audiosupport.omsystem.com\\\/en\\\/?s={search_term_string}\"},\"query-input\":{\"@type\":\"PropertyValueSpecification\",\"valueRequired\":true,\"valueName\":\"search_term_string\"}}],\"inLanguage\":\"fr-FR\"}]}<\/script>\n<!-- \/ Yoast SEO plugin. -->","yoast_head_json":{"title":"Journal des modifications du DS-3500\u00a0\u2013 Assistance audio professionnelle","robots":{"index":"index","follow":"follow","max-snippet":"max-snippet:-1","max-image-preview":"max-image-preview:large","max-video-preview":"max-video-preview:-1"},"canonical":"https:\/\/audiosupport.omsystem.com\/fr\/knowledge-base\/change-logs-portable-dictation\/ds-3500-change-log\/","og_locale":"fr_FR","og_type":"article","og_title":"DS-3500 Change Log - Professional Audio Support","og_description":"October 23, 2015Firmware 2.01 Fixes the issue whereby the device will freeze when a user partially erases 256-bit encrypted file in QP mode. February 27, 2015Firmware 2.00 Firmware update is available via the new SDK. Auto backspace feature introduced. Playback position jumps back 3 seconds by moving the slide switch briefly to the REV position [&hellip;]","og_url":"https:\/\/audiosupport.omsystem.com\/fr\/knowledge-base\/change-logs-portable-dictation\/ds-3500-change-log\/","og_site_name":"Professional Audio Support","article_modified_time":"2022-03-23T17:31:53+00:00","twitter_card":"summary_large_image","twitter_misc":{"Dur\u00e9e de lecture estim\u00e9e":"2 minutes"},"schema":{"@context":"https:\/\/schema.org","@graph":[{"@type":"WebPage","@id":"https:\/\/audiosupport.omsystem.com\/knowledge-base\/change-logs-portable-dictation\/ds-3500-change-log\/","url":"https:\/\/audiosupport.omsystem.com\/knowledge-base\/change-logs-portable-dictation\/ds-3500-change-log\/","name":"Journal des modifications du DS-3500\u00a0\u2013 Assistance audio professionnelle","isPartOf":{"@id":"https:\/\/audiosupport.omsystem.com\/en\/#website"},"datePublished":"2022-03-23T17:31:51+00:00","dateModified":"2022-03-23T17:31:53+00:00","breadcrumb":{"@id":"https:\/\/audiosupport.omsystem.com\/knowledge-base\/change-logs-portable-dictation\/ds-3500-change-log\/#breadcrumb"},"inLanguage":"fr-FR","potentialAction":[{"@type":"ReadAction","target":["https:\/\/audiosupport.omsystem.com\/knowledge-base\/change-logs-portable-dictation\/ds-3500-change-log\/"]}]},{"@type":"BreadcrumbList","@id":"https:\/\/audiosupport.omsystem.com\/knowledge-base\/change-logs-portable-dictation\/ds-3500-change-log\/#breadcrumb","itemListElement":[{"@type":"ListItem","position":1,"name":"Home","item":"https:\/\/audiosupport.omsystem.com\/"},{"@type":"ListItem","position":2,"name":"Knowledge Base","item":"https:\/\/audiosupport.omsystem.com\/knowledge-base\/"},{"@type":"ListItem","position":3,"name":"Change Logs: Portable Dictation","item":"https:\/\/audiosupport.omsystem.com\/knowledge-base\/change-logs-portable-dictation\/"},{"@type":"ListItem","position":4,"name":"DS-3500 Change Log"}]},{"@type":"WebSite","@id":"https:\/\/audiosupport.omsystem.com\/en\/#website","url":"https:\/\/audiosupport.omsystem.com\/en\/","name":"Assistance audio professionnelle","description":"Solutions num\u00e9riques OM","potentialAction":[{"@type":"SearchAction","target":{"@type":"EntryPoint","urlTemplate":"https:\/\/audiosupport.omsystem.com\/en\/?s={search_term_string}"},"query-input":{"@type":"PropertyValueSpecification","valueRequired":true,"valueName":"search_term_string"}}],"inLanguage":"fr-FR"}]}},"_links":{"self":[{"href":"https:\/\/audiosupport.omsystem.com\/fr\/wp-json\/wp\/v2\/pages\/4366","targetHints":{"allow":["GET"]}}],"collection":[{"href":"https:\/\/audiosupport.omsystem.com\/fr\/wp-json\/wp\/v2\/pages"}],"about":[{"href":"https:\/\/audiosupport.omsystem.com\/fr\/wp-json\/wp\/v2\/types\/page"}],"author":[{"embeddable":true,"href":"https:\/\/audiosupport.omsystem.com\/fr\/wp-json\/wp\/v2\/users\/1"}],"replies":[{"embeddable":true,"href":"https:\/\/audiosupport.omsystem.com\/fr\/wp-json\/wp\/v2\/comments?post=4366"}],"version-history":[{"count":1,"href":"https:\/\/audiosupport.omsystem.com\/fr\/wp-json\/wp\/v2\/pages\/4366\/revisions"}],"predecessor-version":[{"id":4367,"href":"https:\/\/audiosupport.omsystem.com\/fr\/wp-json\/wp\/v2\/pages\/4366\/revisions\/4367"}],"up":[{"embeddable":true,"href":"https:\/\/audiosupport.omsystem.com\/fr\/wp-json\/wp\/v2\/pages\/4338"}],"wp:attachment":[{"href":"https:\/\/audiosupport.omsystem.com\/fr\/wp-json\/wp\/v2\/media?parent=4366"}],"curies":[{"name":"wp","href":"https:\/\/api.w.org\/{rel}","templated":true}]}}