{"id":4360,"date":"2022-03-23T17:17:12","date_gmt":"2022-03-23T17:17:12","guid":{"rendered":"https:\/\/audiosupport.omsystem.com\/?page_id=4360"},"modified":"2022-03-23T17:19:04","modified_gmt":"2022-03-23T17:19:04","slug":"ds-9500-change-log","status":"publish","type":"page","link":"https:\/\/audiosupport.omsystem.com\/fr\/knowledge-base\/change-logs-portable-dictation\/ds-9500-change-log\/","title":{"rendered":"Journal des modifications DS-9500"},"content":{"rendered":"<p>15 mars 2021<br><strong>Micrologiciel 1.16<\/strong><\/p>\n\n\n\n<ul class=\"wp-block-list\"><li>Correction du probl\u00e8me de blocage de l&#039;appareil pendant l&#039;enregistrement ou la lecture.<\/li><li>Correction du probl\u00e8me de red\u00e9marrage de l&#039;appareil pendant l&#039;enregistrement ou la lecture apr\u00e8s l&#039;insertion de la batterie.<\/li><li>Correction du probl\u00e8me qui faisait que le fonctionnement de l&#039;interrupteur \u00e0 glissi\u00e8re ne r\u00e9pondait pas lors du retour du mode veille.<\/li><\/ul>\n\n\n\n<p>30 juillet 2020<br><strong>Micrologiciel 1.15<\/strong><\/p>\n\n\n\n<ul class=\"wp-block-list\"><li>Maintenir la connexion Wi-Fi pendant l&#039;enregistrement (mode dict\u00e9e uniquement)<\/li><li>Les causes courantes de blocage de l&#039;appareil ont \u00e9t\u00e9 corrig\u00e9es.<\/li><\/ul>\n\n\n\n<p>26 f\u00e9vrier 2020<br><strong>Micrologiciel 1.14<\/strong><\/p>\n\n\n\n<ul class=\"wp-block-list\"><li>Le nombre de fichiers dans un dossier est affich\u00e9<\/li><li>L&#039;ic\u00f4ne \u00c9chec du transfert Wi-Fi a \u00e9t\u00e9 ajout\u00e9e \u00e0 la barre d&#039;\u00e9tat<\/li><li>L&#039;\u00e9tat de la connexion r\u00e9seau active est affich\u00e9<\/li><li>Ajout de la possibilit\u00e9 de supprimer les r\u00e9seaux WiFi<\/li><li>Les utilisateurs sont inform\u00e9s que le pourcentage de batterie doit \u00eatre de 50% ou plus lors d&#039;une mise \u00e0 jour du micrologiciel<\/li><li>Le r\u00e9glage de la luminosit\u00e9 de l&#039;\u00e9cran est plus facile \u00e0 configurer<\/li><li>Am\u00e9lioration du param\u00e8tre Dim Light<\/li><li>Am\u00e9lioration du param\u00e8tre d&#039;\u00e9conomie d&#039;\u00e9nergie<\/li><li>Modifiez le fonctionnement en fonction de la position de l&#039;interrupteur \u00e0 glissi\u00e8re lors de la r\u00e9cup\u00e9ration du mode d&#039;\u00e9conomie d&#039;\u00e9nergie.<\/li><li>L&#039;adresse IP et l&#039;adresse Mac pour le r\u00e9seau local c\u00e2bl\u00e9 sont maintenant affich\u00e9es dans la section Informations sur l&#039;appareil<\/li><li>L&#039;affichage a \u00e9t\u00e9 am\u00e9lior\u00e9 pour montrer que l&#039;appareil se connecte \u00e0 un r\u00e9seau, une fois qu&#039;il a \u00e9t\u00e9 s\u00e9lectionn\u00e9 dans la liste<\/li><li>Les r\u00e9seaux WiFi seront affich\u00e9s dans l&#039;ordre du signal le plus fort. Si un r\u00e9seau WiFi pr\u00e9c\u00e9demment enregistr\u00e9 n&#039;est pas disponible, il ne sera pas affich\u00e9 dans la liste.<\/li><li>Ajout de la prise en charge de la ponctuation iPhone<\/li><\/ul>\n\n\n\n<p>9 janvier 2020<br><strong>Micrologiciel 1.13<\/strong><\/p>\n\n\n\n<ul class=\"wp-block-list\"><li>Am\u00e9lioration de la vitesse pour Rev\/Que<\/li><li>Am\u00e9lioration de la vitesse de r\u00e9cup\u00e9ration \u00e0 partir de l&#039;\u00e9cran Sleep, Dim et Recharge<\/li><li>L&#039;\u00e9tat du fichier est affich\u00e9 lorsqu&#039;il est t\u00e9l\u00e9charg\u00e9 via USB, dans un environnement de groupe de travail utilisant le WCS<\/li><li>(n\u00e9cessite ODMS 7.3)<\/li><li>R\u00e9duction du nombre d&#039;\u00e9tapes pour le transfert WiFi - &quot;Transfert WiFi en un clic&quot;<\/li><li>L&#039;ic\u00f4ne s&#039;affiche lorsqu&#039;il est connect\u00e9 via un r\u00e9seau local c\u00e2bl\u00e9<\/li><li>Le statut est affich\u00e9 pour les fichiers en attente<\/li><li>Modification de la position du curseur dans la vue de liste, pour le transfert WiFi<\/li><li>Modification de la position du fichier lors du retour de la vue de liste<\/li><li>Temps de d\u00e9marrage am\u00e9lior\u00e9 sans carte SD<\/li><li>Ajout de la possibilit\u00e9 de renvoyer par e-mail<\/li><li>Les fichiers seront supprim\u00e9s lors du red\u00e9marrage de l&#039;appareil ou lors de l&#039;affichage de la vue de liste.<\/li><\/ul>\n\n\n\n<p>16 octobre 2019<br><strong>Micrologiciel 1.12<\/strong><\/p>\n\n\n\n<ul class=\"wp-block-list\"><li>Am\u00e9lioration des sp\u00e9cifications de charge de l&#039;appareil.<\/li><li>Activ\u00e9 pour charger via USB m\u00eame lorsque l&#039;appareil est verrouill\u00e9 par code PIN.<\/li><li>Prend en charge la recharge de la batterie faible via USB AC.<\/li><li>Suppression de l&#039;\u00e9cran de confirmation pour &quot;Charger la batterie\u00a0?&quot; lors de la charge via USB AC.<\/li><li>Am\u00e9lioration de la stabilit\u00e9 lors du chargement \u00e0 partir d&#039;un PC.<\/li><li>Correction du probl\u00e8me lors de la connexion \u00e0 l&#039;entreprise WIFI.<\/li><li>Permet d&#039;arr\u00eater et de reprendre l&#039;enregistrement en MP3 avec le mode de commutation \u00e0 glissi\u00e8re de type B et de type C.<\/li><li>Les causes courantes de gel de l&#039;appareil ont \u00e9t\u00e9 corrig\u00e9es.<\/li><li>Correction du probl\u00e8me selon lequel la fonction REW pouvait ne pas fonctionner \u00e0 la fin d&#039;un fichier.<\/li><\/ul>\n\n\n\n<p>26 novembre 2018<br><strong>Micrologiciel 1.11<\/strong><\/p>\n\n\n\n<ul class=\"wp-block-list\"><li>Correction du probl\u00e8me qui ne d\u00e9marrait pas correctement.<\/li><li>Correction du probl\u00e8me qui faisait qu&#039;une batterie d\u00e9charg\u00e9e ne pouvait pas \u00eatre recharg\u00e9e.<\/li><li>Correction du probl\u00e8me qui faisait que lors de la connexion au PC, le message de confirmation du micrologiciel s&#039;affichait \u00e0 chaque fois.<\/li><\/ul>\n\n\n\n<p>3 juillet 2018<br><strong>Micrologiciel 1.10<\/strong><\/p>\n\n\n\n<ul class=\"wp-block-list\"><li>Modification de la connexion WiFi afin qu&#039;elle puisse \u00eatre impl\u00e9ment\u00e9e en arri\u00e8re-plan.<\/li><li>Modification de la connexion WiFi afin qu&#039;elle puisse \u00eatre annul\u00e9e.<\/li><li>Lors de la saisie du code de s\u00e9curit\u00e9 Wi-Fi et de l&#039;adresse e-mail, des caract\u00e8res sp\u00e9ciaux suppl\u00e9mentaires sont d\u00e9sormais disponibles.<\/li><li>Enregistrement des informations du num\u00e9ro de s\u00e9rie du produit dans l&#039;en-t\u00eate du fichier DSS.<\/li><li>Am\u00e9lioration de la stabilit\u00e9 de l&#039;envoi de dict\u00e9es par e-mail.<\/li><li>R\u00e9soudre le probl\u00e8me o\u00f9 l&#039;heure d\u00e9finie dans certains environnements sera hors service.<\/li><\/ul>\n\n\n\n<p>2 mai 2018<br><strong>Micrologiciel 1.01<\/strong><\/p>\n\n\n\n<ul class=\"wp-block-list\"><li>Message d&#039;erreur involontaire \u00ab\u00a0Voulez-vous analyser et corriger\u00a0?\u00a0\u00bb sous Windows 10 et 8.1, lorsque l&#039;enregistreur est connect\u00e9 pour la premi\u00e8re fois<\/li><\/ul>\n\n\n\n<p>4 avril 2018<br><strong>Micrologiciel 1.00<\/strong><\/p>\n\n\n\n<ul class=\"wp-block-list\"><li>Micrologiciel d&#039;origine<\/li><\/ul>","protected":false},"excerpt":{"rendered":"<p>March 15, 2021Firmware 1.16 Fixed the issue that the device freezes during recording or playback. Fixed the issue that the device reboots during recording or playback after the battery has been inserted. Fixed the issue that the slide switch operation does not respond when returning from sleep. July 30, 2020Firmware 1.15 Maintain Wi-Fi connection during [&hellip;]<\/p>\n","protected":false},"author":1,"featured_media":0,"parent":4338,"menu_order":0,"comment_status":"closed","ping_status":"closed","template":"","meta":{"ghostkit_customizer_options":"","ghostkit_custom_css":"","ghostkit_custom_js_head":"","ghostkit_custom_js_foot":"","ghostkit_typography":"","footnotes":""},"class_list":["post-4360","page","type-page","status-publish","hentry"],"yoast_head":"<!-- This site is optimized with the Yoast SEO plugin v27.4 - https:\/\/yoast.com\/product\/yoast-seo-wordpress\/ -->\n<title>DS-9500 Change Log - Professional Audio Support<\/title>\n<meta name=\"robots\" content=\"index, follow, max-snippet:-1, max-image-preview:large, max-video-preview:-1\" \/>\n<link rel=\"canonical\" href=\"https:\/\/audiosupport.omsystem.com\/fr\/knowledge-base\/change-logs-portable-dictation\/ds-9500-change-log\/\" \/>\n<meta property=\"og:locale\" content=\"fr_FR\" \/>\n<meta property=\"og:type\" content=\"article\" \/>\n<meta property=\"og:title\" content=\"DS-9500 Change Log - Professional Audio Support\" \/>\n<meta property=\"og:description\" content=\"March 15, 2021Firmware 1.16 Fixed the issue that the device freezes during recording or playback. Fixed the issue that the device reboots during recording or playback after the battery has been inserted. Fixed the issue that the slide switch operation does not respond when returning from sleep. July 30, 2020Firmware 1.15 Maintain Wi-Fi connection during [&hellip;]\" \/>\n<meta property=\"og:url\" content=\"https:\/\/audiosupport.omsystem.com\/fr\/knowledge-base\/change-logs-portable-dictation\/ds-9500-change-log\/\" \/>\n<meta property=\"og:site_name\" content=\"Professional Audio Support\" \/>\n<meta property=\"article:modified_time\" content=\"2022-03-23T17:19:04+00:00\" \/>\n<meta name=\"twitter:card\" content=\"summary_large_image\" \/>\n<meta name=\"twitter:label1\" content=\"Dur\u00e9e de lecture estim\u00e9e\" \/>\n\t<meta name=\"twitter:data1\" content=\"3 minutes\" \/>\n<script type=\"application\/ld+json\" class=\"yoast-schema-graph\">{\"@context\":\"https:\\\/\\\/schema.org\",\"@graph\":[{\"@type\":\"WebPage\",\"@id\":\"https:\\\/\\\/audiosupport.omsystem.com\\\/knowledge-base\\\/change-logs-portable-dictation\\\/ds-9500-change-log\\\/\",\"url\":\"https:\\\/\\\/audiosupport.omsystem.com\\\/knowledge-base\\\/change-logs-portable-dictation\\\/ds-9500-change-log\\\/\",\"name\":\"DS-9500 Change Log - Professional Audio Support\",\"isPartOf\":{\"@id\":\"https:\\\/\\\/audiosupport.omsystem.com\\\/en\\\/#website\"},\"datePublished\":\"2022-03-23T17:17:12+00:00\",\"dateModified\":\"2022-03-23T17:19:04+00:00\",\"breadcrumb\":{\"@id\":\"https:\\\/\\\/audiosupport.omsystem.com\\\/knowledge-base\\\/change-logs-portable-dictation\\\/ds-9500-change-log\\\/#breadcrumb\"},\"inLanguage\":\"fr-FR\",\"potentialAction\":[{\"@type\":\"ReadAction\",\"target\":[\"https:\\\/\\\/audiosupport.omsystem.com\\\/knowledge-base\\\/change-logs-portable-dictation\\\/ds-9500-change-log\\\/\"]}]},{\"@type\":\"BreadcrumbList\",\"@id\":\"https:\\\/\\\/audiosupport.omsystem.com\\\/knowledge-base\\\/change-logs-portable-dictation\\\/ds-9500-change-log\\\/#breadcrumb\",\"itemListElement\":[{\"@type\":\"ListItem\",\"position\":1,\"name\":\"Home\",\"item\":\"https:\\\/\\\/audiosupport.omsystem.com\\\/\"},{\"@type\":\"ListItem\",\"position\":2,\"name\":\"Knowledge Base\",\"item\":\"https:\\\/\\\/audiosupport.omsystem.com\\\/knowledge-base\\\/\"},{\"@type\":\"ListItem\",\"position\":3,\"name\":\"Change Logs: Portable Dictation\",\"item\":\"https:\\\/\\\/audiosupport.omsystem.com\\\/knowledge-base\\\/change-logs-portable-dictation\\\/\"},{\"@type\":\"ListItem\",\"position\":4,\"name\":\"DS-9500 Change Log\"}]},{\"@type\":\"WebSite\",\"@id\":\"https:\\\/\\\/audiosupport.omsystem.com\\\/en\\\/#website\",\"url\":\"https:\\\/\\\/audiosupport.omsystem.com\\\/en\\\/\",\"name\":\"Professional Audio Support\",\"description\":\"OM Digital Solutions\",\"potentialAction\":[{\"@type\":\"SearchAction\",\"target\":{\"@type\":\"EntryPoint\",\"urlTemplate\":\"https:\\\/\\\/audiosupport.omsystem.com\\\/en\\\/?s={search_term_string}\"},\"query-input\":{\"@type\":\"PropertyValueSpecification\",\"valueRequired\":true,\"valueName\":\"search_term_string\"}}],\"inLanguage\":\"fr-FR\"}]}<\/script>\n<!-- \/ Yoast SEO plugin. -->","yoast_head_json":{"title":"Journal des modifications du DS-9500 \u2013 Assistance audio professionnelle","robots":{"index":"index","follow":"follow","max-snippet":"max-snippet:-1","max-image-preview":"max-image-preview:large","max-video-preview":"max-video-preview:-1"},"canonical":"https:\/\/audiosupport.omsystem.com\/fr\/knowledge-base\/change-logs-portable-dictation\/ds-9500-change-log\/","og_locale":"fr_FR","og_type":"article","og_title":"DS-9500 Change Log - Professional Audio Support","og_description":"March 15, 2021Firmware 1.16 Fixed the issue that the device freezes during recording or playback. Fixed the issue that the device reboots during recording or playback after the battery has been inserted. Fixed the issue that the slide switch operation does not respond when returning from sleep. July 30, 2020Firmware 1.15 Maintain Wi-Fi connection during [&hellip;]","og_url":"https:\/\/audiosupport.omsystem.com\/fr\/knowledge-base\/change-logs-portable-dictation\/ds-9500-change-log\/","og_site_name":"Professional Audio Support","article_modified_time":"2022-03-23T17:19:04+00:00","twitter_card":"summary_large_image","twitter_misc":{"Dur\u00e9e de lecture estim\u00e9e":"3 minutes"},"schema":{"@context":"https:\/\/schema.org","@graph":[{"@type":"WebPage","@id":"https:\/\/audiosupport.omsystem.com\/knowledge-base\/change-logs-portable-dictation\/ds-9500-change-log\/","url":"https:\/\/audiosupport.omsystem.com\/knowledge-base\/change-logs-portable-dictation\/ds-9500-change-log\/","name":"Journal des modifications du DS-9500 \u2013 Assistance audio professionnelle","isPartOf":{"@id":"https:\/\/audiosupport.omsystem.com\/en\/#website"},"datePublished":"2022-03-23T17:17:12+00:00","dateModified":"2022-03-23T17:19:04+00:00","breadcrumb":{"@id":"https:\/\/audiosupport.omsystem.com\/knowledge-base\/change-logs-portable-dictation\/ds-9500-change-log\/#breadcrumb"},"inLanguage":"fr-FR","potentialAction":[{"@type":"ReadAction","target":["https:\/\/audiosupport.omsystem.com\/knowledge-base\/change-logs-portable-dictation\/ds-9500-change-log\/"]}]},{"@type":"BreadcrumbList","@id":"https:\/\/audiosupport.omsystem.com\/knowledge-base\/change-logs-portable-dictation\/ds-9500-change-log\/#breadcrumb","itemListElement":[{"@type":"ListItem","position":1,"name":"Home","item":"https:\/\/audiosupport.omsystem.com\/"},{"@type":"ListItem","position":2,"name":"Knowledge Base","item":"https:\/\/audiosupport.omsystem.com\/knowledge-base\/"},{"@type":"ListItem","position":3,"name":"Change Logs: Portable Dictation","item":"https:\/\/audiosupport.omsystem.com\/knowledge-base\/change-logs-portable-dictation\/"},{"@type":"ListItem","position":4,"name":"DS-9500 Change Log"}]},{"@type":"WebSite","@id":"https:\/\/audiosupport.omsystem.com\/en\/#website","url":"https:\/\/audiosupport.omsystem.com\/en\/","name":"Assistance audio professionnelle","description":"Solutions num\u00e9riques OM","potentialAction":[{"@type":"SearchAction","target":{"@type":"EntryPoint","urlTemplate":"https:\/\/audiosupport.omsystem.com\/en\/?s={search_term_string}"},"query-input":{"@type":"PropertyValueSpecification","valueRequired":true,"valueName":"search_term_string"}}],"inLanguage":"fr-FR"}]}},"_links":{"self":[{"href":"https:\/\/audiosupport.omsystem.com\/fr\/wp-json\/wp\/v2\/pages\/4360","targetHints":{"allow":["GET"]}}],"collection":[{"href":"https:\/\/audiosupport.omsystem.com\/fr\/wp-json\/wp\/v2\/pages"}],"about":[{"href":"https:\/\/audiosupport.omsystem.com\/fr\/wp-json\/wp\/v2\/types\/page"}],"author":[{"embeddable":true,"href":"https:\/\/audiosupport.omsystem.com\/fr\/wp-json\/wp\/v2\/users\/1"}],"replies":[{"embeddable":true,"href":"https:\/\/audiosupport.omsystem.com\/fr\/wp-json\/wp\/v2\/comments?post=4360"}],"version-history":[{"count":1,"href":"https:\/\/audiosupport.omsystem.com\/fr\/wp-json\/wp\/v2\/pages\/4360\/revisions"}],"predecessor-version":[{"id":4361,"href":"https:\/\/audiosupport.omsystem.com\/fr\/wp-json\/wp\/v2\/pages\/4360\/revisions\/4361"}],"up":[{"embeddable":true,"href":"https:\/\/audiosupport.omsystem.com\/fr\/wp-json\/wp\/v2\/pages\/4338"}],"wp:attachment":[{"href":"https:\/\/audiosupport.omsystem.com\/fr\/wp-json\/wp\/v2\/media?parent=4360"}],"curies":[{"name":"wp","href":"https:\/\/api.w.org\/{rel}","templated":true}]}}