{"id":5150,"date":"2024-04-07T19:01:28","date_gmt":"2024-04-07T19:01:28","guid":{"rendered":"https:\/\/audiosupport.omsystem.com\/?post_type=product&#038;p=5150"},"modified":"2026-03-16T17:00:59","modified_gmt":"2026-03-16T17:00:59","slug":"odms-r8","status":"publish","type":"product","link":"https:\/\/audiosupport.omsystem.com\/es\/product\/odms-r8\/","title":{"rendered":"ODMS R8"},"content":{"rendered":"<div class=\"ghostkit-grid ghostkit-grid-gap-md\"><div class=\"ghostkit-grid-inner\">\n<div class=\"ghostkit-col ghostkit-col-md-12 ghostkit-col-lg-6 ghostkit-col-3\"><div class=\"ghostkit-col-content is-layout-flow wp-block-ghostkit-grid-column-is-layout-flow\">\n<h3 class=\"wp-block-heading\" id=\"cpu\"><strong>Sistemas operativos y requisitos<\/strong><\/h3>\n\n\n\n<p><strong>Sistema operativo del cliente<\/strong><\/p>\n\n\n\n<ul class=\"wp-block-list\">\n<li>ventanas 10\/11<\/li>\n<\/ul>\n\n\n\n<p><strong>Sistema operativo del servidor<\/strong><\/p>\n\n\n\n<ul class=\"wp-block-list\">\n<li>Servidor Windows 2016 \/ 2019 \/ 2022<\/li>\n<\/ul>\n\n\n\n<h3 class=\"wp-block-heading\" id=\"cpu\"><strong>UPC<\/strong><\/h3>\n\n\n\n<p><strong>Sistema operativo del cliente<\/strong><\/p>\n\n\n\n<ul class=\"wp-block-list\">\n<li>2 GHz o m\u00e1s r\u00e1pido<br><sub>* Soltero<br>Procesador central no compatible.<\/sub><\/li>\n<\/ul>\n\n\n\n<p><strong>Sistema operativo del servidor<\/strong><\/p>\n\n\n\n<ul class=\"wp-block-list\">\n<li>2 GHz o m\u00e1s r\u00e1pido<\/li>\n<\/ul>\n\n\n\n<h3 class=\"wp-block-heading\" id=\"memory\"><strong>Memoria<\/strong><\/h3>\n\n\n\n<p><strong>Sistema operativo del cliente<\/strong><\/p>\n\n\n\n<ul class=\"wp-block-list\">\n<li>2GB o m\u00e1s (Windows 10)<\/li>\n\n\n\n<li>4 GB o m\u00e1s (Windows 11)<\/li>\n<\/ul>\n\n\n\n<p><strong>Sistema operativo del servidor<\/strong><\/p>\n\n\n\n<ul class=\"wp-block-list\">\n<li>2 GB o m\u00e1s (Servidor Windows 2016 \/ 2019 \/ 2022)<br><sub>(La capacidad debe ser<br>aumenta dependiendo del n\u00famero de usuarios que lo utilizan al mismo tiempo)<\/sub><\/li>\n<\/ul>\n\n\n\n<h3 class=\"wp-block-heading\" id=\"memory\"><strong>Espacio en disco duro<\/strong><\/h3>\n\n\n\n<ul class=\"wp-block-list\">\n<li>2 GB o m\u00e1s <br><sub>(Hay espacio adicional<br>requerido en caso de que .NET Framework 4.8 a\u00fan no est\u00e9 instalado).<\/sub><\/li>\n<\/ul>\n<\/div><\/div>\n\n\n\n<div class=\"ghostkit-col ghostkit-col-md-12 ghostkit-col-lg-6 ghostkit-col-3\"><div class=\"ghostkit-col-content is-layout-flow wp-block-ghostkit-grid-column-is-layout-flow\">\n<h3 class=\"wp-block-heading\" id=\"memory\"><strong>Red<\/strong><\/h3>\n\n\n\n<ul class=\"wp-block-list\">\n<li>Velocidad de transferencia de 100 Mbit \/ so m\u00e1s r\u00e1pida, protocolo de red TCP \/ IP<\/li>\n<\/ul>\n\n\n\n<h3 class=\"wp-block-heading\" id=\"memory\"><strong>.NET Framework<\/strong><\/h3>\n\n\n\n<ul class=\"wp-block-list\">\n<li>.NET Framework 4.8 o posterior<\/li>\n<\/ul>\n\n\n\n<h3 class=\"wp-block-heading\" id=\"display\"><strong>Monitor<\/strong><\/h3>\n\n\n\n<ul class=\"wp-block-list\">\n<li>Resoluci\u00f3n de 1024 x 768 p\u00edxeles o superior<\/li>\n\n\n\n<li>65.536 colores o m\u00e1s (se recomiendan 16,77 millones de colores o m\u00e1s)<\/li>\n<\/ul>\n\n\n\n<h3 class=\"wp-block-heading\" id=\"display\"><strong>Gr\u00e1ficos<\/strong><\/h3>\n\n\n\n<ul class=\"wp-block-list\">\n<li>Dispositivo gr\u00e1fico compatible con DirectX 9 con controlador WDDM 1.0 o superior<\/li>\n<\/ul>\n\n\n\n<h3 class=\"wp-block-heading\" id=\"display\"><strong>USB<\/strong><\/h3>\n\n\n\n<ul class=\"wp-block-list\">\n<li>Con el M\u00f3dulo de Dictado y el M\u00f3dulo de Transcripci\u00f3n: Uno o m\u00e1s puertos USB disponibles<\/li>\n<\/ul>\n\n\n\n<h3 class=\"wp-block-heading\" id=\"display\"><strong>Sonido<\/strong><\/h3>\n\n\n\n<ul class=\"wp-block-list\">\n<li>Con el m\u00f3dulo de dictado y el m\u00f3dulo de transcripci\u00f3n: un dispositivo de sonido compatible con Microsoft WDM o MME y Windows<\/li>\n<\/ul>\n\n\n\n<h3 class=\"wp-block-heading\" id=\"display\"><strong>oficina de microsoft<\/strong><\/h3>\n\n\n\n<ul class=\"wp-block-list\">\n<li>Oficina 2016 \/ 2019 \/ 2021<\/li>\n\n\n\n<li>Oficina 365<\/li>\n<\/ul>\n\n\n\n<h3 class=\"wp-block-heading\" id=\"display\"><strong>correo web<\/strong><\/h3>\n\n\n\n<ul class=\"wp-block-list\">\n<li>Outlook.com<\/li>\n\n\n\n<li>correo de Google<\/li>\n\n\n\n<li>yahoo! Correo<\/li>\n<\/ul>\n<\/div><\/div>\n\n\n\n<div class=\"ghostkit-col ghostkit-col-md-12 ghostkit-col-lg-6 ghostkit-col-3\"><div class=\"ghostkit-col-content is-layout-flow wp-block-ghostkit-grid-column-is-layout-flow\">\n<h3 class=\"wp-block-heading\" id=\"operating-systems-requirements\"><strong>Reconocimiento de voz (Dragon\u00ae)<\/strong><\/h3>\n\n\n\n<ul class=\"wp-block-list\">\n<li>Dragon Profesional Individual\/Grupo, v14<\/li>\n\n\n\n<li>Dragon Legal Individual\/Grupo, v14<\/li>\n\n\n\n<li>Dragon Profesional Individual\/Grupo, v15<\/li>\n\n\n\n<li>Dragon Legal Individual\/Grupo, v15<\/li>\n\n\n\n<li>Drag\u00f3n Profesional v16<\/li>\n\n\n\n<li>Drag\u00f3n Legal v16<\/li>\n<\/ul>\n\n\n\n<p><strong>Nota:<\/strong><\/p>\n\n\n\n<ul class=\"wp-block-list is-style-styled\">\n<li>ODMS no admite formalmente ninguna otra versi\u00f3n\/edici\u00f3n que no sea la mencionada anteriormente.<\/li>\n\n\n\n<li>ODMS admite todos los idiomas admitidos por el software de reconocimiento de voz Dragon. Para que coincida con el idioma de Dragon y se requiere la configuraci\u00f3n de idioma Windows<\/li>\n\n\n\n<li>Las funciones de reconocimiento de voz son compatibles cuando se utiliza ODMS en un entorno virtual. Para obtener m\u00e1s informaci\u00f3n, comun\u00edquese con el soporte t\u00e9cnico de Nuance.<\/li>\n<\/ul>\n\n\n\n<h3 class=\"wp-block-heading\" id=\"operating-systems-requirements\"><strong>Idiomas admitidos<\/strong><\/h3>\n\n\n\n<ul class=\"wp-block-list\">\n<li>Ingl\u00e9s, franc\u00e9s, alem\u00e1n, espa\u00f1ol, ruso, sueco, checo<\/li>\n<\/ul>\n<\/div><\/div>\n\n\n\n<div class=\"ghostkit-col ghostkit-col-md-12 ghostkit-col-lg-6 ghostkit-col-3\"><div class=\"ghostkit-col-content is-layout-flow wp-block-ghostkit-grid-column-is-layout-flow\">\n<h3 class=\"wp-block-heading\" id=\"supported-virtual-environment-platforms\"><strong>Entornos virtuales (software ODMS que se ejecuta en el sistema operativo del servidor)<\/strong><\/h3>\n\n\n\n<p><strong>Virtualizaci\u00f3n<br>Software: (Compatible con el sistema operativo del servidor)<\/strong><\/p>\n\n\n\n<ul class=\"wp-block-list\">\n<li>Servicio de escritorio remoto (servicio de terminal de Windows), aplicaci\u00f3n remota<\/li>\n\n\n\n<li>Citrix XenApp 7 \u2013 7.2402<\/li>\n\n\n\n<li>Citrix XenDesktop 7 \u2013 7.2402<\/li>\n\n\n\n<li>VMware Horizonte 7 \u2013 8.2312<\/li>\n\n\n\n<li>Escritorio virtual de Azure<\/li>\n<\/ul>\n\n\n\n<p><strong>Sistema operativo de escritorio virtual:<\/strong><\/p>\n\n\n\n<ul class=\"wp-block-list\">\n<li>ventanas 10\/11<\/li>\n\n\n\n<li>Servidor Windows 2016 \/ 2019 \/ 2022<\/li>\n<\/ul>\n\n\n\n<p><strong>Cliente<br>Sistema operativo:<\/strong><\/p>\n\n\n\n<ul class=\"wp-block-list\">\n<li>Windows 10 \/ 11<\/li>\n<\/ul>\n\n\n\n<p><strong>Nota:<\/strong><\/p>\n\n\n\n<ul class=\"wp-block-list is-style-styled\">\n<li>El uso de entornos virtuales Citrix requiere una licencia de usuario de Citrix independiente.<\/li>\n\n\n\n<li>El uso del servicio de escritorio remoto o la aplicaci\u00f3n remota requiere una licencia CAL de RDS independiente.<\/li>\n\n\n\n<li>No se admiten conexiones remotas a trav\u00e9s de aplicaciones de Microsoft Store.<\/li>\n\n\n\n<li>El uso de VMware View requiere una licencia de usuario de VMware View independiente<\/li>\n<\/ul>\n<\/div><\/div>\n<\/div><\/div>","protected":false},"featured_media":5159,"template":"","meta":{"ghostkit_customizer_options":"","ghostkit_custom_css":"","ghostkit_custom_js_head":"","ghostkit_custom_js_foot":"","ghostkit_typography":""},"product_category":[38],"class_list":["post-5150","product","type-product","status-publish","has-post-thumbnail","hentry","product_category-software"],"yoast_head":"<!-- This site is optimized with the Yoast SEO plugin v27.4 - https:\/\/yoast.com\/product\/yoast-seo-wordpress\/ -->\n<title>ODMS R8 - Professional Audio Support<\/title>\n<meta name=\"robots\" content=\"index, follow, max-snippet:-1, max-image-preview:large, max-video-preview:-1\" \/>\n<link rel=\"canonical\" href=\"https:\/\/audiosupport.omsystem.com\/es\/product\/odms-r8\/\" \/>\n<meta property=\"og:locale\" content=\"es_ES\" \/>\n<meta property=\"og:type\" content=\"article\" \/>\n<meta property=\"og:title\" content=\"ODMS R8 - Professional Audio Support\" \/>\n<meta property=\"og:url\" content=\"https:\/\/audiosupport.omsystem.com\/es\/product\/odms-r8\/\" \/>\n<meta property=\"og:site_name\" content=\"Professional Audio Support\" \/>\n<meta property=\"article:modified_time\" content=\"2026-03-16T17:00:59+00:00\" \/>\n<meta property=\"og:image\" content=\"https:\/\/audiosupport.omsystem.com\/wp-content\/uploads\/2024\/04\/R8-white.jpg\" \/>\n\t<meta property=\"og:image:width\" content=\"1906\" \/>\n\t<meta property=\"og:image:height\" content=\"1920\" \/>\n\t<meta property=\"og:image:type\" content=\"image\/jpeg\" \/>\n<meta name=\"twitter:card\" content=\"summary_large_image\" \/>\n<meta name=\"twitter:label1\" content=\"Tiempo de lectura\" \/>\n\t<meta name=\"twitter:data1\" content=\"2 minutos\" \/>\n<script type=\"application\/ld+json\" class=\"yoast-schema-graph\">{\"@context\":\"https:\\\/\\\/schema.org\",\"@graph\":[{\"@type\":\"WebPage\",\"@id\":\"https:\\\/\\\/audiosupport.omsystem.com\\\/product\\\/odms-r8\\\/\",\"url\":\"https:\\\/\\\/audiosupport.omsystem.com\\\/product\\\/odms-r8\\\/\",\"name\":\"ODMS R8 - Professional Audio Support\",\"isPartOf\":{\"@id\":\"https:\\\/\\\/audiosupport.omsystem.com\\\/en\\\/#website\"},\"primaryImageOfPage\":{\"@id\":\"https:\\\/\\\/audiosupport.omsystem.com\\\/product\\\/odms-r8\\\/#primaryimage\"},\"image\":{\"@id\":\"https:\\\/\\\/audiosupport.omsystem.com\\\/product\\\/odms-r8\\\/#primaryimage\"},\"thumbnailUrl\":\"https:\\\/\\\/audiosupport.omsystem.com\\\/wp-content\\\/uploads\\\/2024\\\/04\\\/R8-white.jpg\",\"datePublished\":\"2024-04-07T19:01:28+00:00\",\"dateModified\":\"2026-03-16T17:00:59+00:00\",\"breadcrumb\":{\"@id\":\"https:\\\/\\\/audiosupport.omsystem.com\\\/product\\\/odms-r8\\\/#breadcrumb\"},\"inLanguage\":\"es\",\"potentialAction\":[{\"@type\":\"ReadAction\",\"target\":[\"https:\\\/\\\/audiosupport.omsystem.com\\\/product\\\/odms-r8\\\/\"]}]},{\"@type\":\"ImageObject\",\"inLanguage\":\"es\",\"@id\":\"https:\\\/\\\/audiosupport.omsystem.com\\\/product\\\/odms-r8\\\/#primaryimage\",\"url\":\"https:\\\/\\\/audiosupport.omsystem.com\\\/wp-content\\\/uploads\\\/2024\\\/04\\\/R8-white.jpg\",\"contentUrl\":\"https:\\\/\\\/audiosupport.omsystem.com\\\/wp-content\\\/uploads\\\/2024\\\/04\\\/R8-white.jpg\",\"width\":1906,\"height\":1920},{\"@type\":\"BreadcrumbList\",\"@id\":\"https:\\\/\\\/audiosupport.omsystem.com\\\/product\\\/odms-r8\\\/#breadcrumb\",\"itemListElement\":[{\"@type\":\"ListItem\",\"position\":1,\"name\":\"Home\",\"item\":\"https:\\\/\\\/audiosupport.omsystem.com\\\/\"},{\"@type\":\"ListItem\",\"position\":2,\"name\":\"ODMS R8\"}]},{\"@type\":\"WebSite\",\"@id\":\"https:\\\/\\\/audiosupport.omsystem.com\\\/en\\\/#website\",\"url\":\"https:\\\/\\\/audiosupport.omsystem.com\\\/en\\\/\",\"name\":\"Professional Audio Support\",\"description\":\"OM Digital Solutions\",\"potentialAction\":[{\"@type\":\"SearchAction\",\"target\":{\"@type\":\"EntryPoint\",\"urlTemplate\":\"https:\\\/\\\/audiosupport.omsystem.com\\\/en\\\/?s={search_term_string}\"},\"query-input\":{\"@type\":\"PropertyValueSpecification\",\"valueRequired\":true,\"valueName\":\"search_term_string\"}}],\"inLanguage\":\"es\"}]}<\/script>\n<!-- \/ Yoast SEO plugin. -->","yoast_head_json":{"title":"ODMS R8 - Soporte de audio profesional","robots":{"index":"index","follow":"follow","max-snippet":"max-snippet:-1","max-image-preview":"max-image-preview:large","max-video-preview":"max-video-preview:-1"},"canonical":"https:\/\/audiosupport.omsystem.com\/es\/product\/odms-r8\/","og_locale":"es_ES","og_type":"article","og_title":"ODMS R8 - Professional Audio Support","og_url":"https:\/\/audiosupport.omsystem.com\/es\/product\/odms-r8\/","og_site_name":"Professional Audio Support","article_modified_time":"2026-03-16T17:00:59+00:00","og_image":[{"width":1906,"height":1920,"url":"https:\/\/audiosupport.omsystem.com\/wp-content\/uploads\/2024\/04\/R8-white.jpg","type":"image\/jpeg"}],"twitter_card":"summary_large_image","twitter_misc":{"Tiempo de lectura":"2 minutos"},"schema":{"@context":"https:\/\/schema.org","@graph":[{"@type":"WebPage","@id":"https:\/\/audiosupport.omsystem.com\/product\/odms-r8\/","url":"https:\/\/audiosupport.omsystem.com\/product\/odms-r8\/","name":"ODMS R8 - Soporte de audio profesional","isPartOf":{"@id":"https:\/\/audiosupport.omsystem.com\/en\/#website"},"primaryImageOfPage":{"@id":"https:\/\/audiosupport.omsystem.com\/product\/odms-r8\/#primaryimage"},"image":{"@id":"https:\/\/audiosupport.omsystem.com\/product\/odms-r8\/#primaryimage"},"thumbnailUrl":"https:\/\/audiosupport.omsystem.com\/wp-content\/uploads\/2024\/04\/R8-white.jpg","datePublished":"2024-04-07T19:01:28+00:00","dateModified":"2026-03-16T17:00:59+00:00","breadcrumb":{"@id":"https:\/\/audiosupport.omsystem.com\/product\/odms-r8\/#breadcrumb"},"inLanguage":"es","potentialAction":[{"@type":"ReadAction","target":["https:\/\/audiosupport.omsystem.com\/product\/odms-r8\/"]}]},{"@type":"ImageObject","inLanguage":"es","@id":"https:\/\/audiosupport.omsystem.com\/product\/odms-r8\/#primaryimage","url":"https:\/\/audiosupport.omsystem.com\/wp-content\/uploads\/2024\/04\/R8-white.jpg","contentUrl":"https:\/\/audiosupport.omsystem.com\/wp-content\/uploads\/2024\/04\/R8-white.jpg","width":1906,"height":1920},{"@type":"BreadcrumbList","@id":"https:\/\/audiosupport.omsystem.com\/product\/odms-r8\/#breadcrumb","itemListElement":[{"@type":"ListItem","position":1,"name":"Home","item":"https:\/\/audiosupport.omsystem.com\/"},{"@type":"ListItem","position":2,"name":"ODMS R8"}]},{"@type":"WebSite","@id":"https:\/\/audiosupport.omsystem.com\/en\/#website","url":"https:\/\/audiosupport.omsystem.com\/en\/","name":"Soporte de audio profesional","description":"Soluciones digitales OM","potentialAction":[{"@type":"SearchAction","target":{"@type":"EntryPoint","urlTemplate":"https:\/\/audiosupport.omsystem.com\/en\/?s={search_term_string}"},"query-input":{"@type":"PropertyValueSpecification","valueRequired":true,"valueName":"search_term_string"}}],"inLanguage":"es"}]}},"_links":{"self":[{"href":"https:\/\/audiosupport.omsystem.com\/es\/wp-json\/wp\/v2\/product\/5150","targetHints":{"allow":["GET"]}}],"collection":[{"href":"https:\/\/audiosupport.omsystem.com\/es\/wp-json\/wp\/v2\/product"}],"about":[{"href":"https:\/\/audiosupport.omsystem.com\/es\/wp-json\/wp\/v2\/types\/product"}],"wp:featuredmedia":[{"embeddable":true,"href":"https:\/\/audiosupport.omsystem.com\/es\/wp-json\/wp\/v2\/media\/5159"}],"wp:attachment":[{"href":"https:\/\/audiosupport.omsystem.com\/es\/wp-json\/wp\/v2\/media?parent=5150"}],"wp:term":[{"taxonomy":"product_category","embeddable":true,"href":"https:\/\/audiosupport.omsystem.com\/es\/wp-json\/wp\/v2\/product_category?post=5150"}],"curies":[{"name":"gracias","href":"https:\/\/api.w.org\/{rel}","templated":true}]}}