{"id":192,"date":"2021-11-30T23:19:30","date_gmt":"2021-11-30T23:19:30","guid":{"rendered":"https:\/\/olympus2.gliffen.com\/~opdsupport\/?post_type=product&#038;p=192"},"modified":"2022-01-17T16:24:34","modified_gmt":"2022-01-17T16:24:34","slug":"as-2400","status":"publish","type":"product","link":"https:\/\/audiosupport.omsystem.com\/es\/product\/as-2400\/","title":{"rendered":"Kit de transcripci\u00f3n AS-2400"},"content":{"rendered":"<div class=\"ghostkit-grid ghostkit-grid-gap-md\"><div class=\"ghostkit-grid-inner\">\n<div class=\"ghostkit-col ghostkit-col-md-12 ghostkit-col-lg-6 ghostkit-col-3\"><div class=\"ghostkit-col-content is-layout-flow wp-block-ghostkit-grid-column-is-layout-flow\">\n<h3 class=\"wp-block-heading\">\u00c1rea de aplicaci\u00f3n recomendada<\/h3>\n\n\n\n<p><strong>Solicitud<\/strong><\/p>\n\n\n\n<ul class=\"wp-block-list\"><li>Transcripci\u00f3n<\/li><\/ul>\n<\/div><\/div>\n\n\n\n<div class=\"ghostkit-col ghostkit-col-md-12 ghostkit-col-lg-6 ghostkit-col-3\"><div class=\"ghostkit-col-content is-layout-flow wp-block-ghostkit-grid-column-is-layout-flow\">\n<h3 class=\"wp-block-heading\">Controlador<\/h3>\n\n\n\n<p><strong>Modelo<\/strong><\/p>\n\n\n\n<ul class=\"wp-block-list\"><li>Pedal de 3 botones<\/li><\/ul>\n\n\n\n<p><strong>N\u00famero de controles<\/strong><\/p>\n\n\n\n<ul class=\"wp-block-list\"><li>3 pedales<\/li><\/ul>\n\n\n\n<p><strong>Controles configurables<\/strong><\/p>\n\n\n\n<ul class=\"wp-block-list\"><li>Disponible<\/li><\/ul>\n\n\n\n<p><strong>Pedales bloqueables<\/strong><\/p>\n\n\n\n<ul class=\"wp-block-list\"><li>No<\/li><\/ul>\n\n\n\n<p><strong>Alfombra antideslizante<\/strong><\/p>\n\n\n\n<ul class=\"wp-block-list\"><li>Disponible<\/li><\/ul>\n\n\n\n<p><strong>Conectividad<\/strong><\/p>\n\n\n\n<ul class=\"wp-block-list\"><li>enchufe USB<\/li><\/ul>\n\n\n\n<p><strong>Longitud del cable<\/strong><\/p>\n\n\n\n<ul class=\"wp-block-list\"><li>1,8 m<\/li><\/ul>\n<\/div><\/div>\n\n\n\n<div class=\"ghostkit-col ghostkit-col-md-12 ghostkit-col-lg-6 ghostkit-col-3\"><div class=\"ghostkit-col-content is-layout-flow wp-block-ghostkit-grid-column-is-layout-flow\">\n<h3 class=\"wp-block-heading\">Auricular<\/h3>\n\n\n\n<p><strong>Modelo<\/strong><\/p>\n\n\n\n<ul class=\"wp-block-list\"><li>E103 (Consulte el sitio web del producto para obtener m\u00e1s detalles)<\/li><\/ul>\n\n\n\n<p><strong>estilo de uso<\/strong><\/p>\n\n\n\n<ul class=\"wp-block-list\"><li>Debajo de la barbilla<\/li><\/ul>\n\n\n\n<p><strong>Longitud del cable<\/strong><\/p>\n\n\n\n<ul class=\"wp-block-list\"><li>3m<\/li><\/ul>\n\n\n\n<p><strong>Mono\/Est\u00e9reo<\/strong><\/p>\n\n\n\n<ul class=\"wp-block-list\"><li>Est\u00e9reo<\/li><\/ul>\n\n\n\n<p><strong>Conector<\/strong><\/p>\n\n\n\n<ul class=\"wp-block-list\"><li>3,5 mm, est\u00e9reo, en \u00e1ngulo recto<\/li><\/ul>\n\n\n\n<p><strong>Acabado del conector<\/strong><\/p>\n\n\n\n<ul class=\"wp-block-list\"><li>Niquelado<\/li><\/ul>\n\n\n\n<p><strong>Peso<\/strong><\/p>\n\n\n\n<ul class=\"wp-block-list\"><li>25g<\/li><\/ul>\n\n\n\n<p><strong>Impedancia<\/strong><\/p>\n\n\n\n<ul class=\"wp-block-list\"><li>21\u03a9<\/li><\/ul>\n\n\n\n<p><strong>m\u00e1x. salida de trabajo<\/strong><\/p>\n\n\n\n<ul class=\"wp-block-list\"><li>20 mW<\/li><\/ul>\n\n\n\n<p><strong>Sensibilidad<\/strong><\/p>\n\n\n\n<ul class=\"wp-block-list\"><li>108dB<\/li><\/ul>\n\n\n\n<p><strong>Respuesta frecuente<\/strong><\/p>\n\n\n\n<ul class=\"wp-block-list\"><li>100 - 10000Hz<\/li><\/ul>\n<\/div><\/div>\n\n\n\n<div class=\"ghostkit-col ghostkit-col-md-12 ghostkit-col-lg-6 ghostkit-col-3\"><div class=\"ghostkit-col-content is-layout-flow wp-block-ghostkit-grid-column-is-layout-flow\">\n<h3 class=\"wp-block-heading\">software de transcripci\u00f3n<\/h3>\n\n\n\n<p><strong>reproductor de audio profesional<\/strong><\/p>\n\n\n\n<ul class=\"wp-block-list\"><li>Disponible<\/li><\/ul>\n\n\n\n<p><strong>Configuraci\u00f3n de interruptor de pie individual<\/strong><\/p>\n\n\n\n<ul class=\"wp-block-list\"><li>Disponible<\/li><\/ul>\n\n\n\n<p><strong>Velocidad de reproducci\u00f3n variable<\/strong><\/p>\n\n\n\n<ul class=\"wp-block-list\"><li>0,5 \u2013 2 veces<\/li><\/ul>\n\n\n\n<p><strong>Cancelaci\u00f3n de ruido<\/strong><\/p>\n\n\n\n<ul class=\"wp-block-list\"><li>Disponible<\/li><\/ul>\n\n\n\n<p><strong>control de tono<\/strong><\/p>\n\n\n\n<ul class=\"wp-block-list\"><li>Disponible<\/li><\/ul>\n\n\n\n<p><strong>Control de medidor de nivel<\/strong><\/p>\n\n\n\n<ul class=\"wp-block-list\"><li>Disponible<\/li><\/ul>\n\n\n\n<p><strong>Velocidad de grabaci\u00f3n variable<\/strong><\/p>\n\n\n\n<ul class=\"wp-block-list\"><li>1- 50x (en 4 pasos)<\/li><\/ul>\n\n\n\n<p><strong>Retroceso autom\u00e1tico<\/strong><\/p>\n\n\n\n<ul class=\"wp-block-list\"><li>0- 5 s<\/li><\/ul>\n\n\n\n<p><strong>Barra de transcripci\u00f3n<\/strong><\/p>\n\n\n\n<ul class=\"wp-block-list\"><li>Mini \/ Est\u00e1ndar<\/li><\/ul>\n\n\n\n<p><strong>C\u00f3decs de audio<\/strong><\/p>\n\n\n\n<ul class=\"wp-block-list\"><li>DSS Pro\/DSS\/WAV\/WMA\/MP3<\/li><\/ul>\n\n\n\n<p><strong>Reproducci\u00f3n de archivos DSS Pro cifrados<\/strong><\/p>\n\n\n\n<ul class=\"wp-block-list\"><li>No<\/li><\/ul>\n\n\n\n<p><strong>Flujo de trabajo de dictado a trav\u00e9s de<\/strong><\/p>\n\n\n\n<ul class=\"wp-block-list\"><li>Carpeta compartida en LAN<\/li><li>Arrastrar y soltar desde el correo electr\u00f3nico<\/li><\/ul>\n\n\n\n<p><strong>Ajustes del correo electr\u00f3nico<\/strong><\/p>\n\n\n\n<p>No<\/p>\n\n\n\n<p><strong>Ordenar funciones en la vista de lista de dictado<\/strong><\/p>\n\n\n\n<ul class=\"wp-block-list\"><li>Colores individuales para diferentes estados.<\/li><li>Ordenar (ascendente\/descendente)<\/li><\/ul>\n\n\n\n<p><strong>Carpetas de descarga de dictados<\/strong><\/p>\n\n\n\n<ul class=\"wp-block-list\"><li>1 \u2013 7<\/li><\/ul>\n\n\n\n<p><strong>Enrutamiento de dictado\/reglas de flujo de trabajo<\/strong><\/p>\n\n\n\n<ul class=\"wp-block-list\"><li>No<\/li><\/ul>\n\n\n\n<p><strong>Funci\u00f3n de grabaci\u00f3n<\/strong><\/p>\n\n\n\n<ul class=\"wp-block-list\"><li>No<\/li><\/ul>\n\n\n\n<p><strong>dictado dividido<\/strong><\/p>\n\n\n\n<ul class=\"wp-block-list\"><li>Disponible<\/li><\/ul>\n\n\n\n<p><strong>Asistente de instalaci\u00f3n<\/strong><\/p>\n\n\n\n<ul class=\"wp-block-list\"><li>No<\/li><\/ul>\n<\/div><\/div>\n<\/div><\/div>\n\n\n\n<h3 class=\"wp-block-heading\">Contenido de la caja<\/h3>\n\n\n\n<ul class=\"wp-block-list\"><li>&nbsp;Pedal USB RS28H con 3 pedales<\/li><li>&nbsp;E103 Auricular debajo de la barbilla<\/li><li>&nbsp;Licencia est\u00e1ndar de DSS Player (Mac y PC): m\u00f3dulo de transcripci\u00f3n<\/li><li>&nbsp;Software para descargar del sitio web de Olympus<\/li><li>&nbsp;Adaptador USB KP13<\/li><li>&nbsp;Manual de instrucciones<\/li><\/ul>","protected":false},"featured_media":193,"template":"","meta":{"ghostkit_customizer_options":"","ghostkit_custom_css":"","ghostkit_custom_js_head":"","ghostkit_custom_js_foot":"","ghostkit_typography":""},"product_category":[39],"class_list":["post-192","product","type-product","status-publish","has-post-thumbnail","hentry","product_category-transcription"],"yoast_head":"<!-- This site is optimized with the Yoast SEO plugin v27.4 - https:\/\/yoast.com\/product\/yoast-seo-wordpress\/ -->\n<title>AS-2400 Transcription Kit - Professional Audio Support<\/title>\n<meta name=\"robots\" content=\"index, follow, max-snippet:-1, max-image-preview:large, max-video-preview:-1\" \/>\n<link rel=\"canonical\" href=\"https:\/\/audiosupport.omsystem.com\/es\/product\/as-2400\/\" \/>\n<meta property=\"og:locale\" content=\"es_ES\" \/>\n<meta property=\"og:type\" content=\"article\" \/>\n<meta property=\"og:title\" content=\"AS-2400 Transcription Kit - Professional Audio Support\" \/>\n<meta property=\"og:description\" content=\"Box Contents &nbsp;RS28H USB Foot Pedal with 3 pedals &nbsp;E103 Under-the-chin head phone &nbsp;DSS Player Standard License (Mac &amp; PC) &#8211; Transcription Module &nbsp;Software to be downloaded from Olympus website &nbsp;KP13 USB Adapter &nbsp;Instruction Manual\" \/>\n<meta property=\"og:url\" content=\"https:\/\/audiosupport.omsystem.com\/es\/product\/as-2400\/\" \/>\n<meta property=\"og:site_name\" content=\"Professional Audio Support\" \/>\n<meta property=\"article:modified_time\" content=\"2022-01-17T16:24:34+00:00\" \/>\n<meta property=\"og:image\" content=\"https:\/\/audiosupport.omsystem.com\/wp-content\/uploads\/2021\/11\/as2400.jpgFORWEB.jpg\" \/>\n\t<meta property=\"og:image:width\" content=\"500\" \/>\n\t<meta property=\"og:image:height\" content=\"342\" \/>\n\t<meta property=\"og:image:type\" content=\"image\/jpeg\" \/>\n<meta name=\"twitter:card\" content=\"summary_large_image\" \/>\n<meta name=\"twitter:label1\" content=\"Tiempo de lectura\" \/>\n\t<meta name=\"twitter:data1\" content=\"1 minuto\" \/>\n<script type=\"application\/ld+json\" class=\"yoast-schema-graph\">{\"@context\":\"https:\\\/\\\/schema.org\",\"@graph\":[{\"@type\":\"WebPage\",\"@id\":\"https:\\\/\\\/audiosupport.omsystem.com\\\/product\\\/as-2400\\\/\",\"url\":\"https:\\\/\\\/audiosupport.omsystem.com\\\/product\\\/as-2400\\\/\",\"name\":\"AS-2400 Transcription Kit - Professional Audio Support\",\"isPartOf\":{\"@id\":\"https:\\\/\\\/audiosupport.omsystem.com\\\/en\\\/#website\"},\"primaryImageOfPage\":{\"@id\":\"https:\\\/\\\/audiosupport.omsystem.com\\\/product\\\/as-2400\\\/#primaryimage\"},\"image\":{\"@id\":\"https:\\\/\\\/audiosupport.omsystem.com\\\/product\\\/as-2400\\\/#primaryimage\"},\"thumbnailUrl\":\"https:\\\/\\\/audiosupport.omsystem.com\\\/wp-content\\\/uploads\\\/2021\\\/11\\\/as2400.jpgFORWEB.jpg\",\"datePublished\":\"2021-11-30T23:19:30+00:00\",\"dateModified\":\"2022-01-17T16:24:34+00:00\",\"breadcrumb\":{\"@id\":\"https:\\\/\\\/audiosupport.omsystem.com\\\/product\\\/as-2400\\\/#breadcrumb\"},\"inLanguage\":\"es\",\"potentialAction\":[{\"@type\":\"ReadAction\",\"target\":[\"https:\\\/\\\/audiosupport.omsystem.com\\\/product\\\/as-2400\\\/\"]}]},{\"@type\":\"ImageObject\",\"inLanguage\":\"es\",\"@id\":\"https:\\\/\\\/audiosupport.omsystem.com\\\/product\\\/as-2400\\\/#primaryimage\",\"url\":\"https:\\\/\\\/audiosupport.omsystem.com\\\/wp-content\\\/uploads\\\/2021\\\/11\\\/as2400.jpgFORWEB.jpg\",\"contentUrl\":\"https:\\\/\\\/audiosupport.omsystem.com\\\/wp-content\\\/uploads\\\/2021\\\/11\\\/as2400.jpgFORWEB.jpg\",\"width\":500,\"height\":342},{\"@type\":\"BreadcrumbList\",\"@id\":\"https:\\\/\\\/audiosupport.omsystem.com\\\/product\\\/as-2400\\\/#breadcrumb\",\"itemListElement\":[{\"@type\":\"ListItem\",\"position\":1,\"name\":\"Home\",\"item\":\"https:\\\/\\\/audiosupport.omsystem.com\\\/\"},{\"@type\":\"ListItem\",\"position\":2,\"name\":\"AS-2400 Transcription Kit\"}]},{\"@type\":\"WebSite\",\"@id\":\"https:\\\/\\\/audiosupport.omsystem.com\\\/en\\\/#website\",\"url\":\"https:\\\/\\\/audiosupport.omsystem.com\\\/en\\\/\",\"name\":\"Professional Audio Support\",\"description\":\"OM Digital Solutions\",\"potentialAction\":[{\"@type\":\"SearchAction\",\"target\":{\"@type\":\"EntryPoint\",\"urlTemplate\":\"https:\\\/\\\/audiosupport.omsystem.com\\\/en\\\/?s={search_term_string}\"},\"query-input\":{\"@type\":\"PropertyValueSpecification\",\"valueRequired\":true,\"valueName\":\"search_term_string\"}}],\"inLanguage\":\"es\"}]}<\/script>\n<!-- \/ Yoast SEO plugin. -->","yoast_head_json":{"title":"Kit de transcripci\u00f3n AS-2400 - Soporte de audio profesional","robots":{"index":"index","follow":"follow","max-snippet":"max-snippet:-1","max-image-preview":"max-image-preview:large","max-video-preview":"max-video-preview:-1"},"canonical":"https:\/\/audiosupport.omsystem.com\/es\/product\/as-2400\/","og_locale":"es_ES","og_type":"article","og_title":"AS-2400 Transcription Kit - Professional Audio Support","og_description":"Box Contents &nbsp;RS28H USB Foot Pedal with 3 pedals &nbsp;E103 Under-the-chin head phone &nbsp;DSS Player Standard License (Mac &amp; PC) &#8211; Transcription Module &nbsp;Software to be downloaded from Olympus website &nbsp;KP13 USB Adapter &nbsp;Instruction Manual","og_url":"https:\/\/audiosupport.omsystem.com\/es\/product\/as-2400\/","og_site_name":"Professional Audio Support","article_modified_time":"2022-01-17T16:24:34+00:00","og_image":[{"width":500,"height":342,"url":"https:\/\/audiosupport.omsystem.com\/wp-content\/uploads\/2021\/11\/as2400.jpgFORWEB.jpg","type":"image\/jpeg"}],"twitter_card":"summary_large_image","twitter_misc":{"Tiempo de lectura":"1 minuto"},"schema":{"@context":"https:\/\/schema.org","@graph":[{"@type":"WebPage","@id":"https:\/\/audiosupport.omsystem.com\/product\/as-2400\/","url":"https:\/\/audiosupport.omsystem.com\/product\/as-2400\/","name":"Kit de transcripci\u00f3n AS-2400 - Soporte de audio profesional","isPartOf":{"@id":"https:\/\/audiosupport.omsystem.com\/en\/#website"},"primaryImageOfPage":{"@id":"https:\/\/audiosupport.omsystem.com\/product\/as-2400\/#primaryimage"},"image":{"@id":"https:\/\/audiosupport.omsystem.com\/product\/as-2400\/#primaryimage"},"thumbnailUrl":"https:\/\/audiosupport.omsystem.com\/wp-content\/uploads\/2021\/11\/as2400.jpgFORWEB.jpg","datePublished":"2021-11-30T23:19:30+00:00","dateModified":"2022-01-17T16:24:34+00:00","breadcrumb":{"@id":"https:\/\/audiosupport.omsystem.com\/product\/as-2400\/#breadcrumb"},"inLanguage":"es","potentialAction":[{"@type":"ReadAction","target":["https:\/\/audiosupport.omsystem.com\/product\/as-2400\/"]}]},{"@type":"ImageObject","inLanguage":"es","@id":"https:\/\/audiosupport.omsystem.com\/product\/as-2400\/#primaryimage","url":"https:\/\/audiosupport.omsystem.com\/wp-content\/uploads\/2021\/11\/as2400.jpgFORWEB.jpg","contentUrl":"https:\/\/audiosupport.omsystem.com\/wp-content\/uploads\/2021\/11\/as2400.jpgFORWEB.jpg","width":500,"height":342},{"@type":"BreadcrumbList","@id":"https:\/\/audiosupport.omsystem.com\/product\/as-2400\/#breadcrumb","itemListElement":[{"@type":"ListItem","position":1,"name":"Home","item":"https:\/\/audiosupport.omsystem.com\/"},{"@type":"ListItem","position":2,"name":"AS-2400 Transcription Kit"}]},{"@type":"WebSite","@id":"https:\/\/audiosupport.omsystem.com\/en\/#website","url":"https:\/\/audiosupport.omsystem.com\/en\/","name":"Soporte de audio profesional","description":"Soluciones digitales OM","potentialAction":[{"@type":"SearchAction","target":{"@type":"EntryPoint","urlTemplate":"https:\/\/audiosupport.omsystem.com\/en\/?s={search_term_string}"},"query-input":{"@type":"PropertyValueSpecification","valueRequired":true,"valueName":"search_term_string"}}],"inLanguage":"es"}]}},"_links":{"self":[{"href":"https:\/\/audiosupport.omsystem.com\/es\/wp-json\/wp\/v2\/product\/192","targetHints":{"allow":["GET"]}}],"collection":[{"href":"https:\/\/audiosupport.omsystem.com\/es\/wp-json\/wp\/v2\/product"}],"about":[{"href":"https:\/\/audiosupport.omsystem.com\/es\/wp-json\/wp\/v2\/types\/product"}],"wp:featuredmedia":[{"embeddable":true,"href":"https:\/\/audiosupport.omsystem.com\/es\/wp-json\/wp\/v2\/media\/193"}],"wp:attachment":[{"href":"https:\/\/audiosupport.omsystem.com\/es\/wp-json\/wp\/v2\/media?parent=192"}],"wp:term":[{"taxonomy":"product_category","embeddable":true,"href":"https:\/\/audiosupport.omsystem.com\/es\/wp-json\/wp\/v2\/product_category?post=192"}],"curies":[{"name":"gracias","href":"https:\/\/api.w.org\/{rel}","templated":true}]}}