{"id":189,"date":"2021-11-30T22:54:28","date_gmt":"2021-11-30T22:54:28","guid":{"rendered":"https:\/\/olympus2.gliffen.com\/~opdsupport\/?post_type=product&#038;p=189"},"modified":"2023-05-25T10:01:08","modified_gmt":"2023-05-25T10:01:08","slug":"dss-player-standard","status":"publish","type":"product","link":"https:\/\/audiosupport.omsystem.com\/es\/product\/dss-player-standard\/","title":{"rendered":"Est\u00e1ndar de reproductor DSS"},"content":{"rendered":"<div class=\"ghostkit-grid ghostkit-grid-gap-md\"><div class=\"ghostkit-grid-inner\">\n<div class=\"ghostkit-col ghostkit-col-md-12 ghostkit-col-6\"><div class=\"ghostkit-col-content is-layout-flow wp-block-ghostkit-grid-column-is-layout-flow\">\n<h3 class=\"wp-block-heading\" id=\"licensing\">Licencia<\/h3>\n\n\n\n<ul class=\"wp-block-list\">\n<li><strong>M\u00e9todo:<\/strong> Concurrente<\/li>\n\n\n\n<li><strong>Duraci\u00f3n:<\/strong> Permanente<\/li>\n\n\n\n<li><strong>M\u00f3dulo:<\/strong> Dictado (DM) o Transcripci\u00f3n (TM)<\/li>\n<\/ul>\n\n\n\n<h3 class=\"wp-block-heading\" id=\"installation\">Instalaci\u00f3n<\/h3>\n\n\n\n<ul class=\"wp-block-list\">\n<li><strong>Configuraci\u00f3n de hardware: <\/strong>Grabadoras en DM \/ controles de pie en TM<\/li>\n\n\n\n<li><strong>Ser \u00fanico:<\/strong> s\u00ed<\/li>\n\n\n\n<li><strong>Ser \u00fanico:<\/strong> s\u00ed<\/li>\n<\/ul>\n\n\n\n<h3 class=\"wp-block-heading\" id=\"professional-audio-recording\">Grabaci\u00f3n de audio profesional<\/h3>\n\n\n\n<ul class=\"wp-block-list\">\n<li><strong>Editar grabaci\u00f3n:<\/strong> s\u00ed<\/li>\n\n\n\n<li><strong>Grabaci\u00f3n directa:<\/strong> s\u00ed<\/li>\n\n\n\n<li><strong>Establecer marcas de \u00edndice:<\/strong> s\u00ed<\/li>\n<\/ul>\n\n\n\n<h3 class=\"wp-block-heading\" id=\"manual-transcription-playback\">Transcripci\u00f3n \/ reproducci\u00f3n manual<\/h3>\n\n\n\n<ul class=\"wp-block-list\">\n<li><strong>Velocidad de reproducci\u00f3n variable:<\/strong> s\u00ed<\/li>\n\n\n\n<li><strong>Barra de transcripci\u00f3n personalizable:<\/strong> TM solamente<\/li>\n\n\n\n<li><strong>GUI personalizable:<\/strong> s\u00ed<\/li>\n<\/ul>\n\n\n\n<h3 class=\"wp-block-heading\" id=\"workflow\">Flujo de trabajo<\/h3>\n\n\n\n<ul class=\"wp-block-list\">\n<li><strong>Conversi\u00f3n de archivos: <\/strong>DS2 \/ DSS \/ WAV \/ WMA<\/li>\n\n\n\n<li><strong>Carpetas de red compartidas:<\/strong> s\u00ed<\/li>\n\n\n\n<li><strong>Descarga v\u00eda USB:<\/strong> s\u00ed<\/li>\n\n\n\n<li><strong>Prioridad:<\/strong> s\u00ed<\/li>\n<\/ul>\n<\/div><\/div>\n\n\n\n<div class=\"ghostkit-col ghostkit-col-md-12 ghostkit-col-6\"><div class=\"ghostkit-col-content is-layout-flow wp-block-ghostkit-grid-column-is-layout-flow\">\n<h3 class=\"wp-block-heading\" id=\"professional-dictation-features\">Funciones de dictado profesional<\/h3>\n\n\n\n<ul class=\"wp-block-list\">\n<li><strong>Teclas de acceso r\u00e1pido del teclado:<\/strong> s\u00ed<\/li>\n\n\n\n<li><strong>Editar propiedades de archivo:<\/strong> s\u00ed<\/li>\n\n\n\n<li><strong>Unir \/ dividir dictados:<\/strong> s\u00ed<\/li>\n\n\n\n<li><strong>Descifrado:<\/strong> Solo reproducci\u00f3n<\/li>\n<\/ul>\n\n\n\n<h3 class=\"wp-block-heading\" id=\"speech-recognition-requires-dragon\">Reconocimiento de voz (requiere Dragon)<\/h3>\n\n\n\n<ul class=\"wp-block-list\">\n<li><strong>Reconocimiento de voz de fondo: <\/strong>Lanza el software Dragon<\/li>\n<\/ul>\n\n\n\n<h3 class=\"wp-block-heading\" id=\"audio-codecs\">C\u00f3decs de audio<\/h3>\n\n\n\n<ul class=\"wp-block-list\">\n<li><strong>WMA:<\/strong> s\u00ed<\/li>\n\n\n\n<li><strong>MP3:<\/strong> s\u00ed<\/li>\n\n\n\n<li><strong>PCM (WAV):<\/strong> s\u00ed<\/li>\n\n\n\n<li><strong>DSS cl\u00e1sico:<\/strong> s\u00ed<\/li>\n\n\n\n<li><strong>DSS Pro (DS2):<\/strong> s\u00ed<\/li>\n<\/ul>\n\n\n\n<h3 class=\"wp-block-heading\" id=\"languages\">Idiomas<\/h3>\n\n\n\n<ul class=\"wp-block-list\">\n<li><strong>RU:<\/strong> s\u00ed<\/li>\n\n\n\n<li><strong>SV: <\/strong>s\u00ed<\/li>\n\n\n\n<li><strong>FR: <\/strong>s\u00ed<\/li>\n\n\n\n<li><strong>ES: <\/strong>s\u00ed<\/li>\n\n\n\n<li><strong>ES: <\/strong>s\u00ed<\/li>\n\n\n\n<li><strong>DELAWARE:<\/strong> s\u00ed<\/li>\n\n\n\n<li><strong>CS: <\/strong>s\u00ed<\/li>\n<\/ul>\n\n\n\n<h3 class=\"wp-block-heading\" id=\"environment\">Medio ambiente<\/h3>\n\n\n\n<ul class=\"wp-block-list\">\n<li><strong>SO cliente Windows: <\/strong>Windows 8\/8.1\/10 Home, Pro y Enterprise\/11<\/li>\n\n\n\n<li><strong>.NET Framework:<\/strong> 4.6 o posterior<\/li>\n\n\n\n<li><strong>HDD:<\/strong> 2 GB de espacio libre<\/li>\n\n\n\n<li><strong>RAM:<\/strong> 2 GB o m\u00e1s<\/li>\n\n\n\n<li><strong>UPC:<\/strong> 1GHz o superior<\/li>\n<\/ul>\n<\/div><\/div>\n<\/div><\/div>\n\n\n\n<h3 class=\"wp-block-heading\" id=\"box-contents\">Contenido de la caja<\/h3>\n\n\n\n<p><strong>Transcripci\u00f3n b\u00e1sica de DSS Pro<\/strong><\/p>\n\n\n\n<ul class=\"wp-block-list\">\n<li>Licencia est\u00e1ndar de DSS Player (Mac y PC): m\u00f3dulo de transcripci\u00f3n<\/li>\n\n\n\n<li>&nbsp;\u00a1No incluye CD\/DVD! Obtenga el software de la p\u00e1gina de descarga del producto:<\/li>\n\n\n\n<li>&nbsp;(GANAR) https:\/\/dl\u2011support.olympus\u2011imaging.com\/odms_download\/dss_player_standard_r2\/en\/<\/li>\n\n\n\n<li>&nbsp;(MAC) https:\/\/dl\u2011support.olympus\u2011imaging.com\/odms_download\/dss_player_v7\/en\/<\/li>\n<\/ul>\n\n\n\n<p><strong>Dictado DSS Pro b\u00e1sico<\/strong><\/p>\n\n\n\n<ul class=\"wp-block-list\">\n<li>Licencia est\u00e1ndar de DSS Player (Mac y PC): m\u00f3dulo de dictado<\/li>\n\n\n\n<li>&nbsp;\u00a1No incluye CD\/DVD! Obtenga el software de la p\u00e1gina de descarga del producto:<\/li>\n\n\n\n<li>&nbsp;(GANAR) https:\/\/dl\u2011support.olympus\u2011imaging.com\/odms_download\/dss_player_standard_r2\/en\/<\/li>\n\n\n\n<li>&nbsp;(MAC) https:\/\/dl\u2011support.olympus\u2011imaging.com\/odms_download\/dss_player_v7\/en\/<\/li>\n<\/ul>","protected":false},"featured_media":238,"template":"","meta":{"ghostkit_customizer_options":"","ghostkit_custom_css":"","ghostkit_custom_js_head":"","ghostkit_custom_js_foot":"","ghostkit_typography":""},"product_category":[38],"class_list":["post-189","product","type-product","status-publish","has-post-thumbnail","hentry","product_category-software"],"yoast_head":"<!-- This site is optimized with the Yoast SEO plugin v27.4 - https:\/\/yoast.com\/product\/yoast-seo-wordpress\/ -->\n<title>DSS Player Standard - Professional Audio Support<\/title>\n<meta name=\"robots\" content=\"index, follow, max-snippet:-1, max-image-preview:large, max-video-preview:-1\" \/>\n<link rel=\"canonical\" href=\"https:\/\/audiosupport.omsystem.com\/es\/product\/dss-player-standard\/\" \/>\n<meta property=\"og:locale\" content=\"es_ES\" \/>\n<meta property=\"og:type\" content=\"article\" \/>\n<meta property=\"og:title\" content=\"DSS Player Standard - Professional Audio Support\" \/>\n<meta property=\"og:description\" content=\"Box Contents Basic DSS Pro Transcription Basic DSS Pro Dictation\" \/>\n<meta property=\"og:url\" content=\"https:\/\/audiosupport.omsystem.com\/es\/product\/dss-player-standard\/\" \/>\n<meta property=\"og:site_name\" content=\"Professional Audio Support\" \/>\n<meta property=\"article:modified_time\" content=\"2023-05-25T10:01:08+00:00\" \/>\n<meta property=\"og:image\" content=\"https:\/\/audiosupport.omsystem.com\/wp-content\/uploads\/2021\/11\/DSSPlayerStandard-300x300-230x230-1.png\" \/>\n\t<meta property=\"og:image:width\" content=\"230\" \/>\n\t<meta property=\"og:image:height\" content=\"230\" \/>\n\t<meta property=\"og:image:type\" content=\"image\/png\" \/>\n<meta name=\"twitter:card\" content=\"summary_large_image\" \/>\n<meta name=\"twitter:label1\" content=\"Tiempo de lectura\" \/>\n\t<meta name=\"twitter:data1\" content=\"1 minuto\" \/>\n<script type=\"application\/ld+json\" class=\"yoast-schema-graph\">{\"@context\":\"https:\\\/\\\/schema.org\",\"@graph\":[{\"@type\":\"WebPage\",\"@id\":\"https:\\\/\\\/audiosupport.omsystem.com\\\/product\\\/dss-player-standard\\\/\",\"url\":\"https:\\\/\\\/audiosupport.omsystem.com\\\/product\\\/dss-player-standard\\\/\",\"name\":\"DSS Player Standard - Professional Audio Support\",\"isPartOf\":{\"@id\":\"https:\\\/\\\/audiosupport.omsystem.com\\\/en\\\/#website\"},\"primaryImageOfPage\":{\"@id\":\"https:\\\/\\\/audiosupport.omsystem.com\\\/product\\\/dss-player-standard\\\/#primaryimage\"},\"image\":{\"@id\":\"https:\\\/\\\/audiosupport.omsystem.com\\\/product\\\/dss-player-standard\\\/#primaryimage\"},\"thumbnailUrl\":\"https:\\\/\\\/audiosupport.omsystem.com\\\/wp-content\\\/uploads\\\/2021\\\/11\\\/DSSPlayerStandard-300x300-230x230-1.png\",\"datePublished\":\"2021-11-30T22:54:28+00:00\",\"dateModified\":\"2023-05-25T10:01:08+00:00\",\"breadcrumb\":{\"@id\":\"https:\\\/\\\/audiosupport.omsystem.com\\\/product\\\/dss-player-standard\\\/#breadcrumb\"},\"inLanguage\":\"es\",\"potentialAction\":[{\"@type\":\"ReadAction\",\"target\":[\"https:\\\/\\\/audiosupport.omsystem.com\\\/product\\\/dss-player-standard\\\/\"]}]},{\"@type\":\"ImageObject\",\"inLanguage\":\"es\",\"@id\":\"https:\\\/\\\/audiosupport.omsystem.com\\\/product\\\/dss-player-standard\\\/#primaryimage\",\"url\":\"https:\\\/\\\/audiosupport.omsystem.com\\\/wp-content\\\/uploads\\\/2021\\\/11\\\/DSSPlayerStandard-300x300-230x230-1.png\",\"contentUrl\":\"https:\\\/\\\/audiosupport.omsystem.com\\\/wp-content\\\/uploads\\\/2021\\\/11\\\/DSSPlayerStandard-300x300-230x230-1.png\",\"width\":230,\"height\":230},{\"@type\":\"BreadcrumbList\",\"@id\":\"https:\\\/\\\/audiosupport.omsystem.com\\\/product\\\/dss-player-standard\\\/#breadcrumb\",\"itemListElement\":[{\"@type\":\"ListItem\",\"position\":1,\"name\":\"Home\",\"item\":\"https:\\\/\\\/audiosupport.omsystem.com\\\/\"},{\"@type\":\"ListItem\",\"position\":2,\"name\":\"DSS Player Standard\"}]},{\"@type\":\"WebSite\",\"@id\":\"https:\\\/\\\/audiosupport.omsystem.com\\\/en\\\/#website\",\"url\":\"https:\\\/\\\/audiosupport.omsystem.com\\\/en\\\/\",\"name\":\"Professional Audio Support\",\"description\":\"OM Digital Solutions\",\"potentialAction\":[{\"@type\":\"SearchAction\",\"target\":{\"@type\":\"EntryPoint\",\"urlTemplate\":\"https:\\\/\\\/audiosupport.omsystem.com\\\/en\\\/?s={search_term_string}\"},\"query-input\":{\"@type\":\"PropertyValueSpecification\",\"valueRequired\":true,\"valueName\":\"search_term_string\"}}],\"inLanguage\":\"es\"}]}<\/script>\n<!-- \/ Yoast SEO plugin. -->","yoast_head_json":{"title":"DSS Player Standard: compatibilidad con audio profesional","robots":{"index":"index","follow":"follow","max-snippet":"max-snippet:-1","max-image-preview":"max-image-preview:large","max-video-preview":"max-video-preview:-1"},"canonical":"https:\/\/audiosupport.omsystem.com\/es\/product\/dss-player-standard\/","og_locale":"es_ES","og_type":"article","og_title":"DSS Player Standard - Professional Audio Support","og_description":"Box Contents Basic DSS Pro Transcription Basic DSS Pro Dictation","og_url":"https:\/\/audiosupport.omsystem.com\/es\/product\/dss-player-standard\/","og_site_name":"Professional Audio Support","article_modified_time":"2023-05-25T10:01:08+00:00","og_image":[{"width":230,"height":230,"url":"https:\/\/audiosupport.omsystem.com\/wp-content\/uploads\/2021\/11\/DSSPlayerStandard-300x300-230x230-1.png","type":"image\/png"}],"twitter_card":"summary_large_image","twitter_misc":{"Tiempo de lectura":"1 minuto"},"schema":{"@context":"https:\/\/schema.org","@graph":[{"@type":"WebPage","@id":"https:\/\/audiosupport.omsystem.com\/product\/dss-player-standard\/","url":"https:\/\/audiosupport.omsystem.com\/product\/dss-player-standard\/","name":"DSS Player Standard: compatibilidad con audio profesional","isPartOf":{"@id":"https:\/\/audiosupport.omsystem.com\/en\/#website"},"primaryImageOfPage":{"@id":"https:\/\/audiosupport.omsystem.com\/product\/dss-player-standard\/#primaryimage"},"image":{"@id":"https:\/\/audiosupport.omsystem.com\/product\/dss-player-standard\/#primaryimage"},"thumbnailUrl":"https:\/\/audiosupport.omsystem.com\/wp-content\/uploads\/2021\/11\/DSSPlayerStandard-300x300-230x230-1.png","datePublished":"2021-11-30T22:54:28+00:00","dateModified":"2023-05-25T10:01:08+00:00","breadcrumb":{"@id":"https:\/\/audiosupport.omsystem.com\/product\/dss-player-standard\/#breadcrumb"},"inLanguage":"es","potentialAction":[{"@type":"ReadAction","target":["https:\/\/audiosupport.omsystem.com\/product\/dss-player-standard\/"]}]},{"@type":"ImageObject","inLanguage":"es","@id":"https:\/\/audiosupport.omsystem.com\/product\/dss-player-standard\/#primaryimage","url":"https:\/\/audiosupport.omsystem.com\/wp-content\/uploads\/2021\/11\/DSSPlayerStandard-300x300-230x230-1.png","contentUrl":"https:\/\/audiosupport.omsystem.com\/wp-content\/uploads\/2021\/11\/DSSPlayerStandard-300x300-230x230-1.png","width":230,"height":230},{"@type":"BreadcrumbList","@id":"https:\/\/audiosupport.omsystem.com\/product\/dss-player-standard\/#breadcrumb","itemListElement":[{"@type":"ListItem","position":1,"name":"Home","item":"https:\/\/audiosupport.omsystem.com\/"},{"@type":"ListItem","position":2,"name":"DSS Player Standard"}]},{"@type":"WebSite","@id":"https:\/\/audiosupport.omsystem.com\/en\/#website","url":"https:\/\/audiosupport.omsystem.com\/en\/","name":"Soporte de audio profesional","description":"Soluciones digitales OM","potentialAction":[{"@type":"SearchAction","target":{"@type":"EntryPoint","urlTemplate":"https:\/\/audiosupport.omsystem.com\/en\/?s={search_term_string}"},"query-input":{"@type":"PropertyValueSpecification","valueRequired":true,"valueName":"search_term_string"}}],"inLanguage":"es"}]}},"_links":{"self":[{"href":"https:\/\/audiosupport.omsystem.com\/es\/wp-json\/wp\/v2\/product\/189","targetHints":{"allow":["GET"]}}],"collection":[{"href":"https:\/\/audiosupport.omsystem.com\/es\/wp-json\/wp\/v2\/product"}],"about":[{"href":"https:\/\/audiosupport.omsystem.com\/es\/wp-json\/wp\/v2\/types\/product"}],"wp:featuredmedia":[{"embeddable":true,"href":"https:\/\/audiosupport.omsystem.com\/es\/wp-json\/wp\/v2\/media\/238"}],"wp:attachment":[{"href":"https:\/\/audiosupport.omsystem.com\/es\/wp-json\/wp\/v2\/media?parent=189"}],"wp:term":[{"taxonomy":"product_category","embeddable":true,"href":"https:\/\/audiosupport.omsystem.com\/es\/wp-json\/wp\/v2\/product_category?post=189"}],"curies":[{"name":"gracias","href":"https:\/\/api.w.org\/{rel}","templated":true}]}}