{"id":152,"date":"2021-11-30T21:23:10","date_gmt":"2021-11-30T21:23:10","guid":{"rendered":"https:\/\/olympus2.gliffen.com\/~opdsupport\/?post_type=product&#038;p=152"},"modified":"2024-10-15T14:49:42","modified_gmt":"2024-10-15T14:49:42","slug":"rm-4110s","status":"publish","type":"product","link":"https:\/\/audiosupport.omsystem.com\/es\/product\/rm-4110s\/","title":{"rendered":"Micr\u00f3fono Rec II RM-4110S"},"content":{"rendered":"<div class=\"ghostkit-grid ghostkit-grid-gap-md\"><div class=\"ghostkit-grid-inner\">\n<div class=\"ghostkit-col ghostkit-col-md-12 ghostkit-col-lg-6 ghostkit-col-3\"><div class=\"ghostkit-col-content is-layout-flow wp-block-ghostkit-grid-column-is-layout-flow\">\n<h3 class=\"wp-block-heading\" id=\"available-models\">Modelos disponibles<\/h3>\n\n\n\n<p><strong>Modelos<\/strong><\/p>\n\n\n\n<ul class=\"wp-block-list\">\n<li>RM\u20114010P \/ RM\u20114015P<\/li>\n\n\n\n<li>RM\u20114100S<\/li>\n\n\n\n<li>RM\u20114110S<\/li>\n<\/ul>\n<\/div><\/div>\n\n\n\n<div class=\"ghostkit-col ghostkit-col-md-12 ghostkit-col-lg-6 ghostkit-col-3\"><div class=\"ghostkit-col-content is-layout-flow wp-block-ghostkit-grid-column-is-layout-flow\">\n<h3 class=\"wp-block-heading\" id=\"usb-functionality\">funcionalidad USB<\/h3>\n\n\n\n<p><strong>Velocidad USB<\/strong><\/p>\n\n\n\n<ul class=\"wp-block-list\">\n<li>USB 2.0 de alta velocidad<\/li>\n<\/ul>\n\n\n\n<p><strong>Clases USB<\/strong><\/p>\n\n\n\n<ul class=\"wp-block-list\">\n<li>Clase de audio USB<\/li>\n\n\n\n<li>rat\u00f3n OCULTADO<\/li>\n\n\n\n<li>Proveedor HID (predeterminado) \/ teclado<\/li>\n<\/ul>\n<\/div><\/div>\n\n\n\n<div class=\"ghostkit-col ghostkit-col-md-12 ghostkit-col-lg-6 ghostkit-col-3\"><div class=\"ghostkit-col-content is-layout-flow wp-block-ghostkit-grid-column-is-layout-flow\">\n<h3 class=\"wp-block-heading\" id=\"device-operation\">Operaci\u00f3n del dispositivo<\/h3>\n\n\n\n<p><strong>Interruptor principal<\/strong><\/p>\n\n\n\n<ul class=\"wp-block-list\">\n<li>Interruptor deslizante (RM\u20114100S, RM\u20114110S)<\/li>\n\n\n\n<li>Empuje (RM\u20114010P, RM\u20114015P)<\/li>\n<\/ul>\n\n\n\n<p><strong>Bot\u00f3n programable<\/strong><\/p>\n\n\n\n<ul class=\"wp-block-list\">\n<li>14 botones de bajo ruido<\/li>\n<\/ul>\n\n\n\n<p><strong>Bola de seguimiento \u00f3ptica<\/strong><\/p>\n\n\n\n<ul class=\"wp-block-list\">\n<li>S\u00ed, incluido funci\u00f3n de clic con el bot\u00f3n izquierdo del mouse (RM\u20114010P, RM4015P, RM\u20114110S)<\/li>\n<\/ul>\n\n\n\n<p><strong>Haga clic en la funci\u00f3n de bloqueo para arrastrar y soltar<\/strong><\/p>\n\n\n\n<ul class=\"wp-block-list\">\n<li>S\u00ed (solo para modelos con trackball)<\/li>\n<\/ul>\n\n\n\n<p><strong>Botones de funci\u00f3n<\/strong><\/p>\n\n\n\n<ul class=\"wp-block-list\">\n<li>4 (RM\u20114100S: 3 botones F adicionales)<\/li>\n<\/ul>\n\n\n\n<p><strong>Sensor de aceleraci\u00f3n<\/strong><\/p>\n\n\n\n<ul class=\"wp-block-list\">\n<li>Disponible<\/li>\n<\/ul>\n<\/div><\/div>\n\n\n\n<div class=\"ghostkit-col ghostkit-col-md-12 ghostkit-col-lg-6 ghostkit-col-3\"><div class=\"ghostkit-col-content is-layout-flow wp-block-ghostkit-grid-column-is-layout-flow\">\n<h3 class=\"wp-block-heading\" id=\"recording-modes\">Modos de grabaci\u00f3n<\/h3>\n\n\n\n<p><strong>Formato de grabaci\u00f3n<\/strong><\/p>\n\n\n\n<ul class=\"wp-block-list\">\n<li>PCM (mono, 16 bits, muestreo de 44,1 kHz)<\/li>\n<\/ul>\n<\/div><\/div>\n<\/div><\/div>\n\n\n\n<div class=\"ghostkit-grid ghostkit-grid-gap-md\"><div class=\"ghostkit-grid-inner\">\n<div class=\"ghostkit-col ghostkit-col-md-12 ghostkit-col-lg-6 ghostkit-col-3\"><div class=\"ghostkit-col-content is-layout-flow wp-block-ghostkit-grid-column-is-layout-flow\">\n<h3 class=\"wp-block-heading\" id=\"record-function\">Funci\u00f3n de grabaci\u00f3n<\/h3>\n\n\n\n<p><strong>Cancelaci\u00f3n de ruido<\/strong><\/p>\n\n\n\n<ul class=\"wp-block-list\">\n<li>Variable<\/li>\n<\/ul>\n\n\n\n<p><strong>Direccionalidad Activa<\/strong><\/p>\n\n\n\n<ul class=\"wp-block-list\">\n<li>Variable<\/li>\n<\/ul>\n\n\n\n<p><strong>analizador de ruido<\/strong><\/p>\n\n\n\n<ul class=\"wp-block-list\">\n<li>Disponible<\/li>\n<\/ul>\n\n\n\n<p><strong>filtro pop<\/strong><\/p>\n\n\n\n<ul class=\"wp-block-list\">\n<li>3 capas<\/li>\n<\/ul>\n\n\n\n<h3 class=\"wp-block-heading\" id=\"operation-modes\">Modos de operaci\u00f3n<\/h3>\n\n\n\n<p><strong>Modo Olimpo<\/strong><\/p>\n\n\n\n<ul class=\"wp-block-list\">\n<li>Disponible (predeterminado)<\/li>\n<\/ul>\n\n\n\n<p><strong>Modos de teclado HID<\/strong><\/p>\n\n\n\n<ul class=\"wp-block-list\">\n<li>Modo personalizado (Configuraci\u00f3n de bot\u00f3n personalizable para controlar cualquier aplicaci\u00f3n de terceros (a trav\u00e9s del software RCT - RecMic Configuration Tool)<\/li>\n\n\n\n<li>Modo Dragon (configuraci\u00f3n predefinida para el reconocimiento de voz Dragon)<\/li>\n\n\n\n<li>Modo de reconocimiento de voz de Windows (configuraci\u00f3n predefinida para el reconocimiento de voz de Windows)<\/li>\n<\/ul>\n\n\n\n<p><strong>Grabar Escenas<\/strong><\/p>\n\n\n\n<ul class=\"wp-block-list\">\n<li>Ambiente tranquilo<\/li>\n\n\n\n<li>Entorno ruidoso para reconocimiento de voz<\/li>\n\n\n\n<li>Entorno ruidoso para dictado cl\u00e1sico<\/li>\n<\/ul>\n<\/div><\/div>\n\n\n\n<div class=\"ghostkit-col ghostkit-col-md-12 ghostkit-col-lg-6 ghostkit-col-3\"><div class=\"ghostkit-col-content is-layout-flow wp-block-ghostkit-grid-column-is-layout-flow\">\n<h3 class=\"wp-block-heading\" id=\"other-features\">Otras caracter\u00edsticas<\/h3>\n\n\n\n<p><strong>Detecci\u00f3n autom\u00e1tica de puestos<\/strong><\/p>\n\n\n\n<ul class=\"wp-block-list\">\n<li>Disponible<\/li>\n<\/ul>\n\n\n\n<p><strong>Silencio autom\u00e1tico del micr\u00f3fono<\/strong><\/p>\n\n\n\n<ul class=\"wp-block-list\">\n<li>S\u00ed, cuando se coloca en el escritorio.<\/li>\n<\/ul>\n<\/div><\/div>\n\n\n\n<div class=\"ghostkit-col ghostkit-col-md-12 ghostkit-col-lg-6 ghostkit-col-3\"><div class=\"ghostkit-col-content is-layout-flow wp-block-ghostkit-grid-column-is-layout-flow\">\n<h3 class=\"wp-block-heading\" id=\"storage-media\">Medios de almacenamiento<\/h3>\n\n\n\n<p><strong>Memoria interna<\/strong><\/p>\n\n\n\n<ul class=\"wp-block-list\">\n<li>No<\/li>\n\n\n\n<li>8 GB (RM\u20114015P)<\/li>\n<\/ul>\n<\/div><\/div>\n\n\n\n<div class=\"ghostkit-col ghostkit-col-md-12 ghostkit-col-lg-6 ghostkit-col-3\"><div class=\"ghostkit-col-content is-layout-flow wp-block-ghostkit-grid-column-is-layout-flow\">\n<h3 class=\"wp-block-heading\" id=\"specialized-features-for-medical-environment\">Funciones especializadas para el entorno m\u00e9dico<\/h3>\n\n\n\n<p><strong>Resistencia qu\u00edmica<\/strong><\/p>\n\n\n\n<ul class=\"wp-block-list\">\n<li>Etanol Isopropanol<\/li>\n<\/ul>\n\n\n\n<p><strong>Carcasa antimicrobiana<\/strong><\/p>\n\n\n\n<ul class=\"wp-block-list\">\n<li>Polygiene\u00ae<\/li>\n<\/ul>\n<\/div><\/div>\n<\/div><\/div>\n\n\n\n<div class=\"ghostkit-grid ghostkit-grid-gap-md\"><div class=\"ghostkit-grid-inner\">\n<div class=\"ghostkit-col ghostkit-col-md-12 ghostkit-col-lg-6 ghostkit-col-3\"><div class=\"ghostkit-col-content is-layout-flow wp-block-ghostkit-grid-column-is-layout-flow\">\n<h3 class=\"wp-block-heading\" id=\"compatible-software\">Programas compatibles<\/h3>\n\n\n\n<p><strong>Herramienta de configuraci\u00f3n Olympus RecMic (RCT)<\/strong><\/p>\n\n\n\n<ul class=\"wp-block-list\">\n<li>Versi\u00f3n: 1.0 o superior<\/li>\n<\/ul>\n\n\n\n<p><strong>Software de terceros<\/strong><\/p>\n\n\n\n<ul class=\"wp-block-list\">\n<li>Cualquier software que se pueda controlar a trav\u00e9s de atajos de teclado (por ejemplo, Ctrl + H)<\/li>\n<\/ul>\n<\/div><\/div>\n\n\n\n<div class=\"ghostkit-col ghostkit-col-md-12 ghostkit-col-lg-6 ghostkit-col-3\"><div class=\"ghostkit-col-content is-layout-flow wp-block-ghostkit-grid-column-is-layout-flow\">\n<h3 class=\"wp-block-heading\" id=\"interfaces-input\">Entrada de interfaces<\/h3>\n\n\n\n<p><strong>tipo de micr\u00f3fono<\/strong><\/p>\n\n\n\n<ul class=\"wp-block-list\">\n<li>Sistema inteligente de 2 micr\u00f3fonos<\/li>\n<\/ul>\n\n\n\n<p><strong>Respuesta frecuente<\/strong><\/p>\n\n\n\n<ul class=\"wp-block-list\">\n<li>200-9000Hz<\/li>\n<\/ul>\n\n\n\n<p><strong>Sensibilidad \/ ganancia del micr\u00f3fono<\/strong><\/p>\n\n\n\n<ul class=\"wp-block-list\">\n<li>- 39dBv<\/li>\n<\/ul>\n\n\n\n<p><strong>Nivel de entrada<\/strong><\/p>\n\n\n\n<ul class=\"wp-block-list\">\n<li>- 48dBv \/ + 86dB SPL<\/li>\n<\/ul>\n\n\n\n<p><strong>Relaci\u00f3n se\u00f1al-ruido<\/strong><\/p>\n\n\n\n<ul class=\"wp-block-list\">\n<li>59dBA<\/li>\n<\/ul>\n\n\n\n<p><strong>Caracter\u00edsticas del micr\u00f3fono<\/strong><\/p>\n\n\n\n<ul class=\"wp-block-list\">\n<li>Omnidireccional<\/li>\n<\/ul>\n<\/div><\/div>\n\n\n\n<div class=\"ghostkit-col ghostkit-col-md-12 ghostkit-col-lg-6 ghostkit-col-3\"><div class=\"ghostkit-col-content is-layout-flow wp-block-ghostkit-grid-column-is-layout-flow\">\n<h3 class=\"wp-block-heading\" id=\"interfaces-output\">Salida de interfaces<\/h3>\n\n\n\n<p><strong>Altavoz<\/strong><\/p>\n\n\n\n<ul class=\"wp-block-list\">\n<li>Altavoz frontal integrado de 28 mm<\/li>\n<\/ul>\n\n\n\n<p><strong>m\u00e1x. salida de trabajo<\/strong><\/p>\n\n\n\n<ul class=\"wp-block-list\">\n<li>350 mW<\/li>\n<\/ul>\n<\/div><\/div>\n\n\n\n<div class=\"ghostkit-col ghostkit-col-md-12 ghostkit-col-lg-6 ghostkit-col-3\"><div class=\"ghostkit-col-content is-layout-flow wp-block-ghostkit-grid-column-is-layout-flow\">\n<h3 class=\"wp-block-heading\" id=\"power-supply\">Fuente de alimentaci\u00f3n<\/h3>\n\n\n\n<p><strong>Modo USB est\u00e1ndar<\/strong><\/p>\n\n\n\n<ul class=\"wp-block-list\">\n<li>278mA o menos<\/li>\n<\/ul>\n\n\n\n<p><strong>Modo USB de bajo consumo<\/strong><\/p>\n\n\n\n<ul class=\"wp-block-list\">\n<li>80mA o menos<\/li>\n<\/ul>\n<\/div><\/div>\n<\/div><\/div>\n\n\n\n<div class=\"ghostkit-grid ghostkit-grid-gap-md\"><div class=\"ghostkit-grid-inner\">\n<div class=\"ghostkit-col ghostkit-col-md-12 ghostkit-col-lg-6 ghostkit-col-3\"><div class=\"ghostkit-col-content is-layout-flow wp-block-ghostkit-grid-column-is-layout-flow\">\n<h3 class=\"wp-block-heading\" id=\"dimensions\">Dimensiones<\/h3>\n\n\n\n<p><strong>Longitud del cable<\/strong><\/p>\n\n\n\n<ul class=\"wp-block-list\">\n<li>2,5 m<\/li>\n<\/ul>\n\n\n\n<p><strong>Altura<\/strong><\/p>\n\n\n\n<ul class=\"wp-block-list\">\n<li>171 mm<\/li>\n<\/ul>\n\n\n\n<p><strong>Ancho<\/strong><\/p>\n\n\n\n<ul class=\"wp-block-list\">\n<li>32 mm<\/li>\n<\/ul>\n\n\n\n<p><strong>Profundidad<\/strong><\/p>\n\n\n\n<ul class=\"wp-block-list\">\n<li>43,2 mm<\/li>\n<\/ul>\n\n\n\n<p><strong>Peso<\/strong><\/p>\n\n\n\n<ul class=\"wp-block-list\">\n<li>185g incluyendo cable<\/li>\n\n\n\n<li>170 g (RM\u20114100S)<\/li>\n\n\n\n<li>116 g sin cable (RM\u20114010P\/RM\u20114015P\/RM\u20114110S)<\/li>\n<\/ul>\n<\/div><\/div>\n\n\n\n<div class=\"ghostkit-col ghostkit-col-md-12 ghostkit-col-lg-6 ghostkit-col-3\"><div class=\"ghostkit-col-content is-layout-flow wp-block-ghostkit-grid-column-is-layout-flow\">\n<h3 class=\"wp-block-heading\" id=\"exterior\">Exterior<\/h3>\n\n\n\n<p><strong>Color de la carcasa<\/strong><\/p>\n\n\n\n<ul class=\"wp-block-list\">\n<li>Negro<\/li>\n<\/ul>\n\n\n\n<p><strong>Vivienda sim\u00e9trica<\/strong><\/p>\n\n\n\n<ul class=\"wp-block-list\">\n<li>Apto tanto para zurdos como para diestros<\/li>\n<\/ul>\n\n\n\n<p><strong>h\u00e1pticos<\/strong><\/p>\n\n\n\n<ul class=\"wp-block-list\">\n<li>Revestimiento de superficie lisa para ruidos t\u00e1ctiles m\u00ednimos (revestimiento UV)<\/li>\n<\/ul>\n\n\n\n<p><strong>LED<\/strong><\/p>\n\n\n\n<ul class=\"wp-block-list\">\n<li>7<\/li>\n<\/ul>\n<\/div><\/div>\n\n\n\n<div class=\"ghostkit-col ghostkit-col-md-12 ghostkit-col-lg-6 ghostkit-col-3\"><div class=\"ghostkit-col-content is-layout-flow wp-block-ghostkit-grid-column-is-layout-flow\">\n<h3 class=\"wp-block-heading\" id=\"operating-systems-requirements\">Sistemas operativos y requisitos<\/h3>\n\n\n\n<p><strong>ventanas<\/strong><\/p>\n\n\n\n<ul class=\"wp-block-list\">\n<li>ventanas 7\/8.1\/10<\/li>\n<\/ul>\n\n\n\n<p><strong>Requisitos del sistema de la herramienta de configuraci\u00f3n Olympus RecMic (RCT)<\/strong><\/p>\n\n\n\n<p><strong>Sistema operativo:<\/strong><\/p>\n\n\n\n<ul class=\"wp-block-list\">\n<li>Microsoft\u00ae Windows\u00ae 7 \u2022 Ultimate\/Enterprise\/Professional SP1 (x86\/x64)<\/li>\n\n\n\n<li>Microsoft\u00ae Windows\u00ae 8.1\/10 \u2022 Enterprise\/Pro (x86\/x64)<\/li>\n<\/ul>\n\n\n\n<p><strong>UPC:<\/strong><\/p>\n\n\n\n<ul class=\"wp-block-list\">\n<li>1 GHz o superior<\/li>\n<\/ul>\n\n\n\n<p><strong>Memoria:<\/strong><\/p>\n\n\n\n<ul class=\"wp-block-list\">\n<li>1 GB o m\u00e1s (x86)\/2 GB o m\u00e1s (x64) (Microsoft\u00ae Windows\u00ae 7\/8.1)<\/li>\n\n\n\n<li>2 GB o m\u00e1s (Microsoft\u00ae Windows\u00ae 10)<\/li>\n<\/ul>\n\n\n\n<p><strong>Espacio en disco duro:<\/strong><\/p>\n\n\n\n<ul class=\"wp-block-list\">\n<li>30 MB o m\u00e1s (se requiere un espacio separado para instalar .NET Framework).<\/li>\n<\/ul>\n\n\n\n<p><strong>.NET Framework<\/strong><\/p>\n\n\n\n<ul class=\"wp-block-list\">\n<li>Versi\u00f3n: 4.6<\/li>\n<\/ul>\n\n\n\n<p><strong>Software de reconocimiento de voz Dragon<\/strong><\/p>\n\n\n\n<ul class=\"wp-block-list\">\n<li>Dragon Profesional\/Legal v14 - 15<\/li>\n\n\n\n<li>Dragon Medical Practice Edici\u00f3n 2 - 3<\/li>\n<\/ul>\n<\/div><\/div>\n\n\n\n<div class=\"ghostkit-col ghostkit-col-md-12 ghostkit-col-lg-6 ghostkit-col-3\"><div class=\"ghostkit-col-content is-layout-flow wp-block-ghostkit-grid-column-is-layout-flow\">\n<h3 class=\"wp-block-heading\" id=\"box-contents\">Contenido de la caja<\/h3>\n\n\n\n<p><strong>Dictado con interruptor deslizante y trackball<\/strong><\/p>\n\n\n\n<ul class=\"wp-block-list\">\n<li>\u00a0RM\u20114110S<\/li>\n\n\n\n<li>\u00a0Soporte de micr\u00f3fono<\/li>\n\n\n\n<li>\u00a0Gu\u00eda r\u00e1pida del usuario (EN\/CZ\/DK\/DE\/ES\/FI\/FR\/IT\/LIT\/NL\/PL\/RUSV)<\/li>\n\n\n\n<li>\u00a0Herramienta de configuraci\u00f3n Olympus RecMic (RCT) (para descargar del sitio web)<\/li>\n<\/ul>\n\n\n\n<p><strong>Kit Premium Dictado con interruptor deslizante y trackball<\/strong><\/p>\n\n\n\n<ul class=\"wp-block-list\">\n<li>\u00a0RM\u20114110S<\/li>\n\n\n\n<li>\u00a0Licencia \u00fanica ODMS R7 DM<\/li>\n\n\n\n<li>\u00a0DSS Player para MAC (Software para Macintosh)<\/li>\n\n\n\n<li>\u00a0Soporte de micr\u00f3fono<\/li>\n\n\n\n<li>\u00a0Gu\u00eda r\u00e1pida del usuario (EN\/CZ\/DK\/DE\/ES\/FI\/FR\/IT\/LIT\/NL\/PL\/RUSV)<\/li>\n\n\n\n<li>\u00a0Herramienta de configuraci\u00f3n Olympus RecMic (RCT) (para descargar del sitio web)<\/li>\n<\/ul>\n<\/div><\/div>\n<\/div><\/div>\n\n\n\n<p><a href=\"https:\/\/www.olympus-europa.com\/site\/en\/a\/audio_systems\/professional_dictation\/desktop_dictation\/rec_mic_ii_series\/rec_mic_ii_series_kits___boxcontent.html#\"><\/a><\/p>","protected":false},"featured_media":153,"template":"","meta":{"ghostkit_customizer_options":"","ghostkit_custom_css":"","ghostkit_custom_js_head":"","ghostkit_custom_js_foot":"","ghostkit_typography":""},"product_category":[37],"class_list":["post-152","product","type-product","status-publish","has-post-thumbnail","hentry","product_category-desktop-dictation"],"yoast_head":"<!-- This site is optimized with the Yoast SEO plugin v27.3 - https:\/\/yoast.com\/product\/yoast-seo-wordpress\/ -->\n<title>RecMic II RM-4110S - Professional Audio Support<\/title>\n<meta name=\"robots\" content=\"index, follow, max-snippet:-1, max-image-preview:large, max-video-preview:-1\" \/>\n<link rel=\"canonical\" href=\"https:\/\/audiosupport.omsystem.com\/es\/product\/rm-4110s\/\" \/>\n<meta property=\"og:locale\" content=\"es_ES\" \/>\n<meta property=\"og:type\" content=\"article\" \/>\n<meta property=\"og:title\" content=\"RecMic II RM-4110S - Professional Audio Support\" \/>\n<meta property=\"og:url\" content=\"https:\/\/audiosupport.omsystem.com\/es\/product\/rm-4110s\/\" \/>\n<meta property=\"og:site_name\" content=\"Professional Audio Support\" \/>\n<meta property=\"article:modified_time\" content=\"2024-10-15T14:49:42+00:00\" \/>\n<meta property=\"og:image\" content=\"https:\/\/audiosupport.omsystem.com\/wp-content\/uploads\/2021\/11\/RecMicII4110s.png\" \/>\n\t<meta property=\"og:image:width\" content=\"150\" \/>\n\t<meta property=\"og:image:height\" content=\"465\" \/>\n\t<meta property=\"og:image:type\" content=\"image\/png\" \/>\n<meta name=\"twitter:card\" content=\"summary_large_image\" \/>\n<meta name=\"twitter:label1\" content=\"Tiempo de lectura\" \/>\n\t<meta name=\"twitter:data1\" content=\"3 minutos\" \/>\n<script type=\"application\/ld+json\" class=\"yoast-schema-graph\">{\"@context\":\"https:\\\/\\\/schema.org\",\"@graph\":[{\"@type\":\"WebPage\",\"@id\":\"https:\\\/\\\/audiosupport.omsystem.com\\\/product\\\/rm-4110s\\\/\",\"url\":\"https:\\\/\\\/audiosupport.omsystem.com\\\/product\\\/rm-4110s\\\/\",\"name\":\"RecMic II RM-4110S - Professional Audio Support\",\"isPartOf\":{\"@id\":\"https:\\\/\\\/audiosupport.omsystem.com\\\/en\\\/#website\"},\"primaryImageOfPage\":{\"@id\":\"https:\\\/\\\/audiosupport.omsystem.com\\\/product\\\/rm-4110s\\\/#primaryimage\"},\"image\":{\"@id\":\"https:\\\/\\\/audiosupport.omsystem.com\\\/product\\\/rm-4110s\\\/#primaryimage\"},\"thumbnailUrl\":\"https:\\\/\\\/audiosupport.omsystem.com\\\/wp-content\\\/uploads\\\/2021\\\/11\\\/RecMicII4110s.png\",\"datePublished\":\"2021-11-30T21:23:10+00:00\",\"dateModified\":\"2024-10-15T14:49:42+00:00\",\"breadcrumb\":{\"@id\":\"https:\\\/\\\/audiosupport.omsystem.com\\\/product\\\/rm-4110s\\\/#breadcrumb\"},\"inLanguage\":\"es\",\"potentialAction\":[{\"@type\":\"ReadAction\",\"target\":[\"https:\\\/\\\/audiosupport.omsystem.com\\\/product\\\/rm-4110s\\\/\"]}]},{\"@type\":\"ImageObject\",\"inLanguage\":\"es\",\"@id\":\"https:\\\/\\\/audiosupport.omsystem.com\\\/product\\\/rm-4110s\\\/#primaryimage\",\"url\":\"https:\\\/\\\/audiosupport.omsystem.com\\\/wp-content\\\/uploads\\\/2021\\\/11\\\/RecMicII4110s.png\",\"contentUrl\":\"https:\\\/\\\/audiosupport.omsystem.com\\\/wp-content\\\/uploads\\\/2021\\\/11\\\/RecMicII4110s.png\",\"width\":150,\"height\":465},{\"@type\":\"BreadcrumbList\",\"@id\":\"https:\\\/\\\/audiosupport.omsystem.com\\\/product\\\/rm-4110s\\\/#breadcrumb\",\"itemListElement\":[{\"@type\":\"ListItem\",\"position\":1,\"name\":\"Home\",\"item\":\"https:\\\/\\\/audiosupport.omsystem.com\\\/\"},{\"@type\":\"ListItem\",\"position\":2,\"name\":\"RecMic II RM-4110S\"}]},{\"@type\":\"WebSite\",\"@id\":\"https:\\\/\\\/audiosupport.omsystem.com\\\/en\\\/#website\",\"url\":\"https:\\\/\\\/audiosupport.omsystem.com\\\/en\\\/\",\"name\":\"Professional Audio Support\",\"description\":\"OM Digital Solutions\",\"potentialAction\":[{\"@type\":\"SearchAction\",\"target\":{\"@type\":\"EntryPoint\",\"urlTemplate\":\"https:\\\/\\\/audiosupport.omsystem.com\\\/en\\\/?s={search_term_string}\"},\"query-input\":{\"@type\":\"PropertyValueSpecification\",\"valueRequired\":true,\"valueName\":\"search_term_string\"}}],\"inLanguage\":\"es\"}]}<\/script>\n<!-- \/ Yoast SEO plugin. -->","yoast_head_json":{"title":"RecMic II RM-4110S - Soporte de audio profesional","robots":{"index":"index","follow":"follow","max-snippet":"max-snippet:-1","max-image-preview":"max-image-preview:large","max-video-preview":"max-video-preview:-1"},"canonical":"https:\/\/audiosupport.omsystem.com\/es\/product\/rm-4110s\/","og_locale":"es_ES","og_type":"article","og_title":"RecMic II RM-4110S - Professional Audio Support","og_url":"https:\/\/audiosupport.omsystem.com\/es\/product\/rm-4110s\/","og_site_name":"Professional Audio Support","article_modified_time":"2024-10-15T14:49:42+00:00","og_image":[{"width":150,"height":465,"url":"https:\/\/audiosupport.omsystem.com\/wp-content\/uploads\/2021\/11\/RecMicII4110s.png","type":"image\/png"}],"twitter_card":"summary_large_image","twitter_misc":{"Tiempo de lectura":"3 minutos"},"schema":{"@context":"https:\/\/schema.org","@graph":[{"@type":"WebPage","@id":"https:\/\/audiosupport.omsystem.com\/product\/rm-4110s\/","url":"https:\/\/audiosupport.omsystem.com\/product\/rm-4110s\/","name":"RecMic II RM-4110S - Soporte de audio profesional","isPartOf":{"@id":"https:\/\/audiosupport.omsystem.com\/en\/#website"},"primaryImageOfPage":{"@id":"https:\/\/audiosupport.omsystem.com\/product\/rm-4110s\/#primaryimage"},"image":{"@id":"https:\/\/audiosupport.omsystem.com\/product\/rm-4110s\/#primaryimage"},"thumbnailUrl":"https:\/\/audiosupport.omsystem.com\/wp-content\/uploads\/2021\/11\/RecMicII4110s.png","datePublished":"2021-11-30T21:23:10+00:00","dateModified":"2024-10-15T14:49:42+00:00","breadcrumb":{"@id":"https:\/\/audiosupport.omsystem.com\/product\/rm-4110s\/#breadcrumb"},"inLanguage":"es","potentialAction":[{"@type":"ReadAction","target":["https:\/\/audiosupport.omsystem.com\/product\/rm-4110s\/"]}]},{"@type":"ImageObject","inLanguage":"es","@id":"https:\/\/audiosupport.omsystem.com\/product\/rm-4110s\/#primaryimage","url":"https:\/\/audiosupport.omsystem.com\/wp-content\/uploads\/2021\/11\/RecMicII4110s.png","contentUrl":"https:\/\/audiosupport.omsystem.com\/wp-content\/uploads\/2021\/11\/RecMicII4110s.png","width":150,"height":465},{"@type":"BreadcrumbList","@id":"https:\/\/audiosupport.omsystem.com\/product\/rm-4110s\/#breadcrumb","itemListElement":[{"@type":"ListItem","position":1,"name":"Home","item":"https:\/\/audiosupport.omsystem.com\/"},{"@type":"ListItem","position":2,"name":"RecMic II RM-4110S"}]},{"@type":"WebSite","@id":"https:\/\/audiosupport.omsystem.com\/en\/#website","url":"https:\/\/audiosupport.omsystem.com\/en\/","name":"Soporte de audio profesional","description":"Soluciones digitales OM","potentialAction":[{"@type":"SearchAction","target":{"@type":"EntryPoint","urlTemplate":"https:\/\/audiosupport.omsystem.com\/en\/?s={search_term_string}"},"query-input":{"@type":"PropertyValueSpecification","valueRequired":true,"valueName":"search_term_string"}}],"inLanguage":"es"}]}},"_links":{"self":[{"href":"https:\/\/audiosupport.omsystem.com\/es\/wp-json\/wp\/v2\/product\/152","targetHints":{"allow":["GET"]}}],"collection":[{"href":"https:\/\/audiosupport.omsystem.com\/es\/wp-json\/wp\/v2\/product"}],"about":[{"href":"https:\/\/audiosupport.omsystem.com\/es\/wp-json\/wp\/v2\/types\/product"}],"wp:featuredmedia":[{"embeddable":true,"href":"https:\/\/audiosupport.omsystem.com\/es\/wp-json\/wp\/v2\/media\/153"}],"wp:attachment":[{"href":"https:\/\/audiosupport.omsystem.com\/es\/wp-json\/wp\/v2\/media?parent=152"}],"wp:term":[{"taxonomy":"product_category","embeddable":true,"href":"https:\/\/audiosupport.omsystem.com\/es\/wp-json\/wp\/v2\/product_category?post=152"}],"curies":[{"name":"gracias","href":"https:\/\/api.w.org\/{rel}","templated":true}]}}