{"id":5811,"date":"2024-07-17T16:27:37","date_gmt":"2024-07-17T16:27:37","guid":{"rendered":"https:\/\/audiosupport.omsystem.com\/?page_id=5811"},"modified":"2024-07-19T15:05:54","modified_gmt":"2024-07-19T15:05:54","slug":"odms-cloud-knowledge-base","status":"publish","type":"page","link":"https:\/\/audiosupport.omsystem.com\/es\/knowledge-base\/odms-cloud-knowledge-base\/","title":{"rendered":"Base de conocimiento de la nube ODMS"},"content":{"rendered":"<h1 class=\"wp-block-heading has-text-align-center ghostkit-custom-ZhYPEd\" id=\"odms-cloud-knowledge-base\">Base de conocimiento de la nube ODMS<\/h1>\n\n\n\n<form action=\"https:\/\/audiosupport.omsystem.com\/es\/\" method=\"get\" class=\"row\" data-trp-original-action=\"https:\/\/audiosupport.omsystem.com\/en\/\">\n    <input type=\"hidden\" name=\"cat\" value=\"246\">\n    <div class=\"col-md-10\">\n    \t<label for=\"search\" class=\"d-none\">Buscar<\/label>\n\t<input type=\"text\" name=\"s\" id=\"search\" value=\"\" placeholder=\"Buscar esta categor\u00eda\" class=\"form-control\">\n    <\/div>\n    <div class=\"col-md-2\">\n\t<input type=\"submit\" value=\"Buscar\" class=\"btn btn-dark form-control\">\n    <\/div>\n<input type=\"hidden\" name=\"trp-form-language\" value=\"es\"\/><\/form>\n\n\n\n<div style=\"height:40px\" aria-hidden=\"true\" class=\"wp-block-spacer\"><\/div>\n\n\n\n<p><strong>Contenido<\/strong><\/p>\n\n\n\n<ul class=\"wp-block-list is-style-none\">\n<li>1) <a href=\"https:\/\/audiosupport.omsystem.com\/es\/odms-cloud\/odms-cloud-what-is-odms-cloud\/\">\u00bfQu\u00e9 es la nube ODMS?<\/a><\/li>\n\n\n\n<li>2) <a href=\"https:\/\/audiosupport.omsystem.com\/es\/odms-cloud\/odms-cloud-licences-and-roles\/\">Licencias y roles<\/a><\/li>\n\n\n\n<li>3) <a href=\"https:\/\/audiosupport.omsystem.com\/es\/odms-cloud\/odms-cloud-supported-devices-files-formats-and-browsers\/\">Dispositivos, formatos de archivos y navegadores compatibles<\/a><\/li>\n\n\n\n<li>4) <a href=\"https:\/\/audiosupport.omsystem.com\/es\/odms-cloud\/odms-cloud-screen-configuration-overview\/\">Descripci\u00f3n general de la configuraci\u00f3n de pantalla<\/a><\/li>\n\n\n\n<li>5) <a href=\"https:\/\/audiosupport.omsystem.com\/es\/odms-cloud\/odms-cloud-account-registration-and-settings-for-end-users\/\">Registro y configuraci\u00f3n de cuenta (usuario final)<\/a><\/li>\n\n\n\n<li>6) <a href=\"https:\/\/audiosupport.omsystem.com\/es\/odms-cloud\/odms-cloud-user-registration\/\">registro de usuario<\/a><\/li>\n\n\n\n<li>7) <a href=\"https:\/\/audiosupport.omsystem.com\/es\/odms-cloud\/odms-cloud-how-to-register-or-edit-administrator\/\">Registrar o editar administrador<\/a><\/li>\n\n\n\n<li>8) <a href=\"https:\/\/audiosupport.omsystem.com\/es\/odms-cloud\/odms-cloud-how-to-order-licenses\/\">Solicitar licencias<\/a><\/li>\n\n\n\n<li>9) <a href=\"https:\/\/audiosupport.omsystem.com\/es\/odms-cloud\/odms-cloud-how-to-activate-license-key-from-the-license-card\/\">Activar clave de licencia desde la tarjeta de licencia<\/a><\/li>\n\n\n\n<li>10) <a href=\"https:\/\/audiosupport.omsystem.com\/es\/odms-cloud\/odms-cloud-how-to-assign-licenses\/\">Asignar licencias<\/a><\/li>\n\n\n\n<li>11) <a href=\"https:\/\/audiosupport.omsystem.com\/es\/odms-cloud\/odms-cloud-how-to-configure-workflows\/\">Configurar el flujo de trabajo<\/a><\/li>\n\n\n\n<li>13) <a href=\"https:\/\/audiosupport.omsystem.com\/es\/odms-cloud\/odms-cloud-how-to-change-dictation-device-settings\/\">Configuraci\u00f3n del dispositivo de dictado<\/a><\/li>\n\n\n\n<li>14) <a href=\"https:\/\/audiosupport.omsystem.com\/es\/odms-cloud\/odms-cloud-how-to-backup-and-automatic-deletion-of-transcription-finished-files\/\">Copia de seguridad y eliminaci\u00f3n autom\u00e1tica de archivos terminados de transcripci\u00f3n.<\/a><\/li>\n\n\n\n<li>15) <a href=\"https:\/\/audiosupport.omsystem.com\/es\/odms-cloud\/odms-cloud-dictation-workflow-overview\/\">Flujo de trabajo de dictado<\/a>\n<ul class=\"wp-block-list\">\n<li>15.1) <a href=\"https:\/\/audiosupport.omsystem.com\/es\/kb\/odms-cloud-dictation-workflow-3-1-dictation-information-display-screen\/\">Flujo de trabajo de dictado Pantalla de informaci\u00f3n de dictado<\/a><\/li>\n\n\n\n<li>15.2) <a href=\"https:\/\/audiosupport.omsystem.com\/es\/odms-cloud\/odms-cloud-dictation-workflow-client-application-for-authors-and-transcriptionists\/\">Aplicaci\u00f3n cliente de flujo de trabajo de dictado para autores y transcriptores<\/a><\/li>\n\n\n\n<li>15.3) <a href=\"https:\/\/audiosupport.omsystem.com\/es\/odms-cloud\/odms-cloud-dictation-workflow-how-to-configure-routing-and-automatic-routing-rules\/\">Flujo de trabajo de dictado Configurar enrutamiento y reglas de enrutamiento autom\u00e1tico<\/a><\/li>\n\n\n\n<li>15.4) <a href=\"https:\/\/audiosupport.omsystem.com\/es\/odms-cloud\/odms-cloud-dictation-workflow-how-to-upload-a-dictation-file\/\">Flujo de trabajo de dictado Cargar archivo de dictado<\/a><\/li>\n\n\n\n<li>15.5) <a href=\"https:\/\/audiosupport.omsystem.com\/es\/odms-cloud\/odms-cloud-dictation-workflow-new-task-notifications\/\">Notificaci\u00f3n de nueva tarea del flujo de trabajo de dictado<\/a><\/li>\n\n\n\n<li>15.6) <a href=\"https:\/\/audiosupport.omsystem.com\/es\/odms-cloud\/odms-cloud-dictation-workflow-how-to-select-dictation-files-for-playback-checkout-dictation-file\/\">Archivo de dictado de pago de flujo de trabajo de dictado<\/a><\/li>\n\n\n\n<li>15.7) <a href=\"https:\/\/audiosupport.omsystem.com\/es\/kb\/odms-cloud-dictation-workflow-dictation-status\/\">Estado de dictado del flujo de trabajo de dictado<\/a><\/li>\n\n\n\n<li>15.8) <a href=\"https:\/\/audiosupport.omsystem.com\/es\/odms-cloud\/odms-cloud-dictation-workflow-how-to-configure-manual-routing\/\">Enrutamiento manual del flujo de trabajo de dictado<\/a><\/li>\n\n\n\n<li>15.9) <a href=\"https:\/\/audiosupport.omsystem.com\/es\/odms-cloud\/odms-cloud-dictation-workflow-finish-transcription-and-notification\/\">Flujo de trabajo de dictado Finalizar transcripci\u00f3n y notificaci\u00f3n<\/a><\/li>\n\n\n\n<li>15.10) <a href=\"https:\/\/audiosupport.omsystem.com\/es\/odms-cloud\/odms-cloud-dictation-workflow-how-to-add-index-marks-to-a-file\/\">Flujo de trabajo de dictado Cambiar prioridad y agregar marca de \u00edndice<\/a><\/li>\n\n\n\n<li>15.11) <a href=\"https:\/\/audiosupport.omsystem.com\/es\/odms-cloud\/odms-cloud-dictation-workflow-dictation-file-with-author-id-as-device-name\/\">Archivo de dictado de flujo de trabajo de dictado con ID de autor como nombre de dispositivo<\/a><\/li>\n<\/ul>\n<\/li>\n\n\n\n<li>16) <a href=\"https:\/\/audiosupport.omsystem.com\/es\/odms-cloud\/odms-cloud-license-management-license-types\/\">Gesti\u00f3n de licencias: tipos de licencia<\/a>\n<ul class=\"wp-block-list\">\n<li>16.1) <a href=\"https:\/\/audiosupport.omsystem.com\/es\/odms-cloud\/odms-cloud-license-management-license-information-display-screen\/\">Gesti\u00f3n de licencias: pantalla de visualizaci\u00f3n de informaci\u00f3n de licencia<\/a><\/li>\n\n\n\n<li>16.2) <a href=\"https:\/\/audiosupport.omsystem.com\/es\/odms-cloud\/odms-cloud-license-management-license-management-per-user\/\">Gesti\u00f3n de Licencias \u2013 Gesti\u00f3n por usuario<\/a><\/li>\n<\/ul>\n<\/li>\n\n\n\n<li>17) <a href=\"https:\/\/audiosupport.omsystem.com\/es\/odms-cloud\/odms-cloud-how-to-manage-users\/\">Gesti\u00f3n de usuarios<\/a>\n<ul class=\"wp-block-list\">\n<li>17.1) <a href=\"https:\/\/audiosupport.omsystem.com\/es\/odms-cloud\/odms-cloud-how-to-manage-users-user-management-via-csv-file\/\">Administrador de usuarios: registro de usuarios mediante archivo CSV<\/a><\/li>\n<\/ul>\n<\/li>\n\n\n\n<li>18) <a href=\"https:\/\/audiosupport.omsystem.com\/es\/odms-cloud\/odms-cloud-supported-devices-files-formats-and-browsers\/\">Requisitos del sistema operativo y de instalaci\u00f3n de la aplicaci\u00f3n de escritorio ODMS Cloud<\/a>\n<ul class=\"wp-block-list\">\n<li>18.1) <a href=\"https:\/\/audiosupport.omsystem.com\/es\/odms-cloud\/odms-cloud-the-desktop-interface-explained\/\">Interfaz de pantalla de la aplicaci\u00f3n de escritorio ODMS Cloud<\/a><\/li>\n\n\n\n<li>18.2) <a href=\"https:\/\/audiosupport.omsystem.com\/es\/odms-cloud\/odms-cloud-desktop-app-start-up-shutdown-and-sign-in-explained\/\">Inicio, cierre e inicio de sesi\u00f3n de la aplicaci\u00f3n de escritorio ODMS Cloud<\/a><\/li>\n\n\n\n<li>18.3) <a href=\"https:\/\/audiosupport.omsystem.com\/es\/kb\/odms-cloud-the-desktop-app-ho-to-upload-a-dictation-file\/\">Aplicaci\u00f3n de escritorio ODMS Cloud Cargar un archivo de dictado<\/a><\/li>\n<\/ul>\n<\/li>\n\n\n\n<li>19) <a href=\"https:\/\/audiosupport.omsystem.com\/es\/odms-cloud\/odms-cloud-how-to-start-and-finish-transcription\/\">ODMS Cloud Iniciar y finalizar la transcripci\u00f3n<\/a><\/li>\n\n\n\n<li>20) <a href=\"https:\/\/audiosupport.omsystem.com\/es\/odms-cloud\/odms-cloud-the-smartphone-app-how-to-download\/\">Descarga de la aplicaci\u00f3n para tel\u00e9fonos inteligentes ODMS Cloud<\/a>\n<ul class=\"wp-block-list\">\n<li>20.1) <a href=\"https:\/\/audiosupport.omsystem.com\/es\/odms-cloud\/odms-cloud-the-smartphone-app-launch-and-sign-in\/\">Iniciar sesi\u00f3n e iniciar sesi\u00f3n en la aplicaci\u00f3n para tel\u00e9fonos inteligentes ODMS Cloud<\/a><\/li>\n\n\n\n<li>20.2) <a href=\"https:\/\/audiosupport.omsystem.com\/es\/odms-cloud\/odms-cloud-smartphone-app-the-screen-interface\/\">Aplicaci\u00f3n para tel\u00e9fono inteligente ODMS Cloud: configuraci\u00f3n de pantalla<\/a><\/li>\n\n\n\n<li>20.3) <a href=\"https:\/\/audiosupport.omsystem.com\/es\/odms-cloud\/odms-cloud-smartphone-app-how-to-dictate-using-the-mobile-app\/\">Aplicaci\u00f3n para tel\u00e9fono inteligente ODMS Cloud: dictar usando la aplicaci\u00f3n m\u00f3vil<\/a><\/li>\n\n\n\n<li>20.4) <a href=\"https:\/\/audiosupport.omsystem.com\/es\/odms-cloud\/odms-cloud-the-smartphone-app-how-to-delete-an-audio-recording\/\">Aplicaci\u00f3n para tel\u00e9fono inteligente ODMS Cloud C\u00f3mo eliminar un archivo<\/a><\/li>\n\n\n\n<li>20.5) <a href=\"https:\/\/audiosupport.omsystem.com\/es\/odms-cloud\/odms-cloud-the-smartphone-app-how-to-upload-your-audio-files-to-the-cloud\/\">Carga de archivos de la aplicaci\u00f3n para tel\u00e9fono inteligente ODMS Cloud<\/a><\/li>\n\n\n\n<li>20.6) <a href=\"https:\/\/audiosupport.omsystem.com\/es\/odms-cloud\/odms-cloud-the-smartphone-app-how-to-view-your-audio-files-on-the-cloud-server\/\">Vista en la nube de la aplicaci\u00f3n para tel\u00e9fonos inteligentes ODMS Cloud<\/a><\/li>\n\n\n\n<li>20.7) <a href=\"https:\/\/audiosupport.omsystem.com\/es\/odms-cloud\/odms-cloud-the-smartphone-app-how-to-sign-in-to-odms-cloud-via-your-web-browser-change-transcriptionist\/\">ODMS Cloud Smartphone App Inicio de sesi\u00f3n en la nube a trav\u00e9s del navegador<\/a><\/li>\n<\/ul>\n<\/li>\n\n\n\n<li>21) <a href=\"https:\/\/audiosupport.omsystem.com\/es\/odms-cloud\/odms-cloud-email-notifications-explained\/\">Notificaciones por correo electr\u00f3nico en la nube de ODMS<\/a>\n<ul class=\"wp-block-list\">\n<li>21.1) <a href=\"https:\/\/audiosupport.omsystem.com\/es\/odms-cloud\/odms-cloud-timing-of-e-mail-notifications-being-sent\/\">ODMS Cloud Momento de env\u00edo de notificaciones por correo electr\u00f3nico<\/a><\/li>\n\n\n\n<li>21.2) <a href=\"https:\/\/audiosupport.omsystem.com\/es\/odms-cloud\/odms-cloud-details-of-e-mail-notifications\/\">Detalles de la nube ODMS de notificaciones por correo electr\u00f3nico<\/a><\/li>\n<\/ul>\n<\/li>\n\n\n\n<li>22) <a href=\"https:\/\/audiosupport.omsystem.com\/es\/odms-cloud\/odms-cloud-how-to-receive-dictation-files-from-an-author-using-ds-9500-built-in-email-function\/\">C\u00f3mo recibir archivos de dictado de un autor utilizando la funci\u00f3n de correo electr\u00f3nico incorporada del DS-9500<\/a><\/li>\n<\/ul>","protected":false},"excerpt":{"rendered":"<p>Base de conocimientos de ODMS Cloud Buscar contenido<\/p>","protected":false},"author":1,"featured_media":0,"parent":4290,"menu_order":0,"comment_status":"closed","ping_status":"closed","template":"","meta":{"ghostkit_customizer_options":"","ghostkit_custom_css":"","ghostkit_custom_js_head":"","ghostkit_custom_js_foot":"","ghostkit_typography":"","footnotes":""},"class_list":["post-5811","page","type-page","status-publish","hentry"],"yoast_head":"<!-- This site is optimized with the Yoast SEO plugin v27.3 - https:\/\/yoast.com\/product\/yoast-seo-wordpress\/ -->\n<title>ODMS Cloud Knowledge Base - Professional Audio Support<\/title>\n<meta name=\"robots\" content=\"index, follow, max-snippet:-1, max-image-preview:large, max-video-preview:-1\" \/>\n<link rel=\"canonical\" href=\"https:\/\/audiosupport.omsystem.com\/es\/knowledge-base\/odms-cloud-knowledge-base\/\" \/>\n<meta property=\"og:locale\" content=\"es_ES\" \/>\n<meta property=\"og:type\" content=\"article\" \/>\n<meta property=\"og:title\" content=\"ODMS Cloud Knowledge Base - Professional Audio Support\" \/>\n<meta property=\"og:description\" content=\"ODMS Cloud Knowledge Base Search Contents\" \/>\n<meta property=\"og:url\" content=\"https:\/\/audiosupport.omsystem.com\/es\/knowledge-base\/odms-cloud-knowledge-base\/\" \/>\n<meta property=\"og:site_name\" content=\"Professional Audio Support\" \/>\n<meta property=\"article:modified_time\" content=\"2024-07-19T15:05:54+00:00\" \/>\n<meta name=\"twitter:card\" content=\"summary_large_image\" \/>\n<meta name=\"twitter:label1\" content=\"Tiempo de lectura\" \/>\n\t<meta name=\"twitter:data1\" content=\"1 minuto\" \/>\n<script type=\"application\/ld+json\" class=\"yoast-schema-graph\">{\"@context\":\"https:\\\/\\\/schema.org\",\"@graph\":[{\"@type\":\"WebPage\",\"@id\":\"https:\\\/\\\/audiosupport.omsystem.com\\\/knowledge-base\\\/odms-cloud-knowledge-base\\\/\",\"url\":\"https:\\\/\\\/audiosupport.omsystem.com\\\/knowledge-base\\\/odms-cloud-knowledge-base\\\/\",\"name\":\"ODMS Cloud Knowledge Base - Professional Audio Support\",\"isPartOf\":{\"@id\":\"https:\\\/\\\/audiosupport.omsystem.com\\\/en\\\/#website\"},\"datePublished\":\"2024-07-17T16:27:37+00:00\",\"dateModified\":\"2024-07-19T15:05:54+00:00\",\"breadcrumb\":{\"@id\":\"https:\\\/\\\/audiosupport.omsystem.com\\\/knowledge-base\\\/odms-cloud-knowledge-base\\\/#breadcrumb\"},\"inLanguage\":\"es\",\"potentialAction\":[{\"@type\":\"ReadAction\",\"target\":[\"https:\\\/\\\/audiosupport.omsystem.com\\\/knowledge-base\\\/odms-cloud-knowledge-base\\\/\"]}]},{\"@type\":\"BreadcrumbList\",\"@id\":\"https:\\\/\\\/audiosupport.omsystem.com\\\/knowledge-base\\\/odms-cloud-knowledge-base\\\/#breadcrumb\",\"itemListElement\":[{\"@type\":\"ListItem\",\"position\":1,\"name\":\"Home\",\"item\":\"https:\\\/\\\/audiosupport.omsystem.com\\\/\"},{\"@type\":\"ListItem\",\"position\":2,\"name\":\"Knowledge Base\",\"item\":\"https:\\\/\\\/audiosupport.omsystem.com\\\/knowledge-base\\\/\"},{\"@type\":\"ListItem\",\"position\":3,\"name\":\"ODMS Cloud Knowledge Base\"}]},{\"@type\":\"WebSite\",\"@id\":\"https:\\\/\\\/audiosupport.omsystem.com\\\/en\\\/#website\",\"url\":\"https:\\\/\\\/audiosupport.omsystem.com\\\/en\\\/\",\"name\":\"Professional Audio Support\",\"description\":\"OM Digital Solutions\",\"potentialAction\":[{\"@type\":\"SearchAction\",\"target\":{\"@type\":\"EntryPoint\",\"urlTemplate\":\"https:\\\/\\\/audiosupport.omsystem.com\\\/en\\\/?s={search_term_string}\"},\"query-input\":{\"@type\":\"PropertyValueSpecification\",\"valueRequired\":true,\"valueName\":\"search_term_string\"}}],\"inLanguage\":\"es\"}]}<\/script>\n<!-- \/ Yoast SEO plugin. -->","yoast_head_json":{"title":"Base de conocimientos de ODMS Cloud: soporte de audio profesional","robots":{"index":"index","follow":"follow","max-snippet":"max-snippet:-1","max-image-preview":"max-image-preview:large","max-video-preview":"max-video-preview:-1"},"canonical":"https:\/\/audiosupport.omsystem.com\/es\/knowledge-base\/odms-cloud-knowledge-base\/","og_locale":"es_ES","og_type":"article","og_title":"ODMS Cloud Knowledge Base - Professional Audio Support","og_description":"ODMS Cloud Knowledge Base Search Contents","og_url":"https:\/\/audiosupport.omsystem.com\/es\/knowledge-base\/odms-cloud-knowledge-base\/","og_site_name":"Professional Audio Support","article_modified_time":"2024-07-19T15:05:54+00:00","twitter_card":"summary_large_image","twitter_misc":{"Tiempo de lectura":"1 minuto"},"schema":{"@context":"https:\/\/schema.org","@graph":[{"@type":"WebPage","@id":"https:\/\/audiosupport.omsystem.com\/knowledge-base\/odms-cloud-knowledge-base\/","url":"https:\/\/audiosupport.omsystem.com\/knowledge-base\/odms-cloud-knowledge-base\/","name":"Base de conocimientos de ODMS Cloud: soporte de audio profesional","isPartOf":{"@id":"https:\/\/audiosupport.omsystem.com\/en\/#website"},"datePublished":"2024-07-17T16:27:37+00:00","dateModified":"2024-07-19T15:05:54+00:00","breadcrumb":{"@id":"https:\/\/audiosupport.omsystem.com\/knowledge-base\/odms-cloud-knowledge-base\/#breadcrumb"},"inLanguage":"es","potentialAction":[{"@type":"ReadAction","target":["https:\/\/audiosupport.omsystem.com\/knowledge-base\/odms-cloud-knowledge-base\/"]}]},{"@type":"BreadcrumbList","@id":"https:\/\/audiosupport.omsystem.com\/knowledge-base\/odms-cloud-knowledge-base\/#breadcrumb","itemListElement":[{"@type":"ListItem","position":1,"name":"Home","item":"https:\/\/audiosupport.omsystem.com\/"},{"@type":"ListItem","position":2,"name":"Knowledge Base","item":"https:\/\/audiosupport.omsystem.com\/knowledge-base\/"},{"@type":"ListItem","position":3,"name":"ODMS Cloud Knowledge Base"}]},{"@type":"WebSite","@id":"https:\/\/audiosupport.omsystem.com\/en\/#website","url":"https:\/\/audiosupport.omsystem.com\/en\/","name":"Soporte de audio profesional","description":"Soluciones digitales OM","potentialAction":[{"@type":"SearchAction","target":{"@type":"EntryPoint","urlTemplate":"https:\/\/audiosupport.omsystem.com\/en\/?s={search_term_string}"},"query-input":{"@type":"PropertyValueSpecification","valueRequired":true,"valueName":"search_term_string"}}],"inLanguage":"es"}]}},"_links":{"self":[{"href":"https:\/\/audiosupport.omsystem.com\/es\/wp-json\/wp\/v2\/pages\/5811","targetHints":{"allow":["GET"]}}],"collection":[{"href":"https:\/\/audiosupport.omsystem.com\/es\/wp-json\/wp\/v2\/pages"}],"about":[{"href":"https:\/\/audiosupport.omsystem.com\/es\/wp-json\/wp\/v2\/types\/page"}],"author":[{"embeddable":true,"href":"https:\/\/audiosupport.omsystem.com\/es\/wp-json\/wp\/v2\/users\/1"}],"replies":[{"embeddable":true,"href":"https:\/\/audiosupport.omsystem.com\/es\/wp-json\/wp\/v2\/comments?post=5811"}],"version-history":[{"count":15,"href":"https:\/\/audiosupport.omsystem.com\/es\/wp-json\/wp\/v2\/pages\/5811\/revisions"}],"predecessor-version":[{"id":5861,"href":"https:\/\/audiosupport.omsystem.com\/es\/wp-json\/wp\/v2\/pages\/5811\/revisions\/5861"}],"up":[{"embeddable":true,"href":"https:\/\/audiosupport.omsystem.com\/es\/wp-json\/wp\/v2\/pages\/4290"}],"wp:attachment":[{"href":"https:\/\/audiosupport.omsystem.com\/es\/wp-json\/wp\/v2\/media?parent=5811"}],"curies":[{"name":"gracias","href":"https:\/\/api.w.org\/{rel}","templated":true}]}}