{"id":5674,"date":"2024-06-17T11:11:13","date_gmt":"2024-06-17T11:11:13","guid":{"rendered":"https:\/\/audiosupport.omsystem.com\/?page_id=5674"},"modified":"2025-06-04T11:25:54","modified_gmt":"2025-06-04T11:25:54","slug":"odms-cloud-change-log","status":"publish","type":"page","link":"https:\/\/audiosupport.omsystem.com\/es\/knowledge-base\/change-logs-software\/odms-cloud-change-log\/","title":{"rendered":"Registro de cambios en la nube de ODMS"},"content":{"rendered":"<p>21 de abril de 2025<br \/>\n<strong>Aplicaci\u00f3n de escritorio ODMS Cloud para Mac<\/strong><\/p>\n<ul>\n<li style=\"list-style-type: none;\">\n<ul>\n<li>Arreglo del fallo\n<ul>\n<li style=\"list-style-type: none;\">\n<ul>\n<li>Se solucion\u00f3 un problema que causaba que la aplicaci\u00f3n de escritorio de Mac se cerrara debido a un error del servidor.<\/li>\n<\/ul>\n<\/li>\n<\/ul>\n<\/li>\n<\/ul>\n<\/li>\n<\/ul>\n<p>18 de marzo de 2025<br \/>\n<strong>Aplicaci\u00f3n de escritorio en la nube ODMS<\/strong><\/p>\n<ul>\n<li style=\"list-style-type: none;\">\n<ul>\n<li>Arreglo del fallo\n<ul>\n<li style=\"list-style-type: none;\">\n<ul>\n<li>Se solucion\u00f3 un problema espec\u00edfico del mercado estadounidense, relacionado con los pedales RS-27H y RS-27.<\/li>\n<\/ul>\n<\/li>\n<\/ul>\n<\/li>\n<\/ul>\n<\/li>\n<\/ul>\n<ul>\n<li style=\"list-style-type: none;\"><\/li>\n<\/ul>\n<p>27 de enero de 2025<br \/>\n<strong>Nube ODMS<\/strong><\/p>\n<ul>\n<li style=\"list-style-type: none;\">\n<ul>\n<li>Cambio de especificaci\u00f3n\n<ul>\n<li style=\"list-style-type: none;\">\n<ul>\n<li>Se agreg\u00f3 una funci\u00f3n para ver el historial de pedidos.<\/li>\n<\/ul>\n<\/li>\n<\/ul>\n<ul>\n<li style=\"list-style-type: none;\">\n<ul>\n<li>Se agreg\u00f3 una funci\u00f3n de b\u00fasqueda para archivos de dictado<\/li>\n<\/ul>\n<\/li>\n<\/ul>\n<ul>\n<li style=\"list-style-type: none;\">\n<ul>\n<li>Se agreg\u00f3 una funci\u00f3n de b\u00fasqueda para Cuentas<\/li>\n<\/ul>\n<\/li>\n<\/ul>\n<ul>\n<li style=\"list-style-type: none;\">\n<ul>\n<li>Se agreg\u00f3 una funci\u00f3n de b\u00fasqueda para usuarios<\/li>\n<li>La informaci\u00f3n del filtro ahora se guardar\u00e1 en la vista de Lista de dictado<\/li>\n<\/ul>\n<\/li>\n<\/ul>\n<ul>\n<li style=\"list-style-type: none;\">\n<ul>\n<li>Se agreg\u00f3 la capacidad para que los administradores fuercen la verificaci\u00f3n del usuario.<\/li>\n<li>Se agreg\u00f3 informaci\u00f3n sobre el n\u00famero de licencias asignadas a la vista de lista en la pesta\u00f1a Suscripci\u00f3n<\/li>\n<\/ul>\n<\/li>\n<\/ul>\n<ul>\n<li style=\"list-style-type: none;\">\n<ul>\n<li>Se agreg\u00f3 una funci\u00f3n para emitir licencias de prueba adicionales<\/li>\n<\/ul>\n<\/li>\n<\/ul>\n<\/li>\n<\/ul>\n<\/li>\n<\/ul>\n<ul>\n<li style=\"list-style-type: none;\"><\/li>\n<\/ul>\n<ul>\n<li style=\"list-style-type: none;\">\n<ul>\n<li style=\"list-style-type: none;\">\n<ul>\n<li style=\"list-style-type: none;\"><\/li>\n<\/ul>\n<\/li>\n<\/ul>\n<\/li>\n<\/ul>\n<p>2 de diciembre de 2024<br \/>\n<strong>Nube ODMS<\/strong><\/p>\n<ul>\n<li style=\"list-style-type: none;\">\n<ul>\n<li>Cambio de especificaci\u00f3n\n<ul>\n<li style=\"list-style-type: none;\">\n<ul>\n<li>Se agregaron opciones para deshabilitar o cerrar autom\u00e1ticamente las notificaciones para los transcriptores.<\/li>\n<\/ul>\n<\/li>\n<\/ul>\n<ul>\n<li style=\"list-style-type: none;\">\n<ul>\n<li>Se agreg\u00f3 la opci\u00f3n para editar datos del trabajo durante la carga de archivos a la nube<\/li>\n<\/ul>\n<\/li>\n<\/ul>\n<ul>\n<li style=\"list-style-type: none;\">\n<ul>\n<li>Se agreg\u00f3 una herramienta de extracci\u00f3n de archivos de respaldo<\/li>\n<\/ul>\n<\/li>\n<\/ul>\n<ul>\n<li style=\"list-style-type: none;\">\n<ul>\n<li>Mostrar el nombre del modelo del pedal que est\u00e1 conectado a la aplicaci\u00f3n de escritorio<\/li>\n<\/ul>\n<\/li>\n<\/ul>\n<ul>\n<li style=\"list-style-type: none;\">\n<ul>\n<li>Se agreg\u00f3 un \u00edcono en la barra de reproducci\u00f3n para mostrar el estado del pedal conectado.<\/li>\n<\/ul>\n<\/li>\n<\/ul>\n<ul>\n<li style=\"list-style-type: none;\">\n<ul>\n<li>Se agreg\u00f3 la visualizaci\u00f3n del nombre de usuario de inicio de sesi\u00f3n en el men\u00fa de lista.<\/li>\n<\/ul>\n<\/li>\n<\/ul>\n<\/li>\n<\/ul>\n<\/li>\n<\/ul>\n<ul>\n<li style=\"list-style-type: none;\">\n<ul>\n<li>Arreglo del fallo\n<ul>\n<li style=\"list-style-type: none;\">\n<ul>\n<li>Se solucion\u00f3 el problema por el cual la posici\u00f3n de reproducci\u00f3n no se guardaba cuando el archivo estaba configurado como pendiente.<\/li>\n<\/ul>\n<\/li>\n<\/ul>\n<ul>\n<li style=\"list-style-type: none;\">\n<ul>\n<li>Se solucion\u00f3 el problema con el control del canal de audio (solo Windows)<\/li>\n<\/ul>\n<\/li>\n<\/ul>\n<\/li>\n<\/ul>\n<\/li>\n<\/ul>\n<ul>\n<li style=\"list-style-type: none;\">\n<ul>\n<li>Otros\n<ul>\n<li style=\"list-style-type: none;\">\n<ul>\n<li>Agregar compatibilidad con entornos virtuales para Terminal Service y Citrix XenApp (solo Windows)<\/li>\n<\/ul>\n<\/li>\n<\/ul>\n<\/li>\n<\/ul>\n<\/li>\n<\/ul>\n<p>12 de noviembre de 2024<br \/>\n<strong>Nube ODMS<\/strong><\/p>\n<ul>\n<li style=\"list-style-type: none;\">\n<ul>\n<li>Cambio de especificaci\u00f3n\n<ul>\n<li style=\"list-style-type: none;\">\n<ul>\n<li>Agregar una funci\u00f3n para revertir el estado de dictado Finalizado a Pendiente<\/li>\n<\/ul>\n<\/li>\n<\/ul>\n<\/li>\n<\/ul>\n<\/li>\n<\/ul>\n<p>28 de junio de 2024<br \/>\n<strong>Aplicaci\u00f3n de escritorio en la nube ODMS<\/strong><\/p>\n<ul>\n<li style=\"list-style-type: none;\">\n<ul>\n<li>Cambio de especificaci\u00f3n\n<ul>\n<li style=\"list-style-type: none;\">\n<ul>\n<li>Soporte para recibir correos electr\u00f3nicos desde DS-9500 (solo para transcriptores)<\/li>\n<\/ul>\n<\/li>\n<\/ul>\n<ul>\n<li style=\"list-style-type: none;\">\n<ul>\n<li>El editor de texto ya no se abrir\u00e1 cuando los transcriptores reproduzcan un archivo de dictado si no se especifica una plantilla en el flujo de trabajo.<\/li>\n<\/ul>\n<\/li>\n<\/ul>\n<ul>\n<li style=\"list-style-type: none;\">\n<ul>\n<li>Los archivos de dictado con estado Pendiente en la grabadora ya no se descargar\u00e1n.<\/li>\n<\/ul>\n<\/li>\n<\/ul>\n<\/li>\n<\/ul>\n<\/li>\n<\/ul>\n<p>17 de junio de 2024<br \/>\n<strong>Nube ODMS<\/strong><\/p>\n<ul>\n<li style=\"list-style-type: none;\">\n<ul>\n<li>Cambio de especificaci\u00f3n\n<ul>\n<li style=\"list-style-type: none;\">\n<ul>\n<li>Funci\u00f3n de registro masivo de usuarios<\/li>\n<\/ul>\n<\/li>\n<\/ul>\n<ul>\n<li style=\"list-style-type: none;\">\n<ul>\n<li>Editar el nombre del archivo de dictado<\/li>\n<\/ul>\n<\/li>\n<\/ul>\n<ul>\n<li style=\"list-style-type: none;\">\n<ul>\n<li>Eliminar archivo de dictado<\/li>\n<\/ul>\n<\/li>\n<\/ul>\n<ul>\n<li style=\"list-style-type: none;\">\n<ul>\n<li>Eliminar usuarios<\/li>\n<\/ul>\n<\/li>\n<\/ul>\n<ul>\n<li style=\"list-style-type: none;\">\n<ul>\n<li>Eliminar grupo de mecan\u00f3grafos<\/li>\n<\/ul>\n<\/li>\n<\/ul>\n<ul>\n<li style=\"list-style-type: none;\">\n<ul>\n<li>Eliminar archivo de plantilla<\/li>\n<\/ul>\n<\/li>\n<\/ul>\n<ul>\n<li style=\"list-style-type: none;\">\n<ul>\n<li>Editar informaci\u00f3n del socio<\/li>\n<\/ul>\n<\/li>\n<\/ul>\n<ul>\n<li style=\"list-style-type: none;\">\n<ul>\n<li>Eliminar socios<\/li>\n<\/ul>\n<\/li>\n<\/ul>\n<ul>\n<li style=\"list-style-type: none;\">\n<ul>\n<li>Eliminaci\u00f3n autom\u00e1tica del archivo de estado Finalizado<\/li>\n<\/ul>\n<\/li>\n<\/ul>\n<ul>\n<li style=\"list-style-type: none;\">\n<ul>\n<li>Funci\u00f3n de visualizaci\u00f3n de la capacidad de almacenamiento disponible y la capacidad de almacenamiento utilizada<\/li>\n<\/ul>\n<\/li>\n<\/ul>\n<ul>\n<li style=\"list-style-type: none;\">\n<ul>\n<li>Funci\u00f3n de advertencia por exceso de capacidad de almacenamiento<\/li>\n<\/ul>\n<\/li>\n<\/ul>\n<\/li>\n<\/ul>\n<\/li>\n<\/ul>","protected":false},"excerpt":{"rendered":"<p>April 21, 2025 ODMS Cloud Desktop App for Mac Bug Fix Fixed an issue that caused the Mac Desktop App to shut down due to a server error March 18, 2025 ODMS Cloud Desktop App Bug Fix Fixed an issue specific to the US market, related to RS-27H and RS-27 foot pedals January 27, 2025 [&hellip;]<\/p>\n","protected":false},"author":4,"featured_media":0,"parent":4353,"menu_order":0,"comment_status":"closed","ping_status":"closed","template":"","meta":{"ghostkit_customizer_options":"","ghostkit_custom_css":"","ghostkit_custom_js_head":"","ghostkit_custom_js_foot":"","ghostkit_typography":"","footnotes":""},"class_list":["post-5674","page","type-page","status-publish","hentry"],"yoast_head":"<!-- This site is optimized with the Yoast SEO plugin v27.3 - https:\/\/yoast.com\/product\/yoast-seo-wordpress\/ -->\n<title>ODMS Cloud Change Log - Professional Audio Support<\/title>\n<meta name=\"robots\" content=\"index, follow, max-snippet:-1, max-image-preview:large, max-video-preview:-1\" \/>\n<link rel=\"canonical\" href=\"https:\/\/audiosupport.omsystem.com\/es\/knowledge-base\/change-logs-software\/odms-cloud-change-log\/\" \/>\n<meta property=\"og:locale\" content=\"es_ES\" \/>\n<meta property=\"og:type\" content=\"article\" \/>\n<meta property=\"og:title\" content=\"ODMS Cloud Change Log - Professional Audio Support\" \/>\n<meta property=\"og:description\" content=\"April 21, 2025 ODMS Cloud Desktop App for Mac Bug Fix Fixed an issue that caused the Mac Desktop App to shut down due to a server error March 18, 2025 ODMS Cloud Desktop App Bug Fix Fixed an issue specific to the US market, related to RS-27H and RS-27 foot pedals January 27, 2025 [&hellip;]\" \/>\n<meta property=\"og:url\" content=\"https:\/\/audiosupport.omsystem.com\/es\/knowledge-base\/change-logs-software\/odms-cloud-change-log\/\" \/>\n<meta property=\"og:site_name\" content=\"Professional Audio Support\" \/>\n<meta property=\"article:modified_time\" content=\"2025-06-04T11:25:54+00:00\" \/>\n<meta name=\"twitter:card\" content=\"summary_large_image\" \/>\n<meta name=\"twitter:label1\" content=\"Tiempo de lectura\" \/>\n\t<meta name=\"twitter:data1\" content=\"2 minutos\" \/>\n<script type=\"application\/ld+json\" class=\"yoast-schema-graph\">{\"@context\":\"https:\\\/\\\/schema.org\",\"@graph\":[{\"@type\":\"WebPage\",\"@id\":\"https:\\\/\\\/audiosupport.omsystem.com\\\/knowledge-base\\\/change-logs-software\\\/odms-cloud-change-log\\\/\",\"url\":\"https:\\\/\\\/audiosupport.omsystem.com\\\/knowledge-base\\\/change-logs-software\\\/odms-cloud-change-log\\\/\",\"name\":\"ODMS Cloud Change Log - Professional Audio Support\",\"isPartOf\":{\"@id\":\"https:\\\/\\\/audiosupport.omsystem.com\\\/en\\\/#website\"},\"datePublished\":\"2024-06-17T11:11:13+00:00\",\"dateModified\":\"2025-06-04T11:25:54+00:00\",\"breadcrumb\":{\"@id\":\"https:\\\/\\\/audiosupport.omsystem.com\\\/knowledge-base\\\/change-logs-software\\\/odms-cloud-change-log\\\/#breadcrumb\"},\"inLanguage\":\"es\",\"potentialAction\":[{\"@type\":\"ReadAction\",\"target\":[\"https:\\\/\\\/audiosupport.omsystem.com\\\/knowledge-base\\\/change-logs-software\\\/odms-cloud-change-log\\\/\"]}]},{\"@type\":\"BreadcrumbList\",\"@id\":\"https:\\\/\\\/audiosupport.omsystem.com\\\/knowledge-base\\\/change-logs-software\\\/odms-cloud-change-log\\\/#breadcrumb\",\"itemListElement\":[{\"@type\":\"ListItem\",\"position\":1,\"name\":\"Home\",\"item\":\"https:\\\/\\\/audiosupport.omsystem.com\\\/\"},{\"@type\":\"ListItem\",\"position\":2,\"name\":\"Knowledge Base\",\"item\":\"https:\\\/\\\/audiosupport.omsystem.com\\\/knowledge-base\\\/\"},{\"@type\":\"ListItem\",\"position\":3,\"name\":\"Change Logs: Software\",\"item\":\"https:\\\/\\\/audiosupport.omsystem.com\\\/knowledge-base\\\/change-logs-software\\\/\"},{\"@type\":\"ListItem\",\"position\":4,\"name\":\"ODMS Cloud Change Log\"}]},{\"@type\":\"WebSite\",\"@id\":\"https:\\\/\\\/audiosupport.omsystem.com\\\/en\\\/#website\",\"url\":\"https:\\\/\\\/audiosupport.omsystem.com\\\/en\\\/\",\"name\":\"Professional Audio Support\",\"description\":\"OM Digital Solutions\",\"potentialAction\":[{\"@type\":\"SearchAction\",\"target\":{\"@type\":\"EntryPoint\",\"urlTemplate\":\"https:\\\/\\\/audiosupport.omsystem.com\\\/en\\\/?s={search_term_string}\"},\"query-input\":{\"@type\":\"PropertyValueSpecification\",\"valueRequired\":true,\"valueName\":\"search_term_string\"}}],\"inLanguage\":\"es\"}]}<\/script>\n<!-- \/ Yoast SEO plugin. -->","yoast_head_json":{"title":"Registro de cambios de ODMS Cloud: soporte de audio profesional","robots":{"index":"index","follow":"follow","max-snippet":"max-snippet:-1","max-image-preview":"max-image-preview:large","max-video-preview":"max-video-preview:-1"},"canonical":"https:\/\/audiosupport.omsystem.com\/es\/knowledge-base\/change-logs-software\/odms-cloud-change-log\/","og_locale":"es_ES","og_type":"article","og_title":"ODMS Cloud Change Log - Professional Audio Support","og_description":"April 21, 2025 ODMS Cloud Desktop App for Mac Bug Fix Fixed an issue that caused the Mac Desktop App to shut down due to a server error March 18, 2025 ODMS Cloud Desktop App Bug Fix Fixed an issue specific to the US market, related to RS-27H and RS-27 foot pedals January 27, 2025 [&hellip;]","og_url":"https:\/\/audiosupport.omsystem.com\/es\/knowledge-base\/change-logs-software\/odms-cloud-change-log\/","og_site_name":"Professional Audio Support","article_modified_time":"2025-06-04T11:25:54+00:00","twitter_card":"summary_large_image","twitter_misc":{"Tiempo de lectura":"2 minutos"},"schema":{"@context":"https:\/\/schema.org","@graph":[{"@type":"WebPage","@id":"https:\/\/audiosupport.omsystem.com\/knowledge-base\/change-logs-software\/odms-cloud-change-log\/","url":"https:\/\/audiosupport.omsystem.com\/knowledge-base\/change-logs-software\/odms-cloud-change-log\/","name":"Registro de cambios de ODMS Cloud: soporte de audio profesional","isPartOf":{"@id":"https:\/\/audiosupport.omsystem.com\/en\/#website"},"datePublished":"2024-06-17T11:11:13+00:00","dateModified":"2025-06-04T11:25:54+00:00","breadcrumb":{"@id":"https:\/\/audiosupport.omsystem.com\/knowledge-base\/change-logs-software\/odms-cloud-change-log\/#breadcrumb"},"inLanguage":"es","potentialAction":[{"@type":"ReadAction","target":["https:\/\/audiosupport.omsystem.com\/knowledge-base\/change-logs-software\/odms-cloud-change-log\/"]}]},{"@type":"BreadcrumbList","@id":"https:\/\/audiosupport.omsystem.com\/knowledge-base\/change-logs-software\/odms-cloud-change-log\/#breadcrumb","itemListElement":[{"@type":"ListItem","position":1,"name":"Home","item":"https:\/\/audiosupport.omsystem.com\/"},{"@type":"ListItem","position":2,"name":"Knowledge Base","item":"https:\/\/audiosupport.omsystem.com\/knowledge-base\/"},{"@type":"ListItem","position":3,"name":"Change Logs: Software","item":"https:\/\/audiosupport.omsystem.com\/knowledge-base\/change-logs-software\/"},{"@type":"ListItem","position":4,"name":"ODMS Cloud Change Log"}]},{"@type":"WebSite","@id":"https:\/\/audiosupport.omsystem.com\/en\/#website","url":"https:\/\/audiosupport.omsystem.com\/en\/","name":"Soporte de audio profesional","description":"Soluciones digitales OM","potentialAction":[{"@type":"SearchAction","target":{"@type":"EntryPoint","urlTemplate":"https:\/\/audiosupport.omsystem.com\/en\/?s={search_term_string}"},"query-input":{"@type":"PropertyValueSpecification","valueRequired":true,"valueName":"search_term_string"}}],"inLanguage":"es"}]}},"_links":{"self":[{"href":"https:\/\/audiosupport.omsystem.com\/es\/wp-json\/wp\/v2\/pages\/5674","targetHints":{"allow":["GET"]}}],"collection":[{"href":"https:\/\/audiosupport.omsystem.com\/es\/wp-json\/wp\/v2\/pages"}],"about":[{"href":"https:\/\/audiosupport.omsystem.com\/es\/wp-json\/wp\/v2\/types\/page"}],"author":[{"embeddable":true,"href":"https:\/\/audiosupport.omsystem.com\/es\/wp-json\/wp\/v2\/users\/4"}],"replies":[{"embeddable":true,"href":"https:\/\/audiosupport.omsystem.com\/es\/wp-json\/wp\/v2\/comments?post=5674"}],"version-history":[{"count":16,"href":"https:\/\/audiosupport.omsystem.com\/es\/wp-json\/wp\/v2\/pages\/5674\/revisions"}],"predecessor-version":[{"id":6328,"href":"https:\/\/audiosupport.omsystem.com\/es\/wp-json\/wp\/v2\/pages\/5674\/revisions\/6328"}],"up":[{"embeddable":true,"href":"https:\/\/audiosupport.omsystem.com\/es\/wp-json\/wp\/v2\/pages\/4353"}],"wp:attachment":[{"href":"https:\/\/audiosupport.omsystem.com\/es\/wp-json\/wp\/v2\/media?parent=5674"}],"curies":[{"name":"gracias","href":"https:\/\/api.w.org\/{rel}","templated":true}]}}