{"id":4405,"date":"2022-03-23T21:25:00","date_gmt":"2022-03-23T21:25:00","guid":{"rendered":"https:\/\/audiosupport.omsystem.com\/?page_id=4405"},"modified":"2022-03-23T21:25:02","modified_gmt":"2022-03-23T21:25:02","slug":"rct-change-log","status":"publish","type":"page","link":"https:\/\/audiosupport.omsystem.com\/es\/knowledge-base\/change-logs-software\/rct-change-log\/","title":{"rendered":"Registro de cambios de ECA"},"content":{"rendered":"<p>14 de junio de 2021<br><strong>ECA 1.0.3<\/strong><\/p>\n\n\n\n<ul class=\"wp-block-list\"><li>Se corrigi\u00f3 un error que provocaba un error al intentar configurar RecMics con RCT, despu\u00e9s de iniciar o cerrar ODMS cuando RCT est\u00e1 activo como programa residente.<\/li><li>El nombre de la empresa se ha cambiado a OMDS.<\/li><\/ul>\n\n\n\n<p>11 de enero de 2019<br><strong>ECA 1.0.2<\/strong><\/p>\n\n\n\n<ul class=\"wp-block-list\"><li>Se solucion\u00f3 un problema por el cual Dragon no se iniciaba correctamente si RCT estaba instalado en la m\u00e1quina.<\/li><li>Se solucion\u00f3 el problema de que si configura una tecla de m\u00e9todo abreviado que incluye la tecla Alt desde la pesta\u00f1a Control de aplicaciones, el m\u00e9todo abreviado de teclado no se enviar\u00e1 correctamente si el usuario est\u00e1 usando la aplicaci\u00f3n en un entorno de teclado europeo.<\/li><\/ul>\n\n\n\n<p>22 de agosto de 2017<br><strong>ECA 1.0.1<\/strong><\/p>\n\n\n\n<ul class=\"wp-block-list\"><li>Se mejor\u00f3 la estabilidad del software.<\/li><\/ul>\n\n\n\n<p>10 de julio de 2017<br><strong>ECA 1.0.0<\/strong><\/p>\n\n\n\n<ul class=\"wp-block-list\"><li>Primer lanzamiento<\/li><\/ul>","protected":false},"excerpt":{"rendered":"<p>June 14, 2021RCT 1.0.3 Fixed a bug that an error occurs when trying to set the RecMics with RCT, after starting or closing ODMS when the RCT is active as a resident program. Company name has been changed to OMDS. January 11, 2019RCT 1.0.2 Fixed an issue where Dragon would not start properly is RCT [&hellip;]<\/p>\n","protected":false},"author":1,"featured_media":0,"parent":4353,"menu_order":0,"comment_status":"closed","ping_status":"closed","template":"","meta":{"ghostkit_customizer_options":"","ghostkit_custom_css":"","ghostkit_custom_js_head":"","ghostkit_custom_js_foot":"","ghostkit_typography":"","footnotes":""},"class_list":["post-4405","page","type-page","status-publish","hentry"],"yoast_head":"<!-- This site is optimized with the Yoast SEO plugin v27.4 - https:\/\/yoast.com\/product\/yoast-seo-wordpress\/ -->\n<title>RCT Change Log - Professional Audio Support<\/title>\n<meta name=\"robots\" content=\"index, follow, max-snippet:-1, max-image-preview:large, max-video-preview:-1\" \/>\n<link rel=\"canonical\" href=\"https:\/\/audiosupport.omsystem.com\/es\/knowledge-base\/change-logs-software\/rct-change-log\/\" \/>\n<meta property=\"og:locale\" content=\"es_ES\" \/>\n<meta property=\"og:type\" content=\"article\" \/>\n<meta property=\"og:title\" content=\"RCT Change Log - Professional Audio Support\" \/>\n<meta property=\"og:description\" content=\"June 14, 2021RCT 1.0.3 Fixed a bug that an error occurs when trying to set the RecMics with RCT, after starting or closing ODMS when the RCT is active as a resident program. Company name has been changed to OMDS. January 11, 2019RCT 1.0.2 Fixed an issue where Dragon would not start properly is RCT [&hellip;]\" \/>\n<meta property=\"og:url\" content=\"https:\/\/audiosupport.omsystem.com\/es\/knowledge-base\/change-logs-software\/rct-change-log\/\" \/>\n<meta property=\"og:site_name\" content=\"Professional Audio Support\" \/>\n<meta property=\"article:modified_time\" content=\"2022-03-23T21:25:02+00:00\" \/>\n<meta name=\"twitter:card\" content=\"summary_large_image\" \/>\n<meta name=\"twitter:label1\" content=\"Tiempo de lectura\" \/>\n\t<meta name=\"twitter:data1\" content=\"1 minuto\" \/>\n<script type=\"application\/ld+json\" class=\"yoast-schema-graph\">{\"@context\":\"https:\\\/\\\/schema.org\",\"@graph\":[{\"@type\":\"WebPage\",\"@id\":\"https:\\\/\\\/audiosupport.omsystem.com\\\/knowledge-base\\\/change-logs-software\\\/rct-change-log\\\/\",\"url\":\"https:\\\/\\\/audiosupport.omsystem.com\\\/knowledge-base\\\/change-logs-software\\\/rct-change-log\\\/\",\"name\":\"RCT Change Log - Professional Audio Support\",\"isPartOf\":{\"@id\":\"https:\\\/\\\/audiosupport.omsystem.com\\\/en\\\/#website\"},\"datePublished\":\"2022-03-23T21:25:00+00:00\",\"dateModified\":\"2022-03-23T21:25:02+00:00\",\"breadcrumb\":{\"@id\":\"https:\\\/\\\/audiosupport.omsystem.com\\\/knowledge-base\\\/change-logs-software\\\/rct-change-log\\\/#breadcrumb\"},\"inLanguage\":\"es\",\"potentialAction\":[{\"@type\":\"ReadAction\",\"target\":[\"https:\\\/\\\/audiosupport.omsystem.com\\\/knowledge-base\\\/change-logs-software\\\/rct-change-log\\\/\"]}]},{\"@type\":\"BreadcrumbList\",\"@id\":\"https:\\\/\\\/audiosupport.omsystem.com\\\/knowledge-base\\\/change-logs-software\\\/rct-change-log\\\/#breadcrumb\",\"itemListElement\":[{\"@type\":\"ListItem\",\"position\":1,\"name\":\"Home\",\"item\":\"https:\\\/\\\/audiosupport.omsystem.com\\\/\"},{\"@type\":\"ListItem\",\"position\":2,\"name\":\"Knowledge Base\",\"item\":\"https:\\\/\\\/audiosupport.omsystem.com\\\/knowledge-base\\\/\"},{\"@type\":\"ListItem\",\"position\":3,\"name\":\"Change Logs: Software\",\"item\":\"https:\\\/\\\/audiosupport.omsystem.com\\\/knowledge-base\\\/change-logs-software\\\/\"},{\"@type\":\"ListItem\",\"position\":4,\"name\":\"RCT Change Log\"}]},{\"@type\":\"WebSite\",\"@id\":\"https:\\\/\\\/audiosupport.omsystem.com\\\/en\\\/#website\",\"url\":\"https:\\\/\\\/audiosupport.omsystem.com\\\/en\\\/\",\"name\":\"Professional Audio Support\",\"description\":\"OM Digital Solutions\",\"potentialAction\":[{\"@type\":\"SearchAction\",\"target\":{\"@type\":\"EntryPoint\",\"urlTemplate\":\"https:\\\/\\\/audiosupport.omsystem.com\\\/en\\\/?s={search_term_string}\"},\"query-input\":{\"@type\":\"PropertyValueSpecification\",\"valueRequired\":true,\"valueName\":\"search_term_string\"}}],\"inLanguage\":\"es\"}]}<\/script>\n<!-- \/ Yoast SEO plugin. -->","yoast_head_json":{"title":"Registro de cambios de RCT - Soporte de audio profesional","robots":{"index":"index","follow":"follow","max-snippet":"max-snippet:-1","max-image-preview":"max-image-preview:large","max-video-preview":"max-video-preview:-1"},"canonical":"https:\/\/audiosupport.omsystem.com\/es\/knowledge-base\/change-logs-software\/rct-change-log\/","og_locale":"es_ES","og_type":"article","og_title":"RCT Change Log - Professional Audio Support","og_description":"June 14, 2021RCT 1.0.3 Fixed a bug that an error occurs when trying to set the RecMics with RCT, after starting or closing ODMS when the RCT is active as a resident program. Company name has been changed to OMDS. January 11, 2019RCT 1.0.2 Fixed an issue where Dragon would not start properly is RCT [&hellip;]","og_url":"https:\/\/audiosupport.omsystem.com\/es\/knowledge-base\/change-logs-software\/rct-change-log\/","og_site_name":"Professional Audio Support","article_modified_time":"2022-03-23T21:25:02+00:00","twitter_card":"summary_large_image","twitter_misc":{"Tiempo de lectura":"1 minuto"},"schema":{"@context":"https:\/\/schema.org","@graph":[{"@type":"WebPage","@id":"https:\/\/audiosupport.omsystem.com\/knowledge-base\/change-logs-software\/rct-change-log\/","url":"https:\/\/audiosupport.omsystem.com\/knowledge-base\/change-logs-software\/rct-change-log\/","name":"Registro de cambios de RCT - Soporte de audio profesional","isPartOf":{"@id":"https:\/\/audiosupport.omsystem.com\/en\/#website"},"datePublished":"2022-03-23T21:25:00+00:00","dateModified":"2022-03-23T21:25:02+00:00","breadcrumb":{"@id":"https:\/\/audiosupport.omsystem.com\/knowledge-base\/change-logs-software\/rct-change-log\/#breadcrumb"},"inLanguage":"es","potentialAction":[{"@type":"ReadAction","target":["https:\/\/audiosupport.omsystem.com\/knowledge-base\/change-logs-software\/rct-change-log\/"]}]},{"@type":"BreadcrumbList","@id":"https:\/\/audiosupport.omsystem.com\/knowledge-base\/change-logs-software\/rct-change-log\/#breadcrumb","itemListElement":[{"@type":"ListItem","position":1,"name":"Home","item":"https:\/\/audiosupport.omsystem.com\/"},{"@type":"ListItem","position":2,"name":"Knowledge Base","item":"https:\/\/audiosupport.omsystem.com\/knowledge-base\/"},{"@type":"ListItem","position":3,"name":"Change Logs: Software","item":"https:\/\/audiosupport.omsystem.com\/knowledge-base\/change-logs-software\/"},{"@type":"ListItem","position":4,"name":"RCT Change Log"}]},{"@type":"WebSite","@id":"https:\/\/audiosupport.omsystem.com\/en\/#website","url":"https:\/\/audiosupport.omsystem.com\/en\/","name":"Soporte de audio profesional","description":"Soluciones digitales OM","potentialAction":[{"@type":"SearchAction","target":{"@type":"EntryPoint","urlTemplate":"https:\/\/audiosupport.omsystem.com\/en\/?s={search_term_string}"},"query-input":{"@type":"PropertyValueSpecification","valueRequired":true,"valueName":"search_term_string"}}],"inLanguage":"es"}]}},"_links":{"self":[{"href":"https:\/\/audiosupport.omsystem.com\/es\/wp-json\/wp\/v2\/pages\/4405","targetHints":{"allow":["GET"]}}],"collection":[{"href":"https:\/\/audiosupport.omsystem.com\/es\/wp-json\/wp\/v2\/pages"}],"about":[{"href":"https:\/\/audiosupport.omsystem.com\/es\/wp-json\/wp\/v2\/types\/page"}],"author":[{"embeddable":true,"href":"https:\/\/audiosupport.omsystem.com\/es\/wp-json\/wp\/v2\/users\/1"}],"replies":[{"embeddable":true,"href":"https:\/\/audiosupport.omsystem.com\/es\/wp-json\/wp\/v2\/comments?post=4405"}],"version-history":[{"count":1,"href":"https:\/\/audiosupport.omsystem.com\/es\/wp-json\/wp\/v2\/pages\/4405\/revisions"}],"predecessor-version":[{"id":4406,"href":"https:\/\/audiosupport.omsystem.com\/es\/wp-json\/wp\/v2\/pages\/4405\/revisions\/4406"}],"up":[{"embeddable":true,"href":"https:\/\/audiosupport.omsystem.com\/es\/wp-json\/wp\/v2\/pages\/4353"}],"wp:attachment":[{"href":"https:\/\/audiosupport.omsystem.com\/es\/wp-json\/wp\/v2\/media?parent=4405"}],"curies":[{"name":"gracias","href":"https:\/\/api.w.org\/{rel}","templated":true}]}}