{"id":4398,"date":"2022-03-23T21:14:40","date_gmt":"2022-03-23T21:14:40","guid":{"rendered":"https:\/\/audiosupport.omsystem.com\/?page_id=4398"},"modified":"2022-03-23T21:22:54","modified_gmt":"2022-03-23T21:22:54","slug":"odds-change-log","status":"publish","type":"page","link":"https:\/\/audiosupport.omsystem.com\/es\/knowledge-base\/change-logs-software\/odds-change-log\/","title":{"rendered":"Registro de cambios de cuotas"},"content":{"rendered":"<p>19 de agosto de 2021<br><strong>Aplicaci\u00f3n de dictado Olympus 2.1.1<\/strong><\/p>\n\n\n\n<ul class=\"wp-block-list\"><li>Se solucion\u00f3 el problema de que OD no se iniciaba en el iPod Touch con iOS9.<\/li><\/ul>\n\n\n\n<p>14 de julio de 2021<br><strong>Portal de dictado de Olympus \u2013 julio<\/strong><\/p>\n\n\n\n<ul class=\"wp-block-list\"><li>Se ha fortalecido la capacidad de procesamiento en el servidor ODP.<\/li><li>Se ha mejorado la funci\u00f3n de notificaci\u00f3n.<\/li><li>Se ha agregado un modo de mantenimiento a ODP para la transparencia de cualquier problema y su tiempo de resoluci\u00f3n.<\/li><li>Mejoramos nuestra funci\u00f3n interna de monitoreo de Health Check para notificaciones y advertencias avanzadas.<\/li><li>El per\u00edodo de prueba se ha cambiado de 60 d\u00edas a 30 d\u00edas.<\/li><li>El mensaje C-102 (Error de transmisi\u00f3n) ya no se enviar\u00e1 a los revendedores.<\/li><\/ul>\n\n\n\n<p>14 de julio de 2021<br><strong>Aplicaci\u00f3n de dictado Olympus 2.1.0<\/strong><\/p>\n\n\n\n<ul class=\"wp-block-list\"><li>Se agregaron funciones de notificaci\u00f3n para notificar autom\u00e1ticamente a los usuarios sobre retrasos en el env\u00edo y ventanas de mantenimiento.<\/li><li>Se elimin\u00f3 la limitaci\u00f3n en la cantidad de caracteres en el dominio al ingresar manualmente la direcci\u00f3n de correo electr\u00f3nico en OD.<\/li><li>Se agreg\u00f3 soporte para Android 11.0.<\/li><\/ul>\n\n\n\n<p>14 de julio de 2021<br><strong>Aplicaci\u00f3n de dictado Olympus 2.1.0<\/strong><\/p>\n\n\n\n<ul class=\"wp-block-list\"><li>Se agregaron funciones de notificaci\u00f3n para notificar autom\u00e1ticamente a los usuarios sobre retrasos en el env\u00edo y ventanas de mantenimiento.<\/li><li>Se elimin\u00f3 la limitaci\u00f3n en la cantidad de caracteres en el dominio al ingresar manualmente la direcci\u00f3n de correo electr\u00f3nico en OD.<\/li><li>Se solucion\u00f3 un problema por el cual la hora de inicio de la grabaci\u00f3n era cuando se creaba un nuevo archivo en lugar del inicio real de la grabaci\u00f3n.<\/li><\/ul>\n\n\n\n<p>14 de septiembre de 2020<br><strong>Actualizaci\u00f3n de septiembre del portal de dictado de Olympus<\/strong><\/p>\n\n\n\n<ul class=\"wp-block-list\"><li>Esta actualizaci\u00f3n resuelve un problema por el cual los archivos no se pod\u00edan enviar desde ODP a un servidor expl\u00edcito de FTPS.<\/li><\/ul>\n\n\n\n<p>30 de julio de 2020<br><strong>Aplicaci\u00f3n de dictado Olympus 2.0.1<\/strong><\/p>\n\n\n\n<ul class=\"wp-block-list\"><li>Cambi\u00f3 la visualizaci\u00f3n de la configuraci\u00f3n de opciones al agregar Destinatarios adicionales.<\/li><\/ul>\n\n\n\n<p>27 de julio de 2020<br><strong>Aplicaci\u00f3n de dictado Olympus 2.0.1<\/strong><\/p>\n\n\n\n<ul class=\"wp-block-list\"><li>Cambi\u00f3 la visualizaci\u00f3n de la configuraci\u00f3n de opciones al agregar Destinatarios adicionales.<\/li><\/ul>\n\n\n\n<p>14 de noviembre de 2019<br><strong>Aplicaci\u00f3n de dictado Olympus 2.0.0<\/strong><\/p>\n\n\n\n<ul class=\"wp-block-list\"><li>Se agreg\u00f3 la capacidad de crear una cuenta y configurar una prueba a trav\u00e9s de la aplicaci\u00f3n<\/li><\/ul>\n\n\n\n<p>7 de noviembre de 2019<br><strong>Portal de dictado Olympus R2.3<\/strong><\/p>\n\n\n\n<ul class=\"wp-block-list\"><li>Proceso de registro de cuenta mejorado.<\/li><li>Prueba gratuita de 60 d\u00edas<\/li><li>Se agreg\u00f3 la capacidad de seleccionar de una lista de distribuidores, una vez que finaliza la prueba.<\/li><li>Las licencias vencidas permanecen archivadas durante 90 d\u00edas, por lo que si el cliente no habilit\u00f3 la renovaci\u00f3n, simplemente puede migrar la configuraci\u00f3n de su licencia archivada a su nueva licencia.<\/li><\/ul>\n\n\n\n<p>7 de noviembre de 2019<br><strong>Aplicaci\u00f3n de dictado Olympus 2.0.0<\/strong><\/p>\n\n\n\n<ul class=\"wp-block-list\"><li>Se agreg\u00f3 la capacidad de crear una cuenta y configurar una prueba a trav\u00e9s de la aplicaci\u00f3n<\/li><\/ul>\n\n\n\n<p>23 de abril de 2019<br><strong>Aplicaci\u00f3n de dictado Olympus 1.3.1<\/strong><\/p>\n\n\n\n<ul class=\"wp-block-list\"><li>Pol\u00edtica de privacidad revisada.<\/li><\/ul>\n\n\n\n<p>6 de febrero de 2019<br><strong>Aplicaci\u00f3n de dictado Olympus 1.3.1<\/strong><\/p>\n\n\n\n<ul class=\"wp-block-list\"><li>Se solucion\u00f3 el problema de que, en Android 7, OD elimina los archivos de voz existentes del tel\u00e9fono inteligente cuando la aplicaci\u00f3n se actualiza de la versi\u00f3n anterior de OD a la versi\u00f3n 1.3.0.<\/li><li>Se solucion\u00f3 un problema que lleva mucho tiempo iniciar la aplicaci\u00f3n.<\/li><li>Se solucion\u00f3 el problema de que la aplicaci\u00f3n no funciona correctamente despu\u00e9s de reanudarse desde el modo de suspensi\u00f3n.<\/li><li>Se solucion\u00f3 el problema de que la aplicaci\u00f3n no se reproduce correctamente despu\u00e9s de sobrescribir la grabaci\u00f3n.<\/li><\/ul>\n\n\n\n<p>11 de enero de 2019<br><strong>Aplicaci\u00f3n de dictado Olympus 1.3.0<\/strong><\/p>\n\n\n\n<ul class=\"wp-block-list\"><li>Correcciones m\u00faltiples<\/li><li>Se solucion\u00f3 el problema de que OD no reconoce algunas tarjetas FlashAir.<\/li><li>Se solucion\u00f3 el problema de que algunos tel\u00e9fonos inteligentes no pueden conectarse a la tarjeta FlashAir.<\/li><li>Se solucion\u00f3 el problema de que el tono de llamada aumenta 2 pasos cuando deja de grabar.<\/li><li>Se solucion\u00f3 el problema de que la aplicaci\u00f3n se bloquea cuando un archivo se convierte en formato .AMR para la transferencia de correo.<\/li><li>OD Ver1.3.0 ahora es compatible con Android 8 y 9.<\/li><li>Fin del soporte para Android 4.4 o anterior<\/li><li>Cuando se lance OD Ver1.3.0, los usuarios que usen Android 4.4 o versiones anteriores ya no podr\u00e1n descargar OD de Google Play Store.<\/li><li>Los usuarios que tienen Android Ver4.4 o una versi\u00f3n anterior pueden continuar usando la versi\u00f3n anterior de OD si ya la tienen instalada.<\/li><li>Recomendamos a los usuarios que actualicen su dispositivo a Android 5 o posterior.<\/li><li>La compatibilidad con TLS1.0 finalizar\u00e1 el 31 de mayo de 2019.<\/li><li>Debido a las instrucciones de Olympus Corporate, tendremos que finalizar el soporte para TLS 1.0<\/li><li>(Transport Layer Security) seg\u00fan la \u00faltima pol\u00edtica de seguridad.<\/li><li>Los usuarios que contin\u00faen usando OD en Android Ver.4.4 o anterior ya no podr\u00e1n enviar dictados despu\u00e9s de junio de 2019. En este punto, los usuarios deben actualizar su dispositivo a Android 5 o posterior para usar el servicio.<\/li><\/ul>\n\n\n\n<p>20 de diciembre de 2018<br><strong>Aplicaci\u00f3n de dictado Olympus 1.3.0<\/strong><\/p>\n\n\n\n<ul class=\"wp-block-list\"><li>Soporte completo de iOS 12.1<\/li><li>Soluciona el problema con los derechos de permiso.<\/li><li>Acceso a la funci\u00f3n de micr\u00f3fono.<\/li><li>Acceso a la funci\u00f3n de c\u00e1mara.<\/li><li>Acceso a las im\u00e1genes guardadas.<\/li><li>Compatibilidad con Super Retina Display, que se introdujo con el iPhoneX.<\/li><\/ul>\n\n\n\n<p>2 de septiembre de 2016<br><strong>Aplicaci\u00f3n de dictado Olympus 1.2.3<\/strong><\/p>\n\n\n\n<ul class=\"wp-block-list\"><li>Soporte para la \u00faltima tarjeta FlashAir agregada<\/li><\/ul>\n\n\n\n<p>2 de septiembre de 2016<br><strong>Aplicaci\u00f3n de dictado Olympus 1.2.1<\/strong><\/p>\n\n\n\n<ul class=\"wp-block-list\"><li>Soporte para la \u00faltima tarjeta FlashAir agregada<\/li><\/ul>\n\n\n\n<p>12 de agosto de 2016<br><strong>Aplicaci\u00f3n de dictado Olympus 1.2.2<\/strong><\/p>\n\n\n\n<ul class=\"wp-block-list\"><li>Se estabiliz\u00f3 la conectividad entre FlashAir y Android 6.0<\/li><\/ul>\n\n\n\n<p>23 de marzo de 2016<br><strong>Aplicaci\u00f3n de dictado Olympus 1.2.1<\/strong><\/p>\n\n\n\n<ul class=\"wp-block-list\"><li>Seguridad mejorada en la validaci\u00f3n de certificados SSL<\/li><\/ul>\n\n\n\n<p>9 de julio de 2015<br><strong>Aplicaci\u00f3n de dictado Olympus 1.2.0<\/strong><\/p>\n\n\n\n<p>2 de diciembre de 2014<br><strong>Aplicaci\u00f3n de dictado Olympus 1.1.2<\/strong><\/p>\n\n\n\n<ul class=\"wp-block-list\"><li>Se solucion\u00f3 un problema por el cual la funci\u00f3n VCVA hac\u00eda que la aplicaci\u00f3n fallara.<\/li><li>Se corrigi\u00f3 el retraso en la grabaci\u00f3n.<\/li><\/ul>\n\n\n\n<p>27 de mayo de 2014<br><strong>Aplicaci\u00f3n de dictado Olympus 1.0.3<\/strong><\/p>\n\n\n\n<ul class=\"wp-block-list\"><li>Se agreg\u00f3 compatibilidad con FlashAir 10.<\/li><\/ul>\n\n\n\n<p>27 de mayo de 2014<br><strong>Aplicaci\u00f3n de dictado Olympus 1.1.1<\/strong><\/p>\n\n\n\n<ul class=\"wp-block-list\"><li>Se agreg\u00f3 compatibilidad con FlashAir 10.<\/li><\/ul>\n\n\n\n<p>9 de abril de 2014<br><strong>Aplicaci\u00f3n de dictado Olympus 1.0.2<\/strong><\/p>\n\n\n\n<ul class=\"wp-block-list\"><li>Se solucion\u00f3 el problema experimentado al insertar en una grabaci\u00f3n<\/li><\/ul>\n\n\n\n<p>10 de marzo de 2014<br><strong>Portal de dictado Olympus R2.2<\/strong><\/p>\n\n\n\n<ul class=\"wp-block-list\"><li>El enlace &quot;T\u00e9rminos de uso&quot; durante el proceso de registro ahora aparece como un enlace cuando el cursor est\u00e1 sobre el texto. Anteriormente, no estaba claro que el texto fuera un enlace.<\/li><li>En Outlook 2010, el correo electr\u00f3nico de contrase\u00f1a temporal no se muestra correctamente. Esto ahora ha sido resuelto.<\/li><\/ul>\n\n\n\n<p>27 de febrero de 2014<br><strong>Portal de dictado Olympus R2.1<\/strong><\/p>\n\n\n\n<ul class=\"wp-block-list\"><li>Los archivos CSV ahora se pueden importar en diferentes idiomas. En versiones anteriores, esto solo funcionaba en ingl\u00e9s, ya que el Portal no pod\u00eda manejar la configuraci\u00f3n de cifrado en otros idiomas.<\/li><li>Anteriormente, en la ventana de configuraci\u00f3n de correo electr\u00f3nico<\/li><\/ul>\n\n\n\n<p>2 de enero de 2014<br><strong>Aplicaci\u00f3n de dictado Olympus 1.1.0<\/strong><\/p>\n\n\n\n<ul class=\"wp-block-list\"><li>Soporte iOS7<\/li><li>Se modific\u00f3 el mensaje de alerta al enviar dictados para que diga \u201cLa transmisi\u00f3n del archivo puede suspenderse si se presiona el bot\u00f3n Inicio\/Suspender. Aparece una notificaci\u00f3n en tal evento. Toca la notificaci\u00f3n para reanudar\u201d.<\/li><li>Cuando un usuario presiona el bot\u00f3n Home\/Sleep durante el env\u00edo de un archivo, la aplicaci\u00f3n entra en el<\/li><li>fondo y continuar\u00e1 envi\u00e1ndose por un per\u00edodo de tiempo limitado. Si la transmisi\u00f3n del archivo no se ha completado en este tiempo, el usuario recibir\u00e1 una notificaci\u00f3n que le indicar\u00e1 que complete la transmisi\u00f3n del archivo.<\/li><li>Los archivos de m\u00e1s de 200 MB no se pueden enviar al ODP cuando se seleccionan archivos de una tarjeta FlashAir de mayor tama\u00f1o.<\/li><li>que este tama\u00f1o, se muestra un mensaje de error.<\/li><\/ul>\n\n\n\n<p>16 de diciembre de 2013<br><strong>Portal de dictado Olympus R2<\/strong><\/p>\n\n\n\n<ul class=\"wp-block-list\"><li>Los distribuidores ahora pueden emitir hasta 100 licencias de prueba, en lugar de 3.<\/li><li>Los clientes deb\u00edan aceptar el EULA cuando solicitaron una licencia est\u00e1ndar por primera vez. Los clientes tambi\u00e9n deb\u00edan estar de acuerdo con EURA tambi\u00e9n cuando crean su cuenta ODP.<\/li><li>Con la nueva versi\u00f3n, los Clientes deben aceptar EURA solo una vez cuando abren su cuenta ODP.<\/li><li>El cliente ahora recibe un correo electr\u00f3nico de &quot;Bienvenida&quot; despu\u00e9s de haber realizado la configuraci\u00f3n inicial, en el<\/li><li>Pantalla &quot;Cambiar contrase\u00f1a de tel\u00e9fono inteligente&quot; se les indica que consulten este correo electr\u00f3nico.<\/li><li>Se muestra una gu\u00eda de contrase\u00f1a en todas las ventanas donde se ingresa una nueva contrase\u00f1a.<\/li><li>Se eliminaron las restricciones para deshabilitar cuentas, ahora las cuentas se pueden deshabilitar en cualquier momento.<\/li><li>Ahora se puede incluir un n\u00famero de orden de compra al emitir una licencia est\u00e1ndar.<\/li><li>El proceso de notificaci\u00f3n de renovaci\u00f3n ha cambiado.<\/li><li>El campo BCC para cuentas ahora est\u00e1 disponible para notificaciones de emisi\u00f3n de licencias.<\/li><li>Los usuarios ahora reciben un mensaje de advertencia cuando salen de una ventana, para confirmar que quieren salir sin guardar los cambios.<\/li><li>Los distribuidores, pa\u00edses y BC ahora tambi\u00e9n pueden recuperar licencias que hayan emitido a una cuenta debajo de ellos<\/li><li>Se agrega soporte para Austria, Suiza, Sud\u00e1frica, Pa\u00edses Bajos, B\u00e9lgica, Dinamarca, Finlandia.<\/li><\/ul>\n\n\n\n<p>2 de diciembre de 2013<br><strong>Aplicaci\u00f3n de dictado Olympus 1.0.1<\/strong><\/p>\n\n\n\n<ul class=\"wp-block-list\"><li>Se agreg\u00f3 soporte para Galaxy Note II<\/li><li>Mejora el breve retraso de tiempo que se produce cuando se inicia una grabaci\u00f3n<\/li><\/ul>\n\n\n\n<p>1 de octubre de 2013<br><strong>Portal de dictado Olympus R1<\/strong><\/p>\n\n\n\n<ul class=\"wp-block-list\"><li>Primer lanzamiento<\/li><\/ul>\n\n\n\n<p>1 de octubre de 2013<br><strong>Aplicaci\u00f3n de dictado Olympus 1.0.0<\/strong><\/p>\n\n\n\n<ul class=\"wp-block-list\"><li>Primer lanzamiento<\/li><\/ul>\n\n\n\n<p>11 de enero de 2013<br><strong>Aplicaci\u00f3n de dictado Olympus 1.0.0<\/strong><\/p>\n\n\n\n<ul class=\"wp-block-list\"><li>Primer lanzamiento<\/li><\/ul>","protected":false},"excerpt":{"rendered":"<p>August 19, 2021Olympus Dictation App 2.1.1 Fixed the issue that OD did not start on iPod Touch running iOS9. July 14, 2021Olympus Dictation Portal &#8211; July Processing capacity on the ODP server has been strengthened. Notification function has been enhanced A maintenance mode has been added to ODP for transparency of any issues and their [&hellip;]<\/p>\n","protected":false},"author":1,"featured_media":0,"parent":4353,"menu_order":0,"comment_status":"closed","ping_status":"closed","template":"","meta":{"ghostkit_customizer_options":"","ghostkit_custom_css":"","ghostkit_custom_js_head":"","ghostkit_custom_js_foot":"","ghostkit_typography":"","footnotes":""},"class_list":["post-4398","page","type-page","status-publish","hentry"],"yoast_head":"<!-- This site is optimized with the Yoast SEO plugin v27.4 - https:\/\/yoast.com\/product\/yoast-seo-wordpress\/ -->\n<title>ODDS Change Log - Professional Audio Support<\/title>\n<meta name=\"robots\" content=\"index, follow, max-snippet:-1, max-image-preview:large, max-video-preview:-1\" \/>\n<link rel=\"canonical\" href=\"https:\/\/audiosupport.omsystem.com\/es\/knowledge-base\/change-logs-software\/odds-change-log\/\" \/>\n<meta property=\"og:locale\" content=\"es_ES\" \/>\n<meta property=\"og:type\" content=\"article\" \/>\n<meta property=\"og:title\" content=\"ODDS Change Log - Professional Audio Support\" \/>\n<meta property=\"og:description\" content=\"August 19, 2021Olympus Dictation App 2.1.1 Fixed the issue that OD did not start on iPod Touch running iOS9. July 14, 2021Olympus Dictation Portal &#8211; July Processing capacity on the ODP server has been strengthened. Notification function has been enhanced A maintenance mode has been added to ODP for transparency of any issues and their [&hellip;]\" \/>\n<meta property=\"og:url\" content=\"https:\/\/audiosupport.omsystem.com\/es\/knowledge-base\/change-logs-software\/odds-change-log\/\" \/>\n<meta property=\"og:site_name\" content=\"Professional Audio Support\" \/>\n<meta property=\"article:modified_time\" content=\"2022-03-23T21:22:54+00:00\" \/>\n<meta name=\"twitter:card\" content=\"summary_large_image\" \/>\n<meta name=\"twitter:label1\" content=\"Tiempo de lectura\" \/>\n\t<meta name=\"twitter:data1\" content=\"6 minutos\" \/>\n<script type=\"application\/ld+json\" class=\"yoast-schema-graph\">{\"@context\":\"https:\\\/\\\/schema.org\",\"@graph\":[{\"@type\":\"WebPage\",\"@id\":\"https:\\\/\\\/audiosupport.omsystem.com\\\/knowledge-base\\\/change-logs-software\\\/odds-change-log\\\/\",\"url\":\"https:\\\/\\\/audiosupport.omsystem.com\\\/knowledge-base\\\/change-logs-software\\\/odds-change-log\\\/\",\"name\":\"ODDS Change Log - Professional Audio Support\",\"isPartOf\":{\"@id\":\"https:\\\/\\\/audiosupport.omsystem.com\\\/en\\\/#website\"},\"datePublished\":\"2022-03-23T21:14:40+00:00\",\"dateModified\":\"2022-03-23T21:22:54+00:00\",\"breadcrumb\":{\"@id\":\"https:\\\/\\\/audiosupport.omsystem.com\\\/knowledge-base\\\/change-logs-software\\\/odds-change-log\\\/#breadcrumb\"},\"inLanguage\":\"es\",\"potentialAction\":[{\"@type\":\"ReadAction\",\"target\":[\"https:\\\/\\\/audiosupport.omsystem.com\\\/knowledge-base\\\/change-logs-software\\\/odds-change-log\\\/\"]}]},{\"@type\":\"BreadcrumbList\",\"@id\":\"https:\\\/\\\/audiosupport.omsystem.com\\\/knowledge-base\\\/change-logs-software\\\/odds-change-log\\\/#breadcrumb\",\"itemListElement\":[{\"@type\":\"ListItem\",\"position\":1,\"name\":\"Home\",\"item\":\"https:\\\/\\\/audiosupport.omsystem.com\\\/\"},{\"@type\":\"ListItem\",\"position\":2,\"name\":\"Knowledge Base\",\"item\":\"https:\\\/\\\/audiosupport.omsystem.com\\\/knowledge-base\\\/\"},{\"@type\":\"ListItem\",\"position\":3,\"name\":\"Change Logs: Software\",\"item\":\"https:\\\/\\\/audiosupport.omsystem.com\\\/knowledge-base\\\/change-logs-software\\\/\"},{\"@type\":\"ListItem\",\"position\":4,\"name\":\"ODDS Change Log\"}]},{\"@type\":\"WebSite\",\"@id\":\"https:\\\/\\\/audiosupport.omsystem.com\\\/en\\\/#website\",\"url\":\"https:\\\/\\\/audiosupport.omsystem.com\\\/en\\\/\",\"name\":\"Professional Audio Support\",\"description\":\"OM Digital Solutions\",\"potentialAction\":[{\"@type\":\"SearchAction\",\"target\":{\"@type\":\"EntryPoint\",\"urlTemplate\":\"https:\\\/\\\/audiosupport.omsystem.com\\\/en\\\/?s={search_term_string}\"},\"query-input\":{\"@type\":\"PropertyValueSpecification\",\"valueRequired\":true,\"valueName\":\"search_term_string\"}}],\"inLanguage\":\"es\"}]}<\/script>\n<!-- \/ Yoast SEO plugin. -->","yoast_head_json":{"title":"Registro de cambios de ODDS - Soporte de audio profesional","robots":{"index":"index","follow":"follow","max-snippet":"max-snippet:-1","max-image-preview":"max-image-preview:large","max-video-preview":"max-video-preview:-1"},"canonical":"https:\/\/audiosupport.omsystem.com\/es\/knowledge-base\/change-logs-software\/odds-change-log\/","og_locale":"es_ES","og_type":"article","og_title":"ODDS Change Log - Professional Audio Support","og_description":"August 19, 2021Olympus Dictation App 2.1.1 Fixed the issue that OD did not start on iPod Touch running iOS9. July 14, 2021Olympus Dictation Portal &#8211; July Processing capacity on the ODP server has been strengthened. Notification function has been enhanced A maintenance mode has been added to ODP for transparency of any issues and their [&hellip;]","og_url":"https:\/\/audiosupport.omsystem.com\/es\/knowledge-base\/change-logs-software\/odds-change-log\/","og_site_name":"Professional Audio Support","article_modified_time":"2022-03-23T21:22:54+00:00","twitter_card":"summary_large_image","twitter_misc":{"Tiempo de lectura":"6 minutos"},"schema":{"@context":"https:\/\/schema.org","@graph":[{"@type":"WebPage","@id":"https:\/\/audiosupport.omsystem.com\/knowledge-base\/change-logs-software\/odds-change-log\/","url":"https:\/\/audiosupport.omsystem.com\/knowledge-base\/change-logs-software\/odds-change-log\/","name":"Registro de cambios de ODDS - Soporte de audio profesional","isPartOf":{"@id":"https:\/\/audiosupport.omsystem.com\/en\/#website"},"datePublished":"2022-03-23T21:14:40+00:00","dateModified":"2022-03-23T21:22:54+00:00","breadcrumb":{"@id":"https:\/\/audiosupport.omsystem.com\/knowledge-base\/change-logs-software\/odds-change-log\/#breadcrumb"},"inLanguage":"es","potentialAction":[{"@type":"ReadAction","target":["https:\/\/audiosupport.omsystem.com\/knowledge-base\/change-logs-software\/odds-change-log\/"]}]},{"@type":"BreadcrumbList","@id":"https:\/\/audiosupport.omsystem.com\/knowledge-base\/change-logs-software\/odds-change-log\/#breadcrumb","itemListElement":[{"@type":"ListItem","position":1,"name":"Home","item":"https:\/\/audiosupport.omsystem.com\/"},{"@type":"ListItem","position":2,"name":"Knowledge Base","item":"https:\/\/audiosupport.omsystem.com\/knowledge-base\/"},{"@type":"ListItem","position":3,"name":"Change Logs: Software","item":"https:\/\/audiosupport.omsystem.com\/knowledge-base\/change-logs-software\/"},{"@type":"ListItem","position":4,"name":"ODDS Change Log"}]},{"@type":"WebSite","@id":"https:\/\/audiosupport.omsystem.com\/en\/#website","url":"https:\/\/audiosupport.omsystem.com\/en\/","name":"Soporte de audio profesional","description":"Soluciones digitales OM","potentialAction":[{"@type":"SearchAction","target":{"@type":"EntryPoint","urlTemplate":"https:\/\/audiosupport.omsystem.com\/en\/?s={search_term_string}"},"query-input":{"@type":"PropertyValueSpecification","valueRequired":true,"valueName":"search_term_string"}}],"inLanguage":"es"}]}},"_links":{"self":[{"href":"https:\/\/audiosupport.omsystem.com\/es\/wp-json\/wp\/v2\/pages\/4398","targetHints":{"allow":["GET"]}}],"collection":[{"href":"https:\/\/audiosupport.omsystem.com\/es\/wp-json\/wp\/v2\/pages"}],"about":[{"href":"https:\/\/audiosupport.omsystem.com\/es\/wp-json\/wp\/v2\/types\/page"}],"author":[{"embeddable":true,"href":"https:\/\/audiosupport.omsystem.com\/es\/wp-json\/wp\/v2\/users\/1"}],"replies":[{"embeddable":true,"href":"https:\/\/audiosupport.omsystem.com\/es\/wp-json\/wp\/v2\/comments?post=4398"}],"version-history":[{"count":4,"href":"https:\/\/audiosupport.omsystem.com\/es\/wp-json\/wp\/v2\/pages\/4398\/revisions"}],"predecessor-version":[{"id":4404,"href":"https:\/\/audiosupport.omsystem.com\/es\/wp-json\/wp\/v2\/pages\/4398\/revisions\/4404"}],"up":[{"embeddable":true,"href":"https:\/\/audiosupport.omsystem.com\/es\/wp-json\/wp\/v2\/pages\/4353"}],"wp:attachment":[{"href":"https:\/\/audiosupport.omsystem.com\/es\/wp-json\/wp\/v2\/media?parent=4398"}],"curies":[{"name":"gracias","href":"https:\/\/api.w.org\/{rel}","templated":true}]}}