{"id":4379,"date":"2022-03-23T20:00:29","date_gmt":"2022-03-23T20:00:29","guid":{"rendered":"https:\/\/audiosupport.omsystem.com\/?page_id=4379"},"modified":"2022-03-23T20:00:31","modified_gmt":"2022-03-23T20:00:31","slug":"rm-series-change-log","status":"publish","type":"page","link":"https:\/\/audiosupport.omsystem.com\/es\/knowledge-base\/change-logs-desktop-dictation\/rm-series-change-log\/","title":{"rendered":"Registro de cambios de la serie RM"},"content":{"rendered":"<p>16 de enero de 2020<br><strong>firmware 1.11<\/strong><\/p>\n\n\n\n<ul class=\"wp-block-list\"><li>Esta actualizaci\u00f3n corrige un mensaje de instalaci\u00f3n del controlador de Windows, en cada nueva conexi\u00f3n a otro puerto USB.<\/li><\/ul>\n\n\n\n<p>8 de junio de 2018<br><strong>firmware 1.10<\/strong><\/p>\n\n\n\n<ul class=\"wp-block-list\"><li>Esta actualizaci\u00f3n corrige un error con el micr\u00f3fono que no graba despu\u00e9s de que la PC se reinicia o se recupera del modo de suspensi\u00f3n.<\/li><\/ul>\n\n\n\n<p>31 de julio de 2017<br><strong>firmware 1.01<\/strong><\/p>\n\n\n\n<ul class=\"wp-block-list\"><li>En algunos casos, el ruido de fondo no deseado hizo que Dragon continuara escuchando el habla, incluso despu\u00e9s de presionar &quot;DETENER&quot;. Mediante una gesti\u00f3n mejorada del micr\u00f3fono, el ruido de fondo no deseado se suprime despu\u00e9s de un evento de &quot;DETENER&quot;.<\/li><li>Cambi\u00f3 la configuraci\u00f3n predeterminada del volumen del altavoz de 16% a 50%.<\/li><\/ul>\n\n\n\n<p>13 de junio de 2017<br><strong>firmware 1.00<\/strong><\/p>\n\n\n\n<ul class=\"wp-block-list\"><li>Firmware original<\/li><\/ul>","protected":false},"excerpt":{"rendered":"<p>January 16, 2020Firmware 1.11 This update fixes a Windows driver installation prompt, upon each new connection to another USB port. June 8, 2018Firmware 1.10 This update fixes a bug with the microphone not recording after the PC has restarted or recovered from sleep mode. July 31, 2017Firmware 1.01 In some cases unwanted background noise caused [&hellip;]<\/p>\n","protected":false},"author":1,"featured_media":0,"parent":4349,"menu_order":0,"comment_status":"closed","ping_status":"closed","template":"","meta":{"ghostkit_customizer_options":"","ghostkit_custom_css":"","ghostkit_custom_js_head":"","ghostkit_custom_js_foot":"","ghostkit_typography":"","footnotes":""},"class_list":["post-4379","page","type-page","status-publish","hentry"],"yoast_head":"<!-- This site is optimized with the Yoast SEO plugin v27.4 - https:\/\/yoast.com\/product\/yoast-seo-wordpress\/ -->\n<title>RM Series Change Log - Professional Audio Support<\/title>\n<meta name=\"robots\" content=\"index, follow, max-snippet:-1, max-image-preview:large, max-video-preview:-1\" \/>\n<link rel=\"canonical\" href=\"https:\/\/audiosupport.omsystem.com\/es\/knowledge-base\/change-logs-desktop-dictation\/rm-series-change-log\/\" \/>\n<meta property=\"og:locale\" content=\"es_ES\" \/>\n<meta property=\"og:type\" content=\"article\" \/>\n<meta property=\"og:title\" content=\"RM Series Change Log - Professional Audio Support\" \/>\n<meta property=\"og:description\" content=\"January 16, 2020Firmware 1.11 This update fixes a Windows driver installation prompt, upon each new connection to another USB port. June 8, 2018Firmware 1.10 This update fixes a bug with the microphone not recording after the PC has restarted or recovered from sleep mode. July 31, 2017Firmware 1.01 In some cases unwanted background noise caused [&hellip;]\" \/>\n<meta property=\"og:url\" content=\"https:\/\/audiosupport.omsystem.com\/es\/knowledge-base\/change-logs-desktop-dictation\/rm-series-change-log\/\" \/>\n<meta property=\"og:site_name\" content=\"Professional Audio Support\" \/>\n<meta property=\"article:modified_time\" content=\"2022-03-23T20:00:31+00:00\" \/>\n<meta name=\"twitter:card\" content=\"summary_large_image\" \/>\n<meta name=\"twitter:label1\" content=\"Tiempo de lectura\" \/>\n\t<meta name=\"twitter:data1\" content=\"1 minuto\" \/>\n<script type=\"application\/ld+json\" class=\"yoast-schema-graph\">{\"@context\":\"https:\\\/\\\/schema.org\",\"@graph\":[{\"@type\":\"WebPage\",\"@id\":\"https:\\\/\\\/audiosupport.omsystem.com\\\/knowledge-base\\\/change-logs-desktop-dictation\\\/rm-series-change-log\\\/\",\"url\":\"https:\\\/\\\/audiosupport.omsystem.com\\\/knowledge-base\\\/change-logs-desktop-dictation\\\/rm-series-change-log\\\/\",\"name\":\"RM Series Change Log - Professional Audio Support\",\"isPartOf\":{\"@id\":\"https:\\\/\\\/audiosupport.omsystem.com\\\/en\\\/#website\"},\"datePublished\":\"2022-03-23T20:00:29+00:00\",\"dateModified\":\"2022-03-23T20:00:31+00:00\",\"breadcrumb\":{\"@id\":\"https:\\\/\\\/audiosupport.omsystem.com\\\/knowledge-base\\\/change-logs-desktop-dictation\\\/rm-series-change-log\\\/#breadcrumb\"},\"inLanguage\":\"es\",\"potentialAction\":[{\"@type\":\"ReadAction\",\"target\":[\"https:\\\/\\\/audiosupport.omsystem.com\\\/knowledge-base\\\/change-logs-desktop-dictation\\\/rm-series-change-log\\\/\"]}]},{\"@type\":\"BreadcrumbList\",\"@id\":\"https:\\\/\\\/audiosupport.omsystem.com\\\/knowledge-base\\\/change-logs-desktop-dictation\\\/rm-series-change-log\\\/#breadcrumb\",\"itemListElement\":[{\"@type\":\"ListItem\",\"position\":1,\"name\":\"Home\",\"item\":\"https:\\\/\\\/audiosupport.omsystem.com\\\/\"},{\"@type\":\"ListItem\",\"position\":2,\"name\":\"Knowledge Base\",\"item\":\"https:\\\/\\\/audiosupport.omsystem.com\\\/knowledge-base\\\/\"},{\"@type\":\"ListItem\",\"position\":3,\"name\":\"Change Logs: Desktop Dictation\",\"item\":\"https:\\\/\\\/audiosupport.omsystem.com\\\/knowledge-base\\\/change-logs-desktop-dictation\\\/\"},{\"@type\":\"ListItem\",\"position\":4,\"name\":\"RM Series Change Log\"}]},{\"@type\":\"WebSite\",\"@id\":\"https:\\\/\\\/audiosupport.omsystem.com\\\/en\\\/#website\",\"url\":\"https:\\\/\\\/audiosupport.omsystem.com\\\/en\\\/\",\"name\":\"Professional Audio Support\",\"description\":\"OM Digital Solutions\",\"potentialAction\":[{\"@type\":\"SearchAction\",\"target\":{\"@type\":\"EntryPoint\",\"urlTemplate\":\"https:\\\/\\\/audiosupport.omsystem.com\\\/en\\\/?s={search_term_string}\"},\"query-input\":{\"@type\":\"PropertyValueSpecification\",\"valueRequired\":true,\"valueName\":\"search_term_string\"}}],\"inLanguage\":\"es\"}]}<\/script>\n<!-- \/ Yoast SEO plugin. -->","yoast_head_json":{"title":"Registro de cambios de la serie RM - Soporte de audio profesional","robots":{"index":"index","follow":"follow","max-snippet":"max-snippet:-1","max-image-preview":"max-image-preview:large","max-video-preview":"max-video-preview:-1"},"canonical":"https:\/\/audiosupport.omsystem.com\/es\/knowledge-base\/change-logs-desktop-dictation\/rm-series-change-log\/","og_locale":"es_ES","og_type":"article","og_title":"RM Series Change Log - Professional Audio Support","og_description":"January 16, 2020Firmware 1.11 This update fixes a Windows driver installation prompt, upon each new connection to another USB port. June 8, 2018Firmware 1.10 This update fixes a bug with the microphone not recording after the PC has restarted or recovered from sleep mode. July 31, 2017Firmware 1.01 In some cases unwanted background noise caused [&hellip;]","og_url":"https:\/\/audiosupport.omsystem.com\/es\/knowledge-base\/change-logs-desktop-dictation\/rm-series-change-log\/","og_site_name":"Professional Audio Support","article_modified_time":"2022-03-23T20:00:31+00:00","twitter_card":"summary_large_image","twitter_misc":{"Tiempo de lectura":"1 minuto"},"schema":{"@context":"https:\/\/schema.org","@graph":[{"@type":"WebPage","@id":"https:\/\/audiosupport.omsystem.com\/knowledge-base\/change-logs-desktop-dictation\/rm-series-change-log\/","url":"https:\/\/audiosupport.omsystem.com\/knowledge-base\/change-logs-desktop-dictation\/rm-series-change-log\/","name":"Registro de cambios de la serie RM - Soporte de audio profesional","isPartOf":{"@id":"https:\/\/audiosupport.omsystem.com\/en\/#website"},"datePublished":"2022-03-23T20:00:29+00:00","dateModified":"2022-03-23T20:00:31+00:00","breadcrumb":{"@id":"https:\/\/audiosupport.omsystem.com\/knowledge-base\/change-logs-desktop-dictation\/rm-series-change-log\/#breadcrumb"},"inLanguage":"es","potentialAction":[{"@type":"ReadAction","target":["https:\/\/audiosupport.omsystem.com\/knowledge-base\/change-logs-desktop-dictation\/rm-series-change-log\/"]}]},{"@type":"BreadcrumbList","@id":"https:\/\/audiosupport.omsystem.com\/knowledge-base\/change-logs-desktop-dictation\/rm-series-change-log\/#breadcrumb","itemListElement":[{"@type":"ListItem","position":1,"name":"Home","item":"https:\/\/audiosupport.omsystem.com\/"},{"@type":"ListItem","position":2,"name":"Knowledge Base","item":"https:\/\/audiosupport.omsystem.com\/knowledge-base\/"},{"@type":"ListItem","position":3,"name":"Change Logs: Desktop Dictation","item":"https:\/\/audiosupport.omsystem.com\/knowledge-base\/change-logs-desktop-dictation\/"},{"@type":"ListItem","position":4,"name":"RM Series Change Log"}]},{"@type":"WebSite","@id":"https:\/\/audiosupport.omsystem.com\/en\/#website","url":"https:\/\/audiosupport.omsystem.com\/en\/","name":"Soporte de audio profesional","description":"Soluciones digitales OM","potentialAction":[{"@type":"SearchAction","target":{"@type":"EntryPoint","urlTemplate":"https:\/\/audiosupport.omsystem.com\/en\/?s={search_term_string}"},"query-input":{"@type":"PropertyValueSpecification","valueRequired":true,"valueName":"search_term_string"}}],"inLanguage":"es"}]}},"_links":{"self":[{"href":"https:\/\/audiosupport.omsystem.com\/es\/wp-json\/wp\/v2\/pages\/4379","targetHints":{"allow":["GET"]}}],"collection":[{"href":"https:\/\/audiosupport.omsystem.com\/es\/wp-json\/wp\/v2\/pages"}],"about":[{"href":"https:\/\/audiosupport.omsystem.com\/es\/wp-json\/wp\/v2\/types\/page"}],"author":[{"embeddable":true,"href":"https:\/\/audiosupport.omsystem.com\/es\/wp-json\/wp\/v2\/users\/1"}],"replies":[{"embeddable":true,"href":"https:\/\/audiosupport.omsystem.com\/es\/wp-json\/wp\/v2\/comments?post=4379"}],"version-history":[{"count":1,"href":"https:\/\/audiosupport.omsystem.com\/es\/wp-json\/wp\/v2\/pages\/4379\/revisions"}],"predecessor-version":[{"id":4380,"href":"https:\/\/audiosupport.omsystem.com\/es\/wp-json\/wp\/v2\/pages\/4379\/revisions\/4380"}],"up":[{"embeddable":true,"href":"https:\/\/audiosupport.omsystem.com\/es\/wp-json\/wp\/v2\/pages\/4349"}],"wp:attachment":[{"href":"https:\/\/audiosupport.omsystem.com\/es\/wp-json\/wp\/v2\/media?parent=4379"}],"curies":[{"name":"gracias","href":"https:\/\/api.w.org\/{rel}","templated":true}]}}