{"id":4370,"date":"2022-03-23T17:40:58","date_gmt":"2022-03-23T17:40:58","guid":{"rendered":"https:\/\/audiosupport.omsystem.com\/?page_id=4370"},"modified":"2022-03-23T17:40:59","modified_gmt":"2022-03-23T17:40:59","slug":"ds-5000-change-log","status":"publish","type":"page","link":"https:\/\/audiosupport.omsystem.com\/es\/knowledge-base\/change-logs-portable-dictation\/ds-5000-change-log\/","title":{"rendered":"Registro de cambios de DS-5000"},"content":{"rendered":"<p>27 de noviembre de 2012<br><strong>firmware 1.08<\/strong><\/p>\n\n\n\n<ul class=\"wp-block-list\"><li>Cuando se muestra la informaci\u00f3n del sistema y se est\u00e1 reproduciendo una grabaci\u00f3n, la grabadora se congela, solucionado.<\/li><\/ul>\n\n\n\n<p>26 de septiembre de 2012<br><strong>firmware 1.07<\/strong><\/p>\n\n\n\n<ul class=\"wp-block-list\"><li>soporte de cifrado de 256 bits<\/li><\/ul>\n\n\n\n<p>26 de agosto de 2012<br><strong>firmware 1.06<\/strong><\/p>\n\n\n\n<ul class=\"wp-block-list\"><li>Configuraci\u00f3n de Cue\/Rev agregada al men\u00fa del dispositivo<\/li><li>\u201cSonido Cue\/Rev\u201d, el valor predeterminado para esto ahora est\u00e1 desactivado.<\/li><li>Rendimiento de borrado parcial mejorado.<\/li><li>Velocidad de b\u00fasqueda de \u00edndice\/verbal mejorada.<\/li><li>Opci\u00f3n a\u00f1adida a Desactivar ranura SD.<\/li><li>Se modific\u00f3 la funci\u00f3n de mensaje personalizado para que se muestre como se ingres\u00f3 en la configuraci\u00f3n.<\/li><\/ul>\n\n\n\n<p>23 de febrero de 2009<br><strong>firmware 1.05<\/strong><\/p>\n\n\n\n<ul class=\"wp-block-list\"><li>El dispositivo puede estar listo para usar m\u00e1s r\u00e1pido cuando se enciende o se reanuda desde el modo de ahorro de energ\u00eda.<\/li><li>La velocidad de las funciones Cue y Rev se ha reducido para mejorar la usabilidad.<\/li><li>Se ha agregado una nueva operaci\u00f3n para detener las funciones FF o REW presionando el bot\u00f3n OK o MENU.<\/li><\/ul>\n\n\n\n<p>25 de agosto de 2008<br><strong>firmware 1.04<\/strong><\/p>\n\n\n\n<ul class=\"wp-block-list\"><li>El dispositivo ahora admite el uso del esc\u00e1ner de c\u00f3digo de barras SC1.<\/li><li>Se ha agregado un nuevo elemento de men\u00fa &quot;Cue\/Rev Sound&quot;.<\/li><li>Los elementos del men\u00fa se muestran seg\u00fan la frecuencia de su uso.<\/li><li>Los datos de registro de huellas dactilares ahora tambi\u00e9n se eliminan cuando la configuraci\u00f3n se restablece a trav\u00e9s del Men\u00fa.<\/li><li>Cuando el dispositivo est\u00e9 completamente cargado, &quot;\u00a1Carga completa!&quot; se visualiza.<\/li><li>El problema que afecta el nivel de volumen del micr\u00f3fono al registrar &quot;Dragon NaturallySpeaking&quot; - solucionado.<\/li><li>Las funciones de manos libres del interruptor de pie RS27\/RS28 se han cambiado para que coincidan con las del DS-4000.<\/li><li>Los nombres de las carpetas no se muestran correctamente cuando se conecta a DSS Player Pro en el sistema operativo ruso: solucionado<\/li><\/ul>\n\n\n\n<p>14 de abril de 2008<br><strong>firmware 1.02<\/strong><\/p>\n\n\n\n<ul class=\"wp-block-list\"><li>Se modific\u00f3 la GUI para la entrada del elemento de opci\u00f3n<\/li><li>La pantalla de bienvenida de bienvenida se muestra primero, incluso si se han habilitado los ID de autor y los ID de tipo de trabajo.<\/li><li>Cuando un usuario ingresaba al modo Insertar, el dispositivo permanec\u00eda en el modo Insertar incluso si el interruptor deslizante se hab\u00eda movido a la posici\u00f3n Detener: fijo<\/li><li>El dispositivo no siempre se inicia de inmediato, solucionado.<\/li><\/ul>\n\n\n\n<p>11 de abril de 2008<br><strong>firmware 1.00<\/strong><\/p>\n\n\n\n<ul class=\"wp-block-list\"><li>Firmware original<\/li><\/ul>","protected":false},"excerpt":{"rendered":"<p>November 27, 2012Firmware 1.08 When the system information is being displayed and a recording is playing back, the recorder freezes \u2013fixed. September 26, 2012Firmware 1.07 256-bit encryption support August 26, 2012Firmware 1.06 Cue\/Rev settings added to Device menu \u201cCue\/Rev sound\u201d the default value for this is now set to off. Partial erase performance improved. Index\/Verbal [&hellip;]<\/p>\n","protected":false},"author":1,"featured_media":0,"parent":4338,"menu_order":0,"comment_status":"closed","ping_status":"closed","template":"","meta":{"ghostkit_customizer_options":"","ghostkit_custom_css":"","ghostkit_custom_js_head":"","ghostkit_custom_js_foot":"","ghostkit_typography":"","footnotes":""},"class_list":["post-4370","page","type-page","status-publish","hentry"],"yoast_head":"<!-- This site is optimized with the Yoast SEO plugin v27.4 - https:\/\/yoast.com\/product\/yoast-seo-wordpress\/ -->\n<title>DS-5000 Change Log - Professional Audio Support<\/title>\n<meta name=\"robots\" content=\"index, follow, max-snippet:-1, max-image-preview:large, max-video-preview:-1\" \/>\n<link rel=\"canonical\" href=\"https:\/\/audiosupport.omsystem.com\/es\/knowledge-base\/change-logs-portable-dictation\/ds-5000-change-log\/\" \/>\n<meta property=\"og:locale\" content=\"es_ES\" \/>\n<meta property=\"og:type\" content=\"article\" \/>\n<meta property=\"og:title\" content=\"DS-5000 Change Log - Professional Audio Support\" \/>\n<meta property=\"og:description\" content=\"November 27, 2012Firmware 1.08 When the system information is being displayed and a recording is playing back, the recorder freezes \u2013fixed. September 26, 2012Firmware 1.07 256-bit encryption support August 26, 2012Firmware 1.06 Cue\/Rev settings added to Device menu \u201cCue\/Rev sound\u201d the default value for this is now set to off. Partial erase performance improved. Index\/Verbal [&hellip;]\" \/>\n<meta property=\"og:url\" content=\"https:\/\/audiosupport.omsystem.com\/es\/knowledge-base\/change-logs-portable-dictation\/ds-5000-change-log\/\" \/>\n<meta property=\"og:site_name\" content=\"Professional Audio Support\" \/>\n<meta property=\"article:modified_time\" content=\"2022-03-23T17:40:59+00:00\" \/>\n<meta name=\"twitter:card\" content=\"summary_large_image\" \/>\n<meta name=\"twitter:label1\" content=\"Tiempo de lectura\" \/>\n\t<meta name=\"twitter:data1\" content=\"2 minutos\" \/>\n<script type=\"application\/ld+json\" class=\"yoast-schema-graph\">{\"@context\":\"https:\\\/\\\/schema.org\",\"@graph\":[{\"@type\":\"WebPage\",\"@id\":\"https:\\\/\\\/audiosupport.omsystem.com\\\/knowledge-base\\\/change-logs-portable-dictation\\\/ds-5000-change-log\\\/\",\"url\":\"https:\\\/\\\/audiosupport.omsystem.com\\\/knowledge-base\\\/change-logs-portable-dictation\\\/ds-5000-change-log\\\/\",\"name\":\"DS-5000 Change Log - Professional Audio Support\",\"isPartOf\":{\"@id\":\"https:\\\/\\\/audiosupport.omsystem.com\\\/en\\\/#website\"},\"datePublished\":\"2022-03-23T17:40:58+00:00\",\"dateModified\":\"2022-03-23T17:40:59+00:00\",\"breadcrumb\":{\"@id\":\"https:\\\/\\\/audiosupport.omsystem.com\\\/knowledge-base\\\/change-logs-portable-dictation\\\/ds-5000-change-log\\\/#breadcrumb\"},\"inLanguage\":\"es\",\"potentialAction\":[{\"@type\":\"ReadAction\",\"target\":[\"https:\\\/\\\/audiosupport.omsystem.com\\\/knowledge-base\\\/change-logs-portable-dictation\\\/ds-5000-change-log\\\/\"]}]},{\"@type\":\"BreadcrumbList\",\"@id\":\"https:\\\/\\\/audiosupport.omsystem.com\\\/knowledge-base\\\/change-logs-portable-dictation\\\/ds-5000-change-log\\\/#breadcrumb\",\"itemListElement\":[{\"@type\":\"ListItem\",\"position\":1,\"name\":\"Home\",\"item\":\"https:\\\/\\\/audiosupport.omsystem.com\\\/\"},{\"@type\":\"ListItem\",\"position\":2,\"name\":\"Knowledge Base\",\"item\":\"https:\\\/\\\/audiosupport.omsystem.com\\\/knowledge-base\\\/\"},{\"@type\":\"ListItem\",\"position\":3,\"name\":\"Change Logs: Portable Dictation\",\"item\":\"https:\\\/\\\/audiosupport.omsystem.com\\\/knowledge-base\\\/change-logs-portable-dictation\\\/\"},{\"@type\":\"ListItem\",\"position\":4,\"name\":\"DS-5000 Change Log\"}]},{\"@type\":\"WebSite\",\"@id\":\"https:\\\/\\\/audiosupport.omsystem.com\\\/en\\\/#website\",\"url\":\"https:\\\/\\\/audiosupport.omsystem.com\\\/en\\\/\",\"name\":\"Professional Audio Support\",\"description\":\"OM Digital Solutions\",\"potentialAction\":[{\"@type\":\"SearchAction\",\"target\":{\"@type\":\"EntryPoint\",\"urlTemplate\":\"https:\\\/\\\/audiosupport.omsystem.com\\\/en\\\/?s={search_term_string}\"},\"query-input\":{\"@type\":\"PropertyValueSpecification\",\"valueRequired\":true,\"valueName\":\"search_term_string\"}}],\"inLanguage\":\"es\"}]}<\/script>\n<!-- \/ Yoast SEO plugin. -->","yoast_head_json":{"title":"Registro de cambios del DS-5000 - Soporte de audio profesional","robots":{"index":"index","follow":"follow","max-snippet":"max-snippet:-1","max-image-preview":"max-image-preview:large","max-video-preview":"max-video-preview:-1"},"canonical":"https:\/\/audiosupport.omsystem.com\/es\/knowledge-base\/change-logs-portable-dictation\/ds-5000-change-log\/","og_locale":"es_ES","og_type":"article","og_title":"DS-5000 Change Log - Professional Audio Support","og_description":"November 27, 2012Firmware 1.08 When the system information is being displayed and a recording is playing back, the recorder freezes \u2013fixed. September 26, 2012Firmware 1.07 256-bit encryption support August 26, 2012Firmware 1.06 Cue\/Rev settings added to Device menu \u201cCue\/Rev sound\u201d the default value for this is now set to off. Partial erase performance improved. Index\/Verbal [&hellip;]","og_url":"https:\/\/audiosupport.omsystem.com\/es\/knowledge-base\/change-logs-portable-dictation\/ds-5000-change-log\/","og_site_name":"Professional Audio Support","article_modified_time":"2022-03-23T17:40:59+00:00","twitter_card":"summary_large_image","twitter_misc":{"Tiempo de lectura":"2 minutos"},"schema":{"@context":"https:\/\/schema.org","@graph":[{"@type":"WebPage","@id":"https:\/\/audiosupport.omsystem.com\/knowledge-base\/change-logs-portable-dictation\/ds-5000-change-log\/","url":"https:\/\/audiosupport.omsystem.com\/knowledge-base\/change-logs-portable-dictation\/ds-5000-change-log\/","name":"Registro de cambios del DS-5000 - Soporte de audio profesional","isPartOf":{"@id":"https:\/\/audiosupport.omsystem.com\/en\/#website"},"datePublished":"2022-03-23T17:40:58+00:00","dateModified":"2022-03-23T17:40:59+00:00","breadcrumb":{"@id":"https:\/\/audiosupport.omsystem.com\/knowledge-base\/change-logs-portable-dictation\/ds-5000-change-log\/#breadcrumb"},"inLanguage":"es","potentialAction":[{"@type":"ReadAction","target":["https:\/\/audiosupport.omsystem.com\/knowledge-base\/change-logs-portable-dictation\/ds-5000-change-log\/"]}]},{"@type":"BreadcrumbList","@id":"https:\/\/audiosupport.omsystem.com\/knowledge-base\/change-logs-portable-dictation\/ds-5000-change-log\/#breadcrumb","itemListElement":[{"@type":"ListItem","position":1,"name":"Home","item":"https:\/\/audiosupport.omsystem.com\/"},{"@type":"ListItem","position":2,"name":"Knowledge Base","item":"https:\/\/audiosupport.omsystem.com\/knowledge-base\/"},{"@type":"ListItem","position":3,"name":"Change Logs: Portable Dictation","item":"https:\/\/audiosupport.omsystem.com\/knowledge-base\/change-logs-portable-dictation\/"},{"@type":"ListItem","position":4,"name":"DS-5000 Change Log"}]},{"@type":"WebSite","@id":"https:\/\/audiosupport.omsystem.com\/en\/#website","url":"https:\/\/audiosupport.omsystem.com\/en\/","name":"Soporte de audio profesional","description":"Soluciones digitales OM","potentialAction":[{"@type":"SearchAction","target":{"@type":"EntryPoint","urlTemplate":"https:\/\/audiosupport.omsystem.com\/en\/?s={search_term_string}"},"query-input":{"@type":"PropertyValueSpecification","valueRequired":true,"valueName":"search_term_string"}}],"inLanguage":"es"}]}},"_links":{"self":[{"href":"https:\/\/audiosupport.omsystem.com\/es\/wp-json\/wp\/v2\/pages\/4370","targetHints":{"allow":["GET"]}}],"collection":[{"href":"https:\/\/audiosupport.omsystem.com\/es\/wp-json\/wp\/v2\/pages"}],"about":[{"href":"https:\/\/audiosupport.omsystem.com\/es\/wp-json\/wp\/v2\/types\/page"}],"author":[{"embeddable":true,"href":"https:\/\/audiosupport.omsystem.com\/es\/wp-json\/wp\/v2\/users\/1"}],"replies":[{"embeddable":true,"href":"https:\/\/audiosupport.omsystem.com\/es\/wp-json\/wp\/v2\/comments?post=4370"}],"version-history":[{"count":1,"href":"https:\/\/audiosupport.omsystem.com\/es\/wp-json\/wp\/v2\/pages\/4370\/revisions"}],"predecessor-version":[{"id":4371,"href":"https:\/\/audiosupport.omsystem.com\/es\/wp-json\/wp\/v2\/pages\/4370\/revisions\/4371"}],"up":[{"embeddable":true,"href":"https:\/\/audiosupport.omsystem.com\/es\/wp-json\/wp\/v2\/pages\/4338"}],"wp:attachment":[{"href":"https:\/\/audiosupport.omsystem.com\/es\/wp-json\/wp\/v2\/media?parent=4370"}],"curies":[{"name":"gracias","href":"https:\/\/api.w.org\/{rel}","templated":true}]}}