{"id":4368,"date":"2022-03-23T17:37:48","date_gmt":"2022-03-23T17:37:48","guid":{"rendered":"https:\/\/audiosupport.omsystem.com\/?page_id=4368"},"modified":"2022-03-23T17:37:49","modified_gmt":"2022-03-23T17:37:49","slug":"ds-5500-change-log","status":"publish","type":"page","link":"https:\/\/audiosupport.omsystem.com\/es\/knowledge-base\/change-logs-portable-dictation\/ds-5500-change-log\/","title":{"rendered":"Registro de cambios de DS-5500"},"content":{"rendered":"<p>23 de octubre de 2015<br><strong>firmware 2.01<\/strong><\/p>\n\n\n\n<ul class=\"wp-block-list\"><li>Soluciona el problema por el cual el dispositivo se congela cuando un usuario borra parcialmente un archivo cifrado de 256 bits en el modo QP.<\/li><li>El DS-5500 va al final del archivo cuando un usuario mueve el interruptor deslizante a la posici\u00f3n REV al principio de un archivo, esto se ha resuelto.<\/li><li>Soluciona un problema por el cual el dispositivo se congelaba cuando se habilitaba &quot;Desactivar ranura para tarjeta SD&quot; a trav\u00e9s del SDK de audio.<\/li><\/ul>\n\n\n\n<p>27 de febrero de 2015<br><strong>firmware 2.00<\/strong><\/p>\n\n\n\n<ul class=\"wp-block-list\"><li>La actualizaci\u00f3n del firmware est\u00e1 disponible a trav\u00e9s del nuevo SDK.<\/li><li>Mejora del modo Grundig<\/li><li>Se introdujo la funci\u00f3n de retroceso autom\u00e1tico. La posici\u00f3n de reproducci\u00f3n salta hacia atr\u00e1s 3 segundos moviendo el interruptor deslizante brevemente a la posici\u00f3n REV durante el modo de parada\/reproducci\u00f3n.<\/li><\/ul>\n\n\n\n<p>23 de junio de 2014<br><strong>firmware 1.03<\/strong><\/p>\n\n\n\n<ul class=\"wp-block-list\"><li>Soluciona el problema por el cual las bater\u00edas se calientan.<\/li><\/ul>\n\n\n\n<p>6 de marzo de 2014<br><strong>firmware 1.01<\/strong><\/p>\n\n\n\n<ul class=\"wp-block-list\"><li>Soluciona el error que toma mucho tiempo para que DS-5500, cuando SC-1 est\u00e1 conectado, sea reconocido por Windows Vista o posterior.<\/li><\/ul>\n\n\n\n<p>20 de diciembre de 2013<br><strong>firmware 1.00<\/strong><\/p>\n\n\n\n<ul class=\"wp-block-list\"><li>Firmware original<\/li><\/ul>","protected":false},"excerpt":{"rendered":"<p>October 23, 2015Firmware 2.01 Fixes the issue whereby the device will freeze when a user partially erases 256-bit encrypted file in QP mode. The DS-5500 goes to the end of the file when a user moves the slide switch to the REV position at the beginning of a file, this has been resolved. Fixes an [&hellip;]<\/p>\n","protected":false},"author":1,"featured_media":0,"parent":4338,"menu_order":0,"comment_status":"closed","ping_status":"closed","template":"","meta":{"ghostkit_customizer_options":"","ghostkit_custom_css":"","ghostkit_custom_js_head":"","ghostkit_custom_js_foot":"","ghostkit_typography":"","footnotes":""},"class_list":["post-4368","page","type-page","status-publish","hentry"],"yoast_head":"<!-- This site is optimized with the Yoast SEO plugin v27.4 - https:\/\/yoast.com\/product\/yoast-seo-wordpress\/ -->\n<title>DS-5500 Change Log - Professional Audio Support<\/title>\n<meta name=\"robots\" content=\"index, follow, max-snippet:-1, max-image-preview:large, max-video-preview:-1\" \/>\n<link rel=\"canonical\" href=\"https:\/\/audiosupport.omsystem.com\/es\/knowledge-base\/change-logs-portable-dictation\/ds-5500-change-log\/\" \/>\n<meta property=\"og:locale\" content=\"es_ES\" \/>\n<meta property=\"og:type\" content=\"article\" \/>\n<meta property=\"og:title\" content=\"DS-5500 Change Log - Professional Audio Support\" \/>\n<meta property=\"og:description\" content=\"October 23, 2015Firmware 2.01 Fixes the issue whereby the device will freeze when a user partially erases 256-bit encrypted file in QP mode. The DS-5500 goes to the end of the file when a user moves the slide switch to the REV position at the beginning of a file, this has been resolved. Fixes an [&hellip;]\" \/>\n<meta property=\"og:url\" content=\"https:\/\/audiosupport.omsystem.com\/es\/knowledge-base\/change-logs-portable-dictation\/ds-5500-change-log\/\" \/>\n<meta property=\"og:site_name\" content=\"Professional Audio Support\" \/>\n<meta property=\"article:modified_time\" content=\"2022-03-23T17:37:49+00:00\" \/>\n<meta name=\"twitter:card\" content=\"summary_large_image\" \/>\n<meta name=\"twitter:label1\" content=\"Tiempo de lectura\" \/>\n\t<meta name=\"twitter:data1\" content=\"1 minuto\" \/>\n<script type=\"application\/ld+json\" class=\"yoast-schema-graph\">{\"@context\":\"https:\\\/\\\/schema.org\",\"@graph\":[{\"@type\":\"WebPage\",\"@id\":\"https:\\\/\\\/audiosupport.omsystem.com\\\/knowledge-base\\\/change-logs-portable-dictation\\\/ds-5500-change-log\\\/\",\"url\":\"https:\\\/\\\/audiosupport.omsystem.com\\\/knowledge-base\\\/change-logs-portable-dictation\\\/ds-5500-change-log\\\/\",\"name\":\"DS-5500 Change Log - Professional Audio Support\",\"isPartOf\":{\"@id\":\"https:\\\/\\\/audiosupport.omsystem.com\\\/en\\\/#website\"},\"datePublished\":\"2022-03-23T17:37:48+00:00\",\"dateModified\":\"2022-03-23T17:37:49+00:00\",\"breadcrumb\":{\"@id\":\"https:\\\/\\\/audiosupport.omsystem.com\\\/knowledge-base\\\/change-logs-portable-dictation\\\/ds-5500-change-log\\\/#breadcrumb\"},\"inLanguage\":\"es\",\"potentialAction\":[{\"@type\":\"ReadAction\",\"target\":[\"https:\\\/\\\/audiosupport.omsystem.com\\\/knowledge-base\\\/change-logs-portable-dictation\\\/ds-5500-change-log\\\/\"]}]},{\"@type\":\"BreadcrumbList\",\"@id\":\"https:\\\/\\\/audiosupport.omsystem.com\\\/knowledge-base\\\/change-logs-portable-dictation\\\/ds-5500-change-log\\\/#breadcrumb\",\"itemListElement\":[{\"@type\":\"ListItem\",\"position\":1,\"name\":\"Home\",\"item\":\"https:\\\/\\\/audiosupport.omsystem.com\\\/\"},{\"@type\":\"ListItem\",\"position\":2,\"name\":\"Knowledge Base\",\"item\":\"https:\\\/\\\/audiosupport.omsystem.com\\\/knowledge-base\\\/\"},{\"@type\":\"ListItem\",\"position\":3,\"name\":\"Change Logs: Portable Dictation\",\"item\":\"https:\\\/\\\/audiosupport.omsystem.com\\\/knowledge-base\\\/change-logs-portable-dictation\\\/\"},{\"@type\":\"ListItem\",\"position\":4,\"name\":\"DS-5500 Change Log\"}]},{\"@type\":\"WebSite\",\"@id\":\"https:\\\/\\\/audiosupport.omsystem.com\\\/en\\\/#website\",\"url\":\"https:\\\/\\\/audiosupport.omsystem.com\\\/en\\\/\",\"name\":\"Professional Audio Support\",\"description\":\"OM Digital Solutions\",\"potentialAction\":[{\"@type\":\"SearchAction\",\"target\":{\"@type\":\"EntryPoint\",\"urlTemplate\":\"https:\\\/\\\/audiosupport.omsystem.com\\\/en\\\/?s={search_term_string}\"},\"query-input\":{\"@type\":\"PropertyValueSpecification\",\"valueRequired\":true,\"valueName\":\"search_term_string\"}}],\"inLanguage\":\"es\"}]}<\/script>\n<!-- \/ Yoast SEO plugin. -->","yoast_head_json":{"title":"Registro de cambios del DS-5500 - Soporte de audio profesional","robots":{"index":"index","follow":"follow","max-snippet":"max-snippet:-1","max-image-preview":"max-image-preview:large","max-video-preview":"max-video-preview:-1"},"canonical":"https:\/\/audiosupport.omsystem.com\/es\/knowledge-base\/change-logs-portable-dictation\/ds-5500-change-log\/","og_locale":"es_ES","og_type":"article","og_title":"DS-5500 Change Log - Professional Audio Support","og_description":"October 23, 2015Firmware 2.01 Fixes the issue whereby the device will freeze when a user partially erases 256-bit encrypted file in QP mode. The DS-5500 goes to the end of the file when a user moves the slide switch to the REV position at the beginning of a file, this has been resolved. Fixes an [&hellip;]","og_url":"https:\/\/audiosupport.omsystem.com\/es\/knowledge-base\/change-logs-portable-dictation\/ds-5500-change-log\/","og_site_name":"Professional Audio Support","article_modified_time":"2022-03-23T17:37:49+00:00","twitter_card":"summary_large_image","twitter_misc":{"Tiempo de lectura":"1 minuto"},"schema":{"@context":"https:\/\/schema.org","@graph":[{"@type":"WebPage","@id":"https:\/\/audiosupport.omsystem.com\/knowledge-base\/change-logs-portable-dictation\/ds-5500-change-log\/","url":"https:\/\/audiosupport.omsystem.com\/knowledge-base\/change-logs-portable-dictation\/ds-5500-change-log\/","name":"Registro de cambios del DS-5500 - Soporte de audio profesional","isPartOf":{"@id":"https:\/\/audiosupport.omsystem.com\/en\/#website"},"datePublished":"2022-03-23T17:37:48+00:00","dateModified":"2022-03-23T17:37:49+00:00","breadcrumb":{"@id":"https:\/\/audiosupport.omsystem.com\/knowledge-base\/change-logs-portable-dictation\/ds-5500-change-log\/#breadcrumb"},"inLanguage":"es","potentialAction":[{"@type":"ReadAction","target":["https:\/\/audiosupport.omsystem.com\/knowledge-base\/change-logs-portable-dictation\/ds-5500-change-log\/"]}]},{"@type":"BreadcrumbList","@id":"https:\/\/audiosupport.omsystem.com\/knowledge-base\/change-logs-portable-dictation\/ds-5500-change-log\/#breadcrumb","itemListElement":[{"@type":"ListItem","position":1,"name":"Home","item":"https:\/\/audiosupport.omsystem.com\/"},{"@type":"ListItem","position":2,"name":"Knowledge Base","item":"https:\/\/audiosupport.omsystem.com\/knowledge-base\/"},{"@type":"ListItem","position":3,"name":"Change Logs: Portable Dictation","item":"https:\/\/audiosupport.omsystem.com\/knowledge-base\/change-logs-portable-dictation\/"},{"@type":"ListItem","position":4,"name":"DS-5500 Change Log"}]},{"@type":"WebSite","@id":"https:\/\/audiosupport.omsystem.com\/en\/#website","url":"https:\/\/audiosupport.omsystem.com\/en\/","name":"Soporte de audio profesional","description":"Soluciones digitales OM","potentialAction":[{"@type":"SearchAction","target":{"@type":"EntryPoint","urlTemplate":"https:\/\/audiosupport.omsystem.com\/en\/?s={search_term_string}"},"query-input":{"@type":"PropertyValueSpecification","valueRequired":true,"valueName":"search_term_string"}}],"inLanguage":"es"}]}},"_links":{"self":[{"href":"https:\/\/audiosupport.omsystem.com\/es\/wp-json\/wp\/v2\/pages\/4368","targetHints":{"allow":["GET"]}}],"collection":[{"href":"https:\/\/audiosupport.omsystem.com\/es\/wp-json\/wp\/v2\/pages"}],"about":[{"href":"https:\/\/audiosupport.omsystem.com\/es\/wp-json\/wp\/v2\/types\/page"}],"author":[{"embeddable":true,"href":"https:\/\/audiosupport.omsystem.com\/es\/wp-json\/wp\/v2\/users\/1"}],"replies":[{"embeddable":true,"href":"https:\/\/audiosupport.omsystem.com\/es\/wp-json\/wp\/v2\/comments?post=4368"}],"version-history":[{"count":1,"href":"https:\/\/audiosupport.omsystem.com\/es\/wp-json\/wp\/v2\/pages\/4368\/revisions"}],"predecessor-version":[{"id":4369,"href":"https:\/\/audiosupport.omsystem.com\/es\/wp-json\/wp\/v2\/pages\/4368\/revisions\/4369"}],"up":[{"embeddable":true,"href":"https:\/\/audiosupport.omsystem.com\/es\/wp-json\/wp\/v2\/pages\/4338"}],"wp:attachment":[{"href":"https:\/\/audiosupport.omsystem.com\/es\/wp-json\/wp\/v2\/media?parent=4368"}],"curies":[{"name":"gracias","href":"https:\/\/api.w.org\/{rel}","templated":true}]}}