{"id":4366,"date":"2022-03-23T17:31:51","date_gmt":"2022-03-23T17:31:51","guid":{"rendered":"https:\/\/audiosupport.omsystem.com\/?page_id=4366"},"modified":"2022-03-23T17:31:53","modified_gmt":"2022-03-23T17:31:53","slug":"ds-3500-change-log","status":"publish","type":"page","link":"https:\/\/audiosupport.omsystem.com\/es\/knowledge-base\/change-logs-portable-dictation\/ds-3500-change-log\/","title":{"rendered":"Registro de cambios de DS-3500"},"content":{"rendered":"<p>23 de octubre de 2015<br><strong>firmware 2.01<\/strong><\/p>\n\n\n\n<ul class=\"wp-block-list\"><li>Soluciona el problema por el cual el dispositivo se congela cuando un usuario borra parcialmente un archivo cifrado de 256 bits en el modo QP.<\/li><\/ul>\n\n\n\n<p>27 de febrero de 2015<br><strong>firmware 2.00<\/strong><\/p>\n\n\n\n<ul class=\"wp-block-list\"><li>La actualizaci\u00f3n del firmware est\u00e1 disponible a trav\u00e9s del nuevo SDK.<\/li><li>Se introdujo la funci\u00f3n de retroceso autom\u00e1tico. La posici\u00f3n de reproducci\u00f3n salta hacia atr\u00e1s 3 segundos moviendo el interruptor deslizante brevemente a la posici\u00f3n REV durante el modo de parada\/reproducci\u00f3n.<\/li><\/ul>\n\n\n\n<p>16 de octubre de 2014<br><strong>firmware 1.23<\/strong><\/p>\n\n\n\n<ul class=\"wp-block-list\"><li>Se agreg\u00f3 la funci\u00f3n DLP. (ODMS 6.3.0 o posterior)<\/li><\/ul>\n\n\n\n<p>3 de septiembre de 2013<br><strong>firmware 1.20<\/strong><\/p>\n\n\n\n<ul class=\"wp-block-list\"><li>Admite la tarjeta Toshiba FlashAir. El bot\u00f3n F3 se convertir\u00e1 en el bot\u00f3n WLAN una vez que se inserte una tarjeta FlashAir. La tarjeta comenzar\u00e1 a enviar la se\u00f1al WLAN cuando se presione el bot\u00f3n F3 y se podr\u00e1 acceder a los archivos desde una PC o un tel\u00e9fono inteligente.<\/li><li>Soluciona el error de que la grabadora a veces no graba incluso cuando el interruptor deslizante se coloca en REC si el interruptor deslizante se desliz\u00f3 r\u00e1pidamente entre REC y REV muchas veces.<\/li><\/ul>\n\n\n\n<p>28 de marzo de 2013<br><strong>firmware 1.10<\/strong><\/p>\n\n\n\n<ul class=\"wp-block-list\"><li>Habilita la compatibilidad con la funci\u00f3n de importaci\u00f3n de metadatos (MIF). Esto permite a los usuarios asociar metadatos con dictados. En el caso de un dictado m\u00e9dico, los metadatos ser\u00edan informaci\u00f3n como el nombre del paciente, el n\u00famero de historia cl\u00ednica, etc.<\/li><li>A\u00f1ade la opci\u00f3n de establecer el tiempo de retroiluminaci\u00f3n en 2 y 5 minutos.<\/li><\/ul>\n\n\n\n<p>19 de octubre de 2012<br><strong>firmware 1.02<\/strong><\/p>\n\n\n\n<ul class=\"wp-block-list\"><li>Permite al usuario seleccionar el tipo de trabajo cuando el dispositivo se ha encendido, as\u00ed como cuando el usuario est\u00e1 creando un nuevo dictado.<\/li><li>La cantidad de ruido se ha reducido cuando el dispositivo se usa con una Mac en clase de audio.<\/li><\/ul>\n\n\n\n<p>30 de agosto de 2012<br><strong>firmware 1.01<\/strong><\/p>\n\n\n\n<ul class=\"wp-block-list\"><li>Admite la descarga del n\u00famero de serie<\/li><li>Se solucion\u00f3 el error de ID de autor: la ID de autor no siempre se mostraba cuando ODMS la cargaba.<\/li><\/ul>\n\n\n\n<p>17 de abril de 2012<br><strong>firmware 1.00<\/strong><\/p>\n\n\n\n<ul class=\"wp-block-list\"><li>Firmware original<\/li><\/ul>","protected":false},"excerpt":{"rendered":"<p>October 23, 2015Firmware 2.01 Fixes the issue whereby the device will freeze when a user partially erases 256-bit encrypted file in QP mode. February 27, 2015Firmware 2.00 Firmware update is available via the new SDK. Auto backspace feature introduced. Playback position jumps back 3 seconds by moving the slide switch briefly to the REV position [&hellip;]<\/p>\n","protected":false},"author":1,"featured_media":0,"parent":4338,"menu_order":0,"comment_status":"closed","ping_status":"closed","template":"","meta":{"ghostkit_customizer_options":"","ghostkit_custom_css":"","ghostkit_custom_js_head":"","ghostkit_custom_js_foot":"","ghostkit_typography":"","footnotes":""},"class_list":["post-4366","page","type-page","status-publish","hentry"],"yoast_head":"<!-- This site is optimized with the Yoast SEO plugin v27.4 - https:\/\/yoast.com\/product\/yoast-seo-wordpress\/ -->\n<title>DS-3500 Change Log - Professional Audio Support<\/title>\n<meta name=\"robots\" content=\"index, follow, max-snippet:-1, max-image-preview:large, max-video-preview:-1\" \/>\n<link rel=\"canonical\" href=\"https:\/\/audiosupport.omsystem.com\/es\/knowledge-base\/change-logs-portable-dictation\/ds-3500-change-log\/\" \/>\n<meta property=\"og:locale\" content=\"es_ES\" \/>\n<meta property=\"og:type\" content=\"article\" \/>\n<meta property=\"og:title\" content=\"DS-3500 Change Log - Professional Audio Support\" \/>\n<meta property=\"og:description\" content=\"October 23, 2015Firmware 2.01 Fixes the issue whereby the device will freeze when a user partially erases 256-bit encrypted file in QP mode. February 27, 2015Firmware 2.00 Firmware update is available via the new SDK. Auto backspace feature introduced. Playback position jumps back 3 seconds by moving the slide switch briefly to the REV position [&hellip;]\" \/>\n<meta property=\"og:url\" content=\"https:\/\/audiosupport.omsystem.com\/es\/knowledge-base\/change-logs-portable-dictation\/ds-3500-change-log\/\" \/>\n<meta property=\"og:site_name\" content=\"Professional Audio Support\" \/>\n<meta property=\"article:modified_time\" content=\"2022-03-23T17:31:53+00:00\" \/>\n<meta name=\"twitter:card\" content=\"summary_large_image\" \/>\n<meta name=\"twitter:label1\" content=\"Tiempo de lectura\" \/>\n\t<meta name=\"twitter:data1\" content=\"2 minutos\" \/>\n<script type=\"application\/ld+json\" class=\"yoast-schema-graph\">{\"@context\":\"https:\\\/\\\/schema.org\",\"@graph\":[{\"@type\":\"WebPage\",\"@id\":\"https:\\\/\\\/audiosupport.omsystem.com\\\/knowledge-base\\\/change-logs-portable-dictation\\\/ds-3500-change-log\\\/\",\"url\":\"https:\\\/\\\/audiosupport.omsystem.com\\\/knowledge-base\\\/change-logs-portable-dictation\\\/ds-3500-change-log\\\/\",\"name\":\"DS-3500 Change Log - Professional Audio Support\",\"isPartOf\":{\"@id\":\"https:\\\/\\\/audiosupport.omsystem.com\\\/en\\\/#website\"},\"datePublished\":\"2022-03-23T17:31:51+00:00\",\"dateModified\":\"2022-03-23T17:31:53+00:00\",\"breadcrumb\":{\"@id\":\"https:\\\/\\\/audiosupport.omsystem.com\\\/knowledge-base\\\/change-logs-portable-dictation\\\/ds-3500-change-log\\\/#breadcrumb\"},\"inLanguage\":\"es\",\"potentialAction\":[{\"@type\":\"ReadAction\",\"target\":[\"https:\\\/\\\/audiosupport.omsystem.com\\\/knowledge-base\\\/change-logs-portable-dictation\\\/ds-3500-change-log\\\/\"]}]},{\"@type\":\"BreadcrumbList\",\"@id\":\"https:\\\/\\\/audiosupport.omsystem.com\\\/knowledge-base\\\/change-logs-portable-dictation\\\/ds-3500-change-log\\\/#breadcrumb\",\"itemListElement\":[{\"@type\":\"ListItem\",\"position\":1,\"name\":\"Home\",\"item\":\"https:\\\/\\\/audiosupport.omsystem.com\\\/\"},{\"@type\":\"ListItem\",\"position\":2,\"name\":\"Knowledge Base\",\"item\":\"https:\\\/\\\/audiosupport.omsystem.com\\\/knowledge-base\\\/\"},{\"@type\":\"ListItem\",\"position\":3,\"name\":\"Change Logs: Portable Dictation\",\"item\":\"https:\\\/\\\/audiosupport.omsystem.com\\\/knowledge-base\\\/change-logs-portable-dictation\\\/\"},{\"@type\":\"ListItem\",\"position\":4,\"name\":\"DS-3500 Change Log\"}]},{\"@type\":\"WebSite\",\"@id\":\"https:\\\/\\\/audiosupport.omsystem.com\\\/en\\\/#website\",\"url\":\"https:\\\/\\\/audiosupport.omsystem.com\\\/en\\\/\",\"name\":\"Professional Audio Support\",\"description\":\"OM Digital Solutions\",\"potentialAction\":[{\"@type\":\"SearchAction\",\"target\":{\"@type\":\"EntryPoint\",\"urlTemplate\":\"https:\\\/\\\/audiosupport.omsystem.com\\\/en\\\/?s={search_term_string}\"},\"query-input\":{\"@type\":\"PropertyValueSpecification\",\"valueRequired\":true,\"valueName\":\"search_term_string\"}}],\"inLanguage\":\"es\"}]}<\/script>\n<!-- \/ Yoast SEO plugin. -->","yoast_head_json":{"title":"Registro de cambios del DS-3500 - Soporte de audio profesional","robots":{"index":"index","follow":"follow","max-snippet":"max-snippet:-1","max-image-preview":"max-image-preview:large","max-video-preview":"max-video-preview:-1"},"canonical":"https:\/\/audiosupport.omsystem.com\/es\/knowledge-base\/change-logs-portable-dictation\/ds-3500-change-log\/","og_locale":"es_ES","og_type":"article","og_title":"DS-3500 Change Log - Professional Audio Support","og_description":"October 23, 2015Firmware 2.01 Fixes the issue whereby the device will freeze when a user partially erases 256-bit encrypted file in QP mode. February 27, 2015Firmware 2.00 Firmware update is available via the new SDK. Auto backspace feature introduced. Playback position jumps back 3 seconds by moving the slide switch briefly to the REV position [&hellip;]","og_url":"https:\/\/audiosupport.omsystem.com\/es\/knowledge-base\/change-logs-portable-dictation\/ds-3500-change-log\/","og_site_name":"Professional Audio Support","article_modified_time":"2022-03-23T17:31:53+00:00","twitter_card":"summary_large_image","twitter_misc":{"Tiempo de lectura":"2 minutos"},"schema":{"@context":"https:\/\/schema.org","@graph":[{"@type":"WebPage","@id":"https:\/\/audiosupport.omsystem.com\/knowledge-base\/change-logs-portable-dictation\/ds-3500-change-log\/","url":"https:\/\/audiosupport.omsystem.com\/knowledge-base\/change-logs-portable-dictation\/ds-3500-change-log\/","name":"Registro de cambios del DS-3500 - Soporte de audio profesional","isPartOf":{"@id":"https:\/\/audiosupport.omsystem.com\/en\/#website"},"datePublished":"2022-03-23T17:31:51+00:00","dateModified":"2022-03-23T17:31:53+00:00","breadcrumb":{"@id":"https:\/\/audiosupport.omsystem.com\/knowledge-base\/change-logs-portable-dictation\/ds-3500-change-log\/#breadcrumb"},"inLanguage":"es","potentialAction":[{"@type":"ReadAction","target":["https:\/\/audiosupport.omsystem.com\/knowledge-base\/change-logs-portable-dictation\/ds-3500-change-log\/"]}]},{"@type":"BreadcrumbList","@id":"https:\/\/audiosupport.omsystem.com\/knowledge-base\/change-logs-portable-dictation\/ds-3500-change-log\/#breadcrumb","itemListElement":[{"@type":"ListItem","position":1,"name":"Home","item":"https:\/\/audiosupport.omsystem.com\/"},{"@type":"ListItem","position":2,"name":"Knowledge Base","item":"https:\/\/audiosupport.omsystem.com\/knowledge-base\/"},{"@type":"ListItem","position":3,"name":"Change Logs: Portable Dictation","item":"https:\/\/audiosupport.omsystem.com\/knowledge-base\/change-logs-portable-dictation\/"},{"@type":"ListItem","position":4,"name":"DS-3500 Change Log"}]},{"@type":"WebSite","@id":"https:\/\/audiosupport.omsystem.com\/en\/#website","url":"https:\/\/audiosupport.omsystem.com\/en\/","name":"Soporte de audio profesional","description":"Soluciones digitales OM","potentialAction":[{"@type":"SearchAction","target":{"@type":"EntryPoint","urlTemplate":"https:\/\/audiosupport.omsystem.com\/en\/?s={search_term_string}"},"query-input":{"@type":"PropertyValueSpecification","valueRequired":true,"valueName":"search_term_string"}}],"inLanguage":"es"}]}},"_links":{"self":[{"href":"https:\/\/audiosupport.omsystem.com\/es\/wp-json\/wp\/v2\/pages\/4366","targetHints":{"allow":["GET"]}}],"collection":[{"href":"https:\/\/audiosupport.omsystem.com\/es\/wp-json\/wp\/v2\/pages"}],"about":[{"href":"https:\/\/audiosupport.omsystem.com\/es\/wp-json\/wp\/v2\/types\/page"}],"author":[{"embeddable":true,"href":"https:\/\/audiosupport.omsystem.com\/es\/wp-json\/wp\/v2\/users\/1"}],"replies":[{"embeddable":true,"href":"https:\/\/audiosupport.omsystem.com\/es\/wp-json\/wp\/v2\/comments?post=4366"}],"version-history":[{"count":1,"href":"https:\/\/audiosupport.omsystem.com\/es\/wp-json\/wp\/v2\/pages\/4366\/revisions"}],"predecessor-version":[{"id":4367,"href":"https:\/\/audiosupport.omsystem.com\/es\/wp-json\/wp\/v2\/pages\/4366\/revisions\/4367"}],"up":[{"embeddable":true,"href":"https:\/\/audiosupport.omsystem.com\/es\/wp-json\/wp\/v2\/pages\/4338"}],"wp:attachment":[{"href":"https:\/\/audiosupport.omsystem.com\/es\/wp-json\/wp\/v2\/media?parent=4366"}],"curies":[{"name":"gracias","href":"https:\/\/api.w.org\/{rel}","templated":true}]}}