{"id":4362,"date":"2022-03-23T17:24:17","date_gmt":"2022-03-23T17:24:17","guid":{"rendered":"https:\/\/audiosupport.omsystem.com\/?page_id=4362"},"modified":"2022-03-23T17:24:18","modified_gmt":"2022-03-23T17:24:18","slug":"ds-9000-change-log","status":"publish","type":"page","link":"https:\/\/audiosupport.omsystem.com\/es\/knowledge-base\/change-logs-portable-dictation\/ds-9000-change-log\/","title":{"rendered":"Registro de cambios de DS-9000"},"content":{"rendered":"<p>30 de marzo de 2020<br><strong>firmware 1.07<\/strong><\/p>\n\n\n\n<ul class=\"wp-block-list\"><li>Resuelve un problema por el cual la reproducci\u00f3n no comenzaba desde la posici\u00f3n en que se detuvo.<\/li><li>Se solucion\u00f3 un problema por el que no se mostraban todos los tipos de trabajo.<\/li><\/ul>\n\n\n\n<p>13 de diciembre de 2019<br><strong>firmware 1.06<\/strong><\/p>\n\n\n\n<ul class=\"wp-block-list\"><li>Mejorar la velocidad para Rev\/Que<\/li><li>Muestra el n\u00famero de archivos. (Archivo actual\/N\u00famero total de archivos)<\/li><li>Cambie la operaci\u00f3n de acuerdo con la posici\u00f3n del interruptor deslizante cuando se recupere del modo de suspensi\u00f3n<\/li><li>Mejorar el tiempo de inicio. (con y sin tarjeta SD)<\/li><li>Recuperarse de la suspensi\u00f3n con el sensor de movimiento durante la configuraci\u00f3n de atenuaci\u00f3n<\/li><li>Notifique a los usuarios que el nivel de la bater\u00eda debe ser superior a 50% durante la actualizaci\u00f3n del firmware<\/li><li>Se solucion\u00f3 un problema por el cual, bajo ciertas condiciones, se creaban nuevos archivos durante una sola grabaci\u00f3n<\/li><\/ul>\n\n\n\n<p>19 de septiembre de 2019<br><strong>firmware 1.04<\/strong><\/p>\n\n\n\n<ul class=\"wp-block-list\"><li>Se mejoraron las especificaciones de carga del dispositivo.<\/li><li>Habilitado para cargar a trav\u00e9s de USB incluso cuando el dispositivo est\u00e1 bloqueado con PIN.<\/li><li>Soporte de recarga de bater\u00eda baja a trav\u00e9s de USB AC.<\/li><li>Se elimin\u00f3 la pantalla de confirmaci\u00f3n de &quot;\u00bfCargar bater\u00eda?&quot; cuando se carga a trav\u00e9s de USB AC.<\/li><li>Se solucion\u00f3 el problema de que la tarjeta SD puede no ser visible como una unidad cuando se conecta a una Mac.<\/li><li>Se solucion\u00f3 el problema de que el altavoz y el micr\u00f3fono podr\u00edan no funcionar cuando se conectan a Windows 10.<\/li><li>Se solucion\u00f3 el problema de que el REW no funciona al final del archivo.<\/li><li>Se cambi\u00f3 el orden de los archivos para que siempre est\u00e9n en el orden de los n\u00fameros de trabajo.<\/li><li>Admite agregar grabaci\u00f3n en formato MP3. La grabaci\u00f3n de inserci\u00f3n y la grabaci\u00f3n de sobrescritura no son compatibles.<\/li><li>Rev to Stop ya no sobrepasar\u00e1 la posici\u00f3n de parada.<\/li><li>Admite un salto al principio o al final del archivo cuando hace doble clic en REW o FF.<\/li><li>Mejorado para que el ruido del interruptor deslizante se minimice cuando agregue la grabaci\u00f3n.<\/li><\/ul>\n\n\n\n<p>20 de junio de 2019<br><strong>firmware 1.03<\/strong><\/p>\n\n\n\n<ul class=\"wp-block-list\"><li>Se solucion\u00f3 el problema de que es posible que los archivos no se reproduzcan correctamente debido a un ruido que podr\u00eda ocurrir en la mitad del archivo.<\/li><\/ul>\n\n\n\n<p>2 de abril de 2019<br><strong>firmware 1.02<\/strong><\/p>\n\n\n\n<ul class=\"wp-block-list\"><li>Soluciona un problema por el que un archivo puede no reproducirse correctamente cuando se graba en modo VCVA.<\/li><\/ul>\n\n\n\n<p>1 de agosto de 2018<br><strong>firmware 1.00<\/strong><\/p>\n\n\n\n<ul class=\"wp-block-list\"><li>Firmware original<\/li><\/ul>","protected":false},"excerpt":{"rendered":"<p>March 30, 2020Firmware 1.07 Resolves an issue whereby playback did not start from the position it stopped. Fixed an issue that not all Worktypes were being displayed. December 13, 2019Firmware 1.06 Improve speed for Rev\/Que Display number of files. (Current file\/ Total number of files) Change operation according to the position of the slide switch [&hellip;]<\/p>\n","protected":false},"author":1,"featured_media":0,"parent":4338,"menu_order":0,"comment_status":"closed","ping_status":"closed","template":"","meta":{"ghostkit_customizer_options":"","ghostkit_custom_css":"","ghostkit_custom_js_head":"","ghostkit_custom_js_foot":"","ghostkit_typography":"","footnotes":""},"class_list":["post-4362","page","type-page","status-publish","hentry"],"yoast_head":"<!-- This site is optimized with the Yoast SEO plugin v27.4 - https:\/\/yoast.com\/product\/yoast-seo-wordpress\/ -->\n<title>DS-9000 Change Log - Professional Audio Support<\/title>\n<meta name=\"robots\" content=\"index, follow, max-snippet:-1, max-image-preview:large, max-video-preview:-1\" \/>\n<link rel=\"canonical\" href=\"https:\/\/audiosupport.omsystem.com\/es\/knowledge-base\/change-logs-portable-dictation\/ds-9000-change-log\/\" \/>\n<meta property=\"og:locale\" content=\"es_ES\" \/>\n<meta property=\"og:type\" content=\"article\" \/>\n<meta property=\"og:title\" content=\"DS-9000 Change Log - Professional Audio Support\" \/>\n<meta property=\"og:description\" content=\"March 30, 2020Firmware 1.07 Resolves an issue whereby playback did not start from the position it stopped. Fixed an issue that not all Worktypes were being displayed. December 13, 2019Firmware 1.06 Improve speed for Rev\/Que Display number of files. (Current file\/ Total number of files) Change operation according to the position of the slide switch [&hellip;]\" \/>\n<meta property=\"og:url\" content=\"https:\/\/audiosupport.omsystem.com\/es\/knowledge-base\/change-logs-portable-dictation\/ds-9000-change-log\/\" \/>\n<meta property=\"og:site_name\" content=\"Professional Audio Support\" \/>\n<meta property=\"article:modified_time\" content=\"2022-03-23T17:24:18+00:00\" \/>\n<meta name=\"twitter:card\" content=\"summary_large_image\" \/>\n<meta name=\"twitter:label1\" content=\"Tiempo de lectura\" \/>\n\t<meta name=\"twitter:data1\" content=\"2 minutos\" \/>\n<script type=\"application\/ld+json\" class=\"yoast-schema-graph\">{\"@context\":\"https:\\\/\\\/schema.org\",\"@graph\":[{\"@type\":\"WebPage\",\"@id\":\"https:\\\/\\\/audiosupport.omsystem.com\\\/knowledge-base\\\/change-logs-portable-dictation\\\/ds-9000-change-log\\\/\",\"url\":\"https:\\\/\\\/audiosupport.omsystem.com\\\/knowledge-base\\\/change-logs-portable-dictation\\\/ds-9000-change-log\\\/\",\"name\":\"DS-9000 Change Log - Professional Audio Support\",\"isPartOf\":{\"@id\":\"https:\\\/\\\/audiosupport.omsystem.com\\\/en\\\/#website\"},\"datePublished\":\"2022-03-23T17:24:17+00:00\",\"dateModified\":\"2022-03-23T17:24:18+00:00\",\"breadcrumb\":{\"@id\":\"https:\\\/\\\/audiosupport.omsystem.com\\\/knowledge-base\\\/change-logs-portable-dictation\\\/ds-9000-change-log\\\/#breadcrumb\"},\"inLanguage\":\"es\",\"potentialAction\":[{\"@type\":\"ReadAction\",\"target\":[\"https:\\\/\\\/audiosupport.omsystem.com\\\/knowledge-base\\\/change-logs-portable-dictation\\\/ds-9000-change-log\\\/\"]}]},{\"@type\":\"BreadcrumbList\",\"@id\":\"https:\\\/\\\/audiosupport.omsystem.com\\\/knowledge-base\\\/change-logs-portable-dictation\\\/ds-9000-change-log\\\/#breadcrumb\",\"itemListElement\":[{\"@type\":\"ListItem\",\"position\":1,\"name\":\"Home\",\"item\":\"https:\\\/\\\/audiosupport.omsystem.com\\\/\"},{\"@type\":\"ListItem\",\"position\":2,\"name\":\"Knowledge Base\",\"item\":\"https:\\\/\\\/audiosupport.omsystem.com\\\/knowledge-base\\\/\"},{\"@type\":\"ListItem\",\"position\":3,\"name\":\"Change Logs: Portable Dictation\",\"item\":\"https:\\\/\\\/audiosupport.omsystem.com\\\/knowledge-base\\\/change-logs-portable-dictation\\\/\"},{\"@type\":\"ListItem\",\"position\":4,\"name\":\"DS-9000 Change Log\"}]},{\"@type\":\"WebSite\",\"@id\":\"https:\\\/\\\/audiosupport.omsystem.com\\\/en\\\/#website\",\"url\":\"https:\\\/\\\/audiosupport.omsystem.com\\\/en\\\/\",\"name\":\"Professional Audio Support\",\"description\":\"OM Digital Solutions\",\"potentialAction\":[{\"@type\":\"SearchAction\",\"target\":{\"@type\":\"EntryPoint\",\"urlTemplate\":\"https:\\\/\\\/audiosupport.omsystem.com\\\/en\\\/?s={search_term_string}\"},\"query-input\":{\"@type\":\"PropertyValueSpecification\",\"valueRequired\":true,\"valueName\":\"search_term_string\"}}],\"inLanguage\":\"es\"}]}<\/script>\n<!-- \/ Yoast SEO plugin. -->","yoast_head_json":{"title":"Registro de cambios del DS-9000 - Soporte de audio profesional","robots":{"index":"index","follow":"follow","max-snippet":"max-snippet:-1","max-image-preview":"max-image-preview:large","max-video-preview":"max-video-preview:-1"},"canonical":"https:\/\/audiosupport.omsystem.com\/es\/knowledge-base\/change-logs-portable-dictation\/ds-9000-change-log\/","og_locale":"es_ES","og_type":"article","og_title":"DS-9000 Change Log - Professional Audio Support","og_description":"March 30, 2020Firmware 1.07 Resolves an issue whereby playback did not start from the position it stopped. Fixed an issue that not all Worktypes were being displayed. December 13, 2019Firmware 1.06 Improve speed for Rev\/Que Display number of files. (Current file\/ Total number of files) Change operation according to the position of the slide switch [&hellip;]","og_url":"https:\/\/audiosupport.omsystem.com\/es\/knowledge-base\/change-logs-portable-dictation\/ds-9000-change-log\/","og_site_name":"Professional Audio Support","article_modified_time":"2022-03-23T17:24:18+00:00","twitter_card":"summary_large_image","twitter_misc":{"Tiempo de lectura":"2 minutos"},"schema":{"@context":"https:\/\/schema.org","@graph":[{"@type":"WebPage","@id":"https:\/\/audiosupport.omsystem.com\/knowledge-base\/change-logs-portable-dictation\/ds-9000-change-log\/","url":"https:\/\/audiosupport.omsystem.com\/knowledge-base\/change-logs-portable-dictation\/ds-9000-change-log\/","name":"Registro de cambios del DS-9000 - Soporte de audio profesional","isPartOf":{"@id":"https:\/\/audiosupport.omsystem.com\/en\/#website"},"datePublished":"2022-03-23T17:24:17+00:00","dateModified":"2022-03-23T17:24:18+00:00","breadcrumb":{"@id":"https:\/\/audiosupport.omsystem.com\/knowledge-base\/change-logs-portable-dictation\/ds-9000-change-log\/#breadcrumb"},"inLanguage":"es","potentialAction":[{"@type":"ReadAction","target":["https:\/\/audiosupport.omsystem.com\/knowledge-base\/change-logs-portable-dictation\/ds-9000-change-log\/"]}]},{"@type":"BreadcrumbList","@id":"https:\/\/audiosupport.omsystem.com\/knowledge-base\/change-logs-portable-dictation\/ds-9000-change-log\/#breadcrumb","itemListElement":[{"@type":"ListItem","position":1,"name":"Home","item":"https:\/\/audiosupport.omsystem.com\/"},{"@type":"ListItem","position":2,"name":"Knowledge Base","item":"https:\/\/audiosupport.omsystem.com\/knowledge-base\/"},{"@type":"ListItem","position":3,"name":"Change Logs: Portable Dictation","item":"https:\/\/audiosupport.omsystem.com\/knowledge-base\/change-logs-portable-dictation\/"},{"@type":"ListItem","position":4,"name":"DS-9000 Change Log"}]},{"@type":"WebSite","@id":"https:\/\/audiosupport.omsystem.com\/en\/#website","url":"https:\/\/audiosupport.omsystem.com\/en\/","name":"Soporte de audio profesional","description":"Soluciones digitales OM","potentialAction":[{"@type":"SearchAction","target":{"@type":"EntryPoint","urlTemplate":"https:\/\/audiosupport.omsystem.com\/en\/?s={search_term_string}"},"query-input":{"@type":"PropertyValueSpecification","valueRequired":true,"valueName":"search_term_string"}}],"inLanguage":"es"}]}},"_links":{"self":[{"href":"https:\/\/audiosupport.omsystem.com\/es\/wp-json\/wp\/v2\/pages\/4362","targetHints":{"allow":["GET"]}}],"collection":[{"href":"https:\/\/audiosupport.omsystem.com\/es\/wp-json\/wp\/v2\/pages"}],"about":[{"href":"https:\/\/audiosupport.omsystem.com\/es\/wp-json\/wp\/v2\/types\/page"}],"author":[{"embeddable":true,"href":"https:\/\/audiosupport.omsystem.com\/es\/wp-json\/wp\/v2\/users\/1"}],"replies":[{"embeddable":true,"href":"https:\/\/audiosupport.omsystem.com\/es\/wp-json\/wp\/v2\/comments?post=4362"}],"version-history":[{"count":1,"href":"https:\/\/audiosupport.omsystem.com\/es\/wp-json\/wp\/v2\/pages\/4362\/revisions"}],"predecessor-version":[{"id":4363,"href":"https:\/\/audiosupport.omsystem.com\/es\/wp-json\/wp\/v2\/pages\/4362\/revisions\/4363"}],"up":[{"embeddable":true,"href":"https:\/\/audiosupport.omsystem.com\/es\/wp-json\/wp\/v2\/pages\/4338"}],"wp:attachment":[{"href":"https:\/\/audiosupport.omsystem.com\/es\/wp-json\/wp\/v2\/media?parent=4362"}],"curies":[{"name":"gracias","href":"https:\/\/api.w.org\/{rel}","templated":true}]}}