{"id":4360,"date":"2022-03-23T17:17:12","date_gmt":"2022-03-23T17:17:12","guid":{"rendered":"https:\/\/audiosupport.omsystem.com\/?page_id=4360"},"modified":"2022-03-23T17:19:04","modified_gmt":"2022-03-23T17:19:04","slug":"ds-9500-change-log","status":"publish","type":"page","link":"https:\/\/audiosupport.omsystem.com\/es\/knowledge-base\/change-logs-portable-dictation\/ds-9500-change-log\/","title":{"rendered":"Registro de cambios de DS-9500"},"content":{"rendered":"<p>15 de marzo de 2021<br><strong>firmware 1.16<\/strong><\/p>\n\n\n\n<ul class=\"wp-block-list\"><li>Se solucion\u00f3 el problema de que el dispositivo se congela durante la grabaci\u00f3n o reproducci\u00f3n.<\/li><li>Se solucion\u00f3 el problema de que el dispositivo se reinicia durante la grabaci\u00f3n o reproducci\u00f3n despu\u00e9s de insertar la bater\u00eda.<\/li><li>Se solucion\u00f3 el problema de que la operaci\u00f3n del interruptor deslizante no responde al regresar del modo de suspensi\u00f3n.<\/li><\/ul>\n\n\n\n<p>30 de julio de 2020<br><strong>firmware 1.15<\/strong><\/p>\n\n\n\n<ul class=\"wp-block-list\"><li>Mantener la conexi\u00f3n Wi-Fi durante la grabaci\u00f3n (solo modo Dictado)<\/li><li>Se han solucionado las causas comunes por las que el dispositivo se congela.<\/li><\/ul>\n\n\n\n<p>26 de febrero de 2020<br><strong>firmware 1.14<\/strong><\/p>\n\n\n\n<ul class=\"wp-block-list\"><li>Se muestra el n\u00famero de archivos en una carpeta<\/li><li>El icono de transferencia WiFi fallida se ha agregado a la barra de estado<\/li><li>Se muestra el estado de conexi\u00f3n de red activa<\/li><li>Se agreg\u00f3 la capacidad de eliminar redes WiFi<\/li><li>Se notifica a los usuarios que el porcentaje de bater\u00eda debe ser 50% o m\u00e1s durante una actualizaci\u00f3n de firmware<\/li><li>La configuraci\u00f3n del brillo de la pantalla es m\u00e1s f\u00e1cil de configurar<\/li><li>Configuraci\u00f3n de luz tenue mejorada<\/li><li>Configuraci\u00f3n mejorada de ahorro de energ\u00eda<\/li><li>Cambie la operaci\u00f3n de acuerdo con la posici\u00f3n del interruptor deslizante cuando se recupere del modo de ahorro de energ\u00eda.<\/li><li>La direcci\u00f3n IP y la direcci\u00f3n Mac para LAN cableada ahora se muestran en la secci\u00f3n Informaci\u00f3n del dispositivo<\/li><li>La pantalla se ha mejorado para mostrar que el dispositivo se est\u00e1 conectando a una red, una vez que se ha seleccionado de la lista<\/li><li>Las redes WiFi se mostrar\u00e1n en orden de se\u00f1al m\u00e1s fuerte. Si una red WiFi previamente registrada no est\u00e1 disponible, no se mostrar\u00e1 en la lista.<\/li><li>Se agreg\u00f3 soporte para la puntuaci\u00f3n de iPhone<\/li><\/ul>\n\n\n\n<p>9 de enero de 2020<br><strong>firmware 1.13<\/strong><\/p>\n\n\n\n<ul class=\"wp-block-list\"><li>Velocidad mejorada para Rev\/Que<\/li><li>Velocidad de recuperaci\u00f3n mejorada desde la pantalla de suspensi\u00f3n, atenuaci\u00f3n y recarga<\/li><li>El estado del archivo se muestra cuando se descarga a trav\u00e9s de USB, en un entorno de grupo de trabajo utilizando el WCS<\/li><li>(requiere ODMS 7.3)<\/li><li>Reducci\u00f3n del n\u00famero de pasos para la transferencia WiFi: &quot;Transferencia WiFi con un clic&quot;<\/li><li>El icono se muestra cuando se conecta a trav\u00e9s de una LAN con cable<\/li><li>Se muestra el estado de los archivos pendientes<\/li><li>Cambi\u00f3 la posici\u00f3n del cursor en la vista de lista, para transferencia WiFi<\/li><li>Cambi\u00f3 la posici\u00f3n del archivo cuando regres\u00f3 de la vista de lista<\/li><li>Tiempo de inicio mejorado sin tarjeta SD<\/li><li>Se agreg\u00f3 la capacidad de reenviar por correo electr\u00f3nico<\/li><li>Los archivos se eliminar\u00e1n al reiniciar el dispositivo o al mostrar la vista de lista.<\/li><\/ul>\n\n\n\n<p>16 de octubre de 2019<br><strong>firmware 1.12<\/strong><\/p>\n\n\n\n<ul class=\"wp-block-list\"><li>Se mejoraron las especificaciones de carga del dispositivo.<\/li><li>Habilitado para cargar a trav\u00e9s de USB incluso cuando el dispositivo est\u00e1 bloqueado con PIN.<\/li><li>Soporte de recarga de bater\u00eda baja a trav\u00e9s de USB AC.<\/li><li>Se elimin\u00f3 la pantalla de confirmaci\u00f3n de &quot;\u00bfCargar bater\u00eda?&quot; cuando se carga a trav\u00e9s de USB AC.<\/li><li>Estabilidad mejorada al cargar desde una PC.<\/li><li>Se solucion\u00f3 el problema al conectarse a la empresa WIFI.<\/li><li>Permite detener y reanudar la grabaci\u00f3n en MP3 con el modo de interruptor deslizante Tipo B y Tipo C.<\/li><li>Se han corregido las causas comunes de bloqueo del dispositivo.<\/li><li>Se solucion\u00f3 el problema de que la funci\u00f3n REW puede no funcionar al final de un archivo.<\/li><\/ul>\n\n\n\n<p>26 de noviembre de 2018<br><strong>firmware 1.11<\/strong><\/p>\n\n\n\n<ul class=\"wp-block-list\"><li>Se solucion\u00f3 el problema que no arrancaba correctamente.<\/li><li>Se solucion\u00f3 el problema de que una bater\u00eda agotada no se puede cargar.<\/li><li>Se solucion\u00f3 el problema de que al conectarse a la PC, el mensaje de confirmaci\u00f3n del firmware se muestra cada vez.<\/li><\/ul>\n\n\n\n<p>3 de julio de 2018<br><strong>firmware 1.10<\/strong><\/p>\n\n\n\n<ul class=\"wp-block-list\"><li>Cambiar la conexi\u00f3n WiFi para que se pueda implementar en segundo plano.<\/li><li>Cambiar la conexi\u00f3n WiFi para que se pueda cancelar.<\/li><li>Al ingresar el c\u00f3digo de seguridad WiFi y la direcci\u00f3n de correo electr\u00f3nico, ahora hay disponibles caracteres especiales adicionales.<\/li><li>Grabaci\u00f3n de la informaci\u00f3n del n\u00famero de serie del producto en el encabezado del archivo DSS.<\/li><li>Mejora de la estabilidad del env\u00edo de dictados por correo electr\u00f3nico.<\/li><li>Se solucion\u00f3 el problema por el cual el tiempo establecido en algunos entornos se desordenaba.<\/li><\/ul>\n\n\n\n<p>2 de mayo de 2018<br><strong>firmware 1.01<\/strong><\/p>\n\n\n\n<ul class=\"wp-block-list\"><li>Mensaje de error no deseado &quot;\u00bfDesea escanear y corregir?&quot; en Windows 10 y 8.1, cuando la grabadora se conecta por primera vez<\/li><\/ul>\n\n\n\n<p>4 de abril de 2018<br><strong>firmware 1.00<\/strong><\/p>\n\n\n\n<ul class=\"wp-block-list\"><li>Firmware original<\/li><\/ul>","protected":false},"excerpt":{"rendered":"<p>March 15, 2021Firmware 1.16 Fixed the issue that the device freezes during recording or playback. Fixed the issue that the device reboots during recording or playback after the battery has been inserted. Fixed the issue that the slide switch operation does not respond when returning from sleep. July 30, 2020Firmware 1.15 Maintain Wi-Fi connection during [&hellip;]<\/p>\n","protected":false},"author":1,"featured_media":0,"parent":4338,"menu_order":0,"comment_status":"closed","ping_status":"closed","template":"","meta":{"ghostkit_customizer_options":"","ghostkit_custom_css":"","ghostkit_custom_js_head":"","ghostkit_custom_js_foot":"","ghostkit_typography":"","footnotes":""},"class_list":["post-4360","page","type-page","status-publish","hentry"],"yoast_head":"<!-- This site is optimized with the Yoast SEO plugin v27.4 - https:\/\/yoast.com\/product\/yoast-seo-wordpress\/ -->\n<title>DS-9500 Change Log - Professional Audio Support<\/title>\n<meta name=\"robots\" content=\"index, follow, max-snippet:-1, max-image-preview:large, max-video-preview:-1\" \/>\n<link rel=\"canonical\" href=\"https:\/\/audiosupport.omsystem.com\/es\/knowledge-base\/change-logs-portable-dictation\/ds-9500-change-log\/\" \/>\n<meta property=\"og:locale\" content=\"es_ES\" \/>\n<meta property=\"og:type\" content=\"article\" \/>\n<meta property=\"og:title\" content=\"DS-9500 Change Log - Professional Audio Support\" \/>\n<meta property=\"og:description\" content=\"March 15, 2021Firmware 1.16 Fixed the issue that the device freezes during recording or playback. Fixed the issue that the device reboots during recording or playback after the battery has been inserted. Fixed the issue that the slide switch operation does not respond when returning from sleep. July 30, 2020Firmware 1.15 Maintain Wi-Fi connection during [&hellip;]\" \/>\n<meta property=\"og:url\" content=\"https:\/\/audiosupport.omsystem.com\/es\/knowledge-base\/change-logs-portable-dictation\/ds-9500-change-log\/\" \/>\n<meta property=\"og:site_name\" content=\"Professional Audio Support\" \/>\n<meta property=\"article:modified_time\" content=\"2022-03-23T17:19:04+00:00\" \/>\n<meta name=\"twitter:card\" content=\"summary_large_image\" \/>\n<meta name=\"twitter:label1\" content=\"Tiempo de lectura\" \/>\n\t<meta name=\"twitter:data1\" content=\"3 minutos\" \/>\n<script type=\"application\/ld+json\" class=\"yoast-schema-graph\">{\"@context\":\"https:\\\/\\\/schema.org\",\"@graph\":[{\"@type\":\"WebPage\",\"@id\":\"https:\\\/\\\/audiosupport.omsystem.com\\\/knowledge-base\\\/change-logs-portable-dictation\\\/ds-9500-change-log\\\/\",\"url\":\"https:\\\/\\\/audiosupport.omsystem.com\\\/knowledge-base\\\/change-logs-portable-dictation\\\/ds-9500-change-log\\\/\",\"name\":\"DS-9500 Change Log - Professional Audio Support\",\"isPartOf\":{\"@id\":\"https:\\\/\\\/audiosupport.omsystem.com\\\/en\\\/#website\"},\"datePublished\":\"2022-03-23T17:17:12+00:00\",\"dateModified\":\"2022-03-23T17:19:04+00:00\",\"breadcrumb\":{\"@id\":\"https:\\\/\\\/audiosupport.omsystem.com\\\/knowledge-base\\\/change-logs-portable-dictation\\\/ds-9500-change-log\\\/#breadcrumb\"},\"inLanguage\":\"es\",\"potentialAction\":[{\"@type\":\"ReadAction\",\"target\":[\"https:\\\/\\\/audiosupport.omsystem.com\\\/knowledge-base\\\/change-logs-portable-dictation\\\/ds-9500-change-log\\\/\"]}]},{\"@type\":\"BreadcrumbList\",\"@id\":\"https:\\\/\\\/audiosupport.omsystem.com\\\/knowledge-base\\\/change-logs-portable-dictation\\\/ds-9500-change-log\\\/#breadcrumb\",\"itemListElement\":[{\"@type\":\"ListItem\",\"position\":1,\"name\":\"Home\",\"item\":\"https:\\\/\\\/audiosupport.omsystem.com\\\/\"},{\"@type\":\"ListItem\",\"position\":2,\"name\":\"Knowledge Base\",\"item\":\"https:\\\/\\\/audiosupport.omsystem.com\\\/knowledge-base\\\/\"},{\"@type\":\"ListItem\",\"position\":3,\"name\":\"Change Logs: Portable Dictation\",\"item\":\"https:\\\/\\\/audiosupport.omsystem.com\\\/knowledge-base\\\/change-logs-portable-dictation\\\/\"},{\"@type\":\"ListItem\",\"position\":4,\"name\":\"DS-9500 Change Log\"}]},{\"@type\":\"WebSite\",\"@id\":\"https:\\\/\\\/audiosupport.omsystem.com\\\/en\\\/#website\",\"url\":\"https:\\\/\\\/audiosupport.omsystem.com\\\/en\\\/\",\"name\":\"Professional Audio Support\",\"description\":\"OM Digital Solutions\",\"potentialAction\":[{\"@type\":\"SearchAction\",\"target\":{\"@type\":\"EntryPoint\",\"urlTemplate\":\"https:\\\/\\\/audiosupport.omsystem.com\\\/en\\\/?s={search_term_string}\"},\"query-input\":{\"@type\":\"PropertyValueSpecification\",\"valueRequired\":true,\"valueName\":\"search_term_string\"}}],\"inLanguage\":\"es\"}]}<\/script>\n<!-- \/ Yoast SEO plugin. -->","yoast_head_json":{"title":"Registro de cambios del DS-9500 - Soporte de audio profesional","robots":{"index":"index","follow":"follow","max-snippet":"max-snippet:-1","max-image-preview":"max-image-preview:large","max-video-preview":"max-video-preview:-1"},"canonical":"https:\/\/audiosupport.omsystem.com\/es\/knowledge-base\/change-logs-portable-dictation\/ds-9500-change-log\/","og_locale":"es_ES","og_type":"article","og_title":"DS-9500 Change Log - Professional Audio Support","og_description":"March 15, 2021Firmware 1.16 Fixed the issue that the device freezes during recording or playback. Fixed the issue that the device reboots during recording or playback after the battery has been inserted. Fixed the issue that the slide switch operation does not respond when returning from sleep. July 30, 2020Firmware 1.15 Maintain Wi-Fi connection during [&hellip;]","og_url":"https:\/\/audiosupport.omsystem.com\/es\/knowledge-base\/change-logs-portable-dictation\/ds-9500-change-log\/","og_site_name":"Professional Audio Support","article_modified_time":"2022-03-23T17:19:04+00:00","twitter_card":"summary_large_image","twitter_misc":{"Tiempo de lectura":"3 minutos"},"schema":{"@context":"https:\/\/schema.org","@graph":[{"@type":"WebPage","@id":"https:\/\/audiosupport.omsystem.com\/knowledge-base\/change-logs-portable-dictation\/ds-9500-change-log\/","url":"https:\/\/audiosupport.omsystem.com\/knowledge-base\/change-logs-portable-dictation\/ds-9500-change-log\/","name":"Registro de cambios del DS-9500 - Soporte de audio profesional","isPartOf":{"@id":"https:\/\/audiosupport.omsystem.com\/en\/#website"},"datePublished":"2022-03-23T17:17:12+00:00","dateModified":"2022-03-23T17:19:04+00:00","breadcrumb":{"@id":"https:\/\/audiosupport.omsystem.com\/knowledge-base\/change-logs-portable-dictation\/ds-9500-change-log\/#breadcrumb"},"inLanguage":"es","potentialAction":[{"@type":"ReadAction","target":["https:\/\/audiosupport.omsystem.com\/knowledge-base\/change-logs-portable-dictation\/ds-9500-change-log\/"]}]},{"@type":"BreadcrumbList","@id":"https:\/\/audiosupport.omsystem.com\/knowledge-base\/change-logs-portable-dictation\/ds-9500-change-log\/#breadcrumb","itemListElement":[{"@type":"ListItem","position":1,"name":"Home","item":"https:\/\/audiosupport.omsystem.com\/"},{"@type":"ListItem","position":2,"name":"Knowledge Base","item":"https:\/\/audiosupport.omsystem.com\/knowledge-base\/"},{"@type":"ListItem","position":3,"name":"Change Logs: Portable Dictation","item":"https:\/\/audiosupport.omsystem.com\/knowledge-base\/change-logs-portable-dictation\/"},{"@type":"ListItem","position":4,"name":"DS-9500 Change Log"}]},{"@type":"WebSite","@id":"https:\/\/audiosupport.omsystem.com\/en\/#website","url":"https:\/\/audiosupport.omsystem.com\/en\/","name":"Soporte de audio profesional","description":"Soluciones digitales OM","potentialAction":[{"@type":"SearchAction","target":{"@type":"EntryPoint","urlTemplate":"https:\/\/audiosupport.omsystem.com\/en\/?s={search_term_string}"},"query-input":{"@type":"PropertyValueSpecification","valueRequired":true,"valueName":"search_term_string"}}],"inLanguage":"es"}]}},"_links":{"self":[{"href":"https:\/\/audiosupport.omsystem.com\/es\/wp-json\/wp\/v2\/pages\/4360","targetHints":{"allow":["GET"]}}],"collection":[{"href":"https:\/\/audiosupport.omsystem.com\/es\/wp-json\/wp\/v2\/pages"}],"about":[{"href":"https:\/\/audiosupport.omsystem.com\/es\/wp-json\/wp\/v2\/types\/page"}],"author":[{"embeddable":true,"href":"https:\/\/audiosupport.omsystem.com\/es\/wp-json\/wp\/v2\/users\/1"}],"replies":[{"embeddable":true,"href":"https:\/\/audiosupport.omsystem.com\/es\/wp-json\/wp\/v2\/comments?post=4360"}],"version-history":[{"count":1,"href":"https:\/\/audiosupport.omsystem.com\/es\/wp-json\/wp\/v2\/pages\/4360\/revisions"}],"predecessor-version":[{"id":4361,"href":"https:\/\/audiosupport.omsystem.com\/es\/wp-json\/wp\/v2\/pages\/4360\/revisions\/4361"}],"up":[{"embeddable":true,"href":"https:\/\/audiosupport.omsystem.com\/es\/wp-json\/wp\/v2\/pages\/4338"}],"wp:attachment":[{"href":"https:\/\/audiosupport.omsystem.com\/es\/wp-json\/wp\/v2\/media?parent=4360"}],"curies":[{"name":"gracias","href":"https:\/\/api.w.org\/{rel}","templated":true}]}}