{"id":23,"date":"2021-11-19T16:15:39","date_gmt":"2021-11-19T16:15:39","guid":{"rendered":"https:\/\/olympus2.gliffen.com\/~opdsupport\/?page_id=23"},"modified":"2024-04-10T21:08:50","modified_gmt":"2024-04-10T21:08:50","slug":"where-to-buy","status":"publish","type":"page","link":"https:\/\/audiosupport.omsystem.com\/es\/where-to-buy\/","title":{"rendered":"Donde comprar"},"content":{"rendered":"<p>Durante m\u00e1s de 50 a\u00f1os, Olympus ha sido un socio de confianza para los sectores m\u00e9dico, legal, financiero, gubernamental y otros, proporcionando dispositivos de dictado profesional excepcionales que se pueden adaptar a sus necesidades individuales y hacer que sus flujos de trabajo sean m\u00e1s eficientes.<\/p>\n\n\n\n<div class=\"wp-block-buttons is-content-justification-center is-layout-flex wp-container-core-buttons-is-layout-16018d1d wp-block-buttons-is-layout-flex\">\n<div class=\"wp-block-button\"><a class=\"wp-block-button__link wp-element-button\" href=\"https:\/\/dictation.omsystem.com\/en\/dealers\/\">Encontrar un distribuidor<\/a><\/div>\n<\/div>\n\n\n\n<p><\/p>","protected":false},"excerpt":{"rendered":"<p>Durante m\u00e1s de 50 a\u00f1os, Olympus ha sido un socio de confianza para los sectores m\u00e9dico, legal, financiero, gubernamental y otros, proporcionando dispositivos de dictado profesional excepcionales que se pueden adaptar a sus necesidades individuales y hacer que sus flujos de trabajo sean m\u00e1s eficientes.<\/p>","protected":false},"author":1,"featured_media":0,"parent":0,"menu_order":0,"comment_status":"closed","ping_status":"closed","template":"","meta":{"ghostkit_customizer_options":"","ghostkit_custom_css":"","ghostkit_custom_js_head":"","ghostkit_custom_js_foot":"","ghostkit_typography":"","footnotes":""},"class_list":["post-23","page","type-page","status-publish","hentry"],"yoast_head":"<!-- This site is optimized with the Yoast SEO plugin v27.4 - https:\/\/yoast.com\/product\/yoast-seo-wordpress\/ -->\n<title>Where to Buy Olympus products - OM systems<\/title>\n<meta name=\"description\" content=\"Learn where to buy Olympus here. We have dealers in Australia, Various parts of Europe, North America and more.\" \/>\n<meta name=\"robots\" content=\"index, follow, max-snippet:-1, max-image-preview:large, max-video-preview:-1\" \/>\n<link rel=\"canonical\" href=\"https:\/\/audiosupport.omsystem.com\/es\/where-to-buy\/\" \/>\n<meta property=\"og:locale\" content=\"es_ES\" \/>\n<meta property=\"og:type\" content=\"article\" \/>\n<meta property=\"og:title\" content=\"Where to Buy Olympus products - OM systems\" \/>\n<meta property=\"og:description\" content=\"Learn where to buy Olympus here. We have dealers in Australia, Various parts of Europe, North America and more.\" \/>\n<meta property=\"og:url\" content=\"https:\/\/audiosupport.omsystem.com\/es\/where-to-buy\/\" \/>\n<meta property=\"og:site_name\" content=\"Professional Audio Support\" \/>\n<meta property=\"article:modified_time\" content=\"2024-04-10T21:08:50+00:00\" \/>\n<meta name=\"twitter:card\" content=\"summary_large_image\" \/>\n<meta name=\"twitter:label1\" content=\"Tiempo de lectura\" \/>\n\t<meta name=\"twitter:data1\" content=\"3 minutos\" \/>\n<script type=\"application\/ld+json\" class=\"yoast-schema-graph\">{\"@context\":\"https:\\\/\\\/schema.org\",\"@graph\":[{\"@type\":\"WebPage\",\"@id\":\"https:\\\/\\\/audiosupport.omsystem.com\\\/where-to-buy\\\/\",\"url\":\"https:\\\/\\\/audiosupport.omsystem.com\\\/where-to-buy\\\/\",\"name\":\"Where to Buy Olympus products - OM systems\",\"isPartOf\":{\"@id\":\"https:\\\/\\\/audiosupport.omsystem.com\\\/en\\\/#website\"},\"datePublished\":\"2021-11-19T16:15:39+00:00\",\"dateModified\":\"2024-04-10T21:08:50+00:00\",\"description\":\"Learn where to buy Olympus here. We have dealers in Australia, Various parts of Europe, North America and more.\",\"breadcrumb\":{\"@id\":\"https:\\\/\\\/audiosupport.omsystem.com\\\/where-to-buy\\\/#breadcrumb\"},\"inLanguage\":\"es\",\"potentialAction\":[{\"@type\":\"ReadAction\",\"target\":[\"https:\\\/\\\/audiosupport.omsystem.com\\\/where-to-buy\\\/\"]}]},{\"@type\":\"BreadcrumbList\",\"@id\":\"https:\\\/\\\/audiosupport.omsystem.com\\\/where-to-buy\\\/#breadcrumb\",\"itemListElement\":[{\"@type\":\"ListItem\",\"position\":1,\"name\":\"Home\",\"item\":\"https:\\\/\\\/audiosupport.omsystem.com\\\/\"},{\"@type\":\"ListItem\",\"position\":2,\"name\":\"Where to Buy\"}]},{\"@type\":\"WebSite\",\"@id\":\"https:\\\/\\\/audiosupport.omsystem.com\\\/en\\\/#website\",\"url\":\"https:\\\/\\\/audiosupport.omsystem.com\\\/en\\\/\",\"name\":\"Professional Audio Support\",\"description\":\"OM Digital Solutions\",\"potentialAction\":[{\"@type\":\"SearchAction\",\"target\":{\"@type\":\"EntryPoint\",\"urlTemplate\":\"https:\\\/\\\/audiosupport.omsystem.com\\\/en\\\/?s={search_term_string}\"},\"query-input\":{\"@type\":\"PropertyValueSpecification\",\"valueRequired\":true,\"valueName\":\"search_term_string\"}}],\"inLanguage\":\"es\"}]}<\/script>\n<!-- \/ Yoast SEO plugin. -->","yoast_head_json":{"title":"D\u00f3nde comprar productos Olympus - Sistemas OM","description":"Descubra d\u00f3nde comprar Olympus aqu\u00ed. Tenemos distribuidores en Australia, varias partes de Europa, Norteam\u00e9rica y m\u00e1s.","robots":{"index":"index","follow":"follow","max-snippet":"max-snippet:-1","max-image-preview":"max-image-preview:large","max-video-preview":"max-video-preview:-1"},"canonical":"https:\/\/audiosupport.omsystem.com\/es\/where-to-buy\/","og_locale":"es_ES","og_type":"article","og_title":"Where to Buy Olympus products - OM systems","og_description":"Learn where to buy Olympus here. We have dealers in Australia, Various parts of Europe, North America and more.","og_url":"https:\/\/audiosupport.omsystem.com\/es\/where-to-buy\/","og_site_name":"Professional Audio Support","article_modified_time":"2024-04-10T21:08:50+00:00","twitter_card":"summary_large_image","twitter_misc":{"Tiempo de lectura":"3 minutos"},"schema":{"@context":"https:\/\/schema.org","@graph":[{"@type":"WebPage","@id":"https:\/\/audiosupport.omsystem.com\/where-to-buy\/","url":"https:\/\/audiosupport.omsystem.com\/where-to-buy\/","name":"D\u00f3nde comprar productos Olympus - Sistemas OM","isPartOf":{"@id":"https:\/\/audiosupport.omsystem.com\/en\/#website"},"datePublished":"2021-11-19T16:15:39+00:00","dateModified":"2024-04-10T21:08:50+00:00","description":"Descubra d\u00f3nde comprar Olympus aqu\u00ed. Tenemos distribuidores en Australia, varias partes de Europa, Norteam\u00e9rica y m\u00e1s.","breadcrumb":{"@id":"https:\/\/audiosupport.omsystem.com\/where-to-buy\/#breadcrumb"},"inLanguage":"es","potentialAction":[{"@type":"ReadAction","target":["https:\/\/audiosupport.omsystem.com\/where-to-buy\/"]}]},{"@type":"BreadcrumbList","@id":"https:\/\/audiosupport.omsystem.com\/where-to-buy\/#breadcrumb","itemListElement":[{"@type":"ListItem","position":1,"name":"Home","item":"https:\/\/audiosupport.omsystem.com\/"},{"@type":"ListItem","position":2,"name":"Where to Buy"}]},{"@type":"WebSite","@id":"https:\/\/audiosupport.omsystem.com\/en\/#website","url":"https:\/\/audiosupport.omsystem.com\/en\/","name":"Soporte de audio profesional","description":"Soluciones digitales OM","potentialAction":[{"@type":"SearchAction","target":{"@type":"EntryPoint","urlTemplate":"https:\/\/audiosupport.omsystem.com\/en\/?s={search_term_string}"},"query-input":{"@type":"PropertyValueSpecification","valueRequired":true,"valueName":"search_term_string"}}],"inLanguage":"es"}]}},"_links":{"self":[{"href":"https:\/\/audiosupport.omsystem.com\/es\/wp-json\/wp\/v2\/pages\/23","targetHints":{"allow":["GET"]}}],"collection":[{"href":"https:\/\/audiosupport.omsystem.com\/es\/wp-json\/wp\/v2\/pages"}],"about":[{"href":"https:\/\/audiosupport.omsystem.com\/es\/wp-json\/wp\/v2\/types\/page"}],"author":[{"embeddable":true,"href":"https:\/\/audiosupport.omsystem.com\/es\/wp-json\/wp\/v2\/users\/1"}],"replies":[{"embeddable":true,"href":"https:\/\/audiosupport.omsystem.com\/es\/wp-json\/wp\/v2\/comments?post=23"}],"version-history":[{"count":11,"href":"https:\/\/audiosupport.omsystem.com\/es\/wp-json\/wp\/v2\/pages\/23\/revisions"}],"predecessor-version":[{"id":5184,"href":"https:\/\/audiosupport.omsystem.com\/es\/wp-json\/wp\/v2\/pages\/23\/revisions\/5184"}],"wp:attachment":[{"href":"https:\/\/audiosupport.omsystem.com\/es\/wp-json\/wp\/v2\/media?parent=23"}],"curies":[{"name":"gracias","href":"https:\/\/api.w.org\/{rel}","templated":true}]}}