{"id":5150,"date":"2024-04-07T19:01:28","date_gmt":"2024-04-07T19:01:28","guid":{"rendered":"https:\/\/audiosupport.omsystem.com\/?post_type=product&#038;p=5150"},"modified":"2026-03-16T17:00:59","modified_gmt":"2026-03-16T17:00:59","slug":"odms-r8","status":"publish","type":"product","link":"https:\/\/audiosupport.omsystem.com\/de\/product\/odms-r8\/","title":{"rendered":"ODMS R8"},"content":{"rendered":"<div class=\"ghostkit-grid ghostkit-grid-gap-md\"><div class=\"ghostkit-grid-inner\">\n<div class=\"ghostkit-col ghostkit-col-md-12 ghostkit-col-lg-6 ghostkit-col-3\"><div class=\"ghostkit-col-content is-layout-flow wp-block-ghostkit-grid-column-is-layout-flow\">\n<h3 class=\"wp-block-heading\" id=\"cpu\"><strong>Betriebssysteme &amp; Anforderungen<\/strong><\/h3>\n\n\n\n<p><strong>Client-Betriebssystem<\/strong><\/p>\n\n\n\n<ul class=\"wp-block-list\">\n<li>Windows 10\/11<\/li>\n<\/ul>\n\n\n\n<p><strong>Server-Betriebssystem<\/strong><\/p>\n\n\n\n<ul class=\"wp-block-list\">\n<li>Windows Server 2016 \/ 2019 \/ 2022<\/li>\n<\/ul>\n\n\n\n<h3 class=\"wp-block-heading\" id=\"cpu\"><strong>Zentralprozessor<\/strong><\/h3>\n\n\n\n<p><strong>Client-Betriebssystem<\/strong><\/p>\n\n\n\n<ul class=\"wp-block-list\">\n<li>2 GHz oder schneller<br><sub>* Einzel<br>Core-Prozessor wird nicht unterst\u00fctzt.<\/sub><\/li>\n<\/ul>\n\n\n\n<p><strong>Server-Betriebssystem<\/strong><\/p>\n\n\n\n<ul class=\"wp-block-list\">\n<li>2 GHz oder schneller<\/li>\n<\/ul>\n\n\n\n<h3 class=\"wp-block-heading\" id=\"memory\"><strong>Erinnerung<\/strong><\/h3>\n\n\n\n<p><strong>Client-Betriebssystem<\/strong><\/p>\n\n\n\n<ul class=\"wp-block-list\">\n<li>2 GB oder mehr (Windows 10)<\/li>\n\n\n\n<li>4 GB oder mehr (Windows 11)<\/li>\n<\/ul>\n\n\n\n<p><strong>Server-Betriebssystem<\/strong><\/p>\n\n\n\n<ul class=\"wp-block-list\">\n<li>2 GB oder mehr (Windows Server 2016 \/ 2019 \/ 2022)<br><sub>(Die Kapazit\u00e4t sollte<br>erh\u00f6ht sich abh\u00e4ngig von der Anzahl der gleichzeitig nutzenden Benutzer)<\/sub><\/li>\n<\/ul>\n\n\n\n<h3 class=\"wp-block-heading\" id=\"memory\"><strong>Festplattenplatz<\/strong><\/h3>\n\n\n\n<ul class=\"wp-block-list\">\n<li>2 GB oder mehr <br><sub>(Zus\u00e4tzlicher Platz ist<br>erforderlich, falls .NET Framework 4.8 noch nicht installiert ist.)<\/sub><\/li>\n<\/ul>\n<\/div><\/div>\n\n\n\n<div class=\"ghostkit-col ghostkit-col-md-12 ghostkit-col-lg-6 ghostkit-col-3\"><div class=\"ghostkit-col-content is-layout-flow wp-block-ghostkit-grid-column-is-layout-flow\">\n<h3 class=\"wp-block-heading\" id=\"memory\"><strong>Netzwerk<\/strong><\/h3>\n\n\n\n<ul class=\"wp-block-list\">\n<li>100 Mbit\/s oder schnellere \u00dcbertragungsrate, TCP\/IP-Netzwerkprotokoll<\/li>\n<\/ul>\n\n\n\n<h3 class=\"wp-block-heading\" id=\"memory\"><strong>.NET-Framework<\/strong><\/h3>\n\n\n\n<ul class=\"wp-block-list\">\n<li>.NET Framework 4.8 oder h\u00f6her<\/li>\n<\/ul>\n\n\n\n<h3 class=\"wp-block-heading\" id=\"display\"><strong>Anzeige<\/strong><\/h3>\n\n\n\n<ul class=\"wp-block-list\">\n<li>Aufl\u00f6sung von 1024 x 768 Pixel oder h\u00f6her<\/li>\n\n\n\n<li>65.536 Farben oder mehr (16,77 Millionen Farben oder mehr empfohlen)<\/li>\n<\/ul>\n\n\n\n<h3 class=\"wp-block-heading\" id=\"display\"><strong>Grafik<\/strong><\/h3>\n\n\n\n<ul class=\"wp-block-list\">\n<li>DirectX 9-kompatibles Grafikger\u00e4t mit WDDM 1.0-Treiber oder h\u00f6her<\/li>\n<\/ul>\n\n\n\n<h3 class=\"wp-block-heading\" id=\"display\"><strong>USB<\/strong><\/h3>\n\n\n\n<ul class=\"wp-block-list\">\n<li>Mit dem Diktiermodul und Transkriptionsmodul: Ein oder mehrere USB-Anschl\u00fcsse verf\u00fcgbar<\/li>\n<\/ul>\n\n\n\n<h3 class=\"wp-block-heading\" id=\"display\"><strong>Klang<\/strong><\/h3>\n\n\n\n<ul class=\"wp-block-list\">\n<li>Mit dem Dictation Module und Transcription Module: Ein Microsoft WDM- oder MME-kompatibles und Windows-kompatibles Soundger\u00e4t<\/li>\n<\/ul>\n\n\n\n<h3 class=\"wp-block-heading\" id=\"display\"><strong>Microsoft Office<\/strong><\/h3>\n\n\n\n<ul class=\"wp-block-list\">\n<li>B\u00fcro 2016 \/ 2019 \/ 2021<\/li>\n\n\n\n<li>B\u00fcro 365<\/li>\n<\/ul>\n\n\n\n<h3 class=\"wp-block-heading\" id=\"display\"><strong>Webmail<\/strong><\/h3>\n\n\n\n<ul class=\"wp-block-list\">\n<li>Outlook.com<\/li>\n\n\n\n<li>Google Mail<\/li>\n\n\n\n<li>Yahoo! Post<\/li>\n<\/ul>\n<\/div><\/div>\n\n\n\n<div class=\"ghostkit-col ghostkit-col-md-12 ghostkit-col-lg-6 ghostkit-col-3\"><div class=\"ghostkit-col-content is-layout-flow wp-block-ghostkit-grid-column-is-layout-flow\">\n<h3 class=\"wp-block-heading\" id=\"operating-systems-requirements\"><strong>Spracherkennung (Dragon\u00ae)<\/strong><\/h3>\n\n\n\n<ul class=\"wp-block-list\">\n<li>Dragon Professional Einzelperson\/Gruppe, v14<\/li>\n\n\n\n<li>Dragon Legal Einzelpersonen\/Gruppen, v14<\/li>\n\n\n\n<li>Dragon Professional Einzelperson\/Gruppe, v15<\/li>\n\n\n\n<li>Dragon Legal Einzelpersonen\/Gruppen, v15<\/li>\n\n\n\n<li>Dragon Professional v16<\/li>\n\n\n\n<li>Dragon Legal v16<\/li>\n<\/ul>\n\n\n\n<p><strong>Notiz:<\/strong><\/p>\n\n\n\n<ul class=\"wp-block-list is-style-styled\">\n<li>ODMS unterst\u00fctzt offiziell keine anderen Versionen\/Editionen als die oben aufgef\u00fchrten.<\/li>\n\n\n\n<li>ODMS unterst\u00fctzt alle Sprachen, die von der Spracherkennungssoftware Dragon unterst\u00fctzt werden. Um die Sprache von Dragon und Windows anzupassen, ist eine Spracheinstellung erforderlich<\/li>\n\n\n\n<li>Spracherkennungsfunktionen werden unterst\u00fctzt, wenn ODMS in einer virtuellen Umgebung verwendet wird. Weitere Informationen erhalten Sie vom Nuance-Support.<\/li>\n<\/ul>\n\n\n\n<h3 class=\"wp-block-heading\" id=\"operating-systems-requirements\"><strong>Unterst\u00fctzte Sprachen<\/strong><\/h3>\n\n\n\n<ul class=\"wp-block-list\">\n<li>Englisch, Franz\u00f6sisch, Deutsch, Spanisch, Russisch, Schwedisch, Tschechisch<\/li>\n<\/ul>\n<\/div><\/div>\n\n\n\n<div class=\"ghostkit-col ghostkit-col-md-12 ghostkit-col-lg-6 ghostkit-col-3\"><div class=\"ghostkit-col-content is-layout-flow wp-block-ghostkit-grid-column-is-layout-flow\">\n<h3 class=\"wp-block-heading\" id=\"supported-virtual-environment-platforms\"><strong>Virtuelle Umgebungen (ODMS-Software, die auf einem Server-Betriebssystem ausgef\u00fchrt wird)<\/strong><\/h3>\n\n\n\n<p><strong>Virtualisierung<br>Software: (Wird vom Server-Betriebssystem unterst\u00fctzt)<\/strong><\/p>\n\n\n\n<ul class=\"wp-block-list\">\n<li>Remotedesktopdienst (Windows Terminaldienst), Remote-App<\/li>\n\n\n\n<li>Citrix XenApp 7 \u2013 7.2402<\/li>\n\n\n\n<li>Citrix XenDesktop 7 \u2013 7.2402<\/li>\n\n\n\n<li>VMware Horizon 7 \u2013 8.2312<\/li>\n\n\n\n<li>Azure Virtual Desktop<\/li>\n<\/ul>\n\n\n\n<p><strong>Virtuelles Desktop-Betriebssystem:<\/strong><\/p>\n\n\n\n<ul class=\"wp-block-list\">\n<li>Windows 10\/11<\/li>\n\n\n\n<li>Windows Server 2016 \/ 2019 \/ 2022<\/li>\n<\/ul>\n\n\n\n<p><strong>Klient<br>Betriebssystem:<\/strong><\/p>\n\n\n\n<ul class=\"wp-block-list\">\n<li>Windows 10 \/ 11<\/li>\n<\/ul>\n\n\n\n<p><strong>Notiz:<\/strong><\/p>\n\n\n\n<ul class=\"wp-block-list is-style-styled\">\n<li>F\u00fcr die Verwendung virtueller Citrix-Umgebungen ist eine separate Citrix-Benutzerlizenz erforderlich.<\/li>\n\n\n\n<li>F\u00fcr die Verwendung des Remote Desktop Service oder der Remote App ist eine separate RDS CAL-Lizenz erforderlich.<\/li>\n\n\n\n<li>Remoteverbindungen \u00fcber Microsoft Store-Apps werden nicht unterst\u00fctzt.<\/li>\n\n\n\n<li>F\u00fcr die Verwendung von VMware View ist eine separate VMware View-Benutzerlizenz erforderlich.<\/li>\n<\/ul>\n<\/div><\/div>\n<\/div><\/div>","protected":false},"featured_media":5159,"template":"","meta":{"ghostkit_customizer_options":"","ghostkit_custom_css":"","ghostkit_custom_js_head":"","ghostkit_custom_js_foot":"","ghostkit_typography":""},"product_category":[38],"class_list":["post-5150","product","type-product","status-publish","has-post-thumbnail","hentry","product_category-software"],"yoast_head":"<!-- This site is optimized with the Yoast SEO plugin v27.4 - https:\/\/yoast.com\/product\/yoast-seo-wordpress\/ -->\n<title>ODMS R8 - Professional Audio Support<\/title>\n<meta name=\"robots\" content=\"index, follow, max-snippet:-1, max-image-preview:large, max-video-preview:-1\" \/>\n<link rel=\"canonical\" href=\"https:\/\/audiosupport.omsystem.com\/de\/product\/odms-r8\/\" \/>\n<meta property=\"og:locale\" content=\"de_DE\" \/>\n<meta property=\"og:type\" content=\"article\" \/>\n<meta property=\"og:title\" content=\"ODMS R8 - Professional Audio Support\" \/>\n<meta property=\"og:url\" content=\"https:\/\/audiosupport.omsystem.com\/de\/product\/odms-r8\/\" \/>\n<meta property=\"og:site_name\" content=\"Professional Audio Support\" \/>\n<meta property=\"article:modified_time\" content=\"2026-03-16T17:00:59+00:00\" \/>\n<meta property=\"og:image\" content=\"https:\/\/audiosupport.omsystem.com\/wp-content\/uploads\/2024\/04\/R8-white.jpg\" \/>\n\t<meta property=\"og:image:width\" content=\"1906\" \/>\n\t<meta property=\"og:image:height\" content=\"1920\" \/>\n\t<meta property=\"og:image:type\" content=\"image\/jpeg\" \/>\n<meta name=\"twitter:card\" content=\"summary_large_image\" \/>\n<meta name=\"twitter:label1\" content=\"Gesch\u00e4tzte Lesezeit\" \/>\n\t<meta name=\"twitter:data1\" content=\"2\u00a0Minuten\" \/>\n<script type=\"application\/ld+json\" class=\"yoast-schema-graph\">{\"@context\":\"https:\\\/\\\/schema.org\",\"@graph\":[{\"@type\":\"WebPage\",\"@id\":\"https:\\\/\\\/audiosupport.omsystem.com\\\/product\\\/odms-r8\\\/\",\"url\":\"https:\\\/\\\/audiosupport.omsystem.com\\\/product\\\/odms-r8\\\/\",\"name\":\"ODMS R8 - Professional Audio Support\",\"isPartOf\":{\"@id\":\"https:\\\/\\\/audiosupport.omsystem.com\\\/en\\\/#website\"},\"primaryImageOfPage\":{\"@id\":\"https:\\\/\\\/audiosupport.omsystem.com\\\/product\\\/odms-r8\\\/#primaryimage\"},\"image\":{\"@id\":\"https:\\\/\\\/audiosupport.omsystem.com\\\/product\\\/odms-r8\\\/#primaryimage\"},\"thumbnailUrl\":\"https:\\\/\\\/audiosupport.omsystem.com\\\/wp-content\\\/uploads\\\/2024\\\/04\\\/R8-white.jpg\",\"datePublished\":\"2024-04-07T19:01:28+00:00\",\"dateModified\":\"2026-03-16T17:00:59+00:00\",\"breadcrumb\":{\"@id\":\"https:\\\/\\\/audiosupport.omsystem.com\\\/product\\\/odms-r8\\\/#breadcrumb\"},\"inLanguage\":\"de\",\"potentialAction\":[{\"@type\":\"ReadAction\",\"target\":[\"https:\\\/\\\/audiosupport.omsystem.com\\\/product\\\/odms-r8\\\/\"]}]},{\"@type\":\"ImageObject\",\"inLanguage\":\"de\",\"@id\":\"https:\\\/\\\/audiosupport.omsystem.com\\\/product\\\/odms-r8\\\/#primaryimage\",\"url\":\"https:\\\/\\\/audiosupport.omsystem.com\\\/wp-content\\\/uploads\\\/2024\\\/04\\\/R8-white.jpg\",\"contentUrl\":\"https:\\\/\\\/audiosupport.omsystem.com\\\/wp-content\\\/uploads\\\/2024\\\/04\\\/R8-white.jpg\",\"width\":1906,\"height\":1920},{\"@type\":\"BreadcrumbList\",\"@id\":\"https:\\\/\\\/audiosupport.omsystem.com\\\/product\\\/odms-r8\\\/#breadcrumb\",\"itemListElement\":[{\"@type\":\"ListItem\",\"position\":1,\"name\":\"Home\",\"item\":\"https:\\\/\\\/audiosupport.omsystem.com\\\/\"},{\"@type\":\"ListItem\",\"position\":2,\"name\":\"ODMS R8\"}]},{\"@type\":\"WebSite\",\"@id\":\"https:\\\/\\\/audiosupport.omsystem.com\\\/en\\\/#website\",\"url\":\"https:\\\/\\\/audiosupport.omsystem.com\\\/en\\\/\",\"name\":\"Professional Audio Support\",\"description\":\"OM Digital Solutions\",\"potentialAction\":[{\"@type\":\"SearchAction\",\"target\":{\"@type\":\"EntryPoint\",\"urlTemplate\":\"https:\\\/\\\/audiosupport.omsystem.com\\\/en\\\/?s={search_term_string}\"},\"query-input\":{\"@type\":\"PropertyValueSpecification\",\"valueRequired\":true,\"valueName\":\"search_term_string\"}}],\"inLanguage\":\"de\"}]}<\/script>\n<!-- \/ Yoast SEO plugin. -->","yoast_head_json":{"title":"ODMS R8 \u2013 Professioneller Audio-Support","robots":{"index":"index","follow":"follow","max-snippet":"max-snippet:-1","max-image-preview":"max-image-preview:large","max-video-preview":"max-video-preview:-1"},"canonical":"https:\/\/audiosupport.omsystem.com\/de\/product\/odms-r8\/","og_locale":"de_DE","og_type":"article","og_title":"ODMS R8 - Professional Audio Support","og_url":"https:\/\/audiosupport.omsystem.com\/de\/product\/odms-r8\/","og_site_name":"Professional Audio Support","article_modified_time":"2026-03-16T17:00:59+00:00","og_image":[{"width":1906,"height":1920,"url":"https:\/\/audiosupport.omsystem.com\/wp-content\/uploads\/2024\/04\/R8-white.jpg","type":"image\/jpeg"}],"twitter_card":"summary_large_image","twitter_misc":{"Gesch\u00e4tzte Lesezeit":"2\u00a0Minuten"},"schema":{"@context":"https:\/\/schema.org","@graph":[{"@type":"WebPage","@id":"https:\/\/audiosupport.omsystem.com\/product\/odms-r8\/","url":"https:\/\/audiosupport.omsystem.com\/product\/odms-r8\/","name":"ODMS R8 \u2013 Professioneller Audio-Support","isPartOf":{"@id":"https:\/\/audiosupport.omsystem.com\/en\/#website"},"primaryImageOfPage":{"@id":"https:\/\/audiosupport.omsystem.com\/product\/odms-r8\/#primaryimage"},"image":{"@id":"https:\/\/audiosupport.omsystem.com\/product\/odms-r8\/#primaryimage"},"thumbnailUrl":"https:\/\/audiosupport.omsystem.com\/wp-content\/uploads\/2024\/04\/R8-white.jpg","datePublished":"2024-04-07T19:01:28+00:00","dateModified":"2026-03-16T17:00:59+00:00","breadcrumb":{"@id":"https:\/\/audiosupport.omsystem.com\/product\/odms-r8\/#breadcrumb"},"inLanguage":"de","potentialAction":[{"@type":"ReadAction","target":["https:\/\/audiosupport.omsystem.com\/product\/odms-r8\/"]}]},{"@type":"ImageObject","inLanguage":"de","@id":"https:\/\/audiosupport.omsystem.com\/product\/odms-r8\/#primaryimage","url":"https:\/\/audiosupport.omsystem.com\/wp-content\/uploads\/2024\/04\/R8-white.jpg","contentUrl":"https:\/\/audiosupport.omsystem.com\/wp-content\/uploads\/2024\/04\/R8-white.jpg","width":1906,"height":1920},{"@type":"BreadcrumbList","@id":"https:\/\/audiosupport.omsystem.com\/product\/odms-r8\/#breadcrumb","itemListElement":[{"@type":"ListItem","position":1,"name":"Home","item":"https:\/\/audiosupport.omsystem.com\/"},{"@type":"ListItem","position":2,"name":"ODMS R8"}]},{"@type":"WebSite","@id":"https:\/\/audiosupport.omsystem.com\/en\/#website","url":"https:\/\/audiosupport.omsystem.com\/en\/","name":"Professionelle Audiounterst\u00fctzung","description":"OM Digitale L\u00f6sungen","potentialAction":[{"@type":"SearchAction","target":{"@type":"EntryPoint","urlTemplate":"https:\/\/audiosupport.omsystem.com\/en\/?s={search_term_string}"},"query-input":{"@type":"PropertyValueSpecification","valueRequired":true,"valueName":"search_term_string"}}],"inLanguage":"de"}]}},"_links":{"self":[{"href":"https:\/\/audiosupport.omsystem.com\/de\/wp-json\/wp\/v2\/product\/5150","targetHints":{"allow":["GET"]}}],"collection":[{"href":"https:\/\/audiosupport.omsystem.com\/de\/wp-json\/wp\/v2\/product"}],"about":[{"href":"https:\/\/audiosupport.omsystem.com\/de\/wp-json\/wp\/v2\/types\/product"}],"wp:featuredmedia":[{"embeddable":true,"href":"https:\/\/audiosupport.omsystem.com\/de\/wp-json\/wp\/v2\/media\/5159"}],"wp:attachment":[{"href":"https:\/\/audiosupport.omsystem.com\/de\/wp-json\/wp\/v2\/media?parent=5150"}],"wp:term":[{"taxonomy":"product_category","embeddable":true,"href":"https:\/\/audiosupport.omsystem.com\/de\/wp-json\/wp\/v2\/product_category?post=5150"}],"curies":[{"name":"wp","href":"https:\/\/api.w.org\/{rel}","templated":true}]}}