{"id":147,"date":"2021-11-30T21:04:42","date_gmt":"2021-11-30T21:04:42","guid":{"rendered":"https:\/\/olympus2.gliffen.com\/~opdsupport\/?post_type=product&#038;p=147"},"modified":"2024-10-15T14:51:15","modified_gmt":"2024-10-15T14:51:15","slug":"rm-4015p","status":"publish","type":"product","link":"https:\/\/audiosupport.omsystem.com\/de\/product\/rm-4015p\/","title":{"rendered":"RecMic II RM-4015P"},"content":{"rendered":"<div class=\"ghostkit-grid ghostkit-grid-gap-md\"><div class=\"ghostkit-grid-inner\">\n<div class=\"ghostkit-col ghostkit-col-md-12 ghostkit-col-lg-6 ghostkit-col-3\"><div class=\"ghostkit-col-content is-layout-flow wp-block-ghostkit-grid-column-is-layout-flow\">\n<h3 class=\"wp-block-heading\" id=\"available-models\">Verf\u00fcgbare Modelle<\/h3>\n\n\n\n<p><strong>Modelle<\/strong><\/p>\n\n\n\n<ul class=\"wp-block-list\">\n<li>RM\u20114010P \/ RM\u20114015P<\/li>\n\n\n\n<li>RM-4100S<\/li>\n\n\n\n<li>RM\u20114110S<\/li>\n<\/ul>\n<\/div><\/div>\n\n\n\n<div class=\"ghostkit-col ghostkit-col-md-12 ghostkit-col-lg-6 ghostkit-col-3\"><div class=\"ghostkit-col-content is-layout-flow wp-block-ghostkit-grid-column-is-layout-flow\">\n<h3 class=\"wp-block-heading\" id=\"usb-functionality\">USB-Funktionalit\u00e4t<\/h3>\n\n\n\n<p><strong>USB-Geschwindigkeit<\/strong><\/p>\n\n\n\n<ul class=\"wp-block-list\">\n<li>USB 2.0 Highspeed<\/li>\n<\/ul>\n\n\n\n<p><strong>USB-Klassen<\/strong><\/p>\n\n\n\n<ul class=\"wp-block-list\">\n<li>USB-Audio-Klasse<\/li>\n\n\n\n<li>HID-Maus<\/li>\n\n\n\n<li>HID-Anbieter (Standard) \/ Tastatur<\/li>\n<\/ul>\n<\/div><\/div>\n\n\n\n<div class=\"ghostkit-col ghostkit-col-md-12 ghostkit-col-lg-6 ghostkit-col-3\"><div class=\"ghostkit-col-content is-layout-flow wp-block-ghostkit-grid-column-is-layout-flow\">\n<h3 class=\"wp-block-heading\" id=\"device-operation\">Ger\u00e4tebedienung<\/h3>\n\n\n\n<p><strong>Hauptschalter<\/strong><\/p>\n\n\n\n<ul class=\"wp-block-list\">\n<li>Schiebeschalter (RM\u20114100S, RM\u20114110S)<\/li>\n\n\n\n<li>Dr\u00fccken (RM\u20114010P, RM\u20114015P)<\/li>\n<\/ul>\n\n\n\n<p><strong>Programmierbare Taste<\/strong><\/p>\n\n\n\n<ul class=\"wp-block-list\">\n<li>14 ger\u00e4uscharme Tasten<\/li>\n<\/ul>\n\n\n\n<p><strong>Optischer Trackball<\/strong><\/p>\n\n\n\n<ul class=\"wp-block-list\">\n<li>Ja, inkl. linke Maustaste Funktion (RM\u20114010P, RM4015P, RM\u20114110S)<\/li>\n<\/ul>\n\n\n\n<p><strong>Click-Lock-Funktion f\u00fcr Drag &amp; Drop<\/strong><\/p>\n\n\n\n<ul class=\"wp-block-list\">\n<li>Ja (nur f\u00fcr Modelle mit Trackball)<\/li>\n<\/ul>\n\n\n\n<p><strong>Funktionstasten<\/strong><\/p>\n\n\n\n<ul class=\"wp-block-list\">\n<li>4 (RM\u20114100S: 3 zus\u00e4tzliche F\u2011Tasten)<\/li>\n<\/ul>\n\n\n\n<p><strong>Beschleunigungssensor<\/strong><\/p>\n\n\n\n<ul class=\"wp-block-list\">\n<li>Erh\u00e4ltlich<\/li>\n<\/ul>\n<\/div><\/div>\n\n\n\n<div class=\"ghostkit-col ghostkit-col-md-12 ghostkit-col-lg-6 ghostkit-col-3\"><div class=\"ghostkit-col-content is-layout-flow wp-block-ghostkit-grid-column-is-layout-flow\">\n<h3 class=\"wp-block-heading\" id=\"recording-modes\">Aufnahmemodi<\/h3>\n\n\n\n<p><strong>Aufnahmeformat<\/strong><\/p>\n\n\n\n<ul class=\"wp-block-list\">\n<li>PCM (Mono, 16 Bit, 44,1 kHz Abtastung)<\/li>\n<\/ul>\n<\/div><\/div>\n<\/div><\/div>\n\n\n\n<div class=\"ghostkit-grid ghostkit-grid-gap-md\"><div class=\"ghostkit-grid-inner\">\n<div class=\"ghostkit-col ghostkit-col-md-12 ghostkit-col-lg-6 ghostkit-col-3\"><div class=\"ghostkit-col-content is-layout-flow wp-block-ghostkit-grid-column-is-layout-flow\">\n<h3 class=\"wp-block-heading\" id=\"record-function\">Aufnahmefunktion<\/h3>\n\n\n\n<p><strong>Ger\u00e4uschunterdr\u00fcckung<\/strong><\/p>\n\n\n\n<ul class=\"wp-block-list\">\n<li>Variable<\/li>\n<\/ul>\n\n\n\n<p><strong>Aktive Direktionalit\u00e4t<\/strong><\/p>\n\n\n\n<ul class=\"wp-block-list\">\n<li>Variable<\/li>\n<\/ul>\n\n\n\n<p><strong>Rauschanalysator<\/strong><\/p>\n\n\n\n<ul class=\"wp-block-list\">\n<li>Erh\u00e4ltlich<\/li>\n<\/ul>\n\n\n\n<p><strong>Pop-Filter<\/strong><\/p>\n\n\n\n<ul class=\"wp-block-list\">\n<li>3 Schichten<\/li>\n<\/ul>\n\n\n\n<h3 class=\"wp-block-heading\" id=\"operation-modes\">Betriebsmodi<\/h3>\n\n\n\n<p><strong>Olympus-Modus<\/strong><\/p>\n\n\n\n<ul class=\"wp-block-list\">\n<li>Verf\u00fcgbar (Standard)<\/li>\n<\/ul>\n\n\n\n<p><strong>HID-Tastaturmodi<\/strong><\/p>\n\n\n\n<ul class=\"wp-block-list\">\n<li>Benutzerdefinierter Modus (Anpassbare Tasteneinstellung zur Steuerung beliebiger Anwendungen von Drittanbietern (\u00fcber RCT - RecMic Configuration Tool-Software)<\/li>\n\n\n\n<li>Dragon-Modus (vordefinierte Einstellung f\u00fcr die Dragon-Spracherkennung)<\/li>\n\n\n\n<li>Windows-Spracherkennungsmodus (Vordefinierte Einstellung f\u00fcr die Windows-Spracherkennung)<\/li>\n<\/ul>\n\n\n\n<p><strong>Szenen aufnehmen<\/strong><\/p>\n\n\n\n<ul class=\"wp-block-list\">\n<li>Ruhige Umgebung<\/li>\n\n\n\n<li>Laute Umgebung f\u00fcr die Spracherkennung<\/li>\n\n\n\n<li>Laute Umgebung f\u00fcr klassisches Diktat<\/li>\n<\/ul>\n<\/div><\/div>\n\n\n\n<div class=\"ghostkit-col ghostkit-col-md-12 ghostkit-col-lg-6 ghostkit-col-3\"><div class=\"ghostkit-col-content is-layout-flow wp-block-ghostkit-grid-column-is-layout-flow\">\n<h3 class=\"wp-block-heading\" id=\"other-features\">Andere Eigenschaften<\/h3>\n\n\n\n<p><strong>Automatische Standerkennung<\/strong><\/p>\n\n\n\n<ul class=\"wp-block-list\">\n<li>Erh\u00e4ltlich<\/li>\n<\/ul>\n\n\n\n<p><strong>Automatische Mikrofonstummschaltung<\/strong><\/p>\n\n\n\n<ul class=\"wp-block-list\">\n<li>Ja, beim Aufstellen auf dem Schreibtisch<\/li>\n<\/ul>\n<\/div><\/div>\n\n\n\n<div class=\"ghostkit-col ghostkit-col-md-12 ghostkit-col-lg-6 ghostkit-col-3\"><div class=\"ghostkit-col-content is-layout-flow wp-block-ghostkit-grid-column-is-layout-flow\">\n<h3 class=\"wp-block-heading\" id=\"storage-media\">Speichermedium<\/h3>\n\n\n\n<p><strong>Interner Speicher<\/strong><\/p>\n\n\n\n<ul class=\"wp-block-list\">\n<li>Nein<\/li>\n\n\n\n<li>8 GB (RM\u20114015P)<\/li>\n<\/ul>\n<\/div><\/div>\n\n\n\n<div class=\"ghostkit-col ghostkit-col-md-12 ghostkit-col-lg-6 ghostkit-col-3\"><div class=\"ghostkit-col-content is-layout-flow wp-block-ghostkit-grid-column-is-layout-flow\">\n<h3 class=\"wp-block-heading\" id=\"specialized-features-for-medical-environment\">Spezielle Funktionen f\u00fcr medizinische Umgebungen<\/h3>\n\n\n\n<p><strong>Chemische Resistenz<\/strong><\/p>\n\n\n\n<ul class=\"wp-block-list\">\n<li>Ethanol Isopropanol<\/li>\n<\/ul>\n\n\n\n<p><strong>Antimikrobielles Geh\u00e4use<\/strong><\/p>\n\n\n\n<ul class=\"wp-block-list\">\n<li>Polygiene\u00ae<\/li>\n<\/ul>\n<\/div><\/div>\n<\/div><\/div>\n\n\n\n<div class=\"ghostkit-grid ghostkit-grid-gap-md\"><div class=\"ghostkit-grid-inner\">\n<div class=\"ghostkit-col ghostkit-col-md-12 ghostkit-col-lg-6 ghostkit-col-3\"><div class=\"ghostkit-col-content is-layout-flow wp-block-ghostkit-grid-column-is-layout-flow\">\n<h3 class=\"wp-block-heading\" id=\"compatible-software\">Kompatible Software<\/h3>\n\n\n\n<p><strong>Olympus RecMic-Konfigurationstool (RCT)<\/strong><\/p>\n\n\n\n<ul class=\"wp-block-list\">\n<li>Version: 1.0 oder h\u00f6her<\/li>\n<\/ul>\n\n\n\n<p><strong>Software von Drittanbietern<\/strong><\/p>\n\n\n\n<ul class=\"wp-block-list\">\n<li>Jede Software, die \u00fcber Tastaturk\u00fcrzel gesteuert werden kann (z. B. Strg + H)<\/li>\n<\/ul>\n<\/div><\/div>\n\n\n\n<div class=\"ghostkit-col ghostkit-col-md-12 ghostkit-col-lg-6 ghostkit-col-3\"><div class=\"ghostkit-col-content is-layout-flow wp-block-ghostkit-grid-column-is-layout-flow\">\n<h3 class=\"wp-block-heading\" id=\"interfaces-input\">Schnittstellen Eingang<\/h3>\n\n\n\n<p><strong>Mikrofontyp<\/strong><\/p>\n\n\n\n<ul class=\"wp-block-list\">\n<li>Intelligentes 2-Mikrofon-System<\/li>\n<\/ul>\n\n\n\n<p><strong>Frequenzgang<\/strong><\/p>\n\n\n\n<ul class=\"wp-block-list\">\n<li>200 \u2013 9000Hz<\/li>\n<\/ul>\n\n\n\n<p><strong>Mikrofonempfindlichkeit \/ Verst\u00e4rkung<\/strong><\/p>\n\n\n\n<ul class=\"wp-block-list\">\n<li>- 39dBv<\/li>\n<\/ul>\n\n\n\n<p><strong>Eingangspegel<\/strong><\/p>\n\n\n\n<ul class=\"wp-block-list\">\n<li>- 48 dBv \/ + 86 dB SPL<\/li>\n<\/ul>\n\n\n\n<p><strong>Signal-Rausch-Verh\u00e4ltnis<\/strong><\/p>\n\n\n\n<ul class=\"wp-block-list\">\n<li>59dBA<\/li>\n<\/ul>\n\n\n\n<p><strong>Eigenschaften des Mikrofons<\/strong><\/p>\n\n\n\n<ul class=\"wp-block-list\">\n<li>Omnidirektional<\/li>\n<\/ul>\n<\/div><\/div>\n\n\n\n<div class=\"ghostkit-col ghostkit-col-md-12 ghostkit-col-lg-6 ghostkit-col-3\"><div class=\"ghostkit-col-content is-layout-flow wp-block-ghostkit-grid-column-is-layout-flow\">\n<h3 class=\"wp-block-heading\" id=\"interfaces-output\">Schnittstellen Ausgang<\/h3>\n\n\n\n<p><strong>Lautsprecher<\/strong><\/p>\n\n\n\n<ul class=\"wp-block-list\">\n<li>28 mm Integrierter Frontlautsprecher<\/li>\n<\/ul>\n\n\n\n<p><strong>max. Arbeitsleistung<\/strong><\/p>\n\n\n\n<ul class=\"wp-block-list\">\n<li>350mW<\/li>\n<\/ul>\n<\/div><\/div>\n\n\n\n<div class=\"ghostkit-col ghostkit-col-md-12 ghostkit-col-lg-6 ghostkit-col-3\"><div class=\"ghostkit-col-content is-layout-flow wp-block-ghostkit-grid-column-is-layout-flow\">\n<h3 class=\"wp-block-heading\" id=\"power-supply\">Energieversorgung<\/h3>\n\n\n\n<p><strong>Standard-USB-Modus<\/strong><\/p>\n\n\n\n<ul class=\"wp-block-list\">\n<li>278 mA oder weniger<\/li>\n<\/ul>\n\n\n\n<p><strong>Low-Power-USB-Modus<\/strong><\/p>\n\n\n\n<ul class=\"wp-block-list\">\n<li>80 mA oder weniger<\/li>\n<\/ul>\n<\/div><\/div>\n<\/div><\/div>\n\n\n\n<div class=\"ghostkit-grid ghostkit-grid-gap-md\"><div class=\"ghostkit-grid-inner\">\n<div class=\"ghostkit-col ghostkit-col-md-12 ghostkit-col-lg-6 ghostkit-col-3\"><div class=\"ghostkit-col-content is-layout-flow wp-block-ghostkit-grid-column-is-layout-flow\">\n<h3 class=\"wp-block-heading\" id=\"dimensions\">Ma\u00dfe<\/h3>\n\n\n\n<p><strong>Kabell\u00e4nge<\/strong><\/p>\n\n\n\n<ul class=\"wp-block-list\">\n<li>2,5 m<\/li>\n<\/ul>\n\n\n\n<p><strong>H\u00f6he<\/strong><\/p>\n\n\n\n<ul class=\"wp-block-list\">\n<li>171mm<\/li>\n<\/ul>\n\n\n\n<p><strong>Breite<\/strong><\/p>\n\n\n\n<ul class=\"wp-block-list\">\n<li>32mm<\/li>\n<\/ul>\n\n\n\n<p><strong>Tiefe<\/strong><\/p>\n\n\n\n<ul class=\"wp-block-list\">\n<li>43,2 mm<\/li>\n<\/ul>\n\n\n\n<p><strong>Gewicht<\/strong><\/p>\n\n\n\n<ul class=\"wp-block-list\">\n<li>185g inklusive Kabel<\/li>\n\n\n\n<li>170 g (RM\u20114100S)<\/li>\n\n\n\n<li>116 g ohne Kabel (RM\u20114010P\/RM\u20114015P\/RM\u20114110S)<\/li>\n<\/ul>\n<\/div><\/div>\n\n\n\n<div class=\"ghostkit-col ghostkit-col-md-12 ghostkit-col-lg-6 ghostkit-col-3\"><div class=\"ghostkit-col-content is-layout-flow wp-block-ghostkit-grid-column-is-layout-flow\">\n<h3 class=\"wp-block-heading\" id=\"exterior\">Au\u00dfen<\/h3>\n\n\n\n<p><strong>Geh\u00e4usefarbe<\/strong><\/p>\n\n\n\n<ul class=\"wp-block-list\">\n<li>Schwarz<\/li>\n<\/ul>\n\n\n\n<p><strong>Symmetrisches Geh\u00e4use<\/strong><\/p>\n\n\n\n<ul class=\"wp-block-list\">\n<li>F\u00fcr Links- und Rechtsh\u00e4nder geeignet<\/li>\n<\/ul>\n\n\n\n<p><strong>Haptik<\/strong><\/p>\n\n\n\n<ul class=\"wp-block-list\">\n<li>Glatte Oberfl\u00e4chenbeschichtung f\u00fcr minimale Ber\u00fchrungsger\u00e4usche (UV-beschichtet)<\/li>\n<\/ul>\n\n\n\n<p><strong>LED<\/strong><\/p>\n\n\n\n<ul class=\"wp-block-list\">\n<li>7<\/li>\n<\/ul>\n<\/div><\/div>\n\n\n\n<div class=\"ghostkit-col ghostkit-col-md-12 ghostkit-col-lg-6 ghostkit-col-3\"><div class=\"ghostkit-col-content is-layout-flow wp-block-ghostkit-grid-column-is-layout-flow\">\n<h3 class=\"wp-block-heading\" id=\"operating-systems-requirements\">Betriebssysteme &amp; Anforderungen<\/h3>\n\n\n\n<p><strong>Fenster<\/strong><\/p>\n\n\n\n<ul class=\"wp-block-list\">\n<li>Windows 7\/8.1\/10<\/li>\n<\/ul>\n\n\n\n<p><strong>Systemanforderungen des Olympus RecMic Configuration Tool (RCT)<\/strong><\/p>\n\n\n\n<p><strong>Betriebssystem:<\/strong><\/p>\n\n\n\n<ul class=\"wp-block-list\">\n<li>Microsoft\u00ae Windows\u00ae 7 \u2022 Ultimate\/Enterprise\/Professional SP1 (x86\/x64)<\/li>\n\n\n\n<li>Microsoft\u00ae Windows\u00ae 8.1\/10 \u2022 Unternehmen\/Pro (x86\/x64)<\/li>\n<\/ul>\n\n\n\n<p><strong>ZENTRALPROZESSOR:<\/strong><\/p>\n\n\n\n<ul class=\"wp-block-list\">\n<li>1 GHz oder h\u00f6her<\/li>\n<\/ul>\n\n\n\n<p><strong>Erinnerung:<\/strong><\/p>\n\n\n\n<ul class=\"wp-block-list\">\n<li>1 GB oder mehr (x86)\/2 GB oder mehr (x64) (Microsoft\u00ae Windows\u00ae 7\/8.1)<\/li>\n\n\n\n<li>2 GB oder mehr (Microsoft\u00ae Windows\u00ae 10)<\/li>\n<\/ul>\n\n\n\n<p><strong>Festplattenspeicher:<\/strong><\/p>\n\n\n\n<ul class=\"wp-block-list\">\n<li>30 MB oder mehr (F\u00fcr die Installation von .NET Framework ist ein separater Speicherplatz erforderlich.)<\/li>\n<\/ul>\n\n\n\n<p><strong>.NET-Framework<\/strong><\/p>\n\n\n\n<ul class=\"wp-block-list\">\n<li>Version: 4.6<\/li>\n<\/ul>\n\n\n\n<p><strong>Dragon-Spracherkennungssoftware<\/strong><\/p>\n\n\n\n<ul class=\"wp-block-list\">\n<li>Dragon Professional\/Legal v14 \u2013 15<\/li>\n\n\n\n<li>Dragon Medical Practice Ausgabe 2 - 3<\/li>\n<\/ul>\n<\/div><\/div>\n\n\n\n<div class=\"ghostkit-col ghostkit-col-md-12 ghostkit-col-lg-6 ghostkit-col-3\"><div class=\"ghostkit-col-content is-layout-flow wp-block-ghostkit-grid-column-is-layout-flow\">\n<h3 class=\"wp-block-heading\" id=\"box-contents\">Lieferumfang<\/h3>\n\n\n\n<p><strong>Produkte<\/strong><\/p>\n\n\n\n<ul class=\"wp-block-list\">\n<li>Spezielles RecMic-Modell<\/li>\n\n\n\n<li>Mikrofonst\u00e4nder<\/li>\n\n\n\n<li>Kurzanleitung (EN\/CZ\/DK\/DE\/ES\/FI\/FR\/IT\/LIT\/NL\/PL\/RUSV)<\/li>\n\n\n\n<li>Olympus RecMic Configuration Tool (RCT) (von der Website herunterzuladen)<\/li>\n<\/ul>\n<\/div><\/div>\n<\/div><\/div>\n\n\n\n<p><a href=\"https:\/\/www.olympus-europa.com\/site\/en\/a\/audio_systems\/professional_dictation\/desktop_dictation\/rec_mic_ii_series\/rec_mic_ii_series_kits___boxcontent.html#\"><\/a><\/p>","protected":false},"featured_media":148,"template":"","meta":{"ghostkit_customizer_options":"","ghostkit_custom_css":"","ghostkit_custom_js_head":"","ghostkit_custom_js_foot":"","ghostkit_typography":""},"product_category":[37],"class_list":["post-147","product","type-product","status-publish","has-post-thumbnail","hentry","product_category-desktop-dictation"],"yoast_head":"<!-- This site is optimized with the Yoast SEO plugin v27.4 - https:\/\/yoast.com\/product\/yoast-seo-wordpress\/ -->\n<title>RecMic II RM-4015P - Professional Audio Support<\/title>\n<meta name=\"robots\" content=\"index, follow, max-snippet:-1, max-image-preview:large, max-video-preview:-1\" \/>\n<link rel=\"canonical\" href=\"https:\/\/audiosupport.omsystem.com\/de\/product\/rm-4015p\/\" \/>\n<meta property=\"og:locale\" content=\"de_DE\" \/>\n<meta property=\"og:type\" content=\"article\" \/>\n<meta property=\"og:title\" content=\"RecMic II RM-4015P - Professional Audio Support\" \/>\n<meta property=\"og:url\" content=\"https:\/\/audiosupport.omsystem.com\/de\/product\/rm-4015p\/\" \/>\n<meta property=\"og:site_name\" content=\"Professional Audio Support\" \/>\n<meta property=\"article:modified_time\" content=\"2024-10-15T14:51:15+00:00\" \/>\n<meta property=\"og:image\" content=\"https:\/\/audiosupport.omsystem.com\/wp-content\/uploads\/2021\/11\/RecMicII4010-15.png\" \/>\n\t<meta property=\"og:image:width\" content=\"150\" \/>\n\t<meta property=\"og:image:height\" content=\"465\" \/>\n\t<meta property=\"og:image:type\" content=\"image\/png\" \/>\n<meta name=\"twitter:card\" content=\"summary_large_image\" \/>\n<meta name=\"twitter:label1\" content=\"Gesch\u00e4tzte Lesezeit\" \/>\n\t<meta name=\"twitter:data1\" content=\"2\u00a0Minuten\" \/>\n<script type=\"application\/ld+json\" class=\"yoast-schema-graph\">{\"@context\":\"https:\\\/\\\/schema.org\",\"@graph\":[{\"@type\":\"WebPage\",\"@id\":\"https:\\\/\\\/audiosupport.omsystem.com\\\/product\\\/rm-4015p\\\/\",\"url\":\"https:\\\/\\\/audiosupport.omsystem.com\\\/product\\\/rm-4015p\\\/\",\"name\":\"RecMic II RM-4015P - Professional Audio Support\",\"isPartOf\":{\"@id\":\"https:\\\/\\\/audiosupport.omsystem.com\\\/en\\\/#website\"},\"primaryImageOfPage\":{\"@id\":\"https:\\\/\\\/audiosupport.omsystem.com\\\/product\\\/rm-4015p\\\/#primaryimage\"},\"image\":{\"@id\":\"https:\\\/\\\/audiosupport.omsystem.com\\\/product\\\/rm-4015p\\\/#primaryimage\"},\"thumbnailUrl\":\"https:\\\/\\\/audiosupport.omsystem.com\\\/wp-content\\\/uploads\\\/2021\\\/11\\\/RecMicII4010-15.png\",\"datePublished\":\"2021-11-30T21:04:42+00:00\",\"dateModified\":\"2024-10-15T14:51:15+00:00\",\"breadcrumb\":{\"@id\":\"https:\\\/\\\/audiosupport.omsystem.com\\\/product\\\/rm-4015p\\\/#breadcrumb\"},\"inLanguage\":\"de\",\"potentialAction\":[{\"@type\":\"ReadAction\",\"target\":[\"https:\\\/\\\/audiosupport.omsystem.com\\\/product\\\/rm-4015p\\\/\"]}]},{\"@type\":\"ImageObject\",\"inLanguage\":\"de\",\"@id\":\"https:\\\/\\\/audiosupport.omsystem.com\\\/product\\\/rm-4015p\\\/#primaryimage\",\"url\":\"https:\\\/\\\/audiosupport.omsystem.com\\\/wp-content\\\/uploads\\\/2021\\\/11\\\/RecMicII4010-15.png\",\"contentUrl\":\"https:\\\/\\\/audiosupport.omsystem.com\\\/wp-content\\\/uploads\\\/2021\\\/11\\\/RecMicII4010-15.png\",\"width\":150,\"height\":465},{\"@type\":\"BreadcrumbList\",\"@id\":\"https:\\\/\\\/audiosupport.omsystem.com\\\/product\\\/rm-4015p\\\/#breadcrumb\",\"itemListElement\":[{\"@type\":\"ListItem\",\"position\":1,\"name\":\"Home\",\"item\":\"https:\\\/\\\/audiosupport.omsystem.com\\\/\"},{\"@type\":\"ListItem\",\"position\":2,\"name\":\"RecMic II RM-4015P\"}]},{\"@type\":\"WebSite\",\"@id\":\"https:\\\/\\\/audiosupport.omsystem.com\\\/en\\\/#website\",\"url\":\"https:\\\/\\\/audiosupport.omsystem.com\\\/en\\\/\",\"name\":\"Professional Audio Support\",\"description\":\"OM Digital Solutions\",\"potentialAction\":[{\"@type\":\"SearchAction\",\"target\":{\"@type\":\"EntryPoint\",\"urlTemplate\":\"https:\\\/\\\/audiosupport.omsystem.com\\\/en\\\/?s={search_term_string}\"},\"query-input\":{\"@type\":\"PropertyValueSpecification\",\"valueRequired\":true,\"valueName\":\"search_term_string\"}}],\"inLanguage\":\"de\"}]}<\/script>\n<!-- \/ Yoast SEO plugin. -->","yoast_head_json":{"title":"RecMic II RM-4015P \u2013 Professioneller Audio-Support","robots":{"index":"index","follow":"follow","max-snippet":"max-snippet:-1","max-image-preview":"max-image-preview:large","max-video-preview":"max-video-preview:-1"},"canonical":"https:\/\/audiosupport.omsystem.com\/de\/product\/rm-4015p\/","og_locale":"de_DE","og_type":"article","og_title":"RecMic II RM-4015P - Professional Audio Support","og_url":"https:\/\/audiosupport.omsystem.com\/de\/product\/rm-4015p\/","og_site_name":"Professional Audio Support","article_modified_time":"2024-10-15T14:51:15+00:00","og_image":[{"width":150,"height":465,"url":"https:\/\/audiosupport.omsystem.com\/wp-content\/uploads\/2021\/11\/RecMicII4010-15.png","type":"image\/png"}],"twitter_card":"summary_large_image","twitter_misc":{"Gesch\u00e4tzte Lesezeit":"2\u00a0Minuten"},"schema":{"@context":"https:\/\/schema.org","@graph":[{"@type":"WebPage","@id":"https:\/\/audiosupport.omsystem.com\/product\/rm-4015p\/","url":"https:\/\/audiosupport.omsystem.com\/product\/rm-4015p\/","name":"RecMic II RM-4015P \u2013 Professioneller Audio-Support","isPartOf":{"@id":"https:\/\/audiosupport.omsystem.com\/en\/#website"},"primaryImageOfPage":{"@id":"https:\/\/audiosupport.omsystem.com\/product\/rm-4015p\/#primaryimage"},"image":{"@id":"https:\/\/audiosupport.omsystem.com\/product\/rm-4015p\/#primaryimage"},"thumbnailUrl":"https:\/\/audiosupport.omsystem.com\/wp-content\/uploads\/2021\/11\/RecMicII4010-15.png","datePublished":"2021-11-30T21:04:42+00:00","dateModified":"2024-10-15T14:51:15+00:00","breadcrumb":{"@id":"https:\/\/audiosupport.omsystem.com\/product\/rm-4015p\/#breadcrumb"},"inLanguage":"de","potentialAction":[{"@type":"ReadAction","target":["https:\/\/audiosupport.omsystem.com\/product\/rm-4015p\/"]}]},{"@type":"ImageObject","inLanguage":"de","@id":"https:\/\/audiosupport.omsystem.com\/product\/rm-4015p\/#primaryimage","url":"https:\/\/audiosupport.omsystem.com\/wp-content\/uploads\/2021\/11\/RecMicII4010-15.png","contentUrl":"https:\/\/audiosupport.omsystem.com\/wp-content\/uploads\/2021\/11\/RecMicII4010-15.png","width":150,"height":465},{"@type":"BreadcrumbList","@id":"https:\/\/audiosupport.omsystem.com\/product\/rm-4015p\/#breadcrumb","itemListElement":[{"@type":"ListItem","position":1,"name":"Home","item":"https:\/\/audiosupport.omsystem.com\/"},{"@type":"ListItem","position":2,"name":"RecMic II RM-4015P"}]},{"@type":"WebSite","@id":"https:\/\/audiosupport.omsystem.com\/en\/#website","url":"https:\/\/audiosupport.omsystem.com\/en\/","name":"Professionelle Audiounterst\u00fctzung","description":"OM Digitale L\u00f6sungen","potentialAction":[{"@type":"SearchAction","target":{"@type":"EntryPoint","urlTemplate":"https:\/\/audiosupport.omsystem.com\/en\/?s={search_term_string}"},"query-input":{"@type":"PropertyValueSpecification","valueRequired":true,"valueName":"search_term_string"}}],"inLanguage":"de"}]}},"_links":{"self":[{"href":"https:\/\/audiosupport.omsystem.com\/de\/wp-json\/wp\/v2\/product\/147","targetHints":{"allow":["GET"]}}],"collection":[{"href":"https:\/\/audiosupport.omsystem.com\/de\/wp-json\/wp\/v2\/product"}],"about":[{"href":"https:\/\/audiosupport.omsystem.com\/de\/wp-json\/wp\/v2\/types\/product"}],"wp:featuredmedia":[{"embeddable":true,"href":"https:\/\/audiosupport.omsystem.com\/de\/wp-json\/wp\/v2\/media\/148"}],"wp:attachment":[{"href":"https:\/\/audiosupport.omsystem.com\/de\/wp-json\/wp\/v2\/media?parent=147"}],"wp:term":[{"taxonomy":"product_category","embeddable":true,"href":"https:\/\/audiosupport.omsystem.com\/de\/wp-json\/wp\/v2\/product_category?post=147"}],"curies":[{"name":"wp","href":"https:\/\/api.w.org\/{rel}","templated":true}]}}