{"id":1111,"date":"2021-12-09T16:20:53","date_gmt":"2021-12-09T16:20:53","guid":{"rendered":"https:\/\/olympus2.gliffen.com\/~opdsupport\/?post_type=product&#038;p=1111"},"modified":"2022-04-20T14:11:33","modified_gmt":"2022-04-20T14:11:33","slug":"rs28h-usb-foot-switch-with-3-pedals","status":"publish","type":"product","link":"https:\/\/audiosupport.omsystem.com\/de\/product\/rs28h-usb-foot-switch-with-3-pedals\/","title":{"rendered":"RS28H-USB-Fu\u00dfschalter mit 3 Pedalen"},"content":{"rendered":"<div class=\"ghostkit-grid ghostkit-grid-gap-md\"><div class=\"ghostkit-grid-inner\">\n<div class=\"ghostkit-col ghostkit-col-lg-12 ghostkit-col-4\"><div class=\"ghostkit-col-content is-layout-flow wp-block-ghostkit-grid-column-is-layout-flow\">\n<h3 class=\"wp-block-heading\">Empfohlener Anwendungsbereich<\/h3>\n\n\n\n<p><strong>Anwendung<\/strong><\/p>\n\n\n\n<ul class=\"wp-block-list\"><li>Transkription<\/li><\/ul>\n<\/div><\/div>\n\n\n\n<div class=\"ghostkit-col ghostkit-col-lg-12 ghostkit-col-4\"><div class=\"ghostkit-col-content is-layout-flow wp-block-ghostkit-grid-column-is-layout-flow\">\n<h3 class=\"wp-block-heading\">Steuertasten<\/h3>\n\n\n\n<p><strong>Anzahl der Tasten:<\/strong><\/p>\n\n\n\n<ul class=\"wp-block-list\"><li>3<\/li><\/ul>\n\n\n\n<p><strong>Abschlie\u00dfbare Taste(n):<\/strong><\/p>\n\n\n\n<ul class=\"wp-block-list\"><li>Nein<\/li><\/ul>\n\n\n\n<p><strong>Softwarekonfigurierbare Tasten<\/strong><\/p>\n\n\n\n<ul class=\"wp-block-list\"><li>Angewandt<\/li><\/ul>\n\n\n\n<p><strong>Rutschfeste Matte:<\/strong><\/p>\n\n\n\n<ul class=\"wp-block-list\"><li>Ausgestattet<\/li><\/ul>\n<\/div><\/div>\n\n\n\n<div class=\"ghostkit-col ghostkit-col-lg-12 ghostkit-col-4\"><div class=\"ghostkit-col-content is-layout-flow wp-block-ghostkit-grid-column-is-layout-flow\">\n<h3 class=\"wp-block-heading\">Betriebsmodi<\/h3>\n\n\n\n<p><strong>Olympus-Modus<\/strong><\/p>\n\n\n\n<ul class=\"wp-block-list\"><li>Verf\u00fcgbar (Standard)<\/li><\/ul>\n\n\n\n<p><strong>HID-Tastaturmodus<\/strong><\/p>\n\n\n\n<ul class=\"wp-block-list\"><li>Verf\u00fcgbar (optional)<\/li><\/ul>\n\n\n\n<p><strong>M\u00f6gliches Pedalverhalten im HID-Keyboard-Modus<\/strong><\/p>\n\n\n\n<p><strong>Einzel<\/strong><\/p>\n\n\n\n<ul class=\"wp-block-list\"><li>L\u00f6st definierten Tastaturbefehl bei einmaligem Klick aus.<\/li><\/ul>\n\n\n\n<p><strong>Doppelt<\/strong><\/p>\n\n\n\n<ul class=\"wp-block-list\"><li>L\u00f6st einen definierten Tastaturbefehl einmal beim Dr\u00fccken und Loslassen aus. Perfekt f\u00fcr Toggle-Funktionen wie Play\/Pause.<\/li><\/ul>\n\n\n\n<p><strong>Lang<\/strong><\/p>\n\n\n\n<ul class=\"wp-block-list\"><li>L\u00f6st definierten Tastaturbefehl kontinuierlich aus, bis das Pedal losgelassen wird. (wie eine normale Tastatur)<\/li><\/ul>\n<\/div><\/div>\n<\/div><\/div>\n\n\n\n<div class=\"ghostkit-grid ghostkit-grid-gap-md\"><div class=\"ghostkit-grid-inner\">\n<div class=\"ghostkit-col ghostkit-col-lg-12 ghostkit-col-4\"><div class=\"ghostkit-col-content is-layout-flow wp-block-ghostkit-grid-column-is-layout-flow\">\n<h3 class=\"wp-block-heading\">Abmessungen \/ Gewicht<\/h3>\n\n\n\n<p><strong>Kabell\u00e4nge<\/strong><\/p>\n\n\n\n<ul class=\"wp-block-list\"><li>1,8 m<\/li><\/ul>\n\n\n\n<p><strong>Gewicht<\/strong><\/p>\n\n\n\n<ul class=\"wp-block-list\"><li>550gr<\/li><\/ul>\n\n\n\n<p><strong>H\u00f6he<\/strong><\/p>\n\n\n\n<ul class=\"wp-block-list\"><li>33,5 mm<\/li><\/ul>\n\n\n\n<p><strong>Breite<\/strong><\/p>\n\n\n\n<ul class=\"wp-block-list\"><li>190mm<\/li><\/ul>\n\n\n\n<p><strong>Tiefe<\/strong><\/p>\n\n\n\n<ul class=\"wp-block-list\"><li>120mm<\/li><\/ul>\n<\/div><\/div>\n\n\n\n<div class=\"ghostkit-col ghostkit-col-lg-12 ghostkit-col-4\"><div class=\"ghostkit-col-content is-layout-flow wp-block-ghostkit-grid-column-is-layout-flow\">\n<h3 class=\"wp-block-heading\">Au\u00dfen<\/h3>\n\n\n\n<p><strong>Verf\u00fcgbare Farben<\/strong><\/p>\n\n\n\n<ul class=\"wp-block-list\"><li>Dunkelgrau<\/li><\/ul>\n<\/div><\/div>\n\n\n\n<div class=\"ghostkit-col ghostkit-col-lg-12 ghostkit-col-4\"><div class=\"ghostkit-col-content is-layout-flow wp-block-ghostkit-grid-column-is-layout-flow\">\n<h3 class=\"wp-block-heading\">Anschl\u00fcsse<\/h3>\n\n\n\n<p><strong>USB-Anschluss<\/strong><\/p>\n\n\n\n<ul class=\"wp-block-list\"><li>1,0\/ 1,1\/ 2,0\/ 3,0\/ 3,1 (Typ A)<\/li><\/ul>\n\n\n\n<p><strong>8-polige Buchse<\/strong><\/p>\n\n\n\n<ul class=\"wp-block-list\"><li>Best\u00fcckt (Mini-DIN)<\/li><\/ul>\n<\/div><\/div>\n<\/div><\/div>\n\n\n\n<div class=\"ghostkit-grid ghostkit-grid-gap-md\"><div class=\"ghostkit-grid-inner\">\n<div class=\"ghostkit-col ghostkit-col-lg-12 ghostkit-col-4\"><div class=\"ghostkit-col-content is-layout-flow wp-block-ghostkit-grid-column-is-layout-flow\">\n<h3 class=\"wp-block-heading\">Umfeld<\/h3>\n\n\n\n<p><strong>Temperatur<\/strong><\/p>\n\n\n\n<ul class=\"wp-block-list\"><li>0 - 42 \u00b0C (Betrieb)<\/li><\/ul>\n<\/div><\/div>\n\n\n\n<div class=\"ghostkit-col ghostkit-col-lg-12 ghostkit-col-4\"><div class=\"ghostkit-col-content is-layout-flow wp-block-ghostkit-grid-column-is-layout-flow\">\n<h3 class=\"wp-block-heading\">Kompatible Software<\/h3>\n\n\n\n<p><strong>ODMS<\/strong><\/p>\n\n\n\n<ul class=\"wp-block-list\"><li>Version 6 (oder h\u00f6her)<\/li><\/ul>\n\n\n\n<p><strong>DSS-Player Pro<\/strong><\/p>\n\n\n\n<ul class=\"wp-block-list\"><li>Version 5.0 (oder h\u00f6her)<\/li><\/ul>\n\n\n\n<p><strong>DSS-Player f\u00fcr Mac<\/strong><\/p>\n\n\n\n<ul class=\"wp-block-list\"><li>Version 7 (oder h\u00f6her)<\/li><\/ul>\n\n\n\n<p><strong>Olympische Klangf\u00fclle<\/strong><\/p>\n\n\n\n<ul class=\"wp-block-list\"><li>Version 1.0.1 (oder h\u00f6her)<\/li><\/ul>\n\n\n\n<p><strong>Fu\u00dfschalter-Konfigurationstool<\/strong><\/p>\n\n\n\n<ul class=\"wp-block-list\"><li>Angewandt<\/li><\/ul>\n\n\n\n<p><strong>Software von Drittanbietern<\/strong><\/p>\n\n\n\n<ul class=\"wp-block-list\"><li>Muss die Steuerung \u00fcber Tastaturbefehle unterst\u00fctzen.<\/li><\/ul>\n<\/div><\/div>\n\n\n\n<div class=\"ghostkit-col ghostkit-col-lg-12 ghostkit-col-4\"><div class=\"ghostkit-col-content is-layout-flow wp-block-ghostkit-grid-column-is-layout-flow\">\n<h3 class=\"wp-block-heading\">Konfigurationstool f\u00fcr Fu\u00dfschalter \u2013 Grundfunktionen<\/h3>\n\n\n\n<p><strong>Konfiguration von HID-Tastaturbefehlen \/ Shortcuts<\/strong><\/p>\n\n\n\n<ul class=\"wp-block-list\"><li>Angewandt<\/li><\/ul>\n\n\n\n<p><strong>Unterst\u00fctzte Multimedia-Tasten (Windows)<\/strong><\/p>\n\n\n\n<ul class=\"wp-block-list\"><li>N\u00e4chsten Titel scannen<\/li><li>Vorherigen Titel scannen<\/li><li>Stoppen<\/li><li>Spielpause<\/li><li>Stumm<\/li><li>Lautst\u00e4rke erh\u00f6hen<\/li><li>Lautst\u00e4rke verringern<\/li><li>Starten Sie den Mediaplayer<\/li><li>Starten Sie den Standard-E-Mail-Client<\/li><li>Rechner starten<\/li><li>Starten Sie den Standard-Internetbrowser<\/li><li>Suche<\/li><li>Internetbrowser f\u00fcr zu Hause<\/li><li>Zur\u00fcck<\/li><li>Nach vorne<\/li><li>Aktualisierung<\/li><li>Favoriten<\/li><\/ul>\n\n\n\n<p><strong>Unterst\u00fctzte Multimedia-Tasten (Mac OS)<\/strong><\/p>\n\n\n\n<ul class=\"wp-block-list\"><li>N\u00e4chsten Titel scannen<\/li><li>Vorherigen Titel scannen<\/li><li>Auswerfen<\/li><li>Stumm<\/li><li>Lautst\u00e4rke erh\u00f6hen<\/li><\/ul>\n\n\n\n<p><strong>Umschalten zwischen Olympus-Modus und HID-Tastaturmodus<\/strong><\/p>\n\n\n\n<ul class=\"wp-block-list\"><li>Erh\u00e4ltlich<\/li><\/ul>\n\n\n\n<p><strong>Vorlagen f\u00fcr Fu\u00dfschaltereinstellungen<\/strong><\/p>\n\n\n\n<ul class=\"wp-block-list\"><li>Speichern &amp; Laden<\/li><\/ul>\n\n\n\n<p><strong>Admin-Schreibmodus<\/strong><\/p>\n\n\n\n<p>Angewandt<\/p>\n<\/div><\/div>\n<\/div><\/div>\n\n\n\n<div class=\"ghostkit-grid ghostkit-grid-gap-md\"><div class=\"ghostkit-grid-inner\">\n<div class=\"ghostkit-col ghostkit-col-lg-12 ghostkit-col-4\"><div class=\"ghostkit-col-content is-layout-flow wp-block-ghostkit-grid-column-is-layout-flow\">\n<h3 class=\"wp-block-heading\">Betriebssysteme &amp; Anforderungen<\/h3>\n\n\n\n<p><strong>Fenster<\/strong><\/p>\n\n\n\n<ul class=\"wp-block-list\"><li>Betriebssystem: Windows Vista\/7\/8\/8.1\/10<\/li><\/ul>\n\n\n\n<p><strong>Macintosh<\/strong><\/p>\n\n\n\n<ul class=\"wp-block-list\"><li>Betriebssystem: Mac OS X 10.9 - 10.15<\/li><\/ul>\n<\/div><\/div>\n\n\n\n<div class=\"ghostkit-col ghostkit-col-lg-12 ghostkit-col-4\"><div class=\"ghostkit-col-content is-layout-flow wp-block-ghostkit-grid-column-is-layout-flow\">\n<h3 class=\"wp-block-heading\">Kompatible Olympus-Hardware<\/h3>\n\n\n\n<p><strong>Notiz<\/strong><\/p>\n\n\n\n<p>Hinweis: Der Voice Rekorder muss in seine Dockingstation gestellt werden, um mit einem Fu\u00dfschalter oder einer Handsteuerung ferngesteuert zu werden. Nachfolgend finden Sie die erforderlichen Kombinationen.<\/p>\n\n\n\n<p><strong>CR20<\/strong><\/p>\n\n\n\n<ul class=\"wp-block-list\"><li>DS-F1 (VoiSquare)<\/li><\/ul>\n\n\n\n<p><strong>CR15<\/strong><\/p>\n\n\n\n<ul class=\"wp-block-list\"><li>DS-7000<\/li><li>DS-3500<\/li><\/ul>\n\n\n\n<p><strong>CR10<\/strong><\/p>\n\n\n\n<ul class=\"wp-block-list\"><li>DS-5500<\/li><li>DS-5000 \/ 5000ID<\/li><li>DS-3400<\/li><\/ul>\n\n\n\n<p><strong>CR3A<\/strong><\/p>\n\n\n\n<ul class=\"wp-block-list\"><li>DS-4000<\/li><li>DS-3300<\/li><\/ul>\n<\/div><\/div>\n\n\n\n<div class=\"ghostkit-col ghostkit-col-lg-12 ghostkit-col-4 is-layout-flow wp-block-ghostkit-grid-column-is-layout-flow\"><div class=\"ghostkit-col-content\"><\/div><\/div>\n<\/div><\/div>\n\n\n\n<p><\/p>","protected":false},"featured_media":1113,"template":"","meta":{"ghostkit_customizer_options":"","ghostkit_custom_css":"","ghostkit_custom_js_head":"","ghostkit_custom_js_foot":"","ghostkit_typography":""},"product_category":[54],"class_list":["post-1111","product","type-product","status-publish","has-post-thumbnail","hentry","product_category-accessories"],"yoast_head":"<!-- This site is optimized with the Yoast SEO plugin v27.4 - https:\/\/yoast.com\/product\/yoast-seo-wordpress\/ -->\n<title>RS28H-USB Foot Switch with 3 pedals - Professional Audio Support<\/title>\n<meta name=\"robots\" content=\"index, follow, max-snippet:-1, max-image-preview:large, max-video-preview:-1\" \/>\n<link rel=\"canonical\" href=\"https:\/\/audiosupport.omsystem.com\/de\/product\/rs28h-usb-foot-switch-with-3-pedals\/\" \/>\n<meta property=\"og:locale\" content=\"de_DE\" \/>\n<meta property=\"og:type\" content=\"article\" \/>\n<meta property=\"og:title\" content=\"RS28H-USB Foot Switch with 3 pedals - Professional Audio Support\" \/>\n<meta property=\"og:url\" content=\"https:\/\/audiosupport.omsystem.com\/de\/product\/rs28h-usb-foot-switch-with-3-pedals\/\" \/>\n<meta property=\"og:site_name\" content=\"Professional Audio Support\" \/>\n<meta property=\"article:modified_time\" content=\"2022-04-20T14:11:33+00:00\" \/>\n<meta property=\"og:image\" content=\"https:\/\/audiosupport.omsystem.com\/wp-content\/uploads\/2021\/12\/AUDIO_RS28H__Product_351.jpg\" \/>\n\t<meta property=\"og:image:width\" content=\"1920\" \/>\n\t<meta property=\"og:image:height\" content=\"1440\" \/>\n\t<meta property=\"og:image:type\" content=\"image\/jpeg\" \/>\n<meta name=\"twitter:card\" content=\"summary_large_image\" \/>\n<meta name=\"twitter:label1\" content=\"Gesch\u00e4tzte Lesezeit\" \/>\n\t<meta name=\"twitter:data1\" content=\"2\u00a0Minuten\" \/>\n<script type=\"application\/ld+json\" class=\"yoast-schema-graph\">{\"@context\":\"https:\\\/\\\/schema.org\",\"@graph\":[{\"@type\":\"WebPage\",\"@id\":\"https:\\\/\\\/audiosupport.omsystem.com\\\/product\\\/rs28h-usb-foot-switch-with-3-pedals\\\/\",\"url\":\"https:\\\/\\\/audiosupport.omsystem.com\\\/product\\\/rs28h-usb-foot-switch-with-3-pedals\\\/\",\"name\":\"RS28H-USB Foot Switch with 3 pedals - Professional Audio Support\",\"isPartOf\":{\"@id\":\"https:\\\/\\\/audiosupport.omsystem.com\\\/en\\\/#website\"},\"primaryImageOfPage\":{\"@id\":\"https:\\\/\\\/audiosupport.omsystem.com\\\/product\\\/rs28h-usb-foot-switch-with-3-pedals\\\/#primaryimage\"},\"image\":{\"@id\":\"https:\\\/\\\/audiosupport.omsystem.com\\\/product\\\/rs28h-usb-foot-switch-with-3-pedals\\\/#primaryimage\"},\"thumbnailUrl\":\"https:\\\/\\\/audiosupport.omsystem.com\\\/wp-content\\\/uploads\\\/2021\\\/12\\\/AUDIO_RS28H__Product_351.jpg\",\"datePublished\":\"2021-12-09T16:20:53+00:00\",\"dateModified\":\"2022-04-20T14:11:33+00:00\",\"breadcrumb\":{\"@id\":\"https:\\\/\\\/audiosupport.omsystem.com\\\/product\\\/rs28h-usb-foot-switch-with-3-pedals\\\/#breadcrumb\"},\"inLanguage\":\"de\",\"potentialAction\":[{\"@type\":\"ReadAction\",\"target\":[\"https:\\\/\\\/audiosupport.omsystem.com\\\/product\\\/rs28h-usb-foot-switch-with-3-pedals\\\/\"]}]},{\"@type\":\"ImageObject\",\"inLanguage\":\"de\",\"@id\":\"https:\\\/\\\/audiosupport.omsystem.com\\\/product\\\/rs28h-usb-foot-switch-with-3-pedals\\\/#primaryimage\",\"url\":\"https:\\\/\\\/audiosupport.omsystem.com\\\/wp-content\\\/uploads\\\/2021\\\/12\\\/AUDIO_RS28H__Product_351.jpg\",\"contentUrl\":\"https:\\\/\\\/audiosupport.omsystem.com\\\/wp-content\\\/uploads\\\/2021\\\/12\\\/AUDIO_RS28H__Product_351.jpg\",\"width\":1920,\"height\":1440},{\"@type\":\"BreadcrumbList\",\"@id\":\"https:\\\/\\\/audiosupport.omsystem.com\\\/product\\\/rs28h-usb-foot-switch-with-3-pedals\\\/#breadcrumb\",\"itemListElement\":[{\"@type\":\"ListItem\",\"position\":1,\"name\":\"Home\",\"item\":\"https:\\\/\\\/audiosupport.omsystem.com\\\/\"},{\"@type\":\"ListItem\",\"position\":2,\"name\":\"RS28H-USB Foot Switch with 3 pedals\"}]},{\"@type\":\"WebSite\",\"@id\":\"https:\\\/\\\/audiosupport.omsystem.com\\\/en\\\/#website\",\"url\":\"https:\\\/\\\/audiosupport.omsystem.com\\\/en\\\/\",\"name\":\"Professional Audio Support\",\"description\":\"OM Digital Solutions\",\"potentialAction\":[{\"@type\":\"SearchAction\",\"target\":{\"@type\":\"EntryPoint\",\"urlTemplate\":\"https:\\\/\\\/audiosupport.omsystem.com\\\/en\\\/?s={search_term_string}\"},\"query-input\":{\"@type\":\"PropertyValueSpecification\",\"valueRequired\":true,\"valueName\":\"search_term_string\"}}],\"inLanguage\":\"de\"}]}<\/script>\n<!-- \/ Yoast SEO plugin. -->","yoast_head_json":{"title":"RS28H-USB-Fu\u00dfschalter mit 3 Pedalen - Professional Audio Support","robots":{"index":"index","follow":"follow","max-snippet":"max-snippet:-1","max-image-preview":"max-image-preview:large","max-video-preview":"max-video-preview:-1"},"canonical":"https:\/\/audiosupport.omsystem.com\/de\/product\/rs28h-usb-foot-switch-with-3-pedals\/","og_locale":"de_DE","og_type":"article","og_title":"RS28H-USB Foot Switch with 3 pedals - Professional Audio Support","og_url":"https:\/\/audiosupport.omsystem.com\/de\/product\/rs28h-usb-foot-switch-with-3-pedals\/","og_site_name":"Professional Audio Support","article_modified_time":"2022-04-20T14:11:33+00:00","og_image":[{"width":1920,"height":1440,"url":"https:\/\/audiosupport.omsystem.com\/wp-content\/uploads\/2021\/12\/AUDIO_RS28H__Product_351.jpg","type":"image\/jpeg"}],"twitter_card":"summary_large_image","twitter_misc":{"Gesch\u00e4tzte Lesezeit":"2\u00a0Minuten"},"schema":{"@context":"https:\/\/schema.org","@graph":[{"@type":"WebPage","@id":"https:\/\/audiosupport.omsystem.com\/product\/rs28h-usb-foot-switch-with-3-pedals\/","url":"https:\/\/audiosupport.omsystem.com\/product\/rs28h-usb-foot-switch-with-3-pedals\/","name":"RS28H-USB-Fu\u00dfschalter mit 3 Pedalen - Professional Audio Support","isPartOf":{"@id":"https:\/\/audiosupport.omsystem.com\/en\/#website"},"primaryImageOfPage":{"@id":"https:\/\/audiosupport.omsystem.com\/product\/rs28h-usb-foot-switch-with-3-pedals\/#primaryimage"},"image":{"@id":"https:\/\/audiosupport.omsystem.com\/product\/rs28h-usb-foot-switch-with-3-pedals\/#primaryimage"},"thumbnailUrl":"https:\/\/audiosupport.omsystem.com\/wp-content\/uploads\/2021\/12\/AUDIO_RS28H__Product_351.jpg","datePublished":"2021-12-09T16:20:53+00:00","dateModified":"2022-04-20T14:11:33+00:00","breadcrumb":{"@id":"https:\/\/audiosupport.omsystem.com\/product\/rs28h-usb-foot-switch-with-3-pedals\/#breadcrumb"},"inLanguage":"de","potentialAction":[{"@type":"ReadAction","target":["https:\/\/audiosupport.omsystem.com\/product\/rs28h-usb-foot-switch-with-3-pedals\/"]}]},{"@type":"ImageObject","inLanguage":"de","@id":"https:\/\/audiosupport.omsystem.com\/product\/rs28h-usb-foot-switch-with-3-pedals\/#primaryimage","url":"https:\/\/audiosupport.omsystem.com\/wp-content\/uploads\/2021\/12\/AUDIO_RS28H__Product_351.jpg","contentUrl":"https:\/\/audiosupport.omsystem.com\/wp-content\/uploads\/2021\/12\/AUDIO_RS28H__Product_351.jpg","width":1920,"height":1440},{"@type":"BreadcrumbList","@id":"https:\/\/audiosupport.omsystem.com\/product\/rs28h-usb-foot-switch-with-3-pedals\/#breadcrumb","itemListElement":[{"@type":"ListItem","position":1,"name":"Home","item":"https:\/\/audiosupport.omsystem.com\/"},{"@type":"ListItem","position":2,"name":"RS28H-USB Foot Switch with 3 pedals"}]},{"@type":"WebSite","@id":"https:\/\/audiosupport.omsystem.com\/en\/#website","url":"https:\/\/audiosupport.omsystem.com\/en\/","name":"Professionelle Audiounterst\u00fctzung","description":"OM Digitale L\u00f6sungen","potentialAction":[{"@type":"SearchAction","target":{"@type":"EntryPoint","urlTemplate":"https:\/\/audiosupport.omsystem.com\/en\/?s={search_term_string}"},"query-input":{"@type":"PropertyValueSpecification","valueRequired":true,"valueName":"search_term_string"}}],"inLanguage":"de"}]}},"_links":{"self":[{"href":"https:\/\/audiosupport.omsystem.com\/de\/wp-json\/wp\/v2\/product\/1111","targetHints":{"allow":["GET"]}}],"collection":[{"href":"https:\/\/audiosupport.omsystem.com\/de\/wp-json\/wp\/v2\/product"}],"about":[{"href":"https:\/\/audiosupport.omsystem.com\/de\/wp-json\/wp\/v2\/types\/product"}],"wp:featuredmedia":[{"embeddable":true,"href":"https:\/\/audiosupport.omsystem.com\/de\/wp-json\/wp\/v2\/media\/1113"}],"wp:attachment":[{"href":"https:\/\/audiosupport.omsystem.com\/de\/wp-json\/wp\/v2\/media?parent=1111"}],"wp:term":[{"taxonomy":"product_category","embeddable":true,"href":"https:\/\/audiosupport.omsystem.com\/de\/wp-json\/wp\/v2\/product_category?post=1111"}],"curies":[{"name":"wp","href":"https:\/\/api.w.org\/{rel}","templated":true}]}}