{"id":1050,"date":"2021-12-07T20:46:17","date_gmt":"2021-12-07T20:46:17","guid":{"rendered":"https:\/\/olympus2.gliffen.com\/~opdsupport\/?post_type=product&#038;p=1050"},"modified":"2024-11-28T16:23:12","modified_gmt":"2024-11-28T16:23:12","slug":"rs31h-usb-foot-switch-with-4-pedals","status":"publish","type":"product","link":"https:\/\/audiosupport.omsystem.com\/de\/product\/rs31h-usb-foot-switch-with-4-pedals\/","title":{"rendered":"RS31H- USB-Fu\u00dfschalter mit 4 Pedalen"},"content":{"rendered":"<div class=\"ghostkit-grid ghostkit-grid-gap-md\"><div class=\"ghostkit-grid-inner\">\n<div class=\"ghostkit-col ghostkit-col-lg-12 ghostkit-col-4\"><div class=\"ghostkit-col-content is-layout-flow wp-block-ghostkit-grid-column-is-layout-flow\">\n<h3 class=\"wp-block-heading\" id=\"recommended-application-area\">Empfohlener Anwendungsbereich<\/h3>\n\n\n\n<p><strong>Anwendung<\/strong><\/p>\n\n\n\n<ul class=\"wp-block-list\">\n<li>Transkription<\/li>\n<\/ul>\n<\/div><\/div>\n\n\n\n<div class=\"ghostkit-col ghostkit-col-lg-12 ghostkit-col-4\"><div class=\"ghostkit-col-content is-layout-flow wp-block-ghostkit-grid-column-is-layout-flow\">\n<h3 class=\"wp-block-heading\" id=\"control-buttons\">Steuertasten<\/h3>\n\n\n\n<p><strong>Anzahl der Tasten:<\/strong><\/p>\n\n\n\n<ul class=\"wp-block-list\">\n<li>4<\/li>\n<\/ul>\n\n\n\n<p><strong>Abschlie\u00dfbare Taste(n):<\/strong><\/p>\n\n\n\n<ul class=\"wp-block-list\">\n<li>Oberes oder mittleres Pedal<\/li>\n<\/ul>\n\n\n\n<p><strong>Softwarekonfigurierbare Tasten<\/strong><\/p>\n\n\n\n<ul class=\"wp-block-list\">\n<li>Angewandt<\/li>\n<\/ul>\n\n\n\n<p><strong>Rutschfeste Matte:<\/strong><\/p>\n\n\n\n<ul class=\"wp-block-list\">\n<li>Ausgestattet<\/li>\n<\/ul>\n<\/div><\/div>\n\n\n\n<div class=\"ghostkit-col ghostkit-col-lg-12 ghostkit-col-4\"><div class=\"ghostkit-col-content is-layout-flow wp-block-ghostkit-grid-column-is-layout-flow\">\n<h3 class=\"wp-block-heading\" id=\"operation-modes\">Betriebsmodi<\/h3>\n\n\n\n<p><strong>Olympus-Modus<\/strong><\/p>\n\n\n\n<ul class=\"wp-block-list\">\n<li>Verf\u00fcgbar (Standard)<\/li>\n<\/ul>\n\n\n\n<p><strong>HID-Tastaturmodus<\/strong><\/p>\n\n\n\n<ul class=\"wp-block-list\">\n<li>Verf\u00fcgbar (optional)<\/li>\n<\/ul>\n\n\n\n<p><strong>M\u00f6gliches Pedalverhalten im HID-Keyboard-Modus<\/strong><\/p>\n\n\n\n<p><strong>Einzel<\/strong><\/p>\n\n\n\n<ul class=\"wp-block-list\">\n<li>L\u00f6st definierten Tastaturbefehl bei einmaligem Klick aus.<\/li>\n<\/ul>\n\n\n\n<p><strong>Doppelt<\/strong><\/p>\n\n\n\n<ul class=\"wp-block-list\">\n<li>L\u00f6st einen definierten Tastaturbefehl einmal beim Dr\u00fccken und Loslassen aus. Perfekt f\u00fcr Toggle-Funktionen wie Play\/Pause.<\/li>\n<\/ul>\n\n\n\n<p><strong>Lang<\/strong><\/p>\n\n\n\n<ul class=\"wp-block-list\">\n<li>L\u00f6st definierten Tastaturbefehl kontinuierlich aus, bis das Pedal losgelassen wird. (wie eine normale Tastatur)<\/li>\n<\/ul>\n<\/div><\/div>\n<\/div><\/div>\n\n\n\n<div class=\"ghostkit-grid ghostkit-grid-gap-md\"><div class=\"ghostkit-grid-inner\">\n<div class=\"ghostkit-col ghostkit-col-lg-12 ghostkit-col-4\"><div class=\"ghostkit-col-content is-layout-flow wp-block-ghostkit-grid-column-is-layout-flow\">\n<h3 class=\"wp-block-heading\" id=\"dimensions-weight\">Abmessungen \/ Gewicht<\/h3>\n\n\n\n<p><strong>Kabell\u00e4nge<\/strong><\/p>\n\n\n\n<ul class=\"wp-block-list\">\n<li>2,5 m<\/li>\n<\/ul>\n\n\n\n<p><strong>Gewicht<\/strong><\/p>\n\n\n\n<ul class=\"wp-block-list\">\n<li>773g<\/li>\n<\/ul>\n\n\n\n<p><strong>H\u00f6he<\/strong><\/p>\n\n\n\n<ul class=\"wp-block-list\">\n<li>40,5 mm<\/li>\n<\/ul>\n\n\n\n<p><strong>Breite<\/strong><\/p>\n\n\n\n<ul class=\"wp-block-list\">\n<li>214mm<\/li>\n<\/ul>\n\n\n\n<p><strong>Tiefe<\/strong><\/p>\n\n\n\n<ul class=\"wp-block-list\">\n<li>144mm<\/li>\n<\/ul>\n<\/div><\/div>\n\n\n\n<div class=\"ghostkit-col ghostkit-col-lg-12 ghostkit-col-4\"><div class=\"ghostkit-col-content is-layout-flow wp-block-ghostkit-grid-column-is-layout-flow\">\n<h3 class=\"wp-block-heading\" id=\"exterior\">Au\u00dfen<\/h3>\n\n\n\n<p><strong>Verf\u00fcgbare Farben<\/strong><\/p>\n\n\n\n<ul class=\"wp-block-list\">\n<li>Dunkelgrau<\/li>\n<\/ul>\n<\/div><\/div>\n\n\n\n<div class=\"ghostkit-col ghostkit-col-lg-12 ghostkit-col-4\"><div class=\"ghostkit-col-content is-layout-flow wp-block-ghostkit-grid-column-is-layout-flow\">\n<h3 class=\"wp-block-heading\" id=\"connections\">Anschl\u00fcsse<\/h3>\n\n\n\n<p><strong>USB-Anschluss<\/strong><\/p>\n\n\n\n<ul class=\"wp-block-list\">\n<li>1,0\/ 1,1\/ 2,0\/ 3,0\/ 3,1 (Typ A)<\/li>\n<\/ul>\n\n\n\n<p><strong>8-polige Buchse<\/strong><\/p>\n\n\n\n<ul class=\"wp-block-list\">\n<li>Best\u00fcckt (Mini-DIN)<\/li>\n<\/ul>\n<\/div><\/div>\n<\/div><\/div>\n\n\n\n<div class=\"ghostkit-grid ghostkit-grid-gap-md\"><div class=\"ghostkit-grid-inner\">\n<div class=\"ghostkit-col ghostkit-col-lg-12 ghostkit-col-4\"><div class=\"ghostkit-col-content is-layout-flow wp-block-ghostkit-grid-column-is-layout-flow\">\n<h3 class=\"wp-block-heading\" id=\"environment\">Umfeld<\/h3>\n\n\n\n<p><strong>Temperatur<\/strong><\/p>\n\n\n\n<ul class=\"wp-block-list\">\n<li>0 - 42 \u00b0C (Betrieb)<\/li>\n<\/ul>\n<\/div><\/div>\n\n\n\n<div class=\"ghostkit-col ghostkit-col-lg-12 ghostkit-col-4\"><div class=\"ghostkit-col-content is-layout-flow wp-block-ghostkit-grid-column-is-layout-flow\">\n<h3 class=\"wp-block-heading\" id=\"compatible-software\">Kompatible Software<\/h3>\n\n\n\n<p><strong>ODMS<\/strong><\/p>\n\n\n\n<ul class=\"wp-block-list\">\n<li>Version 6 (oder h\u00f6her)<\/li>\n<\/ul>\n\n\n\n<p><strong>DSS-Player-Standard<\/strong><\/p>\n\n\n\n<ul class=\"wp-block-list\">\n<li>Ausgabe 2<\/li>\n<\/ul>\n\n\n\n<p><strong>DSS-Player f\u00fcr Mac<\/strong><\/p>\n\n\n\n<ul class=\"wp-block-list\">\n<li>Version 7.3.0 (oder h\u00f6her)<\/li>\n<\/ul>\n\n\n\n<p><sub>Hinweis: Die Tastenkonfiguration kann in der Anwendung nicht angepasst werden.<\/sub><\/p>\n\n\n\n<p><strong>Olympische Klangf\u00fclle<\/strong><\/p>\n\n\n\n<ul class=\"wp-block-list\">\n<li>Version 1.0.1 (oder h\u00f6her)<\/li>\n<\/ul>\n\n\n\n<p><strong>DSS-Player Pro<\/strong><\/p>\n\n\n\n<ul class=\"wp-block-list\">\n<li>Version 5.0 (oder h\u00f6her)<\/li>\n<\/ul>\n\n\n\n<p><strong>Fu\u00dfschalter-Konfigurationstool<\/strong><\/p>\n\n\n\n<ul class=\"wp-block-list\">\n<li>Angewandt<\/li>\n<\/ul>\n\n\n\n<p><strong>Software von Drittanbietern<\/strong><\/p>\n\n\n\n<ul class=\"wp-block-list\">\n<li>Muss die Steuerung \u00fcber Tastaturbefehle unterst\u00fctzen.<\/li>\n<\/ul>\n<\/div><\/div>\n\n\n\n<div class=\"ghostkit-col ghostkit-col-lg-12 ghostkit-col-4\"><div class=\"ghostkit-col-content is-layout-flow wp-block-ghostkit-grid-column-is-layout-flow\">\n<h3 class=\"wp-block-heading\" id=\"foot-switch-configuration-tool-basic-features\">Konfigurationstool f\u00fcr Fu\u00dfschalter \u2013 Grundfunktionen<\/h3>\n\n\n\n<p><strong>Konfiguration von HID-Tastaturbefehlen \/ Shortcuts<\/strong><\/p>\n\n\n\n<ul class=\"wp-block-list\">\n<li>Angewandt<\/li>\n<\/ul>\n\n\n\n<p><strong>Unterst\u00fctzte Multimedia-Tasten (Windows)<\/strong><\/p>\n\n\n\n<ul class=\"wp-block-list\">\n<li>N\u00e4chsten Titel scannen<\/li>\n\n\n\n<li>Vorherigen Titel scannen<\/li>\n\n\n\n<li>Stoppen<\/li>\n\n\n\n<li>Spielpause<\/li>\n\n\n\n<li>Stumm<\/li>\n\n\n\n<li>Lautst\u00e4rke erh\u00f6hen<\/li>\n\n\n\n<li>Lautst\u00e4rke verringern<\/li>\n\n\n\n<li>Starten Sie den Mediaplayer<\/li>\n\n\n\n<li>Starten Sie den Standard-E-Mail-Client<\/li>\n\n\n\n<li>Rechner starten<\/li>\n\n\n\n<li>Starten Sie den Standard-Internetbrowser<\/li>\n\n\n\n<li>Suche<\/li>\n\n\n\n<li>Internetbrowser f\u00fcr zu Hause<\/li>\n\n\n\n<li>Zur\u00fcck<\/li>\n\n\n\n<li>Nach vorne<\/li>\n\n\n\n<li>Aktualisierung<\/li>\n\n\n\n<li>Favoriten<\/li>\n<\/ul>\n\n\n\n<p><strong>Unterst\u00fctzte Multimedia-Tasten (Mac OS)<\/strong><\/p>\n\n\n\n<ul class=\"wp-block-list\">\n<li>N\u00e4chsten Titel scannen<\/li>\n\n\n\n<li>Vorherigen Titel scannen<\/li>\n\n\n\n<li>Auswerfen<\/li>\n\n\n\n<li>Stumm<\/li>\n\n\n\n<li>Lautst\u00e4rke erh\u00f6hen<\/li>\n<\/ul>\n\n\n\n<p><strong>Umschalten zwischen Olympus-Modus und HID-Tastaturmodus<\/strong><\/p>\n\n\n\n<ul class=\"wp-block-list\">\n<li>Erh\u00e4ltlich<\/li>\n<\/ul>\n\n\n\n<p><strong>Vorlagen f\u00fcr Fu\u00dfschaltereinstellungen<\/strong><\/p>\n\n\n\n<ul class=\"wp-block-list\">\n<li>Speichern &amp; Laden<\/li>\n<\/ul>\n\n\n\n<p><strong>Admin-Schreibmodus<\/strong><\/p>\n\n\n\n<ul class=\"wp-block-list\">\n<li>Angewandt<\/li>\n<\/ul>\n<\/div><\/div>\n<\/div><\/div>\n\n\n\n<div class=\"ghostkit-grid ghostkit-grid-gap-md\"><div class=\"ghostkit-grid-inner\">\n<div class=\"ghostkit-col ghostkit-col-lg-12 ghostkit-col-4\"><div class=\"ghostkit-col-content is-layout-flow wp-block-ghostkit-grid-column-is-layout-flow\">\n<h3 class=\"wp-block-heading\" id=\"operating-systems-requirements\">Betriebssysteme &amp; Anforderungen<\/h3>\n\n\n\n<p><strong>Fenster<\/strong><\/p>\n\n\n\n<ul class=\"wp-block-list\">\n<li>Betriebssystem: Windows Vista\/7\/8\/8.1\/10<\/li>\n<\/ul>\n\n\n\n<p><strong>Macintosh<\/strong><\/p>\n\n\n\n<ul class=\"wp-block-list\">\n<li>Betriebssystem: Mac OS X 10.9 - 10.15<\/li>\n<\/ul>\n<\/div><\/div>\n\n\n\n<div class=\"ghostkit-col ghostkit-col-lg-12 ghostkit-col-4\"><div class=\"ghostkit-col-content is-layout-flow wp-block-ghostkit-grid-column-is-layout-flow\">\n<h3 class=\"wp-block-heading\" id=\"compatible-olympus-hardware\">Kompatible Olympus-Hardware<\/h3>\n\n\n\n<p><strong>Notiz<\/strong><\/p>\n\n\n\n<p>Um das Diktierger\u00e4t zu bedienen, muss es in seine Halterung gelegt werden. Finden Sie unten die notwendige Kombination.<\/p>\n\n\n\n<p><strong>CR20<\/strong><\/p>\n\n\n\n<ul class=\"wp-block-list\">\n<li>DS-F1 (VoiSquare)<\/li>\n<\/ul>\n\n\n\n<p><strong>CR15<\/strong><\/p>\n\n\n\n<ul class=\"wp-block-list\">\n<li>DS-7000<\/li>\n\n\n\n<li>DS-3500<\/li>\n<\/ul>\n\n\n\n<p><strong>CR10<\/strong><\/p>\n\n\n\n<ul class=\"wp-block-list\">\n<li>DS-5500<\/li>\n\n\n\n<li>DS-5000 \/ 5000ID<\/li>\n\n\n\n<li>DS-3400<\/li>\n<\/ul>\n\n\n\n<p><strong>CR3A<\/strong><\/p>\n\n\n\n<ul class=\"wp-block-list\">\n<li>DS-4000<\/li>\n\n\n\n<li>DS-3300<\/li>\n<\/ul>\n<\/div><\/div>\n\n\n\n<div class=\"ghostkit-col ghostkit-col-lg-12 ghostkit-col-4 is-layout-flow wp-block-ghostkit-grid-column-is-layout-flow\"><div class=\"ghostkit-col-content\"><\/div><\/div>\n<\/div><\/div>","protected":false},"featured_media":1051,"template":"","meta":{"ghostkit_customizer_options":"","ghostkit_custom_css":"","ghostkit_custom_js_head":"","ghostkit_custom_js_foot":"","ghostkit_typography":""},"product_category":[54],"class_list":["post-1050","product","type-product","status-publish","has-post-thumbnail","hentry","product_category-accessories"],"yoast_head":"<!-- This site is optimized with the Yoast SEO plugin v27.4 - https:\/\/yoast.com\/product\/yoast-seo-wordpress\/ -->\n<title>RS31H- USB Foot Switch with 4 pedals - Professional Audio Support<\/title>\n<meta name=\"robots\" content=\"index, follow, max-snippet:-1, max-image-preview:large, max-video-preview:-1\" \/>\n<link rel=\"canonical\" href=\"https:\/\/audiosupport.omsystem.com\/de\/product\/rs31h-usb-foot-switch-with-4-pedals\/\" \/>\n<meta property=\"og:locale\" content=\"de_DE\" \/>\n<meta property=\"og:type\" content=\"article\" \/>\n<meta property=\"og:title\" content=\"RS31H- USB Foot Switch with 4 pedals - Professional Audio Support\" \/>\n<meta property=\"og:url\" content=\"https:\/\/audiosupport.omsystem.com\/de\/product\/rs31h-usb-foot-switch-with-4-pedals\/\" \/>\n<meta property=\"og:site_name\" content=\"Professional Audio Support\" \/>\n<meta property=\"article:modified_time\" content=\"2024-11-28T16:23:12+00:00\" \/>\n<meta property=\"og:image\" content=\"https:\/\/audiosupport.omsystem.com\/wp-content\/uploads\/2021\/12\/RS-31.jpg\" \/>\n\t<meta property=\"og:image:width\" content=\"350\" \/>\n\t<meta property=\"og:image:height\" content=\"300\" \/>\n\t<meta property=\"og:image:type\" content=\"image\/jpeg\" \/>\n<meta name=\"twitter:card\" content=\"summary_large_image\" \/>\n<meta name=\"twitter:label1\" content=\"Gesch\u00e4tzte Lesezeit\" \/>\n\t<meta name=\"twitter:data1\" content=\"2\u00a0Minuten\" \/>\n<script type=\"application\/ld+json\" class=\"yoast-schema-graph\">{\"@context\":\"https:\\\/\\\/schema.org\",\"@graph\":[{\"@type\":\"WebPage\",\"@id\":\"https:\\\/\\\/audiosupport.omsystem.com\\\/product\\\/rs31h-usb-foot-switch-with-4-pedals\\\/\",\"url\":\"https:\\\/\\\/audiosupport.omsystem.com\\\/product\\\/rs31h-usb-foot-switch-with-4-pedals\\\/\",\"name\":\"RS31H- USB Foot Switch with 4 pedals - Professional Audio Support\",\"isPartOf\":{\"@id\":\"https:\\\/\\\/audiosupport.omsystem.com\\\/en\\\/#website\"},\"primaryImageOfPage\":{\"@id\":\"https:\\\/\\\/audiosupport.omsystem.com\\\/product\\\/rs31h-usb-foot-switch-with-4-pedals\\\/#primaryimage\"},\"image\":{\"@id\":\"https:\\\/\\\/audiosupport.omsystem.com\\\/product\\\/rs31h-usb-foot-switch-with-4-pedals\\\/#primaryimage\"},\"thumbnailUrl\":\"https:\\\/\\\/audiosupport.omsystem.com\\\/wp-content\\\/uploads\\\/2021\\\/12\\\/RS-31.jpg\",\"datePublished\":\"2021-12-07T20:46:17+00:00\",\"dateModified\":\"2024-11-28T16:23:12+00:00\",\"breadcrumb\":{\"@id\":\"https:\\\/\\\/audiosupport.omsystem.com\\\/product\\\/rs31h-usb-foot-switch-with-4-pedals\\\/#breadcrumb\"},\"inLanguage\":\"de\",\"potentialAction\":[{\"@type\":\"ReadAction\",\"target\":[\"https:\\\/\\\/audiosupport.omsystem.com\\\/product\\\/rs31h-usb-foot-switch-with-4-pedals\\\/\"]}]},{\"@type\":\"ImageObject\",\"inLanguage\":\"de\",\"@id\":\"https:\\\/\\\/audiosupport.omsystem.com\\\/product\\\/rs31h-usb-foot-switch-with-4-pedals\\\/#primaryimage\",\"url\":\"https:\\\/\\\/audiosupport.omsystem.com\\\/wp-content\\\/uploads\\\/2021\\\/12\\\/RS-31.jpg\",\"contentUrl\":\"https:\\\/\\\/audiosupport.omsystem.com\\\/wp-content\\\/uploads\\\/2021\\\/12\\\/RS-31.jpg\",\"width\":350,\"height\":300,\"caption\":\"RS31\"},{\"@type\":\"BreadcrumbList\",\"@id\":\"https:\\\/\\\/audiosupport.omsystem.com\\\/product\\\/rs31h-usb-foot-switch-with-4-pedals\\\/#breadcrumb\",\"itemListElement\":[{\"@type\":\"ListItem\",\"position\":1,\"name\":\"Home\",\"item\":\"https:\\\/\\\/audiosupport.omsystem.com\\\/\"},{\"@type\":\"ListItem\",\"position\":2,\"name\":\"RS31H- USB Foot Switch with 4 pedals\"}]},{\"@type\":\"WebSite\",\"@id\":\"https:\\\/\\\/audiosupport.omsystem.com\\\/en\\\/#website\",\"url\":\"https:\\\/\\\/audiosupport.omsystem.com\\\/en\\\/\",\"name\":\"Professional Audio Support\",\"description\":\"OM Digital Solutions\",\"potentialAction\":[{\"@type\":\"SearchAction\",\"target\":{\"@type\":\"EntryPoint\",\"urlTemplate\":\"https:\\\/\\\/audiosupport.omsystem.com\\\/en\\\/?s={search_term_string}\"},\"query-input\":{\"@type\":\"PropertyValueSpecification\",\"valueRequired\":true,\"valueName\":\"search_term_string\"}}],\"inLanguage\":\"de\"}]}<\/script>\n<!-- \/ Yoast SEO plugin. -->","yoast_head_json":{"title":"RS31H \u2013 USB-Fu\u00dfschalter mit 4 Pedalen \u2013 Professional Audio Support","robots":{"index":"index","follow":"follow","max-snippet":"max-snippet:-1","max-image-preview":"max-image-preview:large","max-video-preview":"max-video-preview:-1"},"canonical":"https:\/\/audiosupport.omsystem.com\/de\/product\/rs31h-usb-foot-switch-with-4-pedals\/","og_locale":"de_DE","og_type":"article","og_title":"RS31H- USB Foot Switch with 4 pedals - Professional Audio Support","og_url":"https:\/\/audiosupport.omsystem.com\/de\/product\/rs31h-usb-foot-switch-with-4-pedals\/","og_site_name":"Professional Audio Support","article_modified_time":"2024-11-28T16:23:12+00:00","og_image":[{"width":350,"height":300,"url":"https:\/\/audiosupport.omsystem.com\/wp-content\/uploads\/2021\/12\/RS-31.jpg","type":"image\/jpeg"}],"twitter_card":"summary_large_image","twitter_misc":{"Gesch\u00e4tzte Lesezeit":"2\u00a0Minuten"},"schema":{"@context":"https:\/\/schema.org","@graph":[{"@type":"WebPage","@id":"https:\/\/audiosupport.omsystem.com\/product\/rs31h-usb-foot-switch-with-4-pedals\/","url":"https:\/\/audiosupport.omsystem.com\/product\/rs31h-usb-foot-switch-with-4-pedals\/","name":"RS31H \u2013 USB-Fu\u00dfschalter mit 4 Pedalen \u2013 Professional Audio Support","isPartOf":{"@id":"https:\/\/audiosupport.omsystem.com\/en\/#website"},"primaryImageOfPage":{"@id":"https:\/\/audiosupport.omsystem.com\/product\/rs31h-usb-foot-switch-with-4-pedals\/#primaryimage"},"image":{"@id":"https:\/\/audiosupport.omsystem.com\/product\/rs31h-usb-foot-switch-with-4-pedals\/#primaryimage"},"thumbnailUrl":"https:\/\/audiosupport.omsystem.com\/wp-content\/uploads\/2021\/12\/RS-31.jpg","datePublished":"2021-12-07T20:46:17+00:00","dateModified":"2024-11-28T16:23:12+00:00","breadcrumb":{"@id":"https:\/\/audiosupport.omsystem.com\/product\/rs31h-usb-foot-switch-with-4-pedals\/#breadcrumb"},"inLanguage":"de","potentialAction":[{"@type":"ReadAction","target":["https:\/\/audiosupport.omsystem.com\/product\/rs31h-usb-foot-switch-with-4-pedals\/"]}]},{"@type":"ImageObject","inLanguage":"de","@id":"https:\/\/audiosupport.omsystem.com\/product\/rs31h-usb-foot-switch-with-4-pedals\/#primaryimage","url":"https:\/\/audiosupport.omsystem.com\/wp-content\/uploads\/2021\/12\/RS-31.jpg","contentUrl":"https:\/\/audiosupport.omsystem.com\/wp-content\/uploads\/2021\/12\/RS-31.jpg","width":350,"height":300,"caption":"RS31"},{"@type":"BreadcrumbList","@id":"https:\/\/audiosupport.omsystem.com\/product\/rs31h-usb-foot-switch-with-4-pedals\/#breadcrumb","itemListElement":[{"@type":"ListItem","position":1,"name":"Home","item":"https:\/\/audiosupport.omsystem.com\/"},{"@type":"ListItem","position":2,"name":"RS31H- USB Foot Switch with 4 pedals"}]},{"@type":"WebSite","@id":"https:\/\/audiosupport.omsystem.com\/en\/#website","url":"https:\/\/audiosupport.omsystem.com\/en\/","name":"Professionelle Audiounterst\u00fctzung","description":"OM Digitale L\u00f6sungen","potentialAction":[{"@type":"SearchAction","target":{"@type":"EntryPoint","urlTemplate":"https:\/\/audiosupport.omsystem.com\/en\/?s={search_term_string}"},"query-input":{"@type":"PropertyValueSpecification","valueRequired":true,"valueName":"search_term_string"}}],"inLanguage":"de"}]}},"_links":{"self":[{"href":"https:\/\/audiosupport.omsystem.com\/de\/wp-json\/wp\/v2\/product\/1050","targetHints":{"allow":["GET"]}}],"collection":[{"href":"https:\/\/audiosupport.omsystem.com\/de\/wp-json\/wp\/v2\/product"}],"about":[{"href":"https:\/\/audiosupport.omsystem.com\/de\/wp-json\/wp\/v2\/types\/product"}],"wp:featuredmedia":[{"embeddable":true,"href":"https:\/\/audiosupport.omsystem.com\/de\/wp-json\/wp\/v2\/media\/1051"}],"wp:attachment":[{"href":"https:\/\/audiosupport.omsystem.com\/de\/wp-json\/wp\/v2\/media?parent=1050"}],"wp:term":[{"taxonomy":"product_category","embeddable":true,"href":"https:\/\/audiosupport.omsystem.com\/de\/wp-json\/wp\/v2\/product_category?post=1050"}],"curies":[{"name":"wp","href":"https:\/\/api.w.org\/{rel}","templated":true}]}}