{"id":5811,"date":"2024-07-17T16:27:37","date_gmt":"2024-07-17T16:27:37","guid":{"rendered":"https:\/\/audiosupport.omsystem.com\/?page_id=5811"},"modified":"2024-07-19T15:05:54","modified_gmt":"2024-07-19T15:05:54","slug":"odms-cloud-knowledge-base","status":"publish","type":"page","link":"https:\/\/audiosupport.omsystem.com\/de\/knowledge-base\/odms-cloud-knowledge-base\/","title":{"rendered":"ODMS Cloud Wissensdatenbank"},"content":{"rendered":"<h1 class=\"wp-block-heading has-text-align-center ghostkit-custom-ZhYPEd\" id=\"odms-cloud-knowledge-base\">ODMS Cloud Wissensdatenbank<\/h1>\n\n\n\n<form action=\"https:\/\/audiosupport.omsystem.com\/de\/\" method=\"get\" class=\"row\" data-trp-original-action=\"https:\/\/audiosupport.omsystem.com\/en\/\">\n    <input type=\"hidden\" name=\"cat\" value=\"246\">\n    <div class=\"col-md-10\">\n    \t<label for=\"search\" class=\"d-none\">Suche<\/label>\n\t<input type=\"text\" name=\"s\" id=\"search\" value=\"\" placeholder=\"Suchen Sie in dieser Kategorie\" class=\"form-control\">\n    <\/div>\n    <div class=\"col-md-2\">\n\t<input type=\"submit\" value=\"Suche\" class=\"btn btn-dark form-control\">\n    <\/div>\n<input type=\"hidden\" name=\"trp-form-language\" value=\"de\"\/><\/form>\n\n\n\n<div style=\"height:40px\" aria-hidden=\"true\" class=\"wp-block-spacer\"><\/div>\n\n\n\n<p><strong>Inhalt<\/strong><\/p>\n\n\n\n<ul class=\"wp-block-list is-style-none\">\n<li>1) <a href=\"https:\/\/audiosupport.omsystem.com\/de\/odms-cloud\/odms-cloud-what-is-odms-cloud\/\">Was ist ODMS Cloud<\/a><\/li>\n\n\n\n<li>2) <a href=\"https:\/\/audiosupport.omsystem.com\/de\/odms-cloud\/odms-cloud-licences-and-roles\/\">Lizenzen und Rollen<\/a><\/li>\n\n\n\n<li>3) <a href=\"https:\/\/audiosupport.omsystem.com\/de\/odms-cloud\/odms-cloud-supported-devices-files-formats-and-browsers\/\">Unterst\u00fctzte Ger\u00e4te, Dateiformate und Browser<\/a><\/li>\n\n\n\n<li>4) <a href=\"https:\/\/audiosupport.omsystem.com\/de\/odms-cloud\/odms-cloud-screen-configuration-overview\/\">\u00dcbersicht zur Bildschirmkonfiguration<\/a><\/li>\n\n\n\n<li>5) <a href=\"https:\/\/audiosupport.omsystem.com\/de\/odms-cloud\/odms-cloud-account-registration-and-settings-for-end-users\/\">Kontoregistrierung und -einstellungen (Endbenutzer)<\/a><\/li>\n\n\n\n<li>6) <a href=\"https:\/\/audiosupport.omsystem.com\/de\/odms-cloud\/odms-cloud-user-registration\/\">Benutzer Registration<\/a><\/li>\n\n\n\n<li>7) <a href=\"https:\/\/audiosupport.omsystem.com\/de\/odms-cloud\/odms-cloud-how-to-register-or-edit-administrator\/\">Administrator registrieren oder bearbeiten<\/a><\/li>\n\n\n\n<li>8) <a href=\"https:\/\/audiosupport.omsystem.com\/de\/odms-cloud\/odms-cloud-how-to-order-licenses\/\">Lizenzen bestellen<\/a><\/li>\n\n\n\n<li>9) <a href=\"https:\/\/audiosupport.omsystem.com\/de\/odms-cloud\/odms-cloud-how-to-activate-license-key-from-the-license-card\/\">Lizenzschl\u00fcssel von der Lizenzkarte aktivieren<\/a><\/li>\n\n\n\n<li>10) <a href=\"https:\/\/audiosupport.omsystem.com\/de\/odms-cloud\/odms-cloud-how-to-assign-licenses\/\">Lizenzen zuweisen<\/a><\/li>\n\n\n\n<li>11) <a href=\"https:\/\/audiosupport.omsystem.com\/de\/odms-cloud\/odms-cloud-how-to-configure-workflows\/\">Workflow konfigurieren<\/a><\/li>\n\n\n\n<li>13) <a href=\"https:\/\/audiosupport.omsystem.com\/de\/odms-cloud\/odms-cloud-how-to-change-dictation-device-settings\/\">Diktierger\u00e4teinstellungen<\/a><\/li>\n\n\n\n<li>14) <a href=\"https:\/\/audiosupport.omsystem.com\/de\/odms-cloud\/odms-cloud-how-to-backup-and-automatic-deletion-of-transcription-finished-files\/\">Sicherung und automatische L\u00f6schung fertiger Transkriptionsdateien<\/a><\/li>\n\n\n\n<li>15) <a href=\"https:\/\/audiosupport.omsystem.com\/de\/odms-cloud\/odms-cloud-dictation-workflow-overview\/\">Diktier-Workflow<\/a>\n<ul class=\"wp-block-list\">\n<li>15.1) <a href=\"https:\/\/audiosupport.omsystem.com\/de\/kb\/odms-cloud-dictation-workflow-3-1-dictation-information-display-screen\/\">Diktier-Workflow Diktier-Informationsbildschirm<\/a><\/li>\n\n\n\n<li>15.2) <a href=\"https:\/\/audiosupport.omsystem.com\/de\/odms-cloud\/odms-cloud-dictation-workflow-client-application-for-authors-and-transcriptionists\/\">Diktier-Workflow-Client-Anwendung f\u00fcr Autoren und Transkriptionisten<\/a><\/li>\n\n\n\n<li>15.3) <a href=\"https:\/\/audiosupport.omsystem.com\/de\/odms-cloud\/odms-cloud-dictation-workflow-how-to-configure-routing-and-automatic-routing-rules\/\">Diktier-Workflow: Routing und automatische Routing-Regeln konfigurieren<\/a><\/li>\n\n\n\n<li>15.4) <a href=\"https:\/\/audiosupport.omsystem.com\/de\/odms-cloud\/odms-cloud-dictation-workflow-how-to-upload-a-dictation-file\/\">Diktier-Workflow Diktatdatei hochladen<\/a><\/li>\n\n\n\n<li>15.5) <a href=\"https:\/\/audiosupport.omsystem.com\/de\/odms-cloud\/odms-cloud-dictation-workflow-new-task-notifications\/\">Diktier-Workflow: Benachrichtigung \u00fcber neue Aufgabe<\/a><\/li>\n\n\n\n<li>15.6) <a href=\"https:\/\/audiosupport.omsystem.com\/de\/odms-cloud\/odms-cloud-dictation-workflow-how-to-select-dictation-files-for-playback-checkout-dictation-file\/\">Diktat-Workflow Diktatdatei auschecken<\/a><\/li>\n\n\n\n<li>15.7) <a href=\"https:\/\/audiosupport.omsystem.com\/de\/kb\/odms-cloud-dictation-workflow-dictation-status\/\">Diktier-Workflow Diktierstatus<\/a><\/li>\n\n\n\n<li>15.8) <a href=\"https:\/\/audiosupport.omsystem.com\/de\/odms-cloud\/odms-cloud-dictation-workflow-how-to-configure-manual-routing\/\">Manuelles Routing f\u00fcr den Diktierworkflow<\/a><\/li>\n\n\n\n<li>15.9) <a href=\"https:\/\/audiosupport.omsystem.com\/de\/odms-cloud\/odms-cloud-dictation-workflow-finish-transcription-and-notification\/\">Diktier-Workflow Transkription beenden und Benachrichtigung<\/a><\/li>\n\n\n\n<li>15.10) <a href=\"https:\/\/audiosupport.omsystem.com\/de\/odms-cloud\/odms-cloud-dictation-workflow-how-to-add-index-marks-to-a-file\/\">Diktier-Workflow: Priorit\u00e4t \u00e4ndern und Indexmarke hinzuf\u00fcgen<\/a><\/li>\n\n\n\n<li>15.11) <a href=\"https:\/\/audiosupport.omsystem.com\/de\/odms-cloud\/odms-cloud-dictation-workflow-dictation-file-with-author-id-as-device-name\/\">Diktier-Workflow Diktierdatei mit Autoren-ID als Ger\u00e4tename<\/a><\/li>\n<\/ul>\n<\/li>\n\n\n\n<li>16) <a href=\"https:\/\/audiosupport.omsystem.com\/de\/odms-cloud\/odms-cloud-license-management-license-types\/\">Lizenzmanagement - Lizenztypen<\/a>\n<ul class=\"wp-block-list\">\n<li>16.1) <a href=\"https:\/\/audiosupport.omsystem.com\/de\/odms-cloud\/odms-cloud-license-management-license-information-display-screen\/\">Lizenzverwaltung - Anzeigebildschirm mit Lizenzinformationen<\/a><\/li>\n\n\n\n<li>16.2) <a href=\"https:\/\/audiosupport.omsystem.com\/de\/odms-cloud\/odms-cloud-license-management-license-management-per-user\/\">Lizenzverwaltung \u2013 Verwaltung pro Benutzer<\/a><\/li>\n<\/ul>\n<\/li>\n\n\n\n<li>17) <a href=\"https:\/\/audiosupport.omsystem.com\/de\/odms-cloud\/odms-cloud-how-to-manage-users\/\">Benutzerverwaltung<\/a>\n<ul class=\"wp-block-list\">\n<li>17.1) <a href=\"https:\/\/audiosupport.omsystem.com\/de\/odms-cloud\/odms-cloud-how-to-manage-users-user-management-via-csv-file\/\">User Manager \u2013 Benutzerregistrierung per CSV-Datei<\/a><\/li>\n<\/ul>\n<\/li>\n\n\n\n<li>18) <a href=\"https:\/\/audiosupport.omsystem.com\/de\/odms-cloud\/odms-cloud-supported-devices-files-formats-and-browsers\/\">Installation der ODMS Cloud Desktop App und Betriebssystemanforderungen<\/a>\n<ul class=\"wp-block-list\">\n<li>18.1) <a href=\"https:\/\/audiosupport.omsystem.com\/de\/odms-cloud\/odms-cloud-the-desktop-interface-explained\/\">Bildschirmoberfl\u00e4che der ODMS Cloud Desktop-App<\/a><\/li>\n\n\n\n<li>18.2) <a href=\"https:\/\/audiosupport.omsystem.com\/de\/odms-cloud\/odms-cloud-desktop-app-start-up-shutdown-and-sign-in-explained\/\">ODMS Cloud Desktop App Starten, Herunterfahren und Anmelden<\/a><\/li>\n\n\n\n<li>18.3) <a href=\"https:\/\/audiosupport.omsystem.com\/de\/kb\/odms-cloud-the-desktop-app-ho-to-upload-a-dictation-file\/\">ODMS Cloud Desktop App Diktatdatei hochladen<\/a><\/li>\n<\/ul>\n<\/li>\n\n\n\n<li>19) <a href=\"https:\/\/audiosupport.omsystem.com\/de\/odms-cloud\/odms-cloud-how-to-start-and-finish-transcription\/\">ODMS Cloud Transkription starten und beenden<\/a><\/li>\n\n\n\n<li>20) <a href=\"https:\/\/audiosupport.omsystem.com\/de\/odms-cloud\/odms-cloud-the-smartphone-app-how-to-download\/\">ODMS Cloud Smartphone-App herunterladen<\/a>\n<ul class=\"wp-block-list\">\n<li>20.1) <a href=\"https:\/\/audiosupport.omsystem.com\/de\/odms-cloud\/odms-cloud-the-smartphone-app-launch-and-sign-in\/\">ODMS Cloud Smartphone-App starten und anmelden<\/a><\/li>\n\n\n\n<li>20.2) <a href=\"https:\/\/audiosupport.omsystem.com\/de\/odms-cloud\/odms-cloud-smartphone-app-the-screen-interface\/\">ODMS Cloud Smartphone App \u2013 Bildschirmkonfiguration<\/a><\/li>\n\n\n\n<li>20.3) <a href=\"https:\/\/audiosupport.omsystem.com\/de\/odms-cloud\/odms-cloud-smartphone-app-how-to-dictate-using-the-mobile-app\/\">ODMS Cloud Smartphone App \u2013 Diktieren mit der mobilen App<\/a><\/li>\n\n\n\n<li>20.4) <a href=\"https:\/\/audiosupport.omsystem.com\/de\/odms-cloud\/odms-cloud-the-smartphone-app-how-to-delete-an-audio-recording\/\">ODMS Cloud Smartphone App So l\u00f6schen Sie eine Datei<\/a><\/li>\n\n\n\n<li>20.5) <a href=\"https:\/\/audiosupport.omsystem.com\/de\/odms-cloud\/odms-cloud-the-smartphone-app-how-to-upload-your-audio-files-to-the-cloud\/\">ODMS Cloud Smartphone App Datei-Upload<\/a><\/li>\n\n\n\n<li>20.6) <a href=\"https:\/\/audiosupport.omsystem.com\/de\/odms-cloud\/odms-cloud-the-smartphone-app-how-to-view-your-audio-files-on-the-cloud-server\/\">ODMS Cloud Smartphone App Cloud View<\/a><\/li>\n\n\n\n<li>20.7) <a href=\"https:\/\/audiosupport.omsystem.com\/de\/odms-cloud\/odms-cloud-the-smartphone-app-how-to-sign-in-to-odms-cloud-via-your-web-browser-change-transcriptionist\/\">ODMS Cloud Smartphone App Cloud-Anmeldung \u00fcber den Browser<\/a><\/li>\n<\/ul>\n<\/li>\n\n\n\n<li>21) <a href=\"https:\/\/audiosupport.omsystem.com\/de\/odms-cloud\/odms-cloud-email-notifications-explained\/\">ODMS Cloud E-Mail-Benachrichtigungen<\/a>\n<ul class=\"wp-block-list\">\n<li>21.1) <a href=\"https:\/\/audiosupport.omsystem.com\/de\/odms-cloud\/odms-cloud-timing-of-e-mail-notifications-being-sent\/\">ODMS Cloud-Zeitpunkt f\u00fcr den Versand von E-Mail-Benachrichtigungen<\/a><\/li>\n\n\n\n<li>21.2) <a href=\"https:\/\/audiosupport.omsystem.com\/de\/odms-cloud\/odms-cloud-details-of-e-mail-notifications\/\">ODMS Cloud Details zu E-Mail-Benachrichtigungen<\/a><\/li>\n<\/ul>\n<\/li>\n\n\n\n<li>22) <a href=\"https:\/\/audiosupport.omsystem.com\/de\/odms-cloud\/odms-cloud-how-to-receive-dictation-files-from-an-author-using-ds-9500-built-in-email-function\/\">So empfangen Sie Diktatdateien von einem Autor mithilfe der integrierten E-Mail-Funktion des DS-9500<\/a><\/li>\n<\/ul>","protected":false},"excerpt":{"rendered":"<p>ODMS Cloud Knowledge Base Suchinhalte<\/p>","protected":false},"author":1,"featured_media":0,"parent":4290,"menu_order":0,"comment_status":"closed","ping_status":"closed","template":"","meta":{"ghostkit_customizer_options":"","ghostkit_custom_css":"","ghostkit_custom_js_head":"","ghostkit_custom_js_foot":"","ghostkit_typography":"","footnotes":""},"class_list":["post-5811","page","type-page","status-publish","hentry"],"yoast_head":"<!-- This site is optimized with the Yoast SEO plugin v27.4 - https:\/\/yoast.com\/product\/yoast-seo-wordpress\/ -->\n<title>ODMS Cloud Knowledge Base - Professional Audio Support<\/title>\n<meta name=\"robots\" content=\"index, follow, max-snippet:-1, max-image-preview:large, max-video-preview:-1\" \/>\n<link rel=\"canonical\" href=\"https:\/\/audiosupport.omsystem.com\/de\/knowledge-base\/odms-cloud-knowledge-base\/\" \/>\n<meta property=\"og:locale\" content=\"de_DE\" \/>\n<meta property=\"og:type\" content=\"article\" \/>\n<meta property=\"og:title\" content=\"ODMS Cloud Knowledge Base - Professional Audio Support\" \/>\n<meta property=\"og:description\" content=\"ODMS Cloud Knowledge Base Search Contents\" \/>\n<meta property=\"og:url\" content=\"https:\/\/audiosupport.omsystem.com\/de\/knowledge-base\/odms-cloud-knowledge-base\/\" \/>\n<meta property=\"og:site_name\" content=\"Professional Audio Support\" \/>\n<meta property=\"article:modified_time\" content=\"2024-07-19T15:05:54+00:00\" \/>\n<meta name=\"twitter:card\" content=\"summary_large_image\" \/>\n<meta name=\"twitter:label1\" content=\"Gesch\u00e4tzte Lesezeit\" \/>\n\t<meta name=\"twitter:data1\" content=\"1\u00a0Minute\" \/>\n<script type=\"application\/ld+json\" class=\"yoast-schema-graph\">{\"@context\":\"https:\\\/\\\/schema.org\",\"@graph\":[{\"@type\":\"WebPage\",\"@id\":\"https:\\\/\\\/audiosupport.omsystem.com\\\/knowledge-base\\\/odms-cloud-knowledge-base\\\/\",\"url\":\"https:\\\/\\\/audiosupport.omsystem.com\\\/knowledge-base\\\/odms-cloud-knowledge-base\\\/\",\"name\":\"ODMS Cloud Knowledge Base - Professional Audio Support\",\"isPartOf\":{\"@id\":\"https:\\\/\\\/audiosupport.omsystem.com\\\/en\\\/#website\"},\"datePublished\":\"2024-07-17T16:27:37+00:00\",\"dateModified\":\"2024-07-19T15:05:54+00:00\",\"breadcrumb\":{\"@id\":\"https:\\\/\\\/audiosupport.omsystem.com\\\/knowledge-base\\\/odms-cloud-knowledge-base\\\/#breadcrumb\"},\"inLanguage\":\"de\",\"potentialAction\":[{\"@type\":\"ReadAction\",\"target\":[\"https:\\\/\\\/audiosupport.omsystem.com\\\/knowledge-base\\\/odms-cloud-knowledge-base\\\/\"]}]},{\"@type\":\"BreadcrumbList\",\"@id\":\"https:\\\/\\\/audiosupport.omsystem.com\\\/knowledge-base\\\/odms-cloud-knowledge-base\\\/#breadcrumb\",\"itemListElement\":[{\"@type\":\"ListItem\",\"position\":1,\"name\":\"Home\",\"item\":\"https:\\\/\\\/audiosupport.omsystem.com\\\/\"},{\"@type\":\"ListItem\",\"position\":2,\"name\":\"Knowledge Base\",\"item\":\"https:\\\/\\\/audiosupport.omsystem.com\\\/knowledge-base\\\/\"},{\"@type\":\"ListItem\",\"position\":3,\"name\":\"ODMS Cloud Knowledge Base\"}]},{\"@type\":\"WebSite\",\"@id\":\"https:\\\/\\\/audiosupport.omsystem.com\\\/en\\\/#website\",\"url\":\"https:\\\/\\\/audiosupport.omsystem.com\\\/en\\\/\",\"name\":\"Professional Audio Support\",\"description\":\"OM Digital Solutions\",\"potentialAction\":[{\"@type\":\"SearchAction\",\"target\":{\"@type\":\"EntryPoint\",\"urlTemplate\":\"https:\\\/\\\/audiosupport.omsystem.com\\\/en\\\/?s={search_term_string}\"},\"query-input\":{\"@type\":\"PropertyValueSpecification\",\"valueRequired\":true,\"valueName\":\"search_term_string\"}}],\"inLanguage\":\"de\"}]}<\/script>\n<!-- \/ Yoast SEO plugin. -->","yoast_head_json":{"title":"ODMS Cloud-Wissensdatenbank \u2013 Professioneller Audio-Support","robots":{"index":"index","follow":"follow","max-snippet":"max-snippet:-1","max-image-preview":"max-image-preview:large","max-video-preview":"max-video-preview:-1"},"canonical":"https:\/\/audiosupport.omsystem.com\/de\/knowledge-base\/odms-cloud-knowledge-base\/","og_locale":"de_DE","og_type":"article","og_title":"ODMS Cloud Knowledge Base - Professional Audio Support","og_description":"ODMS Cloud Knowledge Base Search Contents","og_url":"https:\/\/audiosupport.omsystem.com\/de\/knowledge-base\/odms-cloud-knowledge-base\/","og_site_name":"Professional Audio Support","article_modified_time":"2024-07-19T15:05:54+00:00","twitter_card":"summary_large_image","twitter_misc":{"Gesch\u00e4tzte Lesezeit":"1\u00a0Minute"},"schema":{"@context":"https:\/\/schema.org","@graph":[{"@type":"WebPage","@id":"https:\/\/audiosupport.omsystem.com\/knowledge-base\/odms-cloud-knowledge-base\/","url":"https:\/\/audiosupport.omsystem.com\/knowledge-base\/odms-cloud-knowledge-base\/","name":"ODMS Cloud-Wissensdatenbank \u2013 Professioneller Audio-Support","isPartOf":{"@id":"https:\/\/audiosupport.omsystem.com\/en\/#website"},"datePublished":"2024-07-17T16:27:37+00:00","dateModified":"2024-07-19T15:05:54+00:00","breadcrumb":{"@id":"https:\/\/audiosupport.omsystem.com\/knowledge-base\/odms-cloud-knowledge-base\/#breadcrumb"},"inLanguage":"de","potentialAction":[{"@type":"ReadAction","target":["https:\/\/audiosupport.omsystem.com\/knowledge-base\/odms-cloud-knowledge-base\/"]}]},{"@type":"BreadcrumbList","@id":"https:\/\/audiosupport.omsystem.com\/knowledge-base\/odms-cloud-knowledge-base\/#breadcrumb","itemListElement":[{"@type":"ListItem","position":1,"name":"Home","item":"https:\/\/audiosupport.omsystem.com\/"},{"@type":"ListItem","position":2,"name":"Knowledge Base","item":"https:\/\/audiosupport.omsystem.com\/knowledge-base\/"},{"@type":"ListItem","position":3,"name":"ODMS Cloud Knowledge Base"}]},{"@type":"WebSite","@id":"https:\/\/audiosupport.omsystem.com\/en\/#website","url":"https:\/\/audiosupport.omsystem.com\/en\/","name":"Professionelle Audiounterst\u00fctzung","description":"OM Digitale L\u00f6sungen","potentialAction":[{"@type":"SearchAction","target":{"@type":"EntryPoint","urlTemplate":"https:\/\/audiosupport.omsystem.com\/en\/?s={search_term_string}"},"query-input":{"@type":"PropertyValueSpecification","valueRequired":true,"valueName":"search_term_string"}}],"inLanguage":"de"}]}},"_links":{"self":[{"href":"https:\/\/audiosupport.omsystem.com\/de\/wp-json\/wp\/v2\/pages\/5811","targetHints":{"allow":["GET"]}}],"collection":[{"href":"https:\/\/audiosupport.omsystem.com\/de\/wp-json\/wp\/v2\/pages"}],"about":[{"href":"https:\/\/audiosupport.omsystem.com\/de\/wp-json\/wp\/v2\/types\/page"}],"author":[{"embeddable":true,"href":"https:\/\/audiosupport.omsystem.com\/de\/wp-json\/wp\/v2\/users\/1"}],"replies":[{"embeddable":true,"href":"https:\/\/audiosupport.omsystem.com\/de\/wp-json\/wp\/v2\/comments?post=5811"}],"version-history":[{"count":15,"href":"https:\/\/audiosupport.omsystem.com\/de\/wp-json\/wp\/v2\/pages\/5811\/revisions"}],"predecessor-version":[{"id":5861,"href":"https:\/\/audiosupport.omsystem.com\/de\/wp-json\/wp\/v2\/pages\/5811\/revisions\/5861"}],"up":[{"embeddable":true,"href":"https:\/\/audiosupport.omsystem.com\/de\/wp-json\/wp\/v2\/pages\/4290"}],"wp:attachment":[{"href":"https:\/\/audiosupport.omsystem.com\/de\/wp-json\/wp\/v2\/media?parent=5811"}],"curies":[{"name":"wp","href":"https:\/\/api.w.org\/{rel}","templated":true}]}}