{"id":5674,"date":"2024-06-17T11:11:13","date_gmt":"2024-06-17T11:11:13","guid":{"rendered":"https:\/\/audiosupport.omsystem.com\/?page_id=5674"},"modified":"2025-06-04T11:25:54","modified_gmt":"2025-06-04T11:25:54","slug":"odms-cloud-change-log","status":"publish","type":"page","link":"https:\/\/audiosupport.omsystem.com\/de\/knowledge-base\/change-logs-software\/odms-cloud-change-log\/","title":{"rendered":"ODMS Cloud \u00c4nderungsprotokoll"},"content":{"rendered":"<p>21. April 2025<br \/>\n<strong>ODMS Cloud Desktop App f\u00fcr Mac<\/strong><\/p>\n<ul>\n<li style=\"list-style-type: none;\">\n<ul>\n<li>Fehlerbehebung\n<ul>\n<li style=\"list-style-type: none;\">\n<ul>\n<li>Ein Problem wurde behoben, das dazu f\u00fchrte, dass die Mac Desktop App aufgrund eines Serverfehlers heruntergefahren wurde.<\/li>\n<\/ul>\n<\/li>\n<\/ul>\n<\/li>\n<\/ul>\n<\/li>\n<\/ul>\n<p>18. M\u00e4rz 2025<br \/>\n<strong>ODMS Cloud Desktop App<\/strong><\/p>\n<ul>\n<li style=\"list-style-type: none;\">\n<ul>\n<li>Fehlerbehebung\n<ul>\n<li style=\"list-style-type: none;\">\n<ul>\n<li>Ein Problem, das speziell auf dem US-Markt im Zusammenhang mit den Fu\u00dfpedalen RS-27H und RS-27 auftrat, wurde behoben.<\/li>\n<\/ul>\n<\/li>\n<\/ul>\n<\/li>\n<\/ul>\n<\/li>\n<\/ul>\n<ul>\n<li style=\"list-style-type: none;\"><\/li>\n<\/ul>\n<p>27. Januar 2025<br \/>\n<strong>ODMS Cloud<\/strong><\/p>\n<ul>\n<li style=\"list-style-type: none;\">\n<ul>\n<li>Spezifikations\u00e4nderung\n<ul>\n<li style=\"list-style-type: none;\">\n<ul>\n<li>Eine Funktion zum Anzeigen des Bestellverlaufs wurde hinzugef\u00fcgt<\/li>\n<\/ul>\n<\/li>\n<\/ul>\n<ul>\n<li style=\"list-style-type: none;\">\n<ul>\n<li>Suchfunktion f\u00fcr Diktatdateien hinzugef\u00fcgt<\/li>\n<\/ul>\n<\/li>\n<\/ul>\n<ul>\n<li style=\"list-style-type: none;\">\n<ul>\n<li>Suchfunktion f\u00fcr Konten hinzugef\u00fcgt<\/li>\n<\/ul>\n<\/li>\n<\/ul>\n<ul>\n<li style=\"list-style-type: none;\">\n<ul>\n<li>Suchfunktion f\u00fcr Benutzer hinzugef\u00fcgt<\/li>\n<li>Filterinformationen werden jetzt in der Diktatlistenansicht gespeichert<\/li>\n<\/ul>\n<\/li>\n<\/ul>\n<ul>\n<li style=\"list-style-type: none;\">\n<ul>\n<li>Administratoren k\u00f6nnen nun die Benutzer\u00fcberpr\u00fcfung erzwingen.<\/li>\n<li>Informationen zur Anzahl der zugewiesenen Lizenzen wurden der Listenansicht auf der Registerkarte \u201eAbonnement\u201c hinzugef\u00fcgt.<\/li>\n<\/ul>\n<\/li>\n<\/ul>\n<ul>\n<li style=\"list-style-type: none;\">\n<ul>\n<li>Funktion zur Ausgabe zus\u00e4tzlicher Testlizenzen hinzugef\u00fcgt<\/li>\n<\/ul>\n<\/li>\n<\/ul>\n<\/li>\n<\/ul>\n<\/li>\n<\/ul>\n<ul>\n<li style=\"list-style-type: none;\"><\/li>\n<\/ul>\n<ul>\n<li style=\"list-style-type: none;\">\n<ul>\n<li style=\"list-style-type: none;\">\n<ul>\n<li style=\"list-style-type: none;\"><\/li>\n<\/ul>\n<\/li>\n<\/ul>\n<\/li>\n<\/ul>\n<p>2. Dezember 2024<br \/>\n<strong>ODMS Cloud<\/strong><\/p>\n<ul>\n<li style=\"list-style-type: none;\">\n<ul>\n<li>Spezifikations\u00e4nderung\n<ul>\n<li style=\"list-style-type: none;\">\n<ul>\n<li>Optionen zum Deaktivieren oder automatischen Schlie\u00dfen von Benachrichtigungen f\u00fcr Transkriptionisten hinzugef\u00fcgt<\/li>\n<\/ul>\n<\/li>\n<\/ul>\n<ul>\n<li style=\"list-style-type: none;\">\n<ul>\n<li>Option zum Bearbeiten von Auftragsdaten w\u00e4hrend des Datei-Uploads in die Cloud hinzugef\u00fcgt<\/li>\n<\/ul>\n<\/li>\n<\/ul>\n<ul>\n<li style=\"list-style-type: none;\">\n<ul>\n<li>Tool zum Extrahieren von Sicherungsdateien hinzugef\u00fcgt<\/li>\n<\/ul>\n<\/li>\n<\/ul>\n<ul>\n<li style=\"list-style-type: none;\">\n<ul>\n<li>Modellname des Fu\u00dfpedals anzeigen, das mit der Desktop-App verbunden ist<\/li>\n<\/ul>\n<\/li>\n<\/ul>\n<ul>\n<li style=\"list-style-type: none;\">\n<ul>\n<li>Ein Symbol in der Wiedergabeleiste wurde hinzugef\u00fcgt, um den Status des angeschlossenen Fu\u00dfpedals anzuzeigen.<\/li>\n<\/ul>\n<\/li>\n<\/ul>\n<ul>\n<li style=\"list-style-type: none;\">\n<ul>\n<li>Anzeige des Anmeldebenutzernamens im Listenmen\u00fc hinzugef\u00fcgt<\/li>\n<\/ul>\n<\/li>\n<\/ul>\n<\/li>\n<\/ul>\n<\/li>\n<\/ul>\n<ul>\n<li style=\"list-style-type: none;\">\n<ul>\n<li>Fehlerbehebung\n<ul>\n<li style=\"list-style-type: none;\">\n<ul>\n<li>Das Problem, dass die Wiedergabeposition nicht gespeichert wurde, wenn die Datei auf \u201eAusstehend\u201c gesetzt wurde, wurde behoben.<\/li>\n<\/ul>\n<\/li>\n<\/ul>\n<ul>\n<li style=\"list-style-type: none;\">\n<ul>\n<li>Das Problem mit der Audiokanalsteuerung (nur Windows) wurde behoben.<\/li>\n<\/ul>\n<\/li>\n<\/ul>\n<\/li>\n<\/ul>\n<\/li>\n<\/ul>\n<ul>\n<li style=\"list-style-type: none;\">\n<ul>\n<li>Andere\n<ul>\n<li style=\"list-style-type: none;\">\n<ul>\n<li>Unterst\u00fctzung f\u00fcr virtuelle Umgebungen f\u00fcr Terminaldienst und Citrix XenApp hinzuf\u00fcgen (nur Windows)<\/li>\n<\/ul>\n<\/li>\n<\/ul>\n<\/li>\n<\/ul>\n<\/li>\n<\/ul>\n<p>12. November 2024<br \/>\n<strong>ODMS Cloud<\/strong><\/p>\n<ul>\n<li style=\"list-style-type: none;\">\n<ul>\n<li>Spezifikations\u00e4nderung\n<ul>\n<li style=\"list-style-type: none;\">\n<ul>\n<li>F\u00fcgen Sie eine Funktion hinzu, um den Status \u201eAbgeschlossenes Diktat\u201c auf \u201eAusstehend\u201c zur\u00fcckzusetzen.<\/li>\n<\/ul>\n<\/li>\n<\/ul>\n<\/li>\n<\/ul>\n<\/li>\n<\/ul>\n<p>28. Juni 2024<br \/>\n<strong>ODMS Cloud Desktop App<\/strong><\/p>\n<ul>\n<li style=\"list-style-type: none;\">\n<ul>\n<li>Spezifikations\u00e4nderung\n<ul>\n<li style=\"list-style-type: none;\">\n<ul>\n<li>Unterst\u00fctzung f\u00fcr den Empfang von E-Mails von DS-9500 (nur f\u00fcr Transkriptionisten)<\/li>\n<\/ul>\n<\/li>\n<\/ul>\n<ul>\n<li style=\"list-style-type: none;\">\n<ul>\n<li>Der Texteditor wird nicht mehr ge\u00f6ffnet, wenn Transkriptionisten eine Diktatdatei wiedergeben, wenn im Workflow keine Vorlage angegeben ist.<\/li>\n<\/ul>\n<\/li>\n<\/ul>\n<ul>\n<li style=\"list-style-type: none;\">\n<ul>\n<li>Diktierdateien mit dem Status \u201eAusstehend\u201c auf dem Rekorder werden nicht mehr heruntergeladen.<\/li>\n<\/ul>\n<\/li>\n<\/ul>\n<\/li>\n<\/ul>\n<\/li>\n<\/ul>\n<p>17. Juni 2024<br \/>\n<strong>ODMS Cloud<\/strong><\/p>\n<ul>\n<li style=\"list-style-type: none;\">\n<ul>\n<li>Spezifikations\u00e4nderung\n<ul>\n<li style=\"list-style-type: none;\">\n<ul>\n<li>Massenregistrierungsfunktion f\u00fcr Benutzer<\/li>\n<\/ul>\n<\/li>\n<\/ul>\n<ul>\n<li style=\"list-style-type: none;\">\n<ul>\n<li>Diktatdateinamen bearbeiten<\/li>\n<\/ul>\n<\/li>\n<\/ul>\n<ul>\n<li style=\"list-style-type: none;\">\n<ul>\n<li>Diktatdatei l\u00f6schen<\/li>\n<\/ul>\n<\/li>\n<\/ul>\n<ul>\n<li style=\"list-style-type: none;\">\n<ul>\n<li>Benutzer l\u00f6schen<\/li>\n<\/ul>\n<\/li>\n<\/ul>\n<ul>\n<li style=\"list-style-type: none;\">\n<ul>\n<li>Typist-Gruppe l\u00f6schen<\/li>\n<\/ul>\n<\/li>\n<\/ul>\n<ul>\n<li style=\"list-style-type: none;\">\n<ul>\n<li>Vorlagendatei l\u00f6schen<\/li>\n<\/ul>\n<\/li>\n<\/ul>\n<ul>\n<li style=\"list-style-type: none;\">\n<ul>\n<li>Partnerinformationen bearbeiten<\/li>\n<\/ul>\n<\/li>\n<\/ul>\n<ul>\n<li style=\"list-style-type: none;\">\n<ul>\n<li>Partner l\u00f6schen<\/li>\n<\/ul>\n<\/li>\n<\/ul>\n<ul>\n<li style=\"list-style-type: none;\">\n<ul>\n<li>Automatisches L\u00f6schen der Statusdatei \u201eFertig\u201c<\/li>\n<\/ul>\n<\/li>\n<\/ul>\n<ul>\n<li style=\"list-style-type: none;\">\n<ul>\n<li>Anzeigefunktion der verf\u00fcgbaren Speicherkapazit\u00e4t und der verwendeten Speicherkapazit\u00e4t<\/li>\n<\/ul>\n<\/li>\n<\/ul>\n<ul>\n<li style=\"list-style-type: none;\">\n<ul>\n<li>Warnfunktion bei \u00dcberschreitung der Speicherkapazit\u00e4t<\/li>\n<\/ul>\n<\/li>\n<\/ul>\n<\/li>\n<\/ul>\n<\/li>\n<\/ul>","protected":false},"excerpt":{"rendered":"<p>April 21, 2025 ODMS Cloud Desktop App for Mac Bug Fix Fixed an issue that caused the Mac Desktop App to shut down due to a server error March 18, 2025 ODMS Cloud Desktop App Bug Fix Fixed an issue specific to the US market, related to RS-27H and RS-27 foot pedals January 27, 2025 [&hellip;]<\/p>\n","protected":false},"author":4,"featured_media":0,"parent":4353,"menu_order":0,"comment_status":"closed","ping_status":"closed","template":"","meta":{"ghostkit_customizer_options":"","ghostkit_custom_css":"","ghostkit_custom_js_head":"","ghostkit_custom_js_foot":"","ghostkit_typography":"","footnotes":""},"class_list":["post-5674","page","type-page","status-publish","hentry"],"yoast_head":"<!-- This site is optimized with the Yoast SEO plugin v27.4 - https:\/\/yoast.com\/product\/yoast-seo-wordpress\/ -->\n<title>ODMS Cloud Change Log - Professional Audio Support<\/title>\n<meta name=\"robots\" content=\"index, follow, max-snippet:-1, max-image-preview:large, max-video-preview:-1\" \/>\n<link rel=\"canonical\" href=\"https:\/\/audiosupport.omsystem.com\/de\/knowledge-base\/change-logs-software\/odms-cloud-change-log\/\" \/>\n<meta property=\"og:locale\" content=\"de_DE\" \/>\n<meta property=\"og:type\" content=\"article\" \/>\n<meta property=\"og:title\" content=\"ODMS Cloud Change Log - Professional Audio Support\" \/>\n<meta property=\"og:description\" content=\"April 21, 2025 ODMS Cloud Desktop App for Mac Bug Fix Fixed an issue that caused the Mac Desktop App to shut down due to a server error March 18, 2025 ODMS Cloud Desktop App Bug Fix Fixed an issue specific to the US market, related to RS-27H and RS-27 foot pedals January 27, 2025 [&hellip;]\" \/>\n<meta property=\"og:url\" content=\"https:\/\/audiosupport.omsystem.com\/de\/knowledge-base\/change-logs-software\/odms-cloud-change-log\/\" \/>\n<meta property=\"og:site_name\" content=\"Professional Audio Support\" \/>\n<meta property=\"article:modified_time\" content=\"2025-06-04T11:25:54+00:00\" \/>\n<meta name=\"twitter:card\" content=\"summary_large_image\" \/>\n<meta name=\"twitter:label1\" content=\"Gesch\u00e4tzte Lesezeit\" \/>\n\t<meta name=\"twitter:data1\" content=\"2\u00a0Minuten\" \/>\n<script type=\"application\/ld+json\" class=\"yoast-schema-graph\">{\"@context\":\"https:\\\/\\\/schema.org\",\"@graph\":[{\"@type\":\"WebPage\",\"@id\":\"https:\\\/\\\/audiosupport.omsystem.com\\\/knowledge-base\\\/change-logs-software\\\/odms-cloud-change-log\\\/\",\"url\":\"https:\\\/\\\/audiosupport.omsystem.com\\\/knowledge-base\\\/change-logs-software\\\/odms-cloud-change-log\\\/\",\"name\":\"ODMS Cloud Change Log - Professional Audio Support\",\"isPartOf\":{\"@id\":\"https:\\\/\\\/audiosupport.omsystem.com\\\/en\\\/#website\"},\"datePublished\":\"2024-06-17T11:11:13+00:00\",\"dateModified\":\"2025-06-04T11:25:54+00:00\",\"breadcrumb\":{\"@id\":\"https:\\\/\\\/audiosupport.omsystem.com\\\/knowledge-base\\\/change-logs-software\\\/odms-cloud-change-log\\\/#breadcrumb\"},\"inLanguage\":\"de\",\"potentialAction\":[{\"@type\":\"ReadAction\",\"target\":[\"https:\\\/\\\/audiosupport.omsystem.com\\\/knowledge-base\\\/change-logs-software\\\/odms-cloud-change-log\\\/\"]}]},{\"@type\":\"BreadcrumbList\",\"@id\":\"https:\\\/\\\/audiosupport.omsystem.com\\\/knowledge-base\\\/change-logs-software\\\/odms-cloud-change-log\\\/#breadcrumb\",\"itemListElement\":[{\"@type\":\"ListItem\",\"position\":1,\"name\":\"Home\",\"item\":\"https:\\\/\\\/audiosupport.omsystem.com\\\/\"},{\"@type\":\"ListItem\",\"position\":2,\"name\":\"Knowledge Base\",\"item\":\"https:\\\/\\\/audiosupport.omsystem.com\\\/knowledge-base\\\/\"},{\"@type\":\"ListItem\",\"position\":3,\"name\":\"Change Logs: Software\",\"item\":\"https:\\\/\\\/audiosupport.omsystem.com\\\/knowledge-base\\\/change-logs-software\\\/\"},{\"@type\":\"ListItem\",\"position\":4,\"name\":\"ODMS Cloud Change Log\"}]},{\"@type\":\"WebSite\",\"@id\":\"https:\\\/\\\/audiosupport.omsystem.com\\\/en\\\/#website\",\"url\":\"https:\\\/\\\/audiosupport.omsystem.com\\\/en\\\/\",\"name\":\"Professional Audio Support\",\"description\":\"OM Digital Solutions\",\"potentialAction\":[{\"@type\":\"SearchAction\",\"target\":{\"@type\":\"EntryPoint\",\"urlTemplate\":\"https:\\\/\\\/audiosupport.omsystem.com\\\/en\\\/?s={search_term_string}\"},\"query-input\":{\"@type\":\"PropertyValueSpecification\",\"valueRequired\":true,\"valueName\":\"search_term_string\"}}],\"inLanguage\":\"de\"}]}<\/script>\n<!-- \/ Yoast SEO plugin. -->","yoast_head_json":{"title":"ODMS Cloud-\u00c4nderungsprotokoll \u2013 Professioneller Audio-Support","robots":{"index":"index","follow":"follow","max-snippet":"max-snippet:-1","max-image-preview":"max-image-preview:large","max-video-preview":"max-video-preview:-1"},"canonical":"https:\/\/audiosupport.omsystem.com\/de\/knowledge-base\/change-logs-software\/odms-cloud-change-log\/","og_locale":"de_DE","og_type":"article","og_title":"ODMS Cloud Change Log - Professional Audio Support","og_description":"April 21, 2025 ODMS Cloud Desktop App for Mac Bug Fix Fixed an issue that caused the Mac Desktop App to shut down due to a server error March 18, 2025 ODMS Cloud Desktop App Bug Fix Fixed an issue specific to the US market, related to RS-27H and RS-27 foot pedals January 27, 2025 [&hellip;]","og_url":"https:\/\/audiosupport.omsystem.com\/de\/knowledge-base\/change-logs-software\/odms-cloud-change-log\/","og_site_name":"Professional Audio Support","article_modified_time":"2025-06-04T11:25:54+00:00","twitter_card":"summary_large_image","twitter_misc":{"Gesch\u00e4tzte Lesezeit":"2\u00a0Minuten"},"schema":{"@context":"https:\/\/schema.org","@graph":[{"@type":"WebPage","@id":"https:\/\/audiosupport.omsystem.com\/knowledge-base\/change-logs-software\/odms-cloud-change-log\/","url":"https:\/\/audiosupport.omsystem.com\/knowledge-base\/change-logs-software\/odms-cloud-change-log\/","name":"ODMS Cloud-\u00c4nderungsprotokoll \u2013 Professioneller Audio-Support","isPartOf":{"@id":"https:\/\/audiosupport.omsystem.com\/en\/#website"},"datePublished":"2024-06-17T11:11:13+00:00","dateModified":"2025-06-04T11:25:54+00:00","breadcrumb":{"@id":"https:\/\/audiosupport.omsystem.com\/knowledge-base\/change-logs-software\/odms-cloud-change-log\/#breadcrumb"},"inLanguage":"de","potentialAction":[{"@type":"ReadAction","target":["https:\/\/audiosupport.omsystem.com\/knowledge-base\/change-logs-software\/odms-cloud-change-log\/"]}]},{"@type":"BreadcrumbList","@id":"https:\/\/audiosupport.omsystem.com\/knowledge-base\/change-logs-software\/odms-cloud-change-log\/#breadcrumb","itemListElement":[{"@type":"ListItem","position":1,"name":"Home","item":"https:\/\/audiosupport.omsystem.com\/"},{"@type":"ListItem","position":2,"name":"Knowledge Base","item":"https:\/\/audiosupport.omsystem.com\/knowledge-base\/"},{"@type":"ListItem","position":3,"name":"Change Logs: Software","item":"https:\/\/audiosupport.omsystem.com\/knowledge-base\/change-logs-software\/"},{"@type":"ListItem","position":4,"name":"ODMS Cloud Change Log"}]},{"@type":"WebSite","@id":"https:\/\/audiosupport.omsystem.com\/en\/#website","url":"https:\/\/audiosupport.omsystem.com\/en\/","name":"Professionelle Audiounterst\u00fctzung","description":"OM Digitale L\u00f6sungen","potentialAction":[{"@type":"SearchAction","target":{"@type":"EntryPoint","urlTemplate":"https:\/\/audiosupport.omsystem.com\/en\/?s={search_term_string}"},"query-input":{"@type":"PropertyValueSpecification","valueRequired":true,"valueName":"search_term_string"}}],"inLanguage":"de"}]}},"_links":{"self":[{"href":"https:\/\/audiosupport.omsystem.com\/de\/wp-json\/wp\/v2\/pages\/5674","targetHints":{"allow":["GET"]}}],"collection":[{"href":"https:\/\/audiosupport.omsystem.com\/de\/wp-json\/wp\/v2\/pages"}],"about":[{"href":"https:\/\/audiosupport.omsystem.com\/de\/wp-json\/wp\/v2\/types\/page"}],"author":[{"embeddable":true,"href":"https:\/\/audiosupport.omsystem.com\/de\/wp-json\/wp\/v2\/users\/4"}],"replies":[{"embeddable":true,"href":"https:\/\/audiosupport.omsystem.com\/de\/wp-json\/wp\/v2\/comments?post=5674"}],"version-history":[{"count":16,"href":"https:\/\/audiosupport.omsystem.com\/de\/wp-json\/wp\/v2\/pages\/5674\/revisions"}],"predecessor-version":[{"id":6328,"href":"https:\/\/audiosupport.omsystem.com\/de\/wp-json\/wp\/v2\/pages\/5674\/revisions\/6328"}],"up":[{"embeddable":true,"href":"https:\/\/audiosupport.omsystem.com\/de\/wp-json\/wp\/v2\/pages\/4353"}],"wp:attachment":[{"href":"https:\/\/audiosupport.omsystem.com\/de\/wp-json\/wp\/v2\/media?parent=5674"}],"curies":[{"name":"wp","href":"https:\/\/api.w.org\/{rel}","templated":true}]}}