{"id":4507,"date":"2022-03-29T21:40:46","date_gmt":"2022-03-29T21:40:46","guid":{"rendered":"https:\/\/audiosupport.omsystem.com\/?page_id=4507"},"modified":"2025-02-26T11:52:44","modified_gmt":"2025-02-26T11:52:44","slug":"europe-africa-middle-east-repair-services","status":"publish","type":"page","link":"https:\/\/audiosupport.omsystem.com\/de\/support\/repair-services\/europe-africa-middle-east-repair-services\/","title":{"rendered":"Reparaturdienste f\u00fcr Europa, Afrika und den Nahen Osten"},"content":{"rendered":"<div class=\"ghostkit-grid ghostkit-grid-gap-md ghostkit-grid-align-items-center ghostkit-has-frame ghostkit-custom-Z2astaX\"><div class=\"ghostkit-grid-inner\">\n<div class=\"ghostkit-col ghostkit-col-md-12 ghostkit-col-4\"><div class=\"ghostkit-col-content is-layout-flow wp-block-ghostkit-grid-column-is-layout-flow\">\t\t<div style=\"font-size: 200px;color:#999999;text-align:center\">\r\n\t\t\t\t\t\t\t<span class=\"icon-repair\"><\/span>\r\n\t\t\t\t\t<\/div>\r\n\t\t<\/div><\/div>\n\n\n\n<div class=\"ghostkit-col ghostkit-col-md-12 ghostkit-col-8\"><div class=\"ghostkit-col-content is-layout-flow wp-block-ghostkit-grid-column-is-layout-flow\">\n<h1 class=\"wp-block-heading\" id=\"europe-africa-middle-east-repair-services\">Reparaturdienste f\u00fcr Europa, Afrika und den Nahen Osten<\/h1>\n\n\n\n<p>F\u00fcr Reparaturen in der EU, Gro\u00dfbritannien und Irland kontaktieren Sie uns bitte \u00fcber den folgenden Link:<\/p>\n\n\n\n<p>Verkn\u00fcpfung: <a href=\"https:\/\/my.omsystem.com\/uk\/p\/repair-service\">https:\/\/my.omsystem.com\/uk\/p\/repair-service<\/a><\/p>\n<\/div><\/div>\n<\/div><\/div>","protected":false},"excerpt":{"rendered":"","protected":false},"author":1,"featured_media":0,"parent":175,"menu_order":0,"comment_status":"closed","ping_status":"closed","template":"","meta":{"ghostkit_customizer_options":"","ghostkit_custom_css":"","ghostkit_custom_js_head":"","ghostkit_custom_js_foot":"","ghostkit_typography":"","footnotes":""},"class_list":["post-4507","page","type-page","status-publish","hentry"],"yoast_head":"<!-- This site is optimized with the Yoast SEO plugin v27.4 - https:\/\/yoast.com\/product\/yoast-seo-wordpress\/ -->\n<title>Europe, Africa &amp; Middle East Repair Services - Professional Audio Support<\/title>\n<meta name=\"robots\" content=\"index, follow, max-snippet:-1, max-image-preview:large, max-video-preview:-1\" \/>\n<link rel=\"canonical\" href=\"https:\/\/audiosupport.omsystem.com\/de\/support\/repair-services\/europe-africa-middle-east-repair-services\/\" \/>\n<meta property=\"og:locale\" content=\"de_DE\" \/>\n<meta property=\"og:type\" content=\"article\" \/>\n<meta property=\"og:title\" content=\"Europe, Africa &amp; Middle East Repair Services - Professional Audio Support\" \/>\n<meta property=\"og:url\" content=\"https:\/\/audiosupport.omsystem.com\/de\/support\/repair-services\/europe-africa-middle-east-repair-services\/\" \/>\n<meta property=\"og:site_name\" content=\"Professional Audio Support\" \/>\n<meta property=\"article:modified_time\" content=\"2025-02-26T11:52:44+00:00\" \/>\n<meta name=\"twitter:card\" content=\"summary_large_image\" \/>\n<meta name=\"twitter:label1\" content=\"Gesch\u00e4tzte Lesezeit\" \/>\n\t<meta name=\"twitter:data1\" content=\"1\u00a0Minute\" \/>\n<script type=\"application\/ld+json\" class=\"yoast-schema-graph\">{\"@context\":\"https:\\\/\\\/schema.org\",\"@graph\":[{\"@type\":\"WebPage\",\"@id\":\"https:\\\/\\\/audiosupport.omsystem.com\\\/support\\\/repair-services\\\/europe-africa-middle-east-repair-services\\\/\",\"url\":\"https:\\\/\\\/audiosupport.omsystem.com\\\/support\\\/repair-services\\\/europe-africa-middle-east-repair-services\\\/\",\"name\":\"Europe, Africa & Middle East Repair Services - Professional Audio Support\",\"isPartOf\":{\"@id\":\"https:\\\/\\\/audiosupport.omsystem.com\\\/en\\\/#website\"},\"datePublished\":\"2022-03-29T21:40:46+00:00\",\"dateModified\":\"2025-02-26T11:52:44+00:00\",\"breadcrumb\":{\"@id\":\"https:\\\/\\\/audiosupport.omsystem.com\\\/support\\\/repair-services\\\/europe-africa-middle-east-repair-services\\\/#breadcrumb\"},\"inLanguage\":\"de\",\"potentialAction\":[{\"@type\":\"ReadAction\",\"target\":[\"https:\\\/\\\/audiosupport.omsystem.com\\\/support\\\/repair-services\\\/europe-africa-middle-east-repair-services\\\/\"]}]},{\"@type\":\"BreadcrumbList\",\"@id\":\"https:\\\/\\\/audiosupport.omsystem.com\\\/support\\\/repair-services\\\/europe-africa-middle-east-repair-services\\\/#breadcrumb\",\"itemListElement\":[{\"@type\":\"ListItem\",\"position\":1,\"name\":\"Home\",\"item\":\"https:\\\/\\\/audiosupport.omsystem.com\\\/\"},{\"@type\":\"ListItem\",\"position\":2,\"name\":\"Support\",\"item\":\"https:\\\/\\\/audiosupport.omsystem.com\\\/support\\\/\"},{\"@type\":\"ListItem\",\"position\":3,\"name\":\"Repair Services\",\"item\":\"https:\\\/\\\/audiosupport.omsystem.com\\\/support\\\/repair-services\\\/\"},{\"@type\":\"ListItem\",\"position\":4,\"name\":\"Europe, Africa &#038; Middle East Repair Services\"}]},{\"@type\":\"WebSite\",\"@id\":\"https:\\\/\\\/audiosupport.omsystem.com\\\/en\\\/#website\",\"url\":\"https:\\\/\\\/audiosupport.omsystem.com\\\/en\\\/\",\"name\":\"Professional Audio Support\",\"description\":\"OM Digital Solutions\",\"potentialAction\":[{\"@type\":\"SearchAction\",\"target\":{\"@type\":\"EntryPoint\",\"urlTemplate\":\"https:\\\/\\\/audiosupport.omsystem.com\\\/en\\\/?s={search_term_string}\"},\"query-input\":{\"@type\":\"PropertyValueSpecification\",\"valueRequired\":true,\"valueName\":\"search_term_string\"}}],\"inLanguage\":\"de\"}]}<\/script>\n<!-- \/ Yoast SEO plugin. -->","yoast_head_json":{"title":"Reparaturdienste f\u00fcr Europa, Afrika und den Nahen Osten \u2013 Professioneller Audio-Support","robots":{"index":"index","follow":"follow","max-snippet":"max-snippet:-1","max-image-preview":"max-image-preview:large","max-video-preview":"max-video-preview:-1"},"canonical":"https:\/\/audiosupport.omsystem.com\/de\/support\/repair-services\/europe-africa-middle-east-repair-services\/","og_locale":"de_DE","og_type":"article","og_title":"Europe, Africa & Middle East Repair Services - Professional Audio Support","og_url":"https:\/\/audiosupport.omsystem.com\/de\/support\/repair-services\/europe-africa-middle-east-repair-services\/","og_site_name":"Professional Audio Support","article_modified_time":"2025-02-26T11:52:44+00:00","twitter_card":"summary_large_image","twitter_misc":{"Gesch\u00e4tzte Lesezeit":"1\u00a0Minute"},"schema":{"@context":"https:\/\/schema.org","@graph":[{"@type":"WebPage","@id":"https:\/\/audiosupport.omsystem.com\/support\/repair-services\/europe-africa-middle-east-repair-services\/","url":"https:\/\/audiosupport.omsystem.com\/support\/repair-services\/europe-africa-middle-east-repair-services\/","name":"Reparaturdienste f\u00fcr Europa, Afrika und den Nahen Osten \u2013 Professioneller Audio-Support","isPartOf":{"@id":"https:\/\/audiosupport.omsystem.com\/en\/#website"},"datePublished":"2022-03-29T21:40:46+00:00","dateModified":"2025-02-26T11:52:44+00:00","breadcrumb":{"@id":"https:\/\/audiosupport.omsystem.com\/support\/repair-services\/europe-africa-middle-east-repair-services\/#breadcrumb"},"inLanguage":"de","potentialAction":[{"@type":"ReadAction","target":["https:\/\/audiosupport.omsystem.com\/support\/repair-services\/europe-africa-middle-east-repair-services\/"]}]},{"@type":"BreadcrumbList","@id":"https:\/\/audiosupport.omsystem.com\/support\/repair-services\/europe-africa-middle-east-repair-services\/#breadcrumb","itemListElement":[{"@type":"ListItem","position":1,"name":"Home","item":"https:\/\/audiosupport.omsystem.com\/"},{"@type":"ListItem","position":2,"name":"Support","item":"https:\/\/audiosupport.omsystem.com\/support\/"},{"@type":"ListItem","position":3,"name":"Repair Services","item":"https:\/\/audiosupport.omsystem.com\/support\/repair-services\/"},{"@type":"ListItem","position":4,"name":"Europe, Africa &#038; Middle East Repair Services"}]},{"@type":"WebSite","@id":"https:\/\/audiosupport.omsystem.com\/en\/#website","url":"https:\/\/audiosupport.omsystem.com\/en\/","name":"Professionelle Audiounterst\u00fctzung","description":"OM Digitale L\u00f6sungen","potentialAction":[{"@type":"SearchAction","target":{"@type":"EntryPoint","urlTemplate":"https:\/\/audiosupport.omsystem.com\/en\/?s={search_term_string}"},"query-input":{"@type":"PropertyValueSpecification","valueRequired":true,"valueName":"search_term_string"}}],"inLanguage":"de"}]}},"_links":{"self":[{"href":"https:\/\/audiosupport.omsystem.com\/de\/wp-json\/wp\/v2\/pages\/4507","targetHints":{"allow":["GET"]}}],"collection":[{"href":"https:\/\/audiosupport.omsystem.com\/de\/wp-json\/wp\/v2\/pages"}],"about":[{"href":"https:\/\/audiosupport.omsystem.com\/de\/wp-json\/wp\/v2\/types\/page"}],"author":[{"embeddable":true,"href":"https:\/\/audiosupport.omsystem.com\/de\/wp-json\/wp\/v2\/users\/1"}],"replies":[{"embeddable":true,"href":"https:\/\/audiosupport.omsystem.com\/de\/wp-json\/wp\/v2\/comments?post=4507"}],"version-history":[{"count":21,"href":"https:\/\/audiosupport.omsystem.com\/de\/wp-json\/wp\/v2\/pages\/4507\/revisions"}],"predecessor-version":[{"id":6247,"href":"https:\/\/audiosupport.omsystem.com\/de\/wp-json\/wp\/v2\/pages\/4507\/revisions\/6247"}],"up":[{"embeddable":true,"href":"https:\/\/audiosupport.omsystem.com\/de\/wp-json\/wp\/v2\/pages\/175"}],"wp:attachment":[{"href":"https:\/\/audiosupport.omsystem.com\/de\/wp-json\/wp\/v2\/media?parent=4507"}],"curies":[{"name":"wp","href":"https:\/\/api.w.org\/{rel}","templated":true}]}}