{"id":4398,"date":"2022-03-23T21:14:40","date_gmt":"2022-03-23T21:14:40","guid":{"rendered":"https:\/\/audiosupport.omsystem.com\/?page_id=4398"},"modified":"2022-03-23T21:22:54","modified_gmt":"2022-03-23T21:22:54","slug":"odds-change-log","status":"publish","type":"page","link":"https:\/\/audiosupport.omsystem.com\/de\/knowledge-base\/change-logs-software\/odds-change-log\/","title":{"rendered":"ODDS-\u00c4nderungsprotokoll"},"content":{"rendered":"<p>19. August 2021<br><strong>Olympus Diktier-App 2.1.1<\/strong><\/p>\n\n\n\n<ul class=\"wp-block-list\"><li>Behebung des Problems, dass OD auf dem iPod Touch mit iOS9 nicht gestartet wurde.<\/li><\/ul>\n\n\n\n<p>14. Juli 2021<br><strong>Olympus Diktierportal \u2013 Juli<\/strong><\/p>\n\n\n\n<ul class=\"wp-block-list\"><li>Die Verarbeitungskapazit\u00e4t auf dem ODP-Server wurde verst\u00e4rkt.<\/li><li>Die Benachrichtigungsfunktion wurde erweitert<\/li><li>ODP wurde ein Wartungsmodus hinzugef\u00fcgt, um Probleme und deren L\u00f6sungszeit transparent zu machen.<\/li><li>Verbesserte unsere interne Health Check-\u00dcberwachungsfunktion f\u00fcr erweiterte Benachrichtigungen und Warnungen.<\/li><li>Die Probezeit wurde von 60 Tagen auf 30 Tage ge\u00e4ndert.<\/li><li>Die C-102-Meldung (\u00dcbertragungsfehler) wird nicht mehr an die Wiederverk\u00e4ufer gesendet.<\/li><\/ul>\n\n\n\n<p>14. Juli 2021<br><strong>Olympus Diktier-App 2.1.0<\/strong><\/p>\n\n\n\n<ul class=\"wp-block-list\"><li>Benachrichtigungsfunktionen hinzugef\u00fcgt, um Benutzer automatisch \u00fcber Sendeverz\u00f6gerungen und Wartungsfenster zu informieren.<\/li><li>Die Begrenzung der Zeichenanzahl in der Dom\u00e4ne bei der manuellen Eingabe der E-Mail-Adresse in OD wurde entfernt.<\/li><li>Unterst\u00fctzung f\u00fcr Android 11.0 hinzugef\u00fcgt.<\/li><\/ul>\n\n\n\n<p>14. Juli 2021<br><strong>Olympus Diktier-App 2.1.0<\/strong><\/p>\n\n\n\n<ul class=\"wp-block-list\"><li>Benachrichtigungsfunktionen hinzugef\u00fcgt, um Benutzer automatisch \u00fcber Sendeverz\u00f6gerungen und Wartungsfenster zu informieren.<\/li><li>Die Begrenzung der Zeichenanzahl in der Dom\u00e4ne bei der manuellen Eingabe der E-Mail-Adresse in OD wurde entfernt.<\/li><li>Es wurde ein Problem behoben, bei dem die Startzeit der Aufzeichnung der Zeitpunkt war, an dem eine neue Datei erstellt wurde, und nicht der tats\u00e4chliche Beginn der Aufzeichnung.<\/li><\/ul>\n\n\n\n<p>14.09.2020<br><strong>Olympus Diktierportal September-Update<\/strong><\/p>\n\n\n\n<ul class=\"wp-block-list\"><li>Dieses Update behebt ein Problem, bei dem Dateien nicht von ODP an einen expliziten FTPS-Server gesendet werden konnten.<\/li><\/ul>\n\n\n\n<p>30. Juli 2020<br><strong>Olympus Diktier-App 2.0.1<\/strong><\/p>\n\n\n\n<ul class=\"wp-block-list\"><li>Die Anzeige der Optionseinstellung beim Hinzuf\u00fcgen zus\u00e4tzlicher Empf\u00e4nger wurde ge\u00e4ndert.<\/li><\/ul>\n\n\n\n<p>27. Juli 2020<br><strong>Olympus Diktier-App 2.0.1<\/strong><\/p>\n\n\n\n<ul class=\"wp-block-list\"><li>Die Anzeige der Optionseinstellung beim Hinzuf\u00fcgen zus\u00e4tzlicher Empf\u00e4nger wurde ge\u00e4ndert.<\/li><\/ul>\n\n\n\n<p>14. November 2019<br><strong>Olympus Diktier-App 2.0.0<\/strong><\/p>\n\n\n\n<ul class=\"wp-block-list\"><li>M\u00f6glichkeit hinzugef\u00fcgt, ein Konto zu erstellen und eine Testversion \u00fcber die App einzurichten<\/li><\/ul>\n\n\n\n<p>7. November 2019<br><strong>Olympus Diktierportal R2.3<\/strong><\/p>\n\n\n\n<ul class=\"wp-block-list\"><li>Verbesserter Kontoregistrierungsprozess.<\/li><li>60 Tage kostenlose Testversion<\/li><li>M\u00f6glichkeit zur Auswahl aus einer H\u00e4ndlerliste hinzugef\u00fcgt, sobald die Testphase beendet ist.<\/li><li>Abgelaufene Lizenzen bleiben 90 Tage lang archiviert. Wenn der Kunde also die Verl\u00e4ngerung nicht aktiviert hat, kann er einfach seine archivierten Lizenzeinstellungen auf seine neue Lizenz migrieren.<\/li><\/ul>\n\n\n\n<p>7. November 2019<br><strong>Olympus Diktier-App 2.0.0<\/strong><\/p>\n\n\n\n<ul class=\"wp-block-list\"><li>M\u00f6glichkeit hinzugef\u00fcgt, ein Konto zu erstellen und eine Testversion \u00fcber die App einzurichten<\/li><\/ul>\n\n\n\n<p>23. April 2019<br><strong>Olympus Diktier-App 1.3.1<\/strong><\/p>\n\n\n\n<ul class=\"wp-block-list\"><li>\u00dcberarbeitete Datenschutzerkl\u00e4rung.<\/li><\/ul>\n\n\n\n<p>6. Februar 2019<br><strong>Olympus Diktier-App 1.3.1<\/strong><\/p>\n\n\n\n<ul class=\"wp-block-list\"><li>Behebung des Problems, dass OD unter Android 7 vorhandene Sprachdateien vom Smartphone l\u00f6scht, wenn die Anwendung von der \u00e4lteren Version von OD auf Version 1.3.0 aktualisiert wird.<\/li><li>Es wurde ein Problem behoben, bei dem es lange dauerte, die Anwendung zu starten.<\/li><li>Behebung des Problems, dass die Anwendung nach der Wiederaufnahme aus dem Energiesparmodus nicht richtig funktioniert.<\/li><li>Das Problem wurde behoben, dass die Anwendung nach dem \u00dcberschreiben der Aufnahme nicht korrekt wiedergegeben wurde.<\/li><\/ul>\n\n\n\n<p>11. Januar 2019<br><strong>Olympus Diktier-App 1.3.0<\/strong><\/p>\n\n\n\n<ul class=\"wp-block-list\"><li>Mehrere Korrekturen<\/li><li>Das Problem wurde behoben, dass OD einige FlashAir-Karten nicht erkennt.<\/li><li>Das Problem, dass einige Smartphones keine Verbindung zur FlashAir-Karte herstellen k\u00f6nnen, wurde behoben.<\/li><li>Das Problem, dass der Klingelton beim Beenden der Aufnahme um 2 Schritte ansteigt, wurde behoben.<\/li><li>Das Problem, dass die Anwendung einfriert, wenn eine Datei f\u00fcr die E-Mail-\u00dcbertragung in das .AMR-Format konvertiert wird, wurde behoben.<\/li><li>OD Version 1.3.0 unterst\u00fctzt jetzt Android 8 und 9.<\/li><li>Ende des Supports f\u00fcr Android 4.4 oder \u00e4lter<\/li><li>Wenn OD Version 1.3.0 ver\u00f6ffentlicht wird, k\u00f6nnen Benutzer, die Android 4.4 oder \u00e4ltere Versionen verwenden, OD nicht mehr aus dem Google Play Store herunterladen.<\/li><li>Benutzer mit Android Version 4.4 oder einer \u00e4lteren Version k\u00f6nnen weiterhin die alte Version von OD verwenden, wenn sie diese bereits installiert haben.<\/li><li>Wir empfehlen Benutzern, ihr Ger\u00e4t auf Android 5 oder h\u00f6her zu aktualisieren.<\/li><li>Die TLS1.0-Unterst\u00fctzung endet am 31. Mai 2019.<\/li><li>Aufgrund der Anweisung von Olympus Corporate m\u00fcssen wir die Unterst\u00fctzung f\u00fcr TLS 1.0 beenden<\/li><li>(Transport Layer Security) nach aktueller Sicherheitsrichtlinie.<\/li><li>Benutzer, die OD weiterhin auf Android Version 4.4 oder \u00e4lter verwenden, k\u00f6nnen nach Juni 2019 keine Diktate mehr senden. Zu diesem Zeitpunkt m\u00fcssen Benutzer ihr Ger\u00e4t auf Android 5 oder h\u00f6her aktualisieren, um den Dienst nutzen zu k\u00f6nnen.<\/li><\/ul>\n\n\n\n<p>20. Dezember 2018<br><strong>Olympus Diktier-App 1.3.0<\/strong><\/p>\n\n\n\n<ul class=\"wp-block-list\"><li>Volle Unterst\u00fctzung von iOS 12.1<\/li><li>Behebt das Problem mit den Berechtigungsrechten.<\/li><li>Zugriff auf die Mikrofonfunktion.<\/li><li>Zugriff auf die Kamerafunktion.<\/li><li>Zugriff auf gespeicherte Bilder.<\/li><li>Unterst\u00fctzung von Super Retina Display, das mit dem iPhoneX eingef\u00fchrt wurde.<\/li><\/ul>\n\n\n\n<p>2. September 2016<br><strong>Olympus Diktier-App 1.2.3<\/strong><\/p>\n\n\n\n<ul class=\"wp-block-list\"><li>Unterst\u00fctzung f\u00fcr neueste FlashAir-Karte hinzugef\u00fcgt<\/li><\/ul>\n\n\n\n<p>2. September 2016<br><strong>Olympus Diktier-App 1.2.1<\/strong><\/p>\n\n\n\n<ul class=\"wp-block-list\"><li>Unterst\u00fctzung f\u00fcr neueste FlashAir-Karte hinzugef\u00fcgt<\/li><\/ul>\n\n\n\n<p>12. August 2016<br><strong>Olympus Diktier-App 1.2.2<\/strong><\/p>\n\n\n\n<ul class=\"wp-block-list\"><li>Konnektivit\u00e4t zwischen FlashAir und Android 6.0 stabilisiert<\/li><\/ul>\n\n\n\n<p>23. M\u00e4rz 2016<br><strong>Olympus Diktier-App 1.2.1<\/strong><\/p>\n\n\n\n<ul class=\"wp-block-list\"><li>Verbesserte Sicherheit bei der Validierung von SSL-Zertifikaten<\/li><\/ul>\n\n\n\n<p>9. Juli 2015<br><strong>Olympus Diktier-App 1.2.0<\/strong><\/p>\n\n\n\n<p>2. Dezember 2014<br><strong>Olympus Diktier-App 1.1.2<\/strong><\/p>\n\n\n\n<ul class=\"wp-block-list\"><li>Es wurde ein Problem behoben, bei dem die VCVA-Funktion zum Absturz der App f\u00fchrte.<\/li><li>Die Verz\u00f6gerung bei der Aufnahme wurde behoben<\/li><\/ul>\n\n\n\n<p>27. Mai 2014<br><strong>Olympus Diktier-App 1.0.3<\/strong><\/p>\n\n\n\n<ul class=\"wp-block-list\"><li>FlashAir 10-Unterst\u00fctzung hinzugef\u00fcgt.<\/li><\/ul>\n\n\n\n<p>27. Mai 2014<br><strong>Olympus Diktier-App 1.1.1<\/strong><\/p>\n\n\n\n<ul class=\"wp-block-list\"><li>FlashAir 10-Unterst\u00fctzung hinzugef\u00fcgt.<\/li><\/ul>\n\n\n\n<p>9. April 2014<br><strong>Olympus Diktier-App 1.0.2<\/strong><\/p>\n\n\n\n<ul class=\"wp-block-list\"><li>Das Problem beim Einf\u00fcgen in eine Aufzeichnung wurde behoben<\/li><\/ul>\n\n\n\n<p>10. M\u00e4rz 2014<br><strong>Olympus Diktierportal R2.2<\/strong><\/p>\n\n\n\n<ul class=\"wp-block-list\"><li>Der Link \u201eNutzungsbedingungen\u201c w\u00e4hrend des Registrierungsprozesses erscheint nun als Link, wenn sich der Mauszeiger \u00fcber dem Text befindet. Zuvor war nicht klar, dass es sich bei dem Text um einen Link handelt.<\/li><li>In Outlook 2010 wird die E-Mail mit dem tempor\u00e4ren Passwort nicht korrekt wiedergegeben. Dies wurde nun behoben.<\/li><\/ul>\n\n\n\n<p>27. Februar 2014<br><strong>Olympus Diktierportal R2.1<\/strong><\/p>\n\n\n\n<ul class=\"wp-block-list\"><li>CSV-Dateien k\u00f6nnen jetzt in verschiedenen Sprachen importiert werden. In fr\u00fcheren Versionen funktionierte dies nur auf Englisch, da das Portal die Verschl\u00fcsselungseinstellung in anderen Sprachen nicht verarbeiten konnte<\/li><li>Bisher im Fenster E-Mail-Einstellungen<\/li><\/ul>\n\n\n\n<p>2. Januar 2014<br><strong>Olympus Diktier-App 1.1.0<\/strong><\/p>\n\n\n\n<ul class=\"wp-block-list\"><li>iOS7-Unterst\u00fctzung<\/li><li>Die Warnmeldung beim Senden von Diktaten wurde ge\u00e4ndert und lautet jetzt: \u201eDie Datei\u00fcbertragung wird m\u00f6glicherweise ausgesetzt, wenn die Home\/Sleep-Taste gedr\u00fcckt wird. Bei einem solchen Ereignis wird eine Benachrichtigung angezeigt. Tippen Sie auf die Benachrichtigung, um fortzufahren.\u201c<\/li><li>Wenn ein Benutzer w\u00e4hrend des Sendens einer Datei die Home\/Sleep-Taste dr\u00fcckt, wechselt die App in die<\/li><li>Hintergrund und wird f\u00fcr einen begrenzten Zeitraum weiter gesendet. Wenn die \u00dcbertragung der Datei in dieser Zeit nicht abgeschlossen ist, erh\u00e4lt der Benutzer eine Benachrichtigung, die ihn auffordert, die Datei\u00fcbertragung abzuschlie\u00dfen.<\/li><li>Dateien, die gr\u00f6\u00dfer als 200 MB sind, k\u00f6nnen nicht an den ODP gesendet werden, wenn Dateien von einer gr\u00f6\u00dferen FlashAir-Karte ausgew\u00e4hlt werden<\/li><li>gr\u00f6\u00dfer als diese Gr\u00f6\u00dfe, wird eine Fehlermeldung angezeigt.<\/li><\/ul>\n\n\n\n<p>16. Dezember 2013<br><strong>Olympus Diktierportal R2<\/strong><\/p>\n\n\n\n<ul class=\"wp-block-list\"><li>H\u00e4ndler k\u00f6nnen jetzt bis zu 100 Testlizenzen statt 3 ausstellen.<\/li><li>Kunden mussten der EULA zustimmen, wenn sie zum ersten Mal eine Standardlizenz bestellten. Kunden mussten auch bei der Erstellung ihres ODP-Kontos der EURA zustimmen.<\/li><li>Mit dem neuen Release m\u00fcssen Kunden der EURA nur noch einmal zustimmen, wenn sie ihr ODP-Konto er\u00f6ffnen.<\/li><li>Der Kunde erh\u00e4lt jetzt eine \u201eWillkommen\u201c-E-Mail, nachdem er die Ersteinrichtung durchlaufen hat<\/li><li>Bildschirm \u201eSmartphone-Passwort \u00e4ndern\u201c wird ihnen gesagt, dass sie sich auf diese E-Mail beziehen sollen.<\/li><li>In allen Fenstern, in denen ein neues Passwort eingegeben wird, wird eine Passwortrichtlinie angezeigt.<\/li><li>Einschr\u00e4nkungen zum Deaktivieren von Konten wurden entfernt, Konten k\u00f6nnen jetzt jederzeit deaktiviert werden.<\/li><li>Bei der Ausstellung einer Standardlizenz kann jetzt eine Bestellnummer angegeben werden.<\/li><li>Der Benachrichtigungsprozess f\u00fcr Verl\u00e4ngerungen hat sich ge\u00e4ndert.<\/li><li>Das BCC-Feld f\u00fcr Konten ist jetzt f\u00fcr Benachrichtigungen zu Lizenzproblemen verf\u00fcgbar.<\/li><li>Benutzer erhalten jetzt eine Warnmeldung, wenn sie ein Fenster verlassen, um zu best\u00e4tigen, dass sie es verlassen m\u00f6chten, ohne die \u00c4nderungen zu speichern<\/li><li>Distributoren, L\u00e4nder und BCs k\u00f6nnen jetzt auch Lizenzen abrufen, die sie auf ein Konto unter ihnen ausgestellt haben<\/li><li>Unterst\u00fctzung f\u00fcr \u00d6sterreich, Schweiz, S\u00fcdafrika, Niederlande, Belgien, D\u00e4nemark, Finnland wird hinzugef\u00fcgt.<\/li><\/ul>\n\n\n\n<p>2. Dezember 2013<br><strong>Olympus Diktier-App 1.0.1<\/strong><\/p>\n\n\n\n<ul class=\"wp-block-list\"><li>Unterst\u00fctzung f\u00fcr Galaxy Note II hinzugef\u00fcgt<\/li><li>Verbessert die kurze Zeitverz\u00f6gerung, die auftritt, wenn eine Aufnahme beginnt<\/li><\/ul>\n\n\n\n<p>1. Oktober 2013<br><strong>Olympus Diktierportal R1<\/strong><\/p>\n\n\n\n<ul class=\"wp-block-list\"><li>Erste Ver\u00f6ffentlichung<\/li><\/ul>\n\n\n\n<p>1. Oktober 2013<br><strong>Olympus Diktier-App 1.0.0<\/strong><\/p>\n\n\n\n<ul class=\"wp-block-list\"><li>Erste Ver\u00f6ffentlichung<\/li><\/ul>\n\n\n\n<p>11. Januar 2013<br><strong>Olympus Diktier-App 1.0.0<\/strong><\/p>\n\n\n\n<ul class=\"wp-block-list\"><li>Erste Ver\u00f6ffentlichung<\/li><\/ul>","protected":false},"excerpt":{"rendered":"<p>August 19, 2021Olympus Dictation App 2.1.1 Fixed the issue that OD did not start on iPod Touch running iOS9. July 14, 2021Olympus Dictation Portal &#8211; July Processing capacity on the ODP server has been strengthened. Notification function has been enhanced A maintenance mode has been added to ODP for transparency of any issues and their [&hellip;]<\/p>\n","protected":false},"author":1,"featured_media":0,"parent":4353,"menu_order":0,"comment_status":"closed","ping_status":"closed","template":"","meta":{"ghostkit_customizer_options":"","ghostkit_custom_css":"","ghostkit_custom_js_head":"","ghostkit_custom_js_foot":"","ghostkit_typography":"","footnotes":""},"class_list":["post-4398","page","type-page","status-publish","hentry"],"yoast_head":"<!-- This site is optimized with the Yoast SEO plugin v27.4 - https:\/\/yoast.com\/product\/yoast-seo-wordpress\/ -->\n<title>ODDS Change Log - Professional Audio Support<\/title>\n<meta name=\"robots\" content=\"index, follow, max-snippet:-1, max-image-preview:large, max-video-preview:-1\" \/>\n<link rel=\"canonical\" href=\"https:\/\/audiosupport.omsystem.com\/de\/knowledge-base\/change-logs-software\/odds-change-log\/\" \/>\n<meta property=\"og:locale\" content=\"de_DE\" \/>\n<meta property=\"og:type\" content=\"article\" \/>\n<meta property=\"og:title\" content=\"ODDS Change Log - Professional Audio Support\" \/>\n<meta property=\"og:description\" content=\"August 19, 2021Olympus Dictation App 2.1.1 Fixed the issue that OD did not start on iPod Touch running iOS9. July 14, 2021Olympus Dictation Portal &#8211; July Processing capacity on the ODP server has been strengthened. Notification function has been enhanced A maintenance mode has been added to ODP for transparency of any issues and their [&hellip;]\" \/>\n<meta property=\"og:url\" content=\"https:\/\/audiosupport.omsystem.com\/de\/knowledge-base\/change-logs-software\/odds-change-log\/\" \/>\n<meta property=\"og:site_name\" content=\"Professional Audio Support\" \/>\n<meta property=\"article:modified_time\" content=\"2022-03-23T21:22:54+00:00\" \/>\n<meta name=\"twitter:card\" content=\"summary_large_image\" \/>\n<meta name=\"twitter:label1\" content=\"Gesch\u00e4tzte Lesezeit\" \/>\n\t<meta name=\"twitter:data1\" content=\"6\u00a0Minuten\" \/>\n<script type=\"application\/ld+json\" class=\"yoast-schema-graph\">{\"@context\":\"https:\\\/\\\/schema.org\",\"@graph\":[{\"@type\":\"WebPage\",\"@id\":\"https:\\\/\\\/audiosupport.omsystem.com\\\/knowledge-base\\\/change-logs-software\\\/odds-change-log\\\/\",\"url\":\"https:\\\/\\\/audiosupport.omsystem.com\\\/knowledge-base\\\/change-logs-software\\\/odds-change-log\\\/\",\"name\":\"ODDS Change Log - Professional Audio Support\",\"isPartOf\":{\"@id\":\"https:\\\/\\\/audiosupport.omsystem.com\\\/en\\\/#website\"},\"datePublished\":\"2022-03-23T21:14:40+00:00\",\"dateModified\":\"2022-03-23T21:22:54+00:00\",\"breadcrumb\":{\"@id\":\"https:\\\/\\\/audiosupport.omsystem.com\\\/knowledge-base\\\/change-logs-software\\\/odds-change-log\\\/#breadcrumb\"},\"inLanguage\":\"de\",\"potentialAction\":[{\"@type\":\"ReadAction\",\"target\":[\"https:\\\/\\\/audiosupport.omsystem.com\\\/knowledge-base\\\/change-logs-software\\\/odds-change-log\\\/\"]}]},{\"@type\":\"BreadcrumbList\",\"@id\":\"https:\\\/\\\/audiosupport.omsystem.com\\\/knowledge-base\\\/change-logs-software\\\/odds-change-log\\\/#breadcrumb\",\"itemListElement\":[{\"@type\":\"ListItem\",\"position\":1,\"name\":\"Home\",\"item\":\"https:\\\/\\\/audiosupport.omsystem.com\\\/\"},{\"@type\":\"ListItem\",\"position\":2,\"name\":\"Knowledge Base\",\"item\":\"https:\\\/\\\/audiosupport.omsystem.com\\\/knowledge-base\\\/\"},{\"@type\":\"ListItem\",\"position\":3,\"name\":\"Change Logs: Software\",\"item\":\"https:\\\/\\\/audiosupport.omsystem.com\\\/knowledge-base\\\/change-logs-software\\\/\"},{\"@type\":\"ListItem\",\"position\":4,\"name\":\"ODDS Change Log\"}]},{\"@type\":\"WebSite\",\"@id\":\"https:\\\/\\\/audiosupport.omsystem.com\\\/en\\\/#website\",\"url\":\"https:\\\/\\\/audiosupport.omsystem.com\\\/en\\\/\",\"name\":\"Professional Audio Support\",\"description\":\"OM Digital Solutions\",\"potentialAction\":[{\"@type\":\"SearchAction\",\"target\":{\"@type\":\"EntryPoint\",\"urlTemplate\":\"https:\\\/\\\/audiosupport.omsystem.com\\\/en\\\/?s={search_term_string}\"},\"query-input\":{\"@type\":\"PropertyValueSpecification\",\"valueRequired\":true,\"valueName\":\"search_term_string\"}}],\"inLanguage\":\"de\"}]}<\/script>\n<!-- \/ Yoast SEO plugin. -->","yoast_head_json":{"title":"ODDS-\u00c4nderungsprotokoll \u2013 Professioneller Audio-Support","robots":{"index":"index","follow":"follow","max-snippet":"max-snippet:-1","max-image-preview":"max-image-preview:large","max-video-preview":"max-video-preview:-1"},"canonical":"https:\/\/audiosupport.omsystem.com\/de\/knowledge-base\/change-logs-software\/odds-change-log\/","og_locale":"de_DE","og_type":"article","og_title":"ODDS Change Log - Professional Audio Support","og_description":"August 19, 2021Olympus Dictation App 2.1.1 Fixed the issue that OD did not start on iPod Touch running iOS9. July 14, 2021Olympus Dictation Portal &#8211; July Processing capacity on the ODP server has been strengthened. Notification function has been enhanced A maintenance mode has been added to ODP for transparency of any issues and their [&hellip;]","og_url":"https:\/\/audiosupport.omsystem.com\/de\/knowledge-base\/change-logs-software\/odds-change-log\/","og_site_name":"Professional Audio Support","article_modified_time":"2022-03-23T21:22:54+00:00","twitter_card":"summary_large_image","twitter_misc":{"Gesch\u00e4tzte Lesezeit":"6\u00a0Minuten"},"schema":{"@context":"https:\/\/schema.org","@graph":[{"@type":"WebPage","@id":"https:\/\/audiosupport.omsystem.com\/knowledge-base\/change-logs-software\/odds-change-log\/","url":"https:\/\/audiosupport.omsystem.com\/knowledge-base\/change-logs-software\/odds-change-log\/","name":"ODDS-\u00c4nderungsprotokoll \u2013 Professioneller Audio-Support","isPartOf":{"@id":"https:\/\/audiosupport.omsystem.com\/en\/#website"},"datePublished":"2022-03-23T21:14:40+00:00","dateModified":"2022-03-23T21:22:54+00:00","breadcrumb":{"@id":"https:\/\/audiosupport.omsystem.com\/knowledge-base\/change-logs-software\/odds-change-log\/#breadcrumb"},"inLanguage":"de","potentialAction":[{"@type":"ReadAction","target":["https:\/\/audiosupport.omsystem.com\/knowledge-base\/change-logs-software\/odds-change-log\/"]}]},{"@type":"BreadcrumbList","@id":"https:\/\/audiosupport.omsystem.com\/knowledge-base\/change-logs-software\/odds-change-log\/#breadcrumb","itemListElement":[{"@type":"ListItem","position":1,"name":"Home","item":"https:\/\/audiosupport.omsystem.com\/"},{"@type":"ListItem","position":2,"name":"Knowledge Base","item":"https:\/\/audiosupport.omsystem.com\/knowledge-base\/"},{"@type":"ListItem","position":3,"name":"Change Logs: Software","item":"https:\/\/audiosupport.omsystem.com\/knowledge-base\/change-logs-software\/"},{"@type":"ListItem","position":4,"name":"ODDS Change Log"}]},{"@type":"WebSite","@id":"https:\/\/audiosupport.omsystem.com\/en\/#website","url":"https:\/\/audiosupport.omsystem.com\/en\/","name":"Professionelle Audiounterst\u00fctzung","description":"OM Digitale L\u00f6sungen","potentialAction":[{"@type":"SearchAction","target":{"@type":"EntryPoint","urlTemplate":"https:\/\/audiosupport.omsystem.com\/en\/?s={search_term_string}"},"query-input":{"@type":"PropertyValueSpecification","valueRequired":true,"valueName":"search_term_string"}}],"inLanguage":"de"}]}},"_links":{"self":[{"href":"https:\/\/audiosupport.omsystem.com\/de\/wp-json\/wp\/v2\/pages\/4398","targetHints":{"allow":["GET"]}}],"collection":[{"href":"https:\/\/audiosupport.omsystem.com\/de\/wp-json\/wp\/v2\/pages"}],"about":[{"href":"https:\/\/audiosupport.omsystem.com\/de\/wp-json\/wp\/v2\/types\/page"}],"author":[{"embeddable":true,"href":"https:\/\/audiosupport.omsystem.com\/de\/wp-json\/wp\/v2\/users\/1"}],"replies":[{"embeddable":true,"href":"https:\/\/audiosupport.omsystem.com\/de\/wp-json\/wp\/v2\/comments?post=4398"}],"version-history":[{"count":4,"href":"https:\/\/audiosupport.omsystem.com\/de\/wp-json\/wp\/v2\/pages\/4398\/revisions"}],"predecessor-version":[{"id":4404,"href":"https:\/\/audiosupport.omsystem.com\/de\/wp-json\/wp\/v2\/pages\/4398\/revisions\/4404"}],"up":[{"embeddable":true,"href":"https:\/\/audiosupport.omsystem.com\/de\/wp-json\/wp\/v2\/pages\/4353"}],"wp:attachment":[{"href":"https:\/\/audiosupport.omsystem.com\/de\/wp-json\/wp\/v2\/media?parent=4398"}],"curies":[{"name":"wp","href":"https:\/\/api.w.org\/{rel}","templated":true}]}}