{"id":4381,"date":"2022-03-23T20:03:21","date_gmt":"2022-03-23T20:03:21","guid":{"rendered":"https:\/\/audiosupport.omsystem.com\/?page_id=4381"},"modified":"2022-03-23T20:03:23","modified_gmt":"2022-03-23T20:03:23","slug":"dr-series-change-log","status":"publish","type":"page","link":"https:\/\/audiosupport.omsystem.com\/de\/knowledge-base\/change-logs-desktop-dictation\/dr-series-change-log\/","title":{"rendered":"\u00c4nderungsprotokoll der DR-Serie"},"content":{"rendered":"<p>15. Februar 2015<br><strong>Firmware 1.20<\/strong><\/p>\n\n\n\n<ul class=\"wp-block-list\"><li>Diese Version verbessert die Funktion zur Unterdr\u00fcckung von Tastenklicks weiter, die verhindert, dass unerw\u00fcnschte Tasten- und Schiebereglerbewegungsger\u00e4usche aufgezeichnet werden. Benutzer der Spracherkennung profitieren besonders von diesem Update durch verbesserte Genauigkeit und Spracherkennungsleistung.<\/li><li>Aktiviert programmgesteuerte Firmware-Updates vom Audio SDK.<\/li><\/ul>\n\n\n\n<p>16. Juli 2014<br><strong>Firmware 1.10<\/strong><\/p>\n\n\n\n<ul class=\"wp-block-list\"><li>F\u00fcgt Click-Lock-Funktion hinzu<\/li><\/ul>\n\n\n\n<p>11. Juli 2012<br><strong>Firmware 1.03<\/strong><\/p>\n\n\n\n<ul class=\"wp-block-list\"><li>Die Version 1.03 ist die Firmware zur Optimierung der Mikrofoneigenschaften f\u00fcr die Spracherkennungssoftware Nuance Dragon NaturallySpeaking.<\/li><\/ul>\n\n\n\n<p>13. Dezember 2011<br><strong>Firmware 1.02<\/strong><\/p>\n\n\n\n<ul class=\"wp-block-list\"><li>Verz\u00f6gerungen bei der Verwendung von Sprachbefehlen mit Dragon Naturally Speaking und Windows 7.<\/li><\/ul>\n\n\n\n<p>13. Juli 2011<br><strong>Firmware 1.00<\/strong><\/p>\n\n\n\n<ul class=\"wp-block-list\"><li>Original-Firmware<\/li><\/ul>","protected":false},"excerpt":{"rendered":"<p>February 15, 2015Firmware 1.20 This version further improves upon the Button Click Suppression feature, that prevents unwanted button and slider movement noises being recorded. Users of Voice Recognition will especially benefit from this update, by improved accuracy and voice recognition performance. Enables programmatic firmware updates from the Audio SDK. July 16, 2014Firmware 1.10 Adds Click-Lock [&hellip;]<\/p>\n","protected":false},"author":1,"featured_media":0,"parent":4349,"menu_order":0,"comment_status":"closed","ping_status":"closed","template":"","meta":{"ghostkit_customizer_options":"","ghostkit_custom_css":"","ghostkit_custom_js_head":"","ghostkit_custom_js_foot":"","ghostkit_typography":"","footnotes":""},"class_list":["post-4381","page","type-page","status-publish","hentry"],"yoast_head":"<!-- This site is optimized with the Yoast SEO plugin v27.4 - https:\/\/yoast.com\/product\/yoast-seo-wordpress\/ -->\n<title>DR Series Change Log - Professional Audio Support<\/title>\n<meta name=\"robots\" content=\"index, follow, max-snippet:-1, max-image-preview:large, max-video-preview:-1\" \/>\n<link rel=\"canonical\" href=\"https:\/\/audiosupport.omsystem.com\/de\/knowledge-base\/change-logs-desktop-dictation\/dr-series-change-log\/\" \/>\n<meta property=\"og:locale\" content=\"de_DE\" \/>\n<meta property=\"og:type\" content=\"article\" \/>\n<meta property=\"og:title\" content=\"DR Series Change Log - Professional Audio Support\" \/>\n<meta property=\"og:description\" content=\"February 15, 2015Firmware 1.20 This version further improves upon the Button Click Suppression feature, that prevents unwanted button and slider movement noises being recorded. Users of Voice Recognition will especially benefit from this update, by improved accuracy and voice recognition performance. Enables programmatic firmware updates from the Audio SDK. July 16, 2014Firmware 1.10 Adds Click-Lock [&hellip;]\" \/>\n<meta property=\"og:url\" content=\"https:\/\/audiosupport.omsystem.com\/de\/knowledge-base\/change-logs-desktop-dictation\/dr-series-change-log\/\" \/>\n<meta property=\"og:site_name\" content=\"Professional Audio Support\" \/>\n<meta property=\"article:modified_time\" content=\"2022-03-23T20:03:23+00:00\" \/>\n<meta name=\"twitter:card\" content=\"summary_large_image\" \/>\n<meta name=\"twitter:label1\" content=\"Gesch\u00e4tzte Lesezeit\" \/>\n\t<meta name=\"twitter:data1\" content=\"1\u00a0Minute\" \/>\n<script type=\"application\/ld+json\" class=\"yoast-schema-graph\">{\"@context\":\"https:\\\/\\\/schema.org\",\"@graph\":[{\"@type\":\"WebPage\",\"@id\":\"https:\\\/\\\/audiosupport.omsystem.com\\\/knowledge-base\\\/change-logs-desktop-dictation\\\/dr-series-change-log\\\/\",\"url\":\"https:\\\/\\\/audiosupport.omsystem.com\\\/knowledge-base\\\/change-logs-desktop-dictation\\\/dr-series-change-log\\\/\",\"name\":\"DR Series Change Log - Professional Audio Support\",\"isPartOf\":{\"@id\":\"https:\\\/\\\/audiosupport.omsystem.com\\\/en\\\/#website\"},\"datePublished\":\"2022-03-23T20:03:21+00:00\",\"dateModified\":\"2022-03-23T20:03:23+00:00\",\"breadcrumb\":{\"@id\":\"https:\\\/\\\/audiosupport.omsystem.com\\\/knowledge-base\\\/change-logs-desktop-dictation\\\/dr-series-change-log\\\/#breadcrumb\"},\"inLanguage\":\"de\",\"potentialAction\":[{\"@type\":\"ReadAction\",\"target\":[\"https:\\\/\\\/audiosupport.omsystem.com\\\/knowledge-base\\\/change-logs-desktop-dictation\\\/dr-series-change-log\\\/\"]}]},{\"@type\":\"BreadcrumbList\",\"@id\":\"https:\\\/\\\/audiosupport.omsystem.com\\\/knowledge-base\\\/change-logs-desktop-dictation\\\/dr-series-change-log\\\/#breadcrumb\",\"itemListElement\":[{\"@type\":\"ListItem\",\"position\":1,\"name\":\"Home\",\"item\":\"https:\\\/\\\/audiosupport.omsystem.com\\\/\"},{\"@type\":\"ListItem\",\"position\":2,\"name\":\"Knowledge Base\",\"item\":\"https:\\\/\\\/audiosupport.omsystem.com\\\/knowledge-base\\\/\"},{\"@type\":\"ListItem\",\"position\":3,\"name\":\"Change Logs: Desktop Dictation\",\"item\":\"https:\\\/\\\/audiosupport.omsystem.com\\\/knowledge-base\\\/change-logs-desktop-dictation\\\/\"},{\"@type\":\"ListItem\",\"position\":4,\"name\":\"DR Series Change Log\"}]},{\"@type\":\"WebSite\",\"@id\":\"https:\\\/\\\/audiosupport.omsystem.com\\\/en\\\/#website\",\"url\":\"https:\\\/\\\/audiosupport.omsystem.com\\\/en\\\/\",\"name\":\"Professional Audio Support\",\"description\":\"OM Digital Solutions\",\"potentialAction\":[{\"@type\":\"SearchAction\",\"target\":{\"@type\":\"EntryPoint\",\"urlTemplate\":\"https:\\\/\\\/audiosupport.omsystem.com\\\/en\\\/?s={search_term_string}\"},\"query-input\":{\"@type\":\"PropertyValueSpecification\",\"valueRequired\":true,\"valueName\":\"search_term_string\"}}],\"inLanguage\":\"de\"}]}<\/script>\n<!-- \/ Yoast SEO plugin. -->","yoast_head_json":{"title":"\u00c4nderungsprotokoll der DR-Serie \u2013 Professioneller Audio-Support","robots":{"index":"index","follow":"follow","max-snippet":"max-snippet:-1","max-image-preview":"max-image-preview:large","max-video-preview":"max-video-preview:-1"},"canonical":"https:\/\/audiosupport.omsystem.com\/de\/knowledge-base\/change-logs-desktop-dictation\/dr-series-change-log\/","og_locale":"de_DE","og_type":"article","og_title":"DR Series Change Log - Professional Audio Support","og_description":"February 15, 2015Firmware 1.20 This version further improves upon the Button Click Suppression feature, that prevents unwanted button and slider movement noises being recorded. Users of Voice Recognition will especially benefit from this update, by improved accuracy and voice recognition performance. Enables programmatic firmware updates from the Audio SDK. July 16, 2014Firmware 1.10 Adds Click-Lock [&hellip;]","og_url":"https:\/\/audiosupport.omsystem.com\/de\/knowledge-base\/change-logs-desktop-dictation\/dr-series-change-log\/","og_site_name":"Professional Audio Support","article_modified_time":"2022-03-23T20:03:23+00:00","twitter_card":"summary_large_image","twitter_misc":{"Gesch\u00e4tzte Lesezeit":"1\u00a0Minute"},"schema":{"@context":"https:\/\/schema.org","@graph":[{"@type":"WebPage","@id":"https:\/\/audiosupport.omsystem.com\/knowledge-base\/change-logs-desktop-dictation\/dr-series-change-log\/","url":"https:\/\/audiosupport.omsystem.com\/knowledge-base\/change-logs-desktop-dictation\/dr-series-change-log\/","name":"\u00c4nderungsprotokoll der DR-Serie \u2013 Professioneller Audio-Support","isPartOf":{"@id":"https:\/\/audiosupport.omsystem.com\/en\/#website"},"datePublished":"2022-03-23T20:03:21+00:00","dateModified":"2022-03-23T20:03:23+00:00","breadcrumb":{"@id":"https:\/\/audiosupport.omsystem.com\/knowledge-base\/change-logs-desktop-dictation\/dr-series-change-log\/#breadcrumb"},"inLanguage":"de","potentialAction":[{"@type":"ReadAction","target":["https:\/\/audiosupport.omsystem.com\/knowledge-base\/change-logs-desktop-dictation\/dr-series-change-log\/"]}]},{"@type":"BreadcrumbList","@id":"https:\/\/audiosupport.omsystem.com\/knowledge-base\/change-logs-desktop-dictation\/dr-series-change-log\/#breadcrumb","itemListElement":[{"@type":"ListItem","position":1,"name":"Home","item":"https:\/\/audiosupport.omsystem.com\/"},{"@type":"ListItem","position":2,"name":"Knowledge Base","item":"https:\/\/audiosupport.omsystem.com\/knowledge-base\/"},{"@type":"ListItem","position":3,"name":"Change Logs: Desktop Dictation","item":"https:\/\/audiosupport.omsystem.com\/knowledge-base\/change-logs-desktop-dictation\/"},{"@type":"ListItem","position":4,"name":"DR Series Change Log"}]},{"@type":"WebSite","@id":"https:\/\/audiosupport.omsystem.com\/en\/#website","url":"https:\/\/audiosupport.omsystem.com\/en\/","name":"Professionelle Audiounterst\u00fctzung","description":"OM Digitale L\u00f6sungen","potentialAction":[{"@type":"SearchAction","target":{"@type":"EntryPoint","urlTemplate":"https:\/\/audiosupport.omsystem.com\/en\/?s={search_term_string}"},"query-input":{"@type":"PropertyValueSpecification","valueRequired":true,"valueName":"search_term_string"}}],"inLanguage":"de"}]}},"_links":{"self":[{"href":"https:\/\/audiosupport.omsystem.com\/de\/wp-json\/wp\/v2\/pages\/4381","targetHints":{"allow":["GET"]}}],"collection":[{"href":"https:\/\/audiosupport.omsystem.com\/de\/wp-json\/wp\/v2\/pages"}],"about":[{"href":"https:\/\/audiosupport.omsystem.com\/de\/wp-json\/wp\/v2\/types\/page"}],"author":[{"embeddable":true,"href":"https:\/\/audiosupport.omsystem.com\/de\/wp-json\/wp\/v2\/users\/1"}],"replies":[{"embeddable":true,"href":"https:\/\/audiosupport.omsystem.com\/de\/wp-json\/wp\/v2\/comments?post=4381"}],"version-history":[{"count":1,"href":"https:\/\/audiosupport.omsystem.com\/de\/wp-json\/wp\/v2\/pages\/4381\/revisions"}],"predecessor-version":[{"id":4382,"href":"https:\/\/audiosupport.omsystem.com\/de\/wp-json\/wp\/v2\/pages\/4381\/revisions\/4382"}],"up":[{"embeddable":true,"href":"https:\/\/audiosupport.omsystem.com\/de\/wp-json\/wp\/v2\/pages\/4349"}],"wp:attachment":[{"href":"https:\/\/audiosupport.omsystem.com\/de\/wp-json\/wp\/v2\/media?parent=4381"}],"curies":[{"name":"wp","href":"https:\/\/api.w.org\/{rel}","templated":true}]}}