{"id":4370,"date":"2022-03-23T17:40:58","date_gmt":"2022-03-23T17:40:58","guid":{"rendered":"https:\/\/audiosupport.omsystem.com\/?page_id=4370"},"modified":"2022-03-23T17:40:59","modified_gmt":"2022-03-23T17:40:59","slug":"ds-5000-change-log","status":"publish","type":"page","link":"https:\/\/audiosupport.omsystem.com\/de\/knowledge-base\/change-logs-portable-dictation\/ds-5000-change-log\/","title":{"rendered":"DS-5000-\u00c4nderungsprotokoll"},"content":{"rendered":"<p>27. November 2012<br><strong>Firmware 1.08<\/strong><\/p>\n\n\n\n<ul class=\"wp-block-list\"><li>Wenn die Systeminformationen angezeigt werden und eine Aufzeichnung wiedergegeben wird, friert der Rekorder ein \u2013 behoben.<\/li><\/ul>\n\n\n\n<p>26. September 2012<br><strong>Firmware 1.07<\/strong><\/p>\n\n\n\n<ul class=\"wp-block-list\"><li>256-Bit-Verschl\u00fcsselungsunterst\u00fctzung<\/li><\/ul>\n\n\n\n<p>26. August 2012<br><strong>Firmware 1.06<\/strong><\/p>\n\n\n\n<ul class=\"wp-block-list\"><li>Cue\/Rev-Einstellungen zum Ger\u00e4temen\u00fc hinzugef\u00fcgt<\/li><li>\u201eCue\/Rev-Sound\u201c Der Standardwert daf\u00fcr ist jetzt auf \u201eoff\u201c gesetzt.<\/li><li>Die Leistung beim teilweisen L\u00f6schen wurde verbessert.<\/li><li>Geschwindigkeit der Index-\/Verbalsuche verbessert.<\/li><li>Option zum Deaktivieren des SD-Steckplatzes hinzugef\u00fcgt.<\/li><li>Die benutzerdefinierte Nachrichtenfunktion wurde so ge\u00e4ndert, dass sie wie in den Einstellungen eingegeben angezeigt wird.<\/li><\/ul>\n\n\n\n<p>23. Februar 2009<br><strong>Firmware 1.05<\/strong><\/p>\n\n\n\n<ul class=\"wp-block-list\"><li>Das Ger\u00e4t kann schneller einsatzbereit sein, wenn es eingeschaltet oder aus dem Energiesparmodus reaktiviert wird.<\/li><li>Die Geschwindigkeit der Cue- und Rev-Funktionen wurde verlangsamt, um die Benutzerfreundlichkeit zu verbessern.<\/li><li>Ein neuer Vorgang zum Stoppen der FF- oder REW-Funktionen durch Dr\u00fccken der OK- oder MENU-Taste wurde hinzugef\u00fcgt.<\/li><\/ul>\n\n\n\n<p>25. August 2008<br><strong>Firmware 1.04<\/strong><\/p>\n\n\n\n<ul class=\"wp-block-list\"><li>Das Ger\u00e4t unterst\u00fctzt jetzt die Verwendung des Barcode-Scanners SC1.<\/li><li>Ein neuer Men\u00fcpunkt \u201eCue\/Rev Sound\u201c wurde hinzugef\u00fcgt.<\/li><li>Die Men\u00fcpunkte werden entsprechend der H\u00e4ufigkeit ihrer Verwendung angezeigt.<\/li><li>Die Fingerabdruckregistrierungsdaten werden jetzt auch gel\u00f6scht, wenn die Einstellungen \u00fcber das Men\u00fc zur\u00fcckgesetzt werden.<\/li><li>Wenn das Ger\u00e4t vollst\u00e4ndig aufgeladen ist, wird \u201eCharging Complete!\u201c angezeigt. wird angezeigt.<\/li><li>Das Problem, das die Mikrofonlautst\u00e4rke bei der Registrierung von \u201eDragon NaturallySpeaking\u201c beeinflusste \u2013 behoben.<\/li><li>Die Freisprechfunktionen des Fu\u00dfschalters RS27\/RS28 wurden ge\u00e4ndert, um denen des DS-4000 zu entsprechen.<\/li><li>Ordnernamen werden nicht korrekt angezeigt, wenn eine Verbindung zu DSS Player Pro im russischen Betriebssystem hergestellt wird \u2013 behoben<\/li><\/ul>\n\n\n\n<p>14. April 2008<br><strong>Firmware 1.02<\/strong><\/p>\n\n\n\n<ul class=\"wp-block-list\"><li>Ge\u00e4nderte GUI f\u00fcr die Eingabe von Option Items<\/li><li>Der Begr\u00fc\u00dfungsbildschirm wird zuerst angezeigt, auch wenn Autoren-IDs und Arbeitstyp-IDs aktiviert wurden.<\/li><li>Wenn ein Benutzer in den Einf\u00fcgemodus wechselte, blieb das Ger\u00e4t im Einf\u00fcgemodus, selbst wenn der Schiebeschalter in die Stopp-Position bewegt wurde \u2013 behoben<\/li><li>Ger\u00e4t startet nicht immer sofort \u2013 behoben.<\/li><\/ul>\n\n\n\n<p>11. April 2008<br><strong>Firmware 1.00<\/strong><\/p>\n\n\n\n<ul class=\"wp-block-list\"><li>Original-Firmware<\/li><\/ul>","protected":false},"excerpt":{"rendered":"<p>November 27, 2012Firmware 1.08 When the system information is being displayed and a recording is playing back, the recorder freezes \u2013fixed. September 26, 2012Firmware 1.07 256-bit encryption support August 26, 2012Firmware 1.06 Cue\/Rev settings added to Device menu \u201cCue\/Rev sound\u201d the default value for this is now set to off. Partial erase performance improved. Index\/Verbal [&hellip;]<\/p>\n","protected":false},"author":1,"featured_media":0,"parent":4338,"menu_order":0,"comment_status":"closed","ping_status":"closed","template":"","meta":{"ghostkit_customizer_options":"","ghostkit_custom_css":"","ghostkit_custom_js_head":"","ghostkit_custom_js_foot":"","ghostkit_typography":"","footnotes":""},"class_list":["post-4370","page","type-page","status-publish","hentry"],"yoast_head":"<!-- This site is optimized with the Yoast SEO plugin v27.4 - https:\/\/yoast.com\/product\/yoast-seo-wordpress\/ -->\n<title>DS-5000 Change Log - Professional Audio Support<\/title>\n<meta name=\"robots\" content=\"index, follow, max-snippet:-1, max-image-preview:large, max-video-preview:-1\" \/>\n<link rel=\"canonical\" href=\"https:\/\/audiosupport.omsystem.com\/de\/knowledge-base\/change-logs-portable-dictation\/ds-5000-change-log\/\" \/>\n<meta property=\"og:locale\" content=\"de_DE\" \/>\n<meta property=\"og:type\" content=\"article\" \/>\n<meta property=\"og:title\" content=\"DS-5000 Change Log - Professional Audio Support\" \/>\n<meta property=\"og:description\" content=\"November 27, 2012Firmware 1.08 When the system information is being displayed and a recording is playing back, the recorder freezes \u2013fixed. September 26, 2012Firmware 1.07 256-bit encryption support August 26, 2012Firmware 1.06 Cue\/Rev settings added to Device menu \u201cCue\/Rev sound\u201d the default value for this is now set to off. Partial erase performance improved. Index\/Verbal [&hellip;]\" \/>\n<meta property=\"og:url\" content=\"https:\/\/audiosupport.omsystem.com\/de\/knowledge-base\/change-logs-portable-dictation\/ds-5000-change-log\/\" \/>\n<meta property=\"og:site_name\" content=\"Professional Audio Support\" \/>\n<meta property=\"article:modified_time\" content=\"2022-03-23T17:40:59+00:00\" \/>\n<meta name=\"twitter:card\" content=\"summary_large_image\" \/>\n<meta name=\"twitter:label1\" content=\"Gesch\u00e4tzte Lesezeit\" \/>\n\t<meta name=\"twitter:data1\" content=\"2\u00a0Minuten\" \/>\n<script type=\"application\/ld+json\" class=\"yoast-schema-graph\">{\"@context\":\"https:\\\/\\\/schema.org\",\"@graph\":[{\"@type\":\"WebPage\",\"@id\":\"https:\\\/\\\/audiosupport.omsystem.com\\\/knowledge-base\\\/change-logs-portable-dictation\\\/ds-5000-change-log\\\/\",\"url\":\"https:\\\/\\\/audiosupport.omsystem.com\\\/knowledge-base\\\/change-logs-portable-dictation\\\/ds-5000-change-log\\\/\",\"name\":\"DS-5000 Change Log - Professional Audio Support\",\"isPartOf\":{\"@id\":\"https:\\\/\\\/audiosupport.omsystem.com\\\/en\\\/#website\"},\"datePublished\":\"2022-03-23T17:40:58+00:00\",\"dateModified\":\"2022-03-23T17:40:59+00:00\",\"breadcrumb\":{\"@id\":\"https:\\\/\\\/audiosupport.omsystem.com\\\/knowledge-base\\\/change-logs-portable-dictation\\\/ds-5000-change-log\\\/#breadcrumb\"},\"inLanguage\":\"de\",\"potentialAction\":[{\"@type\":\"ReadAction\",\"target\":[\"https:\\\/\\\/audiosupport.omsystem.com\\\/knowledge-base\\\/change-logs-portable-dictation\\\/ds-5000-change-log\\\/\"]}]},{\"@type\":\"BreadcrumbList\",\"@id\":\"https:\\\/\\\/audiosupport.omsystem.com\\\/knowledge-base\\\/change-logs-portable-dictation\\\/ds-5000-change-log\\\/#breadcrumb\",\"itemListElement\":[{\"@type\":\"ListItem\",\"position\":1,\"name\":\"Home\",\"item\":\"https:\\\/\\\/audiosupport.omsystem.com\\\/\"},{\"@type\":\"ListItem\",\"position\":2,\"name\":\"Knowledge Base\",\"item\":\"https:\\\/\\\/audiosupport.omsystem.com\\\/knowledge-base\\\/\"},{\"@type\":\"ListItem\",\"position\":3,\"name\":\"Change Logs: Portable Dictation\",\"item\":\"https:\\\/\\\/audiosupport.omsystem.com\\\/knowledge-base\\\/change-logs-portable-dictation\\\/\"},{\"@type\":\"ListItem\",\"position\":4,\"name\":\"DS-5000 Change Log\"}]},{\"@type\":\"WebSite\",\"@id\":\"https:\\\/\\\/audiosupport.omsystem.com\\\/en\\\/#website\",\"url\":\"https:\\\/\\\/audiosupport.omsystem.com\\\/en\\\/\",\"name\":\"Professional Audio Support\",\"description\":\"OM Digital Solutions\",\"potentialAction\":[{\"@type\":\"SearchAction\",\"target\":{\"@type\":\"EntryPoint\",\"urlTemplate\":\"https:\\\/\\\/audiosupport.omsystem.com\\\/en\\\/?s={search_term_string}\"},\"query-input\":{\"@type\":\"PropertyValueSpecification\",\"valueRequired\":true,\"valueName\":\"search_term_string\"}}],\"inLanguage\":\"de\"}]}<\/script>\n<!-- \/ Yoast SEO plugin. -->","yoast_head_json":{"title":"DS-5000 \u00c4nderungsprotokoll - Professioneller Audio-Support","robots":{"index":"index","follow":"follow","max-snippet":"max-snippet:-1","max-image-preview":"max-image-preview:large","max-video-preview":"max-video-preview:-1"},"canonical":"https:\/\/audiosupport.omsystem.com\/de\/knowledge-base\/change-logs-portable-dictation\/ds-5000-change-log\/","og_locale":"de_DE","og_type":"article","og_title":"DS-5000 Change Log - Professional Audio Support","og_description":"November 27, 2012Firmware 1.08 When the system information is being displayed and a recording is playing back, the recorder freezes \u2013fixed. September 26, 2012Firmware 1.07 256-bit encryption support August 26, 2012Firmware 1.06 Cue\/Rev settings added to Device menu \u201cCue\/Rev sound\u201d the default value for this is now set to off. Partial erase performance improved. Index\/Verbal [&hellip;]","og_url":"https:\/\/audiosupport.omsystem.com\/de\/knowledge-base\/change-logs-portable-dictation\/ds-5000-change-log\/","og_site_name":"Professional Audio Support","article_modified_time":"2022-03-23T17:40:59+00:00","twitter_card":"summary_large_image","twitter_misc":{"Gesch\u00e4tzte Lesezeit":"2\u00a0Minuten"},"schema":{"@context":"https:\/\/schema.org","@graph":[{"@type":"WebPage","@id":"https:\/\/audiosupport.omsystem.com\/knowledge-base\/change-logs-portable-dictation\/ds-5000-change-log\/","url":"https:\/\/audiosupport.omsystem.com\/knowledge-base\/change-logs-portable-dictation\/ds-5000-change-log\/","name":"DS-5000 \u00c4nderungsprotokoll - Professioneller Audio-Support","isPartOf":{"@id":"https:\/\/audiosupport.omsystem.com\/en\/#website"},"datePublished":"2022-03-23T17:40:58+00:00","dateModified":"2022-03-23T17:40:59+00:00","breadcrumb":{"@id":"https:\/\/audiosupport.omsystem.com\/knowledge-base\/change-logs-portable-dictation\/ds-5000-change-log\/#breadcrumb"},"inLanguage":"de","potentialAction":[{"@type":"ReadAction","target":["https:\/\/audiosupport.omsystem.com\/knowledge-base\/change-logs-portable-dictation\/ds-5000-change-log\/"]}]},{"@type":"BreadcrumbList","@id":"https:\/\/audiosupport.omsystem.com\/knowledge-base\/change-logs-portable-dictation\/ds-5000-change-log\/#breadcrumb","itemListElement":[{"@type":"ListItem","position":1,"name":"Home","item":"https:\/\/audiosupport.omsystem.com\/"},{"@type":"ListItem","position":2,"name":"Knowledge Base","item":"https:\/\/audiosupport.omsystem.com\/knowledge-base\/"},{"@type":"ListItem","position":3,"name":"Change Logs: Portable Dictation","item":"https:\/\/audiosupport.omsystem.com\/knowledge-base\/change-logs-portable-dictation\/"},{"@type":"ListItem","position":4,"name":"DS-5000 Change Log"}]},{"@type":"WebSite","@id":"https:\/\/audiosupport.omsystem.com\/en\/#website","url":"https:\/\/audiosupport.omsystem.com\/en\/","name":"Professionelle Audiounterst\u00fctzung","description":"OM Digitale L\u00f6sungen","potentialAction":[{"@type":"SearchAction","target":{"@type":"EntryPoint","urlTemplate":"https:\/\/audiosupport.omsystem.com\/en\/?s={search_term_string}"},"query-input":{"@type":"PropertyValueSpecification","valueRequired":true,"valueName":"search_term_string"}}],"inLanguage":"de"}]}},"_links":{"self":[{"href":"https:\/\/audiosupport.omsystem.com\/de\/wp-json\/wp\/v2\/pages\/4370","targetHints":{"allow":["GET"]}}],"collection":[{"href":"https:\/\/audiosupport.omsystem.com\/de\/wp-json\/wp\/v2\/pages"}],"about":[{"href":"https:\/\/audiosupport.omsystem.com\/de\/wp-json\/wp\/v2\/types\/page"}],"author":[{"embeddable":true,"href":"https:\/\/audiosupport.omsystem.com\/de\/wp-json\/wp\/v2\/users\/1"}],"replies":[{"embeddable":true,"href":"https:\/\/audiosupport.omsystem.com\/de\/wp-json\/wp\/v2\/comments?post=4370"}],"version-history":[{"count":1,"href":"https:\/\/audiosupport.omsystem.com\/de\/wp-json\/wp\/v2\/pages\/4370\/revisions"}],"predecessor-version":[{"id":4371,"href":"https:\/\/audiosupport.omsystem.com\/de\/wp-json\/wp\/v2\/pages\/4370\/revisions\/4371"}],"up":[{"embeddable":true,"href":"https:\/\/audiosupport.omsystem.com\/de\/wp-json\/wp\/v2\/pages\/4338"}],"wp:attachment":[{"href":"https:\/\/audiosupport.omsystem.com\/de\/wp-json\/wp\/v2\/media?parent=4370"}],"curies":[{"name":"wp","href":"https:\/\/api.w.org\/{rel}","templated":true}]}}