{"id":4366,"date":"2022-03-23T17:31:51","date_gmt":"2022-03-23T17:31:51","guid":{"rendered":"https:\/\/audiosupport.omsystem.com\/?page_id=4366"},"modified":"2022-03-23T17:31:53","modified_gmt":"2022-03-23T17:31:53","slug":"ds-3500-change-log","status":"publish","type":"page","link":"https:\/\/audiosupport.omsystem.com\/de\/knowledge-base\/change-logs-portable-dictation\/ds-3500-change-log\/","title":{"rendered":"DS-3500-\u00c4nderungsprotokoll"},"content":{"rendered":"<p>23. Oktober 2015<br><strong>Firmware 2.01<\/strong><\/p>\n\n\n\n<ul class=\"wp-block-list\"><li>Behebt das Problem, bei dem das Ger\u00e4t einfriert, wenn ein Benutzer eine 256-Bit-verschl\u00fcsselte Datei im QP-Modus teilweise l\u00f6scht.<\/li><\/ul>\n\n\n\n<p>27. Februar 2015<br><strong>Firmware 2.00<\/strong><\/p>\n\n\n\n<ul class=\"wp-block-list\"><li>Firmware-Update ist \u00fcber das neue SDK verf\u00fcgbar.<\/li><li>Auto-Backspace-Funktion eingef\u00fchrt. Die Wiedergabeposition springt 3 Sekunden zur\u00fcck, indem der Schiebeschalter w\u00e4hrend des Stopp-\/Wiedergabemodus kurz auf die REV-Position bewegt wird.<\/li><\/ul>\n\n\n\n<p>16. Oktober 2014<br><strong>Firmware 1.23<\/strong><\/p>\n\n\n\n<ul class=\"wp-block-list\"><li>DLP-Funktion hinzugef\u00fcgt. (ODMS 6.3.0 oder h\u00f6her)<\/li><\/ul>\n\n\n\n<p>3. September 2013<br><strong>Firmware 1.20<\/strong><\/p>\n\n\n\n<ul class=\"wp-block-list\"><li>Unterst\u00fctzt die Toshiba FlashAir-Karte. Die F3-Taste wird zur WLAN-Taste, sobald eine FlashAir-Karte eingesetzt ist. Die Karte beginnt mit dem Senden des WLAN-Signals, wenn die Taste F3 gedr\u00fcckt wird, und die Dateien werden von einem PC oder Smartphone aus zug\u00e4nglich.<\/li><li>Behebt den Fehler, dass der Rekorder manchmal nicht aufzeichnet, selbst wenn der Schiebeschalter auf REC steht, wenn der Schiebeschalter viele Male schnell zwischen REC und REV verschoben wurde.<\/li><\/ul>\n\n\n\n<p>28. M\u00e4rz 2013<br><strong>Firmware 1.10<\/strong><\/p>\n\n\n\n<ul class=\"wp-block-list\"><li>Aktiviert die Unterst\u00fctzung f\u00fcr die Metadata Import Function (MIF). Dadurch k\u00f6nnen Benutzer Metadaten Diktaten zuordnen. Bei einem medizinischen Diktat w\u00e4ren Metadaten Informationen wie Patientenname, Krankenaktennummer etc.<\/li><li>F\u00fcgt die Option hinzu, die Hintergrundbeleuchtungszeit auf 2 und 5 Minuten einzustellen.<\/li><\/ul>\n\n\n\n<p>19. Oktober 2012<br><strong>Firmware 1.02<\/strong><\/p>\n\n\n\n<ul class=\"wp-block-list\"><li>Erm\u00f6glicht dem Benutzer die Auswahl des Arbeitstyps, wenn das Ger\u00e4t eingeschaltet wurde, sowie wenn der Benutzer ein neues Diktat erstellt.<\/li><li>Das Rauschen wurde reduziert, wenn das Ger\u00e4t mit einem Mac in Audio Class verwendet wird.<\/li><\/ul>\n\n\n\n<p>30. August 2012<br><strong>Firmware 1.01<\/strong><\/p>\n\n\n\n<ul class=\"wp-block-list\"><li>Unterst\u00fctzt das Herunterladen von Seriennummern<\/li><li>Autor-ID-Fehler behoben \u2013 Die Autor-ID wurde nicht immer angezeigt, wenn sie von ODMS hochgeladen wurde.<\/li><\/ul>\n\n\n\n<p>17. April 2012<br><strong>Firmware 1.00<\/strong><\/p>\n\n\n\n<ul class=\"wp-block-list\"><li>Original-Firmware<\/li><\/ul>","protected":false},"excerpt":{"rendered":"<p>October 23, 2015Firmware 2.01 Fixes the issue whereby the device will freeze when a user partially erases 256-bit encrypted file in QP mode. February 27, 2015Firmware 2.00 Firmware update is available via the new SDK. Auto backspace feature introduced. Playback position jumps back 3 seconds by moving the slide switch briefly to the REV position [&hellip;]<\/p>\n","protected":false},"author":1,"featured_media":0,"parent":4338,"menu_order":0,"comment_status":"closed","ping_status":"closed","template":"","meta":{"ghostkit_customizer_options":"","ghostkit_custom_css":"","ghostkit_custom_js_head":"","ghostkit_custom_js_foot":"","ghostkit_typography":"","footnotes":""},"class_list":["post-4366","page","type-page","status-publish","hentry"],"yoast_head":"<!-- This site is optimized with the Yoast SEO plugin v27.4 - https:\/\/yoast.com\/product\/yoast-seo-wordpress\/ -->\n<title>DS-3500 Change Log - Professional Audio Support<\/title>\n<meta name=\"robots\" content=\"index, follow, max-snippet:-1, max-image-preview:large, max-video-preview:-1\" \/>\n<link rel=\"canonical\" href=\"https:\/\/audiosupport.omsystem.com\/de\/knowledge-base\/change-logs-portable-dictation\/ds-3500-change-log\/\" \/>\n<meta property=\"og:locale\" content=\"de_DE\" \/>\n<meta property=\"og:type\" content=\"article\" \/>\n<meta property=\"og:title\" content=\"DS-3500 Change Log - Professional Audio Support\" \/>\n<meta property=\"og:description\" content=\"October 23, 2015Firmware 2.01 Fixes the issue whereby the device will freeze when a user partially erases 256-bit encrypted file in QP mode. February 27, 2015Firmware 2.00 Firmware update is available via the new SDK. Auto backspace feature introduced. Playback position jumps back 3 seconds by moving the slide switch briefly to the REV position [&hellip;]\" \/>\n<meta property=\"og:url\" content=\"https:\/\/audiosupport.omsystem.com\/de\/knowledge-base\/change-logs-portable-dictation\/ds-3500-change-log\/\" \/>\n<meta property=\"og:site_name\" content=\"Professional Audio Support\" \/>\n<meta property=\"article:modified_time\" content=\"2022-03-23T17:31:53+00:00\" \/>\n<meta name=\"twitter:card\" content=\"summary_large_image\" \/>\n<meta name=\"twitter:label1\" content=\"Gesch\u00e4tzte Lesezeit\" \/>\n\t<meta name=\"twitter:data1\" content=\"2\u00a0Minuten\" \/>\n<script type=\"application\/ld+json\" class=\"yoast-schema-graph\">{\"@context\":\"https:\\\/\\\/schema.org\",\"@graph\":[{\"@type\":\"WebPage\",\"@id\":\"https:\\\/\\\/audiosupport.omsystem.com\\\/knowledge-base\\\/change-logs-portable-dictation\\\/ds-3500-change-log\\\/\",\"url\":\"https:\\\/\\\/audiosupport.omsystem.com\\\/knowledge-base\\\/change-logs-portable-dictation\\\/ds-3500-change-log\\\/\",\"name\":\"DS-3500 Change Log - Professional Audio Support\",\"isPartOf\":{\"@id\":\"https:\\\/\\\/audiosupport.omsystem.com\\\/en\\\/#website\"},\"datePublished\":\"2022-03-23T17:31:51+00:00\",\"dateModified\":\"2022-03-23T17:31:53+00:00\",\"breadcrumb\":{\"@id\":\"https:\\\/\\\/audiosupport.omsystem.com\\\/knowledge-base\\\/change-logs-portable-dictation\\\/ds-3500-change-log\\\/#breadcrumb\"},\"inLanguage\":\"de\",\"potentialAction\":[{\"@type\":\"ReadAction\",\"target\":[\"https:\\\/\\\/audiosupport.omsystem.com\\\/knowledge-base\\\/change-logs-portable-dictation\\\/ds-3500-change-log\\\/\"]}]},{\"@type\":\"BreadcrumbList\",\"@id\":\"https:\\\/\\\/audiosupport.omsystem.com\\\/knowledge-base\\\/change-logs-portable-dictation\\\/ds-3500-change-log\\\/#breadcrumb\",\"itemListElement\":[{\"@type\":\"ListItem\",\"position\":1,\"name\":\"Home\",\"item\":\"https:\\\/\\\/audiosupport.omsystem.com\\\/\"},{\"@type\":\"ListItem\",\"position\":2,\"name\":\"Knowledge Base\",\"item\":\"https:\\\/\\\/audiosupport.omsystem.com\\\/knowledge-base\\\/\"},{\"@type\":\"ListItem\",\"position\":3,\"name\":\"Change Logs: Portable Dictation\",\"item\":\"https:\\\/\\\/audiosupport.omsystem.com\\\/knowledge-base\\\/change-logs-portable-dictation\\\/\"},{\"@type\":\"ListItem\",\"position\":4,\"name\":\"DS-3500 Change Log\"}]},{\"@type\":\"WebSite\",\"@id\":\"https:\\\/\\\/audiosupport.omsystem.com\\\/en\\\/#website\",\"url\":\"https:\\\/\\\/audiosupport.omsystem.com\\\/en\\\/\",\"name\":\"Professional Audio Support\",\"description\":\"OM Digital Solutions\",\"potentialAction\":[{\"@type\":\"SearchAction\",\"target\":{\"@type\":\"EntryPoint\",\"urlTemplate\":\"https:\\\/\\\/audiosupport.omsystem.com\\\/en\\\/?s={search_term_string}\"},\"query-input\":{\"@type\":\"PropertyValueSpecification\",\"valueRequired\":true,\"valueName\":\"search_term_string\"}}],\"inLanguage\":\"de\"}]}<\/script>\n<!-- \/ Yoast SEO plugin. -->","yoast_head_json":{"title":"DS-3500 \u00c4nderungsprotokoll - Professioneller Audio-Support","robots":{"index":"index","follow":"follow","max-snippet":"max-snippet:-1","max-image-preview":"max-image-preview:large","max-video-preview":"max-video-preview:-1"},"canonical":"https:\/\/audiosupport.omsystem.com\/de\/knowledge-base\/change-logs-portable-dictation\/ds-3500-change-log\/","og_locale":"de_DE","og_type":"article","og_title":"DS-3500 Change Log - Professional Audio Support","og_description":"October 23, 2015Firmware 2.01 Fixes the issue whereby the device will freeze when a user partially erases 256-bit encrypted file in QP mode. February 27, 2015Firmware 2.00 Firmware update is available via the new SDK. Auto backspace feature introduced. Playback position jumps back 3 seconds by moving the slide switch briefly to the REV position [&hellip;]","og_url":"https:\/\/audiosupport.omsystem.com\/de\/knowledge-base\/change-logs-portable-dictation\/ds-3500-change-log\/","og_site_name":"Professional Audio Support","article_modified_time":"2022-03-23T17:31:53+00:00","twitter_card":"summary_large_image","twitter_misc":{"Gesch\u00e4tzte Lesezeit":"2\u00a0Minuten"},"schema":{"@context":"https:\/\/schema.org","@graph":[{"@type":"WebPage","@id":"https:\/\/audiosupport.omsystem.com\/knowledge-base\/change-logs-portable-dictation\/ds-3500-change-log\/","url":"https:\/\/audiosupport.omsystem.com\/knowledge-base\/change-logs-portable-dictation\/ds-3500-change-log\/","name":"DS-3500 \u00c4nderungsprotokoll - Professioneller Audio-Support","isPartOf":{"@id":"https:\/\/audiosupport.omsystem.com\/en\/#website"},"datePublished":"2022-03-23T17:31:51+00:00","dateModified":"2022-03-23T17:31:53+00:00","breadcrumb":{"@id":"https:\/\/audiosupport.omsystem.com\/knowledge-base\/change-logs-portable-dictation\/ds-3500-change-log\/#breadcrumb"},"inLanguage":"de","potentialAction":[{"@type":"ReadAction","target":["https:\/\/audiosupport.omsystem.com\/knowledge-base\/change-logs-portable-dictation\/ds-3500-change-log\/"]}]},{"@type":"BreadcrumbList","@id":"https:\/\/audiosupport.omsystem.com\/knowledge-base\/change-logs-portable-dictation\/ds-3500-change-log\/#breadcrumb","itemListElement":[{"@type":"ListItem","position":1,"name":"Home","item":"https:\/\/audiosupport.omsystem.com\/"},{"@type":"ListItem","position":2,"name":"Knowledge Base","item":"https:\/\/audiosupport.omsystem.com\/knowledge-base\/"},{"@type":"ListItem","position":3,"name":"Change Logs: Portable Dictation","item":"https:\/\/audiosupport.omsystem.com\/knowledge-base\/change-logs-portable-dictation\/"},{"@type":"ListItem","position":4,"name":"DS-3500 Change Log"}]},{"@type":"WebSite","@id":"https:\/\/audiosupport.omsystem.com\/en\/#website","url":"https:\/\/audiosupport.omsystem.com\/en\/","name":"Professionelle Audiounterst\u00fctzung","description":"OM Digitale L\u00f6sungen","potentialAction":[{"@type":"SearchAction","target":{"@type":"EntryPoint","urlTemplate":"https:\/\/audiosupport.omsystem.com\/en\/?s={search_term_string}"},"query-input":{"@type":"PropertyValueSpecification","valueRequired":true,"valueName":"search_term_string"}}],"inLanguage":"de"}]}},"_links":{"self":[{"href":"https:\/\/audiosupport.omsystem.com\/de\/wp-json\/wp\/v2\/pages\/4366","targetHints":{"allow":["GET"]}}],"collection":[{"href":"https:\/\/audiosupport.omsystem.com\/de\/wp-json\/wp\/v2\/pages"}],"about":[{"href":"https:\/\/audiosupport.omsystem.com\/de\/wp-json\/wp\/v2\/types\/page"}],"author":[{"embeddable":true,"href":"https:\/\/audiosupport.omsystem.com\/de\/wp-json\/wp\/v2\/users\/1"}],"replies":[{"embeddable":true,"href":"https:\/\/audiosupport.omsystem.com\/de\/wp-json\/wp\/v2\/comments?post=4366"}],"version-history":[{"count":1,"href":"https:\/\/audiosupport.omsystem.com\/de\/wp-json\/wp\/v2\/pages\/4366\/revisions"}],"predecessor-version":[{"id":4367,"href":"https:\/\/audiosupport.omsystem.com\/de\/wp-json\/wp\/v2\/pages\/4366\/revisions\/4367"}],"up":[{"embeddable":true,"href":"https:\/\/audiosupport.omsystem.com\/de\/wp-json\/wp\/v2\/pages\/4338"}],"wp:attachment":[{"href":"https:\/\/audiosupport.omsystem.com\/de\/wp-json\/wp\/v2\/media?parent=4366"}],"curies":[{"name":"wp","href":"https:\/\/api.w.org\/{rel}","templated":true}]}}