{"id":4362,"date":"2022-03-23T17:24:17","date_gmt":"2022-03-23T17:24:17","guid":{"rendered":"https:\/\/audiosupport.omsystem.com\/?page_id=4362"},"modified":"2022-03-23T17:24:18","modified_gmt":"2022-03-23T17:24:18","slug":"ds-9000-change-log","status":"publish","type":"page","link":"https:\/\/audiosupport.omsystem.com\/de\/knowledge-base\/change-logs-portable-dictation\/ds-9000-change-log\/","title":{"rendered":"DS-9000-\u00c4nderungsprotokoll"},"content":{"rendered":"<p>30. M\u00e4rz 2020<br><strong>Firmware 1.07<\/strong><\/p>\n\n\n\n<ul class=\"wp-block-list\"><li>Behebt ein Problem, bei dem die Wiedergabe nicht an der Stelle gestartet wurde, an der sie gestoppt wurde.<\/li><li>Es wurde ein Problem behoben, bei dem nicht alle Arbeitstypen angezeigt wurden.<\/li><\/ul>\n\n\n\n<p>13. Dezember 2019<br><strong>Firmware 1.06<\/strong><\/p>\n\n\n\n<ul class=\"wp-block-list\"><li>Verbessern Sie die Geschwindigkeit f\u00fcr Rev\/Que<\/li><li>Anzahl der Dateien anzeigen. (Aktuelle Datei\/ Gesamtzahl der Dateien)<\/li><li>\u00c4ndern Sie den Betrieb entsprechend der Position des Schiebeschalters, wenn Sie sich aus dem Schlaf erholen<\/li><li>Startzeit verbessern. (mit &amp; ohne SD-Karte)<\/li><li>Erholen Sie sich mit dem Bewegungssensor w\u00e4hrend der Dim-Einstellung aus dem Schlaf<\/li><li>Benachrichtigen Sie die Benutzer, dass der Akkustand w\u00e4hrend der Firmware-Aktualisierung \u00fcber 50% liegen muss<\/li><li>Es wurde ein Problem behoben, bei dem unter bestimmten Bedingungen w\u00e4hrend einer einzelnen Aufnahme neue Dateien erstellt wurden<\/li><\/ul>\n\n\n\n<p>19. September 2019<br><strong>Firmware 1.04<\/strong><\/p>\n\n\n\n<ul class=\"wp-block-list\"><li>Die Ladespezifikationen des Ger\u00e4ts wurden verbessert.<\/li><li>Erm\u00f6glicht das Aufladen \u00fcber USB, auch wenn das Ger\u00e4t mit einer PIN gesperrt ist.<\/li><li>Unterst\u00fctzt das Aufladen bei niedrigem Batteriestand \u00fcber USB AC.<\/li><li>Der Best\u00e4tigungsbildschirm f\u00fcr \u201eAkku laden?\u201c wurde gel\u00f6scht. beim Laden \u00fcber USB AC.<\/li><li>Das Problem wurde behoben, dass die SD-Karte m\u00f6glicherweise nicht als Laufwerk angezeigt wird, wenn sie mit einem Mac verbunden ist.<\/li><li>Das Problem wurde behoben, dass der Lautsprecher und das Mikrofon m\u00f6glicherweise nicht funktionieren, wenn sie mit einem Windows 10 verbunden sind.<\/li><li>Das Problem, dass REW am Dateiende nicht funktioniert, wurde behoben.<\/li><li>Die Reihenfolge der Dateien wurde so ge\u00e4ndert, dass sie immer in der Reihenfolge der Jobnummern ist.<\/li><li>Unterst\u00fctzung von Append Recording im MP3-Format. Aufnahmen einf\u00fcgen und \u00fcberschreiben werden nicht unterst\u00fctzt.<\/li><li>\u201eRev to Stop\u201c wird die Stoppposition nicht mehr \u00fcberschreiten.<\/li><li>Unterst\u00fctzen Sie einen Sprung zum Anfang oder Ende der Datei, wenn Sie REW oder FF doppelklicken.<\/li><li>Verbessert, sodass das Rauschen des Schiebeschalters minimiert wird, wenn Sie eine Aufnahme anh\u00e4ngen.<\/li><\/ul>\n\n\n\n<p>20. Juni 2019<br><strong>Firmware 1.03<\/strong><\/p>\n\n\n\n<ul class=\"wp-block-list\"><li>Es wurde das Problem behoben, dass Dateien aufgrund eines Rauschens, das in der Mitte der Datei auftreten kann, m\u00f6glicherweise nicht richtig wiedergegeben werden.<\/li><\/ul>\n\n\n\n<p>2. April 2019<br><strong>Firmware 1.02<\/strong><\/p>\n\n\n\n<ul class=\"wp-block-list\"><li>Behebt ein Problem, bei dem eine Datei m\u00f6glicherweise nicht korrekt wiedergegeben wird, wenn sie im VCVA-Modus aufgenommen wird.<\/li><\/ul>\n\n\n\n<p>1. August 2018<br><strong>Firmware 1.00<\/strong><\/p>\n\n\n\n<ul class=\"wp-block-list\"><li>Original-Firmware<\/li><\/ul>","protected":false},"excerpt":{"rendered":"<p>March 30, 2020Firmware 1.07 Resolves an issue whereby playback did not start from the position it stopped. Fixed an issue that not all Worktypes were being displayed. December 13, 2019Firmware 1.06 Improve speed for Rev\/Que Display number of files. (Current file\/ Total number of files) Change operation according to the position of the slide switch [&hellip;]<\/p>\n","protected":false},"author":1,"featured_media":0,"parent":4338,"menu_order":0,"comment_status":"closed","ping_status":"closed","template":"","meta":{"ghostkit_customizer_options":"","ghostkit_custom_css":"","ghostkit_custom_js_head":"","ghostkit_custom_js_foot":"","ghostkit_typography":"","footnotes":""},"class_list":["post-4362","page","type-page","status-publish","hentry"],"yoast_head":"<!-- This site is optimized with the Yoast SEO plugin v27.4 - https:\/\/yoast.com\/product\/yoast-seo-wordpress\/ -->\n<title>DS-9000 Change Log - Professional Audio Support<\/title>\n<meta name=\"robots\" content=\"index, follow, max-snippet:-1, max-image-preview:large, max-video-preview:-1\" \/>\n<link rel=\"canonical\" href=\"https:\/\/audiosupport.omsystem.com\/de\/knowledge-base\/change-logs-portable-dictation\/ds-9000-change-log\/\" \/>\n<meta property=\"og:locale\" content=\"de_DE\" \/>\n<meta property=\"og:type\" content=\"article\" \/>\n<meta property=\"og:title\" content=\"DS-9000 Change Log - Professional Audio Support\" \/>\n<meta property=\"og:description\" content=\"March 30, 2020Firmware 1.07 Resolves an issue whereby playback did not start from the position it stopped. Fixed an issue that not all Worktypes were being displayed. December 13, 2019Firmware 1.06 Improve speed for Rev\/Que Display number of files. (Current file\/ Total number of files) Change operation according to the position of the slide switch [&hellip;]\" \/>\n<meta property=\"og:url\" content=\"https:\/\/audiosupport.omsystem.com\/de\/knowledge-base\/change-logs-portable-dictation\/ds-9000-change-log\/\" \/>\n<meta property=\"og:site_name\" content=\"Professional Audio Support\" \/>\n<meta property=\"article:modified_time\" content=\"2022-03-23T17:24:18+00:00\" \/>\n<meta name=\"twitter:card\" content=\"summary_large_image\" \/>\n<meta name=\"twitter:label1\" content=\"Gesch\u00e4tzte Lesezeit\" \/>\n\t<meta name=\"twitter:data1\" content=\"2\u00a0Minuten\" \/>\n<script type=\"application\/ld+json\" class=\"yoast-schema-graph\">{\"@context\":\"https:\\\/\\\/schema.org\",\"@graph\":[{\"@type\":\"WebPage\",\"@id\":\"https:\\\/\\\/audiosupport.omsystem.com\\\/knowledge-base\\\/change-logs-portable-dictation\\\/ds-9000-change-log\\\/\",\"url\":\"https:\\\/\\\/audiosupport.omsystem.com\\\/knowledge-base\\\/change-logs-portable-dictation\\\/ds-9000-change-log\\\/\",\"name\":\"DS-9000 Change Log - Professional Audio Support\",\"isPartOf\":{\"@id\":\"https:\\\/\\\/audiosupport.omsystem.com\\\/en\\\/#website\"},\"datePublished\":\"2022-03-23T17:24:17+00:00\",\"dateModified\":\"2022-03-23T17:24:18+00:00\",\"breadcrumb\":{\"@id\":\"https:\\\/\\\/audiosupport.omsystem.com\\\/knowledge-base\\\/change-logs-portable-dictation\\\/ds-9000-change-log\\\/#breadcrumb\"},\"inLanguage\":\"de\",\"potentialAction\":[{\"@type\":\"ReadAction\",\"target\":[\"https:\\\/\\\/audiosupport.omsystem.com\\\/knowledge-base\\\/change-logs-portable-dictation\\\/ds-9000-change-log\\\/\"]}]},{\"@type\":\"BreadcrumbList\",\"@id\":\"https:\\\/\\\/audiosupport.omsystem.com\\\/knowledge-base\\\/change-logs-portable-dictation\\\/ds-9000-change-log\\\/#breadcrumb\",\"itemListElement\":[{\"@type\":\"ListItem\",\"position\":1,\"name\":\"Home\",\"item\":\"https:\\\/\\\/audiosupport.omsystem.com\\\/\"},{\"@type\":\"ListItem\",\"position\":2,\"name\":\"Knowledge Base\",\"item\":\"https:\\\/\\\/audiosupport.omsystem.com\\\/knowledge-base\\\/\"},{\"@type\":\"ListItem\",\"position\":3,\"name\":\"Change Logs: Portable Dictation\",\"item\":\"https:\\\/\\\/audiosupport.omsystem.com\\\/knowledge-base\\\/change-logs-portable-dictation\\\/\"},{\"@type\":\"ListItem\",\"position\":4,\"name\":\"DS-9000 Change Log\"}]},{\"@type\":\"WebSite\",\"@id\":\"https:\\\/\\\/audiosupport.omsystem.com\\\/en\\\/#website\",\"url\":\"https:\\\/\\\/audiosupport.omsystem.com\\\/en\\\/\",\"name\":\"Professional Audio Support\",\"description\":\"OM Digital Solutions\",\"potentialAction\":[{\"@type\":\"SearchAction\",\"target\":{\"@type\":\"EntryPoint\",\"urlTemplate\":\"https:\\\/\\\/audiosupport.omsystem.com\\\/en\\\/?s={search_term_string}\"},\"query-input\":{\"@type\":\"PropertyValueSpecification\",\"valueRequired\":true,\"valueName\":\"search_term_string\"}}],\"inLanguage\":\"de\"}]}<\/script>\n<!-- \/ Yoast SEO plugin. -->","yoast_head_json":{"title":"DS-9000 \u00c4nderungsprotokoll - Professioneller Audio-Support","robots":{"index":"index","follow":"follow","max-snippet":"max-snippet:-1","max-image-preview":"max-image-preview:large","max-video-preview":"max-video-preview:-1"},"canonical":"https:\/\/audiosupport.omsystem.com\/de\/knowledge-base\/change-logs-portable-dictation\/ds-9000-change-log\/","og_locale":"de_DE","og_type":"article","og_title":"DS-9000 Change Log - Professional Audio Support","og_description":"March 30, 2020Firmware 1.07 Resolves an issue whereby playback did not start from the position it stopped. Fixed an issue that not all Worktypes were being displayed. December 13, 2019Firmware 1.06 Improve speed for Rev\/Que Display number of files. (Current file\/ Total number of files) Change operation according to the position of the slide switch [&hellip;]","og_url":"https:\/\/audiosupport.omsystem.com\/de\/knowledge-base\/change-logs-portable-dictation\/ds-9000-change-log\/","og_site_name":"Professional Audio Support","article_modified_time":"2022-03-23T17:24:18+00:00","twitter_card":"summary_large_image","twitter_misc":{"Gesch\u00e4tzte Lesezeit":"2\u00a0Minuten"},"schema":{"@context":"https:\/\/schema.org","@graph":[{"@type":"WebPage","@id":"https:\/\/audiosupport.omsystem.com\/knowledge-base\/change-logs-portable-dictation\/ds-9000-change-log\/","url":"https:\/\/audiosupport.omsystem.com\/knowledge-base\/change-logs-portable-dictation\/ds-9000-change-log\/","name":"DS-9000 \u00c4nderungsprotokoll - Professioneller Audio-Support","isPartOf":{"@id":"https:\/\/audiosupport.omsystem.com\/en\/#website"},"datePublished":"2022-03-23T17:24:17+00:00","dateModified":"2022-03-23T17:24:18+00:00","breadcrumb":{"@id":"https:\/\/audiosupport.omsystem.com\/knowledge-base\/change-logs-portable-dictation\/ds-9000-change-log\/#breadcrumb"},"inLanguage":"de","potentialAction":[{"@type":"ReadAction","target":["https:\/\/audiosupport.omsystem.com\/knowledge-base\/change-logs-portable-dictation\/ds-9000-change-log\/"]}]},{"@type":"BreadcrumbList","@id":"https:\/\/audiosupport.omsystem.com\/knowledge-base\/change-logs-portable-dictation\/ds-9000-change-log\/#breadcrumb","itemListElement":[{"@type":"ListItem","position":1,"name":"Home","item":"https:\/\/audiosupport.omsystem.com\/"},{"@type":"ListItem","position":2,"name":"Knowledge Base","item":"https:\/\/audiosupport.omsystem.com\/knowledge-base\/"},{"@type":"ListItem","position":3,"name":"Change Logs: Portable Dictation","item":"https:\/\/audiosupport.omsystem.com\/knowledge-base\/change-logs-portable-dictation\/"},{"@type":"ListItem","position":4,"name":"DS-9000 Change Log"}]},{"@type":"WebSite","@id":"https:\/\/audiosupport.omsystem.com\/en\/#website","url":"https:\/\/audiosupport.omsystem.com\/en\/","name":"Professionelle Audiounterst\u00fctzung","description":"OM Digitale L\u00f6sungen","potentialAction":[{"@type":"SearchAction","target":{"@type":"EntryPoint","urlTemplate":"https:\/\/audiosupport.omsystem.com\/en\/?s={search_term_string}"},"query-input":{"@type":"PropertyValueSpecification","valueRequired":true,"valueName":"search_term_string"}}],"inLanguage":"de"}]}},"_links":{"self":[{"href":"https:\/\/audiosupport.omsystem.com\/de\/wp-json\/wp\/v2\/pages\/4362","targetHints":{"allow":["GET"]}}],"collection":[{"href":"https:\/\/audiosupport.omsystem.com\/de\/wp-json\/wp\/v2\/pages"}],"about":[{"href":"https:\/\/audiosupport.omsystem.com\/de\/wp-json\/wp\/v2\/types\/page"}],"author":[{"embeddable":true,"href":"https:\/\/audiosupport.omsystem.com\/de\/wp-json\/wp\/v2\/users\/1"}],"replies":[{"embeddable":true,"href":"https:\/\/audiosupport.omsystem.com\/de\/wp-json\/wp\/v2\/comments?post=4362"}],"version-history":[{"count":1,"href":"https:\/\/audiosupport.omsystem.com\/de\/wp-json\/wp\/v2\/pages\/4362\/revisions"}],"predecessor-version":[{"id":4363,"href":"https:\/\/audiosupport.omsystem.com\/de\/wp-json\/wp\/v2\/pages\/4362\/revisions\/4363"}],"up":[{"embeddable":true,"href":"https:\/\/audiosupport.omsystem.com\/de\/wp-json\/wp\/v2\/pages\/4338"}],"wp:attachment":[{"href":"https:\/\/audiosupport.omsystem.com\/de\/wp-json\/wp\/v2\/media?parent=4362"}],"curies":[{"name":"wp","href":"https:\/\/api.w.org\/{rel}","templated":true}]}}