{"id":4360,"date":"2022-03-23T17:17:12","date_gmt":"2022-03-23T17:17:12","guid":{"rendered":"https:\/\/audiosupport.omsystem.com\/?page_id=4360"},"modified":"2022-03-23T17:19:04","modified_gmt":"2022-03-23T17:19:04","slug":"ds-9500-change-log","status":"publish","type":"page","link":"https:\/\/audiosupport.omsystem.com\/de\/knowledge-base\/change-logs-portable-dictation\/ds-9500-change-log\/","title":{"rendered":"DS-9500-\u00c4nderungsprotokoll"},"content":{"rendered":"<p>15. M\u00e4rz 2021<br><strong>Firmware 1.16<\/strong><\/p>\n\n\n\n<ul class=\"wp-block-list\"><li>Das Problem, dass das Ger\u00e4t w\u00e4hrend der Aufnahme oder Wiedergabe einfriert, wurde behoben.<\/li><li>Behebung des Problems, dass das Ger\u00e4t w\u00e4hrend der Aufnahme oder Wiedergabe neu gestartet wird, nachdem der Akku eingelegt wurde.<\/li><li>Das Problem wurde behoben, dass der Schiebeschalterbetrieb nicht reagiert, wenn er aus dem Ruhezustand zur\u00fcckkehrt.<\/li><\/ul>\n\n\n\n<p>30. Juli 2020<br><strong>Firmware 1.15<\/strong><\/p>\n\n\n\n<ul class=\"wp-block-list\"><li>Aufrechterhaltung der Wi-Fi-Verbindung w\u00e4hrend der Aufnahme (nur Diktiermodus)<\/li><li>H\u00e4ufige Ursachen f\u00fcr das Einfrieren des Ger\u00e4ts wurden behoben.<\/li><\/ul>\n\n\n\n<p>26. Februar 2020<br><strong>Firmware 1.14<\/strong><\/p>\n\n\n\n<ul class=\"wp-block-list\"><li>Die Anzahl der Dateien in einem Ordner wird angezeigt<\/li><li>Das Symbol f\u00fcr eine fehlgeschlagene WLAN-\u00dcbertragung wurde der Statusleiste hinzugef\u00fcgt<\/li><li>Der aktive Netzwerkverbindungsstatus wird angezeigt<\/li><li>M\u00f6glichkeit hinzugef\u00fcgt, WiFi-Netzwerke zu l\u00f6schen<\/li><li>Benutzer werden benachrichtigt, dass der Batterieprozentsatz w\u00e4hrend eines Firmware-Updates 50% oder mehr betragen muss<\/li><li>Die Einstellung der Bildschirmhelligkeit ist einfacher zu konfigurieren<\/li><li>Verbesserte Einstellung f\u00fcr schwaches Licht<\/li><li>Verbesserte Energiespareinstellung<\/li><li>\u00c4ndern Sie den Betrieb entsprechend der Position des Schiebeschalters, wenn Sie aus dem Energiesparmodus zur\u00fcckkehren.<\/li><li>IP-Adresse und Mac-Adresse f\u00fcr Wired LAN werden jetzt im Abschnitt Ger\u00e4teinformationen angezeigt<\/li><li>Die Anzeige wurde verbessert, um anzuzeigen, dass sich das Ger\u00e4t mit einem Netzwerk verbindet, sobald es aus der Liste ausgew\u00e4hlt wurde<\/li><li>WiFi-Netzwerke werden in der Reihenfolge des st\u00e4rksten Signals angezeigt. Wenn ein zuvor registriertes WLAN-Netzwerk nicht verf\u00fcgbar ist, wird es nicht in der Liste angezeigt.<\/li><li>Unterst\u00fctzung f\u00fcr iPhone-Zeichensetzung hinzugef\u00fcgt<\/li><\/ul>\n\n\n\n<p>9. Januar 2020<br><strong>Firmware 1.13<\/strong><\/p>\n\n\n\n<ul class=\"wp-block-list\"><li>Verbesserte Geschwindigkeit f\u00fcr Rev\/Que<\/li><li>Verbesserte Wiederherstellungsgeschwindigkeit vom Schlaf-, Dim- und Recharge-Bildschirm<\/li><li>Der Dateistatus wird angezeigt, wenn er \u00fcber USB in einer Workgroup-Umgebung mit WCS heruntergeladen wird<\/li><li>(erfordert ODMS 7.3)<\/li><li>Weniger Schritte f\u00fcr die WLAN-\u00dcbertragung \u2013 \u201eEin-Klick-WLAN-\u00dcbertragung\u201c<\/li><li>Das Symbol wird angezeigt, wenn eine Verbindung \u00fcber kabelgebundenes LAN besteht<\/li><li>Der Status wird f\u00fcr ausstehende Dateien angezeigt<\/li><li>Ge\u00e4nderte Cursorposition in der Listenansicht, f\u00fcr WLAN-\u00dcbertragung<\/li><li>Ge\u00e4nderte Dateiposition bei R\u00fcckkehr aus der Listenansicht<\/li><li>Verbesserte Startzeit ohne SD-Karte<\/li><li>M\u00f6glichkeit zum erneuten Senden per E-Mail hinzugef\u00fcgt<\/li><li>Dateien werden beim Neustart des Ger\u00e4ts oder beim Anzeigen der Listenansicht gel\u00f6scht.<\/li><\/ul>\n\n\n\n<p>16. Oktober 2019<br><strong>Firmware 1.12<\/strong><\/p>\n\n\n\n<ul class=\"wp-block-list\"><li>Die Ladespezifikationen des Ger\u00e4ts wurden verbessert.<\/li><li>Erm\u00f6glicht das Aufladen \u00fcber USB, auch wenn das Ger\u00e4t mit einer PIN gesperrt ist.<\/li><li>Unterst\u00fctzt das Aufladen bei niedrigem Batteriestand \u00fcber USB AC.<\/li><li>Der Best\u00e4tigungsbildschirm f\u00fcr \u201eAkku laden?\u201c wurde gel\u00f6scht. beim Laden \u00fcber USB AC.<\/li><li>Verbesserte Stabilit\u00e4t beim Aufladen von einem PC.<\/li><li>Das Problem beim Verbinden mit WIFI Enterprise wurde behoben.<\/li><li>Erm\u00f6glichen Sie das Stoppen und Fortsetzen der Aufnahme in MP3 mit dem Schiebeschaltermodus Typ B und Typ C.<\/li><li>H\u00e4ufige Ursachen f\u00fcr das Einfrieren von Ger\u00e4ten wurden behoben.<\/li><li>Das Problem, dass die REW-Funktion am Ende einer Datei m\u00f6glicherweise nicht funktioniert, wurde behoben.<\/li><\/ul>\n\n\n\n<p>26. November 2018<br><strong>Firmware 1.11<\/strong><\/p>\n\n\n\n<ul class=\"wp-block-list\"><li>Das Problem, dass nicht richtig gebootet wurde, wurde behoben.<\/li><li>Das Problem, dass ein leerer Akku nicht aufgeladen werden kann, wurde behoben.<\/li><li>Behebung des Problems, dass beim Verbinden mit dem PC jedes Mal die Best\u00e4tigungsmeldung der Firmware angezeigt wird.<\/li><\/ul>\n\n\n\n<p>3. Juli 2018<br><strong>Firmware 1.10<\/strong><\/p>\n\n\n\n<ul class=\"wp-block-list\"><li>\u00c4ndern der WLAN-Verbindung, damit sie im Hintergrund ausgef\u00fchrt werden kann.<\/li><li>WLAN-Verbindung so \u00e4ndern, dass sie gek\u00fcndigt werden kann.<\/li><li>Bei der Eingabe des WLAN-Sicherheitscodes und der E-Mail-Adresse stehen jetzt zus\u00e4tzliche Sonderzeichen zur Verf\u00fcgung.<\/li><li>Aufzeichnung der Seriennummer des Produkts im Header der DSS-Datei.<\/li><li>Verbesserung der Stabilit\u00e4t beim Senden von Diktaten per E-Mail.<\/li><li>Behebung des Problems, bei dem die in einigen Umgebungen eingestellte Zeit aus der Reihe ger\u00e4t.<\/li><\/ul>\n\n\n\n<p>2. Mai 2018<br><strong>Firmware 1.01<\/strong><\/p>\n\n\n\n<ul class=\"wp-block-list\"><li>Unbeabsichtigte Fehlermeldung \u201eM\u00f6chten Sie scannen und reparieren?\u201c in Windows 10 und 8.1, wenn der Rekorder zum ersten Mal verbunden wird<\/li><\/ul>\n\n\n\n<p>4. April 2018<br><strong>Firmware 1.00<\/strong><\/p>\n\n\n\n<ul class=\"wp-block-list\"><li>Original-Firmware<\/li><\/ul>","protected":false},"excerpt":{"rendered":"<p>March 15, 2021Firmware 1.16 Fixed the issue that the device freezes during recording or playback. Fixed the issue that the device reboots during recording or playback after the battery has been inserted. Fixed the issue that the slide switch operation does not respond when returning from sleep. July 30, 2020Firmware 1.15 Maintain Wi-Fi connection during [&hellip;]<\/p>\n","protected":false},"author":1,"featured_media":0,"parent":4338,"menu_order":0,"comment_status":"closed","ping_status":"closed","template":"","meta":{"ghostkit_customizer_options":"","ghostkit_custom_css":"","ghostkit_custom_js_head":"","ghostkit_custom_js_foot":"","ghostkit_typography":"","footnotes":""},"class_list":["post-4360","page","type-page","status-publish","hentry"],"yoast_head":"<!-- This site is optimized with the Yoast SEO plugin v27.4 - https:\/\/yoast.com\/product\/yoast-seo-wordpress\/ -->\n<title>DS-9500 Change Log - Professional Audio Support<\/title>\n<meta name=\"robots\" content=\"index, follow, max-snippet:-1, max-image-preview:large, max-video-preview:-1\" \/>\n<link rel=\"canonical\" href=\"https:\/\/audiosupport.omsystem.com\/de\/knowledge-base\/change-logs-portable-dictation\/ds-9500-change-log\/\" \/>\n<meta property=\"og:locale\" content=\"de_DE\" \/>\n<meta property=\"og:type\" content=\"article\" \/>\n<meta property=\"og:title\" content=\"DS-9500 Change Log - Professional Audio Support\" \/>\n<meta property=\"og:description\" content=\"March 15, 2021Firmware 1.16 Fixed the issue that the device freezes during recording or playback. Fixed the issue that the device reboots during recording or playback after the battery has been inserted. Fixed the issue that the slide switch operation does not respond when returning from sleep. July 30, 2020Firmware 1.15 Maintain Wi-Fi connection during [&hellip;]\" \/>\n<meta property=\"og:url\" content=\"https:\/\/audiosupport.omsystem.com\/de\/knowledge-base\/change-logs-portable-dictation\/ds-9500-change-log\/\" \/>\n<meta property=\"og:site_name\" content=\"Professional Audio Support\" \/>\n<meta property=\"article:modified_time\" content=\"2022-03-23T17:19:04+00:00\" \/>\n<meta name=\"twitter:card\" content=\"summary_large_image\" \/>\n<meta name=\"twitter:label1\" content=\"Gesch\u00e4tzte Lesezeit\" \/>\n\t<meta name=\"twitter:data1\" content=\"3\u00a0Minuten\" \/>\n<script type=\"application\/ld+json\" class=\"yoast-schema-graph\">{\"@context\":\"https:\\\/\\\/schema.org\",\"@graph\":[{\"@type\":\"WebPage\",\"@id\":\"https:\\\/\\\/audiosupport.omsystem.com\\\/knowledge-base\\\/change-logs-portable-dictation\\\/ds-9500-change-log\\\/\",\"url\":\"https:\\\/\\\/audiosupport.omsystem.com\\\/knowledge-base\\\/change-logs-portable-dictation\\\/ds-9500-change-log\\\/\",\"name\":\"DS-9500 Change Log - Professional Audio Support\",\"isPartOf\":{\"@id\":\"https:\\\/\\\/audiosupport.omsystem.com\\\/en\\\/#website\"},\"datePublished\":\"2022-03-23T17:17:12+00:00\",\"dateModified\":\"2022-03-23T17:19:04+00:00\",\"breadcrumb\":{\"@id\":\"https:\\\/\\\/audiosupport.omsystem.com\\\/knowledge-base\\\/change-logs-portable-dictation\\\/ds-9500-change-log\\\/#breadcrumb\"},\"inLanguage\":\"de\",\"potentialAction\":[{\"@type\":\"ReadAction\",\"target\":[\"https:\\\/\\\/audiosupport.omsystem.com\\\/knowledge-base\\\/change-logs-portable-dictation\\\/ds-9500-change-log\\\/\"]}]},{\"@type\":\"BreadcrumbList\",\"@id\":\"https:\\\/\\\/audiosupport.omsystem.com\\\/knowledge-base\\\/change-logs-portable-dictation\\\/ds-9500-change-log\\\/#breadcrumb\",\"itemListElement\":[{\"@type\":\"ListItem\",\"position\":1,\"name\":\"Home\",\"item\":\"https:\\\/\\\/audiosupport.omsystem.com\\\/\"},{\"@type\":\"ListItem\",\"position\":2,\"name\":\"Knowledge Base\",\"item\":\"https:\\\/\\\/audiosupport.omsystem.com\\\/knowledge-base\\\/\"},{\"@type\":\"ListItem\",\"position\":3,\"name\":\"Change Logs: Portable Dictation\",\"item\":\"https:\\\/\\\/audiosupport.omsystem.com\\\/knowledge-base\\\/change-logs-portable-dictation\\\/\"},{\"@type\":\"ListItem\",\"position\":4,\"name\":\"DS-9500 Change Log\"}]},{\"@type\":\"WebSite\",\"@id\":\"https:\\\/\\\/audiosupport.omsystem.com\\\/en\\\/#website\",\"url\":\"https:\\\/\\\/audiosupport.omsystem.com\\\/en\\\/\",\"name\":\"Professional Audio Support\",\"description\":\"OM Digital Solutions\",\"potentialAction\":[{\"@type\":\"SearchAction\",\"target\":{\"@type\":\"EntryPoint\",\"urlTemplate\":\"https:\\\/\\\/audiosupport.omsystem.com\\\/en\\\/?s={search_term_string}\"},\"query-input\":{\"@type\":\"PropertyValueSpecification\",\"valueRequired\":true,\"valueName\":\"search_term_string\"}}],\"inLanguage\":\"de\"}]}<\/script>\n<!-- \/ Yoast SEO plugin. -->","yoast_head_json":{"title":"DS-9500 \u00c4nderungsprotokoll - Professioneller Audio-Support","robots":{"index":"index","follow":"follow","max-snippet":"max-snippet:-1","max-image-preview":"max-image-preview:large","max-video-preview":"max-video-preview:-1"},"canonical":"https:\/\/audiosupport.omsystem.com\/de\/knowledge-base\/change-logs-portable-dictation\/ds-9500-change-log\/","og_locale":"de_DE","og_type":"article","og_title":"DS-9500 Change Log - Professional Audio Support","og_description":"March 15, 2021Firmware 1.16 Fixed the issue that the device freezes during recording or playback. Fixed the issue that the device reboots during recording or playback after the battery has been inserted. Fixed the issue that the slide switch operation does not respond when returning from sleep. July 30, 2020Firmware 1.15 Maintain Wi-Fi connection during [&hellip;]","og_url":"https:\/\/audiosupport.omsystem.com\/de\/knowledge-base\/change-logs-portable-dictation\/ds-9500-change-log\/","og_site_name":"Professional Audio Support","article_modified_time":"2022-03-23T17:19:04+00:00","twitter_card":"summary_large_image","twitter_misc":{"Gesch\u00e4tzte Lesezeit":"3\u00a0Minuten"},"schema":{"@context":"https:\/\/schema.org","@graph":[{"@type":"WebPage","@id":"https:\/\/audiosupport.omsystem.com\/knowledge-base\/change-logs-portable-dictation\/ds-9500-change-log\/","url":"https:\/\/audiosupport.omsystem.com\/knowledge-base\/change-logs-portable-dictation\/ds-9500-change-log\/","name":"DS-9500 \u00c4nderungsprotokoll - Professioneller Audio-Support","isPartOf":{"@id":"https:\/\/audiosupport.omsystem.com\/en\/#website"},"datePublished":"2022-03-23T17:17:12+00:00","dateModified":"2022-03-23T17:19:04+00:00","breadcrumb":{"@id":"https:\/\/audiosupport.omsystem.com\/knowledge-base\/change-logs-portable-dictation\/ds-9500-change-log\/#breadcrumb"},"inLanguage":"de","potentialAction":[{"@type":"ReadAction","target":["https:\/\/audiosupport.omsystem.com\/knowledge-base\/change-logs-portable-dictation\/ds-9500-change-log\/"]}]},{"@type":"BreadcrumbList","@id":"https:\/\/audiosupport.omsystem.com\/knowledge-base\/change-logs-portable-dictation\/ds-9500-change-log\/#breadcrumb","itemListElement":[{"@type":"ListItem","position":1,"name":"Home","item":"https:\/\/audiosupport.omsystem.com\/"},{"@type":"ListItem","position":2,"name":"Knowledge Base","item":"https:\/\/audiosupport.omsystem.com\/knowledge-base\/"},{"@type":"ListItem","position":3,"name":"Change Logs: Portable Dictation","item":"https:\/\/audiosupport.omsystem.com\/knowledge-base\/change-logs-portable-dictation\/"},{"@type":"ListItem","position":4,"name":"DS-9500 Change Log"}]},{"@type":"WebSite","@id":"https:\/\/audiosupport.omsystem.com\/en\/#website","url":"https:\/\/audiosupport.omsystem.com\/en\/","name":"Professionelle Audiounterst\u00fctzung","description":"OM Digitale L\u00f6sungen","potentialAction":[{"@type":"SearchAction","target":{"@type":"EntryPoint","urlTemplate":"https:\/\/audiosupport.omsystem.com\/en\/?s={search_term_string}"},"query-input":{"@type":"PropertyValueSpecification","valueRequired":true,"valueName":"search_term_string"}}],"inLanguage":"de"}]}},"_links":{"self":[{"href":"https:\/\/audiosupport.omsystem.com\/de\/wp-json\/wp\/v2\/pages\/4360","targetHints":{"allow":["GET"]}}],"collection":[{"href":"https:\/\/audiosupport.omsystem.com\/de\/wp-json\/wp\/v2\/pages"}],"about":[{"href":"https:\/\/audiosupport.omsystem.com\/de\/wp-json\/wp\/v2\/types\/page"}],"author":[{"embeddable":true,"href":"https:\/\/audiosupport.omsystem.com\/de\/wp-json\/wp\/v2\/users\/1"}],"replies":[{"embeddable":true,"href":"https:\/\/audiosupport.omsystem.com\/de\/wp-json\/wp\/v2\/comments?post=4360"}],"version-history":[{"count":1,"href":"https:\/\/audiosupport.omsystem.com\/de\/wp-json\/wp\/v2\/pages\/4360\/revisions"}],"predecessor-version":[{"id":4361,"href":"https:\/\/audiosupport.omsystem.com\/de\/wp-json\/wp\/v2\/pages\/4360\/revisions\/4361"}],"up":[{"embeddable":true,"href":"https:\/\/audiosupport.omsystem.com\/de\/wp-json\/wp\/v2\/pages\/4338"}],"wp:attachment":[{"href":"https:\/\/audiosupport.omsystem.com\/de\/wp-json\/wp\/v2\/media?parent=4360"}],"curies":[{"name":"wp","href":"https:\/\/api.w.org\/{rel}","templated":true}]}}