{"id":23,"date":"2021-11-19T16:15:39","date_gmt":"2021-11-19T16:15:39","guid":{"rendered":"https:\/\/olympus2.gliffen.com\/~opdsupport\/?page_id=23"},"modified":"2026-04-17T10:23:29","modified_gmt":"2026-04-17T10:23:29","slug":"where-to-buy","status":"publish","type":"page","link":"https:\/\/audiosupport.omsystem.com\/de\/where-to-buy\/","title":{"rendered":"H\u00e4ndler finden"},"content":{"rendered":"<p>Seit \u00fcber 50 Jahren ist Olympus ein vertrauensw\u00fcrdiger Partner f\u00fcr medizinische, juristische, finanzielle, staatliche und andere Sektoren und bietet au\u00dfergew\u00f6hnliche professionelle Diktierger\u00e4te, die an Ihre individuellen Bed\u00fcrfnisse angepasst werden k\u00f6nnen und Ihre Arbeitsabl\u00e4ufe effizienter gestalten.<\/p>\n\n\n\n<div class=\"wp-block-buttons is-content-justification-center is-layout-flex wp-container-core-buttons-is-layout-16018d1d wp-block-buttons-is-layout-flex\">\n<div class=\"wp-block-button\"><a class=\"wp-block-button__link wp-element-button\" href=\"https:\/\/dictation.omsystem.com\/en\/dealer\/\">Finde einen H\u00e4ndler<\/a><\/div>\n<\/div>\n\n\n\n<p><\/p>","protected":false},"excerpt":{"rendered":"<p>Seit \u00fcber 50 Jahren ist Olympus ein vertrauensw\u00fcrdiger Partner f\u00fcr medizinische, juristische, finanzielle, staatliche und andere Sektoren und bietet au\u00dfergew\u00f6hnliche professionelle Diktierger\u00e4te, die an Ihre individuellen Bed\u00fcrfnisse angepasst werden k\u00f6nnen und Ihre Arbeitsabl\u00e4ufe effizienter gestalten.<\/p>","protected":false},"author":1,"featured_media":0,"parent":0,"menu_order":0,"comment_status":"closed","ping_status":"closed","template":"","meta":{"ghostkit_customizer_options":"","ghostkit_custom_css":"","ghostkit_custom_js_head":"","ghostkit_custom_js_foot":"","ghostkit_typography":"","footnotes":""},"class_list":["post-23","page","type-page","status-publish","hentry"],"yoast_head":"<!-- This site is optimized with the Yoast SEO plugin v27.4 - https:\/\/yoast.com\/product\/yoast-seo-wordpress\/ -->\n<title>Where to Buy Olympus products - OM systems<\/title>\n<meta name=\"description\" content=\"Learn where to buy Olympus here. We have dealers in Australia, Various parts of Europe, North America and more.\" \/>\n<meta name=\"robots\" content=\"index, follow, max-snippet:-1, max-image-preview:large, max-video-preview:-1\" \/>\n<link rel=\"canonical\" href=\"https:\/\/audiosupport.omsystem.com\/de\/where-to-buy\/\" \/>\n<meta property=\"og:locale\" content=\"de_DE\" \/>\n<meta property=\"og:type\" content=\"article\" \/>\n<meta property=\"og:title\" content=\"Where to Buy Olympus products - OM systems\" \/>\n<meta property=\"og:description\" content=\"Learn where to buy Olympus here. We have dealers in Australia, Various parts of Europe, North America and more.\" \/>\n<meta property=\"og:url\" content=\"https:\/\/audiosupport.omsystem.com\/de\/where-to-buy\/\" \/>\n<meta property=\"og:site_name\" content=\"Professional Audio Support\" \/>\n<meta property=\"article:modified_time\" content=\"2026-04-17T10:23:29+00:00\" \/>\n<meta name=\"twitter:card\" content=\"summary_large_image\" \/>\n<meta name=\"twitter:label1\" content=\"Gesch\u00e4tzte Lesezeit\" \/>\n\t<meta name=\"twitter:data1\" content=\"3\u00a0Minuten\" \/>\n<script type=\"application\/ld+json\" class=\"yoast-schema-graph\">{\"@context\":\"https:\\\/\\\/schema.org\",\"@graph\":[{\"@type\":\"WebPage\",\"@id\":\"https:\\\/\\\/audiosupport.omsystem.com\\\/where-to-buy\\\/\",\"url\":\"https:\\\/\\\/audiosupport.omsystem.com\\\/where-to-buy\\\/\",\"name\":\"Where to Buy Olympus products - OM systems\",\"isPartOf\":{\"@id\":\"https:\\\/\\\/audiosupport.omsystem.com\\\/en\\\/#website\"},\"datePublished\":\"2021-11-19T16:15:39+00:00\",\"dateModified\":\"2026-04-17T10:23:29+00:00\",\"description\":\"Learn where to buy Olympus here. We have dealers in Australia, Various parts of Europe, North America and more.\",\"breadcrumb\":{\"@id\":\"https:\\\/\\\/audiosupport.omsystem.com\\\/where-to-buy\\\/#breadcrumb\"},\"inLanguage\":\"de\",\"potentialAction\":[{\"@type\":\"ReadAction\",\"target\":[\"https:\\\/\\\/audiosupport.omsystem.com\\\/where-to-buy\\\/\"]}]},{\"@type\":\"BreadcrumbList\",\"@id\":\"https:\\\/\\\/audiosupport.omsystem.com\\\/where-to-buy\\\/#breadcrumb\",\"itemListElement\":[{\"@type\":\"ListItem\",\"position\":1,\"name\":\"Home\",\"item\":\"https:\\\/\\\/audiosupport.omsystem.com\\\/\"},{\"@type\":\"ListItem\",\"position\":2,\"name\":\"Where to Buy\"}]},{\"@type\":\"WebSite\",\"@id\":\"https:\\\/\\\/audiosupport.omsystem.com\\\/en\\\/#website\",\"url\":\"https:\\\/\\\/audiosupport.omsystem.com\\\/en\\\/\",\"name\":\"Professional Audio Support\",\"description\":\"OM Digital Solutions\",\"potentialAction\":[{\"@type\":\"SearchAction\",\"target\":{\"@type\":\"EntryPoint\",\"urlTemplate\":\"https:\\\/\\\/audiosupport.omsystem.com\\\/en\\\/?s={search_term_string}\"},\"query-input\":{\"@type\":\"PropertyValueSpecification\",\"valueRequired\":true,\"valueName\":\"search_term_string\"}}],\"inLanguage\":\"de\"}]}<\/script>\n<!-- \/ Yoast SEO plugin. -->","yoast_head_json":{"title":"Bezugsquellen f\u00fcr Olympus-Produkte - OM-Systeme","description":"Erfahren Sie hier, wo Sie Olympus kaufen k\u00f6nnen. Wir haben H\u00e4ndler in Australien, verschiedenen Teilen Europas, Nordamerika und mehr.","robots":{"index":"index","follow":"follow","max-snippet":"max-snippet:-1","max-image-preview":"max-image-preview:large","max-video-preview":"max-video-preview:-1"},"canonical":"https:\/\/audiosupport.omsystem.com\/de\/where-to-buy\/","og_locale":"de_DE","og_type":"article","og_title":"Where to Buy Olympus products - OM systems","og_description":"Learn where to buy Olympus here. We have dealers in Australia, Various parts of Europe, North America and more.","og_url":"https:\/\/audiosupport.omsystem.com\/de\/where-to-buy\/","og_site_name":"Professional Audio Support","article_modified_time":"2026-04-17T10:23:29+00:00","twitter_card":"summary_large_image","twitter_misc":{"Gesch\u00e4tzte Lesezeit":"3\u00a0Minuten"},"schema":{"@context":"https:\/\/schema.org","@graph":[{"@type":"WebPage","@id":"https:\/\/audiosupport.omsystem.com\/where-to-buy\/","url":"https:\/\/audiosupport.omsystem.com\/where-to-buy\/","name":"Bezugsquellen f\u00fcr Olympus-Produkte - OM-Systeme","isPartOf":{"@id":"https:\/\/audiosupport.omsystem.com\/en\/#website"},"datePublished":"2021-11-19T16:15:39+00:00","dateModified":"2026-04-17T10:23:29+00:00","description":"Erfahren Sie hier, wo Sie Olympus kaufen k\u00f6nnen. Wir haben H\u00e4ndler in Australien, verschiedenen Teilen Europas, Nordamerika und mehr.","breadcrumb":{"@id":"https:\/\/audiosupport.omsystem.com\/where-to-buy\/#breadcrumb"},"inLanguage":"de","potentialAction":[{"@type":"ReadAction","target":["https:\/\/audiosupport.omsystem.com\/where-to-buy\/"]}]},{"@type":"BreadcrumbList","@id":"https:\/\/audiosupport.omsystem.com\/where-to-buy\/#breadcrumb","itemListElement":[{"@type":"ListItem","position":1,"name":"Home","item":"https:\/\/audiosupport.omsystem.com\/"},{"@type":"ListItem","position":2,"name":"Where to Buy"}]},{"@type":"WebSite","@id":"https:\/\/audiosupport.omsystem.com\/en\/#website","url":"https:\/\/audiosupport.omsystem.com\/en\/","name":"Professionelle Audiounterst\u00fctzung","description":"OM Digitale L\u00f6sungen","potentialAction":[{"@type":"SearchAction","target":{"@type":"EntryPoint","urlTemplate":"https:\/\/audiosupport.omsystem.com\/en\/?s={search_term_string}"},"query-input":{"@type":"PropertyValueSpecification","valueRequired":true,"valueName":"search_term_string"}}],"inLanguage":"de"}]}},"_links":{"self":[{"href":"https:\/\/audiosupport.omsystem.com\/de\/wp-json\/wp\/v2\/pages\/23","targetHints":{"allow":["GET"]}}],"collection":[{"href":"https:\/\/audiosupport.omsystem.com\/de\/wp-json\/wp\/v2\/pages"}],"about":[{"href":"https:\/\/audiosupport.omsystem.com\/de\/wp-json\/wp\/v2\/types\/page"}],"author":[{"embeddable":true,"href":"https:\/\/audiosupport.omsystem.com\/de\/wp-json\/wp\/v2\/users\/1"}],"replies":[{"embeddable":true,"href":"https:\/\/audiosupport.omsystem.com\/de\/wp-json\/wp\/v2\/comments?post=23"}],"version-history":[{"count":12,"href":"https:\/\/audiosupport.omsystem.com\/de\/wp-json\/wp\/v2\/pages\/23\/revisions"}],"predecessor-version":[{"id":6556,"href":"https:\/\/audiosupport.omsystem.com\/de\/wp-json\/wp\/v2\/pages\/23\/revisions\/6556"}],"wp:attachment":[{"href":"https:\/\/audiosupport.omsystem.com\/de\/wp-json\/wp\/v2\/media?parent=23"}],"curies":[{"name":"wp","href":"https:\/\/api.w.org\/{rel}","templated":true}]}}