{"id":21,"date":"2021-11-19T16:15:06","date_gmt":"2021-11-19T16:15:06","guid":{"rendered":"https:\/\/olympus2.gliffen.com\/~opdsupport\/?page_id=21"},"modified":"2025-08-29T13:43:11","modified_gmt":"2025-08-29T13:43:11","slug":"support","status":"publish","type":"page","link":"https:\/\/audiosupport.omsystem.com\/de\/support\/","title":{"rendered":"Kundenservice"},"content":{"rendered":"<div class=\"ghostkit-grid ghostkit-grid-gap-sm ghostkit-custom-Z1ifJdj\"><div class=\"ghostkit-grid-inner\">\n<div class=\"ghostkit-col ghostkit-col-md-12 ghostkit-col-6 ghostkit-has-frame ghostkit-custom-ZynF7z\"><div class=\"ghostkit-col-content is-layout-flow wp-block-ghostkit-grid-column-is-layout-flow\">\n<h2 class=\"wp-block-heading has-text-align-center\" id=\"contact-support\"><strong>Kontaktieren Sie den Support<\/strong><\/h2>\n\n\n\n<p class=\"has-text-align-center\">Ben\u00f6tigen Sie weitere Unterst\u00fctzung? Das OM Digital Solutions-Supportteam hilft Ihnen gerne weiter. Klicken Sie auf den untenstehenden Link, um ein Supportticket zu erstellen.<\/p>\n\n\n\n<div class=\"ghostkit-button-wrapper ghostkit-button-wrapper-gap-sm ghostkit-button-wrapper-align-center ghostkit-custom-ZxfGhj\"><div class=\"ghostkit-button-wrapper-inner\">\n<a class=\"ghostkit-button ghostkit-button-sm ghostkit-custom-FqnMi\" href=\"https:\/\/audiopro-support.explore.omsystem.com\/hc\/en-us\/requests\/new\"><span class=\"ghostkit-button-text\">\u00d6ffnen Sie eine Support-Anfrage<\/span><\/a>\n<\/div><\/div>\n<\/div><\/div>\n\n\n\n<div class=\"ghostkit-col ghostkit-col-md-12 ghostkit-col-6 ghostkit-has-frame ghostkit-custom-ZkOMSA\"><div class=\"ghostkit-col-content is-layout-flow wp-block-ghostkit-grid-column-is-layout-flow\">\n<h2 class=\"wp-block-heading has-text-align-center\" id=\"knowledge-base\"><strong>Wissensbasis<\/strong><\/h2>\n\n\n\n<p class=\"has-text-align-center\">Suchen Sie nach FAQs und Produktinformationen? Unsere Wissensdatenbank wird st\u00e4ndig aktualisiert und ist ein gro\u00dfartiger Ort, um nach L\u00f6sungen zu suchen.<\/p>\n\n\n\n<div class=\"ghostkit-button-wrapper ghostkit-button-wrapper-gap-sm ghostkit-button-wrapper-align-center ghostkit-custom-azjW9\"><div class=\"ghostkit-button-wrapper-inner\">\n<a class=\"ghostkit-button ghostkit-button-sm ghostkit-custom-ZKQW5R\" href=\"https:\/\/audiosupport.omsystem.com\/de\/knowledge-base\/\"><span class=\"ghostkit-button-text\">Durchsuchen Sie die Wissensdatenbank<\/span><\/a>\n<\/div><\/div>\n<\/div><\/div>\n\n\n\n<div class=\"ghostkit-col ghostkit-col-md-12 ghostkit-col-6 ghostkit-has-frame ghostkit-custom-1W6oCm\"><div class=\"ghostkit-col-content is-layout-flow wp-block-ghostkit-grid-column-is-layout-flow\">\n<h2 class=\"wp-block-heading has-text-align-center\" id=\"repair-services\"><strong>Reparaturdienste<\/strong><\/h2>\n\n\n\n<p class=\"has-text-align-center\">Ben\u00f6tigen Sie Reparaturen oder Wartungen f\u00fcr Ihr OM SYSTEM \/ Olympus-Produkt? Kein Problem, beginnen Sie hier mit einer Reparaturanfrage.<\/p>\n\n\n\n<div class=\"ghostkit-button-wrapper ghostkit-button-wrapper-gap-sm ghostkit-button-wrapper-align-center ghostkit-custom-Z1zVXfp\"><div class=\"ghostkit-button-wrapper-inner\">\n<a class=\"ghostkit-button ghostkit-button-sm ghostkit-custom-Z2594uM\" href=\"https:\/\/audiosupport.omsystem.com\/de\/support\/repair-services\/\"><span class=\"ghostkit-button-text\">\u00d6ffnen Sie eine Reparaturanfrage<\/span><\/a>\n<\/div><\/div>\n<\/div><\/div>\n\n\n\n<div class=\"ghostkit-col ghostkit-col-md-12 ghostkit-col-6 ghostkit-has-frame ghostkit-custom-Zudsi9\"><div class=\"ghostkit-col-content is-layout-flow wp-block-ghostkit-grid-column-is-layout-flow\">\n<h2 class=\"wp-block-heading has-text-align-center\" id=\"dealer-support\"><strong>H\u00e4ndlerunterst\u00fctzung<\/strong><\/h2>\n\n\n\n<p class=\"has-text-align-center\">Sind Sie ein OM Digital Solutions-H\u00e4ndler? Klicken Sie unten, um auf das H\u00e4ndlerportal mit Support- und Marketingmaterialien zuzugreifen.<\/p>\n\n\n\n<div class=\"ghostkit-button-wrapper ghostkit-button-wrapper-gap-sm ghostkit-button-wrapper-align-center ghostkit-custom-MCHav\"><div class=\"ghostkit-button-wrapper-inner\">\n<a class=\"ghostkit-button ghostkit-button-sm ghostkit-custom-Z27APP2\" href=\"https:\/\/audiopartner.omsystem.com\/en\/\"><span class=\"ghostkit-button-text\">Greifen Sie auf das H\u00e4ndlerportal zu<\/span><\/a>\n<\/div><\/div>\n<\/div><\/div>\n<\/div><\/div>\n\n\n\n<p><\/p>","protected":false},"excerpt":{"rendered":"","protected":false},"author":1,"featured_media":0,"parent":0,"menu_order":0,"comment_status":"closed","ping_status":"closed","template":"","meta":{"ghostkit_customizer_options":"","ghostkit_custom_css":"","ghostkit_custom_js_head":"","ghostkit_custom_js_foot":"","ghostkit_typography":"","footnotes":""},"class_list":["post-21","page","type-page","status-publish","hentry"],"yoast_head":"<!-- This site is optimized with the Yoast SEO plugin v27.4 - https:\/\/yoast.com\/product\/yoast-seo-wordpress\/ -->\n<title>Olympus Support - OM Systems<\/title>\n<meta name=\"description\" content=\"We provide every form of support you need. If you require any form of assistance with any Olympus product please contact us\" \/>\n<meta name=\"robots\" content=\"index, follow, max-snippet:-1, max-image-preview:large, max-video-preview:-1\" \/>\n<link rel=\"canonical\" href=\"https:\/\/audiosupport.omsystem.com\/de\/support\/\" \/>\n<meta property=\"og:locale\" content=\"de_DE\" \/>\n<meta property=\"og:type\" content=\"article\" \/>\n<meta property=\"og:title\" content=\"Olympus Support - OM Systems\" \/>\n<meta property=\"og:description\" content=\"We provide every form of support you need. If you require any form of assistance with any Olympus product please contact us\" \/>\n<meta property=\"og:url\" content=\"https:\/\/audiosupport.omsystem.com\/de\/support\/\" \/>\n<meta property=\"og:site_name\" content=\"Professional Audio Support\" \/>\n<meta property=\"article:modified_time\" content=\"2025-08-29T13:43:11+00:00\" \/>\n<meta name=\"twitter:card\" content=\"summary_large_image\" \/>\n<meta name=\"twitter:label1\" content=\"Gesch\u00e4tzte Lesezeit\" \/>\n\t<meta name=\"twitter:data1\" content=\"1\u00a0Minute\" \/>\n<script type=\"application\/ld+json\" class=\"yoast-schema-graph\">{\"@context\":\"https:\\\/\\\/schema.org\",\"@graph\":[{\"@type\":\"WebPage\",\"@id\":\"https:\\\/\\\/audiosupport.omsystem.com\\\/support\\\/\",\"url\":\"https:\\\/\\\/audiosupport.omsystem.com\\\/support\\\/\",\"name\":\"Olympus Support - OM Systems\",\"isPartOf\":{\"@id\":\"https:\\\/\\\/audiosupport.omsystem.com\\\/en\\\/#website\"},\"datePublished\":\"2021-11-19T16:15:06+00:00\",\"dateModified\":\"2025-08-29T13:43:11+00:00\",\"description\":\"We provide every form of support you need. If you require any form of assistance with any Olympus product please contact us\",\"breadcrumb\":{\"@id\":\"https:\\\/\\\/audiosupport.omsystem.com\\\/support\\\/#breadcrumb\"},\"inLanguage\":\"de\",\"potentialAction\":[{\"@type\":\"ReadAction\",\"target\":[\"https:\\\/\\\/audiosupport.omsystem.com\\\/support\\\/\"]}]},{\"@type\":\"BreadcrumbList\",\"@id\":\"https:\\\/\\\/audiosupport.omsystem.com\\\/support\\\/#breadcrumb\",\"itemListElement\":[{\"@type\":\"ListItem\",\"position\":1,\"name\":\"Home\",\"item\":\"https:\\\/\\\/audiosupport.omsystem.com\\\/\"},{\"@type\":\"ListItem\",\"position\":2,\"name\":\"Support\"}]},{\"@type\":\"WebSite\",\"@id\":\"https:\\\/\\\/audiosupport.omsystem.com\\\/en\\\/#website\",\"url\":\"https:\\\/\\\/audiosupport.omsystem.com\\\/en\\\/\",\"name\":\"Professional Audio Support\",\"description\":\"OM Digital Solutions\",\"potentialAction\":[{\"@type\":\"SearchAction\",\"target\":{\"@type\":\"EntryPoint\",\"urlTemplate\":\"https:\\\/\\\/audiosupport.omsystem.com\\\/en\\\/?s={search_term_string}\"},\"query-input\":{\"@type\":\"PropertyValueSpecification\",\"valueRequired\":true,\"valueName\":\"search_term_string\"}}],\"inLanguage\":\"de\"}]}<\/script>\n<!-- \/ Yoast SEO plugin. -->","yoast_head_json":{"title":"Olympus-Unterst\u00fctzung \u2013 OM Systems","description":"Wir bieten Ihnen jede Form von Support, die Sie ben\u00f6tigen. Wenn Sie Hilfe zu einem Olympus-Produkt ben\u00f6tigen, kontaktieren Sie uns bitte.","robots":{"index":"index","follow":"follow","max-snippet":"max-snippet:-1","max-image-preview":"max-image-preview:large","max-video-preview":"max-video-preview:-1"},"canonical":"https:\/\/audiosupport.omsystem.com\/de\/support\/","og_locale":"de_DE","og_type":"article","og_title":"Olympus Support - OM Systems","og_description":"We provide every form of support you need. If you require any form of assistance with any Olympus product please contact us","og_url":"https:\/\/audiosupport.omsystem.com\/de\/support\/","og_site_name":"Professional Audio Support","article_modified_time":"2025-08-29T13:43:11+00:00","twitter_card":"summary_large_image","twitter_misc":{"Gesch\u00e4tzte Lesezeit":"1\u00a0Minute"},"schema":{"@context":"https:\/\/schema.org","@graph":[{"@type":"WebPage","@id":"https:\/\/audiosupport.omsystem.com\/support\/","url":"https:\/\/audiosupport.omsystem.com\/support\/","name":"Olympus-Unterst\u00fctzung \u2013 OM Systems","isPartOf":{"@id":"https:\/\/audiosupport.omsystem.com\/en\/#website"},"datePublished":"2021-11-19T16:15:06+00:00","dateModified":"2025-08-29T13:43:11+00:00","description":"Wir bieten Ihnen jede Form von Support, die Sie ben\u00f6tigen. Wenn Sie Hilfe zu einem Olympus-Produkt ben\u00f6tigen, kontaktieren Sie uns bitte.","breadcrumb":{"@id":"https:\/\/audiosupport.omsystem.com\/support\/#breadcrumb"},"inLanguage":"de","potentialAction":[{"@type":"ReadAction","target":["https:\/\/audiosupport.omsystem.com\/support\/"]}]},{"@type":"BreadcrumbList","@id":"https:\/\/audiosupport.omsystem.com\/support\/#breadcrumb","itemListElement":[{"@type":"ListItem","position":1,"name":"Home","item":"https:\/\/audiosupport.omsystem.com\/"},{"@type":"ListItem","position":2,"name":"Support"}]},{"@type":"WebSite","@id":"https:\/\/audiosupport.omsystem.com\/en\/#website","url":"https:\/\/audiosupport.omsystem.com\/en\/","name":"Professionelle Audiounterst\u00fctzung","description":"OM Digitale L\u00f6sungen","potentialAction":[{"@type":"SearchAction","target":{"@type":"EntryPoint","urlTemplate":"https:\/\/audiosupport.omsystem.com\/en\/?s={search_term_string}"},"query-input":{"@type":"PropertyValueSpecification","valueRequired":true,"valueName":"search_term_string"}}],"inLanguage":"de"}]}},"_links":{"self":[{"href":"https:\/\/audiosupport.omsystem.com\/de\/wp-json\/wp\/v2\/pages\/21","targetHints":{"allow":["GET"]}}],"collection":[{"href":"https:\/\/audiosupport.omsystem.com\/de\/wp-json\/wp\/v2\/pages"}],"about":[{"href":"https:\/\/audiosupport.omsystem.com\/de\/wp-json\/wp\/v2\/types\/page"}],"author":[{"embeddable":true,"href":"https:\/\/audiosupport.omsystem.com\/de\/wp-json\/wp\/v2\/users\/1"}],"replies":[{"embeddable":true,"href":"https:\/\/audiosupport.omsystem.com\/de\/wp-json\/wp\/v2\/comments?post=21"}],"version-history":[{"count":12,"href":"https:\/\/audiosupport.omsystem.com\/de\/wp-json\/wp\/v2\/pages\/21\/revisions"}],"predecessor-version":[{"id":6443,"href":"https:\/\/audiosupport.omsystem.com\/de\/wp-json\/wp\/v2\/pages\/21\/revisions\/6443"}],"wp:attachment":[{"href":"https:\/\/audiosupport.omsystem.com\/de\/wp-json\/wp\/v2\/media?parent=21"}],"curies":[{"name":"wp","href":"https:\/\/api.w.org\/{rel}","templated":true}]}}