{"id":171,"date":"2021-11-30T22:16:21","date_gmt":"2021-11-30T22:16:21","guid":{"rendered":"https:\/\/olympus2.gliffen.com\/~opdsupport\/?page_id=171"},"modified":"2025-06-04T13:27:20","modified_gmt":"2025-06-04T13:27:20","slug":"contact-support","status":"publish","type":"page","link":"https:\/\/audiosupport.omsystem.com\/de\/support\/contact-support\/","title":{"rendered":"Kontaktieren Sie den Support"},"content":{"rendered":"<p><a class=\"ghostkit-button ghostkit-button-sm ghostkit-custom-FqnMi\" href=\"https:\/\/audiopro-support.explore.omsystem.com\/hc\/en-us\/requests\/new\"><span class=\"ghostkit-button-text\">\u00d6ffnen Sie eine Support-Anfrage<\/span><\/a><\/p>","protected":false},"excerpt":{"rendered":"<p>\u00d6ffnen Sie eine Support-Anfrage<\/p>","protected":false},"author":1,"featured_media":0,"parent":21,"menu_order":0,"comment_status":"closed","ping_status":"closed","template":"","meta":{"ghostkit_customizer_options":"","ghostkit_custom_css":"","ghostkit_custom_js_head":"","ghostkit_custom_js_foot":"","ghostkit_typography":"","footnotes":""},"class_list":["post-171","page","type-page","status-publish","hentry"],"yoast_head":"<!-- This site is optimized with the Yoast SEO plugin v27.3 - https:\/\/yoast.com\/product\/yoast-seo-wordpress\/ -->\n<title>Contact Support - Olympus OM systems<\/title>\n<meta name=\"description\" content=\"Olympus is here to provide assistance when you need it. Fill out our Contact Support and someone from our team will assist you.\" \/>\n<meta name=\"robots\" content=\"index, follow, max-snippet:-1, max-image-preview:large, max-video-preview:-1\" \/>\n<link rel=\"canonical\" href=\"https:\/\/audiosupport.omsystem.com\/de\/support\/contact-support\/\" \/>\n<meta property=\"og:locale\" content=\"de_DE\" \/>\n<meta property=\"og:type\" content=\"article\" \/>\n<meta property=\"og:title\" content=\"Contact Support - Olympus OM systems\" \/>\n<meta property=\"og:description\" content=\"Olympus is here to provide assistance when you need it. Fill out our Contact Support and someone from our team will assist you.\" \/>\n<meta property=\"og:url\" content=\"https:\/\/audiosupport.omsystem.com\/de\/support\/contact-support\/\" \/>\n<meta property=\"og:site_name\" content=\"Professional Audio Support\" \/>\n<meta property=\"article:modified_time\" content=\"2025-06-04T13:27:20+00:00\" \/>\n<meta name=\"twitter:card\" content=\"summary_large_image\" \/>\n<meta name=\"twitter:label1\" content=\"Gesch\u00e4tzte Lesezeit\" \/>\n\t<meta name=\"twitter:data1\" content=\"1\u00a0Minute\" \/>\n<script type=\"application\/ld+json\" class=\"yoast-schema-graph\">{\"@context\":\"https:\\\/\\\/schema.org\",\"@graph\":[{\"@type\":\"WebPage\",\"@id\":\"https:\\\/\\\/audiosupport.omsystem.com\\\/support\\\/contact-support\\\/\",\"url\":\"https:\\\/\\\/audiosupport.omsystem.com\\\/support\\\/contact-support\\\/\",\"name\":\"Contact Support - Olympus OM systems\",\"isPartOf\":{\"@id\":\"https:\\\/\\\/audiosupport.omsystem.com\\\/en\\\/#website\"},\"datePublished\":\"2021-11-30T22:16:21+00:00\",\"dateModified\":\"2025-06-04T13:27:20+00:00\",\"description\":\"Olympus is here to provide assistance when you need it. Fill out our Contact Support and someone from our team will assist you.\",\"breadcrumb\":{\"@id\":\"https:\\\/\\\/audiosupport.omsystem.com\\\/support\\\/contact-support\\\/#breadcrumb\"},\"inLanguage\":\"de\",\"potentialAction\":[{\"@type\":\"ReadAction\",\"target\":[\"https:\\\/\\\/audiosupport.omsystem.com\\\/support\\\/contact-support\\\/\"]}]},{\"@type\":\"BreadcrumbList\",\"@id\":\"https:\\\/\\\/audiosupport.omsystem.com\\\/support\\\/contact-support\\\/#breadcrumb\",\"itemListElement\":[{\"@type\":\"ListItem\",\"position\":1,\"name\":\"Home\",\"item\":\"https:\\\/\\\/audiosupport.omsystem.com\\\/\"},{\"@type\":\"ListItem\",\"position\":2,\"name\":\"Support\",\"item\":\"https:\\\/\\\/audiosupport.omsystem.com\\\/support\\\/\"},{\"@type\":\"ListItem\",\"position\":3,\"name\":\"Contact Support\"}]},{\"@type\":\"WebSite\",\"@id\":\"https:\\\/\\\/audiosupport.omsystem.com\\\/en\\\/#website\",\"url\":\"https:\\\/\\\/audiosupport.omsystem.com\\\/en\\\/\",\"name\":\"Professional Audio Support\",\"description\":\"OM Digital Solutions\",\"potentialAction\":[{\"@type\":\"SearchAction\",\"target\":{\"@type\":\"EntryPoint\",\"urlTemplate\":\"https:\\\/\\\/audiosupport.omsystem.com\\\/en\\\/?s={search_term_string}\"},\"query-input\":{\"@type\":\"PropertyValueSpecification\",\"valueRequired\":true,\"valueName\":\"search_term_string\"}}],\"inLanguage\":\"de\"}]}<\/script>\n<!-- \/ Yoast SEO plugin. -->","yoast_head_json":{"title":"Kontaktieren Sie den Support \u2013 Olympus OM-Systeme","description":"Olympus unterst\u00fctzt Sie gerne, wenn Sie Hilfe ben\u00f6tigen. F\u00fcllen Sie unser Kontaktformular aus, und unser Team hilft Ihnen gerne weiter.","robots":{"index":"index","follow":"follow","max-snippet":"max-snippet:-1","max-image-preview":"max-image-preview:large","max-video-preview":"max-video-preview:-1"},"canonical":"https:\/\/audiosupport.omsystem.com\/de\/support\/contact-support\/","og_locale":"de_DE","og_type":"article","og_title":"Contact Support - Olympus OM systems","og_description":"Olympus is here to provide assistance when you need it. Fill out our Contact Support and someone from our team will assist you.","og_url":"https:\/\/audiosupport.omsystem.com\/de\/support\/contact-support\/","og_site_name":"Professional Audio Support","article_modified_time":"2025-06-04T13:27:20+00:00","twitter_card":"summary_large_image","twitter_misc":{"Gesch\u00e4tzte Lesezeit":"1\u00a0Minute"},"schema":{"@context":"https:\/\/schema.org","@graph":[{"@type":"WebPage","@id":"https:\/\/audiosupport.omsystem.com\/support\/contact-support\/","url":"https:\/\/audiosupport.omsystem.com\/support\/contact-support\/","name":"Kontaktieren Sie den Support \u2013 Olympus OM-Systeme","isPartOf":{"@id":"https:\/\/audiosupport.omsystem.com\/en\/#website"},"datePublished":"2021-11-30T22:16:21+00:00","dateModified":"2025-06-04T13:27:20+00:00","description":"Olympus unterst\u00fctzt Sie gerne, wenn Sie Hilfe ben\u00f6tigen. F\u00fcllen Sie unser Kontaktformular aus, und unser Team hilft Ihnen gerne weiter.","breadcrumb":{"@id":"https:\/\/audiosupport.omsystem.com\/support\/contact-support\/#breadcrumb"},"inLanguage":"de","potentialAction":[{"@type":"ReadAction","target":["https:\/\/audiosupport.omsystem.com\/support\/contact-support\/"]}]},{"@type":"BreadcrumbList","@id":"https:\/\/audiosupport.omsystem.com\/support\/contact-support\/#breadcrumb","itemListElement":[{"@type":"ListItem","position":1,"name":"Home","item":"https:\/\/audiosupport.omsystem.com\/"},{"@type":"ListItem","position":2,"name":"Support","item":"https:\/\/audiosupport.omsystem.com\/support\/"},{"@type":"ListItem","position":3,"name":"Contact Support"}]},{"@type":"WebSite","@id":"https:\/\/audiosupport.omsystem.com\/en\/#website","url":"https:\/\/audiosupport.omsystem.com\/en\/","name":"Professionelle Audiounterst\u00fctzung","description":"OM Digitale L\u00f6sungen","potentialAction":[{"@type":"SearchAction","target":{"@type":"EntryPoint","urlTemplate":"https:\/\/audiosupport.omsystem.com\/en\/?s={search_term_string}"},"query-input":{"@type":"PropertyValueSpecification","valueRequired":true,"valueName":"search_term_string"}}],"inLanguage":"de"}]}},"_links":{"self":[{"href":"https:\/\/audiosupport.omsystem.com\/de\/wp-json\/wp\/v2\/pages\/171","targetHints":{"allow":["GET"]}}],"collection":[{"href":"https:\/\/audiosupport.omsystem.com\/de\/wp-json\/wp\/v2\/pages"}],"about":[{"href":"https:\/\/audiosupport.omsystem.com\/de\/wp-json\/wp\/v2\/types\/page"}],"author":[{"embeddable":true,"href":"https:\/\/audiosupport.omsystem.com\/de\/wp-json\/wp\/v2\/users\/1"}],"replies":[{"embeddable":true,"href":"https:\/\/audiosupport.omsystem.com\/de\/wp-json\/wp\/v2\/comments?post=171"}],"version-history":[{"count":7,"href":"https:\/\/audiosupport.omsystem.com\/de\/wp-json\/wp\/v2\/pages\/171\/revisions"}],"predecessor-version":[{"id":6308,"href":"https:\/\/audiosupport.omsystem.com\/de\/wp-json\/wp\/v2\/pages\/171\/revisions\/6308"}],"up":[{"embeddable":true,"href":"https:\/\/audiosupport.omsystem.com\/de\/wp-json\/wp\/v2\/pages\/21"}],"wp:attachment":[{"href":"https:\/\/audiosupport.omsystem.com\/de\/wp-json\/wp\/v2\/media?parent=171"}],"curies":[{"name":"wp","href":"https:\/\/api.w.org\/{rel}","templated":true}]}}